{"id":2940,"date":"2025-09-16T08:55:29","date_gmt":"2025-09-16T08:55:29","guid":{"rendered":"https:\/\/chemsfine.com\/newsite\/?post_type=product&#038;p=2940"},"modified":"2025-09-26T08:49:19","modified_gmt":"2025-09-26T08:49:19","slug":"kjop-xanax-pa-nett","status":"publish","type":"product","link":"https:\/\/buy-prescriptionz.com\/nb\/produkt\/kjop-xanax-pa-nett\/","title":{"rendered":"Kj\u00f8p Xanax p\u00e5 nett"},"content":{"rendered":"<div class=\"vc_row wpb_row vc_row-fluid\">\n<div class=\"wpb_column vc_column_container vc_col-sm-12\">\n<div class=\"vc_column-inner vc_custom_1532673109552\">\n<div class=\"wpb_wrapper\">\n<div class=\"wpb_text_column wpb_content_element vc_custom_1535203772017\">\n<div class=\"wpb_wrapper\">\n<h2>Kj\u00f8p Xanax p\u00e5 nett<\/h2>\n<p>buy-prescriptionz.com er et godkjent Xanax nettapotek hvor folk kan kj\u00f8pe Xanax p\u00e5 nett til sv\u00e6rt rimelige priser uten resept, og de kan f\u00e5 tak i pakken sin innen 8\u201315 virkedager. Vi selger ikke bare merkevaren og den generiske formen av legemidlet, men gir ogs\u00e5 detaljert informasjon om medisinene og deres virkem\u00e5te, samt effekten av legemidlet. \u00c5 velge det beste stedet \u00e5 kj\u00f8pe Xanax p\u00e5 nett er en vanskelig oppgave. Heldigvis har du allerede gjort den delen av arbeidet, og alt du trenger \u00e5 gj\u00f8re er \u00e5 bare klikke p\u00e5 \u00abKj\u00f8p n\u00e5\u00bb-knappen og f\u00f8lge prosedyrene p\u00e5 vei til betaling.<\/p>\n<p><strong>Hva er Xanax?<\/strong><\/p>\n<p>Xanax er en medisin som tas for \u00e5 behandle ulike plager som panikklidelser, angstlidelse og angst for\u00e5rsaket av depresjon.<a href=\"https:\/\/www.medicinenet.com\/alprazolam-oral\/article.htm\">Source<\/a>]. Den aktive ingrediensen i denne medisinen er kjent som Alprazolam. Den er ogs\u00e5 tilgjengelig i andre merkenavn som Niravam, og den er tilgjengelig i b\u00e5de kapsler med umiddelbar og forlenget frigivelse. Medisinen er ogs\u00e5 tilgjengelig i forskjellige doseringsstyrker, og dette er grunnen til at folk kj\u00f8per Xanax p\u00e5 nett fra buypainkillers.net basert p\u00e5 deres behov.<\/p>\n<p><strong>Hva er bruken av Xanax?<\/strong><\/p>\n<p>Siden oppdagelsen i 1981 har bruken av Xanax-medisiner v\u00e6rt omfattende. Det brukes av folk for \u00e5 komme seg ut av overdreven angst. Litt angst er veldig viktig i livet, da det hjelper oss \u00e5 ta riktige avgj\u00f8relser. Men n\u00e5r kroppen fortsatt er i denne fasen, er det et problem. Du kan lide av forskjellige helseproblemer hvis det skjer. Men n\u00e5r Xanax tas, er det ingen sjanse for at du opplever disse i kroppen din. Noen mennesker vil \u00f8delegge livene sine p\u00e5 grunn av overdreven angstlidelse, men etter inntak av medisinen vil symptomene dine forsvinne veldig raskt. R\u00e5df\u00f8r deg med helsepersonell om generell bruk av Xanax f\u00f8r du tar det.<\/p>\n<p><strong>Hvem produserer Xanax?<\/strong><\/p>\n<p>Denne medisinen ble f\u00f8rst produsert av Upjohn i 1981. Dette selskapet er n\u00e5 under Pfizer. Det finnes en rekke generiske legemidler i verden som n\u00e5 produserer Xanax-medisiner. Noen av dem er APOTEX INC, NATCO PHARMA LTD, ACTAVIS ELIZABETH og DAVA INTL INC.[Kilde] Du m\u00e5 sjekke om det valgte legemidlet er godkjent eller ikke. \u00c5rsaken er at det finnes en rekke selskaper som produserer forfalskede legemidler der ute, og de driver virksomheten uten \u00e5 ha lisens. \u00c5 fylle ut resepten din og f\u00e5 medisinen fra disse stedene er fullstendig risikabelt, og medisinen vil v\u00e6re forfalsket. Xanax 1 mg er en vanlig foreskrevet medisin som brukes til \u00e5 behandle angstlidelser og panikkanfall. Det tilh\u00f8rer en klasse legemidler kalt benzodiazepiner, som virker ved \u00e5 forsterke effekten av en nevrotransmitter i hjernen for \u00e5 gi en beroligende effekt.<\/p>\n<h3>Fordeler med Xanax 1 mg:<\/h3>\n<ol>\n<li>Angstlindring: Xanax 1 mg reduserer effektivt f\u00f8lelser av angst og nerv\u00f8sitet, og hjelper enkeltpersoner med \u00e5 h\u00e5ndtere symptomene sine bedre.<\/li>\n<li>Kontroll av panikkanfall: Det hjelper med \u00e5 kontrollere og forebygge panikkanfall, og gir rask lindring under episoder med intens frykt eller ubehag.<\/li>\n<li>Forbedret s\u00f8vn: Noen brukere opplever at Xanax hjelper dem \u00e5 sove bedre ved \u00e5 redusere angst om natten og fremme avslapning.<\/li>\n<li>Muskelavslapning: Det kan ogs\u00e5 ha en muskelavslappende effekt, noe som kan v\u00e6re gunstig for de som opplever spenningsrelaterte symptomer.<\/li>\n<\/ol>\n<h3>Bruk<\/h3>\n<p>Xanax 1 mg tas vanligvis oralt som foreskrevet av helsepersonell. Det er viktig \u00e5 f\u00f8lge doseringsinstruksjonene n\u00f8ye for \u00e5 oppn\u00e5 optimale resultater uten \u00e5 \u00f8ke risikoen for bivirkninger.<\/p>\n<h3>Anbefalt dose<\/h3>\n<p>Vanlig startdose for angst er 0,25\u20130,5 mg tatt tre ganger daglig. Dosen kan \u00f8kes gradvis ved behov og tolereres, men under medisinsk tilsyn p\u00e5 grunn av potensialet for avhengighet. Xanax 1 mg er et verdifullt alternativ for \u00e5 h\u00e5ndtere angst- og panikklidelser p\u00e5 grunn av dets effektivitet i \u00e5 gi rask lindring og fremme avslapning. Det b\u00f8r imidlertid brukes ansvarlig under medisinsk veiledning for \u00e5 minimere risikoen forbundet med avhengighet. For \u00e5 kj\u00f8pe Xanax 1 mg p\u00e5 nett trygt og enkelt, bes\u00f8k [siden\/web ... <strong>beste apotekbutikk<\/strong> online at <a href=\"https:\/\/buy-prescriptionz.com\/nb\/\">buy-prescriptionz.com<\/a>.<\/p>\n<p><strong>Kan man bruke Xanax mot angst?<\/strong><\/p>\n<p>N\u00e5r Xanax-piller tas, vil det f\u00f8re til visse endringer i sentralnervesystemet. Grunnen til at en person er engstelig, skyldes de kjemiske endringene i hjernen. N\u00e5r Alprazolam begynner \u00e5 virke, vil det omdanne de ubalanserte kjemikaliene til balanserte. S\u00e5 alle angstsymptomer som er personlige erfaringer, vil forsvinne etter at de har tatt denne medisinen. Det finnes ulike typer angstlidelser som folk opplever. Dette kan v\u00e6re generalisert angstlidelse, sosial angstlidelse eller posttraumatisk stresslidelse. Det anbefales \u00e5 ha en konsultasjon med legen din f\u00f8r du bruker Xanax mot angst.<\/p>\n<p><strong>Kan man ta Xanax for \u00e5 sove?<\/strong><\/p>\n<p>Personer med angstlidelse vil ikke kunne sove ordentlig. De vil v\u00e6re veldig engstelige fordi det ikke lar deg sove. Mens du tar Xanax, kan du bli kvitt angsten, slik at kroppen din blir satt i en avslappet tilstand. Det er viktig at du er avslappet for \u00e5 f\u00e5 litt s\u00f8vn. N\u00e5r kroppen din er i denne tilstanden, er det stor sjanse for at s\u00f8vnkvaliteten din forbedres i stor grad. Du m\u00e5 vite at du ikke skal ta Xanax hvis du ikke klarer \u00e5 sove ordentlig. Denne medisinen er ikke for personer med s\u00f8vnproblemer. Imidlertid er de som lider av angstproblemer som igjen for\u00e5rsaker s\u00f8vnproblemer, l\u00f8st med Xanax-piller. Det er viktig \u00e5 konsultere helsepersonell hver gang f\u00f8r du starter behandling med Xanax-medisinen.<\/p>\n<p><strong>Xanax 1 mg for barn for behandling av angst<\/strong><\/p>\n<p>Helsepersonell anbefaler en maksimal dose av Xanax p\u00e5 1 mg for \u00e5 behandle angst hos barn.[Kilde] Medisinen m\u00e5 tas av barn n\u00e5r behovet for medisin er h\u00f8yt. For stressrelatert angst som er for\u00e5rsaket av eksamener, kan barn bruke 0,25 mg piller for \u00e5 overvinne lidelsen. Noen ganger kan dosen \u00f8kes opp til 1 mg for \u00e5 behandle angst, men dette skjer bare i sjeldne, uunng\u00e5elige situasjoner. Behandlingsprosessen b\u00f8r v\u00e6re kortvarig, ellers kan det f\u00f8re til avhengighet av medisinen. Vanlig bruk av medisinen kan for\u00e5rsake hukommelsestap, og noen ganger p\u00e5virker det s\u00f8vnighet, s\u00e5 s\u00f8k alltid r\u00e5d fra legen din f\u00f8r du gir Xanax til barn for \u00e5 unng\u00e5 u\u00f8nskede bivirkninger fra medisinen.<\/p>\n<p><strong>Xanax 2 mg for umiddelbar lindring av panikklidelse<\/strong><\/p>\n<p>Vanligvis foreskrives en dose p\u00e5 1 mg av legemidlet for panikklidelse, men i enhver uunng\u00e5elig situasjon anbefaler leger Xanax 2 mg-bar for \u00e5 kontrollere panikklidelsen umiddelbart. Selv om det ikke er aktuelt for de fleste pasienter, fordi det kan f\u00f8re til avhengighet, samt risikere at de f\u00f8ler seg h\u00f8ye p\u00e5 grunn av den h\u00f8ye dosen. Derfor b\u00f8r du ta 2 mg-legemidlet under oppsyn av legen din.<\/p>\n<p><strong>Hvor mye anbefales Xanax-dose for separasjonsangstlidelse?<\/strong><\/p>\n<p>Separasjonsangst rammer vanligvis barn, og i noen sjeldne tilfeller ogs\u00e5 alderdom. Det oppst\u00e5r hovedsakelig n\u00e5r personen plutselig isoleres fra sine kj\u00e6re. I starten begynner fagfolk med lavere doser p\u00e5 0,25 og 0,5 mg; dette er effektivt for \u00e5 behandle separasjonsforstyrrelse. I noen sjeldne tilfeller \u00f8ker de opp til Xanax 1 mg for \u00e5 kurere plagen.<\/p>\n<p><strong>Xanax dosering for \u00e5 behandle s\u00f8vnl\u00f8shet<\/strong><\/p>\n<p>Hvis du lider av s\u00f8vnl\u00f8shet, er ekte Xanax-medisiner det beste alternativet for \u00e5 overvinne lidelsen. Pillest\u00f8rrelsene kan variere avhengig av kj\u00f8nn og helsetilstand. Vanligvis anbefales en dosering p\u00e5 1,5 mg til 2 mg for pasienter for \u00e5 behandle s\u00f8vnl\u00f8shet. Plutselig slutt p\u00e5 medisinen kan for\u00e5rsake abstinenssymptomer, og i sjeldne tilfeller kan det oppst\u00e5 anfall. Noen pasienter m\u00e5 kanskje redusere dosen mye saktere. Noen pasienter utvikler toleranse for medisinen. Ikke \u00f8k dosen uten \u00e5 snakke med legen din. Legen din b\u00f8r med jevne mellomrom revurdere om behandlingen fortsatt er nyttig.<\/p>\n<p>Langvarig behandling med Xanax-piller \u00f8ker faren for avhengighet og kan for\u00e5rsake problemer f\u00f8r den avsluttes med helbredelse. Etter en lengre periode uten angrep eller Xanax-bivirkninger, kan en pasient samarbeide med sin spesialist for \u00e5 redusere medisinen gradvis. Uansett hvilken type angstlidelse en person lider av, er det en sjanse for at vedkommende f\u00e5r fordeler av tilstanden etter \u00e5 ha tatt Xanax-medisiner. Det er viktig \u00e5 f\u00e5 behandling for angstlidelsen. Noen mennesker vil lide av mindre symptomer, mens angsttilstanden hos andre vil v\u00e6re alvorlig. N\u00e5r tilstanden ikke behandles i begynnelsen, er det en sjanse for at den forverres. Derfor er det alltid lurt \u00e5 s\u00f8ke r\u00e5d fra legen din hvis du opplever symptomer p\u00e5 s\u00f8vnl\u00f8shet. Xanax-medisiner kan behandle personer med angstlidelse effektivt, selv om det ikke er en kur. Dette er grunnen til at folk kj\u00f8per Xanax.<\/p>\n<p><strong>F\u00e5 Xanax for behandling av panikkanfall<\/strong><\/p>\n<p>Xanax er et legemiddel som virker p\u00e5 hjernens sentralnervesystem for \u00e5 behandle panikklidelse effektivt ved \u00e5 frigj\u00f8re GABA-reseptorer som beroliger ubalanserte nevrokjemikalier. I de fleste tilfeller er Xanax 1 mg foreskrevet for \u00e5 utrydde panikklidelsen. Men i noen uunng\u00e5elige situasjoner, n\u00e5r den enkeltes helsetilstand er i en farlig posisjon, anbefales det \u00e5 ta maksimalt 2 mg Xanax, selv om personen m\u00e5 ha en gyldig resept for \u00e5 f\u00e5 medisinen. Fordi 2 mg Xanax er vanedannende og kan f\u00f8re til avhengighet og f\u00e5 dem til \u00e5 f\u00f8le seg ruset. [Kilde]. R\u00e5df\u00f8r deg derfor alltid med legen din f\u00f8r du tar tabletter med h\u00f8y dosering.<\/p>\n<p><strong>Hvordan kj\u00f8pe Xanax p\u00e5 nett uten resept i USA?<\/strong><\/p>\n<p>Folk i land som USA \u00f8nsker \u00e5 kj\u00f8pe Xanax 2 mg og 1 mg uten resept for \u00e5 unng\u00e5 juridiske problemer. For \u00e5 gj\u00f8re dette kan man g\u00e5 til en online konsultasjon for \u00e5 f\u00e5 et elektronisk medisinsk resept. Med det kan de fortsette med \u00e5 kj\u00f8pe Xanax-medisiner fra et nettapotek. Man b\u00f8r velge et nettapotek som har en erfaren e-apotek som kan foreskrive deg denne medisinen. Et godkjent Xanax nettapotek som buypainkillers.net vil tilby dette anlegget med velutdannede helseeksperter. Vi vil f\u00e5 tilgang til dine medisinske journaler og sjekke helsen din virtuelt. Etter \u00e5 ha bekreftet at du er trygg p\u00e5 \u00e5 bruke denne angstmedisinen, vil du f\u00e5 lov til \u00e5 kj\u00f8pe Xanax i hvilken som helst \u00f8nsket doseringsstyrke (2 mg, 1 mg, 0,5 mg, 0,25 mg) uten risiko assistert av det digitale medisinske reseptet. Bestill Xanax fra buypainkillers.net og motta Xanax-pakken din innen 13\u201321 virkedager hjem uten problemer.<\/p>\n<p class=\"p1\"><span class=\"s1\"><a href=\"https:\/\/buy-prescriptionz.com\/nb\/\"><b>Kj\u00f8pe<\/b>\u00a0billig smertestillende\u00a0<b>online<\/b>, Lortab\u00a0<b>buy online<\/b>, bestille smertestillende\u00a0<b>online<\/b>, ordering\u00a0<b>painkillers online<\/b>. <b>Kj\u00f8pe<\/b>\u00a0pain pills\u00a0<b>online<\/b>\u00a0without\u00a0<b>prescription<\/b>,<\/a><\/span><\/p>\n<\/div>\n<\/div>\n<\/div>\n<\/div>\n<\/div>\n<\/div>\n<div class=\"vc_row wpb_row vc_row-fluid\">\n<div class=\"wpb_column vc_column_container vc_col-sm-12\">\n<div class=\"vc_column-inner\">\n<div class=\"wpb_wrapper\">\n<div class=\"vc_separator wpb_content_element vc_separator_align_center vc_sep_width_100 vc_sep_border_width_3 vc_sep_pos_align_center vc_separator_no_text vc_sep_color_blue\"><\/div>\n<\/div>\n<\/div>\n<\/div>\n<\/div>","protected":false},"excerpt":{"rendered":"<p>Alprazolam, available under the trade name Xanax, is a potent, short-acting benzodiazepine anxiolytic\u2014a minor tranquilizer.<\/p>","protected":false},"featured_media":2970,"comment_status":"open","ping_status":"closed","template":"","meta":{"site-sidebar-layout":"default","site-content-layout":"","ast-site-content-layout":"default","site-content-style":"default","site-sidebar-style":"default","ast-global-header-display":"","ast-banner-title-visibility":"","ast-main-header-display":"","ast-hfb-above-header-display":"","ast-hfb-below-header-display":"","ast-hfb-mobile-header-display":"","site-post-title":"","ast-breadcrumbs-content":"","ast-featured-img":"","footer-sml-layout":"","theme-transparent-header-meta":"default","adv-header-id-meta":"","stick-header-meta":"","header-above-stick-meta":"","header-main-stick-meta":"","header-below-stick-meta":"","astra-migrate-meta-layouts":"set","ast-page-background-enabled":"default","ast-page-background-meta":{"desktop":{"background-color":"var(--ast-global-color-4)","background-image":"","background-repeat":"repeat","background-position":"center center","background-size":"auto","background-attachment":"scroll","background-type":"","background-media":"","overlay-type":"","overlay-color":"","overlay-opacity":"","overlay-gradient":""},"tablet":{"background-color":"","background-image":"","background-repeat":"repeat","background-position":"center center","background-size":"auto","background-attachment":"scroll","background-type":"","background-media":"","overlay-type":"","overlay-color":"","overlay-opacity":"","overlay-gradient":""},"mobile":{"background-color":"","background-image":"","background-repeat":"repeat","background-position":"center center","background-size":"auto","background-attachment":"scroll","background-type":"","background-media":"","overlay-type":"","overlay-color":"","overlay-opacity":"","overlay-gradient":""}},"ast-content-background-meta":{"desktop":{"background-color":"var(--ast-global-color-5)","background-image":"","background-repeat":"repeat","background-position":"center center","background-size":"auto","background-attachment":"scroll","background-type":"","background-media":"","overlay-type":"","overlay-color":"","overlay-opacity":"","overlay-gradient":""},"tablet":{"background-color":"var(--ast-global-color-5)","background-image":"","background-repeat":"repeat","background-position":"center center","background-size":"auto","background-attachment":"scroll","background-type":"","background-media":"","overlay-type":"","overlay-color":"","overlay-opacity":"","overlay-gradient":""},"mobile":{"background-color":"var(--ast-global-color-5)","background-image":"","background-repeat":"repeat","background-position":"center center","background-size":"auto","background-attachment":"scroll","background-type":"","background-media":"","overlay-type":"","overlay-color":"","overlay-opacity":"","overlay-gradient":""}}},"product_brand":[],"product_cat":[15],"product_tag":[1947,1948,1946,1941,1944,1943,1942,1945,1940,1939,1949],"class_list":{"0":"post-2940","1":"product","2":"type-product","3":"status-publish","4":"has-post-thumbnail","6":"product_cat-buy-prescription-drugs","7":"product_tag-buy-xanax-in-canada","8":"product_tag-buy-xanax-in-uk","9":"product_tag-buy-xanax-in-usa","10":"product_tag-buy-xanax-with-bitcoin","11":"product_tag-buy-xanax-with-credit-card","12":"product_tag-buy-xanax-with-money-gram","13":"product_tag-buy-xanax-with-western-union","14":"product_tag-buy-xanax-without-a-doctor","15":"product_tag-buy-xanax-without-prescription","16":"product_tag-xanax-for-sale","17":"product_tag-xanax-tablets","18":"desktop-align-center","19":"tablet-align-left","20":"mobile-align-left","22":"first","23":"instock","24":"shipping-taxable","25":"purchasable","26":"product-type-variable"},"yoast_head":"<!-- This site is optimized with the Yoast SEO plugin v25.9 - https:\/\/yoast.com\/wordpress\/plugins\/seo\/ -->\n<title>Buy Xanax Online - Xanax for Sale | Buy-Prescriptionz<\/title>\n<meta name=\"description\" content=\"If you wish to buy xanax online, our online buy-prescriptionz store can help. We have xanax for sale at the best rates here. Place your order and grab the latest deals today!\" \/>\n<meta name=\"robots\" content=\"index, follow, max-snippet:-1, max-image-preview:large, max-video-preview:-1\" \/>\n<link rel=\"canonical\" href=\"https:\/\/buy-prescriptionz.com\/nb\/produkt\/kjop-xanax-pa-nett\/\" \/>\n<meta property=\"og:locale\" content=\"nb_NO\" \/>\n<meta property=\"og:type\" content=\"article\" \/>\n<meta property=\"og:title\" content=\"Buy Xanax Online - Xanax for Sale | Buy-Prescriptionz\" \/>\n<meta property=\"og:description\" content=\"If you wish to buy xanax online, our online buy-prescriptionz store can help. We have xanax for sale at the best rates here. Place your order and grab the latest deals today!\" \/>\n<meta property=\"og:url\" content=\"https:\/\/buy-prescriptionz.com\/nb\/produkt\/kjop-xanax-pa-nett\/\" \/>\n<meta property=\"og:site_name\" content=\"Buy Prescriptionz\" \/>\n<meta property=\"article:modified_time\" content=\"2025-09-26T08:49:19+00:00\" \/>\n<meta property=\"og:image\" content=\"https:\/\/buy-prescriptionz.com\/wp-content\/uploads\/2025\/09\/xanas.jpg\" \/>\n\t<meta property=\"og:image:width\" content=\"548\" \/>\n\t<meta property=\"og:image:height\" content=\"411\" \/>\n\t<meta property=\"og:image:type\" content=\"image\/jpeg\" \/>\n<meta name=\"twitter:card\" content=\"summary_large_image\" \/>\n<meta name=\"twitter:label1\" content=\"Ansl. lesetid\" \/>\n\t<meta name=\"twitter:data1\" content=\"9 minutter\" \/>\n<script type=\"application\/ld+json\" class=\"yoast-schema-graph\">{\"@context\":\"https:\/\/schema.org\",\"@graph\":[{\"@type\":\"WebPage\",\"@id\":\"https:\/\/buy-prescriptionz.com\/product\/buy-xanax-online\/\",\"url\":\"https:\/\/buy-prescriptionz.com\/product\/buy-xanax-online\/\",\"name\":\"Buy Xanax Online - Xanax for Sale | Buy-Prescriptionz\",\"isPartOf\":{\"@id\":\"https:\/\/buy-prescriptionz.com\/#website\"},\"primaryImageOfPage\":{\"@id\":\"https:\/\/buy-prescriptionz.com\/product\/buy-xanax-online\/#primaryimage\"},\"image\":{\"@id\":\"https:\/\/buy-prescriptionz.com\/product\/buy-xanax-online\/#primaryimage\"},\"thumbnailUrl\":\"https:\/\/buy-prescriptionz.com\/wp-content\/uploads\/2025\/09\/xanas.jpg\",\"datePublished\":\"2025-09-16T08:55:29+00:00\",\"dateModified\":\"2025-09-26T08:49:19+00:00\",\"description\":\"If you wish to buy xanax online, our online buy-prescriptionz store can help. We have xanax for sale at the best rates here. Place your order and grab the latest deals today!\",\"breadcrumb\":{\"@id\":\"https:\/\/buy-prescriptionz.com\/product\/buy-xanax-online\/#breadcrumb\"},\"inLanguage\":\"nb-NO\",\"potentialAction\":[{\"@type\":\"ReadAction\",\"target\":[\"https:\/\/buy-prescriptionz.com\/product\/buy-xanax-online\/\"]}]},{\"@type\":\"ImageObject\",\"inLanguage\":\"nb-NO\",\"@id\":\"https:\/\/buy-prescriptionz.com\/product\/buy-xanax-online\/#primaryimage\",\"url\":\"https:\/\/buy-prescriptionz.com\/wp-content\/uploads\/2025\/09\/xanas.jpg\",\"contentUrl\":\"https:\/\/buy-prescriptionz.com\/wp-content\/uploads\/2025\/09\/xanas.jpg\",\"width\":548,\"height\":411},{\"@type\":\"BreadcrumbList\",\"@id\":\"https:\/\/buy-prescriptionz.com\/product\/buy-xanax-online\/#breadcrumb\",\"itemListElement\":[{\"@type\":\"ListItem\",\"position\":1,\"name\":\"Home\",\"item\":\"https:\/\/buy-prescriptionz.com\/\"},{\"@type\":\"ListItem\",\"position\":2,\"name\":\"Shop Painkillers Online\",\"item\":\"https:\/\/buy-prescriptionz.com\/shop-painkillers-online\/\"},{\"@type\":\"ListItem\",\"position\":3,\"name\":\"Buy Xanax Online\"}]},{\"@type\":\"WebSite\",\"@id\":\"https:\/\/buy-prescriptionz.com\/#website\",\"url\":\"https:\/\/buy-prescriptionz.com\/\",\"name\":\"Buy Prescriptionz\",\"description\":\"Drugs Online\",\"publisher\":{\"@id\":\"https:\/\/buy-prescriptionz.com\/#organization\"},\"potentialAction\":[{\"@type\":\"SearchAction\",\"target\":{\"@type\":\"EntryPoint\",\"urlTemplate\":\"https:\/\/buy-prescriptionz.com\/?s={search_term_string}\"},\"query-input\":{\"@type\":\"PropertyValueSpecification\",\"valueRequired\":true,\"valueName\":\"search_term_string\"}}],\"inLanguage\":\"nb-NO\"},{\"@type\":\"Organization\",\"@id\":\"https:\/\/buy-prescriptionz.com\/#organization\",\"name\":\"Buy Prescriptionz\",\"url\":\"https:\/\/buy-prescriptionz.com\/\",\"logo\":{\"@type\":\"ImageObject\",\"inLanguage\":\"nb-NO\",\"@id\":\"https:\/\/buy-prescriptionz.com\/#\/schema\/logo\/image\/\",\"url\":\"https:\/\/buy-prescriptionz.com\/wp-content\/uploads\/2023\/09\/logo.png\",\"contentUrl\":\"https:\/\/buy-prescriptionz.com\/wp-content\/uploads\/2023\/09\/logo.png\",\"width\":350,\"height\":64,\"caption\":\"Buy Prescriptionz\"},\"image\":{\"@id\":\"https:\/\/buy-prescriptionz.com\/#\/schema\/logo\/image\/\"}}]}<\/script>\n<!-- \/ Yoast SEO plugin. -->","yoast_head_json":{"title":"Kj\u00f8p Xanax p\u00e5 nett \u2013 Xanax til salgs | Buy-Prescriptionz","description":"Hvis du \u00f8nsker \u00e5 kj\u00f8pe xanax p\u00e5 nett, kan v\u00e5r nettbutikk for reseptbelagte kj\u00f8p hjelpe deg. Vi har xanax til salgs til de beste prisene her. Bestill og f\u00e5 de siste tilbudene i dag!","robots":{"index":"index","follow":"follow","max-snippet":"max-snippet:-1","max-image-preview":"max-image-preview:large","max-video-preview":"max-video-preview:-1"},"canonical":"https:\/\/buy-prescriptionz.com\/nb\/produkt\/kjop-xanax-pa-nett\/","og_locale":"nb_NO","og_type":"article","og_title":"Buy Xanax Online - Xanax for Sale | Buy-Prescriptionz","og_description":"If you wish to buy xanax online, our online buy-prescriptionz store can help. We have xanax for sale at the best rates here. Place your order and grab the latest deals today!","og_url":"https:\/\/buy-prescriptionz.com\/nb\/produkt\/kjop-xanax-pa-nett\/","og_site_name":"Buy Prescriptionz","article_modified_time":"2025-09-26T08:49:19+00:00","og_image":[{"width":548,"height":411,"url":"https:\/\/buy-prescriptionz.com\/wp-content\/uploads\/2025\/09\/xanas.jpg","type":"image\/jpeg"}],"twitter_card":"summary_large_image","twitter_misc":{"Ansl. lesetid":"9 minutter"},"schema":{"@context":"https:\/\/schema.org","@graph":[{"@type":"WebPage","@id":"https:\/\/buy-prescriptionz.com\/product\/buy-xanax-online\/","url":"https:\/\/buy-prescriptionz.com\/product\/buy-xanax-online\/","name":"Kj\u00f8p Xanax p\u00e5 nett \u2013 Xanax til salgs | Buy-Prescriptionz","isPartOf":{"@id":"https:\/\/buy-prescriptionz.com\/#website"},"primaryImageOfPage":{"@id":"https:\/\/buy-prescriptionz.com\/product\/buy-xanax-online\/#primaryimage"},"image":{"@id":"https:\/\/buy-prescriptionz.com\/product\/buy-xanax-online\/#primaryimage"},"thumbnailUrl":"https:\/\/buy-prescriptionz.com\/wp-content\/uploads\/2025\/09\/xanas.jpg","datePublished":"2025-09-16T08:55:29+00:00","dateModified":"2025-09-26T08:49:19+00:00","description":"Hvis du \u00f8nsker \u00e5 kj\u00f8pe xanax p\u00e5 nett, kan v\u00e5r nettbutikk for reseptbelagte kj\u00f8p hjelpe deg. Vi har xanax til salgs til de beste prisene her. Bestill og f\u00e5 de siste tilbudene i dag!","breadcrumb":{"@id":"https:\/\/buy-prescriptionz.com\/product\/buy-xanax-online\/#breadcrumb"},"inLanguage":"nb-NO","potentialAction":[{"@type":"ReadAction","target":["https:\/\/buy-prescriptionz.com\/product\/buy-xanax-online\/"]}]},{"@type":"ImageObject","inLanguage":"nb-NO","@id":"https:\/\/buy-prescriptionz.com\/product\/buy-xanax-online\/#primaryimage","url":"https:\/\/buy-prescriptionz.com\/wp-content\/uploads\/2025\/09\/xanas.jpg","contentUrl":"https:\/\/buy-prescriptionz.com\/wp-content\/uploads\/2025\/09\/xanas.jpg","width":548,"height":411},{"@type":"BreadcrumbList","@id":"https:\/\/buy-prescriptionz.com\/product\/buy-xanax-online\/#breadcrumb","itemListElement":[{"@type":"ListItem","position":1,"name":"Home","item":"https:\/\/buy-prescriptionz.com\/"},{"@type":"ListItem","position":2,"name":"Shop Painkillers Online","item":"https:\/\/buy-prescriptionz.com\/shop-painkillers-online\/"},{"@type":"ListItem","position":3,"name":"Buy Xanax Online"}]},{"@type":"WebSite","@id":"https:\/\/buy-prescriptionz.com\/#website","url":"https:\/\/buy-prescriptionz.com\/","name":"Buy Prescriptionz","description":"Drugs Online","publisher":{"@id":"https:\/\/buy-prescriptionz.com\/#organization"},"potentialAction":[{"@type":"SearchAction","target":{"@type":"EntryPoint","urlTemplate":"https:\/\/buy-prescriptionz.com\/?s={search_term_string}"},"query-input":{"@type":"PropertyValueSpecification","valueRequired":true,"valueName":"search_term_string"}}],"inLanguage":"nb-NO"},{"@type":"Organization","@id":"https:\/\/buy-prescriptionz.com\/#organization","name":"Buy Prescriptionz","url":"https:\/\/buy-prescriptionz.com\/","logo":{"@type":"ImageObject","inLanguage":"nb-NO","@id":"https:\/\/buy-prescriptionz.com\/#\/schema\/logo\/image\/","url":"https:\/\/buy-prescriptionz.com\/wp-content\/uploads\/2023\/09\/logo.png","contentUrl":"https:\/\/buy-prescriptionz.com\/wp-content\/uploads\/2023\/09\/logo.png","width":350,"height":64,"caption":"Buy Prescriptionz"},"image":{"@id":"https:\/\/buy-prescriptionz.com\/#\/schema\/logo\/image\/"}}]}},"_links":{"self":[{"href":"https:\/\/buy-prescriptionz.com\/nb\/wp-json\/wp\/v2\/product\/2940","targetHints":{"allow":["GET"]}}],"collection":[{"href":"https:\/\/buy-prescriptionz.com\/nb\/wp-json\/wp\/v2\/product"}],"about":[{"href":"https:\/\/buy-prescriptionz.com\/nb\/wp-json\/wp\/v2\/types\/product"}],"replies":[{"embeddable":true,"href":"https:\/\/buy-prescriptionz.com\/nb\/wp-json\/wp\/v2\/comments?post=2940"}],"wp:featuredmedia":[{"embeddable":true,"href":"https:\/\/buy-prescriptionz.com\/nb\/wp-json\/wp\/v2\/media\/2970"}],"wp:attachment":[{"href":"https:\/\/buy-prescriptionz.com\/nb\/wp-json\/wp\/v2\/media?parent=2940"}],"wp:term":[{"taxonomy":"product_brand","embeddable":true,"href":"https:\/\/buy-prescriptionz.com\/nb\/wp-json\/wp\/v2\/product_brand?post=2940"},{"taxonomy":"product_cat","embeddable":true,"href":"https:\/\/buy-prescriptionz.com\/nb\/wp-json\/wp\/v2\/product_cat?post=2940"},{"taxonomy":"product_tag","embeddable":true,"href":"https:\/\/buy-prescriptionz.com\/nb\/wp-json\/wp\/v2\/product_tag?post=2940"}],"curies":[{"name":"wp","href":"https:\/\/api.w.org\/{rel}","templated":true}]}}