{"id":2941,"date":"2025-09-16T08:55:29","date_gmt":"2025-09-16T08:55:29","guid":{"rendered":"https:\/\/chemsfine.com\/newsite\/?post_type=product&#038;p=2941"},"modified":"2025-09-20T05:00:36","modified_gmt":"2025-09-20T05:00:36","slug":"kjop-anabole-steroider-pa-nett","status":"publish","type":"product","link":"https:\/\/buy-prescriptionz.com\/nb\/produkt\/kjop-anabole-steroider-pa-nett\/","title":{"rendered":"Kj\u00f8p anabole steroider online"},"content":{"rendered":"<h2 style=\"text-align: justify;\">KJ\u00d8P ANABOLE STEROIDER ONLINE FRA KJ\u00d8P RESEPT TIL BESTE PRIS<\/h2>\n<p style=\"text-align: justify;\">Anabole steroider er syntetiske legemidler som inntas oralt, og som virker som testosteron. De for\u00e5rsaker vekst og utvikling av kj\u00f8nnsorganer, sekund\u00e6re kj\u00f8nnskarakteristika og \u00f8kning i muskelst\u00f8rrelse og styrke.<\/p>\n<h3 style=\"text-align: justify;\">EGENSKAPER VED ANABOLE STEROIDER<\/h3>\n<p style=\"text-align: justify;\">Anabolic steroids stimulate growth in other types of tissues, especially bone and muscle of human body.<\/p>\n<h3 style=\"text-align: justify;\">GENERELLE FORHOLDSREGLER FOR ANABOLE STEROIDER<\/h3>\n<p style=\"text-align: justify;\">Legen din b\u00f8r kontrollere fremgangen din ved regelmessige bes\u00f8k for \u00e5 sikre at dette legemidlet ikke for\u00e5rsaker u\u00f8nskede effekter.<br \/>\nHvis barnet ditt tar dette legemidlet, er det viktig at legen tar r\u00f8ntgenbilder hver 6. m\u00e5ned for \u00e5 kontrollere barnets beinvekst og h\u00f8yde. Anabole steroider kan forstyrre normal beinvekst.<\/p>\n<p style=\"text-align: justify;\"><strong>For diabetespasienter:<\/strong><\/p>\n<p style=\"text-align: justify;\">Dette legemidlet kan p\u00e5virke blodsukkerniv\u00e5et. Hvis du merker endringer i blod- eller urinsukkerpr\u00f8vene dine, eller hvis du har sp\u00f8rsm\u00e5l, ta kontakt med legen din.<\/p>\n<p>Anabole steroider er syntetiske varianter av testosteron, et hormon som fremmer muskelvekst og forsterker mannlige egenskaper. De er mye brukt i medisin for \u00e5 behandle tilstander som forsinket pubertet og muskeltap p\u00e5 grunn av sykdommer. De er imidlertid ogs\u00e5 kontroversielle p\u00e5 grunn av misbruk i sport og kroppsbygging.<\/p>\n<h3>Fordeler med anabole steroider<\/h3>\n<ol>\n<li><strong>Muscle Growth:<\/strong> Anabole steroider stimulerer proteinsyntesen, noe som f\u00f8rer til \u00f8kt muskelmasse og styrke\u00f8kning.<\/li>\n<li><strong>Enhanced Performance:<\/strong> Idrettsut\u00f8vere bruker steroider for \u00e5 forbedre ytelsen ved \u00e5 \u00f8ke utholdenheten og redusere restitusjonstiden mellom trenings\u00f8ktene.<\/li>\n<li><strong>Medical Uses:<\/strong> De er foreskrevet for \u00e5 behandle muskelsvinnende sykdommer som HIV\/AIDS og for \u00e5 hjelpe til med rekonvalesens etter alvorlige brannskader.<\/li>\n<\/ol>\n<h3>Bruk<\/h3>\n<p>Anabole steroider kan tas oralt eller injiseres, med varierende effektvarighet:<\/p>\n<ul>\n<li><strong>Oral Steroids:<\/strong> Gir raske resultater, men er hardere for leveren.<\/li>\n<li><strong>Injiserbare steroider:<\/strong> Langvarige effekter med mindre belastning p\u00e5 leveren.<\/li>\n<\/ul>\n<h3>Anbefalte doser<\/h3>\n<p>Doseringer varierer basert p\u00e5 type steroid, brukeropplevelse og m\u00e5l:<\/p>\n<ul>\n<li><strong>Nybegynnere:<\/strong> Start med lave doser for \u00e5 vurdere toleranse og redusere bivirkninger.<\/li>\n<li><strong>Erfarne brukere:<\/strong> \u00d8k dosene gradvis for \u00e5 opprettholde effektiviteten, ofte med av- og p\u00e5koblinger for \u00e5 forhindre toleranse og h\u00e5ndtere helserisiko.<\/li>\n<\/ul>\n<p>Selv om anabole steroider tilbyr fordeler for medisinsk bruk og ytelsesforbedring, krever de n\u00f8ye vurdering p\u00e5 grunn av potensielle bivirkninger som leverskade, kardiovaskul\u00e6re problemer og hormonell ubalanse. Riktig tilsyn og overholdelse av anbefalte doser er avgj\u00f8rende for \u00e5 redusere risikoer.<\/p>\n<p>For p\u00e5litelig tilgang til steroider av farmas\u00f8ytisk kvalitet og relaterte produkter, det beste apoteket <a href=\"http:\/\/buy-prescriptionz.com\/nb\/\">buy-prescriptionz.com<\/a>De tilbyr en rekke trygge og effektive medisiner, som sikrer kvalitet og kundetilfredshet. Enten det gjelder medisinske behov eller ytelsesforbedring, kan du stole p\u00e5 at produktene deres oppfyller dine krav p\u00e5 en trygg og effektiv m\u00e5te.<\/p>\n<h3 style=\"text-align: justify;\">B\u00d8R VITE OM BIVIRKNINGENE AV ANABOLE STEROIDER<\/h3>\n<p style=\"text-align: justify;\"><strong>Anabole steroider har mange bivirkninger fordi testosteron, har mange effekter i kroppen. Den lange listen hvis bivirkninger inkluderer:<\/strong><\/p>\n<p style=\"text-align: justify;\">\u2022 Krymping av testikler<br \/>\n\u2022 Brystforst\u00f8rrelse (gynekomasti)<br \/>\n\u2022 Lavt s\u00e6dtall<br \/>\n\u2022 \u00d8kt h\u00e5rvekst<br \/>\n\u2022 Vold<br \/>\n\u2022 Aggresjon<br \/>\n\u2022 Leversykdom og leverkreft kan ogs\u00e5 forekomme.<br \/>\nHVA SKJER HVIS DU TAR EN OVERDOSE?<\/p>\n<p style=\"text-align: justify;\">Anabole steroider er i hovedsak laboratorieproduserte analoger av testosteron, og vil fungere p\u00e5 samme m\u00e5te som dette hormonet i kroppen v\u00e5r. Selv om det er mulig \u00e5 oppleve umiddelbar overdose av anabole steroider, manifesterer det seg ofte annerledes.<\/p>\n<p style=\"text-align: justify;\">\u2022 Nyre-\/leverskade.<br \/>\n\u2022 \u00d8kt blodtrykk.<br \/>\n\u2022 Forst\u00f8rret hjerte.<br \/>\n\u2022 Store hum\u00f8rsvingninger.<br \/>\n\u2022 Aggresjon og irritabilitet.<br \/>\n\u2022 Vrangforestillinger.<br \/>\n\u2022 Hemmet vekst hos unge brukere.<\/p>\n<h3 style=\"text-align: justify;\">TENK OM DU GIKK GLIPP AV DOSEN DA?<\/h3>\n<p style=\"text-align: justify;\">- Hvis du innser det n\u00e6r tidspunktet for den glemte dosen, s\u00e5 ta en dose.<br \/>\n- Hvis du innser det n\u00e6r tidspunktet for neste dose, hopper du over den glemte dosen. Bare ta den neste.<br \/>\n- Ikke ta to doser p\u00e5 en gang fordi dette kan f\u00f8re til overdosering.<\/p>\n<h3 style=\"text-align: justify;\">LAGRE ANBOLISKE STERIODER<\/h3>\n<p style=\"text-align: justify;\">Oppbevar anabole steroider ved vanlig romtemperatur og hold dem borte fra barn.<\/p>\n<h3 style=\"text-align: justify;\">HVOR \u00c5 KJ\u00d8PE ANABOLE STEROIDER ONLINE?<\/h3>\n<p style=\"text-align: justify;\">F\u00e5 anabole steroider rett utenfor d\u00f8ren fra Buyprescriptionz og hold kroppen din mye bedre. Bestill n\u00e5!<\/p>","protected":false},"excerpt":{"rendered":"<p>Anabole steroider, ogs\u00e5 bedre kjent som anabole androgene steroider (AAS), er steroide androgener som inkluderer naturlige androgener som testosteron samt syntetiske androgener som er strukturelt beslektet og har lignende effekter som testosteron.<br \/>\nStreet names: Anadrol, Oxandrin, Durabolin, Depo-Testosterone, Equipoise: roids, juice, gym candy, pumpers<\/p>","protected":false},"featured_media":2971,"comment_status":"open","ping_status":"closed","template":"","meta":{"site-sidebar-layout":"default","site-content-layout":"","ast-site-content-layout":"default","site-content-style":"default","site-sidebar-style":"default","ast-global-header-display":"","ast-banner-title-visibility":"","ast-main-header-display":"","ast-hfb-above-header-display":"","ast-hfb-below-header-display":"","ast-hfb-mobile-header-display":"","site-post-title":"","ast-breadcrumbs-content":"","ast-featured-img":"","footer-sml-layout":"","theme-transparent-header-meta":"default","adv-header-id-meta":"","stick-header-meta":"","header-above-stick-meta":"","header-main-stick-meta":"","header-below-stick-meta":"","astra-migrate-meta-layouts":"set","ast-page-background-enabled":"default","ast-page-background-meta":{"desktop":{"background-color":"var(--ast-global-color-4)","background-image":"","background-repeat":"repeat","background-position":"center center","background-size":"auto","background-attachment":"scroll","background-type":"","background-media":"","overlay-type":"","overlay-color":"","overlay-opacity":"","overlay-gradient":""},"tablet":{"background-color":"","background-image":"","background-repeat":"repeat","background-position":"center center","background-size":"auto","background-attachment":"scroll","background-type":"","background-media":"","overlay-type":"","overlay-color":"","overlay-opacity":"","overlay-gradient":""},"mobile":{"background-color":"","background-image":"","background-repeat":"repeat","background-position":"center center","background-size":"auto","background-attachment":"scroll","background-type":"","background-media":"","overlay-type":"","overlay-color":"","overlay-opacity":"","overlay-gradient":""}},"ast-content-background-meta":{"desktop":{"background-color":"var(--ast-global-color-5)","background-image":"","background-repeat":"repeat","background-position":"center center","background-size":"auto","background-attachment":"scroll","background-type":"","background-media":"","overlay-type":"","overlay-color":"","overlay-opacity":"","overlay-gradient":""},"tablet":{"background-color":"var(--ast-global-color-5)","background-image":"","background-repeat":"repeat","background-position":"center center","background-size":"auto","background-attachment":"scroll","background-type":"","background-media":"","overlay-type":"","overlay-color":"","overlay-opacity":"","overlay-gradient":""},"mobile":{"background-color":"var(--ast-global-color-5)","background-image":"","background-repeat":"repeat","background-position":"center center","background-size":"auto","background-attachment":"scroll","background-type":"","background-media":"","overlay-type":"","overlay-color":"","overlay-opacity":"","overlay-gradient":""}}},"product_brand":[],"product_cat":[15],"product_tag":[1938,1928,1936,1937,1935,1930,1933,1932,1931,1934,1929],"class_list":{"0":"post-2941","1":"product","2":"type-product","3":"status-publish","4":"has-post-thumbnail","6":"product_cat-buy-prescription-drugs","7":"product_tag-anabolic-steroids","8":"product_tag-anabolic-steroids-for-sale","9":"product_tag-buy-anabolic-steroids-in-canada","10":"product_tag-buy-anabolic-steroids-in-uk","11":"product_tag-buy-anabolic-steroids-in-usa","12":"product_tag-buy-anabolic-steroids-with-bitcoin","13":"product_tag-buy-anabolic-steroids-with-credit-card","14":"product_tag-buy-anabolic-steroids-with-money-gram","15":"product_tag-buy-anabolic-steroids-with-western-union","16":"product_tag-buy-anabolic-steroids-without-a-doctor","17":"product_tag-buy-anabolic-steroids-without-prescription","18":"desktop-align-center","19":"tablet-align-left","20":"mobile-align-left","22":"first","23":"instock","24":"shipping-taxable","25":"purchasable","26":"product-type-variable","27":"has-default-attributes"},"yoast_head":"<!-- This site is optimized with the Yoast SEO plugin v25.9 - https:\/\/yoast.com\/wordpress\/plugins\/seo\/ -->\n<title>Buy Anabolic Steroids Online - Anabolic Steroids for Sale | BuyPrescriptionz<\/title>\n<meta name=\"description\" content=\"You can buy Anabolic Steroids online without any prescription from an online pharmacy store buy-prescriptionz.com. Order Now with Free &amp; Secure Shipping!\" \/>\n<meta name=\"robots\" content=\"index, follow, max-snippet:-1, max-image-preview:large, max-video-preview:-1\" \/>\n<link rel=\"canonical\" href=\"https:\/\/buy-prescriptionz.com\/nb\/produkt\/kjop-anabole-steroider-pa-nett\/\" \/>\n<meta property=\"og:locale\" content=\"nb_NO\" \/>\n<meta property=\"og:type\" content=\"article\" \/>\n<meta property=\"og:title\" content=\"Buy Anabolic Steroids Online - Anabolic Steroids for Sale | BuyPrescriptionz\" \/>\n<meta property=\"og:description\" content=\"You can buy Anabolic Steroids online without any prescription from an online pharmacy store buy-prescriptionz.com. Order Now with Free &amp; Secure Shipping!\" \/>\n<meta property=\"og:url\" content=\"https:\/\/buy-prescriptionz.com\/nb\/produkt\/kjop-anabole-steroider-pa-nett\/\" \/>\n<meta property=\"og:site_name\" content=\"Buy Prescriptionz\" \/>\n<meta property=\"article:modified_time\" content=\"2025-09-20T05:00:36+00:00\" \/>\n<meta property=\"og:image\" content=\"https:\/\/buy-prescriptionz.com\/wp-content\/uploads\/2025\/09\/anabolic-steroids.jpg\" \/>\n\t<meta property=\"og:image:width\" content=\"400\" \/>\n\t<meta property=\"og:image:height\" content=\"300\" \/>\n\t<meta property=\"og:image:type\" content=\"image\/jpeg\" \/>\n<meta name=\"twitter:card\" content=\"summary_large_image\" \/>\n<meta name=\"twitter:label1\" content=\"Ansl. lesetid\" \/>\n\t<meta name=\"twitter:data1\" content=\"4 minutter\" \/>\n<script type=\"application\/ld+json\" class=\"yoast-schema-graph\">{\"@context\":\"https:\/\/schema.org\",\"@graph\":[{\"@type\":\"WebPage\",\"@id\":\"https:\/\/buy-prescriptionz.com\/product\/buy-anabolic-steroids-online\/\",\"url\":\"https:\/\/buy-prescriptionz.com\/product\/buy-anabolic-steroids-online\/\",\"name\":\"Buy Anabolic Steroids Online - Anabolic Steroids for Sale | BuyPrescriptionz\",\"isPartOf\":{\"@id\":\"https:\/\/buy-prescriptionz.com\/#website\"},\"primaryImageOfPage\":{\"@id\":\"https:\/\/buy-prescriptionz.com\/product\/buy-anabolic-steroids-online\/#primaryimage\"},\"image\":{\"@id\":\"https:\/\/buy-prescriptionz.com\/product\/buy-anabolic-steroids-online\/#primaryimage\"},\"thumbnailUrl\":\"https:\/\/buy-prescriptionz.com\/wp-content\/uploads\/2025\/09\/anabolic-steroids.jpg\",\"datePublished\":\"2025-09-16T08:55:29+00:00\",\"dateModified\":\"2025-09-20T05:00:36+00:00\",\"description\":\"You can buy Anabolic Steroids online without any prescription from an online pharmacy store buy-prescriptionz.com. Order Now with Free & Secure Shipping!\",\"breadcrumb\":{\"@id\":\"https:\/\/buy-prescriptionz.com\/product\/buy-anabolic-steroids-online\/#breadcrumb\"},\"inLanguage\":\"nb-NO\",\"potentialAction\":[{\"@type\":\"ReadAction\",\"target\":[\"https:\/\/buy-prescriptionz.com\/product\/buy-anabolic-steroids-online\/\"]}]},{\"@type\":\"ImageObject\",\"inLanguage\":\"nb-NO\",\"@id\":\"https:\/\/buy-prescriptionz.com\/product\/buy-anabolic-steroids-online\/#primaryimage\",\"url\":\"https:\/\/buy-prescriptionz.com\/wp-content\/uploads\/2025\/09\/anabolic-steroids.jpg\",\"contentUrl\":\"https:\/\/buy-prescriptionz.com\/wp-content\/uploads\/2025\/09\/anabolic-steroids.jpg\",\"width\":400,\"height\":300},{\"@type\":\"BreadcrumbList\",\"@id\":\"https:\/\/buy-prescriptionz.com\/product\/buy-anabolic-steroids-online\/#breadcrumb\",\"itemListElement\":[{\"@type\":\"ListItem\",\"position\":1,\"name\":\"Home\",\"item\":\"https:\/\/buy-prescriptionz.com\/\"},{\"@type\":\"ListItem\",\"position\":2,\"name\":\"Shop Painkillers Online\",\"item\":\"https:\/\/buy-prescriptionz.com\/shop-painkillers-online\/\"},{\"@type\":\"ListItem\",\"position\":3,\"name\":\"Buy Anabolic Steroids Online\"}]},{\"@type\":\"WebSite\",\"@id\":\"https:\/\/buy-prescriptionz.com\/#website\",\"url\":\"https:\/\/buy-prescriptionz.com\/\",\"name\":\"Buy Prescriptionz\",\"description\":\"Drugs Online\",\"publisher\":{\"@id\":\"https:\/\/buy-prescriptionz.com\/#organization\"},\"potentialAction\":[{\"@type\":\"SearchAction\",\"target\":{\"@type\":\"EntryPoint\",\"urlTemplate\":\"https:\/\/buy-prescriptionz.com\/?s={search_term_string}\"},\"query-input\":{\"@type\":\"PropertyValueSpecification\",\"valueRequired\":true,\"valueName\":\"search_term_string\"}}],\"inLanguage\":\"nb-NO\"},{\"@type\":\"Organization\",\"@id\":\"https:\/\/buy-prescriptionz.com\/#organization\",\"name\":\"Buy Prescriptionz\",\"url\":\"https:\/\/buy-prescriptionz.com\/\",\"logo\":{\"@type\":\"ImageObject\",\"inLanguage\":\"nb-NO\",\"@id\":\"https:\/\/buy-prescriptionz.com\/#\/schema\/logo\/image\/\",\"url\":\"https:\/\/buy-prescriptionz.com\/wp-content\/uploads\/2023\/09\/logo.png\",\"contentUrl\":\"https:\/\/buy-prescriptionz.com\/wp-content\/uploads\/2023\/09\/logo.png\",\"width\":350,\"height\":64,\"caption\":\"Buy Prescriptionz\"},\"image\":{\"@id\":\"https:\/\/buy-prescriptionz.com\/#\/schema\/logo\/image\/\"}}]}<\/script>\n<!-- \/ Yoast SEO plugin. -->","yoast_head_json":{"title":"Kj\u00f8p anabole steroider online - Anabole steroider til salgs | BuyPrescriptionz","description":"Du kan kj\u00f8pe anabole steroider online uten resept fra Buyprescriptionz.com. Bestill steroider online n\u00e5 med gratis og sikker frakt!","robots":{"index":"index","follow":"follow","max-snippet":"max-snippet:-1","max-image-preview":"max-image-preview:large","max-video-preview":"max-video-preview:-1"},"canonical":"https:\/\/buy-prescriptionz.com\/nb\/produkt\/kjop-anabole-steroider-pa-nett\/","og_locale":"nb_NO","og_type":"article","og_title":"Buy Anabolic Steroids Online - Anabolic Steroids for Sale | BuyPrescriptionz","og_description":"You can buy Anabolic Steroids online without any prescription from an online pharmacy store buy-prescriptionz.com. Order Now with Free & Secure Shipping!","og_url":"https:\/\/buy-prescriptionz.com\/nb\/produkt\/kjop-anabole-steroider-pa-nett\/","og_site_name":"Buy Prescriptionz","article_modified_time":"2025-09-20T05:00:36+00:00","og_image":[{"width":400,"height":300,"url":"https:\/\/buy-prescriptionz.com\/wp-content\/uploads\/2025\/09\/anabolic-steroids.jpg","type":"image\/jpeg"}],"twitter_card":"summary_large_image","twitter_misc":{"Ansl. lesetid":"4 minutter"},"schema":{"@context":"https:\/\/schema.org","@graph":[{"@type":"WebPage","@id":"https:\/\/buy-prescriptionz.com\/product\/buy-anabolic-steroids-online\/","url":"https:\/\/buy-prescriptionz.com\/product\/buy-anabolic-steroids-online\/","name":"Kj\u00f8p anabole steroider online - Anabole steroider til salgs | BuyPrescriptionz","isPartOf":{"@id":"https:\/\/buy-prescriptionz.com\/#website"},"primaryImageOfPage":{"@id":"https:\/\/buy-prescriptionz.com\/product\/buy-anabolic-steroids-online\/#primaryimage"},"image":{"@id":"https:\/\/buy-prescriptionz.com\/product\/buy-anabolic-steroids-online\/#primaryimage"},"thumbnailUrl":"https:\/\/buy-prescriptionz.com\/wp-content\/uploads\/2025\/09\/anabolic-steroids.jpg","datePublished":"2025-09-16T08:55:29+00:00","dateModified":"2025-09-20T05:00:36+00:00","description":"Du kan kj\u00f8pe anabole steroider online uten resept fra Buyprescriptionz.com. Bestill steroider online n\u00e5 med gratis og sikker frakt!","breadcrumb":{"@id":"https:\/\/buy-prescriptionz.com\/product\/buy-anabolic-steroids-online\/#breadcrumb"},"inLanguage":"nb-NO","potentialAction":[{"@type":"ReadAction","target":["https:\/\/buy-prescriptionz.com\/product\/buy-anabolic-steroids-online\/"]}]},{"@type":"ImageObject","inLanguage":"nb-NO","@id":"https:\/\/buy-prescriptionz.com\/product\/buy-anabolic-steroids-online\/#primaryimage","url":"https:\/\/buy-prescriptionz.com\/wp-content\/uploads\/2025\/09\/anabolic-steroids.jpg","contentUrl":"https:\/\/buy-prescriptionz.com\/wp-content\/uploads\/2025\/09\/anabolic-steroids.jpg","width":400,"height":300},{"@type":"BreadcrumbList","@id":"https:\/\/buy-prescriptionz.com\/product\/buy-anabolic-steroids-online\/#breadcrumb","itemListElement":[{"@type":"ListItem","position":1,"name":"Home","item":"https:\/\/buy-prescriptionz.com\/"},{"@type":"ListItem","position":2,"name":"Shop Painkillers Online","item":"https:\/\/buy-prescriptionz.com\/shop-painkillers-online\/"},{"@type":"ListItem","position":3,"name":"Buy Anabolic Steroids Online"}]},{"@type":"WebSite","@id":"https:\/\/buy-prescriptionz.com\/#website","url":"https:\/\/buy-prescriptionz.com\/","name":"Buy Prescriptionz","description":"Drugs Online","publisher":{"@id":"https:\/\/buy-prescriptionz.com\/#organization"},"potentialAction":[{"@type":"SearchAction","target":{"@type":"EntryPoint","urlTemplate":"https:\/\/buy-prescriptionz.com\/?s={search_term_string}"},"query-input":{"@type":"PropertyValueSpecification","valueRequired":true,"valueName":"search_term_string"}}],"inLanguage":"nb-NO"},{"@type":"Organization","@id":"https:\/\/buy-prescriptionz.com\/#organization","name":"Buy Prescriptionz","url":"https:\/\/buy-prescriptionz.com\/","logo":{"@type":"ImageObject","inLanguage":"nb-NO","@id":"https:\/\/buy-prescriptionz.com\/#\/schema\/logo\/image\/","url":"https:\/\/buy-prescriptionz.com\/wp-content\/uploads\/2023\/09\/logo.png","contentUrl":"https:\/\/buy-prescriptionz.com\/wp-content\/uploads\/2023\/09\/logo.png","width":350,"height":64,"caption":"Buy Prescriptionz"},"image":{"@id":"https:\/\/buy-prescriptionz.com\/#\/schema\/logo\/image\/"}}]}},"_links":{"self":[{"href":"https:\/\/buy-prescriptionz.com\/nb\/wp-json\/wp\/v2\/product\/2941","targetHints":{"allow":["GET"]}}],"collection":[{"href":"https:\/\/buy-prescriptionz.com\/nb\/wp-json\/wp\/v2\/product"}],"about":[{"href":"https:\/\/buy-prescriptionz.com\/nb\/wp-json\/wp\/v2\/types\/product"}],"replies":[{"embeddable":true,"href":"https:\/\/buy-prescriptionz.com\/nb\/wp-json\/wp\/v2\/comments?post=2941"}],"wp:featuredmedia":[{"embeddable":true,"href":"https:\/\/buy-prescriptionz.com\/nb\/wp-json\/wp\/v2\/media\/2971"}],"wp:attachment":[{"href":"https:\/\/buy-prescriptionz.com\/nb\/wp-json\/wp\/v2\/media?parent=2941"}],"wp:term":[{"taxonomy":"product_brand","embeddable":true,"href":"https:\/\/buy-prescriptionz.com\/nb\/wp-json\/wp\/v2\/product_brand?post=2941"},{"taxonomy":"product_cat","embeddable":true,"href":"https:\/\/buy-prescriptionz.com\/nb\/wp-json\/wp\/v2\/product_cat?post=2941"},{"taxonomy":"product_tag","embeddable":true,"href":"https:\/\/buy-prescriptionz.com\/nb\/wp-json\/wp\/v2\/product_tag?post=2941"}],"curies":[{"name":"wp","href":"https:\/\/api.w.org\/{rel}","templated":true}]}}