{"id":2942,"date":"2025-09-16T08:55:29","date_gmt":"2025-09-16T08:55:29","guid":{"rendered":"https:\/\/chemsfine.com\/newsite\/?post_type=product&#038;p=2942"},"modified":"2025-09-21T06:31:09","modified_gmt":"2025-09-21T06:31:09","slug":"kjop-daz-10mg-pa-nett","status":"publish","type":"product","link":"https:\/\/buy-prescriptionz.com\/nb\/produkt\/kjop-daz-10mg-pa-nett\/","title":{"rendered":"Kj\u00f8p Daz 10mg p\u00e5 nett"},"content":{"rendered":"<h2>Kj\u00f8p Daz 10mg p\u00e5 nett<\/h2>\n<p>KJ\u00d8P DAZ. Fordelene med diazepam er rask virkning og h\u00f8y effekt, noe som er viktig for \u00e5 h\u00e5ndtere akutte anfall, angstanfall og panikkanfall. Benzodiazepiner har ogs\u00e5 relativt lav toksisitet ved overdose. Diazepam er en kjernemedisin p\u00e5 Verdens helseorganisasjons \u00abEssential Drugs List\u00bb, som er en liste over minimum medisinske behov for et grunnleggende helsevesen. Diazepam ble f\u00f8rst syntetisert av Leo Sternbach, brukes til \u00e5 behandle et bredt spekter av tilstander og har v\u00e6rt en av de mest foreskrevne medisinene i verden siden lanseringen i 1963.<\/p>\n<h3>Daz 10 mg: En omfattende guide<\/h3>\n<p>Den beste Daz 10 mg, ogs\u00e5 kjent som Diazepam, er en mye foreskrevet medisin kjent for sin beroligende effekt p\u00e5 hjernen og nervene. Den tilh\u00f8rer benzodiazepinklassen av legemidler, som fungerer som beroligende midler ved \u00e5 forsterke effekten av visse naturlige kjemikalier i kroppen.<\/p>\n<p><strong>Fordeler med Daz 10 mg:<\/strong><\/p>\n<ol>\n<li>Angstlindring: Daz 10 mg brukes prim\u00e6rt til \u00e5 behandle angstlidelser, og hjelper enkeltpersoner med \u00e5 h\u00e5ndtere symptomer som overdreven bekymring, spenning og rastl\u00f8shet.<\/li>\n<li>Muskelavslapning: Det er ogs\u00e5 effektivt for \u00e5 lindre muskelspasmer og stivhet, noe som gj\u00f8r det gunstig for tilstander som muskelskader eller spastisitet.<\/li>\n<li>Anfallskontroll: Daz 10 mg kan bidra til \u00e5 forebygge og h\u00e5ndtere visse typer anfall, og gi lindring for personer med epilepsi.<\/li>\n<li>Behandling av s\u00f8vnl\u00f8shet: P\u00e5 grunn av dens beroligende effekter kan den hjelpe i behandlingen av s\u00f8vnl\u00f8shet ved \u00e5 fremme avslapning og forbedre s\u00f8vnkvaliteten.<\/li>\n<\/ol>\n<p><strong>Bruk og dosering:<\/strong><\/p>\n<ul>\n<li>Bruk: Daz 10 mg skal tas oralt som foreskrevet av helsepersonell. Det tas vanligvis 2 til 4 ganger daglig, med eller uten mat, avhengig av tilstanden som behandles.<\/li>\n<li>Dosering: Doseringen varierer basert p\u00e5 individuelle helsebehov og medisinsk tilstand. Det er viktig \u00e5 f\u00f8lge den foreskrevne dosen og ikke overskride den uten \u00e5 konsultere lege.<\/li>\n<\/ul>\n<p>Daz 10 mg (Diazepam) er en allsidig medisin kjent for sin effektivitet i behandling av angst, muskelspasmer, anfall og s\u00f8vnl\u00f8shet. Den gir s\u00e5rt tiltrengt lindring for personer som lider av disse tilstandene, og hjelper dem med \u00e5 gjenvinne kontroll over hverdagen. For \u00e5 f\u00e5 tak i Daz 10 mg og andre farmas\u00f8ytiske produkter trygt og enkelt, sjekk det beste apoteket. <a href=\"https:\/\/buy-prescriptionz.com\/nb\/\">buy-prescriptionz.com<\/a>Deres p\u00e5litelige service sikrer tilgang til kvalitetsmedisiner med bekvemmeligheten av online bestilling.<\/p>\n<h3>DAZ 10MG<\/h3>\n<p>Diazepam, f\u00f8rst markedsf\u00f8rt som Valium av Hoffmann-La Roche, er et benzodiazepinlegemiddel. Diazepam markedsf\u00f8res ogs\u00e5 i Australia som Antenex. Det brukes ofte til behandling av angst, s\u00f8vnl\u00f8shet, anfall inkludert status epilepticus, muskelspasmer (som i tilfeller av stivkrampe), rastl\u00f8se bens syndrom, alkoholabstinenser, benzodiazepinabstinenser og M\u00e9ni\u00e8res sykdom. Det kan ogs\u00e5 brukes f\u00f8r visse medisinske prosedyrer (som endoskopier) for \u00e5 redusere spenning og angst, og i noen kirurgiske prosedyrer for \u00e5 indusere hukommelsestap. Det har angstdempende, antikonvulsive, hypnotiske, beroligende, skjelettmuskelavslappende og amnestiske egenskaper. Den farmakologiske virkningen av diazepams forsterker effekten av nevrotransmitteren GABA ved \u00e5 binde seg til benzodiazepinstedet p\u00e5 GABAA-reseptoren (via det bestanddelende kloratomet), noe som f\u00f8rer til depresjon av sentralnervesystemet.<\/p>\n<p>Bivirkninger av diazepam inkluderer anterograd amnesi (spesielt ved h\u00f8yere doser) og sedasjon, samt paradoksale effekter som opphisselse, raseri eller forverring av anfall hos epileptikere. Benzodiazepiner kan ogs\u00e5 for\u00e5rsake eller forverre depresjon. Langtidseffekter av benzodiazepiner som diazepam inkluderer toleranse, benzodiazepinavhengighet samt benzodiazepinabstinenssyndrom ved dosereduksjon. I tillegg kan kognitive svikt vedvare i minst 6 m\u00e5neder etter seponering av benzodiazepiner, og de kan ikke g\u00e5 helt tilbake til det normale. Det ble imidlertid antydet at det kan v\u00e6re behov for mer enn 6 m\u00e5neder for \u00e5 komme seg etter noen svikt. Diazepam har ogs\u00e5 potensial for fysisk avhengighet og kan for\u00e5rsake alvorlige problemer med fysisk avhengighet ved langvarig bruk. Sammenlignet med andre benzodiazepiner er imidlertid fysisk abstinens fra diazepam etter langvarig bruk vanligvis mye mildere p\u00e5 grunn av den lange eliminasjonshalveringstiden. Likevel har nasjonale myndigheter anbefalt umiddelbare tiltak for \u00e5 forbedre forskrivningspraksis.<\/p>\n<p class=\"p1\"><span class=\"s1\">Kj\u00f8p billige smertestillende p\u00e5 nett, KJ\u00d8P PILLER 10MG Lortab kj\u00f8p p\u00e5 nett, bestill smertestillende p\u00e5 nett, bestill smertestillende p\u00e5 nett. Kj\u00f8p smertestillende piller p\u00e5 nett uten resept,<\/span> BESTE TILBUD KJ\u00d8P DAZ 10MG, BILLIG KJ\u00d8P DAZ 10MG P\u00c5 NETT, HVORDAN KJ\u00d8PE KJ\u00d8P DAZ 10MG P\u00c5 NETT, PRIS KJ\u00d8P DAZ 10MG, KVALITETSLEVERAND\u00d8RER KJ\u00d8P DAZ 10MG P\u00c5 NETT<\/p>","protected":false},"excerpt":{"rendered":"<p>Buy Daz 10mg Online BUY DAZ, Advantages of diazepam are a rapid onset of action and high efficacy rates which is important for managing acute seizures, anxiety attacks, and panic attacks; benzodiazepines also have a relatively low toxicity in overdose. Diazepam is a core medicine in the World Health Organization\u2019s \u201cEssential Drugs List\u201d, which is [&hellip;]<\/p>","protected":false},"featured_media":2972,"comment_status":"open","ping_status":"closed","template":"","meta":{"site-sidebar-layout":"default","site-content-layout":"","ast-site-content-layout":"default","site-content-style":"default","site-sidebar-style":"default","ast-global-header-display":"","ast-banner-title-visibility":"","ast-main-header-display":"","ast-hfb-above-header-display":"","ast-hfb-below-header-display":"","ast-hfb-mobile-header-display":"","site-post-title":"","ast-breadcrumbs-content":"","ast-featured-img":"","footer-sml-layout":"","theme-transparent-header-meta":"default","adv-header-id-meta":"","stick-header-meta":"","header-above-stick-meta":"","header-main-stick-meta":"","header-below-stick-meta":"","astra-migrate-meta-layouts":"set","ast-page-background-enabled":"default","ast-page-background-meta":{"desktop":{"background-color":"var(--ast-global-color-4)","background-image":"","background-repeat":"repeat","background-position":"center center","background-size":"auto","background-attachment":"scroll","background-type":"","background-media":"","overlay-type":"","overlay-color":"","overlay-opacity":"","overlay-gradient":""},"tablet":{"background-color":"","background-image":"","background-repeat":"repeat","background-position":"center center","background-size":"auto","background-attachment":"scroll","background-type":"","background-media":"","overlay-type":"","overlay-color":"","overlay-opacity":"","overlay-gradient":""},"mobile":{"background-color":"","background-image":"","background-repeat":"repeat","background-position":"center center","background-size":"auto","background-attachment":"scroll","background-type":"","background-media":"","overlay-type":"","overlay-color":"","overlay-opacity":"","overlay-gradient":""}},"ast-content-background-meta":{"desktop":{"background-color":"var(--ast-global-color-5)","background-image":"","background-repeat":"repeat","background-position":"center center","background-size":"auto","background-attachment":"scroll","background-type":"","background-media":"","overlay-type":"","overlay-color":"","overlay-opacity":"","overlay-gradient":""},"tablet":{"background-color":"var(--ast-global-color-5)","background-image":"","background-repeat":"repeat","background-position":"center center","background-size":"auto","background-attachment":"scroll","background-type":"","background-media":"","overlay-type":"","overlay-color":"","overlay-opacity":"","overlay-gradient":""},"mobile":{"background-color":"var(--ast-global-color-5)","background-image":"","background-repeat":"repeat","background-position":"center center","background-size":"auto","background-attachment":"scroll","background-type":"","background-media":"","overlay-type":"","overlay-color":"","overlay-opacity":"","overlay-gradient":""}}},"product_brand":[],"product_cat":[15],"product_tag":[1925,1926,1924,1919,1922,1921,1920,1923,1918,1917,1927],"class_list":{"0":"post-2942","1":"product","2":"type-product","3":"status-publish","4":"has-post-thumbnail","6":"product_cat-buy-prescription-drugs","7":"product_tag-buy-daz-10mg-in-canada","8":"product_tag-buy-daz-10mg-in-uk","9":"product_tag-buy-daz-10mg-in-usa","10":"product_tag-buy-daz-10mg-with-bitcoin","11":"product_tag-buy-daz-10mg-with-credit-card","12":"product_tag-buy-daz-10mg-with-money-gram","13":"product_tag-buy-daz-10mg-with-western-union","14":"product_tag-buy-daz-10mg-without-a-doctor","15":"product_tag-buy-daz-10mg-without-prescription","16":"product_tag-daz-10mg-for-sale","17":"product_tag-daz-10mg-tablets","18":"desktop-align-center","19":"tablet-align-left","20":"mobile-align-left","22":"first","23":"instock","24":"shipping-taxable","25":"purchasable","26":"product-type-variable","27":"has-default-attributes"},"yoast_head":"<!-- This site is optimized with the Yoast SEO plugin v25.9 - https:\/\/yoast.com\/wordpress\/plugins\/seo\/ -->\n<title>Buy Daz 10mg Online - Buy Prescriptionz How to Buy DAZ 10MG Online<\/title>\n<meta name=\"description\" content=\"If you want to cure acute seizures, anxiety attacks, and panic attacks, then you need to buy DAZ 10MG online from us. We have the best offer on buying DAZ 10MG.\" \/>\n<meta name=\"robots\" content=\"index, follow, max-snippet:-1, max-image-preview:large, max-video-preview:-1\" \/>\n<link rel=\"canonical\" href=\"https:\/\/buy-prescriptionz.com\/nb\/produkt\/kjop-daz-10mg-pa-nett\/\" \/>\n<meta property=\"og:locale\" content=\"nb_NO\" \/>\n<meta property=\"og:type\" content=\"article\" \/>\n<meta property=\"og:title\" content=\"Buy Daz 10mg Online - Buy Prescriptionz How to Buy DAZ 10MG Online\" \/>\n<meta property=\"og:description\" content=\"If you want to cure acute seizures, anxiety attacks, and panic attacks, then you need to buy DAZ 10MG online from us. We have the best offer on buying DAZ 10MG.\" \/>\n<meta property=\"og:url\" content=\"https:\/\/buy-prescriptionz.com\/nb\/produkt\/kjop-daz-10mg-pa-nett\/\" \/>\n<meta property=\"og:site_name\" content=\"Buy Prescriptionz\" \/>\n<meta property=\"article:modified_time\" content=\"2025-09-21T06:31:09+00:00\" \/>\n<meta property=\"og:image\" content=\"https:\/\/buy-prescriptionz.com\/wp-content\/uploads\/2025\/09\/DAZ-10MG-600x450-1.jpg\" \/>\n\t<meta property=\"og:image:width\" content=\"600\" \/>\n\t<meta property=\"og:image:height\" content=\"450\" \/>\n\t<meta property=\"og:image:type\" content=\"image\/jpeg\" \/>\n<meta name=\"twitter:card\" content=\"summary_large_image\" \/>\n<meta name=\"twitter:label1\" content=\"Ansl. lesetid\" \/>\n\t<meta name=\"twitter:data1\" content=\"4 minutter\" \/>\n<script type=\"application\/ld+json\" class=\"yoast-schema-graph\">{\"@context\":\"https:\/\/schema.org\",\"@graph\":[{\"@type\":\"WebPage\",\"@id\":\"https:\/\/buy-prescriptionz.com\/product\/buy-daz-10mg-online\/\",\"url\":\"https:\/\/buy-prescriptionz.com\/product\/buy-daz-10mg-online\/\",\"name\":\"Buy Daz 10mg Online - Buy Prescriptionz How to Buy DAZ 10MG Online\",\"isPartOf\":{\"@id\":\"https:\/\/buy-prescriptionz.com\/#website\"},\"primaryImageOfPage\":{\"@id\":\"https:\/\/buy-prescriptionz.com\/product\/buy-daz-10mg-online\/#primaryimage\"},\"image\":{\"@id\":\"https:\/\/buy-prescriptionz.com\/product\/buy-daz-10mg-online\/#primaryimage\"},\"thumbnailUrl\":\"https:\/\/buy-prescriptionz.com\/wp-content\/uploads\/2025\/09\/DAZ-10MG-600x450-1.jpg\",\"datePublished\":\"2025-09-16T08:55:29+00:00\",\"dateModified\":\"2025-09-21T06:31:09+00:00\",\"description\":\"If you want to cure acute seizures, anxiety attacks, and panic attacks, then you need to buy DAZ 10MG online from us. We have the best offer on buying DAZ 10MG.\",\"breadcrumb\":{\"@id\":\"https:\/\/buy-prescriptionz.com\/product\/buy-daz-10mg-online\/#breadcrumb\"},\"inLanguage\":\"nb-NO\",\"potentialAction\":[{\"@type\":\"ReadAction\",\"target\":[\"https:\/\/buy-prescriptionz.com\/product\/buy-daz-10mg-online\/\"]}]},{\"@type\":\"ImageObject\",\"inLanguage\":\"nb-NO\",\"@id\":\"https:\/\/buy-prescriptionz.com\/product\/buy-daz-10mg-online\/#primaryimage\",\"url\":\"https:\/\/buy-prescriptionz.com\/wp-content\/uploads\/2025\/09\/DAZ-10MG-600x450-1.jpg\",\"contentUrl\":\"https:\/\/buy-prescriptionz.com\/wp-content\/uploads\/2025\/09\/DAZ-10MG-600x450-1.jpg\",\"width\":600,\"height\":450},{\"@type\":\"BreadcrumbList\",\"@id\":\"https:\/\/buy-prescriptionz.com\/product\/buy-daz-10mg-online\/#breadcrumb\",\"itemListElement\":[{\"@type\":\"ListItem\",\"position\":1,\"name\":\"Home\",\"item\":\"https:\/\/buy-prescriptionz.com\/\"},{\"@type\":\"ListItem\",\"position\":2,\"name\":\"Shop Painkillers Online\",\"item\":\"https:\/\/buy-prescriptionz.com\/shop-painkillers-online\/\"},{\"@type\":\"ListItem\",\"position\":3,\"name\":\"Buy Daz 10mg Online\"}]},{\"@type\":\"WebSite\",\"@id\":\"https:\/\/buy-prescriptionz.com\/#website\",\"url\":\"https:\/\/buy-prescriptionz.com\/\",\"name\":\"Buy Prescriptionz\",\"description\":\"Drugs Online\",\"publisher\":{\"@id\":\"https:\/\/buy-prescriptionz.com\/#organization\"},\"potentialAction\":[{\"@type\":\"SearchAction\",\"target\":{\"@type\":\"EntryPoint\",\"urlTemplate\":\"https:\/\/buy-prescriptionz.com\/?s={search_term_string}\"},\"query-input\":{\"@type\":\"PropertyValueSpecification\",\"valueRequired\":true,\"valueName\":\"search_term_string\"}}],\"inLanguage\":\"nb-NO\"},{\"@type\":\"Organization\",\"@id\":\"https:\/\/buy-prescriptionz.com\/#organization\",\"name\":\"Buy Prescriptionz\",\"url\":\"https:\/\/buy-prescriptionz.com\/\",\"logo\":{\"@type\":\"ImageObject\",\"inLanguage\":\"nb-NO\",\"@id\":\"https:\/\/buy-prescriptionz.com\/#\/schema\/logo\/image\/\",\"url\":\"https:\/\/buy-prescriptionz.com\/wp-content\/uploads\/2023\/09\/logo.png\",\"contentUrl\":\"https:\/\/buy-prescriptionz.com\/wp-content\/uploads\/2023\/09\/logo.png\",\"width\":350,\"height\":64,\"caption\":\"Buy Prescriptionz\"},\"image\":{\"@id\":\"https:\/\/buy-prescriptionz.com\/#\/schema\/logo\/image\/\"}}]}<\/script>\n<!-- \/ Yoast SEO plugin. -->","yoast_head_json":{"title":"Kj\u00f8p Daz 10mg p\u00e5 nett - Kj\u00f8p Prescriptionz Hvordan kj\u00f8pe DAZ 10MG p\u00e5 nett","description":"Hvis du \u00f8nsker \u00e5 kurere akutte anfall, angstanfall og panikkanfall, m\u00e5 du kj\u00f8pe DAZ 10MG p\u00e5 nett fra oss. Vi har det beste tilbudet p\u00e5 kj\u00f8p av DAZ 10MG.","robots":{"index":"index","follow":"follow","max-snippet":"max-snippet:-1","max-image-preview":"max-image-preview:large","max-video-preview":"max-video-preview:-1"},"canonical":"https:\/\/buy-prescriptionz.com\/nb\/produkt\/kjop-daz-10mg-pa-nett\/","og_locale":"nb_NO","og_type":"article","og_title":"Buy Daz 10mg Online - Buy Prescriptionz How to Buy DAZ 10MG Online","og_description":"If you want to cure acute seizures, anxiety attacks, and panic attacks, then you need to buy DAZ 10MG online from us. We have the best offer on buying DAZ 10MG.","og_url":"https:\/\/buy-prescriptionz.com\/nb\/produkt\/kjop-daz-10mg-pa-nett\/","og_site_name":"Buy Prescriptionz","article_modified_time":"2025-09-21T06:31:09+00:00","og_image":[{"width":600,"height":450,"url":"https:\/\/buy-prescriptionz.com\/wp-content\/uploads\/2025\/09\/DAZ-10MG-600x450-1.jpg","type":"image\/jpeg"}],"twitter_card":"summary_large_image","twitter_misc":{"Ansl. lesetid":"4 minutter"},"schema":{"@context":"https:\/\/schema.org","@graph":[{"@type":"WebPage","@id":"https:\/\/buy-prescriptionz.com\/product\/buy-daz-10mg-online\/","url":"https:\/\/buy-prescriptionz.com\/product\/buy-daz-10mg-online\/","name":"Kj\u00f8p Daz 10mg p\u00e5 nett - Kj\u00f8p Prescriptionz Hvordan kj\u00f8pe DAZ 10MG p\u00e5 nett","isPartOf":{"@id":"https:\/\/buy-prescriptionz.com\/#website"},"primaryImageOfPage":{"@id":"https:\/\/buy-prescriptionz.com\/product\/buy-daz-10mg-online\/#primaryimage"},"image":{"@id":"https:\/\/buy-prescriptionz.com\/product\/buy-daz-10mg-online\/#primaryimage"},"thumbnailUrl":"https:\/\/buy-prescriptionz.com\/wp-content\/uploads\/2025\/09\/DAZ-10MG-600x450-1.jpg","datePublished":"2025-09-16T08:55:29+00:00","dateModified":"2025-09-21T06:31:09+00:00","description":"Hvis du \u00f8nsker \u00e5 kurere akutte anfall, angstanfall og panikkanfall, m\u00e5 du kj\u00f8pe DAZ 10MG p\u00e5 nett fra oss. Vi har det beste tilbudet p\u00e5 kj\u00f8p av DAZ 10MG.","breadcrumb":{"@id":"https:\/\/buy-prescriptionz.com\/product\/buy-daz-10mg-online\/#breadcrumb"},"inLanguage":"nb-NO","potentialAction":[{"@type":"ReadAction","target":["https:\/\/buy-prescriptionz.com\/product\/buy-daz-10mg-online\/"]}]},{"@type":"ImageObject","inLanguage":"nb-NO","@id":"https:\/\/buy-prescriptionz.com\/product\/buy-daz-10mg-online\/#primaryimage","url":"https:\/\/buy-prescriptionz.com\/wp-content\/uploads\/2025\/09\/DAZ-10MG-600x450-1.jpg","contentUrl":"https:\/\/buy-prescriptionz.com\/wp-content\/uploads\/2025\/09\/DAZ-10MG-600x450-1.jpg","width":600,"height":450},{"@type":"BreadcrumbList","@id":"https:\/\/buy-prescriptionz.com\/product\/buy-daz-10mg-online\/#breadcrumb","itemListElement":[{"@type":"ListItem","position":1,"name":"Home","item":"https:\/\/buy-prescriptionz.com\/"},{"@type":"ListItem","position":2,"name":"Shop Painkillers Online","item":"https:\/\/buy-prescriptionz.com\/shop-painkillers-online\/"},{"@type":"ListItem","position":3,"name":"Buy Daz 10mg Online"}]},{"@type":"WebSite","@id":"https:\/\/buy-prescriptionz.com\/#website","url":"https:\/\/buy-prescriptionz.com\/","name":"Buy Prescriptionz","description":"Drugs Online","publisher":{"@id":"https:\/\/buy-prescriptionz.com\/#organization"},"potentialAction":[{"@type":"SearchAction","target":{"@type":"EntryPoint","urlTemplate":"https:\/\/buy-prescriptionz.com\/?s={search_term_string}"},"query-input":{"@type":"PropertyValueSpecification","valueRequired":true,"valueName":"search_term_string"}}],"inLanguage":"nb-NO"},{"@type":"Organization","@id":"https:\/\/buy-prescriptionz.com\/#organization","name":"Buy Prescriptionz","url":"https:\/\/buy-prescriptionz.com\/","logo":{"@type":"ImageObject","inLanguage":"nb-NO","@id":"https:\/\/buy-prescriptionz.com\/#\/schema\/logo\/image\/","url":"https:\/\/buy-prescriptionz.com\/wp-content\/uploads\/2023\/09\/logo.png","contentUrl":"https:\/\/buy-prescriptionz.com\/wp-content\/uploads\/2023\/09\/logo.png","width":350,"height":64,"caption":"Buy Prescriptionz"},"image":{"@id":"https:\/\/buy-prescriptionz.com\/#\/schema\/logo\/image\/"}}]}},"_links":{"self":[{"href":"https:\/\/buy-prescriptionz.com\/nb\/wp-json\/wp\/v2\/product\/2942","targetHints":{"allow":["GET"]}}],"collection":[{"href":"https:\/\/buy-prescriptionz.com\/nb\/wp-json\/wp\/v2\/product"}],"about":[{"href":"https:\/\/buy-prescriptionz.com\/nb\/wp-json\/wp\/v2\/types\/product"}],"replies":[{"embeddable":true,"href":"https:\/\/buy-prescriptionz.com\/nb\/wp-json\/wp\/v2\/comments?post=2942"}],"wp:featuredmedia":[{"embeddable":true,"href":"https:\/\/buy-prescriptionz.com\/nb\/wp-json\/wp\/v2\/media\/2972"}],"wp:attachment":[{"href":"https:\/\/buy-prescriptionz.com\/nb\/wp-json\/wp\/v2\/media?parent=2942"}],"wp:term":[{"taxonomy":"product_brand","embeddable":true,"href":"https:\/\/buy-prescriptionz.com\/nb\/wp-json\/wp\/v2\/product_brand?post=2942"},{"taxonomy":"product_cat","embeddable":true,"href":"https:\/\/buy-prescriptionz.com\/nb\/wp-json\/wp\/v2\/product_cat?post=2942"},{"taxonomy":"product_tag","embeddable":true,"href":"https:\/\/buy-prescriptionz.com\/nb\/wp-json\/wp\/v2\/product_tag?post=2942"}],"curies":[{"name":"wp","href":"https:\/\/api.w.org\/{rel}","templated":true}]}}