{"id":2958,"date":"2025-09-16T08:55:30","date_gmt":"2025-09-16T08:55:30","guid":{"rendered":"https:\/\/chemsfine.com\/newsite\/?post_type=product&#038;p=2958"},"modified":"2025-09-23T14:08:33","modified_gmt":"2025-09-23T14:08:33","slug":"kjop-nembutalpulvermedisiner-pa-nett","status":"publish","type":"product","link":"https:\/\/buy-prescriptionz.com\/nb\/produkt\/kjop-nembutalpulvermedisiner-pa-nett\/","title":{"rendered":"K\u00f8b Nembutal pulver online"},"content":{"rendered":"<h2>K\u00f8b Nembutal pulver online<\/h2>\n<p>Pulver narkotika online . Nembutal tilh\u00f8rer klassen av legemidler som kalles som barbiturater. Hovedbehandlingen av Nembutal anses \u00e5 v\u00e6re en kortvarig behandling for s\u00f8vnl\u00f8shet, som et preanestetisk middel f\u00f8r kirurgi, og ogs\u00e5 i behandling av angst og ogs\u00e5 krampestillende i n\u00f8dstilfeller. Dette har ogs\u00e5 blitt brukt til \u00e5 redusere trykket fra hodeskallen, som er i tilfelle traumatisk hjerneskade, og det har ogs\u00e5 blitt brukt som et avlivingsmiddel for mennesker og dyr. Dette brukes ogs\u00e5 i statlig henrettelse av kriminelle. Dette stoffet kan ogs\u00e5 brukes til \u00e5 avlive dyr eller til og med mennesker og er \u00e5penbart en potensielt farlig medisin i h\u00f8ye doser.<\/p>\n<p>Kj\u00f8p Nembutal Powder Drugs Online Nembutal pulver ogs\u00e5 kalt \"Fredelig utgang\" eller Pentobarbital Sodium har i \u00f8kende grad \u00f8kt ettersp\u00f8rselen over hele verden, da dette er det eneste kjente produktet som f\u00f8rer til d\u00f8d raskt uten smerte. (Det kan skje innen 5-10 minutter etter \u00e5 ha drukket det).<\/p>\n<p>Nembutal ogs\u00e5 kjent som Pentobarbital er et barbituratklasse medikament. Den er tilgjengelig i 3 former, og den mest praktiske inntaksformen er pulverformen .<\/p>\n<p>Pulverform av Nembutal tilgjengelig p\u00e5 Nembutal beste leverand\u00f8rer er av h\u00f8y kvalitet og vil f\u00f8re til en enkel og fredelig d\u00f8d snart (uten smerte) Kj\u00f8p Nembutal Powder Drugs Online<\/p>\n<h3>Nembutal pulverkonsentrasjon:<\/h3>\n<p>1. 12 gram<br \/>\n2,15 gram<br \/>\n3. 20 gram<br \/>\n4. 25 gram<\/p>\n<p>Nembutal (Pentobarbitalnatrium) brukes p\u00e5 kort sikt for \u00e5 behandle s\u00f8vnl\u00f8shet. Det brukes ogs\u00e5 som akuttbehandling for anfall, og for \u00e5 f\u00e5 pasienter til \u00e5 sovne for operasjon.<br \/>\nDette legemidlet i pulverform er tilgjengelig i generisk italiensk form. For pasienter som \u00f8nsker \u00e5 ta det for \u00e5 behandle s\u00f8vnl\u00f8shet eller andre relaterte problemer, b\u00f8r bruken begrenses etter behov. Kj\u00f8p Nembutal-pulvermedisiner<\/p>\n<h2>Hva er effekten av Nembutal-misbruk?<\/h2>\n<p>P\u00e5 grunn av misbruk av nembutal kan det f\u00f8re til:<\/p>\n<p>1. Hukommelse eller konsentrasjon<br \/>\n2. Spenning<br \/>\n3. Irritabilitet<br \/>\n4 Aggression<br \/>\n5. Forvirring<br \/>\n6. Tap av balanse eller koordinasjon<br \/>\n7. Mareritt<br \/>\n8. Illam\u00e5ende<br \/>\n9 h\u00e1ny\u00e1s<br \/>\n10 Costipazione<br \/>\n11. Hodepine eller d\u00f8sighet<\/p>\n<h3>DOSERING:<\/h3>\n<p>Dosering av Nembutal(barbiturater) m\u00e5 individualiseres med kunnskap om pasientens medisinske tilstand og anbefalt administreringshastighet.<\/p>\n<h3>Forst\u00e5 Nembutal Powder Drugs<\/h3>\n<p>Nembutal, eller pentobarbital, er et potent barbiturat med en rekke bruksomr\u00e5der innen medisinsk og veterin\u00e6r praksis, f\u00f8rst og fremst kjent for sine beroligende, hypnotiske og antikonvulsive egenskaper. Det er tilgjengelig i pulverform og har v\u00e6rt et fast innslag i akuttmedisinske og kirurgiske settinger i flere ti\u00e5r.<\/p>\n<h3>Medisinske anvendelser av Nembutalpulver<\/h3>\n<ol>\n<li>Sedasjon: Nembutal er uvurderlig for \u00e5 indusere dyp sedasjon f\u00f8r operasjoner eller prosedyrer der beroligende effekter er avgj\u00f8rende. Dens evne til raskt \u00e5 indusere s\u00f8vn gj\u00f8r den foretrukket i kritiske behandlingsscenarioer.<\/li>\n<li>Anfallsbehandling: Som et antikonvulsivt middel er Nembutal effektivt for \u00e5 stoppe alvorlige anfall som ikke responderer p\u00e5 annen behandling. Den raske virkningen bidrar til \u00e5 stabilisere pasienter under medisinske n\u00f8dsituasjoner.<\/li>\n<li>Avliving: Innen veterin\u00e6rmedisin brukes Nembutal til human avliving p\u00e5 grunn av dens evne til \u00e5 indusere en smertefri og fredelig avliving hos dyr, noe som sikrer minimal lidelse.<\/li>\n<\/ol>\n<h3>Fordeler med nembutalpulver<\/h3>\n<ol>\n<li>Rask virkning: Nembutals raske virkning er en betydelig fordel i n\u00f8dsituasjoner, der rask sedasjon eller anfallskontroll er avgj\u00f8rende. Denne egenskapen forbedrer dens nytteverdi innen intensivbehandling og akuttmedisin.<\/li>\n<li>P\u00e5litelighet: Med en lang historie med medisinsk bruk er Nembutal p\u00e5litelig for sine konsistente og forutsigbare effekter. Medisinske fagfolk stoler p\u00e5 p\u00e5liteligheten for \u00e5 oppn\u00e5 \u00f8nskede resultater, enten det er for sedasjon eller behandling av anfall.<\/li>\n<li>Allsidighet: Utover sine prim\u00e6re bruksomr\u00e5der, viser Nembutal allsidighet i medisinske applikasjoner, for eksempel tilleggsbehandling i spesifikke behandlingsregimer der sedasjon eller anfallskontroll er n\u00f8dvendig.<\/li>\n<\/ol>\n<p>Nembutalpulver er fortsatt et essensielt legemiddel b\u00e5de innen medisin og veterin\u00e6rmedisin, og er verdsatt for sin effektivitet innen sedasjon, behandling av anfall og avliving. For p\u00e5litelig tilgang til Nembutalpulver og andre essensielle legemidler, b\u00f8r du vurdere det beste apoteket. <a href=\"https:\/\/buy-prescriptionz.com\/nb\/\">buy-prescriptionz.com<\/a>, ensuring dependable supply for critical healthcare needs.<\/p>\n<h3>Nembutal pulver advarsler<\/h3>\n<p>1. Ingen bruk b\u00f8r gj\u00f8res under graviditet. Barbiturat (Nembutal) kan for\u00e5rsake fosterskader n\u00e5r det administreres til gravide kvinner. Derfor er det ikke anbefalt av leger.<br \/>\n2. For rask administrering kan til og med for\u00e5rsake respirasjonsdepresjon, apn\u00e9 og vasodilatasjon med fall i <a href=\"https:\/\/en.wikipedia.org\/w\/index.php?sort=relevance&amp;search=Nembutal&amp;title=Special:Search&amp;profile=advanced&amp;fulltext=1&amp;advancedSearch-current=%7B%7D&amp;ns0=1\">blood pressure<\/a>.<\/p>\n<p>Vi har den beste kvaliteten ren Nembutal (Pentobarbital Powder) til salgs til de beste konkurransedyktige prisene. Vi tilbyr 98 % til 99,8 % ren, h\u00f8ykvalitets Nembutal (Pentobarbitalnatrium) og vi garanterer effektiv og diskret levering. Vi bygget v\u00e5rt suverene rykte ved \u00e5 tilby v\u00e5re kunder utmerket kvalitet\/h\u00f8y renhet Nembutal med diskret levering og vennlig kundest\u00f8tte. Vi tilbyr utmerket renhet, sikker betaling, veldig diskret, rask og 100 % effektiv internasjonal levering. Kj\u00f8p Nembutal Powder Drugs<\/p>","protected":false},"excerpt":{"rendered":"<p>Buy Nembutal Powder Drugs Online Buy Nembutal Powder Drugs Online . Nembutal belongs to the class of drugs which is called as barbiturates. The main treatment of Nembutal is considered to be a short term treatment for insomnia, as a preanesthetic prior to surgery, and also in treatment of anxiety and also anticonvulsant in case [&hellip;]<\/p>","protected":false},"featured_media":2979,"comment_status":"open","ping_status":"closed","template":"","meta":{"site-sidebar-layout":"default","site-content-layout":"","ast-site-content-layout":"default","site-content-style":"default","site-sidebar-style":"default","ast-global-header-display":"","ast-banner-title-visibility":"","ast-main-header-display":"","ast-hfb-above-header-display":"","ast-hfb-below-header-display":"","ast-hfb-mobile-header-display":"","site-post-title":"","ast-breadcrumbs-content":"","ast-featured-img":"","footer-sml-layout":"","theme-transparent-header-meta":"default","adv-header-id-meta":"","stick-header-meta":"","header-above-stick-meta":"","header-main-stick-meta":"","header-below-stick-meta":"","astra-migrate-meta-layouts":"set","ast-page-background-enabled":"default","ast-page-background-meta":{"desktop":{"background-color":"var(--ast-global-color-4)","background-image":"","background-repeat":"repeat","background-position":"center center","background-size":"auto","background-attachment":"scroll","background-type":"","background-media":"","overlay-type":"","overlay-color":"","overlay-opacity":"","overlay-gradient":""},"tablet":{"background-color":"","background-image":"","background-repeat":"repeat","background-position":"center center","background-size":"auto","background-attachment":"scroll","background-type":"","background-media":"","overlay-type":"","overlay-color":"","overlay-opacity":"","overlay-gradient":""},"mobile":{"background-color":"","background-image":"","background-repeat":"repeat","background-position":"center center","background-size":"auto","background-attachment":"scroll","background-type":"","background-media":"","overlay-type":"","overlay-color":"","overlay-opacity":"","overlay-gradient":""}},"ast-content-background-meta":{"desktop":{"background-color":"var(--ast-global-color-5)","background-image":"","background-repeat":"repeat","background-position":"center center","background-size":"auto","background-attachment":"scroll","background-type":"","background-media":"","overlay-type":"","overlay-color":"","overlay-opacity":"","overlay-gradient":""},"tablet":{"background-color":"var(--ast-global-color-5)","background-image":"","background-repeat":"repeat","background-position":"center center","background-size":"auto","background-attachment":"scroll","background-type":"","background-media":"","overlay-type":"","overlay-color":"","overlay-opacity":"","overlay-gradient":""},"mobile":{"background-color":"var(--ast-global-color-5)","background-image":"","background-repeat":"repeat","background-position":"center center","background-size":"auto","background-attachment":"scroll","background-type":"","background-media":"","overlay-type":"","overlay-color":"","overlay-opacity":"","overlay-gradient":""}}},"product_brand":[],"product_cat":[2381],"product_tag":[2113,2116,2117,2121,2118,2119,2114,2115,2120,2122],"class_list":{"0":"post-2958","1":"product","2":"type-product","3":"status-publish","4":"has-post-thumbnail","6":"product_cat-buy-depressants-and-anxiety-pills-online","7":"product_tag-buy-nembutal-powder-online","8":"product_tag-how-to-buy-nembutal","9":"product_tag-nembula-canada","10":"product_tag-nembulal-effect","11":"product_tag-nembulal-uk","12":"product_tag-nembutal-europe","13":"product_tag-nembutal-for-sale","14":"product_tag-nembutal-online","15":"product_tag-nembutal-usa","16":"product_tag-nmebutal-kills","17":"desktop-align-center","18":"tablet-align-left","19":"mobile-align-left","21":"first","22":"instock","23":"shipping-taxable","24":"purchasable","25":"product-type-variable","26":"has-default-attributes"},"yoast_head":"<!-- This site is optimized with the Yoast SEO plugin v25.9 - https:\/\/yoast.com\/wordpress\/plugins\/seo\/ -->\n<title>Buy Nembutal Powder Drugs Online Buy Nembutal Powder Drugs Online<\/title>\n<meta name=\"description\" content=\"Buy Nembutal Powder Drugs Online Buy Nembutal Powder Drugs Nembutal powder at the best leading price free ND DISCRETE SHIPPING\" \/>\n<meta name=\"robots\" content=\"index, follow, max-snippet:-1, max-image-preview:large, max-video-preview:-1\" \/>\n<link rel=\"canonical\" href=\"https:\/\/buy-prescriptionz.com\/nb\/produkt\/kjop-nembutalpulvermedisiner-pa-nett\/\" \/>\n<meta property=\"og:locale\" content=\"nb_NO\" \/>\n<meta property=\"og:type\" content=\"article\" \/>\n<meta property=\"og:title\" content=\"Buy Nembutal Powder Drugs Online Buy Nembutal Powder Drugs Online\" \/>\n<meta property=\"og:description\" content=\"Buy Nembutal Powder Drugs Online Buy Nembutal Powder Drugs Nembutal powder at the best leading price free ND DISCRETE SHIPPING\" \/>\n<meta property=\"og:url\" content=\"https:\/\/buy-prescriptionz.com\/nb\/produkt\/kjop-nembutalpulvermedisiner-pa-nett\/\" \/>\n<meta property=\"og:site_name\" content=\"Buy Prescriptionz\" \/>\n<meta property=\"article:modified_time\" content=\"2025-09-23T14:08:33+00:00\" \/>\n<meta property=\"og:image\" content=\"https:\/\/buy-prescriptionz.com\/wp-content\/uploads\/2025\/09\/nembutal.jpg\" \/>\n\t<meta property=\"og:image:width\" content=\"400\" \/>\n\t<meta property=\"og:image:height\" content=\"300\" \/>\n\t<meta property=\"og:image:type\" content=\"image\/jpeg\" \/>\n<meta name=\"twitter:card\" content=\"summary_large_image\" \/>\n<meta name=\"twitter:label1\" content=\"Ansl. lesetid\" \/>\n\t<meta name=\"twitter:data1\" content=\"4 minutter\" \/>\n<script type=\"application\/ld+json\" class=\"yoast-schema-graph\">{\"@context\":\"https:\/\/schema.org\",\"@graph\":[{\"@type\":\"WebPage\",\"@id\":\"https:\/\/buy-prescriptionz.com\/product\/buy-nembutal-powder-drugs-online\/\",\"url\":\"https:\/\/buy-prescriptionz.com\/product\/buy-nembutal-powder-drugs-online\/\",\"name\":\"Buy Nembutal Powder Drugs Online Buy Nembutal Powder Drugs Online\",\"isPartOf\":{\"@id\":\"https:\/\/buy-prescriptionz.com\/#website\"},\"primaryImageOfPage\":{\"@id\":\"https:\/\/buy-prescriptionz.com\/product\/buy-nembutal-powder-drugs-online\/#primaryimage\"},\"image\":{\"@id\":\"https:\/\/buy-prescriptionz.com\/product\/buy-nembutal-powder-drugs-online\/#primaryimage\"},\"thumbnailUrl\":\"https:\/\/buy-prescriptionz.com\/wp-content\/uploads\/2025\/09\/nembutal.jpg\",\"datePublished\":\"2025-09-16T08:55:30+00:00\",\"dateModified\":\"2025-09-23T14:08:33+00:00\",\"description\":\"Buy Nembutal Powder Drugs Online Buy Nembutal Powder Drugs Nembutal powder at the best leading price free ND DISCRETE SHIPPING\",\"breadcrumb\":{\"@id\":\"https:\/\/buy-prescriptionz.com\/product\/buy-nembutal-powder-drugs-online\/#breadcrumb\"},\"inLanguage\":\"nb-NO\",\"potentialAction\":[{\"@type\":\"ReadAction\",\"target\":[\"https:\/\/buy-prescriptionz.com\/product\/buy-nembutal-powder-drugs-online\/\"]}]},{\"@type\":\"ImageObject\",\"inLanguage\":\"nb-NO\",\"@id\":\"https:\/\/buy-prescriptionz.com\/product\/buy-nembutal-powder-drugs-online\/#primaryimage\",\"url\":\"https:\/\/buy-prescriptionz.com\/wp-content\/uploads\/2025\/09\/nembutal.jpg\",\"contentUrl\":\"https:\/\/buy-prescriptionz.com\/wp-content\/uploads\/2025\/09\/nembutal.jpg\",\"width\":400,\"height\":300},{\"@type\":\"BreadcrumbList\",\"@id\":\"https:\/\/buy-prescriptionz.com\/product\/buy-nembutal-powder-drugs-online\/#breadcrumb\",\"itemListElement\":[{\"@type\":\"ListItem\",\"position\":1,\"name\":\"Home\",\"item\":\"https:\/\/buy-prescriptionz.com\/\"},{\"@type\":\"ListItem\",\"position\":2,\"name\":\"Shop Painkillers Online\",\"item\":\"https:\/\/buy-prescriptionz.com\/shop-painkillers-online\/\"},{\"@type\":\"ListItem\",\"position\":3,\"name\":\"Buy Nembutal Powder Drugs Online\"}]},{\"@type\":\"WebSite\",\"@id\":\"https:\/\/buy-prescriptionz.com\/#website\",\"url\":\"https:\/\/buy-prescriptionz.com\/\",\"name\":\"Buy Prescriptionz\",\"description\":\"Drugs Online\",\"publisher\":{\"@id\":\"https:\/\/buy-prescriptionz.com\/#organization\"},\"potentialAction\":[{\"@type\":\"SearchAction\",\"target\":{\"@type\":\"EntryPoint\",\"urlTemplate\":\"https:\/\/buy-prescriptionz.com\/?s={search_term_string}\"},\"query-input\":{\"@type\":\"PropertyValueSpecification\",\"valueRequired\":true,\"valueName\":\"search_term_string\"}}],\"inLanguage\":\"nb-NO\"},{\"@type\":\"Organization\",\"@id\":\"https:\/\/buy-prescriptionz.com\/#organization\",\"name\":\"Buy Prescriptionz\",\"url\":\"https:\/\/buy-prescriptionz.com\/\",\"logo\":{\"@type\":\"ImageObject\",\"inLanguage\":\"nb-NO\",\"@id\":\"https:\/\/buy-prescriptionz.com\/#\/schema\/logo\/image\/\",\"url\":\"https:\/\/buy-prescriptionz.com\/wp-content\/uploads\/2023\/09\/logo.png\",\"contentUrl\":\"https:\/\/buy-prescriptionz.com\/wp-content\/uploads\/2023\/09\/logo.png\",\"width\":350,\"height\":64,\"caption\":\"Buy Prescriptionz\"},\"image\":{\"@id\":\"https:\/\/buy-prescriptionz.com\/#\/schema\/logo\/image\/\"}}]}<\/script>\n<!-- \/ Yoast SEO plugin. -->","yoast_head_json":{"title":"Kj\u00f8p Nembutal pulvermedisiner p\u00e5 nett Kj\u00f8p Nembutal pulvermedisiner p\u00e5 nett","description":"Kj\u00f8p Nembutal-pulvermedisiner p\u00e5 nett Kj\u00f8p Nembutal-pulvermedisiner Nembutal-pulver til den beste ledende prisen gratis OG DISKRET FRAKT","robots":{"index":"index","follow":"follow","max-snippet":"max-snippet:-1","max-image-preview":"max-image-preview:large","max-video-preview":"max-video-preview:-1"},"canonical":"https:\/\/buy-prescriptionz.com\/nb\/produkt\/kjop-nembutalpulvermedisiner-pa-nett\/","og_locale":"nb_NO","og_type":"article","og_title":"Buy Nembutal Powder Drugs Online Buy Nembutal Powder Drugs Online","og_description":"Buy Nembutal Powder Drugs Online Buy Nembutal Powder Drugs Nembutal powder at the best leading price free ND DISCRETE SHIPPING","og_url":"https:\/\/buy-prescriptionz.com\/nb\/produkt\/kjop-nembutalpulvermedisiner-pa-nett\/","og_site_name":"Buy Prescriptionz","article_modified_time":"2025-09-23T14:08:33+00:00","og_image":[{"width":400,"height":300,"url":"https:\/\/buy-prescriptionz.com\/wp-content\/uploads\/2025\/09\/nembutal.jpg","type":"image\/jpeg"}],"twitter_card":"summary_large_image","twitter_misc":{"Ansl. lesetid":"4 minutter"},"schema":{"@context":"https:\/\/schema.org","@graph":[{"@type":"WebPage","@id":"https:\/\/buy-prescriptionz.com\/product\/buy-nembutal-powder-drugs-online\/","url":"https:\/\/buy-prescriptionz.com\/product\/buy-nembutal-powder-drugs-online\/","name":"Kj\u00f8p Nembutal pulvermedisiner p\u00e5 nett Kj\u00f8p Nembutal pulvermedisiner p\u00e5 nett","isPartOf":{"@id":"https:\/\/buy-prescriptionz.com\/#website"},"primaryImageOfPage":{"@id":"https:\/\/buy-prescriptionz.com\/product\/buy-nembutal-powder-drugs-online\/#primaryimage"},"image":{"@id":"https:\/\/buy-prescriptionz.com\/product\/buy-nembutal-powder-drugs-online\/#primaryimage"},"thumbnailUrl":"https:\/\/buy-prescriptionz.com\/wp-content\/uploads\/2025\/09\/nembutal.jpg","datePublished":"2025-09-16T08:55:30+00:00","dateModified":"2025-09-23T14:08:33+00:00","description":"Kj\u00f8p Nembutal-pulvermedisiner p\u00e5 nett Kj\u00f8p Nembutal-pulvermedisiner Nembutal-pulver til den beste ledende prisen gratis OG DISKRET FRAKT","breadcrumb":{"@id":"https:\/\/buy-prescriptionz.com\/product\/buy-nembutal-powder-drugs-online\/#breadcrumb"},"inLanguage":"nb-NO","potentialAction":[{"@type":"ReadAction","target":["https:\/\/buy-prescriptionz.com\/product\/buy-nembutal-powder-drugs-online\/"]}]},{"@type":"ImageObject","inLanguage":"nb-NO","@id":"https:\/\/buy-prescriptionz.com\/product\/buy-nembutal-powder-drugs-online\/#primaryimage","url":"https:\/\/buy-prescriptionz.com\/wp-content\/uploads\/2025\/09\/nembutal.jpg","contentUrl":"https:\/\/buy-prescriptionz.com\/wp-content\/uploads\/2025\/09\/nembutal.jpg","width":400,"height":300},{"@type":"BreadcrumbList","@id":"https:\/\/buy-prescriptionz.com\/product\/buy-nembutal-powder-drugs-online\/#breadcrumb","itemListElement":[{"@type":"ListItem","position":1,"name":"Home","item":"https:\/\/buy-prescriptionz.com\/"},{"@type":"ListItem","position":2,"name":"Shop Painkillers Online","item":"https:\/\/buy-prescriptionz.com\/shop-painkillers-online\/"},{"@type":"ListItem","position":3,"name":"Buy Nembutal Powder Drugs Online"}]},{"@type":"WebSite","@id":"https:\/\/buy-prescriptionz.com\/#website","url":"https:\/\/buy-prescriptionz.com\/","name":"Buy Prescriptionz","description":"Drugs Online","publisher":{"@id":"https:\/\/buy-prescriptionz.com\/#organization"},"potentialAction":[{"@type":"SearchAction","target":{"@type":"EntryPoint","urlTemplate":"https:\/\/buy-prescriptionz.com\/?s={search_term_string}"},"query-input":{"@type":"PropertyValueSpecification","valueRequired":true,"valueName":"search_term_string"}}],"inLanguage":"nb-NO"},{"@type":"Organization","@id":"https:\/\/buy-prescriptionz.com\/#organization","name":"Buy Prescriptionz","url":"https:\/\/buy-prescriptionz.com\/","logo":{"@type":"ImageObject","inLanguage":"nb-NO","@id":"https:\/\/buy-prescriptionz.com\/#\/schema\/logo\/image\/","url":"https:\/\/buy-prescriptionz.com\/wp-content\/uploads\/2023\/09\/logo.png","contentUrl":"https:\/\/buy-prescriptionz.com\/wp-content\/uploads\/2023\/09\/logo.png","width":350,"height":64,"caption":"Buy Prescriptionz"},"image":{"@id":"https:\/\/buy-prescriptionz.com\/#\/schema\/logo\/image\/"}}]}},"_links":{"self":[{"href":"https:\/\/buy-prescriptionz.com\/nb\/wp-json\/wp\/v2\/product\/2958","targetHints":{"allow":["GET"]}}],"collection":[{"href":"https:\/\/buy-prescriptionz.com\/nb\/wp-json\/wp\/v2\/product"}],"about":[{"href":"https:\/\/buy-prescriptionz.com\/nb\/wp-json\/wp\/v2\/types\/product"}],"replies":[{"embeddable":true,"href":"https:\/\/buy-prescriptionz.com\/nb\/wp-json\/wp\/v2\/comments?post=2958"}],"wp:featuredmedia":[{"embeddable":true,"href":"https:\/\/buy-prescriptionz.com\/nb\/wp-json\/wp\/v2\/media\/2979"}],"wp:attachment":[{"href":"https:\/\/buy-prescriptionz.com\/nb\/wp-json\/wp\/v2\/media?parent=2958"}],"wp:term":[{"taxonomy":"product_brand","embeddable":true,"href":"https:\/\/buy-prescriptionz.com\/nb\/wp-json\/wp\/v2\/product_brand?post=2958"},{"taxonomy":"product_cat","embeddable":true,"href":"https:\/\/buy-prescriptionz.com\/nb\/wp-json\/wp\/v2\/product_cat?post=2958"},{"taxonomy":"product_tag","embeddable":true,"href":"https:\/\/buy-prescriptionz.com\/nb\/wp-json\/wp\/v2\/product_tag?post=2958"}],"curies":[{"name":"wp","href":"https:\/\/api.w.org\/{rel}","templated":true}]}}