{"id":2985,"date":"2025-09-16T08:55:51","date_gmt":"2025-09-16T08:55:51","guid":{"rendered":"https:\/\/chemsfine.com\/newsite\/?post_type=product&#038;p=2985"},"modified":"2026-01-30T13:59:44","modified_gmt":"2026-01-30T13:59:44","slug":"alprazolam","status":"publish","type":"product","link":"https:\/\/buy-prescriptionz.com\/nb\/produkt\/alprazolam\/","title":{"rendered":"Alprazolam"},"content":{"rendered":"<h2 style=\"text-align: justify;\">KJ\u00d8P ALPRAZOLAM P\u00c5 NETT<\/h2>\n<p style=\"text-align: justify;\">online, Alprazolam medikament er et vanlig benzodiazepin i medisinske omgivelser som ogs\u00e5 tas for rekreasjonsform\u00e5l. Det brukes vanligvis mot angst og panikklidelse, selv om det har antidepressive egenskaper.<\/p>\n<p style=\"text-align: justify;\">Dens rekreasjonseffekter best\u00e5r av anxiolyse, desinhibering og eufori.<\/p>\n<h3>Oversikt over Alprazolam<\/h3>\n<p>Alprazolam brukes til behandling av angst og panikklidelser. Det tilh\u00f8rer en klasse med medisiner kalt benzodiazepiner som virker p\u00e5 hjernen og nervene for \u00e5 gi en beroligende effekt. Det virker ved \u00e5 forsterke effekten av et visst naturlig kjemikalie i menneskekroppen.<\/p>\n<h3>Bruk av Alprazolam<\/h3>\n<ol>\n<li><strong>Angstlidelser<\/strong>: La <strong>beste Alprazolam <\/strong>er ofte foreskrevet for \u00e5 h\u00e5ndtere angstlidelser, og gir lindring av symptomer som overdreven bekymring, rastl\u00f8shet og irritabilitet.<\/li>\n<li><strong>Panikklidelser<\/strong>Det er effektivt i behandling av panikklidelser, som kjennetegnes av plutselige anfall av intens frykt og bekymring.<\/li>\n<li><strong>Kortsiktig lindring<\/strong>Brukes ofte til kortsiktig behandling av angstsymptomer mens langsiktige behandlingsplaner utarbeides.<\/li>\n<\/ol>\n<h3>Fordeler med Alprazolam<\/h3>\n<ol>\n<li><strong>Rask lindring<\/strong>Alprazolam er kjent for sin hurtigvirkende natur, og gir rask lindring av angst- og panikksymptomer.<\/li>\n<li><strong>Forbedrer livskvaliteten<\/strong>Ved \u00e5 h\u00e5ndtere symptomer effektivt kan det forbedre livskvaliteten betydelig for personer med angstlidelser.<\/li>\n<li><strong>Godt studert<\/strong>Alprazolam har blitt grundig studert og brukt i flere ti\u00e5r, noe som gj\u00f8r det til et velforst\u00e5tt og p\u00e5litelig legemiddel i det medisinske milj\u00f8et.<\/li>\n<\/ol>\n<h3>Viktige hensyn<\/h3>\n<ol>\n<li><strong>Avhengighet<\/strong>Det er risiko for avhengighet ved langvarig bruk, s\u00e5 det foreskrives vanligvis for kortvarig bruk.<\/li>\n<li><strong>Bivirkninger<\/strong>Vanlige bivirkninger inkluderer d\u00f8sighet, svimmelhet og \u00f8kt spyttproduksjon. Det er viktig \u00e5 f\u00f8lge den foreskrevne doseringen og retningslinjene for \u00e5 minimere disse effektene.<\/li>\n<li><strong>Interaksjoner<\/strong>Alprazolam kan samhandle med andre medisiner og stoffer, s\u00e5 det er viktig \u00e5 informere legen din om alle medisinene du tar.<\/li>\n<\/ol>\n<p>Alprazolam er en verdifull medisin for de som sliter med angst og panikklidelser, og gir rask og effektiv lindring. Det er imidlertid viktig \u00e5 bruke det under medisinsk tilsyn p\u00e5 grunn av potensialet for avhengighet og bivirkninger. For de som \u00f8nsker \u00e5 kj\u00f8pe Alprazolam trygt og enkelt, er et av de beste apotekene <a href=\"https:\/\/buy-prescriptionz.com\/nb\/\">buy-prescriptionz.com<\/a>.<\/p>\n<h3 style=\"text-align: justify;\">EGENSKAPER<\/h3>\n<p style=\"text-align: justify;\">Alprazolam brukes til behandling av angst og panikklidelser. Det tilh\u00f8rer en klasse med medisiner kalt benzodiazepiner som virker p\u00e5 hjernen og nervene for \u00e5 gi en beroligende effekt. Det virker ved \u00e5 forsterke effekten av et visst naturlig kjemikalie i menneskekroppen.<\/p>\n<h3 style=\"text-align: justify;\">FORHOLDSREGLER<\/h3>\n<p style=\"text-align: justify;\">F\u00f8r du tar dette, fortell legen din eller apoteket hvis du er allergisk mot det; eller til andre benzodiazepiner (som diazepam, lorazepam); eller hvis du har andre allergier. Dette produktet kan inneholde inaktive ingredienser, som for\u00e5rsaker allergiske reaksjoner eller andre problemer.Buy alprazolam online<\/p>\n<p style=\"text-align: justify;\">Det g\u00e5r over i morsmelk og kan ha u\u00f8nskede effekter p\u00e5 et ammende spedbarn. Amming mens du bruker dette legemidlet anbefales ikke. R\u00e5df\u00f8r deg med legen din f\u00f8r du ammer.<\/p>\n<h3 style=\"text-align: justify;\">BIVIRKNINGER<\/h3>\n<p style=\"text-align: justify;\">\u2022 D\u00f8sighet<br \/>\nUtmattelse<br \/>\nAndre bivirkninger inkluderer<br \/>\nHukommelsesproblemer<br \/>\n\u2022 Speech problems<br \/>\n\u2022 Constipation<br \/>\n\u2022 Changes in weight<br \/>\n\u2022 Avhengighet (avhengighet)<br \/>\n\u2022 Headache<br \/>\n\u2022 Constipation<br \/>\nT\u00f8rr i munnen<\/p>\n<h3 style=\"text-align: justify;\">OVERDOSE<\/h3>\n<p style=\"text-align: justify;\">Overdosesymptomer kan omfatte: alvorlig d\u00f8sighet, reduserte\/reduserte reflekser, redusert pust, tap av bevissthet.<\/p>\n<p style=\"text-align: justify;\">Ved mistanke om overdosering, kontakt lege umiddelbart.<\/p>\n<h3 style=\"text-align: justify;\">GLEMT DOSE<\/h3>\n<p style=\"text-align: justify;\">Hvis du glemmer en dose, ta den s\u00e5 snart du er tidlig ute. Hvis det er tidspunktet for neste dose, hopp over den glemte dosen og gjenoppta din vanlige doseringsplan. Ikke dobbel dosen for \u00e5 ta igjen.<\/p>\n<h3 style=\"text-align: justify;\">OPPBEVARING<\/h3>\n<p style=\"text-align: justify;\">Oppbevar Alprazolam ved romtemperatur beskyttet mot lys og fuktighet. M\u00e5 ikke oppbevares p\u00e5 badet. Hold alle medisiner borte fra barn og kj\u00e6ledyr. Ikke skyll disse medisinene ned i toalettet eller hell dem i avl\u00f8pet med mindre du blir bedt om \u00e5 gj\u00f8re det.<\/p>\n<h3 style=\"text-align: justify;\">HVOR KJ\u00d8PES ALPRAZOLAM ONLINE?<\/h3>\n<p style=\"text-align: justify;\">Buyprescriptionz.com er den bedste apoteksbutik for Alprazolam til salg. K\u00f8b Alprazolam online uden nogen l\u00e6ge recept fra Buyprescriptionz med i den bedste pris.<\/p>","protected":false},"excerpt":{"rendered":"<p>BUY ALPRAZOLAM ONLINE Buy alprazolam online, Alprazolam drug is a common benzodiazepine in medical settings that is also taken for the recreational purposes. It\u2019s normally used for anxiety and panic disorder, though it has antidepressant properties. Its recreational effects consist of anxiolysis, disinhibition, and euphoria. Overview of Alprazolam Alprazolam is a prescription medication primarily used [&hellip;]<\/p>","protected":false},"featured_media":3015,"comment_status":"open","ping_status":"closed","template":"","meta":{"site-sidebar-layout":"default","site-content-layout":"","ast-site-content-layout":"default","site-content-style":"default","site-sidebar-style":"default","ast-global-header-display":"","ast-banner-title-visibility":"","ast-main-header-display":"","ast-hfb-above-header-display":"","ast-hfb-below-header-display":"","ast-hfb-mobile-header-display":"","site-post-title":"","ast-breadcrumbs-content":"","ast-featured-img":"","footer-sml-layout":"","theme-transparent-header-meta":"","adv-header-id-meta":"","stick-header-meta":"","header-above-stick-meta":"","header-main-stick-meta":"","header-below-stick-meta":"","astra-migrate-meta-layouts":"default","ast-page-background-enabled":"default","ast-page-background-meta":{"desktop":{"background-color":"var(--ast-global-color-4)","background-image":"","background-repeat":"repeat","background-position":"center center","background-size":"auto","background-attachment":"scroll","background-type":"","background-media":"","overlay-type":"","overlay-color":"","overlay-opacity":"","overlay-gradient":""},"tablet":{"background-color":"","background-image":"","background-repeat":"repeat","background-position":"center center","background-size":"auto","background-attachment":"scroll","background-type":"","background-media":"","overlay-type":"","overlay-color":"","overlay-opacity":"","overlay-gradient":""},"mobile":{"background-color":"","background-image":"","background-repeat":"repeat","background-position":"center center","background-size":"auto","background-attachment":"scroll","background-type":"","background-media":"","overlay-type":"","overlay-color":"","overlay-opacity":"","overlay-gradient":""}},"ast-content-background-meta":{"desktop":{"background-color":"var(--ast-global-color-5)","background-image":"","background-repeat":"repeat","background-position":"center center","background-size":"auto","background-attachment":"scroll","background-type":"","background-media":"","overlay-type":"","overlay-color":"","overlay-opacity":"","overlay-gradient":""},"tablet":{"background-color":"var(--ast-global-color-5)","background-image":"","background-repeat":"repeat","background-position":"center center","background-size":"auto","background-attachment":"scroll","background-type":"","background-media":"","overlay-type":"","overlay-color":"","overlay-opacity":"","overlay-gradient":""},"mobile":{"background-color":"var(--ast-global-color-5)","background-image":"","background-repeat":"repeat","background-position":"center center","background-size":"auto","background-attachment":"scroll","background-type":"","background-media":"","overlay-type":"","overlay-color":"","overlay-opacity":"","overlay-gradient":""}}},"product_brand":[],"product_cat":[2381],"product_tag":[1807,1815,1816,1814,1809,1812,1811,1810,1813,1808],"class_list":{"0":"post-2985","1":"product","2":"type-product","3":"status-publish","4":"has-post-thumbnail","6":"product_cat-buy-depressants-and-anxiety-pills-online","7":"product_tag-alprazolam-for-sale","8":"product_tag-buy-alprazolam-in-canada","9":"product_tag-buy-alprazolam-in-uk","10":"product_tag-buy-alprazolam-in-usa","11":"product_tag-buy-alprazolam-with-bitcoin","12":"product_tag-buy-alprazolam-with-credit-card","13":"product_tag-buy-alprazolam-with-money-gram","14":"product_tag-buy-alprazolam-with-western-union","15":"product_tag-buy-alprazolam-without-a-doctor","16":"product_tag-buy-alprazolam-without-prescription","17":"desktop-align-center","18":"tablet-align-left","19":"mobile-align-left","21":"first","22":"instock","23":"shipping-taxable","24":"purchasable","25":"product-type-variable","26":"has-default-attributes"},"yoast_head":"<!-- This site is optimized with the Yoast SEO plugin v25.9 - https:\/\/yoast.com\/wordpress\/plugins\/seo\/ -->\n<title>Buy alprazolam online - Order alprazolam online , alprazolam<\/title>\n<meta name=\"description\" content=\"Buy alprazolam online, BUY ALPRAZOLAM ONLINE, NO PRESCRIPTION REQUIRED, WHERE TO BUY alprazolam ONLINE OVERNIGHT SHIPPING BUY CHEAP\" \/>\n<meta name=\"robots\" content=\"index, follow, max-snippet:-1, max-image-preview:large, max-video-preview:-1\" \/>\n<link rel=\"canonical\" href=\"https:\/\/buy-prescriptionz.com\/nb\/produkt\/alprazolam\/\" \/>\n<meta property=\"og:locale\" content=\"nb_NO\" \/>\n<meta property=\"og:type\" content=\"article\" \/>\n<meta property=\"og:title\" content=\"Buy alprazolam online - Order alprazolam online , alprazolam\" \/>\n<meta property=\"og:description\" content=\"Buy alprazolam online, BUY ALPRAZOLAM ONLINE, NO PRESCRIPTION REQUIRED, WHERE TO BUY alprazolam ONLINE OVERNIGHT SHIPPING BUY CHEAP\" \/>\n<meta property=\"og:url\" content=\"https:\/\/buy-prescriptionz.com\/nb\/produkt\/alprazolam\/\" \/>\n<meta property=\"og:site_name\" content=\"Buy Prescriptionz\" \/>\n<meta property=\"article:modified_time\" content=\"2026-01-30T13:59:44+00:00\" \/>\n<meta property=\"og:image\" content=\"https:\/\/buy-prescriptionz.com\/wp-content\/uploads\/2025\/09\/alprazolam.jpg\" \/>\n\t<meta property=\"og:image:width\" content=\"400\" \/>\n\t<meta property=\"og:image:height\" content=\"300\" \/>\n\t<meta property=\"og:image:type\" content=\"image\/jpeg\" \/>\n<meta name=\"twitter:card\" content=\"summary_large_image\" \/>\n<meta name=\"twitter:label1\" content=\"Ansl. lesetid\" \/>\n\t<meta name=\"twitter:data1\" content=\"3 minutter\" \/>\n<script type=\"application\/ld+json\" class=\"yoast-schema-graph\">{\"@context\":\"https:\/\/schema.org\",\"@graph\":[{\"@type\":\"WebPage\",\"@id\":\"https:\/\/buy-prescriptionz.com\/cs\/produkt\/alprazolam\/\",\"url\":\"https:\/\/buy-prescriptionz.com\/cs\/produkt\/alprazolam\/\",\"name\":\"Buy alprazolam online - Order alprazolam online , alprazolam\",\"isPartOf\":{\"@id\":\"https:\/\/buy-prescriptionz.com\/#website\"},\"primaryImageOfPage\":{\"@id\":\"https:\/\/buy-prescriptionz.com\/cs\/produkt\/alprazolam\/#primaryimage\"},\"image\":{\"@id\":\"https:\/\/buy-prescriptionz.com\/cs\/produkt\/alprazolam\/#primaryimage\"},\"thumbnailUrl\":\"https:\/\/buy-prescriptionz.com\/wp-content\/uploads\/2025\/09\/alprazolam.jpg\",\"datePublished\":\"2025-09-16T08:55:51+00:00\",\"dateModified\":\"2026-01-30T13:59:44+00:00\",\"description\":\"Buy alprazolam online, BUY ALPRAZOLAM ONLINE, NO PRESCRIPTION REQUIRED, WHERE TO BUY alprazolam ONLINE OVERNIGHT SHIPPING BUY CHEAP\",\"breadcrumb\":{\"@id\":\"https:\/\/buy-prescriptionz.com\/cs\/produkt\/alprazolam\/#breadcrumb\"},\"inLanguage\":\"nb-NO\",\"potentialAction\":[{\"@type\":\"ReadAction\",\"target\":[\"https:\/\/buy-prescriptionz.com\/cs\/produkt\/alprazolam\/\"]}]},{\"@type\":\"ImageObject\",\"inLanguage\":\"nb-NO\",\"@id\":\"https:\/\/buy-prescriptionz.com\/cs\/produkt\/alprazolam\/#primaryimage\",\"url\":\"https:\/\/buy-prescriptionz.com\/wp-content\/uploads\/2025\/09\/alprazolam.jpg\",\"contentUrl\":\"https:\/\/buy-prescriptionz.com\/wp-content\/uploads\/2025\/09\/alprazolam.jpg\",\"width\":400,\"height\":300},{\"@type\":\"BreadcrumbList\",\"@id\":\"https:\/\/buy-prescriptionz.com\/cs\/produkt\/alprazolam\/#breadcrumb\",\"itemListElement\":[{\"@type\":\"ListItem\",\"position\":1,\"name\":\"Home\",\"item\":\"https:\/\/buy-prescriptionz.com\/\"},{\"@type\":\"ListItem\",\"position\":2,\"name\":\"Shop Painkillers Online\",\"item\":\"https:\/\/buy-prescriptionz.com\/shop-painkillers-online\/\"},{\"@type\":\"ListItem\",\"position\":3,\"name\":\"Alprazolam\"}]},{\"@type\":\"WebSite\",\"@id\":\"https:\/\/buy-prescriptionz.com\/#website\",\"url\":\"https:\/\/buy-prescriptionz.com\/\",\"name\":\"Buy Prescriptionz\",\"description\":\"Drugs Online\",\"publisher\":{\"@id\":\"https:\/\/buy-prescriptionz.com\/#organization\"},\"potentialAction\":[{\"@type\":\"SearchAction\",\"target\":{\"@type\":\"EntryPoint\",\"urlTemplate\":\"https:\/\/buy-prescriptionz.com\/?s={search_term_string}\"},\"query-input\":{\"@type\":\"PropertyValueSpecification\",\"valueRequired\":true,\"valueName\":\"search_term_string\"}}],\"inLanguage\":\"nb-NO\"},{\"@type\":\"Organization\",\"@id\":\"https:\/\/buy-prescriptionz.com\/#organization\",\"name\":\"Buy Prescriptionz\",\"url\":\"https:\/\/buy-prescriptionz.com\/\",\"logo\":{\"@type\":\"ImageObject\",\"inLanguage\":\"nb-NO\",\"@id\":\"https:\/\/buy-prescriptionz.com\/#\/schema\/logo\/image\/\",\"url\":\"https:\/\/buy-prescriptionz.com\/wp-content\/uploads\/2023\/09\/logo.png\",\"contentUrl\":\"https:\/\/buy-prescriptionz.com\/wp-content\/uploads\/2023\/09\/logo.png\",\"width\":350,\"height\":64,\"caption\":\"Buy Prescriptionz\"},\"image\":{\"@id\":\"https:\/\/buy-prescriptionz.com\/#\/schema\/logo\/image\/\"}}]}<\/script>\n<!-- \/ Yoast SEO plugin. -->","yoast_head_json":{"title":"Kj\u00f8p alprazolam p\u00e5 nett - Bestill alprazolam p\u00e5 nett, alprazolam","description":"Kj\u00f8p alprazolam p\u00e5 nett, KJ\u00d8P ALPRAZOLAM P\u00c5 NETT, UTEN RESEPT P\u00c5KREVD, HVOR KAN MAN KJ\u00d8PE alprazolam P\u00c5 NETT, FRAKT OVER NATTEN, KJ\u00d8P BILLIG","robots":{"index":"index","follow":"follow","max-snippet":"max-snippet:-1","max-image-preview":"max-image-preview:large","max-video-preview":"max-video-preview:-1"},"canonical":"https:\/\/buy-prescriptionz.com\/nb\/produkt\/alprazolam\/","og_locale":"nb_NO","og_type":"article","og_title":"Buy alprazolam online - Order alprazolam online , alprazolam","og_description":"Buy alprazolam online, BUY ALPRAZOLAM ONLINE, NO PRESCRIPTION REQUIRED, WHERE TO BUY alprazolam ONLINE OVERNIGHT SHIPPING BUY CHEAP","og_url":"https:\/\/buy-prescriptionz.com\/nb\/produkt\/alprazolam\/","og_site_name":"Buy Prescriptionz","article_modified_time":"2026-01-30T13:59:44+00:00","og_image":[{"width":400,"height":300,"url":"https:\/\/buy-prescriptionz.com\/wp-content\/uploads\/2025\/09\/alprazolam.jpg","type":"image\/jpeg"}],"twitter_card":"summary_large_image","twitter_misc":{"Ansl. lesetid":"3 minutter"},"schema":{"@context":"https:\/\/schema.org","@graph":[{"@type":"WebPage","@id":"https:\/\/buy-prescriptionz.com\/cs\/produkt\/alprazolam\/","url":"https:\/\/buy-prescriptionz.com\/cs\/produkt\/alprazolam\/","name":"Kj\u00f8p alprazolam p\u00e5 nett - Bestill alprazolam p\u00e5 nett, alprazolam","isPartOf":{"@id":"https:\/\/buy-prescriptionz.com\/#website"},"primaryImageOfPage":{"@id":"https:\/\/buy-prescriptionz.com\/cs\/produkt\/alprazolam\/#primaryimage"},"image":{"@id":"https:\/\/buy-prescriptionz.com\/cs\/produkt\/alprazolam\/#primaryimage"},"thumbnailUrl":"https:\/\/buy-prescriptionz.com\/wp-content\/uploads\/2025\/09\/alprazolam.jpg","datePublished":"2025-09-16T08:55:51+00:00","dateModified":"2026-01-30T13:59:44+00:00","description":"Kj\u00f8p alprazolam p\u00e5 nett, KJ\u00d8P ALPRAZOLAM P\u00c5 NETT, UTEN RESEPT P\u00c5KREVD, HVOR KAN MAN KJ\u00d8PE alprazolam P\u00c5 NETT, FRAKT OVER NATTEN, KJ\u00d8P BILLIG","breadcrumb":{"@id":"https:\/\/buy-prescriptionz.com\/cs\/produkt\/alprazolam\/#breadcrumb"},"inLanguage":"nb-NO","potentialAction":[{"@type":"ReadAction","target":["https:\/\/buy-prescriptionz.com\/cs\/produkt\/alprazolam\/"]}]},{"@type":"ImageObject","inLanguage":"nb-NO","@id":"https:\/\/buy-prescriptionz.com\/cs\/produkt\/alprazolam\/#primaryimage","url":"https:\/\/buy-prescriptionz.com\/wp-content\/uploads\/2025\/09\/alprazolam.jpg","contentUrl":"https:\/\/buy-prescriptionz.com\/wp-content\/uploads\/2025\/09\/alprazolam.jpg","width":400,"height":300},{"@type":"BreadcrumbList","@id":"https:\/\/buy-prescriptionz.com\/cs\/produkt\/alprazolam\/#breadcrumb","itemListElement":[{"@type":"ListItem","position":1,"name":"Home","item":"https:\/\/buy-prescriptionz.com\/"},{"@type":"ListItem","position":2,"name":"Shop Painkillers Online","item":"https:\/\/buy-prescriptionz.com\/shop-painkillers-online\/"},{"@type":"ListItem","position":3,"name":"Alprazolam"}]},{"@type":"WebSite","@id":"https:\/\/buy-prescriptionz.com\/#website","url":"https:\/\/buy-prescriptionz.com\/","name":"Buy Prescriptionz","description":"Drugs Online","publisher":{"@id":"https:\/\/buy-prescriptionz.com\/#organization"},"potentialAction":[{"@type":"SearchAction","target":{"@type":"EntryPoint","urlTemplate":"https:\/\/buy-prescriptionz.com\/?s={search_term_string}"},"query-input":{"@type":"PropertyValueSpecification","valueRequired":true,"valueName":"search_term_string"}}],"inLanguage":"nb-NO"},{"@type":"Organization","@id":"https:\/\/buy-prescriptionz.com\/#organization","name":"Buy Prescriptionz","url":"https:\/\/buy-prescriptionz.com\/","logo":{"@type":"ImageObject","inLanguage":"nb-NO","@id":"https:\/\/buy-prescriptionz.com\/#\/schema\/logo\/image\/","url":"https:\/\/buy-prescriptionz.com\/wp-content\/uploads\/2023\/09\/logo.png","contentUrl":"https:\/\/buy-prescriptionz.com\/wp-content\/uploads\/2023\/09\/logo.png","width":350,"height":64,"caption":"Buy Prescriptionz"},"image":{"@id":"https:\/\/buy-prescriptionz.com\/#\/schema\/logo\/image\/"}}]}},"_links":{"self":[{"href":"https:\/\/buy-prescriptionz.com\/nb\/wp-json\/wp\/v2\/product\/2985","targetHints":{"allow":["GET"]}}],"collection":[{"href":"https:\/\/buy-prescriptionz.com\/nb\/wp-json\/wp\/v2\/product"}],"about":[{"href":"https:\/\/buy-prescriptionz.com\/nb\/wp-json\/wp\/v2\/types\/product"}],"replies":[{"embeddable":true,"href":"https:\/\/buy-prescriptionz.com\/nb\/wp-json\/wp\/v2\/comments?post=2985"}],"wp:featuredmedia":[{"embeddable":true,"href":"https:\/\/buy-prescriptionz.com\/nb\/wp-json\/wp\/v2\/media\/3015"}],"wp:attachment":[{"href":"https:\/\/buy-prescriptionz.com\/nb\/wp-json\/wp\/v2\/media?parent=2985"}],"wp:term":[{"taxonomy":"product_brand","embeddable":true,"href":"https:\/\/buy-prescriptionz.com\/nb\/wp-json\/wp\/v2\/product_brand?post=2985"},{"taxonomy":"product_cat","embeddable":true,"href":"https:\/\/buy-prescriptionz.com\/nb\/wp-json\/wp\/v2\/product_cat?post=2985"},{"taxonomy":"product_tag","embeddable":true,"href":"https:\/\/buy-prescriptionz.com\/nb\/wp-json\/wp\/v2\/product_tag?post=2985"}],"curies":[{"name":"wp","href":"https:\/\/api.w.org\/{rel}","templated":true}]}}