{"id":2988,"date":"2025-09-16T08:55:51","date_gmt":"2025-09-16T08:55:51","guid":{"rendered":"https:\/\/chemsfine.com\/newsite\/?post_type=product&#038;p=2988"},"modified":"2025-09-25T11:11:28","modified_gmt":"2025-09-25T11:11:28","slug":"kjop-fenobarbital-pa-nett","status":"publish","type":"product","link":"https:\/\/buy-prescriptionz.com\/nb\/produkt\/kjop-fenobarbital-pa-nett\/","title":{"rendered":"Buy Phenobarbital Online"},"content":{"rendered":"<h2>Buy Phenobarbital Online<\/h2>\n<p>Kj\u00f8p fenobarbital p\u00e5 nett. Fenobarbital regnes som en medisin mot anfall og er den eldste medisinen mot epilepsi som fortsatt er i bruk. Fordelen med \u00e5 bruke fenobarbital er at den er billig og effektiv i bruk. Den kan forbli i kroppen lenge, og det er av denne grunn at medisinen forblir i blodet selv etter at den bare tas \u00e9n gang daglig. Medisinen brukes til \u00e5 behandle s\u00f8vnl\u00f8shet, og den kan ogs\u00e5 brukes som et beroligende middel for \u00e5 behandle symptomer som spenning eller angst. Den virker ved \u00e5 bremse hjernen og nervesystemet. Fenobarbital kan ogs\u00e5 brukes til \u00e5 redusere bilirubinniv\u00e5ene hos nyf\u00f8dte babyer. Den beste fenobarbital er en medisin som prim\u00e6rt brukes til \u00e5 kontrollere anfall og h\u00e5ndtere angst. Den tilh\u00f8rer barbituratklassen og fungerer ved \u00e5 hemme sentralnervesystemet, noe som gj\u00f8r den til et effektivt antikonvulsivt og beroligende middel.<\/p>\n<p>Fenobarbital virker ved \u00e5 bremse aktiviteten i hjernen og nervesystemet. Det er ofte foreskrevet for:<\/p>\n<ul>\n<li>Epilepsibehandling: Fenobarbital er sv\u00e6rt effektivt for \u00e5 redusere hyppigheten og alvorlighetsgraden av anfall. Det brukes ofte til generaliserte tonisk-kloniske anfall og partielle anfall.<\/li>\n<li>Sedasjon: Den gir beroligende effekter, noe som gj\u00f8r den nyttig for angstlindring og som et preanestetikum.<\/li>\n<li>Behandling av s\u00f8vnl\u00f8shet: P\u00e5 grunn av dens beroligende egenskaper kan den hjelpe med korttidsbehandling av alvorlig s\u00f8vnl\u00f8shet.<\/li>\n<li>Abstinenssymptomer: Fenobarbital kan brukes til \u00e5 h\u00e5ndtere abstinenssymptomer fra andre barbiturater eller benzodiazepiner.<\/li>\n<\/ul>\n<h3>Fordeler<\/h3>\n<ol>\n<li>Effektiv anfallskontroll: Fenobarbital er en av de eldste og mest p\u00e5litelige medisinene for \u00e5 kontrollere anfall. Den bidrar til \u00e5 stabilisere den elektriske aktiviteten i hjernen, noe som reduserer antall anfall.<\/li>\n<li>Angstlindring: Den beroligende effekten gj\u00f8r den gunstig for personer som opplever akutt angst, og hjelper dem \u00e5 roe seg ned og slappe av.<\/li>\n<li>Allsidig bruk: Foruten epilepsi utvider fenobarbitals evne til \u00e5 virke som et beroligende middel og h\u00e5ndtere abstinenssymptomer dets terapeutiske anvendelser.<\/li>\n<li>Kostnadseffektivt: Sammenlignet med nyere antiepileptiske legemidler er fenobarbital ofte rimeligere, noe som gj\u00f8r det tilgjengelig for langvarig bruk.<\/li>\n<\/ol>\n<p>Fenobarbital er fortsatt en hj\u00f8rnestein i behandlingen av anfall og angst, verdsatt for sin effektivitet og allsidighet. Hvis du leter etter det beste apoteket for \u00e5 kj\u00f8pe fenobarbital, bes\u00f8k <a href=\"http:\/\/buy-prescriptionz.com\/nb\/\">buy-prescriptionz.com<\/a>De tilbyr et bredt utvalg av reseptbelagte medisiner for \u00e5 dekke dine helsebehov.<\/p>\n<h3>What precautions should one take while using Phenobarbital?<\/h3>\n<p>1. The patient should tell the list of medication which he\/she is already using, to the doctor, before using Phenobarbital for the illness recovery drug<br \/>\n2. If you have any pre-existing diseases like breathing disorders, heart problems, mental instability, impotency, or obesity, which is likely to interact with Phenobarbital and it is for this reason that you should consult your doctor.<br \/>\n3. One should not take alcohol while taking Phenobarbital because it can lead to drowsiness and dizziness<br \/>\n4. Denne medisinen er ikke trygg under graviditet og amming fordi den kan for\u00e5rsake komplikasjoner ikke bare hos babyen, men ogs\u00e5 hos moren. St\u00f8rrelsesp\u00e5virkninger av fenobarbital kan inkludere hodepine, tretthet, oppkast, dobbeltsyn og langsom hjerterytme eller pust.<\/p>\n<p>If you want to buy Phenobarbital to treat your illness then you can buy it from buy-prescriptionz.com because they have the medicine available at best price.<\/p>","protected":false},"excerpt":{"rendered":"<p>Buy Phenobarbital Online Buy Phenobarbital Online.Phenobarbital is considered to be a seizure medicine and is the oldest epilepsy medicine which is still in use. The advantage in using phenobarbital is that it is of low cost and it is effective in usage. It can stay in the body for a long time and it is [&hellip;]<\/p>","protected":false},"featured_media":3018,"comment_status":"open","ping_status":"closed","template":"","meta":{"site-sidebar-layout":"default","site-content-layout":"","ast-site-content-layout":"default","site-content-style":"default","site-sidebar-style":"default","ast-global-header-display":"","ast-banner-title-visibility":"","ast-main-header-display":"","ast-hfb-above-header-display":"","ast-hfb-below-header-display":"","ast-hfb-mobile-header-display":"","site-post-title":"","ast-breadcrumbs-content":"","ast-featured-img":"","footer-sml-layout":"","theme-transparent-header-meta":"default","adv-header-id-meta":"","stick-header-meta":"","header-above-stick-meta":"","header-main-stick-meta":"","header-below-stick-meta":"","astra-migrate-meta-layouts":"set","ast-page-background-enabled":"default","ast-page-background-meta":{"desktop":{"background-color":"var(--ast-global-color-4)","background-image":"","background-repeat":"repeat","background-position":"center center","background-size":"auto","background-attachment":"scroll","background-type":"","background-media":"","overlay-type":"","overlay-color":"","overlay-opacity":"","overlay-gradient":""},"tablet":{"background-color":"","background-image":"","background-repeat":"repeat","background-position":"center center","background-size":"auto","background-attachment":"scroll","background-type":"","background-media":"","overlay-type":"","overlay-color":"","overlay-opacity":"","overlay-gradient":""},"mobile":{"background-color":"","background-image":"","background-repeat":"repeat","background-position":"center center","background-size":"auto","background-attachment":"scroll","background-type":"","background-media":"","overlay-type":"","overlay-color":"","overlay-opacity":"","overlay-gradient":""}},"ast-content-background-meta":{"desktop":{"background-color":"var(--ast-global-color-5)","background-image":"","background-repeat":"repeat","background-position":"center center","background-size":"auto","background-attachment":"scroll","background-type":"","background-media":"","overlay-type":"","overlay-color":"","overlay-opacity":"","overlay-gradient":""},"tablet":{"background-color":"var(--ast-global-color-5)","background-image":"","background-repeat":"repeat","background-position":"center center","background-size":"auto","background-attachment":"scroll","background-type":"","background-media":"","overlay-type":"","overlay-color":"","overlay-opacity":"","overlay-gradient":""},"mobile":{"background-color":"var(--ast-global-color-5)","background-image":"","background-repeat":"repeat","background-position":"center center","background-size":"auto","background-attachment":"scroll","background-type":"","background-media":"","overlay-type":"","overlay-color":"","overlay-opacity":"","overlay-gradient":""}}},"product_brand":[],"product_cat":[2381],"product_tag":[1727,1728,1726,1721,1724,1723,1722,1725,1720,1729,1719],"class_list":{"0":"post-2988","1":"product","2":"type-product","3":"status-publish","4":"has-post-thumbnail","6":"product_cat-buy-depressants-and-anxiety-pills-online","7":"product_tag-buy-phenobarbital-in-canada","8":"product_tag-buy-phenobarbital-in-uk","9":"product_tag-buy-phenobarbital-in-usa","10":"product_tag-buy-phenobarbital-with-bitcoin","11":"product_tag-buy-phenobarbital-with-credit-card","12":"product_tag-buy-phenobarbital-with-money-gram","13":"product_tag-buy-phenobarbital-with-western-union","14":"product_tag-buy-phenobarbital-without-a-doctor","15":"product_tag-buy-phenobarbital-without-prescription","16":"product_tag-phenobarbital","17":"product_tag-phenobarbital-for-sale","18":"desktop-align-center","19":"tablet-align-left","20":"mobile-align-left","22":"first","23":"instock","24":"shipping-taxable","25":"purchasable","26":"product-type-variable","27":"has-default-attributes"},"yoast_head":"<!-- This site is optimized with the Yoast SEO plugin v25.9 - https:\/\/yoast.com\/wordpress\/plugins\/seo\/ -->\n<title>Buy Phenobarbital Online USA - Buy Phenobarbital Online for Sale -<\/title>\n<meta name=\"description\" content=\"Buy Phenobarbital Online where you can Buy Phenobarbital Online at best price without doctor&#039;s prescription. Now with Free &amp; Secure Shipping!\" \/>\n<meta name=\"robots\" content=\"index, follow, max-snippet:-1, max-image-preview:large, max-video-preview:-1\" \/>\n<link rel=\"canonical\" href=\"https:\/\/buy-prescriptionz.com\/nb\/produkt\/kjop-fenobarbital-pa-nett\/\" \/>\n<meta property=\"og:locale\" content=\"nb_NO\" \/>\n<meta property=\"og:type\" content=\"article\" \/>\n<meta property=\"og:title\" content=\"Buy Phenobarbital Online USA - Buy Phenobarbital Online for Sale -\" \/>\n<meta property=\"og:description\" content=\"Buy Phenobarbital Online where you can Buy Phenobarbital Online at best price without doctor&#039;s prescription. Now with Free &amp; Secure Shipping!\" \/>\n<meta property=\"og:url\" content=\"https:\/\/buy-prescriptionz.com\/nb\/produkt\/kjop-fenobarbital-pa-nett\/\" \/>\n<meta property=\"og:site_name\" content=\"Buy Prescriptionz\" \/>\n<meta property=\"article:modified_time\" content=\"2025-09-25T11:11:28+00:00\" \/>\n<meta property=\"og:image\" content=\"https:\/\/buy-prescriptionz.com\/wp-content\/uploads\/2025\/09\/phenobarbital.jpg\" \/>\n\t<meta property=\"og:image:width\" content=\"400\" \/>\n\t<meta property=\"og:image:height\" content=\"300\" \/>\n\t<meta property=\"og:image:type\" content=\"image\/jpeg\" \/>\n<meta name=\"twitter:card\" content=\"summary_large_image\" \/>\n<meta name=\"twitter:label1\" content=\"Ansl. lesetid\" \/>\n\t<meta name=\"twitter:data1\" content=\"3 minutter\" \/>\n<script type=\"application\/ld+json\" class=\"yoast-schema-graph\">{\"@context\":\"https:\/\/schema.org\",\"@graph\":[{\"@type\":\"WebPage\",\"@id\":\"https:\/\/buy-prescriptionz.com\/product\/buy-phenobarbital-online\/\",\"url\":\"https:\/\/buy-prescriptionz.com\/product\/buy-phenobarbital-online\/\",\"name\":\"Buy Phenobarbital Online USA - Buy Phenobarbital Online for Sale -\",\"isPartOf\":{\"@id\":\"https:\/\/buy-prescriptionz.com\/#website\"},\"primaryImageOfPage\":{\"@id\":\"https:\/\/buy-prescriptionz.com\/product\/buy-phenobarbital-online\/#primaryimage\"},\"image\":{\"@id\":\"https:\/\/buy-prescriptionz.com\/product\/buy-phenobarbital-online\/#primaryimage\"},\"thumbnailUrl\":\"https:\/\/buy-prescriptionz.com\/wp-content\/uploads\/2025\/09\/phenobarbital.jpg\",\"datePublished\":\"2025-09-16T08:55:51+00:00\",\"dateModified\":\"2025-09-25T11:11:28+00:00\",\"description\":\"Buy Phenobarbital Online where you can Buy Phenobarbital Online at best price without doctor's prescription. Now with Free & Secure Shipping!\",\"breadcrumb\":{\"@id\":\"https:\/\/buy-prescriptionz.com\/product\/buy-phenobarbital-online\/#breadcrumb\"},\"inLanguage\":\"nb-NO\",\"potentialAction\":[{\"@type\":\"ReadAction\",\"target\":[\"https:\/\/buy-prescriptionz.com\/product\/buy-phenobarbital-online\/\"]}]},{\"@type\":\"ImageObject\",\"inLanguage\":\"nb-NO\",\"@id\":\"https:\/\/buy-prescriptionz.com\/product\/buy-phenobarbital-online\/#primaryimage\",\"url\":\"https:\/\/buy-prescriptionz.com\/wp-content\/uploads\/2025\/09\/phenobarbital.jpg\",\"contentUrl\":\"https:\/\/buy-prescriptionz.com\/wp-content\/uploads\/2025\/09\/phenobarbital.jpg\",\"width\":400,\"height\":300},{\"@type\":\"BreadcrumbList\",\"@id\":\"https:\/\/buy-prescriptionz.com\/product\/buy-phenobarbital-online\/#breadcrumb\",\"itemListElement\":[{\"@type\":\"ListItem\",\"position\":1,\"name\":\"Home\",\"item\":\"https:\/\/buy-prescriptionz.com\/\"},{\"@type\":\"ListItem\",\"position\":2,\"name\":\"Shop Painkillers Online\",\"item\":\"https:\/\/buy-prescriptionz.com\/shop-painkillers-online\/\"},{\"@type\":\"ListItem\",\"position\":3,\"name\":\"Buy Phenobarbital Online\"}]},{\"@type\":\"WebSite\",\"@id\":\"https:\/\/buy-prescriptionz.com\/#website\",\"url\":\"https:\/\/buy-prescriptionz.com\/\",\"name\":\"Buy Prescriptionz\",\"description\":\"Drugs Online\",\"publisher\":{\"@id\":\"https:\/\/buy-prescriptionz.com\/#organization\"},\"potentialAction\":[{\"@type\":\"SearchAction\",\"target\":{\"@type\":\"EntryPoint\",\"urlTemplate\":\"https:\/\/buy-prescriptionz.com\/?s={search_term_string}\"},\"query-input\":{\"@type\":\"PropertyValueSpecification\",\"valueRequired\":true,\"valueName\":\"search_term_string\"}}],\"inLanguage\":\"nb-NO\"},{\"@type\":\"Organization\",\"@id\":\"https:\/\/buy-prescriptionz.com\/#organization\",\"name\":\"Buy Prescriptionz\",\"url\":\"https:\/\/buy-prescriptionz.com\/\",\"logo\":{\"@type\":\"ImageObject\",\"inLanguage\":\"nb-NO\",\"@id\":\"https:\/\/buy-prescriptionz.com\/#\/schema\/logo\/image\/\",\"url\":\"https:\/\/buy-prescriptionz.com\/wp-content\/uploads\/2023\/09\/logo.png\",\"contentUrl\":\"https:\/\/buy-prescriptionz.com\/wp-content\/uploads\/2023\/09\/logo.png\",\"width\":350,\"height\":64,\"caption\":\"Buy Prescriptionz\"},\"image\":{\"@id\":\"https:\/\/buy-prescriptionz.com\/#\/schema\/logo\/image\/\"}}]}<\/script>\n<!-- \/ Yoast SEO plugin. -->","yoast_head_json":{"title":"Kj\u00f8p fenobarbital p\u00e5 nett i USA - Kj\u00f8p fenobarbital p\u00e5 nett til salgs -","description":"Buy Phenobarbital Online where you can Buy Phenobarbital Online at best price without doctor's prescription. Now with Free & Secure Shipping!","robots":{"index":"index","follow":"follow","max-snippet":"max-snippet:-1","max-image-preview":"max-image-preview:large","max-video-preview":"max-video-preview:-1"},"canonical":"https:\/\/buy-prescriptionz.com\/nb\/produkt\/kjop-fenobarbital-pa-nett\/","og_locale":"nb_NO","og_type":"article","og_title":"Buy Phenobarbital Online USA - Buy Phenobarbital Online for Sale -","og_description":"Buy Phenobarbital Online where you can Buy Phenobarbital Online at best price without doctor's prescription. Now with Free & Secure Shipping!","og_url":"https:\/\/buy-prescriptionz.com\/nb\/produkt\/kjop-fenobarbital-pa-nett\/","og_site_name":"Buy Prescriptionz","article_modified_time":"2025-09-25T11:11:28+00:00","og_image":[{"width":400,"height":300,"url":"https:\/\/buy-prescriptionz.com\/wp-content\/uploads\/2025\/09\/phenobarbital.jpg","type":"image\/jpeg"}],"twitter_card":"summary_large_image","twitter_misc":{"Ansl. lesetid":"3 minutter"},"schema":{"@context":"https:\/\/schema.org","@graph":[{"@type":"WebPage","@id":"https:\/\/buy-prescriptionz.com\/product\/buy-phenobarbital-online\/","url":"https:\/\/buy-prescriptionz.com\/product\/buy-phenobarbital-online\/","name":"Kj\u00f8p fenobarbital p\u00e5 nett i USA - Kj\u00f8p fenobarbital p\u00e5 nett til salgs -","isPartOf":{"@id":"https:\/\/buy-prescriptionz.com\/#website"},"primaryImageOfPage":{"@id":"https:\/\/buy-prescriptionz.com\/product\/buy-phenobarbital-online\/#primaryimage"},"image":{"@id":"https:\/\/buy-prescriptionz.com\/product\/buy-phenobarbital-online\/#primaryimage"},"thumbnailUrl":"https:\/\/buy-prescriptionz.com\/wp-content\/uploads\/2025\/09\/phenobarbital.jpg","datePublished":"2025-09-16T08:55:51+00:00","dateModified":"2025-09-25T11:11:28+00:00","description":"Buy Phenobarbital Online where you can Buy Phenobarbital Online at best price without doctor's prescription. Now with Free & Secure Shipping!","breadcrumb":{"@id":"https:\/\/buy-prescriptionz.com\/product\/buy-phenobarbital-online\/#breadcrumb"},"inLanguage":"nb-NO","potentialAction":[{"@type":"ReadAction","target":["https:\/\/buy-prescriptionz.com\/product\/buy-phenobarbital-online\/"]}]},{"@type":"ImageObject","inLanguage":"nb-NO","@id":"https:\/\/buy-prescriptionz.com\/product\/buy-phenobarbital-online\/#primaryimage","url":"https:\/\/buy-prescriptionz.com\/wp-content\/uploads\/2025\/09\/phenobarbital.jpg","contentUrl":"https:\/\/buy-prescriptionz.com\/wp-content\/uploads\/2025\/09\/phenobarbital.jpg","width":400,"height":300},{"@type":"BreadcrumbList","@id":"https:\/\/buy-prescriptionz.com\/product\/buy-phenobarbital-online\/#breadcrumb","itemListElement":[{"@type":"ListItem","position":1,"name":"Home","item":"https:\/\/buy-prescriptionz.com\/"},{"@type":"ListItem","position":2,"name":"Shop Painkillers Online","item":"https:\/\/buy-prescriptionz.com\/shop-painkillers-online\/"},{"@type":"ListItem","position":3,"name":"Buy Phenobarbital Online"}]},{"@type":"WebSite","@id":"https:\/\/buy-prescriptionz.com\/#website","url":"https:\/\/buy-prescriptionz.com\/","name":"Buy Prescriptionz","description":"Drugs Online","publisher":{"@id":"https:\/\/buy-prescriptionz.com\/#organization"},"potentialAction":[{"@type":"SearchAction","target":{"@type":"EntryPoint","urlTemplate":"https:\/\/buy-prescriptionz.com\/?s={search_term_string}"},"query-input":{"@type":"PropertyValueSpecification","valueRequired":true,"valueName":"search_term_string"}}],"inLanguage":"nb-NO"},{"@type":"Organization","@id":"https:\/\/buy-prescriptionz.com\/#organization","name":"Buy Prescriptionz","url":"https:\/\/buy-prescriptionz.com\/","logo":{"@type":"ImageObject","inLanguage":"nb-NO","@id":"https:\/\/buy-prescriptionz.com\/#\/schema\/logo\/image\/","url":"https:\/\/buy-prescriptionz.com\/wp-content\/uploads\/2023\/09\/logo.png","contentUrl":"https:\/\/buy-prescriptionz.com\/wp-content\/uploads\/2023\/09\/logo.png","width":350,"height":64,"caption":"Buy Prescriptionz"},"image":{"@id":"https:\/\/buy-prescriptionz.com\/#\/schema\/logo\/image\/"}}]}},"_links":{"self":[{"href":"https:\/\/buy-prescriptionz.com\/nb\/wp-json\/wp\/v2\/product\/2988","targetHints":{"allow":["GET"]}}],"collection":[{"href":"https:\/\/buy-prescriptionz.com\/nb\/wp-json\/wp\/v2\/product"}],"about":[{"href":"https:\/\/buy-prescriptionz.com\/nb\/wp-json\/wp\/v2\/types\/product"}],"replies":[{"embeddable":true,"href":"https:\/\/buy-prescriptionz.com\/nb\/wp-json\/wp\/v2\/comments?post=2988"}],"wp:featuredmedia":[{"embeddable":true,"href":"https:\/\/buy-prescriptionz.com\/nb\/wp-json\/wp\/v2\/media\/3018"}],"wp:attachment":[{"href":"https:\/\/buy-prescriptionz.com\/nb\/wp-json\/wp\/v2\/media?parent=2988"}],"wp:term":[{"taxonomy":"product_brand","embeddable":true,"href":"https:\/\/buy-prescriptionz.com\/nb\/wp-json\/wp\/v2\/product_brand?post=2988"},{"taxonomy":"product_cat","embeddable":true,"href":"https:\/\/buy-prescriptionz.com\/nb\/wp-json\/wp\/v2\/product_cat?post=2988"},{"taxonomy":"product_tag","embeddable":true,"href":"https:\/\/buy-prescriptionz.com\/nb\/wp-json\/wp\/v2\/product_tag?post=2988"}],"curies":[{"name":"wp","href":"https:\/\/api.w.org\/{rel}","templated":true}]}}