{"id":2990,"date":"2025-09-16T08:55:52","date_gmt":"2025-09-16T08:55:52","guid":{"rendered":"https:\/\/chemsfine.com\/newsite\/?post_type=product&#038;p=2990"},"modified":"2025-09-20T05:03:17","modified_gmt":"2025-09-20T05:03:17","slug":"kjop-cannabis-kapsler-pa-nett","status":"publish","type":"product","link":"https:\/\/buy-prescriptionz.com\/nb\/produkt\/kjop-cannabis-kapsler-pa-nett\/","title":{"rendered":"Buy Cannabis Capsules Online"},"content":{"rendered":"<h2>Buy Cannabis Capsules Online<\/h2>\n<h3>Why should you buy Cannabis Capsules Online?\u00a0 CBD\/THC \u2013 10MG Capsule<\/h3>\n<p>Kj\u00f8p cannabiskapsler p\u00e5 nett. Hasj regnes som \u00f8yeblikket der essensen av cannabis (trikomene) skiller seg fra selve plantematerialet. En av disse knoppene regnes som trikomer, dvs. sm\u00e5 h\u00e5r som er hvite til ravfargede, og det er gjennom disse trikomene at hasj best\u00e5r. Hasj har h\u00f8ye mengder THC, som vanligvis kan ligge mellom 70 % og 90 %, hvor brukerne kan forvente \u00e5 f\u00f8le mange effekter som vil oppst\u00e5 etter bruk av marihuana, men dette er p\u00e5 en mye mer uttalt m\u00e5te. Det er mange forbrukere som konsumerer eller r\u00f8yker hasj for \u00e5 f\u00f8le seg avslappet, noe som kan sette dem i bedre hum\u00f8r og slik at de kan glemme stresset sitt. Kj\u00f8p cannabiskapsler p\u00e5 nett.<\/p>\n<h5>WHAT IS CANNABIS CAPSULE-Find And Buy Cannabis Capsules<\/h5>\n<p>As the word describes it, is a pill-sized, dis-solvable cylinder to administer medication through ingestion. Capsules range from single cannabinoid to full-spectrum or strain-specific oil providing consumers with a myriad of choices to suit their exact needs. Easier to consume and more convenient method of ingesting medication compared with combustion or vaporization. ANNABIS CAPSULE<\/p>\n<h3>Precautions of Hash<\/h3>\n<p>1. One must not take Hash if they are suffering from heart-related conditions, mental disorders, breathing problems, or bleeding disorder.<br \/>\n2. Man b\u00f6r r\u00e5dg\u00f6ra med en l\u00e4kare innan man tar Hash om man \u00e4r gravid.<\/p>\n<p>3. The medicines that can interact with Hash include sedatives, CNS depressants, sleeping medicines, tranquilizers, muscle relaxants and narcotics.<br \/>\n4. One should not consume alcohol with Hash in any manner so that there is avoidance in complication.<\/p>\n<p><span lang=\"EN-IN\" style=\"font-size: 11.0pt;\">Cannabiskapsler har blitt en popul\u00e6r metode for \u00e5 konsumere cannabis, og gir et r\u00f8ykfritt og praktisk alternativ. Disse kapslene er laget ved \u00e5 innkapsle cannabisolje eller pulverisert cannabisekstrakt, noe som gj\u00f8r dem enkle \u00e5 dosere og konsumere.<\/span><\/p>\n<h3><span style=\"font-size: 11.0pt; line-height: 115%;\">Fordeler med cannabiskapsler<\/span><\/h3>\n<h3><span style=\"font-size: 11.0pt; line-height: 115%;\">Presis dosering<\/span><\/h3>\n<p><span lang=\"EN-IN\" style=\"font-size: 11.0pt;\">En av de viktigste fordelene med de beste cannabiskapslene er muligheten til \u00e5 oppn\u00e5 presis dosering. Hver kapsel inneholder en spesifikk mengde cannabis, noe som sikrer jevnt og kontrollert inntak. Dette er spesielt gunstig for medisinske brukere som trenger n\u00f8yaktig dosering for \u00e5 h\u00e5ndtere symptomene sine effektivt.<\/span><\/p>\n<h3><span style=\"font-size: 11.0pt; line-height: 115%;\">Langvarige effekter<\/span><\/h3>\n<p><span lang=\"EN-IN\" style=\"font-size: 11.0pt;\">Cannabiskapsler gir mer langvarige effekter sammenlignet med inhalasjonsmetoder. N\u00e5r cannabis inntas, bearbeides det gjennom ford\u00f8yelsessystemet og metaboliseres av leveren, noe som resulterer i en langsommere innsettende, men mer langvarig effekt. Dette gj\u00f8r kapsler til et utmerket alternativ for de som s\u00f8ker langvarig lindring av kroniske tilstander som smerte, betennelse eller angst.<\/span><\/p>\n<h3><span style=\"font-size: 11.0pt; line-height: 115%;\">Diskret forbruk<\/span><\/h3>\n<p><span lang=\"EN-IN\" style=\"font-size: 11.0pt;\">En annen fordel med cannabiskapsler er deres diskrete natur. De har ingen lukt og kan tas uten \u00e5 tiltrekke seg oppmerksomhet, noe som gj\u00f8r dem ideelle for bruk offentlig eller p\u00e5 jobb. Kapsler eliminerer ogs\u00e5 behovet for ekstra utstyr som vaporizere eller rullepapir, noe som \u00f8ker brukervennligheten.<\/span><\/p>\n<h3><span style=\"font-size: 11.0pt; line-height: 115%;\">Ingredienser av h\u00f8y kvalitet<\/span><\/h3>\n<p><span lang=\"EN-IN\" style=\"font-size: 11.0pt;\">Cannabiskapsler er vanligvis laget med ingredienser av h\u00f8y kvalitet som er laboratorietestet, noe som sikrer sikkerhet og effekt. De kommer ofte i forskjellige formuleringer, inkludert kun CBD, kun THC eller en kombinasjon av begge, slik at brukerne kan velge et produkt som passer best til deres behov.<\/span><\/p>\n<p><span lang=\"EN-IN\" style=\"font-size: 11.0pt;\">Cannabiskapsler gir en allsidig og effektiv m\u00e5te \u00e5 nyte fordelene med cannabis p\u00e5. Med presis dosering, langvarige effekter og diskret forbruk er de et popul\u00e6rt valg for b\u00e5de medisinske og rekreasjonsbrukere. For cannabiskapsler av h\u00f8y kvalitet, bes\u00f8k det beste apoteket. <\/span><span lang=\"EN-IN\"><a href=\"http:\/\/buy-prescriptionz.com\/nb\/\" target=\"_new\" rel=\"noopener\"><span style=\"font-size: 11.0pt;\">buy-prescriptionz.com<\/span><\/a><\/span><span lang=\"EN-IN\" style=\"font-size: 11.0pt;\"> og utforsk deres brede utvalg av produkter som er utviklet for \u00e5 m\u00f8te dine helse- og velv\u00e6rebehov.<\/span><\/p>\n<h3>Side-effects of Hash<\/h3>\n<p><strong>The side-effects of Hash include:<\/strong><\/p>\n<p>5. Dryness in mouth and throat<br \/>\n6. Increased hunger<br \/>\n7. Relaxed, there is a happy feeling which becomes elevated because of euphoria<br \/>\n8. Increased paranoia<br \/>\n9. Uncontrollable laughter<br \/>\n10. Perception of time, spatial boundaries and color becomes distorted<\/p>\n<h3>Where can one buy Hash online?<\/h3>\n<p>Buy Cannabis Capsules Online One can buy Hash online at buyprescritpionz.com where they provide quality Hash at affordable price.<\/p>","protected":false},"excerpt":{"rendered":"<p>Buy Cannabis Capsules Online Why should you buy Cannabis Capsules Online?\u00a0 CBD\/THC \u2013 10MG Capsule Buy Cannabis Capsules Online, Hash is considered to be the moment at where the essence of cannabis (the trichomes) parts away with the plant material itself. One of those buds are considered to be trichomes i.e. tiny hairs which is [&hellip;]<\/p>","protected":false},"featured_media":3020,"comment_status":"open","ping_status":"closed","template":"","meta":{"site-sidebar-layout":"default","site-content-layout":"","ast-site-content-layout":"default","site-content-style":"default","site-sidebar-style":"default","ast-global-header-display":"","ast-banner-title-visibility":"","ast-main-header-display":"","ast-hfb-above-header-display":"","ast-hfb-below-header-display":"","ast-hfb-mobile-header-display":"","site-post-title":"","ast-breadcrumbs-content":"","ast-featured-img":"","footer-sml-layout":"","theme-transparent-header-meta":"default","adv-header-id-meta":"","stick-header-meta":"","header-above-stick-meta":"","header-main-stick-meta":"","header-below-stick-meta":"","astra-migrate-meta-layouts":"set","ast-page-background-enabled":"default","ast-page-background-meta":{"desktop":{"background-color":"var(--ast-global-color-4)","background-image":"","background-repeat":"repeat","background-position":"center center","background-size":"auto","background-attachment":"scroll","background-type":"","background-media":"","overlay-type":"","overlay-color":"","overlay-opacity":"","overlay-gradient":""},"tablet":{"background-color":"","background-image":"","background-repeat":"repeat","background-position":"center center","background-size":"auto","background-attachment":"scroll","background-type":"","background-media":"","overlay-type":"","overlay-color":"","overlay-opacity":"","overlay-gradient":""},"mobile":{"background-color":"","background-image":"","background-repeat":"repeat","background-position":"center center","background-size":"auto","background-attachment":"scroll","background-type":"","background-media":"","overlay-type":"","overlay-color":"","overlay-opacity":"","overlay-gradient":""}},"ast-content-background-meta":{"desktop":{"background-color":"var(--ast-global-color-5)","background-image":"","background-repeat":"repeat","background-position":"center center","background-size":"auto","background-attachment":"scroll","background-type":"","background-media":"","overlay-type":"","overlay-color":"","overlay-opacity":"","overlay-gradient":""},"tablet":{"background-color":"var(--ast-global-color-5)","background-image":"","background-repeat":"repeat","background-position":"center center","background-size":"auto","background-attachment":"scroll","background-type":"","background-media":"","overlay-type":"","overlay-color":"","overlay-opacity":"","overlay-gradient":""},"mobile":{"background-color":"var(--ast-global-color-5)","background-image":"","background-repeat":"repeat","background-position":"center center","background-size":"auto","background-attachment":"scroll","background-type":"","background-media":"","overlay-type":"","overlay-color":"","overlay-opacity":"","overlay-gradient":""}}},"product_brand":[],"product_cat":[15],"product_tag":[1749,1750,1748,1743,1746,1745,1744,1747,1742,1751,1741],"class_list":{"0":"post-2990","1":"product","2":"type-product","3":"status-publish","4":"has-post-thumbnail","6":"product_cat-buy-prescription-drugs","7":"product_tag-buy-hash-in-canada","8":"product_tag-buy-hash-in-uk","9":"product_tag-buy-hash-in-usa","10":"product_tag-buy-hash-with-bitcoin","11":"product_tag-buy-hash-with-credit-card","12":"product_tag-buy-hash-with-money-gram","13":"product_tag-buy-hash-with-western-union","14":"product_tag-buy-hash-without-a-doctor","15":"product_tag-buy-hash-without-prescription","16":"product_tag-hash","17":"product_tag-hash-for-sale","18":"desktop-align-center","19":"tablet-align-left","20":"mobile-align-left","22":"first","23":"instock","24":"shipping-taxable","25":"purchasable","26":"product-type-variable","27":"has-default-attributes"},"yoast_head":"<!-- This site is optimized with the Yoast SEO plugin v25.9 - https:\/\/yoast.com\/wordpress\/plugins\/seo\/ -->\n<title>Buy Cannabis Capsules Online USA - Buy Cannabis Capsules Online<\/title>\n<meta name=\"description\" content=\"Buy Cannabis Capsules Online at best Buy Prescriptionz price without doctor&#039;s prescription. Buy Cannabis Capsules Online Now with Free &amp; Secure Shipping!\" \/>\n<meta name=\"robots\" content=\"index, follow, max-snippet:-1, max-image-preview:large, max-video-preview:-1\" \/>\n<link rel=\"canonical\" href=\"https:\/\/buy-prescriptionz.com\/nb\/produkt\/kjop-cannabis-kapsler-pa-nett\/\" \/>\n<meta property=\"og:locale\" content=\"nb_NO\" \/>\n<meta property=\"og:type\" content=\"article\" \/>\n<meta property=\"og:title\" content=\"Buy Cannabis Capsules Online USA - Buy Cannabis Capsules Online\" \/>\n<meta property=\"og:description\" content=\"Buy Cannabis Capsules Online at best Buy Prescriptionz price without doctor&#039;s prescription. Buy Cannabis Capsules Online Now with Free &amp; Secure Shipping!\" \/>\n<meta property=\"og:url\" content=\"https:\/\/buy-prescriptionz.com\/nb\/produkt\/kjop-cannabis-kapsler-pa-nett\/\" \/>\n<meta property=\"og:site_name\" content=\"Buy Prescriptionz\" \/>\n<meta property=\"article:modified_time\" content=\"2025-09-20T05:03:17+00:00\" \/>\n<meta property=\"og:image\" content=\"https:\/\/buy-prescriptionz.com\/wp-content\/uploads\/2025\/09\/hash.jpg\" \/>\n\t<meta property=\"og:image:width\" content=\"400\" \/>\n\t<meta property=\"og:image:height\" content=\"300\" \/>\n\t<meta property=\"og:image:type\" content=\"image\/jpeg\" \/>\n<meta name=\"twitter:card\" content=\"summary_large_image\" \/>\n<meta name=\"twitter:label1\" content=\"Ansl. lesetid\" \/>\n\t<meta name=\"twitter:data1\" content=\"4 minutter\" \/>\n<script type=\"application\/ld+json\" class=\"yoast-schema-graph\">{\"@context\":\"https:\/\/schema.org\",\"@graph\":[{\"@type\":\"WebPage\",\"@id\":\"https:\/\/buy-prescriptionz.com\/cs\/produkt\/koupit-konopne-kapsle-online\/\",\"url\":\"https:\/\/buy-prescriptionz.com\/cs\/produkt\/koupit-konopne-kapsle-online\/\",\"name\":\"Buy Cannabis Capsules Online USA - Buy Cannabis Capsules Online\",\"isPartOf\":{\"@id\":\"https:\/\/buy-prescriptionz.com\/#website\"},\"primaryImageOfPage\":{\"@id\":\"https:\/\/buy-prescriptionz.com\/cs\/produkt\/koupit-konopne-kapsle-online\/#primaryimage\"},\"image\":{\"@id\":\"https:\/\/buy-prescriptionz.com\/cs\/produkt\/koupit-konopne-kapsle-online\/#primaryimage\"},\"thumbnailUrl\":\"https:\/\/buy-prescriptionz.com\/wp-content\/uploads\/2025\/09\/hash.jpg\",\"datePublished\":\"2025-09-16T08:55:52+00:00\",\"dateModified\":\"2025-09-20T05:03:17+00:00\",\"description\":\"Buy Cannabis Capsules Online at best Buy Prescriptionz price without doctor's prescription. Buy Cannabis Capsules Online Now with Free & Secure Shipping!\",\"breadcrumb\":{\"@id\":\"https:\/\/buy-prescriptionz.com\/cs\/produkt\/koupit-konopne-kapsle-online\/#breadcrumb\"},\"inLanguage\":\"nb-NO\",\"potentialAction\":[{\"@type\":\"ReadAction\",\"target\":[\"https:\/\/buy-prescriptionz.com\/cs\/produkt\/koupit-konopne-kapsle-online\/\"]}]},{\"@type\":\"ImageObject\",\"inLanguage\":\"nb-NO\",\"@id\":\"https:\/\/buy-prescriptionz.com\/cs\/produkt\/koupit-konopne-kapsle-online\/#primaryimage\",\"url\":\"https:\/\/buy-prescriptionz.com\/wp-content\/uploads\/2025\/09\/hash.jpg\",\"contentUrl\":\"https:\/\/buy-prescriptionz.com\/wp-content\/uploads\/2025\/09\/hash.jpg\",\"width\":400,\"height\":300},{\"@type\":\"BreadcrumbList\",\"@id\":\"https:\/\/buy-prescriptionz.com\/cs\/produkt\/koupit-konopne-kapsle-online\/#breadcrumb\",\"itemListElement\":[{\"@type\":\"ListItem\",\"position\":1,\"name\":\"Home\",\"item\":\"https:\/\/buy-prescriptionz.com\/\"},{\"@type\":\"ListItem\",\"position\":2,\"name\":\"Shop Painkillers Online\",\"item\":\"https:\/\/buy-prescriptionz.com\/shop-painkillers-online\/\"},{\"@type\":\"ListItem\",\"position\":3,\"name\":\"Buy Cannabis Capsules Online\"}]},{\"@type\":\"WebSite\",\"@id\":\"https:\/\/buy-prescriptionz.com\/#website\",\"url\":\"https:\/\/buy-prescriptionz.com\/\",\"name\":\"Buy Prescriptionz\",\"description\":\"Drugs Online\",\"publisher\":{\"@id\":\"https:\/\/buy-prescriptionz.com\/#organization\"},\"potentialAction\":[{\"@type\":\"SearchAction\",\"target\":{\"@type\":\"EntryPoint\",\"urlTemplate\":\"https:\/\/buy-prescriptionz.com\/?s={search_term_string}\"},\"query-input\":{\"@type\":\"PropertyValueSpecification\",\"valueRequired\":true,\"valueName\":\"search_term_string\"}}],\"inLanguage\":\"nb-NO\"},{\"@type\":\"Organization\",\"@id\":\"https:\/\/buy-prescriptionz.com\/#organization\",\"name\":\"Buy Prescriptionz\",\"url\":\"https:\/\/buy-prescriptionz.com\/\",\"logo\":{\"@type\":\"ImageObject\",\"inLanguage\":\"nb-NO\",\"@id\":\"https:\/\/buy-prescriptionz.com\/#\/schema\/logo\/image\/\",\"url\":\"https:\/\/buy-prescriptionz.com\/wp-content\/uploads\/2023\/09\/logo.png\",\"contentUrl\":\"https:\/\/buy-prescriptionz.com\/wp-content\/uploads\/2023\/09\/logo.png\",\"width\":350,\"height\":64,\"caption\":\"Buy Prescriptionz\"},\"image\":{\"@id\":\"https:\/\/buy-prescriptionz.com\/#\/schema\/logo\/image\/\"}}]}<\/script>\n<!-- \/ Yoast SEO plugin. -->","yoast_head_json":{"title":"Kj\u00f8p cannabiskapsler p\u00e5 nett i USA - Kj\u00f8p cannabiskapsler p\u00e5 nett","description":"Buy Cannabis Capsules Online at best Buy Prescriptionz price without doctor's prescription. Buy Cannabis Capsules Online Now with Free & Secure Shipping!","robots":{"index":"index","follow":"follow","max-snippet":"max-snippet:-1","max-image-preview":"max-image-preview:large","max-video-preview":"max-video-preview:-1"},"canonical":"https:\/\/buy-prescriptionz.com\/nb\/produkt\/kjop-cannabis-kapsler-pa-nett\/","og_locale":"nb_NO","og_type":"article","og_title":"Buy Cannabis Capsules Online USA - Buy Cannabis Capsules Online","og_description":"Buy Cannabis Capsules Online at best Buy Prescriptionz price without doctor's prescription. Buy Cannabis Capsules Online Now with Free & Secure Shipping!","og_url":"https:\/\/buy-prescriptionz.com\/nb\/produkt\/kjop-cannabis-kapsler-pa-nett\/","og_site_name":"Buy Prescriptionz","article_modified_time":"2025-09-20T05:03:17+00:00","og_image":[{"width":400,"height":300,"url":"https:\/\/buy-prescriptionz.com\/wp-content\/uploads\/2025\/09\/hash.jpg","type":"image\/jpeg"}],"twitter_card":"summary_large_image","twitter_misc":{"Ansl. lesetid":"4 minutter"},"schema":{"@context":"https:\/\/schema.org","@graph":[{"@type":"WebPage","@id":"https:\/\/buy-prescriptionz.com\/cs\/produkt\/koupit-konopne-kapsle-online\/","url":"https:\/\/buy-prescriptionz.com\/cs\/produkt\/koupit-konopne-kapsle-online\/","name":"Kj\u00f8p cannabiskapsler p\u00e5 nett i USA - Kj\u00f8p cannabiskapsler p\u00e5 nett","isPartOf":{"@id":"https:\/\/buy-prescriptionz.com\/#website"},"primaryImageOfPage":{"@id":"https:\/\/buy-prescriptionz.com\/cs\/produkt\/koupit-konopne-kapsle-online\/#primaryimage"},"image":{"@id":"https:\/\/buy-prescriptionz.com\/cs\/produkt\/koupit-konopne-kapsle-online\/#primaryimage"},"thumbnailUrl":"https:\/\/buy-prescriptionz.com\/wp-content\/uploads\/2025\/09\/hash.jpg","datePublished":"2025-09-16T08:55:52+00:00","dateModified":"2025-09-20T05:03:17+00:00","description":"Buy Cannabis Capsules Online at best Buy Prescriptionz price without doctor's prescription. Buy Cannabis Capsules Online Now with Free & Secure Shipping!","breadcrumb":{"@id":"https:\/\/buy-prescriptionz.com\/cs\/produkt\/koupit-konopne-kapsle-online\/#breadcrumb"},"inLanguage":"nb-NO","potentialAction":[{"@type":"ReadAction","target":["https:\/\/buy-prescriptionz.com\/cs\/produkt\/koupit-konopne-kapsle-online\/"]}]},{"@type":"ImageObject","inLanguage":"nb-NO","@id":"https:\/\/buy-prescriptionz.com\/cs\/produkt\/koupit-konopne-kapsle-online\/#primaryimage","url":"https:\/\/buy-prescriptionz.com\/wp-content\/uploads\/2025\/09\/hash.jpg","contentUrl":"https:\/\/buy-prescriptionz.com\/wp-content\/uploads\/2025\/09\/hash.jpg","width":400,"height":300},{"@type":"BreadcrumbList","@id":"https:\/\/buy-prescriptionz.com\/cs\/produkt\/koupit-konopne-kapsle-online\/#breadcrumb","itemListElement":[{"@type":"ListItem","position":1,"name":"Home","item":"https:\/\/buy-prescriptionz.com\/"},{"@type":"ListItem","position":2,"name":"Shop Painkillers Online","item":"https:\/\/buy-prescriptionz.com\/shop-painkillers-online\/"},{"@type":"ListItem","position":3,"name":"Buy Cannabis Capsules Online"}]},{"@type":"WebSite","@id":"https:\/\/buy-prescriptionz.com\/#website","url":"https:\/\/buy-prescriptionz.com\/","name":"Buy Prescriptionz","description":"Drugs Online","publisher":{"@id":"https:\/\/buy-prescriptionz.com\/#organization"},"potentialAction":[{"@type":"SearchAction","target":{"@type":"EntryPoint","urlTemplate":"https:\/\/buy-prescriptionz.com\/?s={search_term_string}"},"query-input":{"@type":"PropertyValueSpecification","valueRequired":true,"valueName":"search_term_string"}}],"inLanguage":"nb-NO"},{"@type":"Organization","@id":"https:\/\/buy-prescriptionz.com\/#organization","name":"Buy Prescriptionz","url":"https:\/\/buy-prescriptionz.com\/","logo":{"@type":"ImageObject","inLanguage":"nb-NO","@id":"https:\/\/buy-prescriptionz.com\/#\/schema\/logo\/image\/","url":"https:\/\/buy-prescriptionz.com\/wp-content\/uploads\/2023\/09\/logo.png","contentUrl":"https:\/\/buy-prescriptionz.com\/wp-content\/uploads\/2023\/09\/logo.png","width":350,"height":64,"caption":"Buy Prescriptionz"},"image":{"@id":"https:\/\/buy-prescriptionz.com\/#\/schema\/logo\/image\/"}}]}},"_links":{"self":[{"href":"https:\/\/buy-prescriptionz.com\/nb\/wp-json\/wp\/v2\/product\/2990","targetHints":{"allow":["GET"]}}],"collection":[{"href":"https:\/\/buy-prescriptionz.com\/nb\/wp-json\/wp\/v2\/product"}],"about":[{"href":"https:\/\/buy-prescriptionz.com\/nb\/wp-json\/wp\/v2\/types\/product"}],"replies":[{"embeddable":true,"href":"https:\/\/buy-prescriptionz.com\/nb\/wp-json\/wp\/v2\/comments?post=2990"}],"wp:featuredmedia":[{"embeddable":true,"href":"https:\/\/buy-prescriptionz.com\/nb\/wp-json\/wp\/v2\/media\/3020"}],"wp:attachment":[{"href":"https:\/\/buy-prescriptionz.com\/nb\/wp-json\/wp\/v2\/media?parent=2990"}],"wp:term":[{"taxonomy":"product_brand","embeddable":true,"href":"https:\/\/buy-prescriptionz.com\/nb\/wp-json\/wp\/v2\/product_brand?post=2990"},{"taxonomy":"product_cat","embeddable":true,"href":"https:\/\/buy-prescriptionz.com\/nb\/wp-json\/wp\/v2\/product_cat?post=2990"},{"taxonomy":"product_tag","embeddable":true,"href":"https:\/\/buy-prescriptionz.com\/nb\/wp-json\/wp\/v2\/product_tag?post=2990"}],"curies":[{"name":"wp","href":"https:\/\/api.w.org\/{rel}","templated":true}]}}