{"id":2992,"date":"2025-09-16T08:55:52","date_gmt":"2025-09-16T08:55:52","guid":{"rendered":"https:\/\/chemsfine.com\/newsite\/?post_type=product&#038;p=2992"},"modified":"2025-09-30T12:37:28","modified_gmt":"2025-09-30T12:37:28","slug":"kjop-suboxone-pa-nett","status":"publish","type":"product","link":"https:\/\/buy-prescriptionz.com\/nb\/produkt\/kjop-suboxone-pa-nett\/","title":{"rendered":"Buy Suboxone Online"},"content":{"rendered":"<h2>Kj\u00f8p Suboxone p\u00e5 nett<\/h2>\n<p>Buprenorfin\/nalokson, som selges under merkenavnet Suboxone, er en medisin som er en blanding av buprenorfin og nalokson. Suboxone er til salgs for behandling av rusavhengighet. Det reduserer abstinensbivirkninger i omtrent 24 timer. Kj\u00f8p Suboxone til bruk i to forskjellige strukturer, under tungen eller i kinnet.<\/p>\n<h3>Hvordan kj\u00f8pe Suboxone p\u00e5 nett p\u00e5 buy-prescriptionz.com<\/h3>\n<p>Suboxone p\u00e5 nett for symptomer kan ha luftveisproblemer, tretthet og lavt blodtrykk. Stoffet nalokson er et narkotisk stoff som konkurrerer med og hemmer effekten av andre narkotika, inkludert buprenorfin. Nalokson beholdes n\u00e5r det tas gjennom munnen, og det tilsettes for \u00e5 redusere problemene som individer vil misbruke stoffet ved injeksjon. Buprenorfin\/nalokson er for behandling av narkotiske lidelser. Langsiktige resultater er vanligvis bedre ved bruk av buprenorfin\/nalokson enn narkotisk bruk totalt. Tror du hvor du kan kj\u00f8pe Suboxone p\u00e5 nett? Kombinasjonen av de to reseptene foretrekkes fremfor buprenorfin alene for st\u00f8ttebehandling p\u00e5 grunn av nalokson i definisjonen, som bidrar til \u00e5 fungere som en misbrukslindring, spesielt mot intraven\u00f8s bruk.<\/p>\n<h3>Kj\u00f8p Suboxone til en billig pris p\u00e5 8 mg, 4 mg eller 2 mg<\/h3>\n<p>Kj\u00f8p Suboxone med diskret emballasje for behandling av narkotisk avhengighet, og fylles ut som et foreskrevet f\u00f8rstelinjemedisin i henhold til U.S. National Institute on Drug Abuse med rask og sikker leveringstjeneste p\u00e5 buy-prescriptionz.com. Medisinen er en kraftig vedlikeholdsbehandling for rusavhengighet og har vanligvis sammenlignbar effekt som metadon, som er b\u00e5de effektiv og annen rusbasert behandling.<\/p>\n<h3>Kj\u00f8p Suboxone uten resept: Medisinsk bruk<\/h3>\n<p>Kj\u00f8p Suboxone uten lege fordi det f\u00f8lgelig f\u00f8lger med flere farer i denne kraftl\u00f8se rusavhengigheten. Bestill Suboxone p\u00e5 nett for sosialt stabile narkotiske klienter som ikke vil v\u00e6re i stand til \u00e5 hente resepter fra en middels dag. Det er for de som kan ha en annen tilstand som krever regelmessige bes\u00f8k med n\u00f8dvendig behandling med rask og sikker leveringstjeneste p\u00e5 buy-prescriptionz.com. Kj\u00f8p Suboxone p\u00e5 nett i stedet for metadon ved h\u00f8y risiko for metadond\u00f8delighet, for eksempel eldre, de som tar store doser benzodiazepiner eller andre beroligende medisiner, og de som har h\u00f8y risiko for forsinket QT-intervall.<\/p>\n<p>F\u00f8r vi dykker ned i fordelene ved \u00e5 kj\u00f8pe Suboxone p\u00e5 nett, er det viktig \u00e5 forst\u00e5 hva Suboxone er og hvordan det virker. Den beste Suboxone er en kombinasjonsmedisin som inneholder buprenorfin og nalokson. Buprenorfin er en delvis opioidagonist, som betyr at den aktiverer opioidreseptorene i hjernen, men i mindre grad enn fullverdige opioidagonister som heroin eller morfin. Nalokson tilsettes for \u00e5 avskrekke misbruk av medisinen, da den kan blokkere effekten av opioider og utl\u00f8se abstinenssymptomer hvis den tas feil. Suboxone brukes ofte i medisinassistert behandling (MAT) for \u00e5 hjelpe enkeltpersoner med \u00e5 redusere eller slutte \u00e5 bruke opioider. Det kan bidra til \u00e5 h\u00e5ndtere abstinenssymptomer og sug, slik at enkeltpersoner kan fokusere p\u00e5 tilfriskning uten de intense fysiologiske effektene av opioidabstinens.<\/p>\n<h3>Behandling av opioidavhengighet<\/h3>\n<p>En av de prim\u00e6re bruksomr\u00e5dene for Suboxone er i behandling av opioidavhengighet. Opioidavhengighet er et alvorlig og utbredt problem som kan ha \u00f8deleggende effekter p\u00e5 en persons helse, forhold og generelle livskvalitet. Suboxone virker ved \u00e5 redusere abstinenssymptomer og sug, noe som gj\u00f8r det lettere for enkeltpersoner \u00e5 overvinne avhengigheten og fokusere p\u00e5 tilfriskning.<\/p>\n<h3>Hvordan hjelper Suboxone?<\/h3>\n<p>N\u00e5r Suboxone tas som foreskrevet, kan det hjelpe personer med gradvis \u00e5 trappe ned opioider og arbeide mot edruelighet. Fordi buprenorfin er en delvis agonist, har det lavere potensial for misbruk og avhengighet sammenlignet med fulle opioidagonister. Dette gj\u00f8r det til et tryggere alternativ for personer som sliter med opioidavhengighet og kan v\u00e6re i faresonen for tilbakefall.<\/p>\n<h2>Smertebehandling<\/h2>\n<p>I tillegg til \u00e5 behandle opioidavhengighet, kan Suboxone ogs\u00e5 brukes til smertebehandling. Buprenorfin, den prim\u00e6re aktive ingrediensen i Suboxone, er en kraftig smertestillende middel som kan v\u00e6re effektiv for b\u00e5de akutte og kroniske smertetilstander. Det brukes ofte som et alternativ til tradisjonelle opioider som morfin eller oksykodon, spesielt for personer som er i faresonen for avhengighet eller overdose.<\/p>\n<h3>Fordeler med Suboxone for smertebehandling<\/h3>\n<p>En av hovedfordelene med \u00e5 bruke Suboxone til smertebehandling er den lavere risikoen for misbruk og avhengighet. Fordi buprenorfin er en partiell agonist, har det en takeffekt, som betyr at det \u00e5 ta mer av legemidlet ikke vil resultere i en st\u00f8rre effekt. Dette kan bidra til \u00e5 redusere sannsynligheten for overdose og andre alvorlige bivirkninger forbundet med tradisjonelle opioider.<\/p>\n<h3>Behandling av dobbel diagnose<\/h3>\n<p>Suboxone brukes ogs\u00e5 i behandlingsprogrammer med dobbel diagnose for personer som har samtidig opioidavhengighet og psykiske lidelser. Mange personer som sliter med avhengighet har ogs\u00e5 underliggende psykiske helseproblemer, som depresjon, angst eller bipolar lidelse. Suboxone kan bidra til \u00e5 stabilisere hum\u00f8ret og forbedre den generelle psykiske helsen, noe som gj\u00f8r det lettere for dem \u00e5 delta i terapi og annen behandling.<\/p>\n<h3>\u00a0Hvorfor velge buy-prescriptionz.com?<\/h3>\n<p>For de som vurderer \u00e5 kj\u00f8pe Suboxone p\u00e5 nett, er buy-prescriptionz.com et anerkjent og det beste apoteket. Med en brukervennlig nettside, sikre betalingsalternativer og diskret emballasje prioriterer buy-prescriptionz.com kundetilfredshet og sikkerhet. Ved \u00e5 velge buy-prescriptionz.com kan enkeltpersoner f\u00e5 tilgang til Suboxone av h\u00f8y kvalitet til konkurransedyktige priser. Bekvemmeligheten med nettbestilling, kombinert med fordelene med personvern og kostnadsbesparelser, gj\u00f8r buy-prescriptionz.com til et toppvalg for de som s\u00f8ker Suboxone p\u00e5 nett.<\/p>","protected":false},"excerpt":{"rendered":"<p>Buy Suboxone online Buprenorphine\/naloxone, sold under the brand name Suboxone, is a medicine that is a blend of buprenorphine and naloxone. Suboxone for sale is to treat drug dependence disorder. It diminishes withdrawal side effects for around 24 hours. Buy Suboxone for use in two unique structures, under the tongue or in the cheek. How [&hellip;]<\/p>","protected":false},"featured_media":3022,"comment_status":"open","ping_status":"closed","template":"","meta":{"site-sidebar-layout":"default","site-content-layout":"","ast-site-content-layout":"default","site-content-style":"default","site-sidebar-style":"default","ast-global-header-display":"","ast-banner-title-visibility":"","ast-main-header-display":"","ast-hfb-above-header-display":"","ast-hfb-below-header-display":"","ast-hfb-mobile-header-display":"","site-post-title":"","ast-breadcrumbs-content":"","ast-featured-img":"","footer-sml-layout":"","theme-transparent-header-meta":"default","adv-header-id-meta":"","stick-header-meta":"","header-above-stick-meta":"","header-main-stick-meta":"","header-below-stick-meta":"","astra-migrate-meta-layouts":"set","ast-page-background-enabled":"default","ast-page-background-meta":{"desktop":{"background-color":"var(--ast-global-color-4)","background-image":"","background-repeat":"repeat","background-position":"center center","background-size":"auto","background-attachment":"scroll","background-type":"","background-media":"","overlay-type":"","overlay-color":"","overlay-opacity":"","overlay-gradient":""},"tablet":{"background-color":"","background-image":"","background-repeat":"repeat","background-position":"center center","background-size":"auto","background-attachment":"scroll","background-type":"","background-media":"","overlay-type":"","overlay-color":"","overlay-opacity":"","overlay-gradient":""},"mobile":{"background-color":"","background-image":"","background-repeat":"repeat","background-position":"center center","background-size":"auto","background-attachment":"scroll","background-type":"","background-media":"","overlay-type":"","overlay-color":"","overlay-opacity":"","overlay-gradient":""}},"ast-content-background-meta":{"desktop":{"background-color":"var(--ast-global-color-5)","background-image":"","background-repeat":"repeat","background-position":"center center","background-size":"auto","background-attachment":"scroll","background-type":"","background-media":"","overlay-type":"","overlay-color":"","overlay-opacity":"","overlay-gradient":""},"tablet":{"background-color":"var(--ast-global-color-5)","background-image":"","background-repeat":"repeat","background-position":"center center","background-size":"auto","background-attachment":"scroll","background-type":"","background-media":"","overlay-type":"","overlay-color":"","overlay-opacity":"","overlay-gradient":""},"mobile":{"background-color":"var(--ast-global-color-5)","background-image":"","background-repeat":"repeat","background-position":"center center","background-size":"auto","background-attachment":"scroll","background-type":"","background-media":"","overlay-type":"","overlay-color":"","overlay-opacity":"","overlay-gradient":""}}},"product_brand":[],"product_cat":[2382],"product_tag":[1581,1582,1580,1575,1578,1577,1576,1579,1574,1583,1573],"class_list":{"0":"post-2992","1":"product","2":"type-product","3":"status-publish","4":"has-post-thumbnail","6":"product_cat-buy-opioids-online","7":"product_tag-buy-suboxone-in-canada","8":"product_tag-buy-suboxone-in-uk","9":"product_tag-buy-suboxone-in-usa","10":"product_tag-buy-suboxone-with-bitcoin","11":"product_tag-buy-suboxone-with-credit-card","12":"product_tag-buy-suboxone-with-money-gram","13":"product_tag-buy-suboxone-with-western-union","14":"product_tag-buy-suboxone-without-a-doctor","15":"product_tag-buy-suboxone-without-prescription","16":"product_tag-suboxone","17":"product_tag-suboxone-for-sale","18":"desktop-align-center","19":"tablet-align-left","20":"mobile-align-left","22":"first","23":"instock","24":"shipping-taxable","25":"purchasable","26":"product-type-variable","27":"has-default-attributes"},"yoast_head":"<!-- This site is optimized with the Yoast SEO plugin v25.9 - https:\/\/yoast.com\/wordpress\/plugins\/seo\/ -->\n<title>Buy Suboxone Online USA - Buy Suboxone Online for Sale - Buy Prescriptionz<\/title>\n<meta name=\"description\" content=\"Buyprescriptionz.com is an online pharmacy store where you can Buy Suboxone Online at best price without doctor&#039;s prescription. Buy Suboxone Online Now with Free &amp; Secure Shipping!\" \/>\n<meta name=\"robots\" content=\"index, follow, max-snippet:-1, max-image-preview:large, max-video-preview:-1\" \/>\n<link rel=\"canonical\" href=\"https:\/\/buy-prescriptionz.com\/nb\/produkt\/kjop-suboxone-pa-nett\/\" \/>\n<meta property=\"og:locale\" content=\"nb_NO\" \/>\n<meta property=\"og:type\" content=\"article\" \/>\n<meta property=\"og:title\" content=\"Buy Suboxone Online USA - Buy Suboxone Online for Sale - Buy Prescriptionz\" \/>\n<meta property=\"og:description\" content=\"Buyprescriptionz.com is an online pharmacy store where you can Buy Suboxone Online at best price without doctor&#039;s prescription. Buy Suboxone Online Now with Free &amp; Secure Shipping!\" \/>\n<meta property=\"og:url\" content=\"https:\/\/buy-prescriptionz.com\/nb\/produkt\/kjop-suboxone-pa-nett\/\" \/>\n<meta property=\"og:site_name\" content=\"Buy Prescriptionz\" \/>\n<meta property=\"article:modified_time\" content=\"2025-09-30T12:37:28+00:00\" \/>\n<meta property=\"og:image\" content=\"https:\/\/buy-prescriptionz.com\/wp-content\/uploads\/2025\/09\/suboxone.jpg\" \/>\n\t<meta property=\"og:image:width\" content=\"400\" \/>\n\t<meta property=\"og:image:height\" content=\"300\" \/>\n\t<meta property=\"og:image:type\" content=\"image\/jpeg\" \/>\n<meta name=\"twitter:card\" content=\"summary_large_image\" \/>\n<meta name=\"twitter:label1\" content=\"Ansl. lesetid\" \/>\n\t<meta name=\"twitter:data1\" content=\"5 minutter\" \/>\n<script type=\"application\/ld+json\" class=\"yoast-schema-graph\">{\"@context\":\"https:\/\/schema.org\",\"@graph\":[{\"@type\":\"WebPage\",\"@id\":\"https:\/\/buy-prescriptionz.com\/product\/buy-suboxone-online\/\",\"url\":\"https:\/\/buy-prescriptionz.com\/product\/buy-suboxone-online\/\",\"name\":\"Buy Suboxone Online USA - Buy Suboxone Online for Sale - Buy Prescriptionz\",\"isPartOf\":{\"@id\":\"https:\/\/buy-prescriptionz.com\/#website\"},\"primaryImageOfPage\":{\"@id\":\"https:\/\/buy-prescriptionz.com\/product\/buy-suboxone-online\/#primaryimage\"},\"image\":{\"@id\":\"https:\/\/buy-prescriptionz.com\/product\/buy-suboxone-online\/#primaryimage\"},\"thumbnailUrl\":\"https:\/\/buy-prescriptionz.com\/wp-content\/uploads\/2025\/09\/suboxone.jpg\",\"datePublished\":\"2025-09-16T08:55:52+00:00\",\"dateModified\":\"2025-09-30T12:37:28+00:00\",\"description\":\"Buyprescriptionz.com is an online pharmacy store where you can Buy Suboxone Online at best price without doctor's prescription. Buy Suboxone Online Now with Free & Secure Shipping!\",\"breadcrumb\":{\"@id\":\"https:\/\/buy-prescriptionz.com\/product\/buy-suboxone-online\/#breadcrumb\"},\"inLanguage\":\"nb-NO\",\"potentialAction\":[{\"@type\":\"ReadAction\",\"target\":[\"https:\/\/buy-prescriptionz.com\/product\/buy-suboxone-online\/\"]}]},{\"@type\":\"ImageObject\",\"inLanguage\":\"nb-NO\",\"@id\":\"https:\/\/buy-prescriptionz.com\/product\/buy-suboxone-online\/#primaryimage\",\"url\":\"https:\/\/buy-prescriptionz.com\/wp-content\/uploads\/2025\/09\/suboxone.jpg\",\"contentUrl\":\"https:\/\/buy-prescriptionz.com\/wp-content\/uploads\/2025\/09\/suboxone.jpg\",\"width\":400,\"height\":300},{\"@type\":\"BreadcrumbList\",\"@id\":\"https:\/\/buy-prescriptionz.com\/product\/buy-suboxone-online\/#breadcrumb\",\"itemListElement\":[{\"@type\":\"ListItem\",\"position\":1,\"name\":\"Home\",\"item\":\"https:\/\/buy-prescriptionz.com\/\"},{\"@type\":\"ListItem\",\"position\":2,\"name\":\"Shop Painkillers Online\",\"item\":\"https:\/\/buy-prescriptionz.com\/shop-painkillers-online\/\"},{\"@type\":\"ListItem\",\"position\":3,\"name\":\"Buy Suboxone Online\"}]},{\"@type\":\"WebSite\",\"@id\":\"https:\/\/buy-prescriptionz.com\/#website\",\"url\":\"https:\/\/buy-prescriptionz.com\/\",\"name\":\"Buy Prescriptionz\",\"description\":\"Drugs Online\",\"publisher\":{\"@id\":\"https:\/\/buy-prescriptionz.com\/#organization\"},\"potentialAction\":[{\"@type\":\"SearchAction\",\"target\":{\"@type\":\"EntryPoint\",\"urlTemplate\":\"https:\/\/buy-prescriptionz.com\/?s={search_term_string}\"},\"query-input\":{\"@type\":\"PropertyValueSpecification\",\"valueRequired\":true,\"valueName\":\"search_term_string\"}}],\"inLanguage\":\"nb-NO\"},{\"@type\":\"Organization\",\"@id\":\"https:\/\/buy-prescriptionz.com\/#organization\",\"name\":\"Buy Prescriptionz\",\"url\":\"https:\/\/buy-prescriptionz.com\/\",\"logo\":{\"@type\":\"ImageObject\",\"inLanguage\":\"nb-NO\",\"@id\":\"https:\/\/buy-prescriptionz.com\/#\/schema\/logo\/image\/\",\"url\":\"https:\/\/buy-prescriptionz.com\/wp-content\/uploads\/2023\/09\/logo.png\",\"contentUrl\":\"https:\/\/buy-prescriptionz.com\/wp-content\/uploads\/2023\/09\/logo.png\",\"width\":350,\"height\":64,\"caption\":\"Buy Prescriptionz\"},\"image\":{\"@id\":\"https:\/\/buy-prescriptionz.com\/#\/schema\/logo\/image\/\"}}]}<\/script>\n<!-- \/ Yoast SEO plugin. -->","yoast_head_json":{"title":"Kj\u00f8p Suboxone p\u00e5 nett i USA - Kj\u00f8p Suboxone p\u00e5 nett til salgs - Kj\u00f8p resept","description":"Buyprescriptionz.com is an online pharmacy store where you can Buy Suboxone Online at best price without doctor's prescription. Buy Suboxone Online Now with Free & Secure Shipping!","robots":{"index":"index","follow":"follow","max-snippet":"max-snippet:-1","max-image-preview":"max-image-preview:large","max-video-preview":"max-video-preview:-1"},"canonical":"https:\/\/buy-prescriptionz.com\/nb\/produkt\/kjop-suboxone-pa-nett\/","og_locale":"nb_NO","og_type":"article","og_title":"Buy Suboxone Online USA - Buy Suboxone Online for Sale - Buy Prescriptionz","og_description":"Buyprescriptionz.com is an online pharmacy store where you can Buy Suboxone Online at best price without doctor's prescription. Buy Suboxone Online Now with Free & Secure Shipping!","og_url":"https:\/\/buy-prescriptionz.com\/nb\/produkt\/kjop-suboxone-pa-nett\/","og_site_name":"Buy Prescriptionz","article_modified_time":"2025-09-30T12:37:28+00:00","og_image":[{"width":400,"height":300,"url":"https:\/\/buy-prescriptionz.com\/wp-content\/uploads\/2025\/09\/suboxone.jpg","type":"image\/jpeg"}],"twitter_card":"summary_large_image","twitter_misc":{"Ansl. lesetid":"5 minutter"},"schema":{"@context":"https:\/\/schema.org","@graph":[{"@type":"WebPage","@id":"https:\/\/buy-prescriptionz.com\/product\/buy-suboxone-online\/","url":"https:\/\/buy-prescriptionz.com\/product\/buy-suboxone-online\/","name":"Kj\u00f8p Suboxone p\u00e5 nett i USA - Kj\u00f8p Suboxone p\u00e5 nett til salgs - Kj\u00f8p resept","isPartOf":{"@id":"https:\/\/buy-prescriptionz.com\/#website"},"primaryImageOfPage":{"@id":"https:\/\/buy-prescriptionz.com\/product\/buy-suboxone-online\/#primaryimage"},"image":{"@id":"https:\/\/buy-prescriptionz.com\/product\/buy-suboxone-online\/#primaryimage"},"thumbnailUrl":"https:\/\/buy-prescriptionz.com\/wp-content\/uploads\/2025\/09\/suboxone.jpg","datePublished":"2025-09-16T08:55:52+00:00","dateModified":"2025-09-30T12:37:28+00:00","description":"Buyprescriptionz.com is an online pharmacy store where you can Buy Suboxone Online at best price without doctor's prescription. Buy Suboxone Online Now with Free & Secure Shipping!","breadcrumb":{"@id":"https:\/\/buy-prescriptionz.com\/product\/buy-suboxone-online\/#breadcrumb"},"inLanguage":"nb-NO","potentialAction":[{"@type":"ReadAction","target":["https:\/\/buy-prescriptionz.com\/product\/buy-suboxone-online\/"]}]},{"@type":"ImageObject","inLanguage":"nb-NO","@id":"https:\/\/buy-prescriptionz.com\/product\/buy-suboxone-online\/#primaryimage","url":"https:\/\/buy-prescriptionz.com\/wp-content\/uploads\/2025\/09\/suboxone.jpg","contentUrl":"https:\/\/buy-prescriptionz.com\/wp-content\/uploads\/2025\/09\/suboxone.jpg","width":400,"height":300},{"@type":"BreadcrumbList","@id":"https:\/\/buy-prescriptionz.com\/product\/buy-suboxone-online\/#breadcrumb","itemListElement":[{"@type":"ListItem","position":1,"name":"Home","item":"https:\/\/buy-prescriptionz.com\/"},{"@type":"ListItem","position":2,"name":"Shop Painkillers Online","item":"https:\/\/buy-prescriptionz.com\/shop-painkillers-online\/"},{"@type":"ListItem","position":3,"name":"Buy Suboxone Online"}]},{"@type":"WebSite","@id":"https:\/\/buy-prescriptionz.com\/#website","url":"https:\/\/buy-prescriptionz.com\/","name":"Buy Prescriptionz","description":"Drugs Online","publisher":{"@id":"https:\/\/buy-prescriptionz.com\/#organization"},"potentialAction":[{"@type":"SearchAction","target":{"@type":"EntryPoint","urlTemplate":"https:\/\/buy-prescriptionz.com\/?s={search_term_string}"},"query-input":{"@type":"PropertyValueSpecification","valueRequired":true,"valueName":"search_term_string"}}],"inLanguage":"nb-NO"},{"@type":"Organization","@id":"https:\/\/buy-prescriptionz.com\/#organization","name":"Buy Prescriptionz","url":"https:\/\/buy-prescriptionz.com\/","logo":{"@type":"ImageObject","inLanguage":"nb-NO","@id":"https:\/\/buy-prescriptionz.com\/#\/schema\/logo\/image\/","url":"https:\/\/buy-prescriptionz.com\/wp-content\/uploads\/2023\/09\/logo.png","contentUrl":"https:\/\/buy-prescriptionz.com\/wp-content\/uploads\/2023\/09\/logo.png","width":350,"height":64,"caption":"Buy Prescriptionz"},"image":{"@id":"https:\/\/buy-prescriptionz.com\/#\/schema\/logo\/image\/"}}]}},"_links":{"self":[{"href":"https:\/\/buy-prescriptionz.com\/nb\/wp-json\/wp\/v2\/product\/2992","targetHints":{"allow":["GET"]}}],"collection":[{"href":"https:\/\/buy-prescriptionz.com\/nb\/wp-json\/wp\/v2\/product"}],"about":[{"href":"https:\/\/buy-prescriptionz.com\/nb\/wp-json\/wp\/v2\/types\/product"}],"replies":[{"embeddable":true,"href":"https:\/\/buy-prescriptionz.com\/nb\/wp-json\/wp\/v2\/comments?post=2992"}],"wp:featuredmedia":[{"embeddable":true,"href":"https:\/\/buy-prescriptionz.com\/nb\/wp-json\/wp\/v2\/media\/3022"}],"wp:attachment":[{"href":"https:\/\/buy-prescriptionz.com\/nb\/wp-json\/wp\/v2\/media?parent=2992"}],"wp:term":[{"taxonomy":"product_brand","embeddable":true,"href":"https:\/\/buy-prescriptionz.com\/nb\/wp-json\/wp\/v2\/product_brand?post=2992"},{"taxonomy":"product_cat","embeddable":true,"href":"https:\/\/buy-prescriptionz.com\/nb\/wp-json\/wp\/v2\/product_cat?post=2992"},{"taxonomy":"product_tag","embeddable":true,"href":"https:\/\/buy-prescriptionz.com\/nb\/wp-json\/wp\/v2\/product_tag?post=2992"}],"curies":[{"name":"wp","href":"https:\/\/api.w.org\/{rel}","templated":true}]}}