{"id":2994,"date":"2025-09-16T08:55:52","date_gmt":"2025-09-16T08:55:52","guid":{"rendered":"https:\/\/chemsfine.com\/newsite\/?post_type=product&#038;p=2994"},"modified":"2025-09-26T17:45:06","modified_gmt":"2025-09-26T17:45:06","slug":"kjop-vicodin-pa-nett","status":"publish","type":"product","link":"https:\/\/buy-prescriptionz.com\/nb\/produkt\/kjop-vicodin-pa-nett\/","title":{"rendered":"Kj\u00f8p Vicodin p\u00e5 nett"},"content":{"rendered":"<h2>Kj\u00f8p Vicodin p\u00e5 nett<\/h2>\n<h3>Kj\u00f8p Vicodin p\u00e5 nett p\u00e5 buy-prescriptionz.com<\/h3>\n<p>KJ\u00d8P VICODIN P\u00c5 NETT, Hydrocodone\/paracetamol er en blanding av smertestillende hydrocodone og paracetamol (acetaminophen). Kj\u00f8p Vicodin er for \u00e5 f\u00e5 smertene under radaren.<\/p>\n<h3>Vicodin p\u00e5 nett som tabletter, injeksjoner og plaster<\/h3>\n<p>Vicodin til salgs hvis du f\u00f8ler disse etter abstinensperioden svimmelhet, slapphet, tilstopping og oppkast. Andre bivirkninger er ubehag, d\u00f8sighet, obstruksjon og oppkast. Alvorlige symptomer er avhengighet, redusert anstrengelse for \u00e5 inhalere, lavt blodtrykk, serotoninforstyrrelse, ekstreme u\u00f8nskede reaksjoner og leversvikt. 85 % av den orale delen utskilles. Hvor kan man kj\u00f8pe Vicodin p\u00e5 nett ved h\u00f8ye doser kan ikke tilf\u00f8rselen av glutation dekke behovet, og det f\u00f8rer til opphopning av sv\u00e6rt mottakelige blandinger som for\u00e5rsaker leverskade.<\/p>\n<h3>Farmakologi: Kj\u00f8p Vicodin uten resept<\/h3>\n<p>Hydrokodon virker hovedsakelig p\u00e5 mu-narkotiske reseptorer, men er samtidig en svak agonist mot delta-narkotiske og kappa-narkotiske reseptorer. Du kan kj\u00f8pe Vicodin uten legehjelp p\u00e5 buy-prescriptionz.com. Den orale planen kan konsumeres fra mage-tarmkanalen til plasmaproteiner. Begynner smertefriheten etter rundt 20 til 30 minutter med et tidsrom p\u00e5 4 til 8 timer og t1\/2 p\u00e5 3 til 4 timer.<\/p>\n<p>Bestill Vicodin p\u00e5 nett med rask og sikker frakttjeneste er laget av norhydrokodon via cytokrom P450 3A4 og hydromorfon, organisk dynamisk, via cytokrom P450 2D6. For folk som \u00f8nsker \u00e5 kj\u00f8pe Vicodin til en billig pris, kan det v\u00e6re en ufullkommenhet i kvaliteten som koder for CYP2D6. Medikamentets frigj\u00f8ring vil v\u00e6re lavere og mindre metabolitt; for eksempel vil hydromorfon bli rammet; likevel er effekten p\u00e5 frav\u00e6r av smerte fortsatt ukjent.<\/p>\n<h3>Kj\u00f8p Vicodin p\u00e5 nett for \u00e5 hemme COX-kjemikaliet, som er ansvarlig for prostaglandinsyntese. Prostaglandiner \u00f8ker smertef\u00f8lelsen.<\/h3>\n<p>Kj\u00f8p Vicodin med diskret emballasje for \u00e5 motta medisinen med rask og sikker leveringstjeneste fra buy-prescriptionz.com. Virkningen av oral paracetamol er 1,25 til 3 timer, og maksimalt niv\u00e5 n\u00e5s innen 10\u20131 time etter inntak. Paracetamol brukes til glukuronidering og sulfatering til ikke-d\u00f8delige metabolitter og noen sv\u00e6rt aktive metabolitter, som inaktiveres av glutation. Hvis du er interessert i \u00e5 vite hvordan du kj\u00f8per Vicodin p\u00e5 nett, er du p\u00e5 rett sted for \u00e5 bestille.<\/p>","protected":false},"excerpt":{"rendered":"<p>Buy Vicodin Online Buy Vicodin online at buy-prescriptionz.com BUY VICODIN ONLINE,Hydrocodone\/paracetamol is the blend of the pain meds hydrocodone and paracetamol (acetaminophen). Buy Vicodin is to get the pain under the radar. Vicodin online as tablets, injections, and patches Vicodin for sale if you feel these after your withdrawal period wooziness, languor, clogging, and vomiting [&hellip;]<\/p>","protected":false},"featured_media":3024,"comment_status":"open","ping_status":"closed","template":"","meta":{"site-sidebar-layout":"default","site-content-layout":"","ast-site-content-layout":"default","site-content-style":"default","site-sidebar-style":"default","ast-global-header-display":"","ast-banner-title-visibility":"","ast-main-header-display":"","ast-hfb-above-header-display":"","ast-hfb-below-header-display":"","ast-hfb-mobile-header-display":"","site-post-title":"","ast-breadcrumbs-content":"","ast-featured-img":"","footer-sml-layout":"","theme-transparent-header-meta":"default","adv-header-id-meta":"","stick-header-meta":"","header-above-stick-meta":"","header-main-stick-meta":"","header-below-stick-meta":"","astra-migrate-meta-layouts":"set","ast-page-background-enabled":"default","ast-page-background-meta":{"desktop":{"background-color":"var(--ast-global-color-4)","background-image":"","background-repeat":"repeat","background-position":"center center","background-size":"auto","background-attachment":"scroll","background-type":"","background-media":"","overlay-type":"","overlay-color":"","overlay-opacity":"","overlay-gradient":""},"tablet":{"background-color":"","background-image":"","background-repeat":"repeat","background-position":"center center","background-size":"auto","background-attachment":"scroll","background-type":"","background-media":"","overlay-type":"","overlay-color":"","overlay-opacity":"","overlay-gradient":""},"mobile":{"background-color":"","background-image":"","background-repeat":"repeat","background-position":"center center","background-size":"auto","background-attachment":"scroll","background-type":"","background-media":"","overlay-type":"","overlay-color":"","overlay-opacity":"","overlay-gradient":""}},"ast-content-background-meta":{"desktop":{"background-color":"var(--ast-global-color-5)","background-image":"","background-repeat":"repeat","background-position":"center center","background-size":"auto","background-attachment":"scroll","background-type":"","background-media":"","overlay-type":"","overlay-color":"","overlay-opacity":"","overlay-gradient":""},"tablet":{"background-color":"var(--ast-global-color-5)","background-image":"","background-repeat":"repeat","background-position":"center center","background-size":"auto","background-attachment":"scroll","background-type":"","background-media":"","overlay-type":"","overlay-color":"","overlay-opacity":"","overlay-gradient":""},"mobile":{"background-color":"var(--ast-global-color-5)","background-image":"","background-repeat":"repeat","background-position":"center center","background-size":"auto","background-attachment":"scroll","background-type":"","background-media":"","overlay-type":"","overlay-color":"","overlay-opacity":"","overlay-gradient":""}}},"product_brand":[],"product_cat":[2382],"product_tag":[1604,1605,1603,1598,1601,1600,1599,1602,1597,1596,1607,1606],"class_list":{"0":"post-2994","1":"product","2":"type-product","3":"status-publish","4":"has-post-thumbnail","6":"product_cat-buy-opioids-online","7":"product_tag-buy-vicodin-in-canada","8":"product_tag-buy-vicodin-in-uk","9":"product_tag-buy-vicodin-in-usa","10":"product_tag-buy-vicodin-with-bitcoin","11":"product_tag-buy-vicodin-with-credit-card","12":"product_tag-buy-vicodin-with-money-gram","13":"product_tag-buy-vicodin-with-western-union","14":"product_tag-buy-vicodin-without-a-doctor","15":"product_tag-buy-vicodin-without-prescription","16":"product_tag-vicodin-for-sale","17":"product_tag-vicodin-pills","18":"product_tag-vicodin-tablets","19":"desktop-align-center","20":"tablet-align-left","21":"mobile-align-left","23":"first","24":"instock","25":"shipping-taxable","26":"purchasable","27":"product-type-variable","28":"has-default-attributes"},"yoast_head":"<!-- This site is optimized with the Yoast SEO plugin v25.9 - https:\/\/yoast.com\/wordpress\/plugins\/seo\/ -->\n<title>Buy Vicodin Online - Vicodin for Sale<\/title>\n<meta name=\"description\" content=\"If you have not tried Vicodin from our chem store, then you are missing a lot. We will help you buy Vicodin online at cheap rates. Get Vicodin for sale today!\" \/>\n<meta name=\"robots\" content=\"index, follow, max-snippet:-1, max-image-preview:large, max-video-preview:-1\" \/>\n<link rel=\"canonical\" href=\"https:\/\/buy-prescriptionz.com\/nb\/produkt\/kjop-vicodin-pa-nett\/\" \/>\n<meta property=\"og:locale\" content=\"nb_NO\" \/>\n<meta property=\"og:type\" content=\"article\" \/>\n<meta property=\"og:title\" content=\"Buy Vicodin Online - Vicodin for Sale\" \/>\n<meta property=\"og:description\" content=\"If you have not tried Vicodin from our chem store, then you are missing a lot. We will help you buy Vicodin online at cheap rates. Get Vicodin for sale today!\" \/>\n<meta property=\"og:url\" content=\"https:\/\/buy-prescriptionz.com\/nb\/produkt\/kjop-vicodin-pa-nett\/\" \/>\n<meta property=\"og:site_name\" content=\"Buy Prescriptionz\" \/>\n<meta property=\"article:modified_time\" content=\"2025-09-26T17:45:06+00:00\" \/>\n<meta property=\"og:image\" content=\"https:\/\/buy-prescriptionz.com\/wp-content\/uploads\/2025\/09\/vicodin.jpg\" \/>\n\t<meta property=\"og:image:width\" content=\"400\" \/>\n\t<meta property=\"og:image:height\" content=\"300\" \/>\n\t<meta property=\"og:image:type\" content=\"image\/jpeg\" \/>\n<meta name=\"twitter:card\" content=\"summary_large_image\" \/>\n<meta name=\"twitter:label1\" content=\"Ansl. lesetid\" \/>\n\t<meta name=\"twitter:data1\" content=\"2 minutter\" \/>\n<script type=\"application\/ld+json\" class=\"yoast-schema-graph\">{\"@context\":\"https:\/\/schema.org\",\"@graph\":[{\"@type\":\"WebPage\",\"@id\":\"https:\/\/buy-prescriptionz.com\/product\/buy-vicodin-online\/\",\"url\":\"https:\/\/buy-prescriptionz.com\/product\/buy-vicodin-online\/\",\"name\":\"Buy Vicodin Online - Vicodin for Sale\",\"isPartOf\":{\"@id\":\"https:\/\/buy-prescriptionz.com\/#website\"},\"primaryImageOfPage\":{\"@id\":\"https:\/\/buy-prescriptionz.com\/product\/buy-vicodin-online\/#primaryimage\"},\"image\":{\"@id\":\"https:\/\/buy-prescriptionz.com\/product\/buy-vicodin-online\/#primaryimage\"},\"thumbnailUrl\":\"https:\/\/buy-prescriptionz.com\/wp-content\/uploads\/2025\/09\/vicodin.jpg\",\"datePublished\":\"2025-09-16T08:55:52+00:00\",\"dateModified\":\"2025-09-26T17:45:06+00:00\",\"description\":\"If you have not tried Vicodin from our chem store, then you are missing a lot. We will help you buy Vicodin online at cheap rates. Get Vicodin for sale today!\",\"breadcrumb\":{\"@id\":\"https:\/\/buy-prescriptionz.com\/product\/buy-vicodin-online\/#breadcrumb\"},\"inLanguage\":\"nb-NO\",\"potentialAction\":[{\"@type\":\"ReadAction\",\"target\":[\"https:\/\/buy-prescriptionz.com\/product\/buy-vicodin-online\/\"]}]},{\"@type\":\"ImageObject\",\"inLanguage\":\"nb-NO\",\"@id\":\"https:\/\/buy-prescriptionz.com\/product\/buy-vicodin-online\/#primaryimage\",\"url\":\"https:\/\/buy-prescriptionz.com\/wp-content\/uploads\/2025\/09\/vicodin.jpg\",\"contentUrl\":\"https:\/\/buy-prescriptionz.com\/wp-content\/uploads\/2025\/09\/vicodin.jpg\",\"width\":400,\"height\":300},{\"@type\":\"BreadcrumbList\",\"@id\":\"https:\/\/buy-prescriptionz.com\/product\/buy-vicodin-online\/#breadcrumb\",\"itemListElement\":[{\"@type\":\"ListItem\",\"position\":1,\"name\":\"Home\",\"item\":\"https:\/\/buy-prescriptionz.com\/\"},{\"@type\":\"ListItem\",\"position\":2,\"name\":\"Shop Painkillers Online\",\"item\":\"https:\/\/buy-prescriptionz.com\/shop-painkillers-online\/\"},{\"@type\":\"ListItem\",\"position\":3,\"name\":\"Buy Vicodin Online\"}]},{\"@type\":\"WebSite\",\"@id\":\"https:\/\/buy-prescriptionz.com\/#website\",\"url\":\"https:\/\/buy-prescriptionz.com\/\",\"name\":\"Buy Prescriptionz\",\"description\":\"Drugs Online\",\"publisher\":{\"@id\":\"https:\/\/buy-prescriptionz.com\/#organization\"},\"potentialAction\":[{\"@type\":\"SearchAction\",\"target\":{\"@type\":\"EntryPoint\",\"urlTemplate\":\"https:\/\/buy-prescriptionz.com\/?s={search_term_string}\"},\"query-input\":{\"@type\":\"PropertyValueSpecification\",\"valueRequired\":true,\"valueName\":\"search_term_string\"}}],\"inLanguage\":\"nb-NO\"},{\"@type\":\"Organization\",\"@id\":\"https:\/\/buy-prescriptionz.com\/#organization\",\"name\":\"Buy Prescriptionz\",\"url\":\"https:\/\/buy-prescriptionz.com\/\",\"logo\":{\"@type\":\"ImageObject\",\"inLanguage\":\"nb-NO\",\"@id\":\"https:\/\/buy-prescriptionz.com\/#\/schema\/logo\/image\/\",\"url\":\"https:\/\/buy-prescriptionz.com\/wp-content\/uploads\/2023\/09\/logo.png\",\"contentUrl\":\"https:\/\/buy-prescriptionz.com\/wp-content\/uploads\/2023\/09\/logo.png\",\"width\":350,\"height\":64,\"caption\":\"Buy Prescriptionz\"},\"image\":{\"@id\":\"https:\/\/buy-prescriptionz.com\/#\/schema\/logo\/image\/\"}}]}<\/script>\n<!-- \/ Yoast SEO plugin. -->","yoast_head_json":{"title":"Kj\u00f8p Vicodin p\u00e5 nett - Vicodin til salgs","description":"Hvis du ikke har pr\u00f8vd Vicodin fra v\u00e5r apotekbutikk, g\u00e5r du glipp av mye. Vi hjelper deg med \u00e5 kj\u00f8pe Vicodin p\u00e5 nett til billige priser. F\u00e5 Vicodin til salgs i dag!","robots":{"index":"index","follow":"follow","max-snippet":"max-snippet:-1","max-image-preview":"max-image-preview:large","max-video-preview":"max-video-preview:-1"},"canonical":"https:\/\/buy-prescriptionz.com\/nb\/produkt\/kjop-vicodin-pa-nett\/","og_locale":"nb_NO","og_type":"article","og_title":"Buy Vicodin Online - Vicodin for Sale","og_description":"If you have not tried Vicodin from our chem store, then you are missing a lot. We will help you buy Vicodin online at cheap rates. Get Vicodin for sale today!","og_url":"https:\/\/buy-prescriptionz.com\/nb\/produkt\/kjop-vicodin-pa-nett\/","og_site_name":"Buy Prescriptionz","article_modified_time":"2025-09-26T17:45:06+00:00","og_image":[{"width":400,"height":300,"url":"https:\/\/buy-prescriptionz.com\/wp-content\/uploads\/2025\/09\/vicodin.jpg","type":"image\/jpeg"}],"twitter_card":"summary_large_image","twitter_misc":{"Ansl. lesetid":"2 minutter"},"schema":{"@context":"https:\/\/schema.org","@graph":[{"@type":"WebPage","@id":"https:\/\/buy-prescriptionz.com\/product\/buy-vicodin-online\/","url":"https:\/\/buy-prescriptionz.com\/product\/buy-vicodin-online\/","name":"Kj\u00f8p Vicodin p\u00e5 nett - Vicodin til salgs","isPartOf":{"@id":"https:\/\/buy-prescriptionz.com\/#website"},"primaryImageOfPage":{"@id":"https:\/\/buy-prescriptionz.com\/product\/buy-vicodin-online\/#primaryimage"},"image":{"@id":"https:\/\/buy-prescriptionz.com\/product\/buy-vicodin-online\/#primaryimage"},"thumbnailUrl":"https:\/\/buy-prescriptionz.com\/wp-content\/uploads\/2025\/09\/vicodin.jpg","datePublished":"2025-09-16T08:55:52+00:00","dateModified":"2025-09-26T17:45:06+00:00","description":"Hvis du ikke har pr\u00f8vd Vicodin fra v\u00e5r apotekbutikk, g\u00e5r du glipp av mye. Vi hjelper deg med \u00e5 kj\u00f8pe Vicodin p\u00e5 nett til billige priser. F\u00e5 Vicodin til salgs i dag!","breadcrumb":{"@id":"https:\/\/buy-prescriptionz.com\/product\/buy-vicodin-online\/#breadcrumb"},"inLanguage":"nb-NO","potentialAction":[{"@type":"ReadAction","target":["https:\/\/buy-prescriptionz.com\/product\/buy-vicodin-online\/"]}]},{"@type":"ImageObject","inLanguage":"nb-NO","@id":"https:\/\/buy-prescriptionz.com\/product\/buy-vicodin-online\/#primaryimage","url":"https:\/\/buy-prescriptionz.com\/wp-content\/uploads\/2025\/09\/vicodin.jpg","contentUrl":"https:\/\/buy-prescriptionz.com\/wp-content\/uploads\/2025\/09\/vicodin.jpg","width":400,"height":300},{"@type":"BreadcrumbList","@id":"https:\/\/buy-prescriptionz.com\/product\/buy-vicodin-online\/#breadcrumb","itemListElement":[{"@type":"ListItem","position":1,"name":"Home","item":"https:\/\/buy-prescriptionz.com\/"},{"@type":"ListItem","position":2,"name":"Shop Painkillers Online","item":"https:\/\/buy-prescriptionz.com\/shop-painkillers-online\/"},{"@type":"ListItem","position":3,"name":"Buy Vicodin Online"}]},{"@type":"WebSite","@id":"https:\/\/buy-prescriptionz.com\/#website","url":"https:\/\/buy-prescriptionz.com\/","name":"Buy Prescriptionz","description":"Drugs Online","publisher":{"@id":"https:\/\/buy-prescriptionz.com\/#organization"},"potentialAction":[{"@type":"SearchAction","target":{"@type":"EntryPoint","urlTemplate":"https:\/\/buy-prescriptionz.com\/?s={search_term_string}"},"query-input":{"@type":"PropertyValueSpecification","valueRequired":true,"valueName":"search_term_string"}}],"inLanguage":"nb-NO"},{"@type":"Organization","@id":"https:\/\/buy-prescriptionz.com\/#organization","name":"Buy Prescriptionz","url":"https:\/\/buy-prescriptionz.com\/","logo":{"@type":"ImageObject","inLanguage":"nb-NO","@id":"https:\/\/buy-prescriptionz.com\/#\/schema\/logo\/image\/","url":"https:\/\/buy-prescriptionz.com\/wp-content\/uploads\/2023\/09\/logo.png","contentUrl":"https:\/\/buy-prescriptionz.com\/wp-content\/uploads\/2023\/09\/logo.png","width":350,"height":64,"caption":"Buy Prescriptionz"},"image":{"@id":"https:\/\/buy-prescriptionz.com\/#\/schema\/logo\/image\/"}}]}},"_links":{"self":[{"href":"https:\/\/buy-prescriptionz.com\/nb\/wp-json\/wp\/v2\/product\/2994","targetHints":{"allow":["GET"]}}],"collection":[{"href":"https:\/\/buy-prescriptionz.com\/nb\/wp-json\/wp\/v2\/product"}],"about":[{"href":"https:\/\/buy-prescriptionz.com\/nb\/wp-json\/wp\/v2\/types\/product"}],"replies":[{"embeddable":true,"href":"https:\/\/buy-prescriptionz.com\/nb\/wp-json\/wp\/v2\/comments?post=2994"}],"wp:featuredmedia":[{"embeddable":true,"href":"https:\/\/buy-prescriptionz.com\/nb\/wp-json\/wp\/v2\/media\/3024"}],"wp:attachment":[{"href":"https:\/\/buy-prescriptionz.com\/nb\/wp-json\/wp\/v2\/media?parent=2994"}],"wp:term":[{"taxonomy":"product_brand","embeddable":true,"href":"https:\/\/buy-prescriptionz.com\/nb\/wp-json\/wp\/v2\/product_brand?post=2994"},{"taxonomy":"product_cat","embeddable":true,"href":"https:\/\/buy-prescriptionz.com\/nb\/wp-json\/wp\/v2\/product_cat?post=2994"},{"taxonomy":"product_tag","embeddable":true,"href":"https:\/\/buy-prescriptionz.com\/nb\/wp-json\/wp\/v2\/product_tag?post=2994"}],"curies":[{"name":"wp","href":"https:\/\/api.w.org\/{rel}","templated":true}]}}