{"id":2996,"date":"2025-09-16T08:55:53","date_gmt":"2025-09-16T08:55:53","guid":{"rendered":"https:\/\/chemsfine.com\/newsite\/?post_type=product&#038;p=2996"},"modified":"2025-09-25T07:26:18","modified_gmt":"2025-09-25T07:26:18","slug":"kjop-percocet-pa-nett","status":"publish","type":"product","link":"https:\/\/buy-prescriptionz.com\/nb\/produkt\/kjop-percocet-pa-nett\/","title":{"rendered":"Buy Percocet Online"},"content":{"rendered":"<h2>KJ\u00d8P PERCOCET P\u00c5 NETT<\/h2>\n<p>Percocet, ogs\u00e5 kjent som oksykodon og paracetamol, er et sterkt narkotisk smertestillende og hostedempende middel som ligner p\u00e5 morfin, kodein og hydrokodon. Det brukes til \u00e5 behandle moderat til alvorlig smerte, hodepine, migrene, osv. Det er et smertestillende middel som tilh\u00f8rer en gruppe medisiner kjent som narkotika. Selv om noen bestemmes naturlig, for eksempel heroin eller morfin, kombineres andre i et laboratorium, inkludert hydrokodon og oksykodon. Det er merkenavnet p\u00e5 et legemiddel som blander oksykodon og paracetamol, det vanlige navnet p\u00e5 medisiner, for eksempel Tylenol.<br \/>\nPercocet kan samhandle med andre opioidsmerter, narkotika, beroligende midler, sovepiller, muskelavslappende midler, andre resepter som kan gj\u00f8re deg sl\u00f8v eller hemme pusten din, glykopyrrolat, mepenzolat, atropin, benzotropin, dimenhydrinat, metskopolamin, skopolamin, bl\u00e6re- eller urinveismedisiner, bronkodilatatorer eller sensitive interne medisiner. Disse opiatene har samme cellestruktur. Narkotika, for eksempel Percocet, binder seg til narkotiske reseptorer i hjernen. De kan for\u00e5rsake en f\u00f8lelse av henrykkelse og nummen smerte, men de kan ogs\u00e5 dempe avslapning.<\/p>\n<h3>Buy Percocet Online<\/h3>\n<p>Percocet er en reseptbelagt medisin som kombinerer to aktive ingredienser: oksykodon, et opioid smertestillende middel, og paracetamol, et ikke-opioid smertestillende middel. Det brukes prim\u00e6rt til \u00e5 behandle moderat til alvorlig smerte som ikke kan kontrolleres av andre smertestillende medisiner. Her er en oversikt over Percocet og fordelene:<\/p>\n<ul>\n<li>Sammensetning: Den beste Percocet inneholder oksykodon, som endrer m\u00e5ten hjernen oppfatter smerte p\u00e5, og paracetamol, som forsterker den smertelindrende effekten av oksykodon og kan redusere feber.<\/li>\n<li>Former: Den er tilgjengelig i tablettform med varierende styrker av oksykodon og paracetamol.<\/li>\n<li>Bruk: Percocet er foreskrevet for kortvarig lindring av akutte smerter, som smerter etter operasjon, skade eller alvorlige muskelsmerter. Det er vanligvis ikke beregnet for langvarig bruk p\u00e5 grunn av risiko for avhengighet og potensielle bivirkninger.<\/li>\n<\/ul>\n<h3>Fordeler<\/h3>\n<ol>\n<li>Effektiv smertelindring: Kombinasjonen av oksykodon og paracetamol gj\u00f8r Percocet sv\u00e6rt effektivt til \u00e5 h\u00e5ndtere smerter som andre medisiner kanskje ikke kontrollerer tilstrekkelig.<\/li>\n<li>Dobbel virkning: Ved \u00e5 kombinere et opioid med et ikke-opioid smertestillende middel, gir Percocet en dobbel mekanisme for smertelindring, som kan v\u00e6re mer effektiv enn \u00e5 bruke begge komponentene alene.<\/li>\n<li>Forbedret livskvalitet: Effektiv smertebehandling med hydrokodon kan f\u00f8re til betydelige forbedringer i pasientens livskvalitet, noe som gir bedre funksjonalitet og komfort i daglige aktiviteter.<\/li>\n<li>Kortvarig bruk: Ved akutte smerteepisoder er Percocet et verdifullt alternativ som kan gi rask lindring, og hjelpe pasienter med \u00e5 komme seg mer komfortabelt i kritiske smerteperioder.<\/li>\n<\/ol>\n<p>Percocet er en kraftig medisin for behandling av moderat til alvorlig smerte, og tilbyr effektiv og rask lindring gjennom kombinasjonen av oksykodon og paracetamol. Selv om det b\u00f8r brukes under n\u00f8ye medisinsk tilsyn for \u00e5 unng\u00e5 risikoen for avhengighet og bivirkninger, kan Percocet forbedre livskvaliteten betydelig for pasienter som sliter med akutte smerteepisoder. S\u00f8rg alltid for \u00e5 kj\u00f8pe Percocet fra det beste apoteket, dvs. buy-prescriptionz.com, for \u00e5 garantere ektheten og sikkerheten til medisinen.<\/p>\n<p>Percocet anbefales regelmessig til pasienter som opplever smerter, uavhengig av om det er fra keisersnitt eller et beinbrudd. Narkotika varierer i tiden mellom n\u00e5r de tas og n\u00e5r pasienten f\u00f8ler et st\u00f8t. Oksykodon, narkotikaen i Percocet, virker moderat raskt. Du kan kj\u00f8pe Percocet p\u00e5 nett fra info@buy-prescriptionz.com. For \u00e5 kj\u00f8pe dette legemidlet trenger du ikke resept, s\u00e5 du kan kj\u00f8pe Percocet p\u00e5 nett til billige priser uten legehjelp p\u00e5 info@buy-prescriptionz.com. Det er et p\u00e5litelig nettsted og det er mye popul\u00e6rt blant innbyggerne i USA, Canada, Australia og mange andre land.<\/p>\n<h3>Noen av de vanlige bruksomr\u00e5dene for Percocet er som f\u00f8lger:<\/h3>\n<p>\u2022smerte<br \/>\n\u2022smerter i bena)<br \/>\n\u2022 migrenehodepine<br \/>\n\u2022smerter i hele kroppen<br \/>\n\u2022gjennombruddssmerte<br \/>\n\u2022fibromyalgi<\/p>\n<h3><strong>EGENSKAPER<\/strong>:<\/h3>\n<p><strong>N\u00e5r det gjelder egenskapene til Percocet, er det en av de beste smertestillende medisinene som brukes til \u00e5:<\/strong><br \/>\n\u2022 Behandle sterke smerter<br \/>\n\u2022 Behandle nerv\u00f8sitetsproblemer<br \/>\n\u2022 Skap glede<br \/>\n\u2022 Tilby beroligende middel<br \/>\n\u2022 Lag angstdempende og hemningsdempende midler.<\/p>\n<h3>BIVIRKNINGER AV PERCOCET:<\/h3>\n<p><strong>Snakker om de milde effektene som er for\u00e5rsaket av dette pulveret:<\/strong><br \/>\n\u2022 s\u00f8vnproblemer<br \/>\n\u2022forstoppelse<br \/>\n\u2022kvalme<br \/>\n\u2022oppkast<br \/>\n\u2022 urolig mage<\/p>\n<h3>HVOR KJ\u00d8PER DU PERCOCET?<\/h3>\n<p>Kj\u00f8p Percocet p\u00e5 nett hos BUY PRESCRIPTIONZ, slik at du kan dekke dine treningsbehov samtidig som du gir beskyttet og vellykket pasientbehandling. For ytterligere sp\u00f8rsm\u00e5l kan du ogs\u00e5 kontakte info@buy-prescriptionz.com, som kan kj\u00f8pes p\u00e5 nett her, i beste fall pris. Be om de beste medisinene herfra n\u00e5!<br \/>\nVI GARANTERER BESTE KVALITET N\u00c5R DU KJ\u00d8PER RESEPTER P\u00c5 NETT FRA OSS, OG PENGENE BLI REFUNDERT 100 % HVIS DET IKKE BLIR LEVERT ELLER ER AV D\u00c5RLIG KVALITET.<\/p>\n<p><strong>DU KAN KJ\u00d8PE DEN BESTE PERCOCET P\u00c5 NETT MED FULL TRYGGHET MED EVE DISKRET EMBALLASJE FRA BUY PRESCRIPTIONS.<\/strong><\/p>\n<p>VI PRODUSERER PERCOCET AV H\u00d8Y KVALITET OG HAR ET STORT INTERNASJONALT M\u00c5LOMR\u00c5DE FRA USA, AUSTRALIA, CANADA OG MANGE EUROPEISKE LAND. VI ER KJENT FOR V\u00c5R H\u00d8YE KVALITET OG TJENESTER SAMMEN MED SUNN RABATTER.<br \/>\nVI TILBYR FRAKT AV H\u00d8Y KVALITET, OG DU KAN BETALE MED BITCOINS, WESTERN UNION, MONEY GRAM, BANKKORT OG KREDITKORT.<br \/>\nVI BRYR OSS OM KUNDENE V\u00c5RE, OG DERFOR TILBYR VI DET TIL BILLIGE PRISER OG MED RASK LEVERING, OG VI TROR P\u00c5 \u00c5 OPPRETTHOLDE ET SUNT LANGSIKTIG FORRETNINGSFORHOLD.<\/p>\n<p><strong>FOR EVENTUELLE YTTERLIGERE SP\u00d8RSM\u00c5L ELLER SP\u00d8RSM\u00c5L KAN DU KONTAKT OSS P\u00c5:<\/strong><\/p>\n<p>ADRESSE: 115 FIRE ACCESS ROAD, ALBANY, NY 12223 (USA)<br \/>\nE-POST: info@buy-prescriptionz.com<br \/>\nRING\/WHATSAPP: +1(510)972-3097<\/p>","protected":false},"excerpt":{"rendered":"<p>BUY PERCOCET ONLINE Percocet also known as oxycodone and acetaminophen is a strong narcotic pain-reliever and cough suppressant similar to morphine, codeine, and hydrocodone. It is used to treat moderate to severe pain, headaches, migraine pain etc. It is a painkiller that is a piece of a group of medications known as narcotics. In spite [&hellip;]<\/p>","protected":false},"featured_media":3026,"comment_status":"open","ping_status":"closed","template":"","meta":{"site-sidebar-layout":"default","site-content-layout":"","ast-site-content-layout":"default","site-content-style":"default","site-sidebar-style":"default","ast-global-header-display":"","ast-banner-title-visibility":"","ast-main-header-display":"","ast-hfb-above-header-display":"","ast-hfb-below-header-display":"","ast-hfb-mobile-header-display":"","site-post-title":"","ast-breadcrumbs-content":"","ast-featured-img":"","footer-sml-layout":"","theme-transparent-header-meta":"default","adv-header-id-meta":"","stick-header-meta":"","header-above-stick-meta":"","header-main-stick-meta":"","header-below-stick-meta":"","astra-migrate-meta-layouts":"set","ast-page-background-enabled":"default","ast-page-background-meta":{"desktop":{"background-color":"var(--ast-global-color-4)","background-image":"","background-repeat":"repeat","background-position":"center center","background-size":"auto","background-attachment":"scroll","background-type":"","background-media":"","overlay-type":"","overlay-color":"","overlay-opacity":"","overlay-gradient":""},"tablet":{"background-color":"","background-image":"","background-repeat":"repeat","background-position":"center center","background-size":"auto","background-attachment":"scroll","background-type":"","background-media":"","overlay-type":"","overlay-color":"","overlay-opacity":"","overlay-gradient":""},"mobile":{"background-color":"","background-image":"","background-repeat":"repeat","background-position":"center center","background-size":"auto","background-attachment":"scroll","background-type":"","background-media":"","overlay-type":"","overlay-color":"","overlay-opacity":"","overlay-gradient":""}},"ast-content-background-meta":{"desktop":{"background-color":"var(--ast-global-color-5)","background-image":"","background-repeat":"repeat","background-position":"center center","background-size":"auto","background-attachment":"scroll","background-type":"","background-media":"","overlay-type":"","overlay-color":"","overlay-opacity":"","overlay-gradient":""},"tablet":{"background-color":"var(--ast-global-color-5)","background-image":"","background-repeat":"repeat","background-position":"center center","background-size":"auto","background-attachment":"scroll","background-type":"","background-media":"","overlay-type":"","overlay-color":"","overlay-opacity":"","overlay-gradient":""},"mobile":{"background-color":"var(--ast-global-color-5)","background-image":"","background-repeat":"repeat","background-position":"center center","background-size":"auto","background-attachment":"scroll","background-type":"","background-media":"","overlay-type":"","overlay-color":"","overlay-opacity":"","overlay-gradient":""}}},"product_brand":[],"product_cat":[2382],"product_tag":[1533,1534,1532,1527,1530,1529,1528,1531,1526,1525,1536,1535],"class_list":{"0":"post-2996","1":"product","2":"type-product","3":"status-publish","4":"has-post-thumbnail","6":"product_cat-buy-opioids-online","7":"product_tag-buy-percocet-in-canada","8":"product_tag-buy-percocet-in-uk","9":"product_tag-buy-percocet-in-usa","10":"product_tag-buy-percocet-with-bitcoin","11":"product_tag-buy-percocet-with-credit-card","12":"product_tag-buy-percocet-with-money-gram","13":"product_tag-buy-percocet-with-western-union","14":"product_tag-buy-percocet-without-a-doctor","15":"product_tag-buy-percocet-without-prescription","16":"product_tag-percocet-for-sale","17":"product_tag-percocet-pills","18":"product_tag-percocet-tablets","19":"desktop-align-center","20":"tablet-align-left","21":"mobile-align-left","23":"first","24":"instock","25":"shipping-taxable","26":"purchasable","27":"product-type-variable","28":"has-default-attributes"},"yoast_head":"<!-- This site is optimized with the Yoast SEO plugin v25.9 - https:\/\/yoast.com\/wordpress\/plugins\/seo\/ -->\n<title>Percocet for Sale - Buy Percocet Online<\/title>\n<meta name=\"description\" content=\"Buyprescriptionz.com is an online pharmacy store where you can Buy Percocet Online at best price without doctor&#039;s prescription. Buy Percocet Online Now with Free &amp; Secure Shipping!\" \/>\n<meta name=\"robots\" content=\"index, follow, max-snippet:-1, max-image-preview:large, max-video-preview:-1\" \/>\n<link rel=\"canonical\" href=\"https:\/\/buy-prescriptionz.com\/nb\/produkt\/kjop-percocet-pa-nett\/\" \/>\n<meta property=\"og:locale\" content=\"nb_NO\" \/>\n<meta property=\"og:type\" content=\"article\" \/>\n<meta property=\"og:title\" content=\"Percocet for Sale - Buy Percocet Online\" \/>\n<meta property=\"og:description\" content=\"Buyprescriptionz.com is an online pharmacy store where you can Buy Percocet Online at best price without doctor&#039;s prescription. Buy Percocet Online Now with Free &amp; Secure Shipping!\" \/>\n<meta property=\"og:url\" content=\"https:\/\/buy-prescriptionz.com\/nb\/produkt\/kjop-percocet-pa-nett\/\" \/>\n<meta property=\"og:site_name\" content=\"Buy Prescriptionz\" \/>\n<meta property=\"article:modified_time\" content=\"2025-09-25T07:26:18+00:00\" \/>\n<meta property=\"og:image\" content=\"https:\/\/buy-prescriptionz.com\/wp-content\/uploads\/2025\/09\/percocet.jpg\" \/>\n\t<meta property=\"og:image:width\" content=\"400\" \/>\n\t<meta property=\"og:image:height\" content=\"300\" \/>\n\t<meta property=\"og:image:type\" content=\"image\/jpeg\" \/>\n<meta name=\"twitter:card\" content=\"summary_large_image\" \/>\n<meta name=\"twitter:label1\" content=\"Ansl. lesetid\" \/>\n\t<meta name=\"twitter:data1\" content=\"5 minutter\" \/>\n<script type=\"application\/ld+json\" class=\"yoast-schema-graph\">{\"@context\":\"https:\/\/schema.org\",\"@graph\":[{\"@type\":\"WebPage\",\"@id\":\"https:\/\/buy-prescriptionz.com\/product\/buy-percocet-online\/\",\"url\":\"https:\/\/buy-prescriptionz.com\/product\/buy-percocet-online\/\",\"name\":\"Percocet for Sale - Buy Percocet Online\",\"isPartOf\":{\"@id\":\"https:\/\/buy-prescriptionz.com\/#website\"},\"primaryImageOfPage\":{\"@id\":\"https:\/\/buy-prescriptionz.com\/product\/buy-percocet-online\/#primaryimage\"},\"image\":{\"@id\":\"https:\/\/buy-prescriptionz.com\/product\/buy-percocet-online\/#primaryimage\"},\"thumbnailUrl\":\"https:\/\/buy-prescriptionz.com\/wp-content\/uploads\/2025\/09\/percocet.jpg\",\"datePublished\":\"2025-09-16T08:55:53+00:00\",\"dateModified\":\"2025-09-25T07:26:18+00:00\",\"description\":\"Buyprescriptionz.com is an online pharmacy store where you can Buy Percocet Online at best price without doctor's prescription. Buy Percocet Online Now with Free & Secure Shipping!\",\"breadcrumb\":{\"@id\":\"https:\/\/buy-prescriptionz.com\/product\/buy-percocet-online\/#breadcrumb\"},\"inLanguage\":\"nb-NO\",\"potentialAction\":[{\"@type\":\"ReadAction\",\"target\":[\"https:\/\/buy-prescriptionz.com\/product\/buy-percocet-online\/\"]}]},{\"@type\":\"ImageObject\",\"inLanguage\":\"nb-NO\",\"@id\":\"https:\/\/buy-prescriptionz.com\/product\/buy-percocet-online\/#primaryimage\",\"url\":\"https:\/\/buy-prescriptionz.com\/wp-content\/uploads\/2025\/09\/percocet.jpg\",\"contentUrl\":\"https:\/\/buy-prescriptionz.com\/wp-content\/uploads\/2025\/09\/percocet.jpg\",\"width\":400,\"height\":300},{\"@type\":\"BreadcrumbList\",\"@id\":\"https:\/\/buy-prescriptionz.com\/product\/buy-percocet-online\/#breadcrumb\",\"itemListElement\":[{\"@type\":\"ListItem\",\"position\":1,\"name\":\"Home\",\"item\":\"https:\/\/buy-prescriptionz.com\/\"},{\"@type\":\"ListItem\",\"position\":2,\"name\":\"Shop Painkillers Online\",\"item\":\"https:\/\/buy-prescriptionz.com\/shop-painkillers-online\/\"},{\"@type\":\"ListItem\",\"position\":3,\"name\":\"Buy Percocet Online\"}]},{\"@type\":\"WebSite\",\"@id\":\"https:\/\/buy-prescriptionz.com\/#website\",\"url\":\"https:\/\/buy-prescriptionz.com\/\",\"name\":\"Buy Prescriptionz\",\"description\":\"Drugs Online\",\"publisher\":{\"@id\":\"https:\/\/buy-prescriptionz.com\/#organization\"},\"potentialAction\":[{\"@type\":\"SearchAction\",\"target\":{\"@type\":\"EntryPoint\",\"urlTemplate\":\"https:\/\/buy-prescriptionz.com\/?s={search_term_string}\"},\"query-input\":{\"@type\":\"PropertyValueSpecification\",\"valueRequired\":true,\"valueName\":\"search_term_string\"}}],\"inLanguage\":\"nb-NO\"},{\"@type\":\"Organization\",\"@id\":\"https:\/\/buy-prescriptionz.com\/#organization\",\"name\":\"Buy Prescriptionz\",\"url\":\"https:\/\/buy-prescriptionz.com\/\",\"logo\":{\"@type\":\"ImageObject\",\"inLanguage\":\"nb-NO\",\"@id\":\"https:\/\/buy-prescriptionz.com\/#\/schema\/logo\/image\/\",\"url\":\"https:\/\/buy-prescriptionz.com\/wp-content\/uploads\/2023\/09\/logo.png\",\"contentUrl\":\"https:\/\/buy-prescriptionz.com\/wp-content\/uploads\/2023\/09\/logo.png\",\"width\":350,\"height\":64,\"caption\":\"Buy Prescriptionz\"},\"image\":{\"@id\":\"https:\/\/buy-prescriptionz.com\/#\/schema\/logo\/image\/\"}}]}<\/script>\n<!-- \/ Yoast SEO plugin. -->","yoast_head_json":{"title":"Percocet til salgs - Kj\u00f8p Percocet p\u00e5 nett","description":"Buyprescriptionz.com is an online pharmacy store where you can Buy Percocet Online at best price without doctor's prescription. Buy Percocet Online Now with Free & Secure Shipping!","robots":{"index":"index","follow":"follow","max-snippet":"max-snippet:-1","max-image-preview":"max-image-preview:large","max-video-preview":"max-video-preview:-1"},"canonical":"https:\/\/buy-prescriptionz.com\/nb\/produkt\/kjop-percocet-pa-nett\/","og_locale":"nb_NO","og_type":"article","og_title":"Percocet for Sale - Buy Percocet Online","og_description":"Buyprescriptionz.com is an online pharmacy store where you can Buy Percocet Online at best price without doctor's prescription. Buy Percocet Online Now with Free & Secure Shipping!","og_url":"https:\/\/buy-prescriptionz.com\/nb\/produkt\/kjop-percocet-pa-nett\/","og_site_name":"Buy Prescriptionz","article_modified_time":"2025-09-25T07:26:18+00:00","og_image":[{"width":400,"height":300,"url":"https:\/\/buy-prescriptionz.com\/wp-content\/uploads\/2025\/09\/percocet.jpg","type":"image\/jpeg"}],"twitter_card":"summary_large_image","twitter_misc":{"Ansl. lesetid":"5 minutter"},"schema":{"@context":"https:\/\/schema.org","@graph":[{"@type":"WebPage","@id":"https:\/\/buy-prescriptionz.com\/product\/buy-percocet-online\/","url":"https:\/\/buy-prescriptionz.com\/product\/buy-percocet-online\/","name":"Percocet til salgs - Kj\u00f8p Percocet p\u00e5 nett","isPartOf":{"@id":"https:\/\/buy-prescriptionz.com\/#website"},"primaryImageOfPage":{"@id":"https:\/\/buy-prescriptionz.com\/product\/buy-percocet-online\/#primaryimage"},"image":{"@id":"https:\/\/buy-prescriptionz.com\/product\/buy-percocet-online\/#primaryimage"},"thumbnailUrl":"https:\/\/buy-prescriptionz.com\/wp-content\/uploads\/2025\/09\/percocet.jpg","datePublished":"2025-09-16T08:55:53+00:00","dateModified":"2025-09-25T07:26:18+00:00","description":"Buyprescriptionz.com is an online pharmacy store where you can Buy Percocet Online at best price without doctor's prescription. Buy Percocet Online Now with Free & Secure Shipping!","breadcrumb":{"@id":"https:\/\/buy-prescriptionz.com\/product\/buy-percocet-online\/#breadcrumb"},"inLanguage":"nb-NO","potentialAction":[{"@type":"ReadAction","target":["https:\/\/buy-prescriptionz.com\/product\/buy-percocet-online\/"]}]},{"@type":"ImageObject","inLanguage":"nb-NO","@id":"https:\/\/buy-prescriptionz.com\/product\/buy-percocet-online\/#primaryimage","url":"https:\/\/buy-prescriptionz.com\/wp-content\/uploads\/2025\/09\/percocet.jpg","contentUrl":"https:\/\/buy-prescriptionz.com\/wp-content\/uploads\/2025\/09\/percocet.jpg","width":400,"height":300},{"@type":"BreadcrumbList","@id":"https:\/\/buy-prescriptionz.com\/product\/buy-percocet-online\/#breadcrumb","itemListElement":[{"@type":"ListItem","position":1,"name":"Home","item":"https:\/\/buy-prescriptionz.com\/"},{"@type":"ListItem","position":2,"name":"Shop Painkillers Online","item":"https:\/\/buy-prescriptionz.com\/shop-painkillers-online\/"},{"@type":"ListItem","position":3,"name":"Buy Percocet Online"}]},{"@type":"WebSite","@id":"https:\/\/buy-prescriptionz.com\/#website","url":"https:\/\/buy-prescriptionz.com\/","name":"Buy Prescriptionz","description":"Drugs Online","publisher":{"@id":"https:\/\/buy-prescriptionz.com\/#organization"},"potentialAction":[{"@type":"SearchAction","target":{"@type":"EntryPoint","urlTemplate":"https:\/\/buy-prescriptionz.com\/?s={search_term_string}"},"query-input":{"@type":"PropertyValueSpecification","valueRequired":true,"valueName":"search_term_string"}}],"inLanguage":"nb-NO"},{"@type":"Organization","@id":"https:\/\/buy-prescriptionz.com\/#organization","name":"Buy Prescriptionz","url":"https:\/\/buy-prescriptionz.com\/","logo":{"@type":"ImageObject","inLanguage":"nb-NO","@id":"https:\/\/buy-prescriptionz.com\/#\/schema\/logo\/image\/","url":"https:\/\/buy-prescriptionz.com\/wp-content\/uploads\/2023\/09\/logo.png","contentUrl":"https:\/\/buy-prescriptionz.com\/wp-content\/uploads\/2023\/09\/logo.png","width":350,"height":64,"caption":"Buy Prescriptionz"},"image":{"@id":"https:\/\/buy-prescriptionz.com\/#\/schema\/logo\/image\/"}}]}},"_links":{"self":[{"href":"https:\/\/buy-prescriptionz.com\/nb\/wp-json\/wp\/v2\/product\/2996","targetHints":{"allow":["GET"]}}],"collection":[{"href":"https:\/\/buy-prescriptionz.com\/nb\/wp-json\/wp\/v2\/product"}],"about":[{"href":"https:\/\/buy-prescriptionz.com\/nb\/wp-json\/wp\/v2\/types\/product"}],"replies":[{"embeddable":true,"href":"https:\/\/buy-prescriptionz.com\/nb\/wp-json\/wp\/v2\/comments?post=2996"}],"wp:featuredmedia":[{"embeddable":true,"href":"https:\/\/buy-prescriptionz.com\/nb\/wp-json\/wp\/v2\/media\/3026"}],"wp:attachment":[{"href":"https:\/\/buy-prescriptionz.com\/nb\/wp-json\/wp\/v2\/media?parent=2996"}],"wp:term":[{"taxonomy":"product_brand","embeddable":true,"href":"https:\/\/buy-prescriptionz.com\/nb\/wp-json\/wp\/v2\/product_brand?post=2996"},{"taxonomy":"product_cat","embeddable":true,"href":"https:\/\/buy-prescriptionz.com\/nb\/wp-json\/wp\/v2\/product_cat?post=2996"},{"taxonomy":"product_tag","embeddable":true,"href":"https:\/\/buy-prescriptionz.com\/nb\/wp-json\/wp\/v2\/product_tag?post=2996"}],"curies":[{"name":"wp","href":"https:\/\/api.w.org\/{rel}","templated":true}]}}