{"id":2997,"date":"2025-09-16T08:55:53","date_gmt":"2025-09-16T08:55:53","guid":{"rendered":"https:\/\/chemsfine.com\/newsite\/?post_type=product&#038;p=2997"},"modified":"2025-09-22T05:13:48","modified_gmt":"2025-09-22T05:13:48","slug":"kjop-hydrokodon-pa-nett","status":"publish","type":"product","link":"https:\/\/buy-prescriptionz.com\/nb\/produkt\/kjop-hydrokodon-pa-nett\/","title":{"rendered":"Buy Hydrocodone Online"},"content":{"rendered":"<h2>KJ\u00d8P HYDROKODON P\u00c5 NETT<\/h2>\n<p>Kj\u00f8p hydrokodon p\u00e5 nett. Hydrokodon brukes for \u00e5 lindre moderat til alvorlig smerte. Det er en <a href=\"https:\/\/buy-prescriptionz.com\/nb\/\">opioid<\/a> smertestillende middel. Hydrokodon virker i hjernen ved \u00e5 endre hvordan menneskekroppen f\u00f8ler og reagerer p\u00e5 smerte.<\/p>\n<h3>FUNKSJONER AV HYDROKODON<\/h3>\n<p>Hydrokodon har en sterk smertestillende effekt og kan redusere hoste ved \u00e5 p\u00e5virke luftveiene og redusere spasmer. Det tilsettes i en rekke smertestillende midler, inkludert andre medisinske komponenter.<\/p>\n<h3>B\u00d8R VITE OM FORHOLDSREGLER FOR HYDROKODON<\/h3>\n<p>Du b\u00f8r ikke bruke hydrokodon hvis du er allergisk mot det. Hvis du bruker dette mens du er gravid, kan babyen din bli avhengig av stoffet. Disse kan f\u00f8re til livstruende abstinenssymptomer hos babyen etter f\u00f8dselen. Babyer f\u00f8dt avhengige av opioider kan trenge helsebehandling i flere uker.<\/p>\n<h3>BIVIRKNINGER<\/h3>\n<p>Alvorlig astma eller pusteproblemer; eller<br \/>\nEn blokkering i magen eller tarmene.<br \/>\nEn hodeskade, hjernesvulst eller anfall;<\/p>\n<h3>Vannlatingsproblemer;<\/h3>\n<p>St\u00f8yende pust, sukk, overfladisk pust;<br \/>\nLever- eller nyresykdom;<\/p>\n<p>Dette er ikke en fullstendig liste over bivirkninger, og andre kan forekomme. Kontakt legen din for ytterligere medisinske r\u00e5d om bivirkninger.<\/p>\n<p>Hydrokodon er et kraftig opioid smertestillende middel som brukes til \u00e5 behandle moderat til alvorlig smerte, ofte foreskrevet n\u00e5r andre smertestillende midler ikke er effektive. Det brukes ogs\u00e5 i kombinasjon med paracetamol eller ibuprofen for \u00e5 forsterke den smertelindrende effekten.<\/p>\n<h3>Oversikt<\/h3>\n<ul>\n<li>Sammensetning: Det beste hydrokodonet kombineres ofte med paracetamol eller ibuprofen for \u00e5 \u00f8ke effekten.<\/li>\n<li>Bruk: Det er foreskrevet for behandling av sterke smerter fra skader, operasjoner eller kroniske tilstander som ikke responderer p\u00e5 andre medisiner.<\/li>\n<li>Former: Tilgjengelig i tablett-, kapsel- og flytende form, noe som gir fleksibilitet i administrering basert p\u00e5 pasientens behov.<\/li>\n<\/ul>\n<h3>Fordeler<\/h3>\n<ol>\n<li>Effektiv smertelindring: Hydrokodon er sv\u00e6rt effektivt for \u00e5 lindre moderat til alvorlig smerte, noe som gj\u00f8r det egnet for pasienter som trenger sterk smertebehandling.<\/li>\n<li>Forbedret effekt: N\u00e5r det kombineres med paracetamol eller ibuprofen, forsterkes hydrokodons smertelindrende effekt, noe som gir bedre lindring enn \u00e5 bruke hver komponent alene.<\/li>\n<li>Forbedret livskvalitet: Effektiv smertebehandling med hydrokodon kan f\u00f8re til betydelige forbedringer i pasientens livskvalitet, noe som gir bedre funksjonalitet og komfort i daglige aktiviteter.<\/li>\n<li>Fleksibel behandling: Hydrokodon er tilgjengelig i flere formuleringer, og kan skreddersys for \u00e5 m\u00f8te spesifikke pasientbehov, enten de trenger umiddelbar eller langvarig smertelindring.<\/li>\n<\/ol>\n<p>Hydrokodon er et kraftig opioid smertestillende middel som gir betydelige fordeler i behandlingen av moderat til alvorlig smerte. Kombinasjonen med andre smertestillende midler som paracetamol eller ibuprofen \u00f8ker effektiviteten og gir omfattende smertelindring. For de som s\u00f8ker enkel og p\u00e5litelig tilgang til hydrokodon, tilbyr nettkilder som buy-prescriptionz.com et p\u00e5litelig alternativ. For \u00e5 sikre ektheten og kvaliteten p\u00e5 medisinen, kan det beste apoteket buy-prescriptionz.com hjelpe pasienter med \u00e5 h\u00e5ndtere smertene sine effektivt og trygt. N\u00e5r det brukes under medisinsk tilsyn, kan hydrokodon forbedre livskvaliteten betydelig for personer som sliter med alvorlig smerte.<\/p>\n<h3>PROBLEMER MED GLIMMET DOSE<\/h3>\n<p>Como o Opana ER \u00e9 utilizado como analg\u00e9sico, \u00e9 improv\u00e1vel que se esque\u00e7a de uma dose. Salte a dose em falta se j\u00e1 estiver quase na hora da dose seguinte. N\u00e3o utilize duas doses ao mesmo tempo.<\/p>\n<h3>OVERDOSE FOR\u00c5RSAKER NOEN GANGER F\u00d8LGENDE PROBLEMER<\/h3>\n<p>Overdosering kan v\u00e6re d\u00f8delig, spesielt ved bruk av medisinen uten resept. Overdosering kan inkludere langsom hjerterytme, muskelsvakhet, alvorlig d\u00f8sighet, kald og klam hud, sm\u00e5 pupiller, sv\u00e6rt langsom pust eller koma.<\/p>\n<h3>LAGRING AV HYDROKODON<\/h3>\n<p>Oppbevar denne medisinen i beholderen den kommer i, tett lukket og utilgjengelig for barn. Oppbevar den ved romtemperatur og unna overdreven varme og fuktighet (ikke p\u00e5 badet). Skyll denne medisinen som er utdatert eller ikke lenger trengs ned i toalettet. Det er viktig \u00e5 oppbevare medisiner utilgjengelig for barn. For \u00e5 beskytte barna dine mot forgiftning, m\u00e5 du alltid lukke sikkerhetskorkene og umiddelbart plassere medisinen p\u00e5 et trygt sted \u2013 et som er oppe og vekk og utilgjengelig for dem.<\/p>\n<h3>HVOR KJ\u00d8PER DU BESTE HYDROKODON P\u00c5 NETT?<\/h3>\n<p>Kj\u00f8p av hydrokodon er mulig hvis du er sikker p\u00e5 at du ikke har kontraindikasjoner for bruk av dette legemidlet. Ta derfor en medisinsk unders\u00f8kelse f\u00f8r du kj\u00f8per hydrokodon p\u00e5 nett. Velg det beste hydrokodonet. Det skal ikke brukes uten resept over lengre tid.<\/p>\n<p>Kj\u00f8p originalt hydrokodon av god kvalitet fra buyprescriptionz. Vi tilbyr de beste prisene og problemfrie betalingsm\u00e5ter. Skaff deg hydrokodon og bli endelig kvitt vedvarende smerte. Gj\u00f8r dine daglige gj\u00f8rem\u00e5l uten ubehag og tilbring dagene med hvile og restitusjon i fred i stedet for \u00e5 lide hele dagen og natten.<\/p>","protected":false},"excerpt":{"rendered":"<p>BUY HYDROCODONE ONLINE Buy hydrocodone online ,Hydrocodone is used for relieve moderate to severe pain. It is an opioid pain reliever. Hydrocodone works in the brain to change how human body feels and responds to pain. FEATURES OF HYDROCODONE Hydrocodone is a strong pain-killer action and able to reduce cough by means of the action [&hellip;]<\/p>","protected":false},"featured_media":3027,"comment_status":"open","ping_status":"closed","template":"","meta":{"site-sidebar-layout":"default","site-content-layout":"","ast-site-content-layout":"default","site-content-style":"default","site-sidebar-style":"default","ast-global-header-display":"","ast-banner-title-visibility":"","ast-main-header-display":"","ast-hfb-above-header-display":"","ast-hfb-below-header-display":"","ast-hfb-mobile-header-display":"","site-post-title":"","ast-breadcrumbs-content":"","ast-featured-img":"","footer-sml-layout":"","theme-transparent-header-meta":"default","adv-header-id-meta":"","stick-header-meta":"","header-above-stick-meta":"","header-main-stick-meta":"","header-below-stick-meta":"","astra-migrate-meta-layouts":"set","ast-page-background-enabled":"default","ast-page-background-meta":{"desktop":{"background-color":"var(--ast-global-color-4)","background-image":"","background-repeat":"repeat","background-position":"center center","background-size":"auto","background-attachment":"scroll","background-type":"","background-media":"","overlay-type":"","overlay-color":"","overlay-opacity":"","overlay-gradient":""},"tablet":{"background-color":"","background-image":"","background-repeat":"repeat","background-position":"center center","background-size":"auto","background-attachment":"scroll","background-type":"","background-media":"","overlay-type":"","overlay-color":"","overlay-opacity":"","overlay-gradient":""},"mobile":{"background-color":"","background-image":"","background-repeat":"repeat","background-position":"center center","background-size":"auto","background-attachment":"scroll","background-type":"","background-media":"","overlay-type":"","overlay-color":"","overlay-opacity":"","overlay-gradient":""}},"ast-content-background-meta":{"desktop":{"background-color":"var(--ast-global-color-5)","background-image":"","background-repeat":"repeat","background-position":"center center","background-size":"auto","background-attachment":"scroll","background-type":"","background-media":"","overlay-type":"","overlay-color":"","overlay-opacity":"","overlay-gradient":""},"tablet":{"background-color":"var(--ast-global-color-5)","background-image":"","background-repeat":"repeat","background-position":"center center","background-size":"auto","background-attachment":"scroll","background-type":"","background-media":"","overlay-type":"","overlay-color":"","overlay-opacity":"","overlay-gradient":""},"mobile":{"background-color":"var(--ast-global-color-5)","background-image":"","background-repeat":"repeat","background-position":"center center","background-size":"auto","background-attachment":"scroll","background-type":"","background-media":"","overlay-type":"","overlay-color":"","overlay-opacity":"","overlay-gradient":""}}},"product_brand":[],"product_cat":[2382],"product_tag":[1521,1522,1520,1515,1518,1517,1516,1519,1514,1513,1524,1523],"class_list":{"0":"post-2997","1":"product","2":"type-product","3":"status-publish","4":"has-post-thumbnail","6":"product_cat-buy-opioids-online","7":"product_tag-buy-hydrocodone-in-canada","8":"product_tag-buy-hydrocodone-in-uk","9":"product_tag-buy-hydrocodone-in-usa","10":"product_tag-buy-hydrocodone-with-bitcoin","11":"product_tag-buy-hydrocodone-with-credit-card","12":"product_tag-buy-hydrocodone-with-money-gram","13":"product_tag-buy-hydrocodone-with-western-union","14":"product_tag-buy-hydrocodone-without-a-doctor","15":"product_tag-buy-hydrocodone-without-prescription","16":"product_tag-hydrocodone-for-sale","17":"product_tag-hydrocodone-pills","18":"product_tag-hydrocodone-tablets","19":"desktop-align-center","20":"tablet-align-left","21":"mobile-align-left","23":"first","24":"instock","25":"shipping-taxable","26":"purchasable","27":"product-type-variable","28":"has-default-attributes"},"yoast_head":"<!-- This site is optimized with the Yoast SEO plugin v25.9 - https:\/\/yoast.com\/wordpress\/plugins\/seo\/ -->\n<title>Buy hydrocodone online, Order hydrocodone online USA, Pain Relief<\/title>\n<meta name=\"description\" content=\"Buy hydrocodone online. Buy hydrocodone online in the USA and Canada all States with overnight shipping. No Rx need to get hydrocodone online\" \/>\n<meta name=\"robots\" content=\"index, follow, max-snippet:-1, max-image-preview:large, max-video-preview:-1\" \/>\n<link rel=\"canonical\" href=\"https:\/\/buy-prescriptionz.com\/nb\/produkt\/kjop-hydrokodon-pa-nett\/\" \/>\n<meta property=\"og:locale\" content=\"nb_NO\" \/>\n<meta property=\"og:type\" content=\"article\" \/>\n<meta property=\"og:title\" content=\"Buy hydrocodone online, Order hydrocodone online USA, Pain Relief\" \/>\n<meta property=\"og:description\" content=\"Buy hydrocodone online. Buy hydrocodone online in the USA and Canada all States with overnight shipping. No Rx need to get hydrocodone online\" \/>\n<meta property=\"og:url\" content=\"https:\/\/buy-prescriptionz.com\/nb\/produkt\/kjop-hydrokodon-pa-nett\/\" \/>\n<meta property=\"og:site_name\" content=\"Buy Prescriptionz\" \/>\n<meta property=\"article:modified_time\" content=\"2025-09-22T05:13:48+00:00\" \/>\n<meta property=\"og:image\" content=\"https:\/\/buy-prescriptionz.com\/wp-content\/uploads\/2025\/09\/hydrocodone.jpg\" \/>\n\t<meta property=\"og:image:width\" content=\"400\" \/>\n\t<meta property=\"og:image:height\" content=\"300\" \/>\n\t<meta property=\"og:image:type\" content=\"image\/jpeg\" \/>\n<meta name=\"twitter:card\" content=\"summary_large_image\" \/>\n<meta name=\"twitter:label1\" content=\"Ansl. lesetid\" \/>\n\t<meta name=\"twitter:data1\" content=\"4 minutter\" \/>\n<script type=\"application\/ld+json\" class=\"yoast-schema-graph\">{\"@context\":\"https:\/\/schema.org\",\"@graph\":[{\"@type\":\"WebPage\",\"@id\":\"https:\/\/buy-prescriptionz.com\/product\/buy-hydrocodone-online\/\",\"url\":\"https:\/\/buy-prescriptionz.com\/product\/buy-hydrocodone-online\/\",\"name\":\"Buy hydrocodone online, Order hydrocodone online USA, Pain Relief\",\"isPartOf\":{\"@id\":\"https:\/\/buy-prescriptionz.com\/#website\"},\"primaryImageOfPage\":{\"@id\":\"https:\/\/buy-prescriptionz.com\/product\/buy-hydrocodone-online\/#primaryimage\"},\"image\":{\"@id\":\"https:\/\/buy-prescriptionz.com\/product\/buy-hydrocodone-online\/#primaryimage\"},\"thumbnailUrl\":\"https:\/\/buy-prescriptionz.com\/wp-content\/uploads\/2025\/09\/hydrocodone.jpg\",\"datePublished\":\"2025-09-16T08:55:53+00:00\",\"dateModified\":\"2025-09-22T05:13:48+00:00\",\"description\":\"Buy hydrocodone online. Buy hydrocodone online in the USA and Canada all States with overnight shipping. No Rx need to get hydrocodone online\",\"breadcrumb\":{\"@id\":\"https:\/\/buy-prescriptionz.com\/product\/buy-hydrocodone-online\/#breadcrumb\"},\"inLanguage\":\"nb-NO\",\"potentialAction\":[{\"@type\":\"ReadAction\",\"target\":[\"https:\/\/buy-prescriptionz.com\/product\/buy-hydrocodone-online\/\"]}]},{\"@type\":\"ImageObject\",\"inLanguage\":\"nb-NO\",\"@id\":\"https:\/\/buy-prescriptionz.com\/product\/buy-hydrocodone-online\/#primaryimage\",\"url\":\"https:\/\/buy-prescriptionz.com\/wp-content\/uploads\/2025\/09\/hydrocodone.jpg\",\"contentUrl\":\"https:\/\/buy-prescriptionz.com\/wp-content\/uploads\/2025\/09\/hydrocodone.jpg\",\"width\":400,\"height\":300},{\"@type\":\"BreadcrumbList\",\"@id\":\"https:\/\/buy-prescriptionz.com\/product\/buy-hydrocodone-online\/#breadcrumb\",\"itemListElement\":[{\"@type\":\"ListItem\",\"position\":1,\"name\":\"Home\",\"item\":\"https:\/\/buy-prescriptionz.com\/\"},{\"@type\":\"ListItem\",\"position\":2,\"name\":\"Shop Painkillers Online\",\"item\":\"https:\/\/buy-prescriptionz.com\/shop-painkillers-online\/\"},{\"@type\":\"ListItem\",\"position\":3,\"name\":\"Buy Hydrocodone Online\"}]},{\"@type\":\"WebSite\",\"@id\":\"https:\/\/buy-prescriptionz.com\/#website\",\"url\":\"https:\/\/buy-prescriptionz.com\/\",\"name\":\"Buy Prescriptionz\",\"description\":\"Drugs Online\",\"publisher\":{\"@id\":\"https:\/\/buy-prescriptionz.com\/#organization\"},\"potentialAction\":[{\"@type\":\"SearchAction\",\"target\":{\"@type\":\"EntryPoint\",\"urlTemplate\":\"https:\/\/buy-prescriptionz.com\/?s={search_term_string}\"},\"query-input\":{\"@type\":\"PropertyValueSpecification\",\"valueRequired\":true,\"valueName\":\"search_term_string\"}}],\"inLanguage\":\"nb-NO\"},{\"@type\":\"Organization\",\"@id\":\"https:\/\/buy-prescriptionz.com\/#organization\",\"name\":\"Buy Prescriptionz\",\"url\":\"https:\/\/buy-prescriptionz.com\/\",\"logo\":{\"@type\":\"ImageObject\",\"inLanguage\":\"nb-NO\",\"@id\":\"https:\/\/buy-prescriptionz.com\/#\/schema\/logo\/image\/\",\"url\":\"https:\/\/buy-prescriptionz.com\/wp-content\/uploads\/2023\/09\/logo.png\",\"contentUrl\":\"https:\/\/buy-prescriptionz.com\/wp-content\/uploads\/2023\/09\/logo.png\",\"width\":350,\"height\":64,\"caption\":\"Buy Prescriptionz\"},\"image\":{\"@id\":\"https:\/\/buy-prescriptionz.com\/#\/schema\/logo\/image\/\"}}]}<\/script>\n<!-- \/ Yoast SEO plugin. -->","yoast_head_json":{"title":"Kj\u00f8p hydrokodon p\u00e5 nett, Bestill hydrokodon p\u00e5 nett USA, Smertelindring","description":"Kj\u00f8p hydrokodon p\u00e5 nett. Kj\u00f8p hydrokodon p\u00e5 nett i USA og Canada, alle stater, med levering over natten. Ingen resept n\u00f8dvendig. Kj\u00f8p hydrokodon p\u00e5 nett.","robots":{"index":"index","follow":"follow","max-snippet":"max-snippet:-1","max-image-preview":"max-image-preview:large","max-video-preview":"max-video-preview:-1"},"canonical":"https:\/\/buy-prescriptionz.com\/nb\/produkt\/kjop-hydrokodon-pa-nett\/","og_locale":"nb_NO","og_type":"article","og_title":"Buy hydrocodone online, Order hydrocodone online USA, Pain Relief","og_description":"Buy hydrocodone online. Buy hydrocodone online in the USA and Canada all States with overnight shipping. No Rx need to get hydrocodone online","og_url":"https:\/\/buy-prescriptionz.com\/nb\/produkt\/kjop-hydrokodon-pa-nett\/","og_site_name":"Buy Prescriptionz","article_modified_time":"2025-09-22T05:13:48+00:00","og_image":[{"width":400,"height":300,"url":"https:\/\/buy-prescriptionz.com\/wp-content\/uploads\/2025\/09\/hydrocodone.jpg","type":"image\/jpeg"}],"twitter_card":"summary_large_image","twitter_misc":{"Ansl. lesetid":"4 minutter"},"schema":{"@context":"https:\/\/schema.org","@graph":[{"@type":"WebPage","@id":"https:\/\/buy-prescriptionz.com\/product\/buy-hydrocodone-online\/","url":"https:\/\/buy-prescriptionz.com\/product\/buy-hydrocodone-online\/","name":"Kj\u00f8p hydrokodon p\u00e5 nett, Bestill hydrokodon p\u00e5 nett USA, Smertelindring","isPartOf":{"@id":"https:\/\/buy-prescriptionz.com\/#website"},"primaryImageOfPage":{"@id":"https:\/\/buy-prescriptionz.com\/product\/buy-hydrocodone-online\/#primaryimage"},"image":{"@id":"https:\/\/buy-prescriptionz.com\/product\/buy-hydrocodone-online\/#primaryimage"},"thumbnailUrl":"https:\/\/buy-prescriptionz.com\/wp-content\/uploads\/2025\/09\/hydrocodone.jpg","datePublished":"2025-09-16T08:55:53+00:00","dateModified":"2025-09-22T05:13:48+00:00","description":"Kj\u00f8p hydrokodon p\u00e5 nett. Kj\u00f8p hydrokodon p\u00e5 nett i USA og Canada, alle stater, med levering over natten. Ingen resept n\u00f8dvendig. Kj\u00f8p hydrokodon p\u00e5 nett.","breadcrumb":{"@id":"https:\/\/buy-prescriptionz.com\/product\/buy-hydrocodone-online\/#breadcrumb"},"inLanguage":"nb-NO","potentialAction":[{"@type":"ReadAction","target":["https:\/\/buy-prescriptionz.com\/product\/buy-hydrocodone-online\/"]}]},{"@type":"ImageObject","inLanguage":"nb-NO","@id":"https:\/\/buy-prescriptionz.com\/product\/buy-hydrocodone-online\/#primaryimage","url":"https:\/\/buy-prescriptionz.com\/wp-content\/uploads\/2025\/09\/hydrocodone.jpg","contentUrl":"https:\/\/buy-prescriptionz.com\/wp-content\/uploads\/2025\/09\/hydrocodone.jpg","width":400,"height":300},{"@type":"BreadcrumbList","@id":"https:\/\/buy-prescriptionz.com\/product\/buy-hydrocodone-online\/#breadcrumb","itemListElement":[{"@type":"ListItem","position":1,"name":"Home","item":"https:\/\/buy-prescriptionz.com\/"},{"@type":"ListItem","position":2,"name":"Shop Painkillers Online","item":"https:\/\/buy-prescriptionz.com\/shop-painkillers-online\/"},{"@type":"ListItem","position":3,"name":"Buy Hydrocodone Online"}]},{"@type":"WebSite","@id":"https:\/\/buy-prescriptionz.com\/#website","url":"https:\/\/buy-prescriptionz.com\/","name":"Buy Prescriptionz","description":"Drugs Online","publisher":{"@id":"https:\/\/buy-prescriptionz.com\/#organization"},"potentialAction":[{"@type":"SearchAction","target":{"@type":"EntryPoint","urlTemplate":"https:\/\/buy-prescriptionz.com\/?s={search_term_string}"},"query-input":{"@type":"PropertyValueSpecification","valueRequired":true,"valueName":"search_term_string"}}],"inLanguage":"nb-NO"},{"@type":"Organization","@id":"https:\/\/buy-prescriptionz.com\/#organization","name":"Buy Prescriptionz","url":"https:\/\/buy-prescriptionz.com\/","logo":{"@type":"ImageObject","inLanguage":"nb-NO","@id":"https:\/\/buy-prescriptionz.com\/#\/schema\/logo\/image\/","url":"https:\/\/buy-prescriptionz.com\/wp-content\/uploads\/2023\/09\/logo.png","contentUrl":"https:\/\/buy-prescriptionz.com\/wp-content\/uploads\/2023\/09\/logo.png","width":350,"height":64,"caption":"Buy Prescriptionz"},"image":{"@id":"https:\/\/buy-prescriptionz.com\/#\/schema\/logo\/image\/"}}]}},"_links":{"self":[{"href":"https:\/\/buy-prescriptionz.com\/nb\/wp-json\/wp\/v2\/product\/2997","targetHints":{"allow":["GET"]}}],"collection":[{"href":"https:\/\/buy-prescriptionz.com\/nb\/wp-json\/wp\/v2\/product"}],"about":[{"href":"https:\/\/buy-prescriptionz.com\/nb\/wp-json\/wp\/v2\/types\/product"}],"replies":[{"embeddable":true,"href":"https:\/\/buy-prescriptionz.com\/nb\/wp-json\/wp\/v2\/comments?post=2997"}],"wp:featuredmedia":[{"embeddable":true,"href":"https:\/\/buy-prescriptionz.com\/nb\/wp-json\/wp\/v2\/media\/3027"}],"wp:attachment":[{"href":"https:\/\/buy-prescriptionz.com\/nb\/wp-json\/wp\/v2\/media?parent=2997"}],"wp:term":[{"taxonomy":"product_brand","embeddable":true,"href":"https:\/\/buy-prescriptionz.com\/nb\/wp-json\/wp\/v2\/product_brand?post=2997"},{"taxonomy":"product_cat","embeddable":true,"href":"https:\/\/buy-prescriptionz.com\/nb\/wp-json\/wp\/v2\/product_cat?post=2997"},{"taxonomy":"product_tag","embeddable":true,"href":"https:\/\/buy-prescriptionz.com\/nb\/wp-json\/wp\/v2\/product_tag?post=2997"}],"curies":[{"name":"wp","href":"https:\/\/api.w.org\/{rel}","templated":true}]}}