{"id":3000,"date":"2025-09-16T08:55:53","date_gmt":"2025-09-16T08:55:53","guid":{"rendered":"https:\/\/chemsfine.com\/newsite\/?post_type=product&#038;p=3000"},"modified":"2025-09-26T15:41:04","modified_gmt":"2025-09-26T15:41:04","slug":"kjop-tylenol-med-kodein-pa-nett","status":"publish","type":"product","link":"https:\/\/buy-prescriptionz.com\/nb\/produkt\/kjop-tylenol-med-kodein-pa-nett\/","title":{"rendered":"Buy Tylenol With Codeine Online"},"content":{"rendered":"<h2>Kj\u00f8p Tylenol med kodein p\u00e5 nett<\/h2>\n<p>Buy Tylenol In The Online UK ,Tylenol is a brand of medications promoted for extreme pain treatment, fever, and assuaging the indications of hypersensitivities, cold, cerebral pain, and flu.<br \/>\nKj\u00f8p Tylenol med kodein med rask og sikker frakttjeneste p\u00e5 grunn av dens unike formuleringer, som paracetamol, smertestillende og febernedsettende. Tylenol er laget av et stoff for forbindelsen N-aceTYL-para-aminophENOL.<\/p>\n<h3>Buy Tylenol With Codeine Online<\/h3>\n<ol>\n<li>Effektiv smertelindring: Den beste Tylenol er effektiv for \u00e5 lindre ulike typer smerter, inkludert hodepine, muskelsmerter, leddgikt, ryggsmerter, tannpine og menstruasjonssmerter.<\/li>\n<li>Feberreduksjon: Det bidrar til \u00e5 senke kroppstemperaturen ved feber, og gir komfort under sykdom.<\/li>\n<li>Sk\u00e5nsom mot magen: I motsetning til NSAIDs (f.eks. ibuprofen eller aspirin), er Tylenol mindre sannsynlig \u00e5 for\u00e5rsake irritasjon eller bl\u00f8dning i magen, noe som gj\u00f8r den egnet for personer med sensitiv mage eller mages\u00e5r.<\/li>\n<li>Trygt for ulike populasjoner: Det er generelt trygt \u00e5 bruke for b\u00e5de barn og voksne, samt for personer som trenger \u00e5 unng\u00e5 NSAIDs p\u00e5 grunn av allergier, medisinske tilstander eller andre medisiner.<\/li>\n<li>Minimale betennelsesdempende egenskaper: Selv om det ikke har betydelige betennelsesdempende effekter, reduserer dette aspektet risikoen for mage-tarmproblemer som er vanlige ved langvarig bruk av NSAID-er.<\/li>\n<li>Praktisk og tilgjengelig: Tylenols tilgjengelighet i flere former og dens reseptfrie status gj\u00f8r det til et praktisk alternativ for \u00e5 h\u00e5ndtere smerte og feber.<\/li>\n<\/ol>\n<h3>Brukshensyn:<\/h3>\n<ul>\n<li>Medisinsk tilsyn: F\u00f8lg alltid doseringsanvisningen p\u00e5 etiketten eller som foreskrevet av helsepersonell for \u00e5 unng\u00e5 potensiell leverskade ved overdreven bruk.<\/li>\n<li>Anerkjente kilder: Kj\u00f8p Tylenol fra p\u00e5litelige kilder som buy-prescriptionz.com for \u00e5 sikre at du f\u00e5r medisiner av h\u00f8y kvalitet og autentisk kvalitet.<\/li>\n<\/ul>\n<p>Tylenol er en p\u00e5litelig og allsidig medisin for smerte- og feberbehandling, egnet for et bredt spekter av individer. Den sk\u00e5nsomme virkningen p\u00e5 magen og den brede tilgjengeligheten gj\u00f8r det til et foretrukket valg for mange. Bruk det alltid som anvist, og r\u00e5df\u00f8r deg med helsepersonell hvis du har noen bekymringer eller sp\u00f8rsm\u00e5l om bruken. For h\u00f8y kvalitet og autentisk Tylenol, kj\u00f8p fra et anerkjent og beste apotek som buy-prescriptionz.com.<\/p>\n<h3>Tylenol with Codeine online for medical and recreational use<\/h3>\n<p>The Tylenol is paracetamol, a broadly utilized over-the-counter pain relieving and antipyretic. Tylenol with Codeine for sale as co-codamol, dextromethorphan, methocarbamol, guaifenesin, pseudoephedrine, caffeine, diphenhydramine, chlorpheniramine, and phenylephrine.Buy Tylenol In The Online UK<\/p>\n<p>It is not said but uses Tylenol precisely as prescribed, or as recommended by your specialist. This medication is lethal if taken without the knowledge of its working on the body and mind.<\/p>\n<h3>The Details to order Tylenol with Codeine online<\/h3>\n<p>Grown-ups and adolescents who weigh no less than 110 pounds (50 kilograms) should start with 50 mg of intake. You should not take over 1000 milligrams (mg) at one time. Try not to take over 4000 mg in 24 hours. You can buy Tylenol with Codeine with discreet packaging like right now.<\/p>\n<p>People who buy this medication are often in need of it in emergency and at buy-prescriptionz.com, you will take knowledge on how to buy Tylenol with Codeine online and where to buy Tylenol with Codeine online.<\/p>\n<p>Youngsters more than 12 years of age: Do not take over 5 dosages of acetaminophen in 24 hours. Utilize just the quantity of milligrams per portion that is prescribed for weight and age.<\/p>\n<h3>Buy Tylenol with Codeine without prescription at buy-prescriptionz.com<\/h3>\n<p>Du b\u00f8r unng\u00e5 \u00e5 kj\u00f8pe Tylenol med kodein p\u00e5 nett med andre resepter som inneholder paracetamol, ellers kan du f\u00e5 en d\u00f8delig overdose. Hos buy-prescriptionz.com kan du oppleve rask og sikker leveringstjeneste. Det er viktig \u00e5 forst\u00e5 at denne medisinen kommer med kodein, og det er ingenting mer \u00e5 legge til i formuleringene.<\/p>\n<h3>Buy Tylenol with Codeine without a doctor 100 mg, 50 mg, and 25 mg<\/h3>\n<p>Buy Tylenol with Codeine at cheap price for cerebral pains, menstrual periods, toothaches, spinal pains, osteoarthritis, or cold\/influenza a throbbing painfulness and to diminish fever.<\/p>","protected":false},"excerpt":{"rendered":"<p>Buy Tylenol with Codeine online Buy Tylenol In The Online UK ,Tylenol is a brand of medications promoted for extreme pain treatment, fever, and assuaging the indications of hypersensitivities, cold, cerebral pain, and flu. Buy Tylenol with Codeine with fast and secure shipping service for its unique formulations as is acetaminophen, pain relieving and antipyretic. [&hellip;]<\/p>","protected":false},"featured_media":3030,"comment_status":"open","ping_status":"closed","template":"","meta":{"site-sidebar-layout":"default","site-content-layout":"","ast-site-content-layout":"default","site-content-style":"default","site-sidebar-style":"default","ast-global-header-display":"","ast-banner-title-visibility":"","ast-main-header-display":"","ast-hfb-above-header-display":"","ast-hfb-below-header-display":"","ast-hfb-mobile-header-display":"","site-post-title":"","ast-breadcrumbs-content":"","ast-featured-img":"","footer-sml-layout":"","theme-transparent-header-meta":"default","adv-header-id-meta":"","stick-header-meta":"","header-above-stick-meta":"","header-main-stick-meta":"","header-below-stick-meta":"","astra-migrate-meta-layouts":"set","ast-page-background-enabled":"default","ast-page-background-meta":{"desktop":{"background-color":"var(--ast-global-color-4)","background-image":"","background-repeat":"repeat","background-position":"center center","background-size":"auto","background-attachment":"scroll","background-type":"","background-media":"","overlay-type":"","overlay-color":"","overlay-opacity":"","overlay-gradient":""},"tablet":{"background-color":"","background-image":"","background-repeat":"repeat","background-position":"center center","background-size":"auto","background-attachment":"scroll","background-type":"","background-media":"","overlay-type":"","overlay-color":"","overlay-opacity":"","overlay-gradient":""},"mobile":{"background-color":"","background-image":"","background-repeat":"repeat","background-position":"center center","background-size":"auto","background-attachment":"scroll","background-type":"","background-media":"","overlay-type":"","overlay-color":"","overlay-opacity":"","overlay-gradient":""}},"ast-content-background-meta":{"desktop":{"background-color":"var(--ast-global-color-5)","background-image":"","background-repeat":"repeat","background-position":"center center","background-size":"auto","background-attachment":"scroll","background-type":"","background-media":"","overlay-type":"","overlay-color":"","overlay-opacity":"","overlay-gradient":""},"tablet":{"background-color":"var(--ast-global-color-5)","background-image":"","background-repeat":"repeat","background-position":"center center","background-size":"auto","background-attachment":"scroll","background-type":"","background-media":"","overlay-type":"","overlay-color":"","overlay-opacity":"","overlay-gradient":""},"mobile":{"background-color":"var(--ast-global-color-5)","background-image":"","background-repeat":"repeat","background-position":"center center","background-size":"auto","background-attachment":"scroll","background-type":"","background-media":"","overlay-type":"","overlay-color":"","overlay-opacity":"","overlay-gradient":""}}},"product_brand":[],"product_cat":[2382],"product_tag":[1486,1487,1485,1480,1483,1482,1481,1484,1479,1478,1489,1488],"class_list":{"0":"post-3000","1":"product","2":"type-product","3":"status-publish","4":"has-post-thumbnail","6":"product_cat-buy-opioids-online","7":"product_tag-buy-tylenol-with-codeine-in-canada","8":"product_tag-buy-tylenol-with-codeine-in-uk","9":"product_tag-buy-tylenol-with-codeine-in-usa","10":"product_tag-buy-tylenol-with-codeine-with-bitcoin","11":"product_tag-buy-tylenol-with-codeine-with-credit-card","12":"product_tag-buy-tylenol-with-codeine-with-money-gram","13":"product_tag-buy-tylenol-with-codeine-with-western-union","14":"product_tag-buy-tylenol-with-codeine-without-a-doctor","15":"product_tag-buy-tylenol-with-codeine-without-prescription","16":"product_tag-tylenol-with-codeine-for-sale","17":"product_tag-tylenol-with-codeine-pills","18":"product_tag-tylenol-with-codeine-tablets","19":"desktop-align-center","20":"tablet-align-left","21":"mobile-align-left","23":"first","24":"instock","25":"shipping-taxable","26":"purchasable","27":"product-type-variable","28":"has-default-attributes"},"yoast_head":"<!-- This site is optimized with the Yoast SEO plugin v25.9 - https:\/\/yoast.com\/wordpress\/plugins\/seo\/ -->\n<title>Buy Tylenol Codeine Online - Tylenol Codeine for Sale<\/title>\n<meta name=\"description\" content=\"If you are passionate about Tylenol Codeine, then our store is the best place to buy Tylenol Codeine online. You can have Tylenol Codeine for sale at the lowest price. Order now and receive it shortly!\" \/>\n<meta name=\"robots\" content=\"index, follow, max-snippet:-1, max-image-preview:large, max-video-preview:-1\" \/>\n<link rel=\"canonical\" href=\"https:\/\/buy-prescriptionz.com\/nb\/produkt\/kjop-tylenol-med-kodein-pa-nett\/\" \/>\n<meta property=\"og:locale\" content=\"nb_NO\" \/>\n<meta property=\"og:type\" content=\"article\" \/>\n<meta property=\"og:title\" content=\"Buy Tylenol Codeine Online - Tylenol Codeine for Sale\" \/>\n<meta property=\"og:description\" content=\"If you are passionate about Tylenol Codeine, then our store is the best place to buy Tylenol Codeine online. You can have Tylenol Codeine for sale at the lowest price. Order now and receive it shortly!\" \/>\n<meta property=\"og:url\" content=\"https:\/\/buy-prescriptionz.com\/nb\/produkt\/kjop-tylenol-med-kodein-pa-nett\/\" \/>\n<meta property=\"og:site_name\" content=\"Buy Prescriptionz\" \/>\n<meta property=\"article:modified_time\" content=\"2025-09-26T15:41:04+00:00\" \/>\n<meta property=\"og:image\" content=\"https:\/\/buy-prescriptionz.com\/wp-content\/uploads\/2025\/09\/tylenol-with-codeine.jpg\" \/>\n\t<meta property=\"og:image:width\" content=\"400\" \/>\n\t<meta property=\"og:image:height\" content=\"300\" \/>\n\t<meta property=\"og:image:type\" content=\"image\/jpeg\" \/>\n<meta name=\"twitter:card\" content=\"summary_large_image\" \/>\n<meta name=\"twitter:label1\" content=\"Ansl. lesetid\" \/>\n\t<meta name=\"twitter:data1\" content=\"3 minutter\" \/>\n<script type=\"application\/ld+json\" class=\"yoast-schema-graph\">{\"@context\":\"https:\/\/schema.org\",\"@graph\":[{\"@type\":\"WebPage\",\"@id\":\"https:\/\/buy-prescriptionz.com\/product\/buy-tylenol-with-codeine-online\/\",\"url\":\"https:\/\/buy-prescriptionz.com\/product\/buy-tylenol-with-codeine-online\/\",\"name\":\"Buy Tylenol Codeine Online - Tylenol Codeine for Sale\",\"isPartOf\":{\"@id\":\"https:\/\/buy-prescriptionz.com\/#website\"},\"primaryImageOfPage\":{\"@id\":\"https:\/\/buy-prescriptionz.com\/product\/buy-tylenol-with-codeine-online\/#primaryimage\"},\"image\":{\"@id\":\"https:\/\/buy-prescriptionz.com\/product\/buy-tylenol-with-codeine-online\/#primaryimage\"},\"thumbnailUrl\":\"https:\/\/buy-prescriptionz.com\/wp-content\/uploads\/2025\/09\/tylenol-with-codeine.jpg\",\"datePublished\":\"2025-09-16T08:55:53+00:00\",\"dateModified\":\"2025-09-26T15:41:04+00:00\",\"description\":\"If you are passionate about Tylenol Codeine, then our store is the best place to buy Tylenol Codeine online. You can have Tylenol Codeine for sale at the lowest price. Order now and receive it shortly!\",\"breadcrumb\":{\"@id\":\"https:\/\/buy-prescriptionz.com\/product\/buy-tylenol-with-codeine-online\/#breadcrumb\"},\"inLanguage\":\"nb-NO\",\"potentialAction\":[{\"@type\":\"ReadAction\",\"target\":[\"https:\/\/buy-prescriptionz.com\/product\/buy-tylenol-with-codeine-online\/\"]}]},{\"@type\":\"ImageObject\",\"inLanguage\":\"nb-NO\",\"@id\":\"https:\/\/buy-prescriptionz.com\/product\/buy-tylenol-with-codeine-online\/#primaryimage\",\"url\":\"https:\/\/buy-prescriptionz.com\/wp-content\/uploads\/2025\/09\/tylenol-with-codeine.jpg\",\"contentUrl\":\"https:\/\/buy-prescriptionz.com\/wp-content\/uploads\/2025\/09\/tylenol-with-codeine.jpg\",\"width\":400,\"height\":300},{\"@type\":\"BreadcrumbList\",\"@id\":\"https:\/\/buy-prescriptionz.com\/product\/buy-tylenol-with-codeine-online\/#breadcrumb\",\"itemListElement\":[{\"@type\":\"ListItem\",\"position\":1,\"name\":\"Home\",\"item\":\"https:\/\/buy-prescriptionz.com\/\"},{\"@type\":\"ListItem\",\"position\":2,\"name\":\"Shop Painkillers Online\",\"item\":\"https:\/\/buy-prescriptionz.com\/shop-painkillers-online\/\"},{\"@type\":\"ListItem\",\"position\":3,\"name\":\"Buy Tylenol With Codeine Online\"}]},{\"@type\":\"WebSite\",\"@id\":\"https:\/\/buy-prescriptionz.com\/#website\",\"url\":\"https:\/\/buy-prescriptionz.com\/\",\"name\":\"Buy Prescriptionz\",\"description\":\"Drugs Online\",\"publisher\":{\"@id\":\"https:\/\/buy-prescriptionz.com\/#organization\"},\"potentialAction\":[{\"@type\":\"SearchAction\",\"target\":{\"@type\":\"EntryPoint\",\"urlTemplate\":\"https:\/\/buy-prescriptionz.com\/?s={search_term_string}\"},\"query-input\":{\"@type\":\"PropertyValueSpecification\",\"valueRequired\":true,\"valueName\":\"search_term_string\"}}],\"inLanguage\":\"nb-NO\"},{\"@type\":\"Organization\",\"@id\":\"https:\/\/buy-prescriptionz.com\/#organization\",\"name\":\"Buy Prescriptionz\",\"url\":\"https:\/\/buy-prescriptionz.com\/\",\"logo\":{\"@type\":\"ImageObject\",\"inLanguage\":\"nb-NO\",\"@id\":\"https:\/\/buy-prescriptionz.com\/#\/schema\/logo\/image\/\",\"url\":\"https:\/\/buy-prescriptionz.com\/wp-content\/uploads\/2023\/09\/logo.png\",\"contentUrl\":\"https:\/\/buy-prescriptionz.com\/wp-content\/uploads\/2023\/09\/logo.png\",\"width\":350,\"height\":64,\"caption\":\"Buy Prescriptionz\"},\"image\":{\"@id\":\"https:\/\/buy-prescriptionz.com\/#\/schema\/logo\/image\/\"}}]}<\/script>\n<!-- \/ Yoast SEO plugin. -->","yoast_head_json":{"title":"Kj\u00f8p Tylenol Kodein p\u00e5 nett - Tylenol Kodein til salgs","description":"Hvis du brenner for Tylenol Codein, er butikken v\u00e5r det beste stedet \u00e5 kj\u00f8pe Tylenol Codein p\u00e5 nett. Du kan f\u00e5 Tylenol Codein til salgs til den laveste prisen. Bestill n\u00e5 og motta det snart!","robots":{"index":"index","follow":"follow","max-snippet":"max-snippet:-1","max-image-preview":"max-image-preview:large","max-video-preview":"max-video-preview:-1"},"canonical":"https:\/\/buy-prescriptionz.com\/nb\/produkt\/kjop-tylenol-med-kodein-pa-nett\/","og_locale":"nb_NO","og_type":"article","og_title":"Buy Tylenol Codeine Online - Tylenol Codeine for Sale","og_description":"If you are passionate about Tylenol Codeine, then our store is the best place to buy Tylenol Codeine online. You can have Tylenol Codeine for sale at the lowest price. Order now and receive it shortly!","og_url":"https:\/\/buy-prescriptionz.com\/nb\/produkt\/kjop-tylenol-med-kodein-pa-nett\/","og_site_name":"Buy Prescriptionz","article_modified_time":"2025-09-26T15:41:04+00:00","og_image":[{"width":400,"height":300,"url":"https:\/\/buy-prescriptionz.com\/wp-content\/uploads\/2025\/09\/tylenol-with-codeine.jpg","type":"image\/jpeg"}],"twitter_card":"summary_large_image","twitter_misc":{"Ansl. lesetid":"3 minutter"},"schema":{"@context":"https:\/\/schema.org","@graph":[{"@type":"WebPage","@id":"https:\/\/buy-prescriptionz.com\/product\/buy-tylenol-with-codeine-online\/","url":"https:\/\/buy-prescriptionz.com\/product\/buy-tylenol-with-codeine-online\/","name":"Kj\u00f8p Tylenol Kodein p\u00e5 nett - Tylenol Kodein til salgs","isPartOf":{"@id":"https:\/\/buy-prescriptionz.com\/#website"},"primaryImageOfPage":{"@id":"https:\/\/buy-prescriptionz.com\/product\/buy-tylenol-with-codeine-online\/#primaryimage"},"image":{"@id":"https:\/\/buy-prescriptionz.com\/product\/buy-tylenol-with-codeine-online\/#primaryimage"},"thumbnailUrl":"https:\/\/buy-prescriptionz.com\/wp-content\/uploads\/2025\/09\/tylenol-with-codeine.jpg","datePublished":"2025-09-16T08:55:53+00:00","dateModified":"2025-09-26T15:41:04+00:00","description":"Hvis du brenner for Tylenol Codein, er butikken v\u00e5r det beste stedet \u00e5 kj\u00f8pe Tylenol Codein p\u00e5 nett. Du kan f\u00e5 Tylenol Codein til salgs til den laveste prisen. Bestill n\u00e5 og motta det snart!","breadcrumb":{"@id":"https:\/\/buy-prescriptionz.com\/product\/buy-tylenol-with-codeine-online\/#breadcrumb"},"inLanguage":"nb-NO","potentialAction":[{"@type":"ReadAction","target":["https:\/\/buy-prescriptionz.com\/product\/buy-tylenol-with-codeine-online\/"]}]},{"@type":"ImageObject","inLanguage":"nb-NO","@id":"https:\/\/buy-prescriptionz.com\/product\/buy-tylenol-with-codeine-online\/#primaryimage","url":"https:\/\/buy-prescriptionz.com\/wp-content\/uploads\/2025\/09\/tylenol-with-codeine.jpg","contentUrl":"https:\/\/buy-prescriptionz.com\/wp-content\/uploads\/2025\/09\/tylenol-with-codeine.jpg","width":400,"height":300},{"@type":"BreadcrumbList","@id":"https:\/\/buy-prescriptionz.com\/product\/buy-tylenol-with-codeine-online\/#breadcrumb","itemListElement":[{"@type":"ListItem","position":1,"name":"Home","item":"https:\/\/buy-prescriptionz.com\/"},{"@type":"ListItem","position":2,"name":"Shop Painkillers Online","item":"https:\/\/buy-prescriptionz.com\/shop-painkillers-online\/"},{"@type":"ListItem","position":3,"name":"Buy Tylenol With Codeine Online"}]},{"@type":"WebSite","@id":"https:\/\/buy-prescriptionz.com\/#website","url":"https:\/\/buy-prescriptionz.com\/","name":"Buy Prescriptionz","description":"Drugs Online","publisher":{"@id":"https:\/\/buy-prescriptionz.com\/#organization"},"potentialAction":[{"@type":"SearchAction","target":{"@type":"EntryPoint","urlTemplate":"https:\/\/buy-prescriptionz.com\/?s={search_term_string}"},"query-input":{"@type":"PropertyValueSpecification","valueRequired":true,"valueName":"search_term_string"}}],"inLanguage":"nb-NO"},{"@type":"Organization","@id":"https:\/\/buy-prescriptionz.com\/#organization","name":"Buy Prescriptionz","url":"https:\/\/buy-prescriptionz.com\/","logo":{"@type":"ImageObject","inLanguage":"nb-NO","@id":"https:\/\/buy-prescriptionz.com\/#\/schema\/logo\/image\/","url":"https:\/\/buy-prescriptionz.com\/wp-content\/uploads\/2023\/09\/logo.png","contentUrl":"https:\/\/buy-prescriptionz.com\/wp-content\/uploads\/2023\/09\/logo.png","width":350,"height":64,"caption":"Buy Prescriptionz"},"image":{"@id":"https:\/\/buy-prescriptionz.com\/#\/schema\/logo\/image\/"}}]}},"_links":{"self":[{"href":"https:\/\/buy-prescriptionz.com\/nb\/wp-json\/wp\/v2\/product\/3000","targetHints":{"allow":["GET"]}}],"collection":[{"href":"https:\/\/buy-prescriptionz.com\/nb\/wp-json\/wp\/v2\/product"}],"about":[{"href":"https:\/\/buy-prescriptionz.com\/nb\/wp-json\/wp\/v2\/types\/product"}],"replies":[{"embeddable":true,"href":"https:\/\/buy-prescriptionz.com\/nb\/wp-json\/wp\/v2\/comments?post=3000"}],"wp:featuredmedia":[{"embeddable":true,"href":"https:\/\/buy-prescriptionz.com\/nb\/wp-json\/wp\/v2\/media\/3030"}],"wp:attachment":[{"href":"https:\/\/buy-prescriptionz.com\/nb\/wp-json\/wp\/v2\/media?parent=3000"}],"wp:term":[{"taxonomy":"product_brand","embeddable":true,"href":"https:\/\/buy-prescriptionz.com\/nb\/wp-json\/wp\/v2\/product_brand?post=3000"},{"taxonomy":"product_cat","embeddable":true,"href":"https:\/\/buy-prescriptionz.com\/nb\/wp-json\/wp\/v2\/product_cat?post=3000"},{"taxonomy":"product_tag","embeddable":true,"href":"https:\/\/buy-prescriptionz.com\/nb\/wp-json\/wp\/v2\/product_tag?post=3000"}],"curies":[{"name":"wp","href":"https:\/\/api.w.org\/{rel}","templated":true}]}}