{"id":3001,"date":"2025-09-16T08:55:53","date_gmt":"2025-09-16T08:55:53","guid":{"rendered":"https:\/\/chemsfine.com\/newsite\/?post_type=product&#038;p=3001"},"modified":"2025-09-19T13:33:38","modified_gmt":"2025-09-19T13:33:38","slug":"kjop-actavis-promethazine-sirup-pa-nett","status":"publish","type":"product","link":"https:\/\/buy-prescriptionz.com\/nb\/produkt\/kjop-actavis-promethazine-sirup-pa-nett\/","title":{"rendered":"Kj\u00f8p Actavis Promethazine Sirup Online"},"content":{"rendered":"<h2 style=\"text-align: justify;\">KJ\u00d8P ACTAVIS PROMETAZIN SIRUP P\u00c5 NETT<\/h2>\n<p style=\"text-align: justify;\">Buy Actavis <a href=\"https:\/\/buy-prescriptionz.com\/nb\/produkt\/biphetamine\/\">Promethazine<\/a> Syrup Online, Actavis promethazine syrup is used to treat symptoms caused by the common cold, flu, allergies, and other breathing illnesses. It contains Promethazine hydrochloride 6.25 mg and codeine phosphate 10 mg in a flavored syrup base with a pH between 4.8 and 5.4, Alcohol 7%.<\/p>\n<h3 style=\"text-align: justify;\">EGENSKAPER<\/h3>\n<p style=\"text-align: justify;\">It works by decreasing the effects of histamine, a compound the body releases in response to certain irritants. And also Phenergan is used as a sedative and sleep aid for all types of patients and prevent or control nausea and vomiting, treat motion sickness. You can use it with the other medicines, for pain after surgery also.<\/p>\n<h3 style=\"text-align: justify;\">FORHOLDSREGLER<\/h3>\n<p style=\"text-align: justify;\">Contact doctor immediately if you have experience of extreme sleepiness, confusion, or shallow breathing. Blood tests may be needed sometimes to check for unwanted effects.<\/p>\n<p style=\"text-align: justify;\"><strong>Do not give this medicine to:<\/strong><\/p>\n<p style=\"text-align: justify;\">\u2022 Children younger than 12 years of age.<br \/>\n\u2022 Children younger than 18 years age had surgery removal of tonsils or adenoids.<br \/>\n\u2022 Children\u2019s of age in between 12 to 18 years who have a high risk for breathing problems (eg, <a href=\"https:\/\/de.wikipedia.org\/w\/index.php?sort=relevance&amp;search=Promethazine&amp;title=Spezial%3ASuche&amp;profile=advanced&amp;fulltext=1&amp;advancedSearch-current=%7B%7D&amp;ns0=1\">obstructive<\/a> sleep apnea, obesity, lung disease).<\/p>\n<h3 style=\"text-align: justify;\">BIVIRKNINGER<\/h3>\n<p style=\"text-align: justify;\">This medicine may be habit-forming. If you feel that it is not working as well, do not use more than your prescribed dose. Call your doctor for instructions.<\/p>\n<p style=\"text-align: justify;\">Promethazine may increase your risk for convulsions (seizures). It may also cause dystonia (movement disorder). This is more likely sick children with diarrhea.<\/p>\n<p>It makes your skin more sensitive to sunlight. Use sunscreen when you are outdoors. Avoid sunlamps and tanning beds.<\/p>\n<p style=\"text-align: justify;\">Do not take other medicines unless they have been discussed with doctor. It includes prescription or nonprescription OTC (over-the-counter) medicines and herbal or vitamin supplements.<\/p>\n<p style=\"text-align: justify;\">Contact immediately your doctor if you have any concerns.<\/p>\n<h3>Forst\u00e5else av Actavis prometazinsirup: En oversikt<\/h3>\n<p>Actavis Promethazine Syrup er en reseptbelagt medisin som brukes til \u00e5 behandle symptomer p\u00e5 allergier, forkj\u00f8lelse og hoste. Den inneholder en kombinasjon av prometazin (et antihistamin) og kodein (et narkotisk hostedempende middel), som virker sammen for \u00e5 gi lindring av hoste, nysing, rennende nese og andre symptomer forbundet med luftveislidelser.<\/p>\n<h3>Hvordan Actavis prometazinsirup fungerer<\/h3>\n<p>Prometazin virker ved \u00e5 blokkere effekten av histamin, et naturlig stoff i kroppen som frigj\u00f8res under allergiske reaksjoner. Ved \u00e5 blokkere histamin bidrar prometazin til \u00e5 redusere symptomer som kl\u00f8e, nysing og rennende \u00f8yne. Kodein virker p\u00e5 hjernen ved \u00e5 undertrykke hosterefleksen, noe som gj\u00f8r det lettere \u00e5 puste og reduserer trangen til \u00e5 hoste.<\/p>\n<h3>Fordeler med Actavis prometazinsirup<\/h3>\n<ol>\n<li><strong>Effektiv symptomlindring<\/strong>Den beste Actavis Promethazine-sirupen gir rask og effektiv lindring av symptomer som hoste, nysing og tett nese, slik at brukerne f\u00f8ler seg mer komfortable og puster lettere.<\/li>\n<li><strong>Kombinasjon av medisiner<\/strong>Kombinasjonen av prometazin og kodein i Actavis Promethazine Syrup gir en omfattende tiln\u00e6rming til behandling av luftveissymptomer, og retter seg mot b\u00e5de den underliggende \u00e5rsaken til allergier og forkj\u00f8lelse samt den tilh\u00f8rende hosten.<\/li>\n<li><strong>Reseptbelagt styrke<\/strong>Actavis Promethazine Syrup er reseptbelagt medisin, som betyr at den er formulert med h\u00f8yere konsentrasjoner av aktive ingredienser, noe som gir mer effektiv symptomlindring sammenlignet med reseptfrie legemidler.<\/li>\n<li><strong>Allsidig behandling<\/strong>I tillegg til allergier og forkj\u00f8lelser kan Actavis Promethazine Syrup ogs\u00e5 brukes til \u00e5 behandle andre tilstander som bronkitt, bihulebetennelse og andre luftveisinfeksjoner.<\/li>\n<li><strong>Tilpassbar dosering<\/strong>Actavis promethazine sirup finnes i forskjellige styrker, slik at helsepersonell kan skreddersy doseringen til hver enkelt persons spesifikke behov for optimal symptomlindring.<\/li>\n<\/ol>\n<h3>Er Actavis prometazinsirup riktig for deg?<\/h3>\n<p>F\u00f8r du starter med Actavis Promethazine Syrup, er det viktig \u00e5 konsultere en helsepersonell for \u00e5 avgj\u00f8re om det er riktig behandlingsalternativ for din tilstand. Helsepersonell vil vurdere faktorer som din sykehistorie, n\u00e5v\u00e6rende medisiner og alvorlighetsgraden av symptomene dine for \u00e5 avgj\u00f8re om Actavis Promethazine Syrup er passende for deg.<\/p>\n<h3>Hvor kan man kj\u00f8pe Actavis prometazin sirup<\/h3>\n<p>Hvis du har f\u00e5tt foreskrevet Actavis Promethazine Syrup og lurer p\u00e5 hvor du kan kj\u00f8pe den, kan du kj\u00f8pe reseptbelagte medisiner p\u00e5 nett fra det beste apoteket som buy-prescriptionz.com. \u00c5 kj\u00f8pe reseptbelagte medisiner p\u00e5 nett er praktisk og konfidensielt, slik at du f\u00e5r behandlingen du trenger uten \u00e5 m\u00e5tte bes\u00f8ke et fysisk apotek.<\/p>\n<h3 style=\"text-align: justify;\">GLEMT DOSE<\/h3>\n<p style=\"text-align: justify;\">If you miss a dose of the medicine, take it as soon as possible. However, if it is almost time for next dose, skip the missed dose and just go back to your regular dosing schedule. Do not double doses.<\/p>\n<h3 style=\"text-align: justify;\">OVERDOSE<\/h3>\n<p style=\"text-align: justify;\">Symptoms of Phenergan overdose may include:<\/p>\n<p style=\"text-align: justify;\">This medicine may cause some people to become dizzy, drowsy, large pupils, flushing, nausea, vomiting, shallow breathing, and fainting. If you experience one of them contact your doctor immediately.<\/p>\n<h3 style=\"text-align: justify;\">OPPBEVARING<\/h3>\n<p style=\"text-align: justify;\">Store it at room temperature in a closed container, away from heat, moisture, and direct light. Keep it from freezing. Also keep out of the reach of kids.<\/p>\n<h3 style=\"text-align: justify;\">WHERE TO BUY ACTAVIS PROMETHAZINE SYRUP ONLINE?<\/h3>\n<p style=\"text-align: justify;\">Kj\u00f8p Actavis Promethazine Sirup p\u00e5 nett fra oss (buy-prescriptionz.com) rett p\u00e5 d\u00f8ren til den beste prisen. V\u00e6r alltid sunn. Bestill n\u00e5!<\/p>","protected":false},"excerpt":{"rendered":"<p>BUY ACTAVIS PROMETHAZINE SYRUP ONLINE Buy Actavis Promethazine Syrup Online, Actavis promethazine syrup is used to treat symptoms caused by the common cold, flu, allergies, and other breathing illnesses. It contains Promethazine hydrochloride 6.25 mg and codeine phosphate 10 mg in a flavored syrup base with a pH between 4.8 and 5.4, Alcohol 7%. FEATURES [&hellip;]<\/p>","protected":false},"featured_media":3031,"comment_status":"open","ping_status":"closed","template":"","meta":{"site-sidebar-layout":"default","site-content-layout":"","ast-site-content-layout":"default","site-content-style":"default","site-sidebar-style":"default","ast-global-header-display":"","ast-banner-title-visibility":"","ast-main-header-display":"","ast-hfb-above-header-display":"","ast-hfb-below-header-display":"","ast-hfb-mobile-header-display":"","site-post-title":"","ast-breadcrumbs-content":"","ast-featured-img":"","footer-sml-layout":"","theme-transparent-header-meta":"default","adv-header-id-meta":"","stick-header-meta":"","header-above-stick-meta":"","header-main-stick-meta":"","header-below-stick-meta":"","astra-migrate-meta-layouts":"set","ast-page-background-enabled":"default","ast-page-background-meta":{"desktop":{"background-color":"var(--ast-global-color-4)","background-image":"","background-repeat":"repeat","background-position":"center center","background-size":"auto","background-attachment":"scroll","background-type":"","background-media":"","overlay-type":"","overlay-color":"","overlay-opacity":"","overlay-gradient":""},"tablet":{"background-color":"","background-image":"","background-repeat":"repeat","background-position":"center center","background-size":"auto","background-attachment":"scroll","background-type":"","background-media":"","overlay-type":"","overlay-color":"","overlay-opacity":"","overlay-gradient":""},"mobile":{"background-color":"","background-image":"","background-repeat":"repeat","background-position":"center center","background-size":"auto","background-attachment":"scroll","background-type":"","background-media":"","overlay-type":"","overlay-color":"","overlay-opacity":"","overlay-gradient":""}},"ast-content-background-meta":{"desktop":{"background-color":"var(--ast-global-color-5)","background-image":"","background-repeat":"repeat","background-position":"center center","background-size":"auto","background-attachment":"scroll","background-type":"","background-media":"","overlay-type":"","overlay-color":"","overlay-opacity":"","overlay-gradient":""},"tablet":{"background-color":"var(--ast-global-color-5)","background-image":"","background-repeat":"repeat","background-position":"center center","background-size":"auto","background-attachment":"scroll","background-type":"","background-media":"","overlay-type":"","overlay-color":"","overlay-opacity":"","overlay-gradient":""},"mobile":{"background-color":"var(--ast-global-color-5)","background-image":"","background-repeat":"repeat","background-position":"center center","background-size":"auto","background-attachment":"scroll","background-type":"","background-media":"","overlay-type":"","overlay-color":"","overlay-opacity":"","overlay-gradient":""}}},"product_brand":[],"product_cat":[2382],"product_tag":[],"class_list":{"0":"post-3001","1":"product","2":"type-product","3":"status-publish","4":"has-post-thumbnail","6":"product_cat-buy-opioids-online","7":"desktop-align-center","8":"tablet-align-left","9":"mobile-align-left","11":"first","12":"instock","13":"shipping-taxable","14":"purchasable","15":"product-type-variable","16":"has-default-attributes"},"yoast_head":"<!-- This site is optimized with the Yoast SEO plugin v25.9 - https:\/\/yoast.com\/wordpress\/plugins\/seo\/ -->\n<title>Actavis Promethazine Syrup for Sale - Buy Actavis Promethazine Syrup Online<\/title>\n<meta name=\"description\" content=\"You can now get Actavis Promethazine Syrup for sale from our top Chems store. Our staff will assist you to buy Actavis Promethazine Syrup online at the best prices. Order Actavis Promethazine Syrup online today with worldwide shipping!\" \/>\n<meta name=\"robots\" content=\"index, follow, max-snippet:-1, max-image-preview:large, max-video-preview:-1\" \/>\n<link rel=\"canonical\" href=\"https:\/\/buy-prescriptionz.com\/nb\/produkt\/kjop-actavis-promethazine-sirup-pa-nett\/\" \/>\n<meta property=\"og:locale\" content=\"nb_NO\" \/>\n<meta property=\"og:type\" content=\"article\" \/>\n<meta property=\"og:title\" content=\"Actavis Promethazine Syrup for Sale - Buy Actavis Promethazine Syrup Online\" \/>\n<meta property=\"og:description\" content=\"You can now get Actavis Promethazine Syrup for sale from our top Chems store. Our staff will assist you to buy Actavis Promethazine Syrup online at the best prices. Order Actavis Promethazine Syrup online today with worldwide shipping!\" \/>\n<meta property=\"og:url\" content=\"https:\/\/buy-prescriptionz.com\/nb\/produkt\/kjop-actavis-promethazine-sirup-pa-nett\/\" \/>\n<meta property=\"og:site_name\" content=\"Buy Prescriptionz\" \/>\n<meta property=\"article:modified_time\" content=\"2025-09-19T13:33:38+00:00\" \/>\n<meta property=\"og:image\" content=\"https:\/\/buy-prescriptionz.com\/wp-content\/uploads\/2025\/09\/actavis-promathazine-syrup.jpg\" \/>\n\t<meta property=\"og:image:width\" content=\"400\" \/>\n\t<meta property=\"og:image:height\" content=\"300\" \/>\n\t<meta property=\"og:image:type\" content=\"image\/jpeg\" \/>\n<meta name=\"twitter:card\" content=\"summary_large_image\" \/>\n<meta name=\"twitter:label1\" content=\"Ansl. lesetid\" \/>\n\t<meta name=\"twitter:data1\" content=\"4 minutter\" \/>\n<script type=\"application\/ld+json\" class=\"yoast-schema-graph\">{\"@context\":\"https:\/\/schema.org\",\"@graph\":[{\"@type\":\"WebPage\",\"@id\":\"https:\/\/buy-prescriptionz.com\/cs\/produkt\/koupit-actavis-promethazin-sirup-online\/\",\"url\":\"https:\/\/buy-prescriptionz.com\/cs\/produkt\/koupit-actavis-promethazin-sirup-online\/\",\"name\":\"Actavis Promethazine Syrup for Sale - Buy Actavis Promethazine Syrup Online\",\"isPartOf\":{\"@id\":\"https:\/\/buy-prescriptionz.com\/#website\"},\"primaryImageOfPage\":{\"@id\":\"https:\/\/buy-prescriptionz.com\/cs\/produkt\/koupit-actavis-promethazin-sirup-online\/#primaryimage\"},\"image\":{\"@id\":\"https:\/\/buy-prescriptionz.com\/cs\/produkt\/koupit-actavis-promethazin-sirup-online\/#primaryimage\"},\"thumbnailUrl\":\"https:\/\/buy-prescriptionz.com\/wp-content\/uploads\/2025\/09\/actavis-promathazine-syrup.jpg\",\"datePublished\":\"2025-09-16T08:55:53+00:00\",\"dateModified\":\"2025-09-19T13:33:38+00:00\",\"description\":\"You can now get Actavis Promethazine Syrup for sale from our top Chems store. Our staff will assist you to buy Actavis Promethazine Syrup online at the best prices. Order Actavis Promethazine Syrup online today with worldwide shipping!\",\"breadcrumb\":{\"@id\":\"https:\/\/buy-prescriptionz.com\/cs\/produkt\/koupit-actavis-promethazin-sirup-online\/#breadcrumb\"},\"inLanguage\":\"nb-NO\",\"potentialAction\":[{\"@type\":\"ReadAction\",\"target\":[\"https:\/\/buy-prescriptionz.com\/cs\/produkt\/koupit-actavis-promethazin-sirup-online\/\"]}]},{\"@type\":\"ImageObject\",\"inLanguage\":\"nb-NO\",\"@id\":\"https:\/\/buy-prescriptionz.com\/cs\/produkt\/koupit-actavis-promethazin-sirup-online\/#primaryimage\",\"url\":\"https:\/\/buy-prescriptionz.com\/wp-content\/uploads\/2025\/09\/actavis-promathazine-syrup.jpg\",\"contentUrl\":\"https:\/\/buy-prescriptionz.com\/wp-content\/uploads\/2025\/09\/actavis-promathazine-syrup.jpg\",\"width\":400,\"height\":300},{\"@type\":\"BreadcrumbList\",\"@id\":\"https:\/\/buy-prescriptionz.com\/cs\/produkt\/koupit-actavis-promethazin-sirup-online\/#breadcrumb\",\"itemListElement\":[{\"@type\":\"ListItem\",\"position\":1,\"name\":\"Home\",\"item\":\"https:\/\/buy-prescriptionz.com\/\"},{\"@type\":\"ListItem\",\"position\":2,\"name\":\"Shop Painkillers Online\",\"item\":\"https:\/\/buy-prescriptionz.com\/shop-painkillers-online\/\"},{\"@type\":\"ListItem\",\"position\":3,\"name\":\"Buy Actavis Promethazine Syrup Online\"}]},{\"@type\":\"WebSite\",\"@id\":\"https:\/\/buy-prescriptionz.com\/#website\",\"url\":\"https:\/\/buy-prescriptionz.com\/\",\"name\":\"Buy Prescriptionz\",\"description\":\"Drugs Online\",\"publisher\":{\"@id\":\"https:\/\/buy-prescriptionz.com\/#organization\"},\"potentialAction\":[{\"@type\":\"SearchAction\",\"target\":{\"@type\":\"EntryPoint\",\"urlTemplate\":\"https:\/\/buy-prescriptionz.com\/?s={search_term_string}\"},\"query-input\":{\"@type\":\"PropertyValueSpecification\",\"valueRequired\":true,\"valueName\":\"search_term_string\"}}],\"inLanguage\":\"nb-NO\"},{\"@type\":\"Organization\",\"@id\":\"https:\/\/buy-prescriptionz.com\/#organization\",\"name\":\"Buy Prescriptionz\",\"url\":\"https:\/\/buy-prescriptionz.com\/\",\"logo\":{\"@type\":\"ImageObject\",\"inLanguage\":\"nb-NO\",\"@id\":\"https:\/\/buy-prescriptionz.com\/#\/schema\/logo\/image\/\",\"url\":\"https:\/\/buy-prescriptionz.com\/wp-content\/uploads\/2023\/09\/logo.png\",\"contentUrl\":\"https:\/\/buy-prescriptionz.com\/wp-content\/uploads\/2023\/09\/logo.png\",\"width\":350,\"height\":64,\"caption\":\"Buy Prescriptionz\"},\"image\":{\"@id\":\"https:\/\/buy-prescriptionz.com\/#\/schema\/logo\/image\/\"}}]}<\/script>\n<!-- \/ Yoast SEO plugin. -->","yoast_head_json":{"title":"Actavis Promethazine sirup til salgs - Kj\u00f8p Actavis Promethazine sirup p\u00e5 nett","description":"Du kan n\u00e5 f\u00e5 Actavis Promethazine Sirup til salgs fra v\u00e5r beste apotekbutikk. V\u00e5re ansatte hjelper deg med \u00e5 kj\u00f8pe Actavis Promethazine Sirup p\u00e5 nett til de beste prisene. Bestill Actavis Promethazine Sirup p\u00e5 nett i dag med verdensomspennende frakt!","robots":{"index":"index","follow":"follow","max-snippet":"max-snippet:-1","max-image-preview":"max-image-preview:large","max-video-preview":"max-video-preview:-1"},"canonical":"https:\/\/buy-prescriptionz.com\/nb\/produkt\/kjop-actavis-promethazine-sirup-pa-nett\/","og_locale":"nb_NO","og_type":"article","og_title":"Actavis Promethazine Syrup for Sale - Buy Actavis Promethazine Syrup Online","og_description":"You can now get Actavis Promethazine Syrup for sale from our top Chems store. Our staff will assist you to buy Actavis Promethazine Syrup online at the best prices. Order Actavis Promethazine Syrup online today with worldwide shipping!","og_url":"https:\/\/buy-prescriptionz.com\/nb\/produkt\/kjop-actavis-promethazine-sirup-pa-nett\/","og_site_name":"Buy Prescriptionz","article_modified_time":"2025-09-19T13:33:38+00:00","og_image":[{"width":400,"height":300,"url":"https:\/\/buy-prescriptionz.com\/wp-content\/uploads\/2025\/09\/actavis-promathazine-syrup.jpg","type":"image\/jpeg"}],"twitter_card":"summary_large_image","twitter_misc":{"Ansl. lesetid":"4 minutter"},"schema":{"@context":"https:\/\/schema.org","@graph":[{"@type":"WebPage","@id":"https:\/\/buy-prescriptionz.com\/cs\/produkt\/koupit-actavis-promethazin-sirup-online\/","url":"https:\/\/buy-prescriptionz.com\/cs\/produkt\/koupit-actavis-promethazin-sirup-online\/","name":"Actavis Promethazine sirup til salgs - Kj\u00f8p Actavis Promethazine sirup p\u00e5 nett","isPartOf":{"@id":"https:\/\/buy-prescriptionz.com\/#website"},"primaryImageOfPage":{"@id":"https:\/\/buy-prescriptionz.com\/cs\/produkt\/koupit-actavis-promethazin-sirup-online\/#primaryimage"},"image":{"@id":"https:\/\/buy-prescriptionz.com\/cs\/produkt\/koupit-actavis-promethazin-sirup-online\/#primaryimage"},"thumbnailUrl":"https:\/\/buy-prescriptionz.com\/wp-content\/uploads\/2025\/09\/actavis-promathazine-syrup.jpg","datePublished":"2025-09-16T08:55:53+00:00","dateModified":"2025-09-19T13:33:38+00:00","description":"Du kan n\u00e5 f\u00e5 Actavis Promethazine Sirup til salgs fra v\u00e5r beste apotekbutikk. V\u00e5re ansatte hjelper deg med \u00e5 kj\u00f8pe Actavis Promethazine Sirup p\u00e5 nett til de beste prisene. Bestill Actavis Promethazine Sirup p\u00e5 nett i dag med verdensomspennende frakt!","breadcrumb":{"@id":"https:\/\/buy-prescriptionz.com\/cs\/produkt\/koupit-actavis-promethazin-sirup-online\/#breadcrumb"},"inLanguage":"nb-NO","potentialAction":[{"@type":"ReadAction","target":["https:\/\/buy-prescriptionz.com\/cs\/produkt\/koupit-actavis-promethazin-sirup-online\/"]}]},{"@type":"ImageObject","inLanguage":"nb-NO","@id":"https:\/\/buy-prescriptionz.com\/cs\/produkt\/koupit-actavis-promethazin-sirup-online\/#primaryimage","url":"https:\/\/buy-prescriptionz.com\/wp-content\/uploads\/2025\/09\/actavis-promathazine-syrup.jpg","contentUrl":"https:\/\/buy-prescriptionz.com\/wp-content\/uploads\/2025\/09\/actavis-promathazine-syrup.jpg","width":400,"height":300},{"@type":"BreadcrumbList","@id":"https:\/\/buy-prescriptionz.com\/cs\/produkt\/koupit-actavis-promethazin-sirup-online\/#breadcrumb","itemListElement":[{"@type":"ListItem","position":1,"name":"Home","item":"https:\/\/buy-prescriptionz.com\/"},{"@type":"ListItem","position":2,"name":"Shop Painkillers Online","item":"https:\/\/buy-prescriptionz.com\/shop-painkillers-online\/"},{"@type":"ListItem","position":3,"name":"Buy Actavis Promethazine Syrup Online"}]},{"@type":"WebSite","@id":"https:\/\/buy-prescriptionz.com\/#website","url":"https:\/\/buy-prescriptionz.com\/","name":"Buy Prescriptionz","description":"Drugs Online","publisher":{"@id":"https:\/\/buy-prescriptionz.com\/#organization"},"potentialAction":[{"@type":"SearchAction","target":{"@type":"EntryPoint","urlTemplate":"https:\/\/buy-prescriptionz.com\/?s={search_term_string}"},"query-input":{"@type":"PropertyValueSpecification","valueRequired":true,"valueName":"search_term_string"}}],"inLanguage":"nb-NO"},{"@type":"Organization","@id":"https:\/\/buy-prescriptionz.com\/#organization","name":"Buy Prescriptionz","url":"https:\/\/buy-prescriptionz.com\/","logo":{"@type":"ImageObject","inLanguage":"nb-NO","@id":"https:\/\/buy-prescriptionz.com\/#\/schema\/logo\/image\/","url":"https:\/\/buy-prescriptionz.com\/wp-content\/uploads\/2023\/09\/logo.png","contentUrl":"https:\/\/buy-prescriptionz.com\/wp-content\/uploads\/2023\/09\/logo.png","width":350,"height":64,"caption":"Buy Prescriptionz"},"image":{"@id":"https:\/\/buy-prescriptionz.com\/#\/schema\/logo\/image\/"}}]}},"_links":{"self":[{"href":"https:\/\/buy-prescriptionz.com\/nb\/wp-json\/wp\/v2\/product\/3001","targetHints":{"allow":["GET"]}}],"collection":[{"href":"https:\/\/buy-prescriptionz.com\/nb\/wp-json\/wp\/v2\/product"}],"about":[{"href":"https:\/\/buy-prescriptionz.com\/nb\/wp-json\/wp\/v2\/types\/product"}],"replies":[{"embeddable":true,"href":"https:\/\/buy-prescriptionz.com\/nb\/wp-json\/wp\/v2\/comments?post=3001"}],"wp:featuredmedia":[{"embeddable":true,"href":"https:\/\/buy-prescriptionz.com\/nb\/wp-json\/wp\/v2\/media\/3031"}],"wp:attachment":[{"href":"https:\/\/buy-prescriptionz.com\/nb\/wp-json\/wp\/v2\/media?parent=3001"}],"wp:term":[{"taxonomy":"product_brand","embeddable":true,"href":"https:\/\/buy-prescriptionz.com\/nb\/wp-json\/wp\/v2\/product_brand?post=3001"},{"taxonomy":"product_cat","embeddable":true,"href":"https:\/\/buy-prescriptionz.com\/nb\/wp-json\/wp\/v2\/product_cat?post=3001"},{"taxonomy":"product_tag","embeddable":true,"href":"https:\/\/buy-prescriptionz.com\/nb\/wp-json\/wp\/v2\/product_tag?post=3001"}],"curies":[{"name":"wp","href":"https:\/\/api.w.org\/{rel}","templated":true}]}}