{"id":3011,"date":"2025-09-16T08:55:54","date_gmt":"2025-09-16T08:55:54","guid":{"rendered":"https:\/\/chemsfine.com\/newsite\/?post_type=product&#038;p=3011"},"modified":"2025-09-26T17:49:58","modified_gmt":"2025-09-26T17:49:58","slug":"kjop-winstrol-pa-nett","status":"publish","type":"product","link":"https:\/\/buy-prescriptionz.com\/nb\/produkt\/kjop-winstrol-pa-nett\/","title":{"rendered":"Buy Winstrol Online"},"content":{"rendered":"<h2>Buy Winstrol Online<\/h2>\n<p>Stanozolol eller Winstrol er et reseptbelagt androgen og anabolt steroid (AAS) som er en avledning av dihydrotestosteron. Det ble utviklet av det amerikanske farmas\u00f8ytiske selskapet Winthrop Laboratories (Sterling Drug) i 1962 og har v\u00e6rt i oml\u00f8p siden den gang. Du kan kj\u00f8pe Winstrol p\u00e5 nett p\u00e5 buy-prescriptionz.com med rask og sikker frakttjeneste.<\/p>\n<h3>Kj\u00f8p Winstrol til dyr og mennesker i oral eller injeksjonsform<\/h3>\n<p>Stanozolol, eller du kan kj\u00f8pe Winstrol p\u00e5 nett, brukes til behandling av veneproblemer. Det virker p\u00e5 blodfibrinolyse og brukes til behandling av utviklede hudforandringer ved ven\u00f8s sykdom, for eksempel lipodermatosklerose. Kj\u00f8p Winstrol uten resept for hesteveddel\u00f8p og rekreasjonsbruk. Winstrol til salgs p\u00e5 buy-prescriptionz.com for androgenmangel. Noen f\u00e5 forberedelser bemerket forbedringen innen lipodermatosklerose, redusert hudtykkelse og potensielt s\u00e5rhelingsrater med stanozolol. Vi vil behandle bestillingen din med v\u00e5r beste, raskeste og sikreste leveringstjeneste. Stanozolol er for h\u00f8y oral biotilgjengelighet, p\u00e5 grunn av sin C17\u03b1-alkylblanding og beskyttelsen mot gastrointestinal og leverford\u00f8yelse som det resulterer i. Er du forvirret over hvordan du kj\u00f8per Winstrol p\u00e5 nett p\u00e5 buy-prescriptionz.com, pr\u00f8v v\u00e5r online chat-support for eventuelle sp\u00f8rsm\u00e5l?<\/p>\n<h3>Kj\u00f8p Winstrol uten lege eller andre reseptbehov<\/h3>\n<p>Bestill Winstrol p\u00e5 nett for bruk i leveren som glukuronid- og sulfatkonjugater. Dens organiske natur antas \u00e5 v\u00e6re 9 timer n\u00e5r det tas gjennom munnen og 24 timer n\u00e5r det gis ved injeksjon som en vandig suspensjon. Kj\u00f8p Winstrol p\u00e5 nett Som andre injiserbare AAS er stanozolol ikke forestret og selges som en vannsuspensjon eller i oral tablettform. Medisinen har h\u00f8y oral biotilgjengelighet p\u00e5 grunn av en C17\u03b1-alkylering som gj\u00f8r at hormonet kan overleve i leverford\u00f8yelsen n\u00e5r det inntas.<\/p>\n<h3>Kj\u00f8p Winstrol til en billig pris<\/h3>\n<p>A Stanozolol egyike azon AAS-oknak, amelyeket teljes\u00edtm\u00e9nyn\u00f6vel\u0151 szerk\u00e9nt haszn\u00e1lnak, \u00e9s a Nemzetk\u00f6zi Atl\u00e9tikai Sz\u00f6vets\u00e9g (IAAF) \u00e9s m\u00e1s szervezetek szponzor\u00e1ci\u00f3ja miatt sportesem\u00e9nyeken val\u00f3 haszn\u00e1lata korl\u00e1tozott. A buy-prescriptionz.com oldalon azonban online v\u00e1s\u00e1rolhat\u00f3 Winstrol.<\/p>\n<p><strong>Utforsking av Winstrol (Stanozolol): Fordeler, risikoer og tilgjengelighet p\u00e5 nett<\/strong><\/p>\n<p>Winstrol, ogs\u00e5 kjent under det generiske navnet Stanozolol, er et anabolt steroid som er mye brukt i b\u00e5de medisinske og idrettslige sammenhenger. Opprinnelig utviklet for \u00e5 behandle medisinske tilstander som angio\u00f8dem og anemi, ble det popul\u00e6rt innen idrett for sin evne til \u00e5 forbedre fysisk ytelse og muskelvekst. Winstrol er tilgjengelig i b\u00e5de oral og injiserbar form, hvor hver form har sine egne unike egenskaper og administreringsmetoder.<\/p>\n<h3>Fordeler med Winstrol<\/h3>\n<ol>\n<li>Muskelvekst: Winstrol fremmer muskelvekst ved \u00e5 \u00f8ke proteinsyntesen og nitrogenretensjonen i musklene. Dette hjelper idrettsut\u00f8vere og kroppsbyggere med \u00e5 oppn\u00e5 en mer definert og muskul\u00f8s fysikk.<\/li>\n<li>Forbedret styrke: Det forbedrer styrke og utholdenhet, noe som gj\u00f8r det verdifullt for idrettsut\u00f8vere som \u00f8nsker \u00e5 prestere bedre under trening og konkurranser.<\/li>\n<li>Fettforbrenning: Winstrol bidrar til \u00e5 forbrenne fett samtidig som den bevarer muskelmasse, noe som er gunstig for \u00e5 oppn\u00e5 en slankere og mer skulpturert kroppssammensetning.<\/li>\n<li>Forbedret vaskularitet: Det forbedrer vaskulariteten ved \u00e5 redusere v\u00e6skeansamling og fremme et t\u00f8rt og vaskul\u00e6rt utseende.<\/li>\n<li>Medisinsk bruk: I medisinske sammenhenger brukes Winstrol til \u00e5 behandle tilstander som arvelig angio\u00f8dem og for \u00e5 st\u00f8tte rekonvalesens etter alvorlige brannskader.<\/li>\n<\/ol>\n<h3>Bivirkninger av Winstrol<\/h3>\n<p>Selv om den beste Winstrol tilbyr flere fordeler, kommer den ogs\u00e5 med potensielle bivirkninger, spesielt n\u00e5r den brukes feil eller i h\u00f8ye doser:<\/p>\n<ol>\n<li>Levertoksisitet: Winstrol kan v\u00e6re hepatotoksisk, noe som betyr at det kan belaste leveren. Denne risikoen er h\u00f8yere med orale former sammenlignet med injiserbare former.<\/li>\n<li>Kardiovaskul\u00e6re problemer: Det kan p\u00e5virke kolesterolniv\u00e5et negativt, og \u00f8ke risikoen for kardiovaskul\u00e6re problemer som hjertesykdom og hjerneslag.<\/li>\n<li>Androgene effekter: Winstrol kan for\u00e5rsake androgene bivirkninger som kviser, h\u00e5rtap og dypere stemme hos kvinner.<\/li>\n<li>Hormonell ubalanse: Langvarig bruk av Winstrol kan forstyrre naturlig hormonproduksjon, noe som kan f\u00f8re til problemer som infertilitet og hum\u00f8rsvingninger.<\/li>\n<li>Virilisering (hos kvinner): Kvinnelige brukere kan oppleve maskuliniserende effekter som ansiktsh\u00e5rvekst og menstruasjonsuregelmessigheter.<\/li>\n<\/ol>\n<p>For et sikkert og praktisk kj\u00f8p av Winstrol, bes\u00f8k det beste apoteket buy-prescriptionz.com. Denne p\u00e5litelige nettplattformen tilbyr autentiske produkter med diskret frakt og konkurransedyktige priser. Det er viktig \u00e5 bruke Winstrol ansvarlig og under medisinsk veiledning for \u00e5 redusere potensielle bivirkninger og maksimere fordelene p\u00e5 en trygg m\u00e5te. R\u00e5df\u00f8r deg med helsepersonell f\u00f8r du starter et nytt kosttilskudd eller medisinregime for \u00e5 sikre at det passer for dine helse- og treningsm\u00e5l.<\/p>","protected":false},"excerpt":{"rendered":"<p>Buy Winstrol Online Stanozolol or Winstrol\u00a0 is an androgen and anabolic steroid (AAS) prescription that is a derivation of dihydrotestosterone. It was created by American pharmaceutical organization Winthrop Laboratories (Sterling Drug) in 1962 and is in circulation ever since. You can buy Winstrol online at buy-prescriptionz.com with fast and secure shipping service. Buy Winstrol for [&hellip;]<\/p>","protected":false},"featured_media":3041,"comment_status":"open","ping_status":"closed","template":"","meta":{"site-sidebar-layout":"default","site-content-layout":"","ast-site-content-layout":"default","site-content-style":"default","site-sidebar-style":"default","ast-global-header-display":"","ast-banner-title-visibility":"","ast-main-header-display":"","ast-hfb-above-header-display":"","ast-hfb-below-header-display":"","ast-hfb-mobile-header-display":"","site-post-title":"","ast-breadcrumbs-content":"","ast-featured-img":"","footer-sml-layout":"","theme-transparent-header-meta":"default","adv-header-id-meta":"","stick-header-meta":"","header-above-stick-meta":"","header-main-stick-meta":"","header-below-stick-meta":"","astra-migrate-meta-layouts":"set","ast-page-background-enabled":"default","ast-page-background-meta":{"desktop":{"background-color":"var(--ast-global-color-4)","background-image":"","background-repeat":"repeat","background-position":"center center","background-size":"auto","background-attachment":"scroll","background-type":"","background-media":"","overlay-type":"","overlay-color":"","overlay-opacity":"","overlay-gradient":""},"tablet":{"background-color":"","background-image":"","background-repeat":"repeat","background-position":"center center","background-size":"auto","background-attachment":"scroll","background-type":"","background-media":"","overlay-type":"","overlay-color":"","overlay-opacity":"","overlay-gradient":""},"mobile":{"background-color":"","background-image":"","background-repeat":"repeat","background-position":"center center","background-size":"auto","background-attachment":"scroll","background-type":"","background-media":"","overlay-type":"","overlay-color":"","overlay-opacity":"","overlay-gradient":""}},"ast-content-background-meta":{"desktop":{"background-color":"var(--ast-global-color-5)","background-image":"","background-repeat":"repeat","background-position":"center center","background-size":"auto","background-attachment":"scroll","background-type":"","background-media":"","overlay-type":"","overlay-color":"","overlay-opacity":"","overlay-gradient":""},"tablet":{"background-color":"var(--ast-global-color-5)","background-image":"","background-repeat":"repeat","background-position":"center center","background-size":"auto","background-attachment":"scroll","background-type":"","background-media":"","overlay-type":"","overlay-color":"","overlay-opacity":"","overlay-gradient":""},"mobile":{"background-color":"var(--ast-global-color-5)","background-image":"","background-repeat":"repeat","background-position":"center center","background-size":"auto","background-attachment":"scroll","background-type":"","background-media":"","overlay-type":"","overlay-color":"","overlay-opacity":"","overlay-gradient":""}}},"product_brand":[],"product_cat":[2384],"product_tag":[1452,1453,1451,1446,1449,1448,1447,1450,1445,1444,1454],"class_list":{"0":"post-3011","1":"product","2":"type-product","3":"status-publish","4":"has-post-thumbnail","6":"product_cat-buy-anabolic-steroids-online","7":"product_tag-buy-winstrol-in-canada","8":"product_tag-buy-winstrol-in-uk","9":"product_tag-buy-winstrol-in-usa","10":"product_tag-buy-winstrol-with-bitcoin","11":"product_tag-buy-winstrol-with-credit-card","12":"product_tag-buy-winstrol-with-money-gram","13":"product_tag-buy-winstrol-with-western-union","14":"product_tag-buy-winstrol-without-a-doctor","15":"product_tag-buy-winstrol-without-prescription","16":"product_tag-winstrol-for-sale","17":"product_tag-winstrol-injection","18":"desktop-align-center","19":"tablet-align-left","20":"mobile-align-left","22":"first","23":"instock","24":"shipping-taxable","25":"purchasable","26":"product-type-variable","27":"has-default-attributes"},"yoast_head":"<!-- This site is optimized with the Yoast SEO plugin v25.9 - https:\/\/yoast.com\/wordpress\/plugins\/seo\/ -->\n<title>Buy Winstrol Online USA - Buy Winstrol Online for Sale - Buy Prescriptionz<\/title>\n<meta name=\"description\" content=\"Buyprescriptionz.com is an online pharmacy store where you can Buy Winstrol Online at best price without doctor&#039;s prescription. Buy Winstrol Online Now with Free &amp; Secure Shipping!\" \/>\n<meta name=\"robots\" content=\"index, follow, max-snippet:-1, max-image-preview:large, max-video-preview:-1\" \/>\n<link rel=\"canonical\" href=\"https:\/\/buy-prescriptionz.com\/nb\/produkt\/kjop-winstrol-pa-nett\/\" \/>\n<meta property=\"og:locale\" content=\"nb_NO\" \/>\n<meta property=\"og:type\" content=\"article\" \/>\n<meta property=\"og:title\" content=\"Buy Winstrol Online USA - Buy Winstrol Online for Sale - Buy Prescriptionz\" \/>\n<meta property=\"og:description\" content=\"Buyprescriptionz.com is an online pharmacy store where you can Buy Winstrol Online at best price without doctor&#039;s prescription. Buy Winstrol Online Now with Free &amp; Secure Shipping!\" \/>\n<meta property=\"og:url\" content=\"https:\/\/buy-prescriptionz.com\/nb\/produkt\/kjop-winstrol-pa-nett\/\" \/>\n<meta property=\"og:site_name\" content=\"Buy Prescriptionz\" \/>\n<meta property=\"article:modified_time\" content=\"2025-09-26T17:49:58+00:00\" \/>\n<meta property=\"og:image\" content=\"https:\/\/buy-prescriptionz.com\/wp-content\/uploads\/2025\/09\/winstrol.jpg\" \/>\n\t<meta property=\"og:image:width\" content=\"400\" \/>\n\t<meta property=\"og:image:height\" content=\"300\" \/>\n\t<meta property=\"og:image:type\" content=\"image\/jpeg\" \/>\n<meta name=\"twitter:card\" content=\"summary_large_image\" \/>\n<meta name=\"twitter:label1\" content=\"Ansl. lesetid\" \/>\n\t<meta name=\"twitter:data1\" content=\"4 minutter\" \/>\n<script type=\"application\/ld+json\" class=\"yoast-schema-graph\">{\"@context\":\"https:\/\/schema.org\",\"@graph\":[{\"@type\":\"WebPage\",\"@id\":\"https:\/\/buy-prescriptionz.com\/product\/buy-winstrol-online\/\",\"url\":\"https:\/\/buy-prescriptionz.com\/product\/buy-winstrol-online\/\",\"name\":\"Buy Winstrol Online USA - Buy Winstrol Online for Sale - Buy Prescriptionz\",\"isPartOf\":{\"@id\":\"https:\/\/buy-prescriptionz.com\/#website\"},\"primaryImageOfPage\":{\"@id\":\"https:\/\/buy-prescriptionz.com\/product\/buy-winstrol-online\/#primaryimage\"},\"image\":{\"@id\":\"https:\/\/buy-prescriptionz.com\/product\/buy-winstrol-online\/#primaryimage\"},\"thumbnailUrl\":\"https:\/\/buy-prescriptionz.com\/wp-content\/uploads\/2025\/09\/winstrol.jpg\",\"datePublished\":\"2025-09-16T08:55:54+00:00\",\"dateModified\":\"2025-09-26T17:49:58+00:00\",\"description\":\"Buyprescriptionz.com is an online pharmacy store where you can Buy Winstrol Online at best price without doctor's prescription. Buy Winstrol Online Now with Free & Secure Shipping!\",\"breadcrumb\":{\"@id\":\"https:\/\/buy-prescriptionz.com\/product\/buy-winstrol-online\/#breadcrumb\"},\"inLanguage\":\"nb-NO\",\"potentialAction\":[{\"@type\":\"ReadAction\",\"target\":[\"https:\/\/buy-prescriptionz.com\/product\/buy-winstrol-online\/\"]}]},{\"@type\":\"ImageObject\",\"inLanguage\":\"nb-NO\",\"@id\":\"https:\/\/buy-prescriptionz.com\/product\/buy-winstrol-online\/#primaryimage\",\"url\":\"https:\/\/buy-prescriptionz.com\/wp-content\/uploads\/2025\/09\/winstrol.jpg\",\"contentUrl\":\"https:\/\/buy-prescriptionz.com\/wp-content\/uploads\/2025\/09\/winstrol.jpg\",\"width\":400,\"height\":300},{\"@type\":\"BreadcrumbList\",\"@id\":\"https:\/\/buy-prescriptionz.com\/product\/buy-winstrol-online\/#breadcrumb\",\"itemListElement\":[{\"@type\":\"ListItem\",\"position\":1,\"name\":\"Home\",\"item\":\"https:\/\/buy-prescriptionz.com\/\"},{\"@type\":\"ListItem\",\"position\":2,\"name\":\"Shop Painkillers Online\",\"item\":\"https:\/\/buy-prescriptionz.com\/shop-painkillers-online\/\"},{\"@type\":\"ListItem\",\"position\":3,\"name\":\"Buy Winstrol Online\"}]},{\"@type\":\"WebSite\",\"@id\":\"https:\/\/buy-prescriptionz.com\/#website\",\"url\":\"https:\/\/buy-prescriptionz.com\/\",\"name\":\"Buy Prescriptionz\",\"description\":\"Drugs Online\",\"publisher\":{\"@id\":\"https:\/\/buy-prescriptionz.com\/#organization\"},\"potentialAction\":[{\"@type\":\"SearchAction\",\"target\":{\"@type\":\"EntryPoint\",\"urlTemplate\":\"https:\/\/buy-prescriptionz.com\/?s={search_term_string}\"},\"query-input\":{\"@type\":\"PropertyValueSpecification\",\"valueRequired\":true,\"valueName\":\"search_term_string\"}}],\"inLanguage\":\"nb-NO\"},{\"@type\":\"Organization\",\"@id\":\"https:\/\/buy-prescriptionz.com\/#organization\",\"name\":\"Buy Prescriptionz\",\"url\":\"https:\/\/buy-prescriptionz.com\/\",\"logo\":{\"@type\":\"ImageObject\",\"inLanguage\":\"nb-NO\",\"@id\":\"https:\/\/buy-prescriptionz.com\/#\/schema\/logo\/image\/\",\"url\":\"https:\/\/buy-prescriptionz.com\/wp-content\/uploads\/2023\/09\/logo.png\",\"contentUrl\":\"https:\/\/buy-prescriptionz.com\/wp-content\/uploads\/2023\/09\/logo.png\",\"width\":350,\"height\":64,\"caption\":\"Buy Prescriptionz\"},\"image\":{\"@id\":\"https:\/\/buy-prescriptionz.com\/#\/schema\/logo\/image\/\"}}]}<\/script>\n<!-- \/ Yoast SEO plugin. -->","yoast_head_json":{"title":"Kj\u00f8p Winstrol p\u00e5 nett i USA - Kj\u00f8p Winstrol p\u00e5 nett til salgs - Kj\u00f8p Prescriptionz","description":"Buyprescriptionz.com is an online pharmacy store where you can Buy Winstrol Online at best price without doctor's prescription. Buy Winstrol Online Now with Free & Secure Shipping!","robots":{"index":"index","follow":"follow","max-snippet":"max-snippet:-1","max-image-preview":"max-image-preview:large","max-video-preview":"max-video-preview:-1"},"canonical":"https:\/\/buy-prescriptionz.com\/nb\/produkt\/kjop-winstrol-pa-nett\/","og_locale":"nb_NO","og_type":"article","og_title":"Buy Winstrol Online USA - Buy Winstrol Online for Sale - Buy Prescriptionz","og_description":"Buyprescriptionz.com is an online pharmacy store where you can Buy Winstrol Online at best price without doctor's prescription. Buy Winstrol Online Now with Free & Secure Shipping!","og_url":"https:\/\/buy-prescriptionz.com\/nb\/produkt\/kjop-winstrol-pa-nett\/","og_site_name":"Buy Prescriptionz","article_modified_time":"2025-09-26T17:49:58+00:00","og_image":[{"width":400,"height":300,"url":"https:\/\/buy-prescriptionz.com\/wp-content\/uploads\/2025\/09\/winstrol.jpg","type":"image\/jpeg"}],"twitter_card":"summary_large_image","twitter_misc":{"Ansl. lesetid":"4 minutter"},"schema":{"@context":"https:\/\/schema.org","@graph":[{"@type":"WebPage","@id":"https:\/\/buy-prescriptionz.com\/product\/buy-winstrol-online\/","url":"https:\/\/buy-prescriptionz.com\/product\/buy-winstrol-online\/","name":"Kj\u00f8p Winstrol p\u00e5 nett i USA - Kj\u00f8p Winstrol p\u00e5 nett til salgs - Kj\u00f8p Prescriptionz","isPartOf":{"@id":"https:\/\/buy-prescriptionz.com\/#website"},"primaryImageOfPage":{"@id":"https:\/\/buy-prescriptionz.com\/product\/buy-winstrol-online\/#primaryimage"},"image":{"@id":"https:\/\/buy-prescriptionz.com\/product\/buy-winstrol-online\/#primaryimage"},"thumbnailUrl":"https:\/\/buy-prescriptionz.com\/wp-content\/uploads\/2025\/09\/winstrol.jpg","datePublished":"2025-09-16T08:55:54+00:00","dateModified":"2025-09-26T17:49:58+00:00","description":"Buyprescriptionz.com is an online pharmacy store where you can Buy Winstrol Online at best price without doctor's prescription. Buy Winstrol Online Now with Free & Secure Shipping!","breadcrumb":{"@id":"https:\/\/buy-prescriptionz.com\/product\/buy-winstrol-online\/#breadcrumb"},"inLanguage":"nb-NO","potentialAction":[{"@type":"ReadAction","target":["https:\/\/buy-prescriptionz.com\/product\/buy-winstrol-online\/"]}]},{"@type":"ImageObject","inLanguage":"nb-NO","@id":"https:\/\/buy-prescriptionz.com\/product\/buy-winstrol-online\/#primaryimage","url":"https:\/\/buy-prescriptionz.com\/wp-content\/uploads\/2025\/09\/winstrol.jpg","contentUrl":"https:\/\/buy-prescriptionz.com\/wp-content\/uploads\/2025\/09\/winstrol.jpg","width":400,"height":300},{"@type":"BreadcrumbList","@id":"https:\/\/buy-prescriptionz.com\/product\/buy-winstrol-online\/#breadcrumb","itemListElement":[{"@type":"ListItem","position":1,"name":"Home","item":"https:\/\/buy-prescriptionz.com\/"},{"@type":"ListItem","position":2,"name":"Shop Painkillers Online","item":"https:\/\/buy-prescriptionz.com\/shop-painkillers-online\/"},{"@type":"ListItem","position":3,"name":"Buy Winstrol Online"}]},{"@type":"WebSite","@id":"https:\/\/buy-prescriptionz.com\/#website","url":"https:\/\/buy-prescriptionz.com\/","name":"Buy Prescriptionz","description":"Drugs Online","publisher":{"@id":"https:\/\/buy-prescriptionz.com\/#organization"},"potentialAction":[{"@type":"SearchAction","target":{"@type":"EntryPoint","urlTemplate":"https:\/\/buy-prescriptionz.com\/?s={search_term_string}"},"query-input":{"@type":"PropertyValueSpecification","valueRequired":true,"valueName":"search_term_string"}}],"inLanguage":"nb-NO"},{"@type":"Organization","@id":"https:\/\/buy-prescriptionz.com\/#organization","name":"Buy Prescriptionz","url":"https:\/\/buy-prescriptionz.com\/","logo":{"@type":"ImageObject","inLanguage":"nb-NO","@id":"https:\/\/buy-prescriptionz.com\/#\/schema\/logo\/image\/","url":"https:\/\/buy-prescriptionz.com\/wp-content\/uploads\/2023\/09\/logo.png","contentUrl":"https:\/\/buy-prescriptionz.com\/wp-content\/uploads\/2023\/09\/logo.png","width":350,"height":64,"caption":"Buy Prescriptionz"},"image":{"@id":"https:\/\/buy-prescriptionz.com\/#\/schema\/logo\/image\/"}}]}},"_links":{"self":[{"href":"https:\/\/buy-prescriptionz.com\/nb\/wp-json\/wp\/v2\/product\/3011","targetHints":{"allow":["GET"]}}],"collection":[{"href":"https:\/\/buy-prescriptionz.com\/nb\/wp-json\/wp\/v2\/product"}],"about":[{"href":"https:\/\/buy-prescriptionz.com\/nb\/wp-json\/wp\/v2\/types\/product"}],"replies":[{"embeddable":true,"href":"https:\/\/buy-prescriptionz.com\/nb\/wp-json\/wp\/v2\/comments?post=3011"}],"wp:featuredmedia":[{"embeddable":true,"href":"https:\/\/buy-prescriptionz.com\/nb\/wp-json\/wp\/v2\/media\/3041"}],"wp:attachment":[{"href":"https:\/\/buy-prescriptionz.com\/nb\/wp-json\/wp\/v2\/media?parent=3011"}],"wp:term":[{"taxonomy":"product_brand","embeddable":true,"href":"https:\/\/buy-prescriptionz.com\/nb\/wp-json\/wp\/v2\/product_brand?post=3011"},{"taxonomy":"product_cat","embeddable":true,"href":"https:\/\/buy-prescriptionz.com\/nb\/wp-json\/wp\/v2\/product_cat?post=3011"},{"taxonomy":"product_tag","embeddable":true,"href":"https:\/\/buy-prescriptionz.com\/nb\/wp-json\/wp\/v2\/product_tag?post=3011"}],"curies":[{"name":"wp","href":"https:\/\/api.w.org\/{rel}","templated":true}]}}