{"id":3043,"date":"2025-09-16T08:56:08","date_gmt":"2025-09-16T08:56:08","guid":{"rendered":"https:\/\/chemsfine.com\/newsite\/?post_type=product&#038;p=3043"},"modified":"2025-09-27T11:46:54","modified_gmt":"2025-09-27T11:46:54","slug":"kjop-propionat-pa-nett","status":"publish","type":"product","link":"https:\/\/buy-prescriptionz.com\/nb\/produkt\/kjop-propionat-pa-nett\/","title":{"rendered":"Buy Propionate Online"},"content":{"rendered":"<h2>Buy Propionate Online<\/h2>\n<p>Kj\u00f8p propionat p\u00e5 nett, testosteronpropionat eller propionat er et androgen- og anabolt steroid p\u00e5 resept for behandling av lave testosteronniv\u00e5er hos menn. Kj\u00f8p propionat 100 mg for \u00e5 behandle brystkreftvekst hos kvinner p\u00e5 buy-prescriptionz.com.<\/p>\n<h3>Propionat 100 mg p\u00e5 nett for \u00e5 \u00f8ke testosteron i kroppen<\/h3>\n<p>Propionat 100 mg til salgs som en langtidsvirkende testosteronester som testosteron enantat, testosteron cypionat og testosteron undekanoat, og testosteron propionat ble utviklet p\u00e5 1950-tallet. \u00d8nsker du \u00e5 vite hvordan du kj\u00f8per Propionat 100 mg p\u00e5 nett, men har ikke funnet buy-prescriptionz.com? N\u00e5 vet du hvor du kan kj\u00f8pe Propionat 100 mg p\u00e5 nett. Skaff deg en trygg og behold medisinen din hvor som helst i USA.<\/p>\n<h3>Kj\u00f8p propionat 100 mg uten resept<\/h3>\n<p>Medisinen er et laboratorieprodusert androgen og anabolt steroid, og er en agonist av androgenreseptoren, den organiske naturen til androgener som testosteron og dihydrotestosteron. Hos buy-prescriptionz.com kan du kj\u00f8pe Propionate 100 mg uten legehjelp med rask og sikker frakttjeneste. Testosteronpropionat er for androgensubstitusjonsbehandling. Det er for behandling av hypogonadisme hos menn, brystkreftvekst, lav seksuallyst, sen pubertet hos unge menn og menopausale symptomer hos kvinner. Kj\u00f8p Propionate 100 mg til en billig pris for b\u00e5de kvinner og menn.<\/p>\n<h3>Kj\u00f8p propionat p\u00e5 nett: Oversikt, fordeler og bivirkninger<\/h3>\n<p>Propionat er en form for testosteron som brukes i hormonbehandling (HRT) for menn med lave testosteronniv\u00e5er. Det brukes ogs\u00e5 av kroppsbyggere og idrettsut\u00f8vere for \u00e5 forbedre muskelmasse og ytelse p\u00e5 grunn av dets hurtigvirkende natur.<\/p>\n<h4>Fordeler med propionat<\/h4>\n<ol>\n<li>Testosteronerstatning: Det beste propionatet bidrar til \u00e5 gjenopprette testosteronniv\u00e5ene hos menn med hypogonadisme eller andre testosteronmangeltilstander, noe som forbedrer libido, energiniv\u00e5 og generell velv\u00e6re.<\/li>\n<li>Muskelvekst: Det fremmer muskelvekst og -utvikling ved \u00e5 forbedre proteinsyntesen og nitrogenretensjonen i musklene, noe som legger til rette for raskere restitusjon og muskelreparasjon etter trening.<\/li>\n<li>\u00d8kt styrke: Brukere opplever ofte \u00f8kt styrke og utholdenhet, noe som gir mulighet for mer intense og produktive trenings\u00f8kter.<\/li>\n<li>Forbedret bentetthet: Testosteron, inkludert propionat, bidrar til \u00e5 opprettholde bentettheten, noe som reduserer risikoen for osteoporose og brudd.<\/li>\n<\/ol>\n<h4>Bivirkninger av propionat<\/h4>\n<ol>\n<li>Androgene effekter: Propionat kan for\u00e5rsake androgene bivirkninger som kviser, fet hud og \u00f8kt ansikts-\/kroppsh\u00e5rvekst.<\/li>\n<li>Kardiovaskul\u00e6re problemer: Det kan p\u00e5virke kolesterolniv\u00e5et negativt, og \u00f8ke risikoen for kardiovaskul\u00e6re problemer som hjertesykdom og hjerneslag.<\/li>\n<li>Undertrykkelse av naturlig testosteron: Langvarig bruk av propionat kan undertrykke kroppens naturlige testosteronproduksjon, noe som f\u00f8rer til avhengighet av eksternt testosteron.<\/li>\n<li>Hum\u00f8rsvingninger: Noen brukere kan oppleve hum\u00f8rsvingninger, irritabilitet eller aggresjon.<\/li>\n<li>Potensial for misbruk: Som alle testosteronderivater har propionat potensial for misbruk og feilbruk, noe som kan f\u00f8re til alvorlige helsekonsekvenser.<\/li>\n<\/ol>\n<p>Propionat b\u00f8r brukes under medisinsk tilsyn, med doseringer tilpasset individuelle behov og tilstander. Det er viktig \u00e5 overv\u00e5ke testosteronniv\u00e5er, hematokrit og lipidprofiler regelmessig under behandlingen. For autentiske og p\u00e5litelige kilder til propionat, bes\u00f8k et av de beste apotekene buy-prescriptionz.com. De sikrer kvalitet og sikker levering av medisiner.<\/p>\n<h3>Kj\u00f8p Propionat 100 mg med diskret emballasje<\/h3>\n<p>Bestill Propionat 100 mg p\u00e5 nett p\u00e5 grunn av dets androgene effekter og moderate anabole effekter, som gj\u00f8r det verdifullt for \u00e5 oppn\u00e5 maskulinisering og egnet for androgensubstitusjonsterapi. Testosteronpropionat er en testosteronester og et korttidsvirkende prodrug av testosteron i kroppen. Kj\u00f8p Propionat 100 mg p\u00e5 nett i hvilken som helst mengde du m\u00e5tte trenge for behandling eller \u00f8kning av sexlyst. Dette legemidlet vil behandle dine sexproblemer, ereksjonsproblemer og den psykologiske sexprosessen. Testosteronpropionat er tilgjengelig med rask og sikker leveringstjeneste p\u00e5 buy-prescriptionz.com som anvist i olje gjennom intramuskul\u00e6r injeksjon. Det har en moderat kort tid p\u00e5 0,8 dager og 1,5 dager i kroppen for \u00e5 virke. Det har en kortvarig virkningstid og m\u00e5 reguleres et par ganger i uken.<\/p>","protected":false},"excerpt":{"rendered":"<p>Buy Propionate Online Buy Propionate Online,Testosterone Propionate or Propionate is an androgen and anabolic steroid prescription for the treatment of low testosterone levels in men. Buy Propionate 100 mg to treat breast cancer growth in women at buy-prescriptionz.com. Propionate 100 mg online to increase testosterone in the body Propionate 100 mg for sale as a [&hellip;]<\/p>","protected":false},"featured_media":3073,"comment_status":"open","ping_status":"closed","template":"","meta":{"site-sidebar-layout":"default","site-content-layout":"","ast-site-content-layout":"default","site-content-style":"default","site-sidebar-style":"default","ast-global-header-display":"","ast-banner-title-visibility":"","ast-main-header-display":"","ast-hfb-above-header-display":"","ast-hfb-below-header-display":"","ast-hfb-mobile-header-display":"","site-post-title":"","ast-breadcrumbs-content":"","ast-featured-img":"","footer-sml-layout":"","theme-transparent-header-meta":"default","adv-header-id-meta":"","stick-header-meta":"","header-above-stick-meta":"","header-main-stick-meta":"","header-below-stick-meta":"","astra-migrate-meta-layouts":"set","ast-page-background-enabled":"default","ast-page-background-meta":{"desktop":{"background-color":"var(--ast-global-color-4)","background-image":"","background-repeat":"repeat","background-position":"center center","background-size":"auto","background-attachment":"scroll","background-type":"","background-media":"","overlay-type":"","overlay-color":"","overlay-opacity":"","overlay-gradient":""},"tablet":{"background-color":"","background-image":"","background-repeat":"repeat","background-position":"center center","background-size":"auto","background-attachment":"scroll","background-type":"","background-media":"","overlay-type":"","overlay-color":"","overlay-opacity":"","overlay-gradient":""},"mobile":{"background-color":"","background-image":"","background-repeat":"repeat","background-position":"center center","background-size":"auto","background-attachment":"scroll","background-type":"","background-media":"","overlay-type":"","overlay-color":"","overlay-opacity":"","overlay-gradient":""}},"ast-content-background-meta":{"desktop":{"background-color":"var(--ast-global-color-5)","background-image":"","background-repeat":"repeat","background-position":"center center","background-size":"auto","background-attachment":"scroll","background-type":"","background-media":"","overlay-type":"","overlay-color":"","overlay-opacity":"","overlay-gradient":""},"tablet":{"background-color":"var(--ast-global-color-5)","background-image":"","background-repeat":"repeat","background-position":"center center","background-size":"auto","background-attachment":"scroll","background-type":"","background-media":"","overlay-type":"","overlay-color":"","overlay-opacity":"","overlay-gradient":""},"mobile":{"background-color":"var(--ast-global-color-5)","background-image":"","background-repeat":"repeat","background-position":"center center","background-size":"auto","background-attachment":"scroll","background-type":"","background-media":"","overlay-type":"","overlay-color":"","overlay-opacity":"","overlay-gradient":""}}},"product_brand":[],"product_cat":[2384],"product_tag":[1313,1314,1312,1307,1310,1309,1308,1311,1306,1305,1315],"class_list":{"0":"post-3043","1":"product","2":"type-product","3":"status-publish","4":"has-post-thumbnail","6":"product_cat-buy-anabolic-steroids-online","7":"product_tag-buy-propionate-in-canada","8":"product_tag-buy-propionate-in-uk","9":"product_tag-buy-propionate-in-usa","10":"product_tag-buy-propionate-with-bitcoin","11":"product_tag-buy-propionate-with-credit-card","12":"product_tag-buy-propionate-with-money-gram","13":"product_tag-buy-propionate-with-western-union","14":"product_tag-buy-propionate-without-a-doctor","15":"product_tag-buy-propionate-without-prescription","16":"product_tag-propionate-for-sale","17":"product_tag-propionate-injection","18":"desktop-align-center","19":"tablet-align-left","20":"mobile-align-left","22":"first","23":"instock","24":"shipping-taxable","25":"purchasable","26":"product-type-variable","27":"has-default-attributes"},"yoast_head":"<!-- This site is optimized with the Yoast SEO plugin v25.9 - https:\/\/yoast.com\/wordpress\/plugins\/seo\/ -->\n<title>Buy Propionate Online - Propionate for Sale<\/title>\n<meta name=\"description\" content=\"Our store has the top quality Propionate for sale. You can never get over the quality of our products. If you need then, You can buy Propionate online right away. Order now!\" \/>\n<meta name=\"robots\" content=\"index, follow, max-snippet:-1, max-image-preview:large, max-video-preview:-1\" \/>\n<link rel=\"canonical\" href=\"https:\/\/buy-prescriptionz.com\/nb\/produkt\/kjop-propionat-pa-nett\/\" \/>\n<meta property=\"og:locale\" content=\"nb_NO\" \/>\n<meta property=\"og:type\" content=\"article\" \/>\n<meta property=\"og:title\" content=\"Buy Propionate Online - Propionate for Sale\" \/>\n<meta property=\"og:description\" content=\"Our store has the top quality Propionate for sale. You can never get over the quality of our products. If you need then, You can buy Propionate online right away. Order now!\" \/>\n<meta property=\"og:url\" content=\"https:\/\/buy-prescriptionz.com\/nb\/produkt\/kjop-propionat-pa-nett\/\" \/>\n<meta property=\"og:site_name\" content=\"Buy Prescriptionz\" \/>\n<meta property=\"article:modified_time\" content=\"2025-09-27T11:46:54+00:00\" \/>\n<meta property=\"og:image\" content=\"https:\/\/buy-prescriptionz.com\/wp-content\/uploads\/2025\/09\/propionate.jpg\" \/>\n\t<meta property=\"og:image:width\" content=\"400\" \/>\n\t<meta property=\"og:image:height\" content=\"300\" \/>\n\t<meta property=\"og:image:type\" content=\"image\/jpeg\" \/>\n<meta name=\"twitter:card\" content=\"summary_large_image\" \/>\n<meta name=\"twitter:label1\" content=\"Ansl. lesetid\" \/>\n\t<meta name=\"twitter:data1\" content=\"3 minutter\" \/>\n<script type=\"application\/ld+json\" class=\"yoast-schema-graph\">{\"@context\":\"https:\/\/schema.org\",\"@graph\":[{\"@type\":\"WebPage\",\"@id\":\"https:\/\/buy-prescriptionz.com\/product\/buy-propionate-online\/\",\"url\":\"https:\/\/buy-prescriptionz.com\/product\/buy-propionate-online\/\",\"name\":\"Buy Propionate Online - Propionate for Sale\",\"isPartOf\":{\"@id\":\"https:\/\/buy-prescriptionz.com\/#website\"},\"primaryImageOfPage\":{\"@id\":\"https:\/\/buy-prescriptionz.com\/product\/buy-propionate-online\/#primaryimage\"},\"image\":{\"@id\":\"https:\/\/buy-prescriptionz.com\/product\/buy-propionate-online\/#primaryimage\"},\"thumbnailUrl\":\"https:\/\/buy-prescriptionz.com\/wp-content\/uploads\/2025\/09\/propionate.jpg\",\"datePublished\":\"2025-09-16T08:56:08+00:00\",\"dateModified\":\"2025-09-27T11:46:54+00:00\",\"description\":\"Our store has the top quality Propionate for sale. You can never get over the quality of our products. If you need then, You can buy Propionate online right away. Order now!\",\"breadcrumb\":{\"@id\":\"https:\/\/buy-prescriptionz.com\/product\/buy-propionate-online\/#breadcrumb\"},\"inLanguage\":\"nb-NO\",\"potentialAction\":[{\"@type\":\"ReadAction\",\"target\":[\"https:\/\/buy-prescriptionz.com\/product\/buy-propionate-online\/\"]}]},{\"@type\":\"ImageObject\",\"inLanguage\":\"nb-NO\",\"@id\":\"https:\/\/buy-prescriptionz.com\/product\/buy-propionate-online\/#primaryimage\",\"url\":\"https:\/\/buy-prescriptionz.com\/wp-content\/uploads\/2025\/09\/propionate.jpg\",\"contentUrl\":\"https:\/\/buy-prescriptionz.com\/wp-content\/uploads\/2025\/09\/propionate.jpg\",\"width\":400,\"height\":300},{\"@type\":\"BreadcrumbList\",\"@id\":\"https:\/\/buy-prescriptionz.com\/product\/buy-propionate-online\/#breadcrumb\",\"itemListElement\":[{\"@type\":\"ListItem\",\"position\":1,\"name\":\"Home\",\"item\":\"https:\/\/buy-prescriptionz.com\/\"},{\"@type\":\"ListItem\",\"position\":2,\"name\":\"Shop Painkillers Online\",\"item\":\"https:\/\/buy-prescriptionz.com\/shop-painkillers-online\/\"},{\"@type\":\"ListItem\",\"position\":3,\"name\":\"Buy Propionate Online\"}]},{\"@type\":\"WebSite\",\"@id\":\"https:\/\/buy-prescriptionz.com\/#website\",\"url\":\"https:\/\/buy-prescriptionz.com\/\",\"name\":\"Buy Prescriptionz\",\"description\":\"Drugs Online\",\"publisher\":{\"@id\":\"https:\/\/buy-prescriptionz.com\/#organization\"},\"potentialAction\":[{\"@type\":\"SearchAction\",\"target\":{\"@type\":\"EntryPoint\",\"urlTemplate\":\"https:\/\/buy-prescriptionz.com\/?s={search_term_string}\"},\"query-input\":{\"@type\":\"PropertyValueSpecification\",\"valueRequired\":true,\"valueName\":\"search_term_string\"}}],\"inLanguage\":\"nb-NO\"},{\"@type\":\"Organization\",\"@id\":\"https:\/\/buy-prescriptionz.com\/#organization\",\"name\":\"Buy Prescriptionz\",\"url\":\"https:\/\/buy-prescriptionz.com\/\",\"logo\":{\"@type\":\"ImageObject\",\"inLanguage\":\"nb-NO\",\"@id\":\"https:\/\/buy-prescriptionz.com\/#\/schema\/logo\/image\/\",\"url\":\"https:\/\/buy-prescriptionz.com\/wp-content\/uploads\/2023\/09\/logo.png\",\"contentUrl\":\"https:\/\/buy-prescriptionz.com\/wp-content\/uploads\/2023\/09\/logo.png\",\"width\":350,\"height\":64,\"caption\":\"Buy Prescriptionz\"},\"image\":{\"@id\":\"https:\/\/buy-prescriptionz.com\/#\/schema\/logo\/image\/\"}}]}<\/script>\n<!-- \/ Yoast SEO plugin. -->","yoast_head_json":{"title":"Kj\u00f8p propionat p\u00e5 nett - propionat til salgs","description":"Butikken v\u00e5r har propionat av topp kvalitet til salgs. Du kan aldri komme over kvaliteten p\u00e5 produktene v\u00e5re. Hvis du trenger det, kan du kj\u00f8pe propionat p\u00e5 nett med en gang. Bestill n\u00e5!","robots":{"index":"index","follow":"follow","max-snippet":"max-snippet:-1","max-image-preview":"max-image-preview:large","max-video-preview":"max-video-preview:-1"},"canonical":"https:\/\/buy-prescriptionz.com\/nb\/produkt\/kjop-propionat-pa-nett\/","og_locale":"nb_NO","og_type":"article","og_title":"Buy Propionate Online - Propionate for Sale","og_description":"Our store has the top quality Propionate for sale. You can never get over the quality of our products. If you need then, You can buy Propionate online right away. Order now!","og_url":"https:\/\/buy-prescriptionz.com\/nb\/produkt\/kjop-propionat-pa-nett\/","og_site_name":"Buy Prescriptionz","article_modified_time":"2025-09-27T11:46:54+00:00","og_image":[{"width":400,"height":300,"url":"https:\/\/buy-prescriptionz.com\/wp-content\/uploads\/2025\/09\/propionate.jpg","type":"image\/jpeg"}],"twitter_card":"summary_large_image","twitter_misc":{"Ansl. lesetid":"3 minutter"},"schema":{"@context":"https:\/\/schema.org","@graph":[{"@type":"WebPage","@id":"https:\/\/buy-prescriptionz.com\/product\/buy-propionate-online\/","url":"https:\/\/buy-prescriptionz.com\/product\/buy-propionate-online\/","name":"Kj\u00f8p propionat p\u00e5 nett - propionat til salgs","isPartOf":{"@id":"https:\/\/buy-prescriptionz.com\/#website"},"primaryImageOfPage":{"@id":"https:\/\/buy-prescriptionz.com\/product\/buy-propionate-online\/#primaryimage"},"image":{"@id":"https:\/\/buy-prescriptionz.com\/product\/buy-propionate-online\/#primaryimage"},"thumbnailUrl":"https:\/\/buy-prescriptionz.com\/wp-content\/uploads\/2025\/09\/propionate.jpg","datePublished":"2025-09-16T08:56:08+00:00","dateModified":"2025-09-27T11:46:54+00:00","description":"Butikken v\u00e5r har propionat av topp kvalitet til salgs. Du kan aldri komme over kvaliteten p\u00e5 produktene v\u00e5re. Hvis du trenger det, kan du kj\u00f8pe propionat p\u00e5 nett med en gang. Bestill n\u00e5!","breadcrumb":{"@id":"https:\/\/buy-prescriptionz.com\/product\/buy-propionate-online\/#breadcrumb"},"inLanguage":"nb-NO","potentialAction":[{"@type":"ReadAction","target":["https:\/\/buy-prescriptionz.com\/product\/buy-propionate-online\/"]}]},{"@type":"ImageObject","inLanguage":"nb-NO","@id":"https:\/\/buy-prescriptionz.com\/product\/buy-propionate-online\/#primaryimage","url":"https:\/\/buy-prescriptionz.com\/wp-content\/uploads\/2025\/09\/propionate.jpg","contentUrl":"https:\/\/buy-prescriptionz.com\/wp-content\/uploads\/2025\/09\/propionate.jpg","width":400,"height":300},{"@type":"BreadcrumbList","@id":"https:\/\/buy-prescriptionz.com\/product\/buy-propionate-online\/#breadcrumb","itemListElement":[{"@type":"ListItem","position":1,"name":"Home","item":"https:\/\/buy-prescriptionz.com\/"},{"@type":"ListItem","position":2,"name":"Shop Painkillers Online","item":"https:\/\/buy-prescriptionz.com\/shop-painkillers-online\/"},{"@type":"ListItem","position":3,"name":"Buy Propionate Online"}]},{"@type":"WebSite","@id":"https:\/\/buy-prescriptionz.com\/#website","url":"https:\/\/buy-prescriptionz.com\/","name":"Buy Prescriptionz","description":"Drugs Online","publisher":{"@id":"https:\/\/buy-prescriptionz.com\/#organization"},"potentialAction":[{"@type":"SearchAction","target":{"@type":"EntryPoint","urlTemplate":"https:\/\/buy-prescriptionz.com\/?s={search_term_string}"},"query-input":{"@type":"PropertyValueSpecification","valueRequired":true,"valueName":"search_term_string"}}],"inLanguage":"nb-NO"},{"@type":"Organization","@id":"https:\/\/buy-prescriptionz.com\/#organization","name":"Buy Prescriptionz","url":"https:\/\/buy-prescriptionz.com\/","logo":{"@type":"ImageObject","inLanguage":"nb-NO","@id":"https:\/\/buy-prescriptionz.com\/#\/schema\/logo\/image\/","url":"https:\/\/buy-prescriptionz.com\/wp-content\/uploads\/2023\/09\/logo.png","contentUrl":"https:\/\/buy-prescriptionz.com\/wp-content\/uploads\/2023\/09\/logo.png","width":350,"height":64,"caption":"Buy Prescriptionz"},"image":{"@id":"https:\/\/buy-prescriptionz.com\/#\/schema\/logo\/image\/"}}]}},"_links":{"self":[{"href":"https:\/\/buy-prescriptionz.com\/nb\/wp-json\/wp\/v2\/product\/3043","targetHints":{"allow":["GET"]}}],"collection":[{"href":"https:\/\/buy-prescriptionz.com\/nb\/wp-json\/wp\/v2\/product"}],"about":[{"href":"https:\/\/buy-prescriptionz.com\/nb\/wp-json\/wp\/v2\/types\/product"}],"replies":[{"embeddable":true,"href":"https:\/\/buy-prescriptionz.com\/nb\/wp-json\/wp\/v2\/comments?post=3043"}],"wp:featuredmedia":[{"embeddable":true,"href":"https:\/\/buy-prescriptionz.com\/nb\/wp-json\/wp\/v2\/media\/3073"}],"wp:attachment":[{"href":"https:\/\/buy-prescriptionz.com\/nb\/wp-json\/wp\/v2\/media?parent=3043"}],"wp:term":[{"taxonomy":"product_brand","embeddable":true,"href":"https:\/\/buy-prescriptionz.com\/nb\/wp-json\/wp\/v2\/product_brand?post=3043"},{"taxonomy":"product_cat","embeddable":true,"href":"https:\/\/buy-prescriptionz.com\/nb\/wp-json\/wp\/v2\/product_cat?post=3043"},{"taxonomy":"product_tag","embeddable":true,"href":"https:\/\/buy-prescriptionz.com\/nb\/wp-json\/wp\/v2\/product_tag?post=3043"}],"curies":[{"name":"wp","href":"https:\/\/api.w.org\/{rel}","templated":true}]}}