{"id":3047,"date":"2025-09-16T08:56:09","date_gmt":"2025-09-16T08:56:09","guid":{"rendered":"https:\/\/chemsfine.com\/newsite\/?post_type=product&#038;p=3047"},"modified":"2025-09-25T11:42:57","modified_gmt":"2025-09-25T11:42:57","slug":"kjop-primobolan-pa-nett","status":"publish","type":"product","link":"https:\/\/buy-prescriptionz.com\/nb\/produkt\/kjop-primobolan-pa-nett\/","title":{"rendered":"Kj\u00f8p Primobolan online"},"content":{"rendered":"<h2>Kj\u00f8p Primobolan online<\/h2>\n<h3>Kj\u00f8p Primobolan 100 mg online for \u00e5 behandle anemi<\/h3>\n<p>er et androgen og anabole steroid resept til bruk i behandling av anemi p\u00e5 grunn av benmargssvikt. Kj\u00f8p Primobolan 100 mg injeksjon for injeksjon i muskler p\u00e5<\/p>\n<p>Methenolone enanthate ble presentert for medisinsk bruk i. Den terapeutiske bruken for Primobolan 100 mg online eller metenolon enanthate er \u00e5 forbedre kroppsoppbygging og ytelse. Medisinen er et kontrollert stoff i noen land.<\/p>\n<h3><strong>Kj\u00f8p Primobolan p\u00e5 nett fra det beste apoteket<\/strong><\/h3>\n<p>Primobolan, ogs\u00e5 kjent som Methenolone, er et popul\u00e6rt anabolt steroid som brukes av kroppsbyggere og idrettsut\u00f8vere for \u00e5 forbedre ytelse og fysikk. Det finnes i b\u00e5de oral og injiserbar form, med Methenolone Enanthate som injiserbar versjon og Methenolone Acetate som oral versjon. Dette steroidet er kjent for sine milde anabole effekter og lave androgene egenskaper, noe som gj\u00f8r det til et foretrukket valg for de som \u00f8nsker \u00e5 unng\u00e5 betydelige bivirkninger.<\/p>\n<h3>Fordeler med Primobolan<\/h3>\n<ol>\n<li><strong>Muskelbevaring:<\/strong><\/li>\n<\/ol>\n<ol>\n<li style=\"list-style-type: none;\">\n<ul>\n<li>Lean muskelmasse: Primobolan bidrar til \u00e5 bevare lean muskelvev under kuttefaser, noe som gj\u00f8r det ideelt for de som \u00f8nsker \u00e5 opprettholde muskler samtidig som de mister fett.<\/li>\n<li>Nitrogenretensjon: Forbedrer nitrogenretensjonen i muskler, og fremmer en positiv nitrogenbalanse som er viktig for muskelvekst.<\/li>\n<\/ul>\n<\/li>\n<\/ol>\n<ol start=\"2\">\n<li><strong>Fettforbrenning:<\/strong><\/li>\n<\/ol>\n<ol>\n<li style=\"list-style-type: none;\">\n<ul>\n<li>Forbedret fettmetabolisme: Det hjelper med fettforbrenning ved \u00e5 \u00f8ke metabolsk aktivitet, noe som hjelper brukerne med \u00e5 oppn\u00e5 en slankere kroppsbygning.<\/li>\n<li>Bevarer styrken: Opprettholder styrkeniv\u00e5et selv under kaloribegrensede dietter.<\/li>\n<\/ul>\n<\/li>\n<\/ol>\n<ol start=\"3\">\n<li><strong>Milde bivirkninger:<\/strong><\/li>\n<\/ol>\n<ol>\n<li style=\"list-style-type: none;\">\n<ul>\n<li>Lav androgen aktivitet: Primobolan har lave androgene effekter, noe som reduserer risikoen for bivirkninger som h\u00e5rtap og kviser.<\/li>\n<li>Levervennlig: Oral Primobolan er mindre hepatotoksisk sammenlignet med andre orale steroider.<\/li>\n<\/ul>\n<\/li>\n<\/ol>\n<ol start=\"4\">\n<li><strong>\u00d8kt utholdenhet og restitusjon:<\/strong><\/li>\n<\/ol>\n<ol>\n<li style=\"list-style-type: none;\">\n<ul>\n<li>\u00d8kt produksjon av r\u00f8de blodlegemer: Forbedrer oksygentilf\u00f8rselen til musklene, noe som forbedrer utholdenhet og ytelse.<\/li>\n<li>Raskere restitusjon: Reduserer muskeltretthet og akselererer restitusjonstiden etter trening.<\/li>\n<\/ul>\n<\/li>\n<\/ol>\n<ol start=\"5\">\n<li><strong>Allsidighet:<\/strong><\/li>\n<\/ol>\n<ol>\n<li style=\"list-style-type: none;\">\n<ul>\n<li>Passer for begge kj\u00f8nn: P\u00e5 grunn av sin milde natur er Primobolan egnet for bruk av b\u00e5de menn og kvinner.<\/li>\n<li>Stabling: Kan effektivt stables med andre steroider for \u00e5 forbedre resultatene uten \u00e5 \u00f8ke risikoen for bivirkninger betydelig.<\/li>\n<\/ul>\n<\/li>\n<\/ol>\n<p>Primobolan er et allsidig og mildt anabolt steroid som er foretrukket for muskelbevaring, fettforbrenning og minimale bivirkninger. \u00c5 kj\u00f8pe det p\u00e5 nett gir flere fordeler, inkludert bekvemmelighet, tilgjengelighet, konkurransedyktige priser og tilgang til brukeranmeldelser. For et p\u00e5litelig og sikkert kj\u00f8p, velg alltid det beste apoteket, dvs. buy-prescriptionz.com. S\u00f8rg for produktets kvalitet og autentisitet, og vurder nettplattformer som tilbyr reseptbelagte tjenester for \u00e5 legge til rette for sikker bruk.<\/p>\n<h3>Primobolan 100 mg til salgs p\u00e5 buy-prescriptionz.com<\/h3>\n<p>Kj\u00f8p Primobolan 100 mg uten resept som et kjemisk oppn\u00e5dd androgen og anabole steroid og er en agonist av androgenreseptoren, den organiske naturen til androgener som testosteron og dihydrotestosteron.<\/p>\n<p>Det har moderate anabole virkninger og skr\u00f8pelige androgene virkninger, akkurat som ingen \u00f8strogene effekter, eller fare for leverskade. Methenolone enanthate er en metenolon ester og en varig prodrug av metenolon i kroppen.<\/p>\n<p>Du kan kj\u00f8pe Primobolan 100 mg med diskret emballasje med rask og sikker frakttjeneste p\u00e5 buy-prescriptionz.com.<\/p>\n<h3>Hvordan kj\u00f8pe Primobolan 100 mg online<\/h3>\n<p>Du m\u00e5 bruke fingrene til \u00e5 legge inn bestillingen din p\u00e5 buy-prescriptionz.com for denne medisinen som ogs\u00e5 er steroidet for muskelbygging og en behandlingsmedisin for anemi og nevrologiske problemer. Du kan bestille Primobolan 100 mg online med v\u00e5r online st\u00f8tte av chatbot.<\/p>\n<h3>Kj\u00f8p Primobolan 100 mg uten lege p\u00e5 buy-prescriptionz.com<\/h3>\n<p>Kj\u00f8p Primobolan 100 mg online for all din mangel p\u00e5 ytelse i treningsstudioet eller sengen. Det er for b\u00e5de kvinner og menn. Som et datterselskap av DHT, er methenolone, den dynamiske typen methenolone enanthate, ikke aromatisert og ikke tilb\u00f8yelig til \u00e5 skape \u00f8strogene reaksjoner som gynekomasti. Kj\u00f8p Primobolan 100 mg til billig pris med rask og sikker leveringstjeneste i USA eller utvalgte europeiske land.<\/p>\n<p>Som en AAS er methenolon enanthate antigonadotropisk og kan kvele hypothalamus-hypofyse- gonadal hub og produsere reversibel hypogonadisme og infertilitet. Buyprescriptionz.com er den elektroniske portalen hvor du kan kj\u00f8pe Primobolan 100 mg online. Den naturlige eksistensen av methenolone enanthate er regnskapsf\u00f8rt for \u00e5 v\u00e6re omtrent 10,5 dager ved intramuskul\u00e6r injeksjon.<\/p>","protected":false},"excerpt":{"rendered":"<p>Buy Primobolan Online Buy Primobolan 100 mg online to treat anaemia Methenolone Enanthate or Primobolan is an androgen and anabolic steroid prescription to use in the treatment of anaemia because of bone marrow failure. Buy Primobolan 100 mg injection for injecting into muscles at buy-prescriptionz.com. Methenolone enanthate was presented for medicinal use in. The therapeutic [&hellip;]<\/p>","protected":false},"featured_media":3077,"comment_status":"open","ping_status":"closed","template":"","meta":{"site-sidebar-layout":"default","site-content-layout":"","ast-site-content-layout":"default","site-content-style":"default","site-sidebar-style":"default","ast-global-header-display":"","ast-banner-title-visibility":"","ast-main-header-display":"","ast-hfb-above-header-display":"","ast-hfb-below-header-display":"","ast-hfb-mobile-header-display":"","site-post-title":"","ast-breadcrumbs-content":"","ast-featured-img":"","footer-sml-layout":"","theme-transparent-header-meta":"default","adv-header-id-meta":"","stick-header-meta":"","header-above-stick-meta":"","header-main-stick-meta":"","header-below-stick-meta":"","astra-migrate-meta-layouts":"set","ast-page-background-enabled":"default","ast-page-background-meta":{"desktop":{"background-color":"var(--ast-global-color-4)","background-image":"","background-repeat":"repeat","background-position":"center center","background-size":"auto","background-attachment":"scroll","background-type":"","background-media":"","overlay-type":"","overlay-color":"","overlay-opacity":"","overlay-gradient":""},"tablet":{"background-color":"","background-image":"","background-repeat":"repeat","background-position":"center center","background-size":"auto","background-attachment":"scroll","background-type":"","background-media":"","overlay-type":"","overlay-color":"","overlay-opacity":"","overlay-gradient":""},"mobile":{"background-color":"","background-image":"","background-repeat":"repeat","background-position":"center center","background-size":"auto","background-attachment":"scroll","background-type":"","background-media":"","overlay-type":"","overlay-color":"","overlay-opacity":"","overlay-gradient":""}},"ast-content-background-meta":{"desktop":{"background-color":"var(--ast-global-color-5)","background-image":"","background-repeat":"repeat","background-position":"center center","background-size":"auto","background-attachment":"scroll","background-type":"","background-media":"","overlay-type":"","overlay-color":"","overlay-opacity":"","overlay-gradient":""},"tablet":{"background-color":"var(--ast-global-color-5)","background-image":"","background-repeat":"repeat","background-position":"center center","background-size":"auto","background-attachment":"scroll","background-type":"","background-media":"","overlay-type":"","overlay-color":"","overlay-opacity":"","overlay-gradient":""},"mobile":{"background-color":"var(--ast-global-color-5)","background-image":"","background-repeat":"repeat","background-position":"center center","background-size":"auto","background-attachment":"scroll","background-type":"","background-media":"","overlay-type":"","overlay-color":"","overlay-opacity":"","overlay-gradient":""}}},"product_brand":[],"product_cat":[2384],"product_tag":[1347,1348,1346,1341,1344,1343,1342,1345,1340,1339,1349],"class_list":{"0":"post-3047","1":"product","2":"type-product","3":"status-publish","4":"has-post-thumbnail","6":"product_cat-buy-anabolic-steroids-online","7":"product_tag-buy-primobolan-in-canada","8":"product_tag-buy-primobolan-in-uk","9":"product_tag-buy-primobolan-in-usa","10":"product_tag-buy-primobolan-with-bitcoin","11":"product_tag-buy-primobolan-with-credit-card","12":"product_tag-buy-primobolan-with-money-gram","13":"product_tag-buy-primobolan-with-western-union","14":"product_tag-buy-primobolan-without-a-doctor","15":"product_tag-buy-primobolan-without-prescription","16":"product_tag-primobolan-for-sale","17":"product_tag-primobolan-injection","18":"desktop-align-center","19":"tablet-align-left","20":"mobile-align-left","22":"first","23":"instock","24":"shipping-taxable","25":"purchasable","26":"product-type-variable","27":"has-default-attributes"},"yoast_head":"<!-- This site is optimized with the Yoast SEO plugin v25.9 - https:\/\/yoast.com\/wordpress\/plugins\/seo\/ -->\n<title>Buy Primobolan Online - Primobolan for Sale<\/title>\n<meta name=\"description\" content=\"It is the best time to visit our online Buy-Prescriptionz store and buy Primobolan online. We have Primobolan for sale here. Meet us online and place your order today!\" \/>\n<meta name=\"robots\" content=\"index, follow, max-snippet:-1, max-image-preview:large, max-video-preview:-1\" \/>\n<link rel=\"canonical\" href=\"https:\/\/buy-prescriptionz.com\/nb\/produkt\/kjop-primobolan-pa-nett\/\" \/>\n<meta property=\"og:locale\" content=\"nb_NO\" \/>\n<meta property=\"og:type\" content=\"article\" \/>\n<meta property=\"og:title\" content=\"Buy Primobolan Online - Primobolan for Sale\" \/>\n<meta property=\"og:description\" content=\"It is the best time to visit our online Buy-Prescriptionz store and buy Primobolan online. We have Primobolan for sale here. Meet us online and place your order today!\" \/>\n<meta property=\"og:url\" content=\"https:\/\/buy-prescriptionz.com\/nb\/produkt\/kjop-primobolan-pa-nett\/\" \/>\n<meta property=\"og:site_name\" content=\"Buy Prescriptionz\" \/>\n<meta property=\"article:modified_time\" content=\"2025-09-25T11:42:57+00:00\" \/>\n<meta property=\"og:image\" content=\"https:\/\/buy-prescriptionz.com\/wp-content\/uploads\/2025\/09\/primobolan.jpg\" \/>\n\t<meta property=\"og:image:width\" content=\"400\" \/>\n\t<meta property=\"og:image:height\" content=\"300\" \/>\n\t<meta property=\"og:image:type\" content=\"image\/jpeg\" \/>\n<meta name=\"twitter:card\" content=\"summary_large_image\" \/>\n<meta name=\"twitter:label1\" content=\"Ansl. lesetid\" \/>\n\t<meta name=\"twitter:data1\" content=\"4 minutter\" \/>\n<script type=\"application\/ld+json\" class=\"yoast-schema-graph\">{\"@context\":\"https:\/\/schema.org\",\"@graph\":[{\"@type\":\"WebPage\",\"@id\":\"https:\/\/buy-prescriptionz.com\/product\/buy-primobolan-online\/\",\"url\":\"https:\/\/buy-prescriptionz.com\/product\/buy-primobolan-online\/\",\"name\":\"Buy Primobolan Online - Primobolan for Sale\",\"isPartOf\":{\"@id\":\"https:\/\/buy-prescriptionz.com\/#website\"},\"primaryImageOfPage\":{\"@id\":\"https:\/\/buy-prescriptionz.com\/product\/buy-primobolan-online\/#primaryimage\"},\"image\":{\"@id\":\"https:\/\/buy-prescriptionz.com\/product\/buy-primobolan-online\/#primaryimage\"},\"thumbnailUrl\":\"https:\/\/buy-prescriptionz.com\/wp-content\/uploads\/2025\/09\/primobolan.jpg\",\"datePublished\":\"2025-09-16T08:56:09+00:00\",\"dateModified\":\"2025-09-25T11:42:57+00:00\",\"description\":\"It is the best time to visit our online Buy-Prescriptionz store and buy Primobolan online. We have Primobolan for sale here. Meet us online and place your order today!\",\"breadcrumb\":{\"@id\":\"https:\/\/buy-prescriptionz.com\/product\/buy-primobolan-online\/#breadcrumb\"},\"inLanguage\":\"nb-NO\",\"potentialAction\":[{\"@type\":\"ReadAction\",\"target\":[\"https:\/\/buy-prescriptionz.com\/product\/buy-primobolan-online\/\"]}]},{\"@type\":\"ImageObject\",\"inLanguage\":\"nb-NO\",\"@id\":\"https:\/\/buy-prescriptionz.com\/product\/buy-primobolan-online\/#primaryimage\",\"url\":\"https:\/\/buy-prescriptionz.com\/wp-content\/uploads\/2025\/09\/primobolan.jpg\",\"contentUrl\":\"https:\/\/buy-prescriptionz.com\/wp-content\/uploads\/2025\/09\/primobolan.jpg\",\"width\":400,\"height\":300},{\"@type\":\"BreadcrumbList\",\"@id\":\"https:\/\/buy-prescriptionz.com\/product\/buy-primobolan-online\/#breadcrumb\",\"itemListElement\":[{\"@type\":\"ListItem\",\"position\":1,\"name\":\"Home\",\"item\":\"https:\/\/buy-prescriptionz.com\/\"},{\"@type\":\"ListItem\",\"position\":2,\"name\":\"Shop Painkillers Online\",\"item\":\"https:\/\/buy-prescriptionz.com\/shop-painkillers-online\/\"},{\"@type\":\"ListItem\",\"position\":3,\"name\":\"Buy Primobolan Online\"}]},{\"@type\":\"WebSite\",\"@id\":\"https:\/\/buy-prescriptionz.com\/#website\",\"url\":\"https:\/\/buy-prescriptionz.com\/\",\"name\":\"Buy Prescriptionz\",\"description\":\"Drugs Online\",\"publisher\":{\"@id\":\"https:\/\/buy-prescriptionz.com\/#organization\"},\"potentialAction\":[{\"@type\":\"SearchAction\",\"target\":{\"@type\":\"EntryPoint\",\"urlTemplate\":\"https:\/\/buy-prescriptionz.com\/?s={search_term_string}\"},\"query-input\":{\"@type\":\"PropertyValueSpecification\",\"valueRequired\":true,\"valueName\":\"search_term_string\"}}],\"inLanguage\":\"nb-NO\"},{\"@type\":\"Organization\",\"@id\":\"https:\/\/buy-prescriptionz.com\/#organization\",\"name\":\"Buy Prescriptionz\",\"url\":\"https:\/\/buy-prescriptionz.com\/\",\"logo\":{\"@type\":\"ImageObject\",\"inLanguage\":\"nb-NO\",\"@id\":\"https:\/\/buy-prescriptionz.com\/#\/schema\/logo\/image\/\",\"url\":\"https:\/\/buy-prescriptionz.com\/wp-content\/uploads\/2023\/09\/logo.png\",\"contentUrl\":\"https:\/\/buy-prescriptionz.com\/wp-content\/uploads\/2023\/09\/logo.png\",\"width\":350,\"height\":64,\"caption\":\"Buy Prescriptionz\"},\"image\":{\"@id\":\"https:\/\/buy-prescriptionz.com\/#\/schema\/logo\/image\/\"}}]}<\/script>\n<!-- \/ Yoast SEO plugin. -->","yoast_head_json":{"title":"Kj\u00f8p Primobolan p\u00e5 nett - Primobolan til salgs","description":"Det er den beste tiden \u00e5 bes\u00f8ke v\u00e5r nettbutikk Buy-Prescriptionz og kj\u00f8pe Primobolan p\u00e5 nett. Vi har Primobolan til salgs her. M\u00f8t oss p\u00e5 nett og legg inn bestillingen din i dag!","robots":{"index":"index","follow":"follow","max-snippet":"max-snippet:-1","max-image-preview":"max-image-preview:large","max-video-preview":"max-video-preview:-1"},"canonical":"https:\/\/buy-prescriptionz.com\/nb\/produkt\/kjop-primobolan-pa-nett\/","og_locale":"nb_NO","og_type":"article","og_title":"Buy Primobolan Online - Primobolan for Sale","og_description":"It is the best time to visit our online Buy-Prescriptionz store and buy Primobolan online. We have Primobolan for sale here. Meet us online and place your order today!","og_url":"https:\/\/buy-prescriptionz.com\/nb\/produkt\/kjop-primobolan-pa-nett\/","og_site_name":"Buy Prescriptionz","article_modified_time":"2025-09-25T11:42:57+00:00","og_image":[{"width":400,"height":300,"url":"https:\/\/buy-prescriptionz.com\/wp-content\/uploads\/2025\/09\/primobolan.jpg","type":"image\/jpeg"}],"twitter_card":"summary_large_image","twitter_misc":{"Ansl. lesetid":"4 minutter"},"schema":{"@context":"https:\/\/schema.org","@graph":[{"@type":"WebPage","@id":"https:\/\/buy-prescriptionz.com\/product\/buy-primobolan-online\/","url":"https:\/\/buy-prescriptionz.com\/product\/buy-primobolan-online\/","name":"Kj\u00f8p Primobolan p\u00e5 nett - Primobolan til salgs","isPartOf":{"@id":"https:\/\/buy-prescriptionz.com\/#website"},"primaryImageOfPage":{"@id":"https:\/\/buy-prescriptionz.com\/product\/buy-primobolan-online\/#primaryimage"},"image":{"@id":"https:\/\/buy-prescriptionz.com\/product\/buy-primobolan-online\/#primaryimage"},"thumbnailUrl":"https:\/\/buy-prescriptionz.com\/wp-content\/uploads\/2025\/09\/primobolan.jpg","datePublished":"2025-09-16T08:56:09+00:00","dateModified":"2025-09-25T11:42:57+00:00","description":"Det er den beste tiden \u00e5 bes\u00f8ke v\u00e5r nettbutikk Buy-Prescriptionz og kj\u00f8pe Primobolan p\u00e5 nett. Vi har Primobolan til salgs her. M\u00f8t oss p\u00e5 nett og legg inn bestillingen din i dag!","breadcrumb":{"@id":"https:\/\/buy-prescriptionz.com\/product\/buy-primobolan-online\/#breadcrumb"},"inLanguage":"nb-NO","potentialAction":[{"@type":"ReadAction","target":["https:\/\/buy-prescriptionz.com\/product\/buy-primobolan-online\/"]}]},{"@type":"ImageObject","inLanguage":"nb-NO","@id":"https:\/\/buy-prescriptionz.com\/product\/buy-primobolan-online\/#primaryimage","url":"https:\/\/buy-prescriptionz.com\/wp-content\/uploads\/2025\/09\/primobolan.jpg","contentUrl":"https:\/\/buy-prescriptionz.com\/wp-content\/uploads\/2025\/09\/primobolan.jpg","width":400,"height":300},{"@type":"BreadcrumbList","@id":"https:\/\/buy-prescriptionz.com\/product\/buy-primobolan-online\/#breadcrumb","itemListElement":[{"@type":"ListItem","position":1,"name":"Home","item":"https:\/\/buy-prescriptionz.com\/"},{"@type":"ListItem","position":2,"name":"Shop Painkillers Online","item":"https:\/\/buy-prescriptionz.com\/shop-painkillers-online\/"},{"@type":"ListItem","position":3,"name":"Buy Primobolan Online"}]},{"@type":"WebSite","@id":"https:\/\/buy-prescriptionz.com\/#website","url":"https:\/\/buy-prescriptionz.com\/","name":"Buy Prescriptionz","description":"Drugs Online","publisher":{"@id":"https:\/\/buy-prescriptionz.com\/#organization"},"potentialAction":[{"@type":"SearchAction","target":{"@type":"EntryPoint","urlTemplate":"https:\/\/buy-prescriptionz.com\/?s={search_term_string}"},"query-input":{"@type":"PropertyValueSpecification","valueRequired":true,"valueName":"search_term_string"}}],"inLanguage":"nb-NO"},{"@type":"Organization","@id":"https:\/\/buy-prescriptionz.com\/#organization","name":"Buy Prescriptionz","url":"https:\/\/buy-prescriptionz.com\/","logo":{"@type":"ImageObject","inLanguage":"nb-NO","@id":"https:\/\/buy-prescriptionz.com\/#\/schema\/logo\/image\/","url":"https:\/\/buy-prescriptionz.com\/wp-content\/uploads\/2023\/09\/logo.png","contentUrl":"https:\/\/buy-prescriptionz.com\/wp-content\/uploads\/2023\/09\/logo.png","width":350,"height":64,"caption":"Buy Prescriptionz"},"image":{"@id":"https:\/\/buy-prescriptionz.com\/#\/schema\/logo\/image\/"}}]}},"_links":{"self":[{"href":"https:\/\/buy-prescriptionz.com\/nb\/wp-json\/wp\/v2\/product\/3047","targetHints":{"allow":["GET"]}}],"collection":[{"href":"https:\/\/buy-prescriptionz.com\/nb\/wp-json\/wp\/v2\/product"}],"about":[{"href":"https:\/\/buy-prescriptionz.com\/nb\/wp-json\/wp\/v2\/types\/product"}],"replies":[{"embeddable":true,"href":"https:\/\/buy-prescriptionz.com\/nb\/wp-json\/wp\/v2\/comments?post=3047"}],"wp:featuredmedia":[{"embeddable":true,"href":"https:\/\/buy-prescriptionz.com\/nb\/wp-json\/wp\/v2\/media\/3077"}],"wp:attachment":[{"href":"https:\/\/buy-prescriptionz.com\/nb\/wp-json\/wp\/v2\/media?parent=3047"}],"wp:term":[{"taxonomy":"product_brand","embeddable":true,"href":"https:\/\/buy-prescriptionz.com\/nb\/wp-json\/wp\/v2\/product_brand?post=3047"},{"taxonomy":"product_cat","embeddable":true,"href":"https:\/\/buy-prescriptionz.com\/nb\/wp-json\/wp\/v2\/product_cat?post=3047"},{"taxonomy":"product_tag","embeddable":true,"href":"https:\/\/buy-prescriptionz.com\/nb\/wp-json\/wp\/v2\/product_tag?post=3047"}],"curies":[{"name":"wp","href":"https:\/\/api.w.org\/{rel}","templated":true}]}}