{"id":3048,"date":"2025-09-16T08:56:09","date_gmt":"2025-09-16T08:56:09","guid":{"rendered":"https:\/\/chemsfine.com\/newsite\/?post_type=product&#038;p=3048"},"modified":"2025-09-24T11:10:48","modified_gmt":"2025-09-24T11:10:48","slug":"kjop-omnadren-pa-nett","status":"publish","type":"product","link":"https:\/\/buy-prescriptionz.com\/nb\/produkt\/kjop-omnadren-pa-nett\/","title":{"rendered":"Buy Omnadren Online"},"content":{"rendered":"<h2>Buy Omnadren Online<\/h2>\n<h3>Omnadren 250 (Sustanon) av Elfa | Testosteronblanding<\/h3>\n<p>Omnadren 250 til salgs. Omnadren \u00f8ker muskelutholdenheten, og n\u00e5r du f\u00f8rst har kj\u00f8pt Omnadren p\u00e5 nett, kan du bruke det selv og oppleve forskjellen. Det er det perfekte steroidet for alle idrettsut\u00f8vere, brukt av dem over hele verden. Omnadren 250 er et injiserbart anabolt stoff som best\u00e5r av 30 mg testosteronpropionat, 60 mg testosteronfenylpropionat, 60 mg testosteronisoheksanoat og 100 mg testosteronheksanoat. Forbindelsen har h\u00f8ye androgene effekter, den gir rask muskelvekst og \u00f8kt styrke, samt en generell f\u00f8lelse av velv\u00e6re og \u00f8kt sexlyst. Omnadren forhindrer forekomst av skader da det sm\u00f8rer leddene ved \u00e5 lagre v\u00e6ske i bindevev, og det regnes som en effektiv antikatabolsk forbindelse. Dens aktive levetid er omtrent 18 dager.<\/p>\n<p>Omnadren 250 injiseres vanligvis minst \u00e9n gang i uken med en dose p\u00e5 400\u20131200 mg per uke for menn, mens kvinnelige idrettsut\u00f8vere b\u00f8r bruke mye lavere doser eller unng\u00e5 \u00e5 bruke det i det hele tatt. Omnadren 250 kan stables med Equipoise eller Deca Durabolin eller orale steroider som Anadrol eller Anabol for \u00e5 oppn\u00e5 en bulkingeffekt. Bruk av Omnadren 250 reduserer kroppens naturlige testosteronproduksjon, og det b\u00f8r brukes p\u00e5 slutten av syklusen i kombinasjon med Nolvadex, HCG og Clomid i omtrent 3 uker for en effektiv gjenoppretting av menneskekroppen. Kvinner kan oppleve typiske viriliseringseffekter mens de bruker Omnadren, mens mannlige idrettsut\u00f8vere kan oppleve smertefulle penisereksjoner, oppkast, kvalme, \u00f8kt blodtrykk, \u00f8kt serumkolesterol, hum\u00f8rsvingninger og aggressivitet.<\/p>\n<p>Bruksomr\u00e5der \u2013 Testosteronerstatningsterapi (TRT)<\/p>\n<p>Bivirkninger \u2013 Hjertesmerter, fet hud, leverproblemer, kviser<\/p>\n<p>Kj\u00f8p omnadren p\u00e5 nett uten resept og bruk det til \u00e5 \u00f8ke testosteronniv\u00e5et slik at det n\u00e5r det normale omr\u00e5det som i TRT. Du kan ogs\u00e5 kj\u00f8pe omnadren for \u00e5 oppleve de terapeutiske fordelene. Mange ganger vil du kunne finne omnadren til salgs, noe som bare gj\u00f8r oppgaven din enklere.<\/p>\n<h3>Az Omnadren online v\u00e1s\u00e1rl\u00e1s\u00e1nak \u00e1ttekint\u00e9se \u00e9s el\u0151nyei<\/h3>\n<p>Omnadren er en blanding av fire forskjellige testosteronestere, som gir b\u00e5de hurtigvirkende og langvarige effekter, noe som gj\u00f8r det til et foretrukket valg for testosteronbehandling og ytelsesforbedring i kroppsbygging. Dette anabole steroidet tilbyr flere fordeler, inkludert stabile testosteronniv\u00e5er, forbedret hum\u00f8r og velv\u00e6re, betydelig muskelvekst og styrke, forbedret atletisk ytelse, raskere restitusjonstid, \u00f8kt metabolsk hastighet for fettforbrenning og forbedret libido og seksuell helse.<\/p>\n<p>Blandingen sikrer balanserte hormonniv\u00e5er, \u00f8ker muskelproteinsyntesen, holder p\u00e5 nitrogen i musklene, forbedrer produksjonen av r\u00f8de blodlegemer og st\u00f8tter kroppens generelle rekonstruering ved \u00e5 fremme muskelvekst og fettforbrenning samtidig.<\/p>\n<h3>Bivirkninger av Omnadren<\/h3>\n<p>Selv om Omnadren tilbyr mange fordeler, er det viktig \u00e5 v\u00e6re oppmerksom p\u00e5 potensielle bivirkninger. Vanlige bivirkninger inkluderer kviser, h\u00e5rtap og \u00f8kt kroppsh\u00e5r p\u00e5 grunn av dens androgene egenskaper. Noen brukere kan oppleve v\u00e6skeansamling og oppbl\u00e5sthet, noe som kan f\u00f8re til hypertensjon. Gynekomasti, eller utvikling av brystvev hos menn, kan oppst\u00e5 p\u00e5 grunn av \u00f8kte \u00f8strogenniv\u00e5er. I tillegg kan Omnadren p\u00e5virke kolesterolniv\u00e5et negativt, noe som \u00f8ker risikoen for kardiovaskul\u00e6re problemer. Langvarig bruk eller h\u00f8ye doser kan undertrykke naturlig testosteronproduksjon, noe som f\u00f8rer til testikkelatrofi. Levertoksisitet er generelt lav med injiserbare former, men det anbefales \u00e5 overv\u00e5ke leverfunksjonen. For \u00e5 redusere disse risikoene er det viktig \u00e5 bruke Omnadren under medisinsk tilsyn, f\u00f8lge anbefalte doser og gjennomf\u00f8re regelmessige helsekontroller.<\/p>\n<p>Du kan kj\u00f8pe Nolvadex fra en p\u00e5litelig og brukervennlig nettside som det beste apoteket buy-prescriptionz.com. Denne plattformen er kjent for sine ekte produkter, diskrete fraktmetoder, konkurransedyktige priser og andre fordeler. Du kan se kundeanmeldelser p\u00e5 nettstedet deres, samt bruke reseptbelagte tjenester for \u00e5 garantere riktig bruk av medisinen du har kj\u00f8pt. Skaff deg Nolvadex fra buy-prescriptionz.com og f\u00f8l de gode effektene, samtidig som du har bekvemmeligheten og sikkerheten ved \u00e5 handle p\u00e5 nett.<\/p>","protected":false},"excerpt":{"rendered":"<p>Buy Omnadren Online Omnadren 250 (Sustanon) by Jelfa | Testosterone Blend Omnadren 250 for Sale, Omnadren increases muscular endurance and once you would have bought omnadren online, you can use it for yourself and experience the difference. It is the perfect steroid for all athletes, used by them all over the world.Omnadren 250 is an [&hellip;]<\/p>","protected":false},"featured_media":3078,"comment_status":"open","ping_status":"closed","template":"","meta":{"site-sidebar-layout":"default","site-content-layout":"","ast-site-content-layout":"default","site-content-style":"default","site-sidebar-style":"default","ast-global-header-display":"","ast-banner-title-visibility":"","ast-main-header-display":"","ast-hfb-above-header-display":"","ast-hfb-below-header-display":"","ast-hfb-mobile-header-display":"","site-post-title":"","ast-breadcrumbs-content":"","ast-featured-img":"","footer-sml-layout":"","theme-transparent-header-meta":"default","adv-header-id-meta":"","stick-header-meta":"","header-above-stick-meta":"","header-main-stick-meta":"","header-below-stick-meta":"","astra-migrate-meta-layouts":"set","ast-page-background-enabled":"default","ast-page-background-meta":{"desktop":{"background-color":"var(--ast-global-color-4)","background-image":"","background-repeat":"repeat","background-position":"center center","background-size":"auto","background-attachment":"scroll","background-type":"","background-media":"","overlay-type":"","overlay-color":"","overlay-opacity":"","overlay-gradient":""},"tablet":{"background-color":"","background-image":"","background-repeat":"repeat","background-position":"center center","background-size":"auto","background-attachment":"scroll","background-type":"","background-media":"","overlay-type":"","overlay-color":"","overlay-opacity":"","overlay-gradient":""},"mobile":{"background-color":"","background-image":"","background-repeat":"repeat","background-position":"center center","background-size":"auto","background-attachment":"scroll","background-type":"","background-media":"","overlay-type":"","overlay-color":"","overlay-opacity":"","overlay-gradient":""}},"ast-content-background-meta":{"desktop":{"background-color":"var(--ast-global-color-5)","background-image":"","background-repeat":"repeat","background-position":"center center","background-size":"auto","background-attachment":"scroll","background-type":"","background-media":"","overlay-type":"","overlay-color":"","overlay-opacity":"","overlay-gradient":""},"tablet":{"background-color":"var(--ast-global-color-5)","background-image":"","background-repeat":"repeat","background-position":"center center","background-size":"auto","background-attachment":"scroll","background-type":"","background-media":"","overlay-type":"","overlay-color":"","overlay-opacity":"","overlay-gradient":""},"mobile":{"background-color":"var(--ast-global-color-5)","background-image":"","background-repeat":"repeat","background-position":"center center","background-size":"auto","background-attachment":"scroll","background-type":"","background-media":"","overlay-type":"","overlay-color":"","overlay-opacity":"","overlay-gradient":""}}},"product_brand":[],"product_cat":[2384],"product_tag":[1335,1336,1334,1329,1332,1331,1330,1333,1328,1327,1338,1337],"class_list":{"0":"post-3048","1":"product","2":"type-product","3":"status-publish","4":"has-post-thumbnail","6":"product_cat-buy-anabolic-steroids-online","7":"product_tag-buy-omnadren-in-canada","8":"product_tag-buy-omnadren-in-uk","9":"product_tag-buy-omnadren-in-usa","10":"product_tag-buy-omnadren-with-bitcoin","11":"product_tag-buy-omnadren-with-credit-card","12":"product_tag-buy-omnadren-with-money-gram","13":"product_tag-buy-omnadren-with-western-union","14":"product_tag-buy-omnadren-without-a-doctor","15":"product_tag-buy-omnadren-without-prescription","16":"product_tag-omnadren-for-sale","17":"product_tag-omnadren-pills","18":"product_tag-omnadren-tablets","19":"desktop-align-center","20":"tablet-align-left","21":"mobile-align-left","23":"first","24":"instock","25":"shipping-taxable","26":"purchasable","27":"product-type-variable","28":"has-default-attributes"},"yoast_head":"<!-- This site is optimized with the Yoast SEO plugin v25.9 - https:\/\/yoast.com\/wordpress\/plugins\/seo\/ -->\n<title>Buy Omnadren 250 Online - Omnadren 250 for Sale<\/title>\n<meta name=\"description\" content=\"If you wish to buy Omnadren 250 online so our Buy-prescriptionz store can help. We have Omnadren 250 for sale at the best rates here. Place your order now!\" \/>\n<meta name=\"robots\" content=\"index, follow, max-snippet:-1, max-image-preview:large, max-video-preview:-1\" \/>\n<link rel=\"canonical\" href=\"https:\/\/buy-prescriptionz.com\/nb\/produkt\/kjop-omnadren-pa-nett\/\" \/>\n<meta property=\"og:locale\" content=\"nb_NO\" \/>\n<meta property=\"og:type\" content=\"article\" \/>\n<meta property=\"og:title\" content=\"Buy Omnadren 250 Online - Omnadren 250 for Sale\" \/>\n<meta property=\"og:description\" content=\"If you wish to buy Omnadren 250 online so our Buy-prescriptionz store can help. We have Omnadren 250 for sale at the best rates here. Place your order now!\" \/>\n<meta property=\"og:url\" content=\"https:\/\/buy-prescriptionz.com\/nb\/produkt\/kjop-omnadren-pa-nett\/\" \/>\n<meta property=\"og:site_name\" content=\"Buy Prescriptionz\" \/>\n<meta property=\"article:modified_time\" content=\"2025-09-24T11:10:48+00:00\" \/>\n<meta property=\"og:image\" content=\"https:\/\/buy-prescriptionz.com\/wp-content\/uploads\/2025\/09\/omnadren.jpg\" \/>\n\t<meta property=\"og:image:width\" content=\"400\" \/>\n\t<meta property=\"og:image:height\" content=\"300\" \/>\n\t<meta property=\"og:image:type\" content=\"image\/jpeg\" \/>\n<meta name=\"twitter:card\" content=\"summary_large_image\" \/>\n<meta name=\"twitter:label1\" content=\"Ansl. lesetid\" \/>\n\t<meta name=\"twitter:data1\" content=\"3 minutter\" \/>\n<script type=\"application\/ld+json\" class=\"yoast-schema-graph\">{\"@context\":\"https:\/\/schema.org\",\"@graph\":[{\"@type\":\"WebPage\",\"@id\":\"https:\/\/buy-prescriptionz.com\/product\/buy-omnadren-online\/\",\"url\":\"https:\/\/buy-prescriptionz.com\/product\/buy-omnadren-online\/\",\"name\":\"Buy Omnadren 250 Online - Omnadren 250 for Sale\",\"isPartOf\":{\"@id\":\"https:\/\/buy-prescriptionz.com\/#website\"},\"primaryImageOfPage\":{\"@id\":\"https:\/\/buy-prescriptionz.com\/product\/buy-omnadren-online\/#primaryimage\"},\"image\":{\"@id\":\"https:\/\/buy-prescriptionz.com\/product\/buy-omnadren-online\/#primaryimage\"},\"thumbnailUrl\":\"https:\/\/buy-prescriptionz.com\/wp-content\/uploads\/2025\/09\/omnadren.jpg\",\"datePublished\":\"2025-09-16T08:56:09+00:00\",\"dateModified\":\"2025-09-24T11:10:48+00:00\",\"description\":\"If you wish to buy Omnadren 250 online so our Buy-prescriptionz store can help. We have Omnadren 250 for sale at the best rates here. Place your order now!\",\"breadcrumb\":{\"@id\":\"https:\/\/buy-prescriptionz.com\/product\/buy-omnadren-online\/#breadcrumb\"},\"inLanguage\":\"nb-NO\",\"potentialAction\":[{\"@type\":\"ReadAction\",\"target\":[\"https:\/\/buy-prescriptionz.com\/product\/buy-omnadren-online\/\"]}]},{\"@type\":\"ImageObject\",\"inLanguage\":\"nb-NO\",\"@id\":\"https:\/\/buy-prescriptionz.com\/product\/buy-omnadren-online\/#primaryimage\",\"url\":\"https:\/\/buy-prescriptionz.com\/wp-content\/uploads\/2025\/09\/omnadren.jpg\",\"contentUrl\":\"https:\/\/buy-prescriptionz.com\/wp-content\/uploads\/2025\/09\/omnadren.jpg\",\"width\":400,\"height\":300},{\"@type\":\"BreadcrumbList\",\"@id\":\"https:\/\/buy-prescriptionz.com\/product\/buy-omnadren-online\/#breadcrumb\",\"itemListElement\":[{\"@type\":\"ListItem\",\"position\":1,\"name\":\"Home\",\"item\":\"https:\/\/buy-prescriptionz.com\/\"},{\"@type\":\"ListItem\",\"position\":2,\"name\":\"Shop Painkillers Online\",\"item\":\"https:\/\/buy-prescriptionz.com\/shop-painkillers-online\/\"},{\"@type\":\"ListItem\",\"position\":3,\"name\":\"Buy Omnadren Online\"}]},{\"@type\":\"WebSite\",\"@id\":\"https:\/\/buy-prescriptionz.com\/#website\",\"url\":\"https:\/\/buy-prescriptionz.com\/\",\"name\":\"Buy Prescriptionz\",\"description\":\"Drugs Online\",\"publisher\":{\"@id\":\"https:\/\/buy-prescriptionz.com\/#organization\"},\"potentialAction\":[{\"@type\":\"SearchAction\",\"target\":{\"@type\":\"EntryPoint\",\"urlTemplate\":\"https:\/\/buy-prescriptionz.com\/?s={search_term_string}\"},\"query-input\":{\"@type\":\"PropertyValueSpecification\",\"valueRequired\":true,\"valueName\":\"search_term_string\"}}],\"inLanguage\":\"nb-NO\"},{\"@type\":\"Organization\",\"@id\":\"https:\/\/buy-prescriptionz.com\/#organization\",\"name\":\"Buy Prescriptionz\",\"url\":\"https:\/\/buy-prescriptionz.com\/\",\"logo\":{\"@type\":\"ImageObject\",\"inLanguage\":\"nb-NO\",\"@id\":\"https:\/\/buy-prescriptionz.com\/#\/schema\/logo\/image\/\",\"url\":\"https:\/\/buy-prescriptionz.com\/wp-content\/uploads\/2023\/09\/logo.png\",\"contentUrl\":\"https:\/\/buy-prescriptionz.com\/wp-content\/uploads\/2023\/09\/logo.png\",\"width\":350,\"height\":64,\"caption\":\"Buy Prescriptionz\"},\"image\":{\"@id\":\"https:\/\/buy-prescriptionz.com\/#\/schema\/logo\/image\/\"}}]}<\/script>\n<!-- \/ Yoast SEO plugin. -->","yoast_head_json":{"title":"Kj\u00f8p Omnadren 250 p\u00e5 nett - Omnadren 250 til salgs","description":"Hvis du \u00f8nsker \u00e5 kj\u00f8pe Omnadren 250 p\u00e5 nett, kan v\u00e5r Buy-prescriptionz-butikk hjelpe deg. Vi har Omnadren 250 til salgs til de beste prisene her. Legg inn bestillingen din n\u00e5!","robots":{"index":"index","follow":"follow","max-snippet":"max-snippet:-1","max-image-preview":"max-image-preview:large","max-video-preview":"max-video-preview:-1"},"canonical":"https:\/\/buy-prescriptionz.com\/nb\/produkt\/kjop-omnadren-pa-nett\/","og_locale":"nb_NO","og_type":"article","og_title":"Buy Omnadren 250 Online - Omnadren 250 for Sale","og_description":"If you wish to buy Omnadren 250 online so our Buy-prescriptionz store can help. We have Omnadren 250 for sale at the best rates here. Place your order now!","og_url":"https:\/\/buy-prescriptionz.com\/nb\/produkt\/kjop-omnadren-pa-nett\/","og_site_name":"Buy Prescriptionz","article_modified_time":"2025-09-24T11:10:48+00:00","og_image":[{"width":400,"height":300,"url":"https:\/\/buy-prescriptionz.com\/wp-content\/uploads\/2025\/09\/omnadren.jpg","type":"image\/jpeg"}],"twitter_card":"summary_large_image","twitter_misc":{"Ansl. lesetid":"3 minutter"},"schema":{"@context":"https:\/\/schema.org","@graph":[{"@type":"WebPage","@id":"https:\/\/buy-prescriptionz.com\/product\/buy-omnadren-online\/","url":"https:\/\/buy-prescriptionz.com\/product\/buy-omnadren-online\/","name":"Kj\u00f8p Omnadren 250 p\u00e5 nett - Omnadren 250 til salgs","isPartOf":{"@id":"https:\/\/buy-prescriptionz.com\/#website"},"primaryImageOfPage":{"@id":"https:\/\/buy-prescriptionz.com\/product\/buy-omnadren-online\/#primaryimage"},"image":{"@id":"https:\/\/buy-prescriptionz.com\/product\/buy-omnadren-online\/#primaryimage"},"thumbnailUrl":"https:\/\/buy-prescriptionz.com\/wp-content\/uploads\/2025\/09\/omnadren.jpg","datePublished":"2025-09-16T08:56:09+00:00","dateModified":"2025-09-24T11:10:48+00:00","description":"Hvis du \u00f8nsker \u00e5 kj\u00f8pe Omnadren 250 p\u00e5 nett, kan v\u00e5r Buy-prescriptionz-butikk hjelpe deg. Vi har Omnadren 250 til salgs til de beste prisene her. Legg inn bestillingen din n\u00e5!","breadcrumb":{"@id":"https:\/\/buy-prescriptionz.com\/product\/buy-omnadren-online\/#breadcrumb"},"inLanguage":"nb-NO","potentialAction":[{"@type":"ReadAction","target":["https:\/\/buy-prescriptionz.com\/product\/buy-omnadren-online\/"]}]},{"@type":"ImageObject","inLanguage":"nb-NO","@id":"https:\/\/buy-prescriptionz.com\/product\/buy-omnadren-online\/#primaryimage","url":"https:\/\/buy-prescriptionz.com\/wp-content\/uploads\/2025\/09\/omnadren.jpg","contentUrl":"https:\/\/buy-prescriptionz.com\/wp-content\/uploads\/2025\/09\/omnadren.jpg","width":400,"height":300},{"@type":"BreadcrumbList","@id":"https:\/\/buy-prescriptionz.com\/product\/buy-omnadren-online\/#breadcrumb","itemListElement":[{"@type":"ListItem","position":1,"name":"Home","item":"https:\/\/buy-prescriptionz.com\/"},{"@type":"ListItem","position":2,"name":"Shop Painkillers Online","item":"https:\/\/buy-prescriptionz.com\/shop-painkillers-online\/"},{"@type":"ListItem","position":3,"name":"Buy Omnadren Online"}]},{"@type":"WebSite","@id":"https:\/\/buy-prescriptionz.com\/#website","url":"https:\/\/buy-prescriptionz.com\/","name":"Buy Prescriptionz","description":"Drugs Online","publisher":{"@id":"https:\/\/buy-prescriptionz.com\/#organization"},"potentialAction":[{"@type":"SearchAction","target":{"@type":"EntryPoint","urlTemplate":"https:\/\/buy-prescriptionz.com\/?s={search_term_string}"},"query-input":{"@type":"PropertyValueSpecification","valueRequired":true,"valueName":"search_term_string"}}],"inLanguage":"nb-NO"},{"@type":"Organization","@id":"https:\/\/buy-prescriptionz.com\/#organization","name":"Buy Prescriptionz","url":"https:\/\/buy-prescriptionz.com\/","logo":{"@type":"ImageObject","inLanguage":"nb-NO","@id":"https:\/\/buy-prescriptionz.com\/#\/schema\/logo\/image\/","url":"https:\/\/buy-prescriptionz.com\/wp-content\/uploads\/2023\/09\/logo.png","contentUrl":"https:\/\/buy-prescriptionz.com\/wp-content\/uploads\/2023\/09\/logo.png","width":350,"height":64,"caption":"Buy Prescriptionz"},"image":{"@id":"https:\/\/buy-prescriptionz.com\/#\/schema\/logo\/image\/"}}]}},"_links":{"self":[{"href":"https:\/\/buy-prescriptionz.com\/nb\/wp-json\/wp\/v2\/product\/3048","targetHints":{"allow":["GET"]}}],"collection":[{"href":"https:\/\/buy-prescriptionz.com\/nb\/wp-json\/wp\/v2\/product"}],"about":[{"href":"https:\/\/buy-prescriptionz.com\/nb\/wp-json\/wp\/v2\/types\/product"}],"replies":[{"embeddable":true,"href":"https:\/\/buy-prescriptionz.com\/nb\/wp-json\/wp\/v2\/comments?post=3048"}],"wp:featuredmedia":[{"embeddable":true,"href":"https:\/\/buy-prescriptionz.com\/nb\/wp-json\/wp\/v2\/media\/3078"}],"wp:attachment":[{"href":"https:\/\/buy-prescriptionz.com\/nb\/wp-json\/wp\/v2\/media?parent=3048"}],"wp:term":[{"taxonomy":"product_brand","embeddable":true,"href":"https:\/\/buy-prescriptionz.com\/nb\/wp-json\/wp\/v2\/product_brand?post=3048"},{"taxonomy":"product_cat","embeddable":true,"href":"https:\/\/buy-prescriptionz.com\/nb\/wp-json\/wp\/v2\/product_cat?post=3048"},{"taxonomy":"product_tag","embeddable":true,"href":"https:\/\/buy-prescriptionz.com\/nb\/wp-json\/wp\/v2\/product_tag?post=3048"}],"curies":[{"name":"wp","href":"https:\/\/api.w.org\/{rel}","templated":true}]}}