{"id":3050,"date":"2025-09-16T08:56:09","date_gmt":"2025-09-16T08:56:09","guid":{"rendered":"https:\/\/chemsfine.com\/newsite\/?post_type=product&#038;p=3050"},"modified":"2025-09-23T06:56:26","modified_gmt":"2025-09-23T06:56:26","slug":"kjop-metyltestosteron-pa-nett","status":"publish","type":"product","link":"https:\/\/buy-prescriptionz.com\/nb\/produkt\/kjop-metyltestosteron-pa-nett\/","title":{"rendered":"Kj\u00f8p Methyltestosterone Online"},"content":{"rendered":"<h2>Kj\u00f8p Methyltestosterone Online<\/h2>\n<h3>Kj\u00f8p Methyltestosterone 25 mg online p\u00e5 buy-prescriptionz.com<\/h3>\n<p>Kj\u00f8pe <a href=\"https:\/\/buy-prescriptionz.com\/nb\/\">Metyltestosteron<\/a> steroidstoff for behandling av lave testosteronniv\u00e5er hos menn og sen pubertet hos unge menn. Ved lave doser som en menopausal hormonbehandling for menopausale problemer som hetetokter, osteoporose og lav seksualdrift hos kvinner, og for \u00e5 behandle brystproblemer hos kvinner. Kj\u00f8p<br \/>\nMetyltestosteron 25 mg til oral bruk.<\/p>\n<h3>Metyltestosteron 25 mg til salgs for kvinner<\/h3>\n<p>Metyltestosteron 25 mg online for behandling av sen pubertet, hypogonadisme, kryptorkisme og erektil dysfunksjon hos menn, og i lave doser for \u00e5 behandle menopausale bivirkninger og for osteoporose, hetetokter og for \u00e5 bygge driv og vitalitet.<\/p>\n<p>Det er tilgjengelig som en p\u00e5tegning i lave doser i blanding med esterifiserte \u00f8strogener for behandling av moderate til ekstreme vasomotoriske indikasjoner relatert til overgangsalder hos kvinner. P\u00e5 buy-prescriptionz.com vil du vite hvordan du kj\u00f8per Methyltestosterone 25 mg online med trinnvis online st\u00f8tte.<\/p>\n<h3>Kj\u00f8p Methyltestosterone Online<\/h3>\n<p>Metyltestosteron er et syntetisk anabolt steroid utvunnet fra testosteron. Det brukes prim\u00e6rt til \u00e5 behandle tilstander for\u00e5rsaket av lave testosteronniv\u00e5er hos menn, som hypogonadisme, forsinket pubertet og impotens. Det er ogs\u00e5 foreskrevet til kvinner for \u00e5 behandle brystkreft og visse typer brystsmerter. Det beste metyltestosteronet virker ved \u00e5 supplere kroppens naturlige testosteronniv\u00e5er, og fremmer dermed utviklingen og vedlikeholdet av mannlige kj\u00f8nnskarakteristikker og st\u00f8tter ulike kroppsfunksjoner.<\/p>\n<h4>Fordeler med metyltestosteron<\/h4>\n<ol>\n<li>Behandling av hypogonadisme: Metyltestosteron er effektivt i behandling av hypogonadisme hos menn, en tilstand der kroppen ikke produserer nok testosteron. Denne behandlingen bidrar til \u00e5 gjenopprette normale testosteronniv\u00e5er, forbedre seksuell funksjon og generell velv\u00e6re.<\/li>\n<li>Forsinket pubertet: For gutter som opplever forsinket pubertet, kan metyltestosteron stimulere utviklingen av sekund\u00e6re seksuelle egenskaper, som \u00f8kt muskelmasse, dypere stemme og vekst av ansikts- og kroppsh\u00e5r.<\/li>\n<li>\u00d8kt muskelmasse og styrke: Metyltestosteron fremmer proteinsyntese, noe som f\u00f8rer til \u00f8kt muskelmasse og styrke. Dette er spesielt gunstig for kroppsbyggere og idrettsut\u00f8vere, men det b\u00f8r brukes ansvarlig for \u00e5 unng\u00e5 misbruk.<\/li>\n<li>Behandling av brystkreft: Hos kvinner kan metyltestosteron brukes til \u00e5 behandle visse typer brystkreft. Det virker ved \u00e5 redusere \u00f8strogenproduksjonen, noe som bremser veksten av \u00f8strogenavhengige kreftceller.<\/li>\n<li>Forbedret bentetthet: Ved \u00e5 \u00f8ke testosteronniv\u00e5ene bidrar metyltestosteron til \u00e5 forbedre bentettheten, noe som reduserer risikoen for osteoporose og brudd, spesielt hos menn med lave testosteronniv\u00e5er.<\/li>\n<\/ol>\n<h4>Bivirkninger av metyltestosteron<\/h4>\n<ol>\n<li>Levertoksisitet: En av de betydelige risikoene ved metyltestosteron er levertoksisitet, som kan f\u00f8re til alvorlig leverskade hvis den ikke overv\u00e5kes n\u00f8ye.<\/li>\n<li>Kardiovaskul\u00e6re problemer: Metyltestosteron kan \u00f8ke risikoen for kardiovaskul\u00e6re problemer, inkludert hjerteinfarkt, hjerneslag og hypertensjon.<\/li>\n<li>Hormonell ubalanse: Hos menn kan overdreven bruk f\u00f8re til hormonell ubalanse, noe som for\u00e5rsaker tilstander som gynekomasti (brystforst\u00f8rrelse) og testikkelatrofi (krymping av testiklene).<\/li>\n<li>Hum\u00f8rsvingninger: Brukere kan oppleve hum\u00f8rsvingninger, aggresjon og andre psykologiske effekter.<\/li>\n<li>Virilisering hos kvinner: Kvinner som bruker metyltestosteron kan oppleve virilisering, som inkluderer symptomer som dypere stemme, \u00f8kt kroppsh\u00e5r og menstruasjonsuregelmessigheter.<\/li>\n<li>Andre bivirkninger: Vanlige bivirkninger inkluderer kviser, h\u00e5rtap og endringer i libido.<\/li>\n<\/ol>\n<p>Gitt de potente effektene og potensielle risikoene, b\u00f8r metyltestosteron brukes under streng medisinsk tilsyn. Det er avgj\u00f8rende \u00e5 f\u00f8lge den foreskrevne doseringen og gjennomg\u00e5 regelmessige medisinske kontroller for \u00e5 overv\u00e5ke effekten p\u00e5 helsen.<\/p>\n<p>For mer informasjon og for \u00e5 kj\u00f8pe metyltestosteron, bes\u00f8k det beste apoteket buy-prescriptionz.com.<\/p>\n<h3>Kj\u00f8p Methyltestosterone 25 mg med diskret emballasje<\/h3>\n<p>De tilgjengelige dosene er 10 til 50 mg \/ dag hos menn for grunnleggende bruk for hypogonadisme og sen pubertet og 2,5 mg \/ dag hos kvinner for menopausale symptomer. F\u00e5 rask og sikker frakttjeneste for h\u00f8yere doser p\u00e5 50 til 200 mg \/ dag for brystrelaterte problemer.<\/p>\n<h3>Kj\u00f8pe Methyltestosterone 25 mg uten resept<\/h3>\n<p>Metyltestosteron brukes av vektl\u00f8ftere. buy-prescriptionz.com er stedet for hvor man kan kj\u00f8pe metyltestosteron 25 mg p\u00e5 nett. Som en AAS er metyltestosteron en agonist av androgenreseptoren, sammenlignet med androgener som testosteron og dihydrotestosteron.<\/p>\n<p>Bestill Methyltestosterone 25 mg online som et substrat for 5\u03b1-reduktase som testosteron, som forsterkes i p\u00e5st\u00e5tte androgene vev som hud, h\u00e5rsekker og prostataorgan.<\/p>\n<p>Som s\u00e5dan har metyltestosteron en moderat lav andel av anabole til androgene virkning, med en balanse til testosteron. N\u00e5 kan du kj\u00f8pe Methyltestosterone 25 mg uten lege p\u00e5 buy-prescriptionz.com med rask og sikker leveringstjeneste.<\/p>\n<p>Kj\u00f8p Methyltestosterone 25 mg online for b\u00e5de menn og kvinner som er ute etter denne medisinen for \u00e5 kj\u00f8pe Methyltestosterone 25 mg til billig pris, s\u00e5 er buy-prescriptionz.com den nettportalen for all din n\u00f8dvendige kvalitet og kvantitet.<\/p>","protected":false},"excerpt":{"rendered":"<p>Buy Methyltestosterone Online Buy Methyltestosterone 25 mg online at buy-prescriptionz.com Buy Methyltestosterone Online, is an androgen and anabolic steroid substance for the treatment of low testosterone levels in men, and late puberty in young men. At low dosages as a menopausal hormone treatment for menopausal issues like hot flashes, osteoporosis, and low sexual drive in [&hellip;]<\/p>","protected":false},"featured_media":3080,"comment_status":"open","ping_status":"closed","template":"","meta":{"site-sidebar-layout":"default","site-content-layout":"","ast-site-content-layout":"default","site-content-style":"default","site-sidebar-style":"default","ast-global-header-display":"","ast-banner-title-visibility":"","ast-main-header-display":"","ast-hfb-above-header-display":"","ast-hfb-below-header-display":"","ast-hfb-mobile-header-display":"","site-post-title":"","ast-breadcrumbs-content":"","ast-featured-img":"","footer-sml-layout":"","theme-transparent-header-meta":"default","adv-header-id-meta":"","stick-header-meta":"","header-above-stick-meta":"","header-main-stick-meta":"","header-below-stick-meta":"","astra-migrate-meta-layouts":"set","ast-page-background-enabled":"default","ast-page-background-meta":{"desktop":{"background-color":"var(--ast-global-color-4)","background-image":"","background-repeat":"repeat","background-position":"center center","background-size":"auto","background-attachment":"scroll","background-type":"","background-media":"","overlay-type":"","overlay-color":"","overlay-opacity":"","overlay-gradient":""},"tablet":{"background-color":"","background-image":"","background-repeat":"repeat","background-position":"center center","background-size":"auto","background-attachment":"scroll","background-type":"","background-media":"","overlay-type":"","overlay-color":"","overlay-opacity":"","overlay-gradient":""},"mobile":{"background-color":"","background-image":"","background-repeat":"repeat","background-position":"center center","background-size":"auto","background-attachment":"scroll","background-type":"","background-media":"","overlay-type":"","overlay-color":"","overlay-opacity":"","overlay-gradient":""}},"ast-content-background-meta":{"desktop":{"background-color":"var(--ast-global-color-5)","background-image":"","background-repeat":"repeat","background-position":"center center","background-size":"auto","background-attachment":"scroll","background-type":"","background-media":"","overlay-type":"","overlay-color":"","overlay-opacity":"","overlay-gradient":""},"tablet":{"background-color":"var(--ast-global-color-5)","background-image":"","background-repeat":"repeat","background-position":"center center","background-size":"auto","background-attachment":"scroll","background-type":"","background-media":"","overlay-type":"","overlay-color":"","overlay-opacity":"","overlay-gradient":""},"mobile":{"background-color":"var(--ast-global-color-5)","background-image":"","background-repeat":"repeat","background-position":"center center","background-size":"auto","background-attachment":"scroll","background-type":"","background-media":"","overlay-type":"","overlay-color":"","overlay-opacity":"","overlay-gradient":""}}},"product_brand":[],"product_cat":[2384],"product_tag":[1194,1195,1193,1188,1191,1190,1189,1192,1187,1186,1197,1196],"class_list":{"0":"post-3050","1":"product","2":"type-product","3":"status-publish","4":"has-post-thumbnail","6":"product_cat-buy-anabolic-steroids-online","7":"product_tag-buy-methyltestosterone-in-canada","8":"product_tag-buy-methyltestosterone-in-uk","9":"product_tag-buy-methyltestosterone-in-usa","10":"product_tag-buy-methyltestosterone-with-bitcoin","11":"product_tag-buy-methyltestosterone-with-credit-card","12":"product_tag-buy-methyltestosterone-with-money-gram","13":"product_tag-buy-methyltestosterone-with-western-union","14":"product_tag-buy-methyltestosterone-without-a-doctor","15":"product_tag-buy-methyltestosterone-without-prescription","16":"product_tag-methyltestosterone-for-sale","17":"product_tag-methyltestosterone-pills","18":"product_tag-methyltestosterone-tablets","19":"desktop-align-center","20":"tablet-align-left","21":"mobile-align-left","23":"first","24":"instock","25":"shipping-taxable","26":"purchasable","27":"product-type-variable","28":"has-default-attributes"},"yoast_head":"<!-- This site is optimized with the Yoast SEO plugin v25.9 - https:\/\/yoast.com\/wordpress\/plugins\/seo\/ -->\n<title>Buy Methyltestosterone Online - Methyltestosterone for Sale<\/title>\n<meta name=\"description\" content=\"You can get Methyltestosterone for sale at our Buy-Prescriptionz store and get it at your doorstep without any hassle. We help you buy Methyltestosterone online. Order Now!\" \/>\n<meta name=\"robots\" content=\"index, follow, max-snippet:-1, max-image-preview:large, max-video-preview:-1\" \/>\n<link rel=\"canonical\" href=\"https:\/\/buy-prescriptionz.com\/nb\/produkt\/kjop-metyltestosteron-pa-nett\/\" \/>\n<meta property=\"og:locale\" content=\"nb_NO\" \/>\n<meta property=\"og:type\" content=\"article\" \/>\n<meta property=\"og:title\" content=\"Buy Methyltestosterone Online - Methyltestosterone for Sale\" \/>\n<meta property=\"og:description\" content=\"You can get Methyltestosterone for sale at our Buy-Prescriptionz store and get it at your doorstep without any hassle. We help you buy Methyltestosterone online. Order Now!\" \/>\n<meta property=\"og:url\" content=\"https:\/\/buy-prescriptionz.com\/nb\/produkt\/kjop-metyltestosteron-pa-nett\/\" \/>\n<meta property=\"og:site_name\" content=\"Buy Prescriptionz\" \/>\n<meta property=\"article:modified_time\" content=\"2025-09-23T06:56:26+00:00\" \/>\n<meta property=\"og:image\" content=\"https:\/\/buy-prescriptionz.com\/wp-content\/uploads\/2025\/09\/methyltestosterone.jpg\" \/>\n\t<meta property=\"og:image:width\" content=\"400\" \/>\n\t<meta property=\"og:image:height\" content=\"300\" \/>\n\t<meta property=\"og:image:type\" content=\"image\/jpeg\" \/>\n<meta name=\"twitter:card\" content=\"summary_large_image\" \/>\n<meta name=\"twitter:label1\" content=\"Ansl. lesetid\" \/>\n\t<meta name=\"twitter:data1\" content=\"4 minutter\" \/>\n<script type=\"application\/ld+json\" class=\"yoast-schema-graph\">{\"@context\":\"https:\/\/schema.org\",\"@graph\":[{\"@type\":\"WebPage\",\"@id\":\"https:\/\/buy-prescriptionz.com\/product\/buy-methyltestosterone-online\/\",\"url\":\"https:\/\/buy-prescriptionz.com\/product\/buy-methyltestosterone-online\/\",\"name\":\"Buy Methyltestosterone Online - Methyltestosterone for Sale\",\"isPartOf\":{\"@id\":\"https:\/\/buy-prescriptionz.com\/#website\"},\"primaryImageOfPage\":{\"@id\":\"https:\/\/buy-prescriptionz.com\/product\/buy-methyltestosterone-online\/#primaryimage\"},\"image\":{\"@id\":\"https:\/\/buy-prescriptionz.com\/product\/buy-methyltestosterone-online\/#primaryimage\"},\"thumbnailUrl\":\"https:\/\/buy-prescriptionz.com\/wp-content\/uploads\/2025\/09\/methyltestosterone.jpg\",\"datePublished\":\"2025-09-16T08:56:09+00:00\",\"dateModified\":\"2025-09-23T06:56:26+00:00\",\"description\":\"You can get Methyltestosterone for sale at our Buy-Prescriptionz store and get it at your doorstep without any hassle. We help you buy Methyltestosterone online. Order Now!\",\"breadcrumb\":{\"@id\":\"https:\/\/buy-prescriptionz.com\/product\/buy-methyltestosterone-online\/#breadcrumb\"},\"inLanguage\":\"nb-NO\",\"potentialAction\":[{\"@type\":\"ReadAction\",\"target\":[\"https:\/\/buy-prescriptionz.com\/product\/buy-methyltestosterone-online\/\"]}]},{\"@type\":\"ImageObject\",\"inLanguage\":\"nb-NO\",\"@id\":\"https:\/\/buy-prescriptionz.com\/product\/buy-methyltestosterone-online\/#primaryimage\",\"url\":\"https:\/\/buy-prescriptionz.com\/wp-content\/uploads\/2025\/09\/methyltestosterone.jpg\",\"contentUrl\":\"https:\/\/buy-prescriptionz.com\/wp-content\/uploads\/2025\/09\/methyltestosterone.jpg\",\"width\":400,\"height\":300},{\"@type\":\"BreadcrumbList\",\"@id\":\"https:\/\/buy-prescriptionz.com\/product\/buy-methyltestosterone-online\/#breadcrumb\",\"itemListElement\":[{\"@type\":\"ListItem\",\"position\":1,\"name\":\"Home\",\"item\":\"https:\/\/buy-prescriptionz.com\/\"},{\"@type\":\"ListItem\",\"position\":2,\"name\":\"Shop Painkillers Online\",\"item\":\"https:\/\/buy-prescriptionz.com\/shop-painkillers-online\/\"},{\"@type\":\"ListItem\",\"position\":3,\"name\":\"Buy Methyltestosterone Online\"}]},{\"@type\":\"WebSite\",\"@id\":\"https:\/\/buy-prescriptionz.com\/#website\",\"url\":\"https:\/\/buy-prescriptionz.com\/\",\"name\":\"Buy Prescriptionz\",\"description\":\"Drugs Online\",\"publisher\":{\"@id\":\"https:\/\/buy-prescriptionz.com\/#organization\"},\"potentialAction\":[{\"@type\":\"SearchAction\",\"target\":{\"@type\":\"EntryPoint\",\"urlTemplate\":\"https:\/\/buy-prescriptionz.com\/?s={search_term_string}\"},\"query-input\":{\"@type\":\"PropertyValueSpecification\",\"valueRequired\":true,\"valueName\":\"search_term_string\"}}],\"inLanguage\":\"nb-NO\"},{\"@type\":\"Organization\",\"@id\":\"https:\/\/buy-prescriptionz.com\/#organization\",\"name\":\"Buy Prescriptionz\",\"url\":\"https:\/\/buy-prescriptionz.com\/\",\"logo\":{\"@type\":\"ImageObject\",\"inLanguage\":\"nb-NO\",\"@id\":\"https:\/\/buy-prescriptionz.com\/#\/schema\/logo\/image\/\",\"url\":\"https:\/\/buy-prescriptionz.com\/wp-content\/uploads\/2023\/09\/logo.png\",\"contentUrl\":\"https:\/\/buy-prescriptionz.com\/wp-content\/uploads\/2023\/09\/logo.png\",\"width\":350,\"height\":64,\"caption\":\"Buy Prescriptionz\"},\"image\":{\"@id\":\"https:\/\/buy-prescriptionz.com\/#\/schema\/logo\/image\/\"}}]}<\/script>\n<!-- \/ Yoast SEO plugin. -->","yoast_head_json":{"title":"Kj\u00f8p metyltestosteron p\u00e5 nett - Metyltestosteron til salgs","description":"Du kan f\u00e5 metyltestosteron til salgs i v\u00e5r Buy-Prescriptionz-butikk og f\u00e5 det levert p\u00e5 d\u00f8ren uten problemer. Vi hjelper deg med \u00e5 kj\u00f8pe metyltestosteron p\u00e5 nett. Bestill n\u00e5!","robots":{"index":"index","follow":"follow","max-snippet":"max-snippet:-1","max-image-preview":"max-image-preview:large","max-video-preview":"max-video-preview:-1"},"canonical":"https:\/\/buy-prescriptionz.com\/nb\/produkt\/kjop-metyltestosteron-pa-nett\/","og_locale":"nb_NO","og_type":"article","og_title":"Buy Methyltestosterone Online - Methyltestosterone for Sale","og_description":"You can get Methyltestosterone for sale at our Buy-Prescriptionz store and get it at your doorstep without any hassle. We help you buy Methyltestosterone online. Order Now!","og_url":"https:\/\/buy-prescriptionz.com\/nb\/produkt\/kjop-metyltestosteron-pa-nett\/","og_site_name":"Buy Prescriptionz","article_modified_time":"2025-09-23T06:56:26+00:00","og_image":[{"width":400,"height":300,"url":"https:\/\/buy-prescriptionz.com\/wp-content\/uploads\/2025\/09\/methyltestosterone.jpg","type":"image\/jpeg"}],"twitter_card":"summary_large_image","twitter_misc":{"Ansl. lesetid":"4 minutter"},"schema":{"@context":"https:\/\/schema.org","@graph":[{"@type":"WebPage","@id":"https:\/\/buy-prescriptionz.com\/product\/buy-methyltestosterone-online\/","url":"https:\/\/buy-prescriptionz.com\/product\/buy-methyltestosterone-online\/","name":"Kj\u00f8p metyltestosteron p\u00e5 nett - Metyltestosteron til salgs","isPartOf":{"@id":"https:\/\/buy-prescriptionz.com\/#website"},"primaryImageOfPage":{"@id":"https:\/\/buy-prescriptionz.com\/product\/buy-methyltestosterone-online\/#primaryimage"},"image":{"@id":"https:\/\/buy-prescriptionz.com\/product\/buy-methyltestosterone-online\/#primaryimage"},"thumbnailUrl":"https:\/\/buy-prescriptionz.com\/wp-content\/uploads\/2025\/09\/methyltestosterone.jpg","datePublished":"2025-09-16T08:56:09+00:00","dateModified":"2025-09-23T06:56:26+00:00","description":"Du kan f\u00e5 metyltestosteron til salgs i v\u00e5r Buy-Prescriptionz-butikk og f\u00e5 det levert p\u00e5 d\u00f8ren uten problemer. Vi hjelper deg med \u00e5 kj\u00f8pe metyltestosteron p\u00e5 nett. Bestill n\u00e5!","breadcrumb":{"@id":"https:\/\/buy-prescriptionz.com\/product\/buy-methyltestosterone-online\/#breadcrumb"},"inLanguage":"nb-NO","potentialAction":[{"@type":"ReadAction","target":["https:\/\/buy-prescriptionz.com\/product\/buy-methyltestosterone-online\/"]}]},{"@type":"ImageObject","inLanguage":"nb-NO","@id":"https:\/\/buy-prescriptionz.com\/product\/buy-methyltestosterone-online\/#primaryimage","url":"https:\/\/buy-prescriptionz.com\/wp-content\/uploads\/2025\/09\/methyltestosterone.jpg","contentUrl":"https:\/\/buy-prescriptionz.com\/wp-content\/uploads\/2025\/09\/methyltestosterone.jpg","width":400,"height":300},{"@type":"BreadcrumbList","@id":"https:\/\/buy-prescriptionz.com\/product\/buy-methyltestosterone-online\/#breadcrumb","itemListElement":[{"@type":"ListItem","position":1,"name":"Home","item":"https:\/\/buy-prescriptionz.com\/"},{"@type":"ListItem","position":2,"name":"Shop Painkillers Online","item":"https:\/\/buy-prescriptionz.com\/shop-painkillers-online\/"},{"@type":"ListItem","position":3,"name":"Buy Methyltestosterone Online"}]},{"@type":"WebSite","@id":"https:\/\/buy-prescriptionz.com\/#website","url":"https:\/\/buy-prescriptionz.com\/","name":"Buy Prescriptionz","description":"Drugs Online","publisher":{"@id":"https:\/\/buy-prescriptionz.com\/#organization"},"potentialAction":[{"@type":"SearchAction","target":{"@type":"EntryPoint","urlTemplate":"https:\/\/buy-prescriptionz.com\/?s={search_term_string}"},"query-input":{"@type":"PropertyValueSpecification","valueRequired":true,"valueName":"search_term_string"}}],"inLanguage":"nb-NO"},{"@type":"Organization","@id":"https:\/\/buy-prescriptionz.com\/#organization","name":"Buy Prescriptionz","url":"https:\/\/buy-prescriptionz.com\/","logo":{"@type":"ImageObject","inLanguage":"nb-NO","@id":"https:\/\/buy-prescriptionz.com\/#\/schema\/logo\/image\/","url":"https:\/\/buy-prescriptionz.com\/wp-content\/uploads\/2023\/09\/logo.png","contentUrl":"https:\/\/buy-prescriptionz.com\/wp-content\/uploads\/2023\/09\/logo.png","width":350,"height":64,"caption":"Buy Prescriptionz"},"image":{"@id":"https:\/\/buy-prescriptionz.com\/#\/schema\/logo\/image\/"}}]}},"_links":{"self":[{"href":"https:\/\/buy-prescriptionz.com\/nb\/wp-json\/wp\/v2\/product\/3050","targetHints":{"allow":["GET"]}}],"collection":[{"href":"https:\/\/buy-prescriptionz.com\/nb\/wp-json\/wp\/v2\/product"}],"about":[{"href":"https:\/\/buy-prescriptionz.com\/nb\/wp-json\/wp\/v2\/types\/product"}],"replies":[{"embeddable":true,"href":"https:\/\/buy-prescriptionz.com\/nb\/wp-json\/wp\/v2\/comments?post=3050"}],"wp:featuredmedia":[{"embeddable":true,"href":"https:\/\/buy-prescriptionz.com\/nb\/wp-json\/wp\/v2\/media\/3080"}],"wp:attachment":[{"href":"https:\/\/buy-prescriptionz.com\/nb\/wp-json\/wp\/v2\/media?parent=3050"}],"wp:term":[{"taxonomy":"product_brand","embeddable":true,"href":"https:\/\/buy-prescriptionz.com\/nb\/wp-json\/wp\/v2\/product_brand?post=3050"},{"taxonomy":"product_cat","embeddable":true,"href":"https:\/\/buy-prescriptionz.com\/nb\/wp-json\/wp\/v2\/product_cat?post=3050"},{"taxonomy":"product_tag","embeddable":true,"href":"https:\/\/buy-prescriptionz.com\/nb\/wp-json\/wp\/v2\/product_tag?post=3050"}],"curies":[{"name":"wp","href":"https:\/\/api.w.org\/{rel}","templated":true}]}}