{"id":3051,"date":"2025-09-16T08:56:09","date_gmt":"2025-09-16T08:56:09","guid":{"rendered":"https:\/\/chemsfine.com\/newsite\/?post_type=product&#038;p=3051"},"modified":"2025-09-22T05:26:12","modified_gmt":"2025-09-22T05:26:12","slug":"kjop-lasix-pa-nett","status":"publish","type":"product","link":"https:\/\/buy-prescriptionz.com\/nb\/produkt\/kjop-lasix-pa-nett\/","title":{"rendered":"Buy Lasix Online"},"content":{"rendered":"<h2>Buy Lasix Online<\/h2>\n<h3>Kj\u00f8p Lasix 40 mg p\u00e5 nett p\u00e5 buy-prescriptionz.com for hypertensjon<\/h3>\n<p>Kop Lasix online. La furosemide o Lasix \u00e8 un farmaco per il trattamento dell'escrezione liquida dovuta a nausea, problemi epatici o malattie renali. Acquista Lasix 40 mg anche per il trattamento dell'ipertensione. Lasix 40 mg online \u00e8 disponibile per infusione endovenosa o orale. Se assunto per via orale, inizia a fare effetto dopo circa 60 minuti, mentre per via endovenosa, inizia a fare effetto dopo circa cinque minuti.<\/p>\n<h3>Kj\u00f8p Lasix p\u00e5 nett: Fordeler, bivirkninger og oversikt<\/h3>\n<p>Lasix, ogs\u00e5 kjent som furosemid, er et kraftig vanndrivende legemiddel som prim\u00e6rt brukes til \u00e5 behandle v\u00e6skeretensjon (\u00f8dem) forbundet med hjertesvikt, leversykdom og nyresykdommer. Det brukes ogs\u00e5 til \u00e5 h\u00e5ndtere h\u00f8yt blodtrykk (hypertensjon). Lasix virker ved \u00e5 forhindre at kroppen absorberer for mye salt, noe som gj\u00f8r at saltet i stedet skilles ut i urinen.<\/p>\n<h4>Fordeler med Lasix<\/h4>\n<ol>\n<li>Reduserer v\u00e6skeretensjon: Lasix reduserer effektivt hevelse og v\u00e6skeopphopning i kroppen, noe som gj\u00f8r det lettere for pasienter med hjerte-, lever- eller nyreproblemer \u00e5 puste og bevege seg mer komfortabelt.<\/li>\n<li>H\u00e5ndterer hypertensjon: Ved \u00e5 fremme eliminering av overfl\u00f8dig v\u00e6ske bidrar Lasix til \u00e5 senke h\u00f8yt blodtrykk, noe som reduserer risikoen for hjerneslag og hjerteinfarkt.<\/li>\n<li>Forebygger komplikasjoner: Ved \u00e5 redusere \u00f8dem bidrar Lasix til \u00e5 forhindre komplikasjoner forbundet med alvorlig v\u00e6skeretensjon, som lunge\u00f8dem (v\u00e6ske i lungene) og alvorlig h\u00f8yt blodtrykk.<\/li>\n<li>Rask virkning: Lasix virker raskt og gir rask lindring av symptomer p\u00e5 v\u00e6skeretensjon og hypertensjon, noe som kan v\u00e6re avgj\u00f8rende for pasienter i akutt n\u00f8d.<\/li>\n<\/ol>\n<h4>Bivirkninger av Lasix<\/h4>\n<ol>\n<li>Elektrolyttubalanse: Vanlige bivirkninger inkluderer lave niv\u00e5er av kalium, natrium og magnesium i blodet, noe som kan for\u00e5rsake symptomer som muskelkramper, svakhet og uregelmessig hjerterytme.<\/li>\n<li>Dehydrering: Overdreven v\u00e6sketap kan f\u00f8re til dehydrering, noe som for\u00e5rsaker svimmelhet, munnt\u00f8rrhet og redusert urinproduksjon.<\/li>\n<li>Hypotensjon: Lasix kan for\u00e5rsake et betydelig fall i blodtrykket, noe som kan f\u00f8re til svimmelhet eller besvimelse, spesielt n\u00e5r man reiser seg raskt.<\/li>\n<li>H\u00f8rselsproblemer: H\u00f8ye doser eller rask intraven\u00f8s administrering av Lasix kan f\u00f8re til midlertidig eller permanent h\u00f8rselstap.<\/li>\n<li>Allergiske reaksjoner: Noen pasienter kan oppleve allergiske reaksjoner, inkludert utslett, kl\u00f8e eller pustevansker.<\/li>\n<\/ol>\n<p>Det er \u00e5 foretrekke \u00e5 ta den beste Lasix under medisinsk tilsyn p\u00e5 grunn av dens sterke effekter og mulige bivirkninger. \u00c5 f\u00f8lge anbefalt dose og planlegge rutinemessige unders\u00f8kelser er avgj\u00f8rende for \u00e5 overv\u00e5ke nyrefunksjon og elektrolyttniv\u00e5er. For \u00e5 f\u00e5 Lasix og f\u00e5 mer informasjon, g\u00e5 til buy-prescriptionz.com, det beste apoteket.<\/p>\n<h3>Lasix 40 mg til salgs til utrolige priser<\/h3>\n<p>Ikke bekymre deg for hvordan du kj\u00f8per Lasix 40 mg p\u00e5 nett for behandling av \u00f8dem og hypertensjon. Bestill Lasix 40 mg p\u00e5 nett ogs\u00e5 for levercirrose, nyreimpedans, nefrotisk lidelse, i behandling av hevelse i vener eller lunger der rask diurese er n\u00f8dvendig, og i behandling av alvorlig hyperkalsemi.<\/p>\n<p>Lasix utskilles ved sylindrisk emisjon i nyren. Lavere doser foreskrives til mer etablerte pasienter for \u00e5 begrense symptomer, og h\u00f8ye doser er n\u00f8dvendige ved nyresvikt. Det kan for\u00e5rsake nyreskade hvis det tas i overkant.<\/p>\n<h3>Hvor kan man kj\u00f8pe Lasix 40 mg p\u00e5 nett for amerikanske pasienter<\/h3>\n<p>Kj\u00f8p Lasix 40 mg uten resept som virker etter 1 time etter oralt inntak, og etter IV-infusjon er effekten inntruffet etter omtrent 30 minutter. Bestill n\u00e5 p\u00e5 buy-prescriptionz.com for rask og sikker leveringstjeneste. Diurese oppleves i 6\u20138 timer etter oral injeksjon for n\u00f8dstilfeller. Furosemid er en ikke-konkurrerende subtype-eksplisitt blokker av GABA-A-reseptorer. Furosemid har blitt tilordnet reversible GABA-fremkalte str\u00f8mmer av \u03b16\u03b22\u03b32-reseptorer ved \u00b5M fokus, men ikke \u03b11\u03b22\u03b32-reseptorer. Kj\u00f8p Lasix 40 mg til en billig pris for bulkbestillinger p\u00e5 buy-prescriptionz.com.<\/p>\n<h3>Kj\u00f8p Lasix 40 mg p\u00e5 nett<\/h3>\n<p>Aktiviteten p\u00e5 de distale tubuli er uavhengig av enhver hemmende p\u00e5virkning p\u00e5 karbonsyreanhydrase eller aldosteron; den opphever den kortikomedull\u00e6re osmotiske prosessen og negativ, like positiv, fri vannavgang. Kj\u00f8p n\u00e5 Lasix 40 mg uten legehjelp med en rask og sikker leveringstjeneste p\u00e5 buy-prescriptionz.com.<\/p>\n<p>Kj\u00f8p Lasix 40 mg med diskret emballasje, som andre diuretika, virker ved \u00e5 begrense den luminale Na-K-Cl-kotransport\u00f8ren i vedhenget ved \u00e5 transportere den autorit\u00e6re til kloridkanalen, noe som for\u00e5rsaker natrium-, klorid- og kaliumtap i urinen.<\/p>","protected":false},"excerpt":{"rendered":"<p>Buy Lasix Online Buy Lasix 40 mg online at buy-prescriptionz.com for Hypertension Buy Lasix Online,Furosemide or Lasix is a drug for treating liquid excretion because of nausea, liver issues, or kidney disease. Buy Lasix 40 mg for the treatment of high blood pressure also. Lasix 40 mg online is available for infusion into a vein [&hellip;]<\/p>","protected":false},"featured_media":3081,"comment_status":"open","ping_status":"closed","template":"","meta":{"site-sidebar-layout":"default","site-content-layout":"","ast-site-content-layout":"default","site-content-style":"default","site-sidebar-style":"default","ast-global-header-display":"","ast-banner-title-visibility":"","ast-main-header-display":"","ast-hfb-above-header-display":"","ast-hfb-below-header-display":"","ast-hfb-mobile-header-display":"","site-post-title":"","ast-breadcrumbs-content":"","ast-featured-img":"","footer-sml-layout":"","theme-transparent-header-meta":"default","adv-header-id-meta":"","stick-header-meta":"","header-above-stick-meta":"","header-main-stick-meta":"","header-below-stick-meta":"","astra-migrate-meta-layouts":"set","ast-page-background-enabled":"default","ast-page-background-meta":{"desktop":{"background-color":"var(--ast-global-color-4)","background-image":"","background-repeat":"repeat","background-position":"center center","background-size":"auto","background-attachment":"scroll","background-type":"","background-media":"","overlay-type":"","overlay-color":"","overlay-opacity":"","overlay-gradient":""},"tablet":{"background-color":"","background-image":"","background-repeat":"repeat","background-position":"center center","background-size":"auto","background-attachment":"scroll","background-type":"","background-media":"","overlay-type":"","overlay-color":"","overlay-opacity":"","overlay-gradient":""},"mobile":{"background-color":"","background-image":"","background-repeat":"repeat","background-position":"center center","background-size":"auto","background-attachment":"scroll","background-type":"","background-media":"","overlay-type":"","overlay-color":"","overlay-opacity":"","overlay-gradient":""}},"ast-content-background-meta":{"desktop":{"background-color":"var(--ast-global-color-5)","background-image":"","background-repeat":"repeat","background-position":"center center","background-size":"auto","background-attachment":"scroll","background-type":"","background-media":"","overlay-type":"","overlay-color":"","overlay-opacity":"","overlay-gradient":""},"tablet":{"background-color":"var(--ast-global-color-5)","background-image":"","background-repeat":"repeat","background-position":"center center","background-size":"auto","background-attachment":"scroll","background-type":"","background-media":"","overlay-type":"","overlay-color":"","overlay-opacity":"","overlay-gradient":""},"mobile":{"background-color":"var(--ast-global-color-5)","background-image":"","background-repeat":"repeat","background-position":"center center","background-size":"auto","background-attachment":"scroll","background-type":"","background-media":"","overlay-type":"","overlay-color":"","overlay-opacity":"","overlay-gradient":""}}},"product_brand":[],"product_cat":[2384],"product_tag":[1278,1279,1277,1272,1275,1274,1273,1276,1271,1270,1281,1280],"class_list":{"0":"post-3051","1":"product","2":"type-product","3":"status-publish","4":"has-post-thumbnail","6":"product_cat-buy-anabolic-steroids-online","7":"product_tag-buy-lasix-in-canada","8":"product_tag-buy-lasix-in-uk","9":"product_tag-buy-lasix-in-usa","10":"product_tag-buy-lasix-with-bitcoin","11":"product_tag-buy-lasix-with-credit-card","12":"product_tag-buy-lasix-with-money-gram","13":"product_tag-buy-lasix-with-western-union","14":"product_tag-buy-lasix-without-a-doctor","15":"product_tag-buy-lasix-without-prescription","16":"product_tag-lasix-for-sale","17":"product_tag-lasix-pills","18":"product_tag-lasix-tablets","19":"desktop-align-center","20":"tablet-align-left","21":"mobile-align-left","23":"first","24":"instock","25":"shipping-taxable","26":"purchasable","27":"product-type-variable","28":"has-default-attributes"},"yoast_head":"<!-- This site is optimized with the Yoast SEO plugin v25.9 - https:\/\/yoast.com\/wordpress\/plugins\/seo\/ -->\n<title>Buy Lasix Online - Lasix for Sale | Buy-Prescriptionz<\/title>\n<meta name=\"description\" content=\"Get Lasix for sale at pocket-friendly prices from our Buy-Prescriptionz store. We will help you buy lasix online. Accept your order and deliver it to you soon!\" \/>\n<meta name=\"robots\" content=\"index, follow, max-snippet:-1, max-image-preview:large, max-video-preview:-1\" \/>\n<link rel=\"canonical\" href=\"https:\/\/buy-prescriptionz.com\/nb\/produkt\/kjop-lasix-pa-nett\/\" \/>\n<meta property=\"og:locale\" content=\"nb_NO\" \/>\n<meta property=\"og:type\" content=\"article\" \/>\n<meta property=\"og:title\" content=\"Buy Lasix Online - Lasix for Sale | Buy-Prescriptionz\" \/>\n<meta property=\"og:description\" content=\"Get Lasix for sale at pocket-friendly prices from our Buy-Prescriptionz store. We will help you buy lasix online. Accept your order and deliver it to you soon!\" \/>\n<meta property=\"og:url\" content=\"https:\/\/buy-prescriptionz.com\/nb\/produkt\/kjop-lasix-pa-nett\/\" \/>\n<meta property=\"og:site_name\" content=\"Buy Prescriptionz\" \/>\n<meta property=\"article:modified_time\" content=\"2025-09-22T05:26:12+00:00\" \/>\n<meta property=\"og:image\" content=\"https:\/\/buy-prescriptionz.com\/wp-content\/uploads\/2025\/09\/lasix.jpg\" \/>\n\t<meta property=\"og:image:width\" content=\"400\" \/>\n\t<meta property=\"og:image:height\" content=\"300\" \/>\n\t<meta property=\"og:image:type\" content=\"image\/jpeg\" \/>\n<meta name=\"twitter:card\" content=\"summary_large_image\" \/>\n<meta name=\"twitter:label1\" content=\"Ansl. lesetid\" \/>\n\t<meta name=\"twitter:data1\" content=\"4 minutter\" \/>\n<script type=\"application\/ld+json\" class=\"yoast-schema-graph\">{\"@context\":\"https:\/\/schema.org\",\"@graph\":[{\"@type\":\"WebPage\",\"@id\":\"https:\/\/buy-prescriptionz.com\/product\/buy-lasix-online\/\",\"url\":\"https:\/\/buy-prescriptionz.com\/product\/buy-lasix-online\/\",\"name\":\"Buy Lasix Online - Lasix for Sale | Buy-Prescriptionz\",\"isPartOf\":{\"@id\":\"https:\/\/buy-prescriptionz.com\/#website\"},\"primaryImageOfPage\":{\"@id\":\"https:\/\/buy-prescriptionz.com\/product\/buy-lasix-online\/#primaryimage\"},\"image\":{\"@id\":\"https:\/\/buy-prescriptionz.com\/product\/buy-lasix-online\/#primaryimage\"},\"thumbnailUrl\":\"https:\/\/buy-prescriptionz.com\/wp-content\/uploads\/2025\/09\/lasix.jpg\",\"datePublished\":\"2025-09-16T08:56:09+00:00\",\"dateModified\":\"2025-09-22T05:26:12+00:00\",\"description\":\"Get Lasix for sale at pocket-friendly prices from our Buy-Prescriptionz store. We will help you buy lasix online. Accept your order and deliver it to you soon!\",\"breadcrumb\":{\"@id\":\"https:\/\/buy-prescriptionz.com\/product\/buy-lasix-online\/#breadcrumb\"},\"inLanguage\":\"nb-NO\",\"potentialAction\":[{\"@type\":\"ReadAction\",\"target\":[\"https:\/\/buy-prescriptionz.com\/product\/buy-lasix-online\/\"]}]},{\"@type\":\"ImageObject\",\"inLanguage\":\"nb-NO\",\"@id\":\"https:\/\/buy-prescriptionz.com\/product\/buy-lasix-online\/#primaryimage\",\"url\":\"https:\/\/buy-prescriptionz.com\/wp-content\/uploads\/2025\/09\/lasix.jpg\",\"contentUrl\":\"https:\/\/buy-prescriptionz.com\/wp-content\/uploads\/2025\/09\/lasix.jpg\",\"width\":400,\"height\":300},{\"@type\":\"BreadcrumbList\",\"@id\":\"https:\/\/buy-prescriptionz.com\/product\/buy-lasix-online\/#breadcrumb\",\"itemListElement\":[{\"@type\":\"ListItem\",\"position\":1,\"name\":\"Home\",\"item\":\"https:\/\/buy-prescriptionz.com\/\"},{\"@type\":\"ListItem\",\"position\":2,\"name\":\"Shop Painkillers Online\",\"item\":\"https:\/\/buy-prescriptionz.com\/shop-painkillers-online\/\"},{\"@type\":\"ListItem\",\"position\":3,\"name\":\"Buy Lasix Online\"}]},{\"@type\":\"WebSite\",\"@id\":\"https:\/\/buy-prescriptionz.com\/#website\",\"url\":\"https:\/\/buy-prescriptionz.com\/\",\"name\":\"Buy Prescriptionz\",\"description\":\"Drugs Online\",\"publisher\":{\"@id\":\"https:\/\/buy-prescriptionz.com\/#organization\"},\"potentialAction\":[{\"@type\":\"SearchAction\",\"target\":{\"@type\":\"EntryPoint\",\"urlTemplate\":\"https:\/\/buy-prescriptionz.com\/?s={search_term_string}\"},\"query-input\":{\"@type\":\"PropertyValueSpecification\",\"valueRequired\":true,\"valueName\":\"search_term_string\"}}],\"inLanguage\":\"nb-NO\"},{\"@type\":\"Organization\",\"@id\":\"https:\/\/buy-prescriptionz.com\/#organization\",\"name\":\"Buy Prescriptionz\",\"url\":\"https:\/\/buy-prescriptionz.com\/\",\"logo\":{\"@type\":\"ImageObject\",\"inLanguage\":\"nb-NO\",\"@id\":\"https:\/\/buy-prescriptionz.com\/#\/schema\/logo\/image\/\",\"url\":\"https:\/\/buy-prescriptionz.com\/wp-content\/uploads\/2023\/09\/logo.png\",\"contentUrl\":\"https:\/\/buy-prescriptionz.com\/wp-content\/uploads\/2023\/09\/logo.png\",\"width\":350,\"height\":64,\"caption\":\"Buy Prescriptionz\"},\"image\":{\"@id\":\"https:\/\/buy-prescriptionz.com\/#\/schema\/logo\/image\/\"}}]}<\/script>\n<!-- \/ Yoast SEO plugin. -->","yoast_head_json":{"title":"Kj\u00f8p Lasix p\u00e5 nett - Lasix til salgs | Buy-Prescriptionz","description":"F\u00e5 Lasix til salgs til lommebokvennlige priser fra v\u00e5r Buy-Prescriptionz-butikk. Vi hjelper deg med \u00e5 kj\u00f8pe Lasix p\u00e5 nett. Godta bestillingen din og lever den til deg snart!","robots":{"index":"index","follow":"follow","max-snippet":"max-snippet:-1","max-image-preview":"max-image-preview:large","max-video-preview":"max-video-preview:-1"},"canonical":"https:\/\/buy-prescriptionz.com\/nb\/produkt\/kjop-lasix-pa-nett\/","og_locale":"nb_NO","og_type":"article","og_title":"Buy Lasix Online - Lasix for Sale | Buy-Prescriptionz","og_description":"Get Lasix for sale at pocket-friendly prices from our Buy-Prescriptionz store. We will help you buy lasix online. Accept your order and deliver it to you soon!","og_url":"https:\/\/buy-prescriptionz.com\/nb\/produkt\/kjop-lasix-pa-nett\/","og_site_name":"Buy Prescriptionz","article_modified_time":"2025-09-22T05:26:12+00:00","og_image":[{"width":400,"height":300,"url":"https:\/\/buy-prescriptionz.com\/wp-content\/uploads\/2025\/09\/lasix.jpg","type":"image\/jpeg"}],"twitter_card":"summary_large_image","twitter_misc":{"Ansl. lesetid":"4 minutter"},"schema":{"@context":"https:\/\/schema.org","@graph":[{"@type":"WebPage","@id":"https:\/\/buy-prescriptionz.com\/product\/buy-lasix-online\/","url":"https:\/\/buy-prescriptionz.com\/product\/buy-lasix-online\/","name":"Kj\u00f8p Lasix p\u00e5 nett - Lasix til salgs | Buy-Prescriptionz","isPartOf":{"@id":"https:\/\/buy-prescriptionz.com\/#website"},"primaryImageOfPage":{"@id":"https:\/\/buy-prescriptionz.com\/product\/buy-lasix-online\/#primaryimage"},"image":{"@id":"https:\/\/buy-prescriptionz.com\/product\/buy-lasix-online\/#primaryimage"},"thumbnailUrl":"https:\/\/buy-prescriptionz.com\/wp-content\/uploads\/2025\/09\/lasix.jpg","datePublished":"2025-09-16T08:56:09+00:00","dateModified":"2025-09-22T05:26:12+00:00","description":"F\u00e5 Lasix til salgs til lommebokvennlige priser fra v\u00e5r Buy-Prescriptionz-butikk. Vi hjelper deg med \u00e5 kj\u00f8pe Lasix p\u00e5 nett. Godta bestillingen din og lever den til deg snart!","breadcrumb":{"@id":"https:\/\/buy-prescriptionz.com\/product\/buy-lasix-online\/#breadcrumb"},"inLanguage":"nb-NO","potentialAction":[{"@type":"ReadAction","target":["https:\/\/buy-prescriptionz.com\/product\/buy-lasix-online\/"]}]},{"@type":"ImageObject","inLanguage":"nb-NO","@id":"https:\/\/buy-prescriptionz.com\/product\/buy-lasix-online\/#primaryimage","url":"https:\/\/buy-prescriptionz.com\/wp-content\/uploads\/2025\/09\/lasix.jpg","contentUrl":"https:\/\/buy-prescriptionz.com\/wp-content\/uploads\/2025\/09\/lasix.jpg","width":400,"height":300},{"@type":"BreadcrumbList","@id":"https:\/\/buy-prescriptionz.com\/product\/buy-lasix-online\/#breadcrumb","itemListElement":[{"@type":"ListItem","position":1,"name":"Home","item":"https:\/\/buy-prescriptionz.com\/"},{"@type":"ListItem","position":2,"name":"Shop Painkillers Online","item":"https:\/\/buy-prescriptionz.com\/shop-painkillers-online\/"},{"@type":"ListItem","position":3,"name":"Buy Lasix Online"}]},{"@type":"WebSite","@id":"https:\/\/buy-prescriptionz.com\/#website","url":"https:\/\/buy-prescriptionz.com\/","name":"Buy Prescriptionz","description":"Drugs Online","publisher":{"@id":"https:\/\/buy-prescriptionz.com\/#organization"},"potentialAction":[{"@type":"SearchAction","target":{"@type":"EntryPoint","urlTemplate":"https:\/\/buy-prescriptionz.com\/?s={search_term_string}"},"query-input":{"@type":"PropertyValueSpecification","valueRequired":true,"valueName":"search_term_string"}}],"inLanguage":"nb-NO"},{"@type":"Organization","@id":"https:\/\/buy-prescriptionz.com\/#organization","name":"Buy Prescriptionz","url":"https:\/\/buy-prescriptionz.com\/","logo":{"@type":"ImageObject","inLanguage":"nb-NO","@id":"https:\/\/buy-prescriptionz.com\/#\/schema\/logo\/image\/","url":"https:\/\/buy-prescriptionz.com\/wp-content\/uploads\/2023\/09\/logo.png","contentUrl":"https:\/\/buy-prescriptionz.com\/wp-content\/uploads\/2023\/09\/logo.png","width":350,"height":64,"caption":"Buy Prescriptionz"},"image":{"@id":"https:\/\/buy-prescriptionz.com\/#\/schema\/logo\/image\/"}}]}},"_links":{"self":[{"href":"https:\/\/buy-prescriptionz.com\/nb\/wp-json\/wp\/v2\/product\/3051","targetHints":{"allow":["GET"]}}],"collection":[{"href":"https:\/\/buy-prescriptionz.com\/nb\/wp-json\/wp\/v2\/product"}],"about":[{"href":"https:\/\/buy-prescriptionz.com\/nb\/wp-json\/wp\/v2\/types\/product"}],"replies":[{"embeddable":true,"href":"https:\/\/buy-prescriptionz.com\/nb\/wp-json\/wp\/v2\/comments?post=3051"}],"wp:featuredmedia":[{"embeddable":true,"href":"https:\/\/buy-prescriptionz.com\/nb\/wp-json\/wp\/v2\/media\/3081"}],"wp:attachment":[{"href":"https:\/\/buy-prescriptionz.com\/nb\/wp-json\/wp\/v2\/media?parent=3051"}],"wp:term":[{"taxonomy":"product_brand","embeddable":true,"href":"https:\/\/buy-prescriptionz.com\/nb\/wp-json\/wp\/v2\/product_brand?post=3051"},{"taxonomy":"product_cat","embeddable":true,"href":"https:\/\/buy-prescriptionz.com\/nb\/wp-json\/wp\/v2\/product_cat?post=3051"},{"taxonomy":"product_tag","embeddable":true,"href":"https:\/\/buy-prescriptionz.com\/nb\/wp-json\/wp\/v2\/product_tag?post=3051"}],"curies":[{"name":"wp","href":"https:\/\/api.w.org\/{rel}","templated":true}]}}