{"id":3052,"date":"2025-09-16T08:56:09","date_gmt":"2025-09-16T08:56:09","guid":{"rendered":"https:\/\/chemsfine.com\/newsite\/?post_type=product&#038;p=3052"},"modified":"2025-09-22T11:15:45","modified_gmt":"2025-09-22T11:15:45","slug":"kjop-insulin-pa-nett","status":"publish","type":"product","link":"https:\/\/buy-prescriptionz.com\/nb\/produkt\/kjop-insulin-pa-nett\/","title":{"rendered":"Buy Insulin Online"},"content":{"rendered":"<h1>Kj\u00f8p insulin p\u00e5 nett med 100 mg, 150 mg og 50 mg<\/h1>\n<p>Kj\u00f8pe<a href=\"https:\/\/en.wikipedia.org\/wiki\/Insulin\"> Insulin<\/a> P\u00e5 nett er et peptidhormon produsert av betacellene i bukspyttkjertel\u00f8yene; det er kroppens grunnleggende anabole hormon. Hvor kan man kj\u00f8pe insulin p\u00e5 nett p\u00e5 buy-prescriptionz.com som styrer ford\u00f8yelsen av stivelse, fett og protein ved \u00e5 hjelpe inntaket av sukker, glukose fra blodet til lever, fett og skjelettmuskelceller.<\/p>\n<p>Insulin er et viktig hormon for \u00e5 regulere blodsukkerniv\u00e5et, og er essensielt for diabetesbehandling. Det hjelper kroppen med \u00e5 bruke glukose effektivt, og forhindrer komplikasjoner fra h\u00f8yt eller lavt blodsukker. For en praktisk og p\u00e5litelig m\u00e5te \u00e5 kj\u00f8pe insulin p\u00e5, bes\u00f8k det beste apoteket Buy-prescriptionz.com. De tilbyr et bredt utvalg av insulinalternativer, slik at du f\u00e5r medisinen du trenger raskt og sikkert.<\/p>\n<h2>Kj\u00f8p insulin p\u00e5 nett. P\u00e5 buy-prescriptionz.com for USA og europeiske stater.<\/h2>\n<p>Den assimilerte glukosen omdannes enten til glykogen ved glykogenese eller fett (triglyserider) ved lipogenese, eller, i leveren, til begge deler. Glukose Sirkulerende insulin p\u00e5virker sammensl\u00e5ingen av proteiner i forskjellige vev.<\/p>\n<p><a href=\"https:\/\/buy-prescriptionz.com\/nb\/produkt\/dormicum\/\">Insulin<\/a> Til salgs p\u00e5 buy-prescriptionz.com for diabetespasienter, da det er et anabolt hormon som hjelper med frigj\u00f8ring og omdannelse av partikler i blodet. Lave insulinniv\u00e5er i blodet har motsatt effekt ved \u00e5 fremme vidtrekkende katabolisme, spesielt forholdet mellom muskler og fett. Det er ikke vanskelig \u00e5 vite hvor du kan kj\u00f8pe insulin p\u00e5 nett, fordi du p\u00e5 prescriptionz.com kan kj\u00f8pe den \u00f8nskede kvaliteten n\u00e5r som helst og hvor som helst. Dormicum Online<\/p>\n<h3>Fordeler<\/h3>\n<ul>\n<li>Bekvemmelighet: Du kan enkelt bestille det beste insulinet hjemmefra uten \u00e5 m\u00e5tte bes\u00f8ke et apotek. Dette er spesielt gunstig for de med mobilitetsproblemer eller travle timeplaner.<\/li>\n<li>Kostnadsbesparelser: Nettapotek tilbyr ofte mer konkurransedyktige priser sammenlignet med lokale apotek. Du kan ogs\u00e5 finne rabatter og muligheter for bulkkj\u00f8p.<\/li>\n<li>Personvern: \u00c5 kj\u00f8pe insulin p\u00e5 nett muliggj\u00f8r en diskret prosess, noe som kan v\u00e6re viktig for de som foretrekker \u00e5 holde sine medisinske tilstander private.<\/li>\n<\/ul>\n<h3>Uses<\/h3>\n<ul>\n<li>Reguler blodsukkeret: Insulin er viktig for \u00e5 h\u00e5ndtere b\u00e5de type 1 og type 2 diabetes, og bidrar til \u00e5 opprettholde normale blodsukkerniv\u00e5er.<\/li>\n<li>Kontroller hyperglykemi: Ved \u00e5 senke blodsukkerniv\u00e5et forhindrer insulin komplikasjonene forbundet med h\u00f8yt blodsukker, som nerveskader og kardiovaskul\u00e6re problemer.<\/li>\n<li>St\u00f8tter stoffskiftet: Insulin hjelper kroppen med \u00e5 bruke glukose effektivt, noe som er avgj\u00f8rende for energiproduksjon og generell metabolsk funksjon.<\/li>\n<\/ul>\n<h3>Bivirkninger<\/h3>\n<ul>\n<li>Hypoglykemi: Lavt blodsukker er en vanlig bivirkning av insulin, preget av symptomer som svimmelhet, svetting og forvirring.<\/li>\n<li>Vekt\u00f8kning: Langvarig bruk av insulin kan f\u00f8re til vekt\u00f8kning, da det fremmer lagring av glukose som fett.<\/li>\n<li>Allergiske reaksjoner: Noen pasienter kan oppleve allergiske reaksjoner, inkludert utslett, kl\u00f8e eller pustevansker.<\/li>\n<li>Problemer med injeksjonsstedet: Gjentatte insulininjeksjoner kan for\u00e5rsake lokaliserte problemer som r\u00f8dhet, hevelse eller lipodystrofi (unormal fordeling av fett).<\/li>\n<\/ul>\n<h3>\u00a0Insulin uten resept og rask og sikker leveringstjeneste<\/h3>\n<p>L\u00e6r hvordan du kj\u00f8per insulin p\u00e5 nett p\u00e5 prescriptionz.com, ettersom betaceller er f\u00f8lsomme for glukoseproduksjon, kalt glukoseniv\u00e5er. Hvis glukoseniv\u00e5et er h\u00f8yt, frigj\u00f8r betacellene insulin i blodet; n\u00e5r glukoseniv\u00e5et er lavt, hemmes frigj\u00f8ringen av insulin. Glukagon, som frigj\u00f8r glukose gjennom leveren via glykogenolyse og glukoneogenese, har motsatt effekt av insulin. Du kan kj\u00f8pe insulin p\u00e5 nett og ogs\u00e5 kj\u00f8pe insulin til en billig pris.<\/p>\n<p>F\u00e5 insulin uten lege, som for eksempel hurtigvirkende insuliner som ikke krever infusjon for \u00e5 feste, er foreskrevet for humant insulin og animalsk insulin. Det langtidsvirkende insulinet; det f\u00f8rste av disse var Lantus (insulin glargin). Bestill dette produktet som har en jevn effekt i en periode p\u00e5 18 til 24 timer. Et annet insulin med forlenget frigivelse er Levemir, som er basert p\u00e5 en acyleringsmetode for umettet fett. Kj\u00f8p ogs\u00e5 insulin med diskret emballasje p\u00e5 buy-prescriptionz.com med rask og sikker leveringstjeneste rundt om i USA og i utvalgte europeiske stater.<\/p>","protected":false},"excerpt":{"rendered":"<p>Buy Insulin Online of 100 mg, 150 mg, and 50 mg Buy Insulin Online is a peptide hormone produced by beta cells of the pancreatic islets; it is the fundamental anabolic hormone of the body. Where to Buy Insulin online at buy-prescriptionz.com that directs the digestion of starches, fats, and protein by helping the ingestion [&hellip;]<\/p>","protected":false},"featured_media":3082,"comment_status":"open","ping_status":"closed","template":"","meta":{"site-sidebar-layout":"default","site-content-layout":"","ast-site-content-layout":"default","site-content-style":"default","site-sidebar-style":"default","ast-global-header-display":"","ast-banner-title-visibility":"","ast-main-header-display":"","ast-hfb-above-header-display":"","ast-hfb-below-header-display":"","ast-hfb-mobile-header-display":"","site-post-title":"","ast-breadcrumbs-content":"","ast-featured-img":"","footer-sml-layout":"","theme-transparent-header-meta":"default","adv-header-id-meta":"","stick-header-meta":"","header-above-stick-meta":"","header-main-stick-meta":"","header-below-stick-meta":"","astra-migrate-meta-layouts":"set","ast-page-background-enabled":"default","ast-page-background-meta":{"desktop":{"background-color":"var(--ast-global-color-4)","background-image":"","background-repeat":"repeat","background-position":"center center","background-size":"auto","background-attachment":"scroll","background-type":"","background-media":"","overlay-type":"","overlay-color":"","overlay-opacity":"","overlay-gradient":""},"tablet":{"background-color":"","background-image":"","background-repeat":"repeat","background-position":"center center","background-size":"auto","background-attachment":"scroll","background-type":"","background-media":"","overlay-type":"","overlay-color":"","overlay-opacity":"","overlay-gradient":""},"mobile":{"background-color":"","background-image":"","background-repeat":"repeat","background-position":"center center","background-size":"auto","background-attachment":"scroll","background-type":"","background-media":"","overlay-type":"","overlay-color":"","overlay-opacity":"","overlay-gradient":""}},"ast-content-background-meta":{"desktop":{"background-color":"var(--ast-global-color-5)","background-image":"","background-repeat":"repeat","background-position":"center center","background-size":"auto","background-attachment":"scroll","background-type":"","background-media":"","overlay-type":"","overlay-color":"","overlay-opacity":"","overlay-gradient":""},"tablet":{"background-color":"var(--ast-global-color-5)","background-image":"","background-repeat":"repeat","background-position":"center center","background-size":"auto","background-attachment":"scroll","background-type":"","background-media":"","overlay-type":"","overlay-color":"","overlay-opacity":"","overlay-gradient":""},"mobile":{"background-color":"var(--ast-global-color-5)","background-image":"","background-repeat":"repeat","background-position":"center center","background-size":"auto","background-attachment":"scroll","background-type":"","background-media":"","overlay-type":"","overlay-color":"","overlay-opacity":"","overlay-gradient":""}}},"product_brand":[],"product_cat":[2384],"product_tag":[],"class_list":{"0":"post-3052","1":"product","2":"type-product","3":"status-publish","4":"has-post-thumbnail","6":"product_cat-buy-anabolic-steroids-online","7":"desktop-align-center","8":"tablet-align-left","9":"mobile-align-left","11":"first","12":"instock","13":"shipping-taxable","14":"purchasable","15":"product-type-variable","16":"has-default-attributes"},"yoast_head":"<!-- This site is optimized with the Yoast SEO plugin v25.9 - https:\/\/yoast.com\/wordpress\/plugins\/seo\/ -->\n<title>Buy Insulin Online - buy insulin online from walmart,insulin for sale online<\/title>\n<meta name=\"description\" content=\"Buy Insulin Online.where to buy insulin cheap,Buy Lantus insulin online works by controlling blood over the counter insulin walmart\" \/>\n<meta name=\"robots\" content=\"index, follow, max-snippet:-1, max-image-preview:large, max-video-preview:-1\" \/>\n<link rel=\"canonical\" href=\"https:\/\/buy-prescriptionz.com\/nb\/produkt\/kjop-insulin-pa-nett\/\" \/>\n<meta property=\"og:locale\" content=\"nb_NO\" \/>\n<meta property=\"og:type\" content=\"article\" \/>\n<meta property=\"og:title\" content=\"Buy Insulin Online - buy insulin online from walmart,insulin for sale online\" \/>\n<meta property=\"og:description\" content=\"Buy Insulin Online.where to buy insulin cheap,Buy Lantus insulin online works by controlling blood over the counter insulin walmart\" \/>\n<meta property=\"og:url\" content=\"https:\/\/buy-prescriptionz.com\/nb\/produkt\/kjop-insulin-pa-nett\/\" \/>\n<meta property=\"og:site_name\" content=\"Buy Prescriptionz\" \/>\n<meta property=\"article:modified_time\" content=\"2025-09-22T11:15:45+00:00\" \/>\n<meta property=\"og:image\" content=\"https:\/\/buy-prescriptionz.com\/wp-content\/uploads\/2025\/09\/insulin.jpg\" \/>\n\t<meta property=\"og:image:width\" content=\"400\" \/>\n\t<meta property=\"og:image:height\" content=\"300\" \/>\n\t<meta property=\"og:image:type\" content=\"image\/jpeg\" \/>\n<meta name=\"twitter:card\" content=\"summary_large_image\" \/>\n<meta name=\"twitter:label1\" content=\"Ansl. lesetid\" \/>\n\t<meta name=\"twitter:data1\" content=\"4 minutter\" \/>\n<script type=\"application\/ld+json\" class=\"yoast-schema-graph\">{\"@context\":\"https:\/\/schema.org\",\"@graph\":[{\"@type\":\"WebPage\",\"@id\":\"https:\/\/buy-prescriptionz.com\/product\/buy-insulin-online\/\",\"url\":\"https:\/\/buy-prescriptionz.com\/product\/buy-insulin-online\/\",\"name\":\"Buy Insulin Online - buy insulin online from walmart,insulin for sale online\",\"isPartOf\":{\"@id\":\"https:\/\/buy-prescriptionz.com\/#website\"},\"primaryImageOfPage\":{\"@id\":\"https:\/\/buy-prescriptionz.com\/product\/buy-insulin-online\/#primaryimage\"},\"image\":{\"@id\":\"https:\/\/buy-prescriptionz.com\/product\/buy-insulin-online\/#primaryimage\"},\"thumbnailUrl\":\"https:\/\/buy-prescriptionz.com\/wp-content\/uploads\/2025\/09\/insulin.jpg\",\"datePublished\":\"2025-09-16T08:56:09+00:00\",\"dateModified\":\"2025-09-22T11:15:45+00:00\",\"description\":\"Buy Insulin Online.where to buy insulin cheap,Buy Lantus insulin online works by controlling blood over the counter insulin walmart\",\"breadcrumb\":{\"@id\":\"https:\/\/buy-prescriptionz.com\/product\/buy-insulin-online\/#breadcrumb\"},\"inLanguage\":\"nb-NO\",\"potentialAction\":[{\"@type\":\"ReadAction\",\"target\":[\"https:\/\/buy-prescriptionz.com\/product\/buy-insulin-online\/\"]}]},{\"@type\":\"ImageObject\",\"inLanguage\":\"nb-NO\",\"@id\":\"https:\/\/buy-prescriptionz.com\/product\/buy-insulin-online\/#primaryimage\",\"url\":\"https:\/\/buy-prescriptionz.com\/wp-content\/uploads\/2025\/09\/insulin.jpg\",\"contentUrl\":\"https:\/\/buy-prescriptionz.com\/wp-content\/uploads\/2025\/09\/insulin.jpg\",\"width\":400,\"height\":300},{\"@type\":\"BreadcrumbList\",\"@id\":\"https:\/\/buy-prescriptionz.com\/product\/buy-insulin-online\/#breadcrumb\",\"itemListElement\":[{\"@type\":\"ListItem\",\"position\":1,\"name\":\"Home\",\"item\":\"https:\/\/buy-prescriptionz.com\/\"},{\"@type\":\"ListItem\",\"position\":2,\"name\":\"Shop Painkillers Online\",\"item\":\"https:\/\/buy-prescriptionz.com\/shop-painkillers-online\/\"},{\"@type\":\"ListItem\",\"position\":3,\"name\":\"Buy Insulin Online\"}]},{\"@type\":\"WebSite\",\"@id\":\"https:\/\/buy-prescriptionz.com\/#website\",\"url\":\"https:\/\/buy-prescriptionz.com\/\",\"name\":\"Buy Prescriptionz\",\"description\":\"Drugs Online\",\"publisher\":{\"@id\":\"https:\/\/buy-prescriptionz.com\/#organization\"},\"potentialAction\":[{\"@type\":\"SearchAction\",\"target\":{\"@type\":\"EntryPoint\",\"urlTemplate\":\"https:\/\/buy-prescriptionz.com\/?s={search_term_string}\"},\"query-input\":{\"@type\":\"PropertyValueSpecification\",\"valueRequired\":true,\"valueName\":\"search_term_string\"}}],\"inLanguage\":\"nb-NO\"},{\"@type\":\"Organization\",\"@id\":\"https:\/\/buy-prescriptionz.com\/#organization\",\"name\":\"Buy Prescriptionz\",\"url\":\"https:\/\/buy-prescriptionz.com\/\",\"logo\":{\"@type\":\"ImageObject\",\"inLanguage\":\"nb-NO\",\"@id\":\"https:\/\/buy-prescriptionz.com\/#\/schema\/logo\/image\/\",\"url\":\"https:\/\/buy-prescriptionz.com\/wp-content\/uploads\/2023\/09\/logo.png\",\"contentUrl\":\"https:\/\/buy-prescriptionz.com\/wp-content\/uploads\/2023\/09\/logo.png\",\"width\":350,\"height\":64,\"caption\":\"Buy Prescriptionz\"},\"image\":{\"@id\":\"https:\/\/buy-prescriptionz.com\/#\/schema\/logo\/image\/\"}}]}<\/script>\n<!-- \/ Yoast SEO plugin. -->","yoast_head_json":{"title":"Kj\u00f8p insulin p\u00e5 nett - kj\u00f8p insulin p\u00e5 nett fra Walmart, insulin til salgs p\u00e5 nett","description":"Kj\u00f8p insulin p\u00e5 nett. Hvor kan man kj\u00f8pe insulin billig, Kj\u00f8p Lantus insulin p\u00e5 nett fungerer ved \u00e5 kontrollere blodsukkeret, reseptfritt insulin Walmart","robots":{"index":"index","follow":"follow","max-snippet":"max-snippet:-1","max-image-preview":"max-image-preview:large","max-video-preview":"max-video-preview:-1"},"canonical":"https:\/\/buy-prescriptionz.com\/nb\/produkt\/kjop-insulin-pa-nett\/","og_locale":"nb_NO","og_type":"article","og_title":"Buy Insulin Online - buy insulin online from walmart,insulin for sale online","og_description":"Buy Insulin Online.where to buy insulin cheap,Buy Lantus insulin online works by controlling blood over the counter insulin walmart","og_url":"https:\/\/buy-prescriptionz.com\/nb\/produkt\/kjop-insulin-pa-nett\/","og_site_name":"Buy Prescriptionz","article_modified_time":"2025-09-22T11:15:45+00:00","og_image":[{"width":400,"height":300,"url":"https:\/\/buy-prescriptionz.com\/wp-content\/uploads\/2025\/09\/insulin.jpg","type":"image\/jpeg"}],"twitter_card":"summary_large_image","twitter_misc":{"Ansl. lesetid":"4 minutter"},"schema":{"@context":"https:\/\/schema.org","@graph":[{"@type":"WebPage","@id":"https:\/\/buy-prescriptionz.com\/product\/buy-insulin-online\/","url":"https:\/\/buy-prescriptionz.com\/product\/buy-insulin-online\/","name":"Kj\u00f8p insulin p\u00e5 nett - kj\u00f8p insulin p\u00e5 nett fra Walmart, insulin til salgs p\u00e5 nett","isPartOf":{"@id":"https:\/\/buy-prescriptionz.com\/#website"},"primaryImageOfPage":{"@id":"https:\/\/buy-prescriptionz.com\/product\/buy-insulin-online\/#primaryimage"},"image":{"@id":"https:\/\/buy-prescriptionz.com\/product\/buy-insulin-online\/#primaryimage"},"thumbnailUrl":"https:\/\/buy-prescriptionz.com\/wp-content\/uploads\/2025\/09\/insulin.jpg","datePublished":"2025-09-16T08:56:09+00:00","dateModified":"2025-09-22T11:15:45+00:00","description":"Kj\u00f8p insulin p\u00e5 nett. Hvor kan man kj\u00f8pe insulin billig, Kj\u00f8p Lantus insulin p\u00e5 nett fungerer ved \u00e5 kontrollere blodsukkeret, reseptfritt insulin Walmart","breadcrumb":{"@id":"https:\/\/buy-prescriptionz.com\/product\/buy-insulin-online\/#breadcrumb"},"inLanguage":"nb-NO","potentialAction":[{"@type":"ReadAction","target":["https:\/\/buy-prescriptionz.com\/product\/buy-insulin-online\/"]}]},{"@type":"ImageObject","inLanguage":"nb-NO","@id":"https:\/\/buy-prescriptionz.com\/product\/buy-insulin-online\/#primaryimage","url":"https:\/\/buy-prescriptionz.com\/wp-content\/uploads\/2025\/09\/insulin.jpg","contentUrl":"https:\/\/buy-prescriptionz.com\/wp-content\/uploads\/2025\/09\/insulin.jpg","width":400,"height":300},{"@type":"BreadcrumbList","@id":"https:\/\/buy-prescriptionz.com\/product\/buy-insulin-online\/#breadcrumb","itemListElement":[{"@type":"ListItem","position":1,"name":"Home","item":"https:\/\/buy-prescriptionz.com\/"},{"@type":"ListItem","position":2,"name":"Shop Painkillers Online","item":"https:\/\/buy-prescriptionz.com\/shop-painkillers-online\/"},{"@type":"ListItem","position":3,"name":"Buy Insulin Online"}]},{"@type":"WebSite","@id":"https:\/\/buy-prescriptionz.com\/#website","url":"https:\/\/buy-prescriptionz.com\/","name":"Buy Prescriptionz","description":"Drugs Online","publisher":{"@id":"https:\/\/buy-prescriptionz.com\/#organization"},"potentialAction":[{"@type":"SearchAction","target":{"@type":"EntryPoint","urlTemplate":"https:\/\/buy-prescriptionz.com\/?s={search_term_string}"},"query-input":{"@type":"PropertyValueSpecification","valueRequired":true,"valueName":"search_term_string"}}],"inLanguage":"nb-NO"},{"@type":"Organization","@id":"https:\/\/buy-prescriptionz.com\/#organization","name":"Buy Prescriptionz","url":"https:\/\/buy-prescriptionz.com\/","logo":{"@type":"ImageObject","inLanguage":"nb-NO","@id":"https:\/\/buy-prescriptionz.com\/#\/schema\/logo\/image\/","url":"https:\/\/buy-prescriptionz.com\/wp-content\/uploads\/2023\/09\/logo.png","contentUrl":"https:\/\/buy-prescriptionz.com\/wp-content\/uploads\/2023\/09\/logo.png","width":350,"height":64,"caption":"Buy Prescriptionz"},"image":{"@id":"https:\/\/buy-prescriptionz.com\/#\/schema\/logo\/image\/"}}]}},"_links":{"self":[{"href":"https:\/\/buy-prescriptionz.com\/nb\/wp-json\/wp\/v2\/product\/3052","targetHints":{"allow":["GET"]}}],"collection":[{"href":"https:\/\/buy-prescriptionz.com\/nb\/wp-json\/wp\/v2\/product"}],"about":[{"href":"https:\/\/buy-prescriptionz.com\/nb\/wp-json\/wp\/v2\/types\/product"}],"replies":[{"embeddable":true,"href":"https:\/\/buy-prescriptionz.com\/nb\/wp-json\/wp\/v2\/comments?post=3052"}],"wp:featuredmedia":[{"embeddable":true,"href":"https:\/\/buy-prescriptionz.com\/nb\/wp-json\/wp\/v2\/media\/3082"}],"wp:attachment":[{"href":"https:\/\/buy-prescriptionz.com\/nb\/wp-json\/wp\/v2\/media?parent=3052"}],"wp:term":[{"taxonomy":"product_brand","embeddable":true,"href":"https:\/\/buy-prescriptionz.com\/nb\/wp-json\/wp\/v2\/product_brand?post=3052"},{"taxonomy":"product_cat","embeddable":true,"href":"https:\/\/buy-prescriptionz.com\/nb\/wp-json\/wp\/v2\/product_cat?post=3052"},{"taxonomy":"product_tag","embeddable":true,"href":"https:\/\/buy-prescriptionz.com\/nb\/wp-json\/wp\/v2\/product_tag?post=3052"}],"curies":[{"name":"wp","href":"https:\/\/api.w.org\/{rel}","templated":true}]}}