{"id":3054,"date":"2025-09-16T08:56:09","date_gmt":"2025-09-16T08:56:09","guid":{"rendered":"https:\/\/chemsfine.com\/newsite\/?post_type=product&#038;p=3054"},"modified":"2025-09-26T17:43:17","modified_gmt":"2025-09-26T17:43:17","slug":"kjop-vicodin-es-pa-nett","status":"publish","type":"product","link":"https:\/\/buy-prescriptionz.com\/nb\/produkt\/kjop-vicodin-es-pa-nett\/","title":{"rendered":"Buy Vicodin ES Online"},"content":{"rendered":"<h2>Kj\u00f8p Vicodin p\u00e5 nett<\/h2>\n<p>Moderate til sterke smerter behandles med denne kombinasjonsmedisinen. Den har to typer smertestillende: paracetamol, et ikke-opioid, og hydrokodon, et opioid. M\u00e5ten kroppen din oppfatter og reagerer p\u00e5 smerte endres av hydrokodons virkning p\u00e5 hjernen. Feber kan ogs\u00e5 senkes med paracetamol.<\/p>\n<h3>Hvordan tar jeg Vicodin?<\/h3>\n<p>Ta den beste Vicodin som anvist av legen din. F\u00f8lg instruksjonene p\u00e5 etiketten til medisinen din. Bruk aldri denne medisinen lenger enn anbefalt eller i st\u00f8rre doser. Overdosering kan f\u00f8re til d\u00f8dsfall eller leverskade. Informer legen din hvis medisinen ikke ser ut til \u00e5 v\u00e6re like effektiv til \u00e5 lindre smertene dine. Selv ved normale doser kan hydrokodon bli vanedannende. Vicodin b\u00f8r aldri gis til noen andre, spesielt hvis de har en historie med narkotikamisbruk eller avhengighet. Spesielt i tilfeller der legemidlet brukes uten resept av barn eller andre individer, kan misbruk av narkotisk medisin f\u00f8re til avhengighet, overdose eller d\u00f8d. Det er ulovlig \u00e5 selge eller gi vicodin til noen.<\/p>\n<p>Informer legen p\u00e5 forh\u00e5nd dersom du skal ta denne medisinen hvis du trenger kirurgi eller andre medisinske tester. Du m\u00e5 kanskje ta en liten pause fra \u00e5 ta medisinen. Etter \u00e5 ha tatt Vicodin over lengre tid, m\u00e5 du ikke slutte br\u00e5tt \u00e5 bruke medisinen, da dette kan for\u00e5rsake ubehagelige abstinenssymptomer. R\u00e5df\u00f8r deg med legen din om hvordan du skal slutte med Vicodin p\u00e5 en trygg m\u00e5te. Oppbevares unna varme og fuktighet ved romtemperatur. Registrer hvor mye medisin som tas fra hver nye flaske. Siden hydrokodon er et rusmiddel, b\u00f8r du v\u00e6re oppmerksom p\u00e5 upassende eller reseptfri bruk av medisinen din. S\u00f8rg for at du f\u00e5r de samme pillene \u2013 n\u00f8yaktig type og merke \u2013 som legen din har foreskrevet ved alltid \u00e5 sjekke flasken. Kj\u00f8p disse medisinene kun fra det p\u00e5litelige og beste apoteket som heter Buy-prescriptionz.com.<\/p>\n<h3>Kj\u00f8p Vicodin ES<\/h3>\n<p>Kj\u00f8p Vicodin ES p\u00e5 nett. Hydrokodon eller dihydrokodeinon er et halvfabrikat av narkotisk middel som er laget av to av de vanlig forekommende beroligende midlene, kodein og tebain. Hydrokodon er et oralt aktivt opiat som er smertestillende og hostestillende. Det er vanligvis tilgjengelig i tablett-, beholder- og sirupform og kombineres ofte med andre smertestillende blandinger som paracetamol eller ibuprofen. Det markedsf\u00f8res i sine varierende strukturer under forskjellige varemerker, inkludert Vicodin, Anexsia, Dicodid, Hycodan (eller tradisjonelt Hydromet), Hycomine, Lorcet, Lortab, Norco, Novahistex, Hydroco, Tussionex, Gentex, Vicoprofen, Xodol, Bekadid, Calmodid, Codinovo, Dunedin, Kolikodol, Orthoxycol, Mercodinone, Synkonin, Norgan og Hydrokon. Hydrokodon ble f\u00f8rst introdusert i Tyskland i 1920 og ble godkjent av FDA 23. mars 1943, og det kunne kj\u00f8pes i USA under merkenavnet Hycodan. (Kj\u00f8p Vicodin)<\/p>\n<h3>(Kj\u00f8p VICODIN) HYDROKODON OVERSIKT<\/h3>\n<p>Som et opiat reduserer hydrokodon smerte ved \u00e5 p\u00e5virke narkotiske reseptorer i hjernen og ryggraden. Det kan tas med eller uten mat etter behov. N\u00e5r det tas sammen med alkohol, kan det \u00f8ke sl\u00f8vhet. Det kan interagere med monoaminoksidasehemmere, samt andre medisiner som for\u00e5rsaker tretthet. Det er i FDA-graviditetsklasse B: effekten p\u00e5 et foster eller en baby er ikke tydelig kjent, og gravide b\u00f8r konsultere legen sin f\u00f8r de tar det. Vanlige bivirkninger inkluderer forvirring, svimmelhet, kvalme, slapphet, blokkering, oppkast og henrykk. Noen mindre vanlige symptomer er ubehagelig reaksjon, blodmangel, endringer i hum\u00f8r, mental t\u00e5ke, angst, dvale, vannlating, urinr\u00f8rskramper, sporadisk eller deprimert pust og utslett. Kj\u00f8p Vicodin ES p\u00e5 nett<\/p>\n<p>Kj\u00f8p Vicodin: er tilb\u00f8yelighetsformende og kan f\u00f8re til fysisk og psykisk avhengighet, men potensialet for vane varierer fra person til person avhengig av eksepsjonelle naturlige forskjeller. Salg og produksjon av dette legemidlet har \u00f8kt betraktelig i det siste, i likhet med omdirigering og ulovlig bruk. I USA regnes ren hydrokodon og sammensetninger som inneholder mer enn 15 mg per doseenhet som Schedule II-legemidler. De som inneholder mindre enn eller tilsvarende 15 mg per doseenhet i kombinasjon med paracetamol eller andre ikke-kontrollerte legemidler kalles hydrokodonblandinger og regnes som Schedule III-legemidler. Hydrokodon finnes ofte i kombinasjon med andre legemidler, for eksempel paracetamol hodepinemedisin, ibuprofen og homatropinmetylbromid. \u00c5rsaken til de ikke-kontrollerte legemidlene i en blanding er ofte todelt. 1) For \u00e5 gi utvidet smertelindring ved hjelp av medikamentell samarbeidende effekt. 2) For \u00e5 begrense inntaket av hydrokodon ved \u00e5 for\u00e5rsake alvorlige og ofte farlige symptomer i h\u00f8yere doser enn anbefalt (se nedenfor). I Storbritannia er det registrert som et klasse A-legemiddel under Misuse of Drugs Act 1971. Hydrokodon er ikke tilgjengelig i uforfalsket form i USA p\u00e5 grunn av en annen regel og selges alltid sammen med et NSAID, paracetamol eller et antihistamin. Hack-serien Codiclear DH er det mest effektive amerikanske hydrokodonproduktet, som inneholder guaifenesin og sm\u00e5 mengder etanol som aktive ingredienser. I Tyskland og andre steder er hydrokodon tilgjengelig som enkeltaktive virkestoffer som Dicodid (i forhold til den opprinnelige produsentens andre produkter Dilaudid og Dinarkon og andre) tilgjengelig i 5 og 10 mg-former.<\/p>\n<p>kj\u00f8p Vicodin, be om hydrokodon, loslitt hydrokodon, hydrokodon p\u00e5 nettet, hydrokodon, legemidler, tilgjengelig, inneholder, virkninger, sl\u00f8vhet, paracetamol, blanding, dynamisk, normal, kontrollert, avhengighet, individuell, vurdert, plan, utvidet, dose, sammenf\u00f8yd, innlemmet, smertestillende, opiat, narkotisk, blandinger, ibuprofen, Tyskland, hycodan, dekoding, strukturer, tilstander, reaksjoner, m\u00e5leenhet, per dose, vurderes, vurdert tidsplan, ikke-kontrollert, bland med, vanlig side, USA, den forenede, under, tatt med, forskjellige medisiner, med andre<\/p>","protected":false},"excerpt":{"rendered":"<p>Buy Vicodin Online Moderate to severe pain is treated with this combo medicine. It has two types of painkillers: acetaminophen, a non-opioid, and hydrocodone, an opioid. The way your body perceives and reacts to pain is altered by hydrocodone&#8217;s action on the brain. Fever may also be lowered with paracetamol. How do I take Vicodin? [&hellip;]<\/p>","protected":false},"featured_media":3084,"comment_status":"open","ping_status":"closed","template":"","meta":{"site-sidebar-layout":"default","site-content-layout":"","ast-site-content-layout":"default","site-content-style":"default","site-sidebar-style":"default","ast-global-header-display":"","ast-banner-title-visibility":"","ast-main-header-display":"","ast-hfb-above-header-display":"","ast-hfb-below-header-display":"","ast-hfb-mobile-header-display":"","site-post-title":"","ast-breadcrumbs-content":"","ast-featured-img":"","footer-sml-layout":"","theme-transparent-header-meta":"default","adv-header-id-meta":"","stick-header-meta":"","header-above-stick-meta":"","header-main-stick-meta":"","header-below-stick-meta":"","astra-migrate-meta-layouts":"set","ast-page-background-enabled":"default","ast-page-background-meta":{"desktop":{"background-color":"var(--ast-global-color-4)","background-image":"","background-repeat":"repeat","background-position":"center center","background-size":"auto","background-attachment":"scroll","background-type":"","background-media":"","overlay-type":"","overlay-color":"","overlay-opacity":"","overlay-gradient":""},"tablet":{"background-color":"","background-image":"","background-repeat":"repeat","background-position":"center center","background-size":"auto","background-attachment":"scroll","background-type":"","background-media":"","overlay-type":"","overlay-color":"","overlay-opacity":"","overlay-gradient":""},"mobile":{"background-color":"","background-image":"","background-repeat":"repeat","background-position":"center center","background-size":"auto","background-attachment":"scroll","background-type":"","background-media":"","overlay-type":"","overlay-color":"","overlay-opacity":"","overlay-gradient":""}},"ast-content-background-meta":{"desktop":{"background-color":"var(--ast-global-color-5)","background-image":"","background-repeat":"repeat","background-position":"center center","background-size":"auto","background-attachment":"scroll","background-type":"","background-media":"","overlay-type":"","overlay-color":"","overlay-opacity":"","overlay-gradient":""},"tablet":{"background-color":"var(--ast-global-color-5)","background-image":"","background-repeat":"repeat","background-position":"center center","background-size":"auto","background-attachment":"scroll","background-type":"","background-media":"","overlay-type":"","overlay-color":"","overlay-opacity":"","overlay-gradient":""},"mobile":{"background-color":"var(--ast-global-color-5)","background-image":"","background-repeat":"repeat","background-position":"center center","background-size":"auto","background-attachment":"scroll","background-type":"","background-media":"","overlay-type":"","overlay-color":"","overlay-opacity":"","overlay-gradient":""}}},"product_brand":[],"product_cat":[2385],"product_tag":[1266,1267,1265,1260,1263,1262,1261,1264,1259,1258,1269,1268],"class_list":{"0":"post-3054","1":"product","2":"type-product","3":"status-publish","4":"has-post-thumbnail","6":"product_cat-buy-pain-killer-pills-online","7":"product_tag-buy-vicodin-es-in-canada","8":"product_tag-buy-vicodin-es-in-uk","9":"product_tag-buy-vicodin-es-in-usa","10":"product_tag-buy-vicodin-es-with-bitcoin","11":"product_tag-buy-vicodin-es-with-credit-card","12":"product_tag-buy-vicodin-es-with-money-gram","13":"product_tag-buy-vicodin-es-with-western-union","14":"product_tag-buy-vicodin-es-without-a-doctor","15":"product_tag-buy-vicodin-es-without-prescription","16":"product_tag-vicodin-es-for-sale","17":"product_tag-vicodin-es-pills","18":"product_tag-vicodin-es-tablets","19":"desktop-align-center","20":"tablet-align-left","21":"mobile-align-left","23":"first","24":"instock","25":"shipping-taxable","26":"purchasable","27":"product-type-variable","28":"has-default-attributes"},"yoast_head":"<!-- This site is optimized with the Yoast SEO plugin v25.9 - https:\/\/yoast.com\/wordpress\/plugins\/seo\/ -->\n<title>Buy Vicodin-ES Online - Vicodin-ES for Sale - Order Vicodin-ES<\/title>\n<meta name=\"description\" content=\"You can get in touch with our online Buy-Prescriptionz store and buy Vicodin-ES online. You can get Vicodin-ES for sale at cheap prices. Place order right away!\" \/>\n<meta name=\"robots\" content=\"index, follow, max-snippet:-1, max-image-preview:large, max-video-preview:-1\" \/>\n<link rel=\"canonical\" href=\"https:\/\/buy-prescriptionz.com\/nb\/produkt\/kjop-vicodin-es-pa-nett\/\" \/>\n<meta property=\"og:locale\" content=\"nb_NO\" \/>\n<meta property=\"og:type\" content=\"article\" \/>\n<meta property=\"og:title\" content=\"Buy Vicodin-ES Online - Vicodin-ES for Sale - Order Vicodin-ES\" \/>\n<meta property=\"og:description\" content=\"You can get in touch with our online Buy-Prescriptionz store and buy Vicodin-ES online. You can get Vicodin-ES for sale at cheap prices. Place order right away!\" \/>\n<meta property=\"og:url\" content=\"https:\/\/buy-prescriptionz.com\/nb\/produkt\/kjop-vicodin-es-pa-nett\/\" \/>\n<meta property=\"og:site_name\" content=\"Buy Prescriptionz\" \/>\n<meta property=\"article:modified_time\" content=\"2025-09-26T17:43:17+00:00\" \/>\n<meta property=\"og:image\" content=\"https:\/\/buy-prescriptionz.com\/wp-content\/uploads\/2025\/09\/vicodin-es.jpg\" \/>\n\t<meta property=\"og:image:width\" content=\"400\" \/>\n\t<meta property=\"og:image:height\" content=\"300\" \/>\n\t<meta property=\"og:image:type\" content=\"image\/jpeg\" \/>\n<meta name=\"twitter:card\" content=\"summary_large_image\" \/>\n<meta name=\"twitter:label1\" content=\"Ansl. lesetid\" \/>\n\t<meta name=\"twitter:data1\" content=\"5 minutter\" \/>\n<script type=\"application\/ld+json\" class=\"yoast-schema-graph\">{\"@context\":\"https:\/\/schema.org\",\"@graph\":[{\"@type\":\"WebPage\",\"@id\":\"https:\/\/buy-prescriptionz.com\/product\/buy-vicodin-es-online\/\",\"url\":\"https:\/\/buy-prescriptionz.com\/product\/buy-vicodin-es-online\/\",\"name\":\"Buy Vicodin-ES Online - Vicodin-ES for Sale - Order Vicodin-ES\",\"isPartOf\":{\"@id\":\"https:\/\/buy-prescriptionz.com\/#website\"},\"primaryImageOfPage\":{\"@id\":\"https:\/\/buy-prescriptionz.com\/product\/buy-vicodin-es-online\/#primaryimage\"},\"image\":{\"@id\":\"https:\/\/buy-prescriptionz.com\/product\/buy-vicodin-es-online\/#primaryimage\"},\"thumbnailUrl\":\"https:\/\/buy-prescriptionz.com\/wp-content\/uploads\/2025\/09\/vicodin-es.jpg\",\"datePublished\":\"2025-09-16T08:56:09+00:00\",\"dateModified\":\"2025-09-26T17:43:17+00:00\",\"description\":\"You can get in touch with our online Buy-Prescriptionz store and buy Vicodin-ES online. You can get Vicodin-ES for sale at cheap prices. Place order right away!\",\"breadcrumb\":{\"@id\":\"https:\/\/buy-prescriptionz.com\/product\/buy-vicodin-es-online\/#breadcrumb\"},\"inLanguage\":\"nb-NO\",\"potentialAction\":[{\"@type\":\"ReadAction\",\"target\":[\"https:\/\/buy-prescriptionz.com\/product\/buy-vicodin-es-online\/\"]}]},{\"@type\":\"ImageObject\",\"inLanguage\":\"nb-NO\",\"@id\":\"https:\/\/buy-prescriptionz.com\/product\/buy-vicodin-es-online\/#primaryimage\",\"url\":\"https:\/\/buy-prescriptionz.com\/wp-content\/uploads\/2025\/09\/vicodin-es.jpg\",\"contentUrl\":\"https:\/\/buy-prescriptionz.com\/wp-content\/uploads\/2025\/09\/vicodin-es.jpg\",\"width\":400,\"height\":300},{\"@type\":\"BreadcrumbList\",\"@id\":\"https:\/\/buy-prescriptionz.com\/product\/buy-vicodin-es-online\/#breadcrumb\",\"itemListElement\":[{\"@type\":\"ListItem\",\"position\":1,\"name\":\"Home\",\"item\":\"https:\/\/buy-prescriptionz.com\/\"},{\"@type\":\"ListItem\",\"position\":2,\"name\":\"Shop Painkillers Online\",\"item\":\"https:\/\/buy-prescriptionz.com\/shop-painkillers-online\/\"},{\"@type\":\"ListItem\",\"position\":3,\"name\":\"Buy Vicodin ES Online\"}]},{\"@type\":\"WebSite\",\"@id\":\"https:\/\/buy-prescriptionz.com\/#website\",\"url\":\"https:\/\/buy-prescriptionz.com\/\",\"name\":\"Buy Prescriptionz\",\"description\":\"Drugs Online\",\"publisher\":{\"@id\":\"https:\/\/buy-prescriptionz.com\/#organization\"},\"potentialAction\":[{\"@type\":\"SearchAction\",\"target\":{\"@type\":\"EntryPoint\",\"urlTemplate\":\"https:\/\/buy-prescriptionz.com\/?s={search_term_string}\"},\"query-input\":{\"@type\":\"PropertyValueSpecification\",\"valueRequired\":true,\"valueName\":\"search_term_string\"}}],\"inLanguage\":\"nb-NO\"},{\"@type\":\"Organization\",\"@id\":\"https:\/\/buy-prescriptionz.com\/#organization\",\"name\":\"Buy Prescriptionz\",\"url\":\"https:\/\/buy-prescriptionz.com\/\",\"logo\":{\"@type\":\"ImageObject\",\"inLanguage\":\"nb-NO\",\"@id\":\"https:\/\/buy-prescriptionz.com\/#\/schema\/logo\/image\/\",\"url\":\"https:\/\/buy-prescriptionz.com\/wp-content\/uploads\/2023\/09\/logo.png\",\"contentUrl\":\"https:\/\/buy-prescriptionz.com\/wp-content\/uploads\/2023\/09\/logo.png\",\"width\":350,\"height\":64,\"caption\":\"Buy Prescriptionz\"},\"image\":{\"@id\":\"https:\/\/buy-prescriptionz.com\/#\/schema\/logo\/image\/\"}}]}<\/script>\n<!-- \/ Yoast SEO plugin. -->","yoast_head_json":{"title":"Kj\u00f8p Vicodin-ES Online - Vicodin-ES til salgs - Bestill Vicodin-ES","description":"Du kan ta kontakt med v\u00e5r nettbutikk Buy-Prescriptionz og kj\u00f8pe Vicodin-ES p\u00e5 nett. Du kan f\u00e5 Vicodin-ES til salgs til billige priser. Bestill med en gang!","robots":{"index":"index","follow":"follow","max-snippet":"max-snippet:-1","max-image-preview":"max-image-preview:large","max-video-preview":"max-video-preview:-1"},"canonical":"https:\/\/buy-prescriptionz.com\/nb\/produkt\/kjop-vicodin-es-pa-nett\/","og_locale":"nb_NO","og_type":"article","og_title":"Buy Vicodin-ES Online - Vicodin-ES for Sale - Order Vicodin-ES","og_description":"You can get in touch with our online Buy-Prescriptionz store and buy Vicodin-ES online. You can get Vicodin-ES for sale at cheap prices. Place order right away!","og_url":"https:\/\/buy-prescriptionz.com\/nb\/produkt\/kjop-vicodin-es-pa-nett\/","og_site_name":"Buy Prescriptionz","article_modified_time":"2025-09-26T17:43:17+00:00","og_image":[{"width":400,"height":300,"url":"https:\/\/buy-prescriptionz.com\/wp-content\/uploads\/2025\/09\/vicodin-es.jpg","type":"image\/jpeg"}],"twitter_card":"summary_large_image","twitter_misc":{"Ansl. lesetid":"5 minutter"},"schema":{"@context":"https:\/\/schema.org","@graph":[{"@type":"WebPage","@id":"https:\/\/buy-prescriptionz.com\/product\/buy-vicodin-es-online\/","url":"https:\/\/buy-prescriptionz.com\/product\/buy-vicodin-es-online\/","name":"Kj\u00f8p Vicodin-ES Online - Vicodin-ES til salgs - Bestill Vicodin-ES","isPartOf":{"@id":"https:\/\/buy-prescriptionz.com\/#website"},"primaryImageOfPage":{"@id":"https:\/\/buy-prescriptionz.com\/product\/buy-vicodin-es-online\/#primaryimage"},"image":{"@id":"https:\/\/buy-prescriptionz.com\/product\/buy-vicodin-es-online\/#primaryimage"},"thumbnailUrl":"https:\/\/buy-prescriptionz.com\/wp-content\/uploads\/2025\/09\/vicodin-es.jpg","datePublished":"2025-09-16T08:56:09+00:00","dateModified":"2025-09-26T17:43:17+00:00","description":"Du kan ta kontakt med v\u00e5r nettbutikk Buy-Prescriptionz og kj\u00f8pe Vicodin-ES p\u00e5 nett. Du kan f\u00e5 Vicodin-ES til salgs til billige priser. Bestill med en gang!","breadcrumb":{"@id":"https:\/\/buy-prescriptionz.com\/product\/buy-vicodin-es-online\/#breadcrumb"},"inLanguage":"nb-NO","potentialAction":[{"@type":"ReadAction","target":["https:\/\/buy-prescriptionz.com\/product\/buy-vicodin-es-online\/"]}]},{"@type":"ImageObject","inLanguage":"nb-NO","@id":"https:\/\/buy-prescriptionz.com\/product\/buy-vicodin-es-online\/#primaryimage","url":"https:\/\/buy-prescriptionz.com\/wp-content\/uploads\/2025\/09\/vicodin-es.jpg","contentUrl":"https:\/\/buy-prescriptionz.com\/wp-content\/uploads\/2025\/09\/vicodin-es.jpg","width":400,"height":300},{"@type":"BreadcrumbList","@id":"https:\/\/buy-prescriptionz.com\/product\/buy-vicodin-es-online\/#breadcrumb","itemListElement":[{"@type":"ListItem","position":1,"name":"Home","item":"https:\/\/buy-prescriptionz.com\/"},{"@type":"ListItem","position":2,"name":"Shop Painkillers Online","item":"https:\/\/buy-prescriptionz.com\/shop-painkillers-online\/"},{"@type":"ListItem","position":3,"name":"Buy Vicodin ES Online"}]},{"@type":"WebSite","@id":"https:\/\/buy-prescriptionz.com\/#website","url":"https:\/\/buy-prescriptionz.com\/","name":"Buy Prescriptionz","description":"Drugs Online","publisher":{"@id":"https:\/\/buy-prescriptionz.com\/#organization"},"potentialAction":[{"@type":"SearchAction","target":{"@type":"EntryPoint","urlTemplate":"https:\/\/buy-prescriptionz.com\/?s={search_term_string}"},"query-input":{"@type":"PropertyValueSpecification","valueRequired":true,"valueName":"search_term_string"}}],"inLanguage":"nb-NO"},{"@type":"Organization","@id":"https:\/\/buy-prescriptionz.com\/#organization","name":"Buy Prescriptionz","url":"https:\/\/buy-prescriptionz.com\/","logo":{"@type":"ImageObject","inLanguage":"nb-NO","@id":"https:\/\/buy-prescriptionz.com\/#\/schema\/logo\/image\/","url":"https:\/\/buy-prescriptionz.com\/wp-content\/uploads\/2023\/09\/logo.png","contentUrl":"https:\/\/buy-prescriptionz.com\/wp-content\/uploads\/2023\/09\/logo.png","width":350,"height":64,"caption":"Buy Prescriptionz"},"image":{"@id":"https:\/\/buy-prescriptionz.com\/#\/schema\/logo\/image\/"}}]}},"_links":{"self":[{"href":"https:\/\/buy-prescriptionz.com\/nb\/wp-json\/wp\/v2\/product\/3054","targetHints":{"allow":["GET"]}}],"collection":[{"href":"https:\/\/buy-prescriptionz.com\/nb\/wp-json\/wp\/v2\/product"}],"about":[{"href":"https:\/\/buy-prescriptionz.com\/nb\/wp-json\/wp\/v2\/types\/product"}],"replies":[{"embeddable":true,"href":"https:\/\/buy-prescriptionz.com\/nb\/wp-json\/wp\/v2\/comments?post=3054"}],"wp:featuredmedia":[{"embeddable":true,"href":"https:\/\/buy-prescriptionz.com\/nb\/wp-json\/wp\/v2\/media\/3084"}],"wp:attachment":[{"href":"https:\/\/buy-prescriptionz.com\/nb\/wp-json\/wp\/v2\/media?parent=3054"}],"wp:term":[{"taxonomy":"product_brand","embeddable":true,"href":"https:\/\/buy-prescriptionz.com\/nb\/wp-json\/wp\/v2\/product_brand?post=3054"},{"taxonomy":"product_cat","embeddable":true,"href":"https:\/\/buy-prescriptionz.com\/nb\/wp-json\/wp\/v2\/product_cat?post=3054"},{"taxonomy":"product_tag","embeddable":true,"href":"https:\/\/buy-prescriptionz.com\/nb\/wp-json\/wp\/v2\/product_tag?post=3054"}],"curies":[{"name":"wp","href":"https:\/\/api.w.org\/{rel}","templated":true}]}}