{"id":3056,"date":"2025-09-16T08:56:10","date_gmt":"2025-09-16T08:56:10","guid":{"rendered":"https:\/\/chemsfine.com\/newsite\/?post_type=product&#038;p=3056"},"modified":"2025-09-30T09:17:43","modified_gmt":"2025-09-30T09:17:43","slug":"kjop-seconal-pa-nett-kjemisk-navn-secobarbital","status":"publish","type":"product","link":"https:\/\/buy-prescriptionz.com\/nb\/produkt\/kjop-seconal-pa-nett-kjemisk-navn-secobarbital\/","title":{"rendered":"Buy Seconal Online (Chemical Name-Secobarbital)"},"content":{"rendered":"<h2><strong>Kj\u00f8p Seconal (Kjemisk navn - Secobarbital) <\/strong><strong>p\u00e5 nett<\/strong><\/h2>\n<p>Barbiturat (bar-BIT-chur-ate) som demper nervesystemet og hjerneaktiviteten er sekobarbital. Merkenavn for sekobarbital inkluderer: Seconal Sodium Sekobarbital brukes kortvarig mot s\u00f8vnl\u00f8shet eller sedasjon f\u00f8r operasjon. Sekobarbital har andre bruksomr\u00e5der som ikke er dekket i denne farmas\u00f8ytiske veiledningen.<\/p>\n<h3>Kj\u00f8p Seconal p\u00e5 nett (kjemisk navn - Secobarbital) Hva er Seconal (secobarbital)?<\/h3>\n<p>Kj\u00f8p Seconal p\u00e5 nett (kjemisk navn - Secobarbital) Konvensjonelt navn: secobarbital (SE koe BAR bi tal) Secobarbital er i en gruppe medisiner kalt barbiturater (bar-BIT-chur-dates). Secobarbital lindrer hjernens og sansenes funksjon. Secobarbital brukes n\u00e5 for \u00e5 behandle s\u00f8vnforstyrrelser, eller som et narkotisk middel f\u00f8r operasjonen. Secobarbital kan ogs\u00e5 brukes til andre form\u00e5l som ikke er nevnt i denne reseptveiledningen.<\/p>\n<h3><strong>Bivirkninger av sekobarbital<\/strong><\/h3>\n<p>Hvis du opplever elveblest, pustevansker eller hevelse i ansikt, lepper, tunge eller nakke, m\u00e5 du opps\u00f8ke lege umiddelbart. Dette legemidlet har f\u00e5tt noen brukere til \u00e5 glemme \u00e5 kj\u00f8re bil, spise, g\u00e5, ringe eller ha sex. Hvis dette skjer, m\u00e5 du slutte \u00e5 ta sekobarbital og diskutere alternativ behandling for s\u00f8vnproblemer med legen din.<\/p>\n<h3>Hvordan bruke dette legemidlet?<\/h3>\n<p>Orale kapsler inneholder sekobarbital. Mot s\u00f8vnl\u00f8shet brukes den beste sekobarbitalen ved sengetid etter behov. Sekobarbital administreres 1\u20132 timer f\u00f8r operasjonen for \u00e5 redusere angst. Les pakningsvedlegget n\u00f8ye og kontakt legen din eller apoteket for avklaring. Sekobarbital b\u00f8r tas som angitt. S\u00f8vnproblemer b\u00f8r bedres etter 7\u201310 dager med bruk av sekobarbital. Hvis s\u00f8vnvanskene dine ikke bedres, forverres i l\u00f8pet av behandlingen, eller du merker endringer i tenkning eller atferd, kontakt legen din. Sekobarbital b\u00f8r tas kortvarig. Etter 2 uker med sekobarbital kan det hende du ikke sover like bra. Langvarig bruk av sekobarbital kan f\u00f8re til avhengighet (\u00abavhengighet\u00bb, et behov for \u00e5 fortsette \u00e5 ta det). Diskuter farene ved \u00e5 ta sekobarbital i 2 uker eller mer med legen din. Unng\u00e5 \u00e5 ta mer sekobarbital, oftere eller lenger enn legen din foreskriver. R\u00e5df\u00f8r deg med legen din f\u00f8r du slutter \u00e5 ta sekobarbital. Legen din vil sannsynligvis gradvis redusere dosen din. Abstinenser fra sekobarbital kan for\u00e5rsake angst, muskelrykninger, ukontrollerbar risting av hender eller fingre, svakhet, svimmelhet, synsforandringer, kvalme, oppkast, problemer med \u00e5 sovne eller sove gjennom hele s\u00f8vnen, anfall eller ekstrem forvirring. Kj\u00f8p kun autentisk medisin fra det beste apoteket Buy-prescriptionz.com<\/p>\n<h3>Hva er den viktigste informasjonen jeg b\u00f8r tenke p\u00e5 om Seconal (secobarbital)?<\/h3>\n<p>Secobarbital kan for\u00e5rsake en ekstremt u\u00f8nsket reaksjon. Slutt \u00e5 ta secobarbital og s\u00f8k medisinsk n\u00f8dhjelp hvis du har noen av disse tegnene p\u00e5 en allergisk reaksjon: elveblest; pustevansker; hevelse i ansikt, lepper, tunge eller hals. Ta secobarbital bare n\u00e5r du planlegger noen timers s\u00f8vn. Du kan sovne raskt etter \u00e5 ha tatt medisinen. Noen personer som bruker denne medisinen har v\u00e6rt opptatt med handling, for eksempel kj\u00f8ring, og senere ikke husket effekten. Hvis dette skjer, slutt \u00e5 ta secobarbital og snakk med fastlegen din om en annen behandling for s\u00f8vnproblemet ditt. Ikke bruk secobarbital uten \u00e5 fortelle fastlegen din hvis du er gravid. Det kan skade det uf\u00f8dte barnet. Bruk en effektiv type antikonseptuell medisin, og informer fastlegen din hvis du blir gravid under behandlingen. Secobarbital kan gj\u00f8re prevensjonspiller mindre effektive. Skaff deg litt informasjon om bruk av en ikke-hormonell strategi for \u00e5 forebygge unnfangelse (for eksempel kondom, mage, s\u00e6ddrepende middel) for \u00e5 forhindre graviditet mens du tar secobarbital. Secobarbital kan v\u00e6re prevensjonsfremkallende og b\u00f8r brukes spesielt av personen det er anbefalt for. Secobarbital b\u00f8r aldri gis til noen andre, spesielt ikke til noen som har en historie preget av medisinmisbruk eller avhengighet. Oppbevar resepten p\u00e5 et trygt sted der andre ikke kan f\u00e5 tilgang til den.<\/p>\n<h3>Hva ville det v\u00e6re lurt for meg \u00e5 snakke med legemiddelleverand\u00f8ren min om f\u00f8r jeg tar Seconal (sekobarbital)?<\/h3>\n<p>Noen f\u00e5 personer som bruker dette legemidlet har v\u00e6rt opptatt med bevegelse, for eksempel kj\u00f8ring, og senere ikke hatt noe minne om handlingen. Hvis dette skjer, slutt \u00e5 ta secobarbital og snakk med fastlegen din om en annen behandling for s\u00f8vnproblemet ditt. Ikke ta denne resepten hvis du er overf\u00f8lsom for secobarbital, eller hvis du har porfyri. Hvis du har noen av disse andre tilstandene, kan det hende du trenger en dosejustering eller sjeldne tester for \u00e5 trygt ta secobarbital hvis du har en historie fylt med depresjon, psykisk sykdom eller selvmordsfors\u00f8k; eller en historie fylt med narkotika eller alkoholavhengighet.<\/p>\n<p>Secobarbital kan for\u00e5rsake en ekstremt u\u00f8nsket reaksjon. Slutt \u00e5 ta secobarbital og s\u00f8k medisinsk n\u00f8dhjelp hvis du har noen av disse tegnene p\u00e5 en allergisk reaksjon: elveblest; pustevansker; hevelse i ansikt, lepper, tunge eller hals. Ta secobarbital bare n\u00e5r du planlegger noen timers s\u00f8vn. Du kan sovne raskt etter \u00e5 ha tatt medisinen. Noen personer som bruker denne medisinen har v\u00e6rt opptatt med handling, for eksempel kj\u00f8ring, og senere ikke husket effekten. Hvis dette skjer, slutt \u00e5 ta secobarbital og snakk med fastlegen din om en annen behandling for s\u00f8vnproblemet ditt. Ikke bruk secobarbital uten \u00e5 fortelle fastlegen din hvis du er gravid. Det kan skade det uf\u00f8dte barnet. Bruk en effektiv type antikonseptuell medisin, og informer fastlegen din hvis du blir gravid under behandlingen. Secobarbital kan gj\u00f8re prevensjonspiller mindre effektive. Skaff deg litt informasjon om bruk av en ikke-hormonell strategi for \u00e5 forebygge unnfangelse (for eksempel kondom, mage, s\u00e6ddrepende middel) for \u00e5 forhindre graviditet mens du tar secobarbital. Secobarbital kan v\u00e6re prevensjonsfremkallende og b\u00f8r brukes spesielt av personen det er anbefalt for. Secobarbital b\u00f8r aldri gis til noen andre, spesielt ikke til noen som har en historie preget av medisinmisbruk eller avhengighet. Oppbevar resepten p\u00e5 et trygt sted der andre ikke kan f\u00e5 tilgang til den.<\/p>\n<h3>Hvordan ville det v\u00e6re tilr\u00e5delig for meg \u00e5 ta Seconal (secobarbital)?<\/h3>\n<p>Secobarbital kan for\u00e5rsake en ekstremt u\u00f8nsket reaksjon. Slutt \u00e5 ta secobarbital og s\u00f8k medisinsk n\u00f8dhjelp hvis du har noen av disse tegnene p\u00e5 en allergisk reaksjon: elveblest; pustevansker; hevelse i ansikt, lepper, tunge eller hals. Ta secobarbital bare n\u00e5r du planlegger noen timers s\u00f8vn. Du kan sovne raskt etter \u00e5 ha tatt medisinen. Noen personer som bruker denne medisinen har v\u00e6rt opptatt med handling, for eksempel kj\u00f8ring, og senere ikke husket effekten. Hvis dette skjer, slutt \u00e5 ta secobarbital og snakk med fastlegen din om en annen behandling for s\u00f8vnproblemet ditt. Ikke bruk secobarbital uten \u00e5 fortelle fastlegen din hvis du er gravid. Det kan skade det uf\u00f8dte barnet. Bruk en effektiv type antikonseptuell medisin, og informer fastlegen din hvis du blir gravid under behandlingen. Secobarbital kan gj\u00f8re prevensjonspiller mindre effektive. Skaff deg litt informasjon om bruk av en ikke-hormonell strategi for \u00e5 forebygge unnfangelse (for eksempel kondom, mage, s\u00e6ddrepende middel) for \u00e5 forhindre graviditet mens du tar secobarbital. Secobarbital kan v\u00e6re prevensjonsfremkallende og b\u00f8r brukes spesielt av personen det er anbefalt for. Secobarbital b\u00f8r aldri gis til noen andre, spesielt ikke til noen som har en historie preget av medisinmisbruk eller avhengighet. Oppbevar resepten p\u00e5 et trygt sted der andre ikke kan f\u00e5 tilgang til den.<\/p>\n<h3>Hva skjer hvis jeg glemmer en del?<\/h3>\n<p>Ta den glemte dosen n\u00e5r du husker p\u00e5 det. Ta secobarbital akkurat n\u00e5r du forbereder deg p\u00e5 noen timers hvile. Hvis du ikke har tid til \u00e5 sove en hel natt etter at du har tatt medisinen, b\u00f8r du unng\u00e5 den glemte dosen og ta medisinen ved neste regelmessig avtalte hviletid. Pr\u00f8v \u00e5 ikke ta ekstra resept for \u00e5 ta igjen den glemte dosen.<\/p>\n<h3>Hva skjer hvis jeg overdoserer?<\/h3>\n<p>S\u00f8k etter akuttmedisinsk behandling hvis du tror du har brukt for mye av dette legemidlet. En overdose av secobarbital kan v\u00e6re d\u00f8delig. Overdosesymptomer kan inkludere moderat eller overfladisk pust, t\u00e5ket syn, ekstrem tretthet, f\u00f8lelse av svimmelhet eller besvimelse. Hva b\u00f8r jeg unng\u00e5 mens jeg tar Seconal (secobarbital)? Secobarbital kan for\u00e5rsake symptomer som kan svekke tankene eller reaksjonene dine. V\u00e6r forsiktig hvis du kj\u00f8rer bil eller gj\u00f8r noe som krever at du er v\u00e5ken og oppmerksom. Forkj\u00f8lelses- eller f\u00f8lsomhetsmedisiner, opioidsmerter, sovepiller, muskelavslappende midler og resepter for anfall, depresjon eller stress kan forverre slapphet for\u00e5rsaket av secobarbital. Fortell fastlegen din hvis du vanligvis bruker noen av disse andre legemidlene. Unng\u00e5 \u00e5 drikke alkohol. Det kan \u00f8ke noen av bivirkningene av secobarbital.<\/p>\n<h3>Seconal (sekobarbital)<\/h3>\n<p>Kj\u00f8p Seconal p\u00e5 nett (kjemisk navn - Secobarbital), Secobarbital kan for\u00e5rsake en ekstremt u\u00f8nsket reaksjon. Slutt \u00e5 ta secobarbital og s\u00f8k medisinsk n\u00f8dhjelp hvis du har noen av disse tegnene p\u00e5 en u\u00f8nsket reaksjon: elveblest; pustevansker; hevelse i ansikt, lepper, tunge eller hals.<\/p>\n<p>Ring fastlegen din umiddelbart dersom du opplever noen av disse alvorlige reaksjonene:<\/p>\n<p>engstelige muskelutviklinger i \u00f8ynene, tungen, kjeven eller nakken;<\/p>\n<p>bl\u00e5merker i munnen; eller enkle s\u00e5r eller d\u00f8d; eller progredierende mareritt eller utvidet forestillingsevne.<\/p>\n<p>Mindre ekte reaksjoner kan omfatte:<\/p>\n<p>energi (spesielt hos unge eller mer etablerte voksne);<\/p>\n<p>bitter mage, stopp i magen;<\/p>\n<p>hjernesmerter; eller \u00abettervirkning\u00bb-p\u00e5virkning (latskap dagen etter en porsjon).<\/p>\n<p>Dette er ikke en fullstendig liste over reaksjoner, og andre kan forekomme. Kontakt fastlegen din for medisinsk veiledning om symptomer.<\/p>","protected":false},"excerpt":{"rendered":"<p>Buy Seconal (Chemical Name-Secobarbital) Online Barbiturate (bar-BIT-chur-ate) that depresses your nervous system and brain activity is secobarbital. Brand names for secobarbital include: Seconal Sodium Secobarbital is used short-term for insomnia or pre-surgery sedation. Secobarbital has other uses not covered in this pharmaceutical guide. Buy Seconal Online (Chemical Name-Secobarbital)What is Seconal (secobarbital)? Buy Seconal Online (Chemical [&hellip;]<\/p>","protected":false},"featured_media":3086,"comment_status":"open","ping_status":"closed","template":"","meta":{"site-sidebar-layout":"default","site-content-layout":"","ast-site-content-layout":"default","site-content-style":"default","site-sidebar-style":"default","ast-global-header-display":"","ast-banner-title-visibility":"","ast-main-header-display":"","ast-hfb-above-header-display":"","ast-hfb-below-header-display":"","ast-hfb-mobile-header-display":"","site-post-title":"","ast-breadcrumbs-content":"","ast-featured-img":"","footer-sml-layout":"","theme-transparent-header-meta":"default","adv-header-id-meta":"","stick-header-meta":"","header-above-stick-meta":"","header-main-stick-meta":"","header-below-stick-meta":"","astra-migrate-meta-layouts":"set","ast-page-background-enabled":"default","ast-page-background-meta":{"desktop":{"background-color":"var(--ast-global-color-4)","background-image":"","background-repeat":"repeat","background-position":"center center","background-size":"auto","background-attachment":"scroll","background-type":"","background-media":"","overlay-type":"","overlay-color":"","overlay-opacity":"","overlay-gradient":""},"tablet":{"background-color":"","background-image":"","background-repeat":"repeat","background-position":"center center","background-size":"auto","background-attachment":"scroll","background-type":"","background-media":"","overlay-type":"","overlay-color":"","overlay-opacity":"","overlay-gradient":""},"mobile":{"background-color":"","background-image":"","background-repeat":"repeat","background-position":"center center","background-size":"auto","background-attachment":"scroll","background-type":"","background-media":"","overlay-type":"","overlay-color":"","overlay-opacity":"","overlay-gradient":""}},"ast-content-background-meta":{"desktop":{"background-color":"var(--ast-global-color-5)","background-image":"","background-repeat":"repeat","background-position":"center center","background-size":"auto","background-attachment":"scroll","background-type":"","background-media":"","overlay-type":"","overlay-color":"","overlay-opacity":"","overlay-gradient":""},"tablet":{"background-color":"var(--ast-global-color-5)","background-image":"","background-repeat":"repeat","background-position":"center center","background-size":"auto","background-attachment":"scroll","background-type":"","background-media":"","overlay-type":"","overlay-color":"","overlay-opacity":"","overlay-gradient":""},"mobile":{"background-color":"var(--ast-global-color-5)","background-image":"","background-repeat":"repeat","background-position":"center center","background-size":"auto","background-attachment":"scroll","background-type":"","background-media":"","overlay-type":"","overlay-color":"","overlay-opacity":"","overlay-gradient":""}}},"product_brand":[],"product_cat":[2385],"product_tag":[1206,1207,1205,1200,1203,1202,1201,1204,1199,1198,1209,1208],"class_list":{"0":"post-3056","1":"product","2":"type-product","3":"status-publish","4":"has-post-thumbnail","6":"product_cat-buy-pain-killer-pills-online","7":"product_tag-buy-seconal-chemical-name-secobarbital-in-canada","8":"product_tag-buy-seconal-chemical-name-secobarbital-in-uk","9":"product_tag-buy-seconal-chemical-name-secobarbital-in-usa","10":"product_tag-buy-seconal-chemical-name-secobarbital-with-bitcoin","11":"product_tag-buy-seconal-chemical-name-secobarbital-with-credit-card","12":"product_tag-buy-seconal-chemical-name-secobarbital-with-money-gram","13":"product_tag-buy-seconal-chemical-name-secobarbital-with-western-union","14":"product_tag-buy-seconal-chemical-name-secobarbital-without-a-doctor","15":"product_tag-buy-seconal-chemical-name-secobarbital-without-prescription","16":"product_tag-seconal-chemical-name-secobarbital-for-sale","17":"product_tag-seconal-chemical-name-secobarbital-pills","18":"product_tag-seconal-chemical-name-secobarbital-tablets","19":"desktop-align-center","20":"tablet-align-left","21":"mobile-align-left","23":"first","24":"instock","25":"featured","26":"shipping-taxable","27":"purchasable","28":"product-type-variable","29":"has-default-attributes"},"yoast_head":"<!-- This site is optimized with the Yoast SEO plugin v25.9 - https:\/\/yoast.com\/wordpress\/plugins\/seo\/ -->\n<title>Buy Seconal online - Seconal for sale - Order Seconal<\/title>\n<meta name=\"description\" content=\"Your order for Seconal for sale is our responsibility. We will take your request to buy Seconal online into consideration and reach you in a short period. Place bulk orders now!\" \/>\n<meta name=\"robots\" content=\"index, follow, max-snippet:-1, max-image-preview:large, max-video-preview:-1\" \/>\n<link rel=\"canonical\" href=\"https:\/\/buy-prescriptionz.com\/nb\/produkt\/kjop-seconal-pa-nett-kjemisk-navn-secobarbital\/\" \/>\n<meta property=\"og:locale\" content=\"nb_NO\" \/>\n<meta property=\"og:type\" content=\"article\" \/>\n<meta property=\"og:title\" content=\"Buy Seconal online - Seconal for sale - Order Seconal\" \/>\n<meta property=\"og:description\" content=\"Your order for Seconal for sale is our responsibility. We will take your request to buy Seconal online into consideration and reach you in a short period. Place bulk orders now!\" \/>\n<meta property=\"og:url\" content=\"https:\/\/buy-prescriptionz.com\/nb\/produkt\/kjop-seconal-pa-nett-kjemisk-navn-secobarbital\/\" \/>\n<meta property=\"og:site_name\" content=\"Buy Prescriptionz\" \/>\n<meta property=\"article:modified_time\" content=\"2025-09-30T09:17:43+00:00\" \/>\n<meta property=\"og:image\" content=\"https:\/\/buy-prescriptionz.com\/wp-content\/uploads\/2025\/09\/seconal-chemical-name-secobarbital.jpg\" \/>\n\t<meta property=\"og:image:width\" content=\"400\" \/>\n\t<meta property=\"og:image:height\" content=\"300\" \/>\n\t<meta property=\"og:image:type\" content=\"image\/jpeg\" \/>\n<meta name=\"twitter:card\" content=\"summary_large_image\" \/>\n<meta name=\"twitter:label1\" content=\"Ansl. lesetid\" \/>\n\t<meta name=\"twitter:data1\" content=\"7 minutter\" \/>\n<script type=\"application\/ld+json\" class=\"yoast-schema-graph\">{\"@context\":\"https:\/\/schema.org\",\"@graph\":[{\"@type\":\"WebPage\",\"@id\":\"https:\/\/buy-prescriptionz.com\/product\/buy-seconal-online-chemical-name-secobarbital\/\",\"url\":\"https:\/\/buy-prescriptionz.com\/product\/buy-seconal-online-chemical-name-secobarbital\/\",\"name\":\"Buy Seconal online - Seconal for sale - Order Seconal\",\"isPartOf\":{\"@id\":\"https:\/\/buy-prescriptionz.com\/#website\"},\"primaryImageOfPage\":{\"@id\":\"https:\/\/buy-prescriptionz.com\/product\/buy-seconal-online-chemical-name-secobarbital\/#primaryimage\"},\"image\":{\"@id\":\"https:\/\/buy-prescriptionz.com\/product\/buy-seconal-online-chemical-name-secobarbital\/#primaryimage\"},\"thumbnailUrl\":\"https:\/\/buy-prescriptionz.com\/wp-content\/uploads\/2025\/09\/seconal-chemical-name-secobarbital.jpg\",\"datePublished\":\"2025-09-16T08:56:10+00:00\",\"dateModified\":\"2025-09-30T09:17:43+00:00\",\"description\":\"Your order for Seconal for sale is our responsibility. We will take your request to buy Seconal online into consideration and reach you in a short period. Place bulk orders now!\",\"breadcrumb\":{\"@id\":\"https:\/\/buy-prescriptionz.com\/product\/buy-seconal-online-chemical-name-secobarbital\/#breadcrumb\"},\"inLanguage\":\"nb-NO\",\"potentialAction\":[{\"@type\":\"ReadAction\",\"target\":[\"https:\/\/buy-prescriptionz.com\/product\/buy-seconal-online-chemical-name-secobarbital\/\"]}]},{\"@type\":\"ImageObject\",\"inLanguage\":\"nb-NO\",\"@id\":\"https:\/\/buy-prescriptionz.com\/product\/buy-seconal-online-chemical-name-secobarbital\/#primaryimage\",\"url\":\"https:\/\/buy-prescriptionz.com\/wp-content\/uploads\/2025\/09\/seconal-chemical-name-secobarbital.jpg\",\"contentUrl\":\"https:\/\/buy-prescriptionz.com\/wp-content\/uploads\/2025\/09\/seconal-chemical-name-secobarbital.jpg\",\"width\":400,\"height\":300},{\"@type\":\"BreadcrumbList\",\"@id\":\"https:\/\/buy-prescriptionz.com\/product\/buy-seconal-online-chemical-name-secobarbital\/#breadcrumb\",\"itemListElement\":[{\"@type\":\"ListItem\",\"position\":1,\"name\":\"Home\",\"item\":\"https:\/\/buy-prescriptionz.com\/\"},{\"@type\":\"ListItem\",\"position\":2,\"name\":\"Shop Painkillers Online\",\"item\":\"https:\/\/buy-prescriptionz.com\/shop-painkillers-online\/\"},{\"@type\":\"ListItem\",\"position\":3,\"name\":\"Buy Seconal Online (Chemical Name-Secobarbital)\"}]},{\"@type\":\"WebSite\",\"@id\":\"https:\/\/buy-prescriptionz.com\/#website\",\"url\":\"https:\/\/buy-prescriptionz.com\/\",\"name\":\"Buy Prescriptionz\",\"description\":\"Drugs Online\",\"publisher\":{\"@id\":\"https:\/\/buy-prescriptionz.com\/#organization\"},\"potentialAction\":[{\"@type\":\"SearchAction\",\"target\":{\"@type\":\"EntryPoint\",\"urlTemplate\":\"https:\/\/buy-prescriptionz.com\/?s={search_term_string}\"},\"query-input\":{\"@type\":\"PropertyValueSpecification\",\"valueRequired\":true,\"valueName\":\"search_term_string\"}}],\"inLanguage\":\"nb-NO\"},{\"@type\":\"Organization\",\"@id\":\"https:\/\/buy-prescriptionz.com\/#organization\",\"name\":\"Buy Prescriptionz\",\"url\":\"https:\/\/buy-prescriptionz.com\/\",\"logo\":{\"@type\":\"ImageObject\",\"inLanguage\":\"nb-NO\",\"@id\":\"https:\/\/buy-prescriptionz.com\/#\/schema\/logo\/image\/\",\"url\":\"https:\/\/buy-prescriptionz.com\/wp-content\/uploads\/2023\/09\/logo.png\",\"contentUrl\":\"https:\/\/buy-prescriptionz.com\/wp-content\/uploads\/2023\/09\/logo.png\",\"width\":350,\"height\":64,\"caption\":\"Buy Prescriptionz\"},\"image\":{\"@id\":\"https:\/\/buy-prescriptionz.com\/#\/schema\/logo\/image\/\"}}]}<\/script>\n<!-- \/ Yoast SEO plugin. -->","yoast_head_json":{"title":"Kj\u00f8p Seconal p\u00e5 nett - Seconal til salgs - Bestill Seconal","description":"Din bestilling av lysergsyredietylamid til salgs er v\u00e5rt ansvar. Vi vil ta din bestilling av lysergsyredietylamid i betraktning og n\u00e5 deg innen kort tid. Legg inn store bestillinger n\u00e5!","robots":{"index":"index","follow":"follow","max-snippet":"max-snippet:-1","max-image-preview":"max-image-preview:large","max-video-preview":"max-video-preview:-1"},"canonical":"https:\/\/buy-prescriptionz.com\/nb\/produkt\/kjop-seconal-pa-nett-kjemisk-navn-secobarbital\/","og_locale":"nb_NO","og_type":"article","og_title":"Buy Seconal online - Seconal for sale - Order Seconal","og_description":"Your order for Seconal for sale is our responsibility. We will take your request to buy Seconal online into consideration and reach you in a short period. Place bulk orders now!","og_url":"https:\/\/buy-prescriptionz.com\/nb\/produkt\/kjop-seconal-pa-nett-kjemisk-navn-secobarbital\/","og_site_name":"Buy Prescriptionz","article_modified_time":"2025-09-30T09:17:43+00:00","og_image":[{"width":400,"height":300,"url":"https:\/\/buy-prescriptionz.com\/wp-content\/uploads\/2025\/09\/seconal-chemical-name-secobarbital.jpg","type":"image\/jpeg"}],"twitter_card":"summary_large_image","twitter_misc":{"Ansl. lesetid":"7 minutter"},"schema":{"@context":"https:\/\/schema.org","@graph":[{"@type":"WebPage","@id":"https:\/\/buy-prescriptionz.com\/product\/buy-seconal-online-chemical-name-secobarbital\/","url":"https:\/\/buy-prescriptionz.com\/product\/buy-seconal-online-chemical-name-secobarbital\/","name":"Kj\u00f8p Seconal p\u00e5 nett - Seconal til salgs - Bestill Seconal","isPartOf":{"@id":"https:\/\/buy-prescriptionz.com\/#website"},"primaryImageOfPage":{"@id":"https:\/\/buy-prescriptionz.com\/product\/buy-seconal-online-chemical-name-secobarbital\/#primaryimage"},"image":{"@id":"https:\/\/buy-prescriptionz.com\/product\/buy-seconal-online-chemical-name-secobarbital\/#primaryimage"},"thumbnailUrl":"https:\/\/buy-prescriptionz.com\/wp-content\/uploads\/2025\/09\/seconal-chemical-name-secobarbital.jpg","datePublished":"2025-09-16T08:56:10+00:00","dateModified":"2025-09-30T09:17:43+00:00","description":"Din bestilling av lysergsyredietylamid til salgs er v\u00e5rt ansvar. Vi vil ta din bestilling av lysergsyredietylamid i betraktning og n\u00e5 deg innen kort tid. Legg inn store bestillinger n\u00e5!","breadcrumb":{"@id":"https:\/\/buy-prescriptionz.com\/product\/buy-seconal-online-chemical-name-secobarbital\/#breadcrumb"},"inLanguage":"nb-NO","potentialAction":[{"@type":"ReadAction","target":["https:\/\/buy-prescriptionz.com\/product\/buy-seconal-online-chemical-name-secobarbital\/"]}]},{"@type":"ImageObject","inLanguage":"nb-NO","@id":"https:\/\/buy-prescriptionz.com\/product\/buy-seconal-online-chemical-name-secobarbital\/#primaryimage","url":"https:\/\/buy-prescriptionz.com\/wp-content\/uploads\/2025\/09\/seconal-chemical-name-secobarbital.jpg","contentUrl":"https:\/\/buy-prescriptionz.com\/wp-content\/uploads\/2025\/09\/seconal-chemical-name-secobarbital.jpg","width":400,"height":300},{"@type":"BreadcrumbList","@id":"https:\/\/buy-prescriptionz.com\/product\/buy-seconal-online-chemical-name-secobarbital\/#breadcrumb","itemListElement":[{"@type":"ListItem","position":1,"name":"Home","item":"https:\/\/buy-prescriptionz.com\/"},{"@type":"ListItem","position":2,"name":"Shop Painkillers Online","item":"https:\/\/buy-prescriptionz.com\/shop-painkillers-online\/"},{"@type":"ListItem","position":3,"name":"Buy Seconal Online (Chemical Name-Secobarbital)"}]},{"@type":"WebSite","@id":"https:\/\/buy-prescriptionz.com\/#website","url":"https:\/\/buy-prescriptionz.com\/","name":"Buy Prescriptionz","description":"Drugs Online","publisher":{"@id":"https:\/\/buy-prescriptionz.com\/#organization"},"potentialAction":[{"@type":"SearchAction","target":{"@type":"EntryPoint","urlTemplate":"https:\/\/buy-prescriptionz.com\/?s={search_term_string}"},"query-input":{"@type":"PropertyValueSpecification","valueRequired":true,"valueName":"search_term_string"}}],"inLanguage":"nb-NO"},{"@type":"Organization","@id":"https:\/\/buy-prescriptionz.com\/#organization","name":"Buy Prescriptionz","url":"https:\/\/buy-prescriptionz.com\/","logo":{"@type":"ImageObject","inLanguage":"nb-NO","@id":"https:\/\/buy-prescriptionz.com\/#\/schema\/logo\/image\/","url":"https:\/\/buy-prescriptionz.com\/wp-content\/uploads\/2023\/09\/logo.png","contentUrl":"https:\/\/buy-prescriptionz.com\/wp-content\/uploads\/2023\/09\/logo.png","width":350,"height":64,"caption":"Buy Prescriptionz"},"image":{"@id":"https:\/\/buy-prescriptionz.com\/#\/schema\/logo\/image\/"}}]}},"_links":{"self":[{"href":"https:\/\/buy-prescriptionz.com\/nb\/wp-json\/wp\/v2\/product\/3056","targetHints":{"allow":["GET"]}}],"collection":[{"href":"https:\/\/buy-prescriptionz.com\/nb\/wp-json\/wp\/v2\/product"}],"about":[{"href":"https:\/\/buy-prescriptionz.com\/nb\/wp-json\/wp\/v2\/types\/product"}],"replies":[{"embeddable":true,"href":"https:\/\/buy-prescriptionz.com\/nb\/wp-json\/wp\/v2\/comments?post=3056"}],"wp:featuredmedia":[{"embeddable":true,"href":"https:\/\/buy-prescriptionz.com\/nb\/wp-json\/wp\/v2\/media\/3086"}],"wp:attachment":[{"href":"https:\/\/buy-prescriptionz.com\/nb\/wp-json\/wp\/v2\/media?parent=3056"}],"wp:term":[{"taxonomy":"product_brand","embeddable":true,"href":"https:\/\/buy-prescriptionz.com\/nb\/wp-json\/wp\/v2\/product_brand?post=3056"},{"taxonomy":"product_cat","embeddable":true,"href":"https:\/\/buy-prescriptionz.com\/nb\/wp-json\/wp\/v2\/product_cat?post=3056"},{"taxonomy":"product_tag","embeddable":true,"href":"https:\/\/buy-prescriptionz.com\/nb\/wp-json\/wp\/v2\/product_tag?post=3056"}],"curies":[{"name":"wp","href":"https:\/\/api.w.org\/{rel}","templated":true}]}}