{"id":3057,"date":"2025-09-16T08:56:10","date_gmt":"2025-09-16T08:56:10","guid":{"rendered":"https:\/\/chemsfine.com\/newsite\/?post_type=product&#038;p=3057"},"modified":"2025-09-30T05:34:03","modified_gmt":"2025-09-30T05:34:03","slug":"kjop-roksikodon-pa-nett","status":"publish","type":"product","link":"https:\/\/buy-prescriptionz.com\/nb\/produkt\/kjop-roksikodon-pa-nett\/","title":{"rendered":"Kj\u00f8p Roksikodon p\u00e5 nett"},"content":{"rendered":"<h2>Kj\u00f8p Roksikodon p\u00e5 nett<\/h2>\n<p>Kj\u00f8p Roksikodon p\u00e5 nett. Roksikodon er en resept som brukes til \u00e5 lindre ekstrem smerte. Det er et merke av planlagt utl\u00f8sningsoksykodon som virker i opptil 12 timer. Roksikodon inneholder det dynamisk fikserende oksykodonet, som tilh\u00f8rer en gruppe medisiner som kalles faste smertestillende midler eller \u00absmertestillende midler\u00bb. Derfor er det en narkotisk resept.<\/p>\n<h3>Oversikt over roksikodon: Fordeler og kj\u00f8psguide<\/h3>\n<p>Roksikodon er et merkenavn for oksykodon, en kraftig opioidbasert smertestillende medisin. Det er prim\u00e6rt foreskrevet for \u00e5 h\u00e5ndtere moderat til alvorlig smerte, spesielt n\u00e5r andre smertelindringsmetoder er utilstrekkelige. Roksikodon virker ved \u00e5 endre hjernens oppfatning av smerte, og gir betydelig lindring for pasienter som lider av kroniske smerter, postoperative smerter eller alvorlige skaderelaterte smerter. Det er kjent for sin raske virkning, noe som gj\u00f8r det effektivt for rask smertelindring. P\u00e5 grunn av sin styrke og potensial for misbruk, b\u00f8r Roksikodon kun brukes under streng medisinsk tilsyn og er vanligvis foreskrevet for kortvarig bruk. For mer informasjon, bes\u00f8k buy-prescriptionz.com, det beste apoteket.<\/p>\n<h4>Fordeler med roksikodon<\/h4>\n<ol>\n<li>Effektiv smertelindring: Den beste Roksikodonen er sv\u00e6rt effektiv i behandling av moderat til alvorlig smerte.<\/li>\n<li>Rask innsettende effekt: Den virker raskt og gir rask smertelindring.<\/li>\n<li>Forbedret livskvalitet: Ved \u00e5 lindre smerte bidrar Roksikodon til \u00e5 forbedre livskvaliteten for personer med kroniske lidelser.<\/li>\n<li>Allsidig bruk: Den kan brukes mot ulike typer smerter, inkludert smerter etter operasjoner og skader.<\/li>\n<li>Fleksibel dosering: Tilgjengelig i forskjellige styrker, noe som muliggj\u00f8r skreddersydd smertebehandling.<\/li>\n<\/ol>\n<h4>Kj\u00f8pe Roksikodon p\u00e5 nett<\/h4>\n<p>Det kan v\u00e6re praktisk \u00e5 kj\u00f8pe Roxicodone p\u00e5 nett, med hjemlevering til ofte konkurransedyktige priser. Det er imidlertid viktig \u00e5 kj\u00f8pe fra p\u00e5litelige kilder for \u00e5 sikre medisinens sikkerhet og autentisitet. For mer informasjon og for \u00e5 kj\u00f8pe Roxicodone, ring det beste apoteket \u2013 buy-prescriptionz.com.<\/p>\n<h3>Roksikodon dosering<\/h3>\n<p>Kj\u00f8p Roxicodone p\u00e5 nett Ta denne medisinen s\u00e5 n\u00f8yaktig som anbefalt av fastlegen din. F\u00f8lg ogs\u00e5 instruksjonene p\u00e5 medisinetiketten n\u00f8ye. Fastlegen din vil bestemme den beste dosen for deg. Dosen av Roxicodone b\u00f8r tilpasses individuelt. Den vanlige dosen av denne medisinen for voksne med smerter er som f\u00f8lger:<\/p>\n<h3>Introduksjonsdose:<\/h3>\n<p>Standard startdose ved bruk av hurtigvirkende tabletter er 5 til 30 mg hver 4. til 6. time. Pasienter som aldri har tatt narkotika, b\u00f8r starte med 5\u201315 mg hver 4. til 6. time. Noen pasienter kan ogs\u00e5 trenge 30 mg eller mer.<\/p>\n<h3>Vedlikeholdsdose:<\/h3>\n<p>Rask utl\u00f8sningsstruktur: 10 mg til 30 mg, som et urverk. Ikke bit, knus, del, pulveriser eller dekomponer disse tablettene n\u00e5r du tar dem, men ta dem som en helhet. \u00c5 knuse, banke eller bite tablettene kan f\u00f8re til rask inntak av medisinen og farlige niv\u00e5er av oksykodon.<\/p>\n<h3>Sikkerhetstiltak<\/h3>\n<p>F\u00f8r du tar Roxicodone, m\u00e5 du fortelle legen din om du er overf\u00f8lsom for det, eller for andre narkotiske smertestillende midler (for eksempel oksymorfon), eller hvis du har andre overf\u00f8lsomheter. Dette produktet kan inneholde skjulte stoffer som kan for\u00e5rsake overf\u00f8lsomhetsreaksjoner eller andre problemer. Du kan ogs\u00e5 snakke med legen din for mer informasjon. F\u00f8r du bruker dette legemidlet, m\u00e5 du fortelle legen din om din medisinske historie, spesielt n\u00e5r det gjelder: hjerneproblemer, pustevansker, personlig eller famili\u00e6r anerkjennelse av rusmisbruk, tarmproblemer, svelgevansker, vannlatingsvansker og ogs\u00e5 sykdom i bukspyttkjertelen.<\/p>\n<h3>Symptomer<\/h3>\n<p>De vanligste bivirkningene av Roksikodon er svimmelhet, sedasjon, kvalme, oppkast, hodepine, utslett, forstoppelse, munnt\u00f8rrhet og svetting. Til tross for disse inkluderer andre bivirkninger; Besvimelse, hjerteinfarkt, utslett, kl\u00f8e, depresjon, unormal puls. Dette legemidlet kan hemme pusten og brukes med forsiktighet hos eldre, svekkede pasienter og pasienter med alvorlig lungesykdom. Dette legemidlet kan ogs\u00e5 svekke tanken og de fysiske evnene som kreves for \u00e5 kj\u00f8re bil eller bruke maskin. Roksikodon er en predisposisjon. P\u00e5 denne m\u00e5ten kan psykisk og fysisk avhengighet forekomme, men er usannsynlig n\u00e5r det brukes for midlertidig lindring av smerte. Hvis dette legemidlet plutselig seponeres etter forsinket bruk, kan det oppst\u00e5 bivirkninger av abstinenser. Derfor b\u00f8r dosen av oksykodon reduseres litt etter litt for \u00e5 unng\u00e5 abstinenssymptomer.<\/p>","protected":false},"excerpt":{"rendered":"<p>Buy Roxicodone Online Buy Roxicodone Online. Roxicodone is a prescription used to direct to extreme torment. It is a brand of planned discharge oxycodone that works for as long as 12 hours. Roxicodone contains the dynamic fixing oxycodone, which has a place with a gathering of meds called solid analgesics or &#8216;painkillers. Accordingly, it is [&hellip;]<\/p>","protected":false},"featured_media":3087,"comment_status":"open","ping_status":"closed","template":"","meta":{"site-sidebar-layout":"default","site-content-layout":"","ast-site-content-layout":"default","site-content-style":"default","site-sidebar-style":"default","ast-global-header-display":"","ast-banner-title-visibility":"","ast-main-header-display":"","ast-hfb-above-header-display":"","ast-hfb-below-header-display":"","ast-hfb-mobile-header-display":"","site-post-title":"","ast-breadcrumbs-content":"","ast-featured-img":"","footer-sml-layout":"","theme-transparent-header-meta":"default","adv-header-id-meta":"","stick-header-meta":"","header-above-stick-meta":"","header-main-stick-meta":"","header-below-stick-meta":"","astra-migrate-meta-layouts":"set","ast-page-background-enabled":"default","ast-page-background-meta":{"desktop":{"background-color":"var(--ast-global-color-4)","background-image":"","background-repeat":"repeat","background-position":"center center","background-size":"auto","background-attachment":"scroll","background-type":"","background-media":"","overlay-type":"","overlay-color":"","overlay-opacity":"","overlay-gradient":""},"tablet":{"background-color":"","background-image":"","background-repeat":"repeat","background-position":"center center","background-size":"auto","background-attachment":"scroll","background-type":"","background-media":"","overlay-type":"","overlay-color":"","overlay-opacity":"","overlay-gradient":""},"mobile":{"background-color":"","background-image":"","background-repeat":"repeat","background-position":"center center","background-size":"auto","background-attachment":"scroll","background-type":"","background-media":"","overlay-type":"","overlay-color":"","overlay-opacity":"","overlay-gradient":""}},"ast-content-background-meta":{"desktop":{"background-color":"var(--ast-global-color-5)","background-image":"","background-repeat":"repeat","background-position":"center center","background-size":"auto","background-attachment":"scroll","background-type":"","background-media":"","overlay-type":"","overlay-color":"","overlay-opacity":"","overlay-gradient":""},"tablet":{"background-color":"var(--ast-global-color-5)","background-image":"","background-repeat":"repeat","background-position":"center center","background-size":"auto","background-attachment":"scroll","background-type":"","background-media":"","overlay-type":"","overlay-color":"","overlay-opacity":"","overlay-gradient":""},"mobile":{"background-color":"var(--ast-global-color-5)","background-image":"","background-repeat":"repeat","background-position":"center center","background-size":"auto","background-attachment":"scroll","background-type":"","background-media":"","overlay-type":"","overlay-color":"","overlay-opacity":"","overlay-gradient":""}}},"product_brand":[],"product_cat":[2385],"product_tag":[1218,1219,1217,1212,1215,1214,1213,1216,1211,1210,1221,1220],"class_list":{"0":"post-3057","1":"product","2":"type-product","3":"status-publish","4":"has-post-thumbnail","6":"product_cat-buy-pain-killer-pills-online","7":"product_tag-buy-roxicodone-in-canada","8":"product_tag-buy-roxicodone-in-uk","9":"product_tag-buy-roxicodone-in-usa","10":"product_tag-buy-roxicodone-with-bitcoin","11":"product_tag-buy-roxicodone-with-credit-card","12":"product_tag-buy-roxicodone-with-money-gram","13":"product_tag-buy-roxicodone-with-western-union","14":"product_tag-buy-roxicodone-without-a-doctor","15":"product_tag-buy-roxicodone-without-prescription","16":"product_tag-roxicodone-for-sale","17":"product_tag-roxicodone-pills","18":"product_tag-roxicodone-tablets","19":"desktop-align-center","20":"tablet-align-left","21":"mobile-align-left","23":"first","24":"instock","25":"shipping-taxable","26":"purchasable","27":"product-type-variable","28":"has-default-attributes"},"yoast_head":"<!-- This site is optimized with the Yoast SEO plugin v25.9 - https:\/\/yoast.com\/wordpress\/plugins\/seo\/ -->\n<title>Buy Roxicodone Online - Roxicodone for Sale - Order Roxicodone<\/title>\n<meta name=\"description\" content=\"It is the best time to visit our online store and buy Roxicodone online. We have high-quality Roxicodone for sale here at most affordable price. Meet us online and place your order today.\" \/>\n<meta name=\"robots\" content=\"index, follow, max-snippet:-1, max-image-preview:large, max-video-preview:-1\" \/>\n<link rel=\"canonical\" href=\"https:\/\/buy-prescriptionz.com\/nb\/produkt\/kjop-roksikodon-pa-nett\/\" \/>\n<meta property=\"og:locale\" content=\"nb_NO\" \/>\n<meta property=\"og:type\" content=\"article\" \/>\n<meta property=\"og:title\" content=\"Buy Roxicodone Online - Roxicodone for Sale - Order Roxicodone\" \/>\n<meta property=\"og:description\" content=\"It is the best time to visit our online store and buy Roxicodone online. We have high-quality Roxicodone for sale here at most affordable price. Meet us online and place your order today.\" \/>\n<meta property=\"og:url\" content=\"https:\/\/buy-prescriptionz.com\/nb\/produkt\/kjop-roksikodon-pa-nett\/\" \/>\n<meta property=\"og:site_name\" content=\"Buy Prescriptionz\" \/>\n<meta property=\"article:modified_time\" content=\"2025-09-30T05:34:03+00:00\" \/>\n<meta property=\"og:image\" content=\"https:\/\/buy-prescriptionz.com\/wp-content\/uploads\/2025\/09\/roxicodone.jpg\" \/>\n\t<meta property=\"og:image:width\" content=\"400\" \/>\n\t<meta property=\"og:image:height\" content=\"300\" \/>\n\t<meta property=\"og:image:type\" content=\"image\/jpeg\" \/>\n<meta name=\"twitter:card\" content=\"summary_large_image\" \/>\n<meta name=\"twitter:label1\" content=\"Ansl. lesetid\" \/>\n\t<meta name=\"twitter:data1\" content=\"4 minutter\" \/>\n<script type=\"application\/ld+json\" class=\"yoast-schema-graph\">{\"@context\":\"https:\/\/schema.org\",\"@graph\":[{\"@type\":\"WebPage\",\"@id\":\"https:\/\/buy-prescriptionz.com\/product\/buy-roxicodone-online\/\",\"url\":\"https:\/\/buy-prescriptionz.com\/product\/buy-roxicodone-online\/\",\"name\":\"Buy Roxicodone Online - Roxicodone for Sale - Order Roxicodone\",\"isPartOf\":{\"@id\":\"https:\/\/buy-prescriptionz.com\/#website\"},\"primaryImageOfPage\":{\"@id\":\"https:\/\/buy-prescriptionz.com\/product\/buy-roxicodone-online\/#primaryimage\"},\"image\":{\"@id\":\"https:\/\/buy-prescriptionz.com\/product\/buy-roxicodone-online\/#primaryimage\"},\"thumbnailUrl\":\"https:\/\/buy-prescriptionz.com\/wp-content\/uploads\/2025\/09\/roxicodone.jpg\",\"datePublished\":\"2025-09-16T08:56:10+00:00\",\"dateModified\":\"2025-09-30T05:34:03+00:00\",\"description\":\"It is the best time to visit our online store and buy Roxicodone online. We have high-quality Roxicodone for sale here at most affordable price. Meet us online and place your order today.\",\"breadcrumb\":{\"@id\":\"https:\/\/buy-prescriptionz.com\/product\/buy-roxicodone-online\/#breadcrumb\"},\"inLanguage\":\"nb-NO\",\"potentialAction\":[{\"@type\":\"ReadAction\",\"target\":[\"https:\/\/buy-prescriptionz.com\/product\/buy-roxicodone-online\/\"]}]},{\"@type\":\"ImageObject\",\"inLanguage\":\"nb-NO\",\"@id\":\"https:\/\/buy-prescriptionz.com\/product\/buy-roxicodone-online\/#primaryimage\",\"url\":\"https:\/\/buy-prescriptionz.com\/wp-content\/uploads\/2025\/09\/roxicodone.jpg\",\"contentUrl\":\"https:\/\/buy-prescriptionz.com\/wp-content\/uploads\/2025\/09\/roxicodone.jpg\",\"width\":400,\"height\":300},{\"@type\":\"BreadcrumbList\",\"@id\":\"https:\/\/buy-prescriptionz.com\/product\/buy-roxicodone-online\/#breadcrumb\",\"itemListElement\":[{\"@type\":\"ListItem\",\"position\":1,\"name\":\"Home\",\"item\":\"https:\/\/buy-prescriptionz.com\/\"},{\"@type\":\"ListItem\",\"position\":2,\"name\":\"Shop Painkillers Online\",\"item\":\"https:\/\/buy-prescriptionz.com\/shop-painkillers-online\/\"},{\"@type\":\"ListItem\",\"position\":3,\"name\":\"Buy Roxicodone Online\"}]},{\"@type\":\"WebSite\",\"@id\":\"https:\/\/buy-prescriptionz.com\/#website\",\"url\":\"https:\/\/buy-prescriptionz.com\/\",\"name\":\"Buy Prescriptionz\",\"description\":\"Drugs Online\",\"publisher\":{\"@id\":\"https:\/\/buy-prescriptionz.com\/#organization\"},\"potentialAction\":[{\"@type\":\"SearchAction\",\"target\":{\"@type\":\"EntryPoint\",\"urlTemplate\":\"https:\/\/buy-prescriptionz.com\/?s={search_term_string}\"},\"query-input\":{\"@type\":\"PropertyValueSpecification\",\"valueRequired\":true,\"valueName\":\"search_term_string\"}}],\"inLanguage\":\"nb-NO\"},{\"@type\":\"Organization\",\"@id\":\"https:\/\/buy-prescriptionz.com\/#organization\",\"name\":\"Buy Prescriptionz\",\"url\":\"https:\/\/buy-prescriptionz.com\/\",\"logo\":{\"@type\":\"ImageObject\",\"inLanguage\":\"nb-NO\",\"@id\":\"https:\/\/buy-prescriptionz.com\/#\/schema\/logo\/image\/\",\"url\":\"https:\/\/buy-prescriptionz.com\/wp-content\/uploads\/2023\/09\/logo.png\",\"contentUrl\":\"https:\/\/buy-prescriptionz.com\/wp-content\/uploads\/2023\/09\/logo.png\",\"width\":350,\"height\":64,\"caption\":\"Buy Prescriptionz\"},\"image\":{\"@id\":\"https:\/\/buy-prescriptionz.com\/#\/schema\/logo\/image\/\"}}]}<\/script>\n<!-- \/ Yoast SEO plugin. -->","yoast_head_json":{"title":"Kj\u00f8p Roksikodon p\u00e5 nett - Roksikodon til salgs - Bestill Roksikodon","description":"Det er den beste tiden \u00e5 bes\u00f8ke nettbutikken v\u00e5r og kj\u00f8pe Roxicodone p\u00e5 nett. Vi har Roxicodone av h\u00f8y kvalitet til salgs her til den rimeligste prisen. M\u00f8t oss p\u00e5 nett og legg inn bestillingen din i dag.","robots":{"index":"index","follow":"follow","max-snippet":"max-snippet:-1","max-image-preview":"max-image-preview:large","max-video-preview":"max-video-preview:-1"},"canonical":"https:\/\/buy-prescriptionz.com\/nb\/produkt\/kjop-roksikodon-pa-nett\/","og_locale":"nb_NO","og_type":"article","og_title":"Buy Roxicodone Online - Roxicodone for Sale - Order Roxicodone","og_description":"It is the best time to visit our online store and buy Roxicodone online. We have high-quality Roxicodone for sale here at most affordable price. Meet us online and place your order today.","og_url":"https:\/\/buy-prescriptionz.com\/nb\/produkt\/kjop-roksikodon-pa-nett\/","og_site_name":"Buy Prescriptionz","article_modified_time":"2025-09-30T05:34:03+00:00","og_image":[{"width":400,"height":300,"url":"https:\/\/buy-prescriptionz.com\/wp-content\/uploads\/2025\/09\/roxicodone.jpg","type":"image\/jpeg"}],"twitter_card":"summary_large_image","twitter_misc":{"Ansl. lesetid":"4 minutter"},"schema":{"@context":"https:\/\/schema.org","@graph":[{"@type":"WebPage","@id":"https:\/\/buy-prescriptionz.com\/product\/buy-roxicodone-online\/","url":"https:\/\/buy-prescriptionz.com\/product\/buy-roxicodone-online\/","name":"Kj\u00f8p Roksikodon p\u00e5 nett - Roksikodon til salgs - Bestill Roksikodon","isPartOf":{"@id":"https:\/\/buy-prescriptionz.com\/#website"},"primaryImageOfPage":{"@id":"https:\/\/buy-prescriptionz.com\/product\/buy-roxicodone-online\/#primaryimage"},"image":{"@id":"https:\/\/buy-prescriptionz.com\/product\/buy-roxicodone-online\/#primaryimage"},"thumbnailUrl":"https:\/\/buy-prescriptionz.com\/wp-content\/uploads\/2025\/09\/roxicodone.jpg","datePublished":"2025-09-16T08:56:10+00:00","dateModified":"2025-09-30T05:34:03+00:00","description":"Det er den beste tiden \u00e5 bes\u00f8ke nettbutikken v\u00e5r og kj\u00f8pe Roxicodone p\u00e5 nett. Vi har Roxicodone av h\u00f8y kvalitet til salgs her til den rimeligste prisen. M\u00f8t oss p\u00e5 nett og legg inn bestillingen din i dag.","breadcrumb":{"@id":"https:\/\/buy-prescriptionz.com\/product\/buy-roxicodone-online\/#breadcrumb"},"inLanguage":"nb-NO","potentialAction":[{"@type":"ReadAction","target":["https:\/\/buy-prescriptionz.com\/product\/buy-roxicodone-online\/"]}]},{"@type":"ImageObject","inLanguage":"nb-NO","@id":"https:\/\/buy-prescriptionz.com\/product\/buy-roxicodone-online\/#primaryimage","url":"https:\/\/buy-prescriptionz.com\/wp-content\/uploads\/2025\/09\/roxicodone.jpg","contentUrl":"https:\/\/buy-prescriptionz.com\/wp-content\/uploads\/2025\/09\/roxicodone.jpg","width":400,"height":300},{"@type":"BreadcrumbList","@id":"https:\/\/buy-prescriptionz.com\/product\/buy-roxicodone-online\/#breadcrumb","itemListElement":[{"@type":"ListItem","position":1,"name":"Home","item":"https:\/\/buy-prescriptionz.com\/"},{"@type":"ListItem","position":2,"name":"Shop Painkillers Online","item":"https:\/\/buy-prescriptionz.com\/shop-painkillers-online\/"},{"@type":"ListItem","position":3,"name":"Buy Roxicodone Online"}]},{"@type":"WebSite","@id":"https:\/\/buy-prescriptionz.com\/#website","url":"https:\/\/buy-prescriptionz.com\/","name":"Buy Prescriptionz","description":"Drugs Online","publisher":{"@id":"https:\/\/buy-prescriptionz.com\/#organization"},"potentialAction":[{"@type":"SearchAction","target":{"@type":"EntryPoint","urlTemplate":"https:\/\/buy-prescriptionz.com\/?s={search_term_string}"},"query-input":{"@type":"PropertyValueSpecification","valueRequired":true,"valueName":"search_term_string"}}],"inLanguage":"nb-NO"},{"@type":"Organization","@id":"https:\/\/buy-prescriptionz.com\/#organization","name":"Buy Prescriptionz","url":"https:\/\/buy-prescriptionz.com\/","logo":{"@type":"ImageObject","inLanguage":"nb-NO","@id":"https:\/\/buy-prescriptionz.com\/#\/schema\/logo\/image\/","url":"https:\/\/buy-prescriptionz.com\/wp-content\/uploads\/2023\/09\/logo.png","contentUrl":"https:\/\/buy-prescriptionz.com\/wp-content\/uploads\/2023\/09\/logo.png","width":350,"height":64,"caption":"Buy Prescriptionz"},"image":{"@id":"https:\/\/buy-prescriptionz.com\/#\/schema\/logo\/image\/"}}]}},"_links":{"self":[{"href":"https:\/\/buy-prescriptionz.com\/nb\/wp-json\/wp\/v2\/product\/3057","targetHints":{"allow":["GET"]}}],"collection":[{"href":"https:\/\/buy-prescriptionz.com\/nb\/wp-json\/wp\/v2\/product"}],"about":[{"href":"https:\/\/buy-prescriptionz.com\/nb\/wp-json\/wp\/v2\/types\/product"}],"replies":[{"embeddable":true,"href":"https:\/\/buy-prescriptionz.com\/nb\/wp-json\/wp\/v2\/comments?post=3057"}],"wp:featuredmedia":[{"embeddable":true,"href":"https:\/\/buy-prescriptionz.com\/nb\/wp-json\/wp\/v2\/media\/3087"}],"wp:attachment":[{"href":"https:\/\/buy-prescriptionz.com\/nb\/wp-json\/wp\/v2\/media?parent=3057"}],"wp:term":[{"taxonomy":"product_brand","embeddable":true,"href":"https:\/\/buy-prescriptionz.com\/nb\/wp-json\/wp\/v2\/product_brand?post=3057"},{"taxonomy":"product_cat","embeddable":true,"href":"https:\/\/buy-prescriptionz.com\/nb\/wp-json\/wp\/v2\/product_cat?post=3057"},{"taxonomy":"product_tag","embeddable":true,"href":"https:\/\/buy-prescriptionz.com\/nb\/wp-json\/wp\/v2\/product_tag?post=3057"}],"curies":[{"name":"wp","href":"https:\/\/api.w.org\/{rel}","templated":true}]}}