{"id":3058,"date":"2025-09-16T08:56:10","date_gmt":"2025-09-16T08:56:10","guid":{"rendered":"https:\/\/chemsfine.com\/newsite\/?post_type=product&#038;p=3058"},"modified":"2025-09-25T12:45:43","modified_gmt":"2025-09-25T12:45:43","slug":"kjop-ritalin-pa-nett","status":"publish","type":"product","link":"https:\/\/buy-prescriptionz.com\/nb\/produkt\/kjop-ritalin-pa-nett\/","title":{"rendered":"Buy Ritalin Online"},"content":{"rendered":"<h2>Buy Ritalin Online<\/h2>\n<h3>Purchase Ritalin Online Without Prescription<\/h3>\n<p>Purchase<a href=\"https:\/\/buy-prescriptionz.com\/nb\/\"> Ritalin<\/a> Online Without Prescription. To start, Ritalin (methylphenidate) is a focal sensory system stimulant. Also, It influences synthetics in mind and nerves that add to hyperactivity and drive control. Further, It creates such impacts as expanding or looking after sharpness, battling exhaustion, and improving attention.\u200c Likewise, Meta-examinations and methodical audits of attractive reverberation imaging studies propose that long haul treatment with ADHD stimulants (explicitly, amphetamine and methylphenidate) diminishes variations from the norm in mind structure and capacity found in individuals with ADHD. Also, audits of clinical stimulant research have set up the security and adequacy of the long haul utilization of ADHD stimulants for people with ADHD. Notwithstanding, the exact greatness of upgrades in ADHD indications and personal satisfaction that are delivered by methylphenidate treatment remains uncertain. In the end, Buy Ritalin online without solution from Butterfly Medication Shop.<\/p>\n<h3>Arbeid<\/h3>\n<p>Ritalin is utilized to treat a lack of ability to concentrate consistently issue (ADD), consideration shortfall hyperactivity issue (ADHD), and narcolepsy.<\/p>\n<h3>Where to Get Ritalin Online<\/h3>\n<p>Hvor f\u00e5r man tak i Ritalin p\u00e5 nett; Du kan f\u00e5 Ritalin p\u00e5 nett fra Buy-prescriptionz. Bestill Ritalin p\u00e5 nett fra Buy-prescriptionz ved \u00e5 g\u00e5 inn i nettbutikken v\u00e5r p\u00e5 nettstedet v\u00e5rt og legge Ritalin i handlekurven. Uansett, n\u00e5r du legger det i lastebilen din, kan du fortsette \u00e5 lete og ogs\u00e5 s\u00f8rge for \u00e5 fylle ut transportinformasjonen din uten feil. Videre har vi ogs\u00e5 enkle avbetalingsmetoder for \u00e5 gj\u00f8re det enklere for pasientene v\u00e5re. I tillegg kan du kj\u00f8pe Ritalin p\u00e5 nett fra nettbutikken v\u00e5r og bruke de enkleste avbetalingsmetodene og dessuten rask og diskret levering. Temaet hvor du kan f\u00e5 tak i Ritalin har nettopp blitt tatt opp. Ritalin forbedrer fokus og kognitiv funksjon, spesielt for ADHD. Bivirkninger inkluderer s\u00f8vnl\u00f8shet og tap av appetitt. S\u00f8rg for at du kj\u00f8per fra p\u00e5litelige kilder. Hvor kan jeg kj\u00f8pe Ritalin p\u00e5 nett? F\u00e5 den beste Ritalin p\u00e5 nett kun fra buy-prescriptionz.com.<\/p>\n<h3>Kj\u00f8pe Ritalin p\u00e5 nett: Fordeler og bivirkninger<\/h3>\n<ol>\n<li>Forbedret fokus: Ritalin bidrar til \u00e5 \u00f8ke konsentrasjon og fokus, spesielt gunstig for de med ADHD.<\/li>\n<li>Forbedret kognitiv funksjon: Det kan forbedre kognitive funksjoner som hukommelse og l\u00e6ringsevne.<\/li>\n<li>Hum\u00f8rstabilisering: Ritalin kan bidra til \u00e5 stabilisere hum\u00f8rsvingninger, noe som gj\u00f8r daglige gj\u00f8rem\u00e5l mer h\u00e5ndterbare.<\/li>\n<li>\u00d8kt produktivitet: Ved \u00e5 redusere symptomer p\u00e5 ADHD, hjelper Ritalin brukerne med \u00e5 bli mer produktive i arbeidet eller studiene.<\/li>\n<li>Bekvemmelighet: Det kan v\u00e6re praktisk \u00e5 kj\u00f8pe Ritalin p\u00e5 nett, det sparer tid og tilbyr hjemlevering.<\/li>\n<\/ol>\n<p>\u00c5 kj\u00f8pe Ritalin p\u00e5 nett kan tilby bekvemmelighet og personvern. Det lar enkeltpersoner f\u00e5 tilgang til medisinene sine uten \u00e5 m\u00e5tte bes\u00f8ke apoteket fysisk. Nettapotek gir ofte detaljert informasjon om medisinen, noe som hjelper brukerne med \u00e5 ta informerte beslutninger. Det er imidlertid avgj\u00f8rende \u00e5 s\u00f8rge for at nettkilden er p\u00e5litelig og krever resept, da dette bidrar til \u00e5 garantere ektheten og sikkerheten til medisinen.<\/p>\n<h4>Bivirkninger av Ritalin<\/h4>\n<ol>\n<li>S\u00f8vnl\u00f8shet: Vanskeligheter med \u00e5 sovne eller sove gjennom natten er en vanlig bivirkning.<\/li>\n<li>Tap av appetitt: Ritalin kan redusere appetitten, noe som f\u00f8rer til vekttap.<\/li>\n<\/ol>\n<p>Ritalin tilbyr betydelige fordeler for personer med ADHD, og \u200b\u200bforbedrer fokus og produktivitet. Det kan imidlertid for\u00e5rsake bivirkninger som s\u00f8vnl\u00f8shet og tap av appetitt. Kj\u00f8p alltid fra p\u00e5litelige kilder. For mer informasjon, bes\u00f8k beste apotekbutikk buy-prescriptionz.com.<\/p>\n<h3>Purchase Ritalin (SIDE EFFECTS)<\/h3>\n<p>Kj\u00f8p Ritalin fra Buyprescriptionz for behandling av ADHD i sentralnervesystemet (ADD): hyperaktivitet, s\u00f8vnforstyrrelser, iver, skjelving, urolige sosiale p\u00e5virkninger, forvirring, fantasier, hjernesmerter, irritabilitet, galskap, tankeproblemer. AADD: t\u00e5ket syn, knusende tenner.<\/p>\n<h3>Measurement AND ADMINISTRATION<\/h3>\n<p>Purchase Ritalin Online from Our Online Medical Shop and pursue our measurement and organization given here . Organization of Dose Ritalin LA\u00ae (methylphenidate hydrochloride) broadened discharge cases is for oral organization once day by day in the first part of the day.<\/p>\n<p>Ritalin LA as well as their substance ought not be squash, bite, or separated. Further, the containers might be cautiously open and the globules sprinkle over a spoonful of fruit pur\u00e9e.<\/p>\n<p>Further, the fruit pur\u00e9e ought not be warm because it could influence the adjusted discharge properties of this plan. The blend of medication and fruit pur\u00e9e ought to expend promptly completely. The medication and fruit pur\u00e9e blend ought not be store for sometime later. Patients ought to be encouraged to maintain a strategic distance from<\/p>\n<h3>CONTRAINDICATIONS<\/h3>\n<p>Unsettling: Ritalin LA (methylphenidate hydrochloride) expand discharge containers is contraindicate in stamped uneasiness, pressure, and disturbance, since the medication may exasperate these indications.<\/p>\n<p>Glaucoma: It is contraindicated in patients with glaucoma.<\/p>\n<p>Tics : It is contraindicated in patients with engine tics or with a family ancestry or conclusion of Tourette&#8217;s disorder.<\/p>","protected":false},"excerpt":{"rendered":"<p>Buy Ritalin Online Purchase Ritalin Online Without Prescription Purchase Ritalin Online Without Prescription. To start, Ritalin (methylphenidate) is a focal sensory system stimulant. Also, It influences synthetics in mind and nerves that add to hyperactivity and drive control. Further, It creates such impacts as expanding or looking after sharpness, battling exhaustion, and improving attention.\u200c Likewise, [&hellip;]<\/p>","protected":false},"featured_media":3088,"comment_status":"open","ping_status":"closed","template":"","meta":{"site-sidebar-layout":"default","site-content-layout":"","ast-site-content-layout":"default","site-content-style":"default","site-sidebar-style":"default","ast-global-header-display":"","ast-banner-title-visibility":"","ast-main-header-display":"","ast-hfb-above-header-display":"","ast-hfb-below-header-display":"","ast-hfb-mobile-header-display":"","site-post-title":"","ast-breadcrumbs-content":"","ast-featured-img":"","footer-sml-layout":"","theme-transparent-header-meta":"default","adv-header-id-meta":"","stick-header-meta":"","header-above-stick-meta":"","header-main-stick-meta":"","header-below-stick-meta":"","astra-migrate-meta-layouts":"set","ast-page-background-enabled":"default","ast-page-background-meta":{"desktop":{"background-color":"var(--ast-global-color-4)","background-image":"","background-repeat":"repeat","background-position":"center center","background-size":"auto","background-attachment":"scroll","background-type":"","background-media":"","overlay-type":"","overlay-color":"","overlay-opacity":"","overlay-gradient":""},"tablet":{"background-color":"","background-image":"","background-repeat":"repeat","background-position":"center center","background-size":"auto","background-attachment":"scroll","background-type":"","background-media":"","overlay-type":"","overlay-color":"","overlay-opacity":"","overlay-gradient":""},"mobile":{"background-color":"","background-image":"","background-repeat":"repeat","background-position":"center center","background-size":"auto","background-attachment":"scroll","background-type":"","background-media":"","overlay-type":"","overlay-color":"","overlay-opacity":"","overlay-gradient":""}},"ast-content-background-meta":{"desktop":{"background-color":"var(--ast-global-color-5)","background-image":"","background-repeat":"repeat","background-position":"center center","background-size":"auto","background-attachment":"scroll","background-type":"","background-media":"","overlay-type":"","overlay-color":"","overlay-opacity":"","overlay-gradient":""},"tablet":{"background-color":"var(--ast-global-color-5)","background-image":"","background-repeat":"repeat","background-position":"center center","background-size":"auto","background-attachment":"scroll","background-type":"","background-media":"","overlay-type":"","overlay-color":"","overlay-opacity":"","overlay-gradient":""},"mobile":{"background-color":"var(--ast-global-color-5)","background-image":"","background-repeat":"repeat","background-position":"center center","background-size":"auto","background-attachment":"scroll","background-type":"","background-media":"","overlay-type":"","overlay-color":"","overlay-opacity":"","overlay-gradient":""}}},"product_brand":[],"product_cat":[2385],"product_tag":[1242,1243,1241,1236,1239,1238,1237,1240,1235,1234,1245,1244],"class_list":{"0":"post-3058","1":"product","2":"type-product","3":"status-publish","4":"has-post-thumbnail","6":"product_cat-buy-pain-killer-pills-online","7":"product_tag-buy-ritalin-in-canada","8":"product_tag-buy-ritalin-in-uk","9":"product_tag-buy-ritalin-in-usa","10":"product_tag-buy-ritalin-with-bitcoin","11":"product_tag-buy-ritalin-with-credit-card","12":"product_tag-buy-ritalin-with-money-gram","13":"product_tag-buy-ritalin-with-western-union","14":"product_tag-buy-ritalin-without-a-doctor","15":"product_tag-buy-ritalin-without-prescription","16":"product_tag-ritalin-for-sale","17":"product_tag-ritalin-pills","18":"product_tag-ritalin-tablets","19":"desktop-align-center","20":"tablet-align-left","21":"mobile-align-left","23":"first","24":"instock","25":"shipping-taxable","26":"purchasable","27":"product-type-variable","28":"has-default-attributes"},"yoast_head":"<!-- This site is optimized with the Yoast SEO plugin v25.9 - https:\/\/yoast.com\/wordpress\/plugins\/seo\/ -->\n<title>Buy Ritalin Online for Sale @ Best Price - Buy Ritalin 10mg Online<\/title>\n<meta name=\"description\" content=\"Buy Ritalin Online, buy Ritalin (Methylphenidate) 10mg online without any prescription, If this is the question where to buy Ritalin online\" \/>\n<meta name=\"robots\" content=\"index, follow, max-snippet:-1, max-image-preview:large, max-video-preview:-1\" \/>\n<link rel=\"canonical\" href=\"https:\/\/buy-prescriptionz.com\/nb\/produkt\/kjop-ritalin-pa-nett\/\" \/>\n<meta property=\"og:locale\" content=\"nb_NO\" \/>\n<meta property=\"og:type\" content=\"article\" \/>\n<meta property=\"og:title\" content=\"Buy Ritalin Online for Sale @ Best Price - Buy Ritalin 10mg Online\" \/>\n<meta property=\"og:description\" content=\"Buy Ritalin Online, buy Ritalin (Methylphenidate) 10mg online without any prescription, If this is the question where to buy Ritalin online\" \/>\n<meta property=\"og:url\" content=\"https:\/\/buy-prescriptionz.com\/nb\/produkt\/kjop-ritalin-pa-nett\/\" \/>\n<meta property=\"og:site_name\" content=\"Buy Prescriptionz\" \/>\n<meta property=\"article:modified_time\" content=\"2025-09-25T12:45:43+00:00\" \/>\n<meta property=\"og:image\" content=\"https:\/\/buy-prescriptionz.com\/wp-content\/uploads\/2025\/09\/ritalin.jpg\" \/>\n\t<meta property=\"og:image:width\" content=\"400\" \/>\n\t<meta property=\"og:image:height\" content=\"300\" \/>\n\t<meta property=\"og:image:type\" content=\"image\/jpeg\" \/>\n<meta name=\"twitter:card\" content=\"summary_large_image\" \/>\n<meta name=\"twitter:label1\" content=\"Ansl. lesetid\" \/>\n\t<meta name=\"twitter:data1\" content=\"4 minutter\" \/>\n<script type=\"application\/ld+json\" class=\"yoast-schema-graph\">{\"@context\":\"https:\/\/schema.org\",\"@graph\":[{\"@type\":\"WebPage\",\"@id\":\"https:\/\/buy-prescriptionz.com\/product\/buy-ritalin-online\/\",\"url\":\"https:\/\/buy-prescriptionz.com\/product\/buy-ritalin-online\/\",\"name\":\"Buy Ritalin Online for Sale @ Best Price - Buy Ritalin 10mg Online\",\"isPartOf\":{\"@id\":\"https:\/\/buy-prescriptionz.com\/#website\"},\"primaryImageOfPage\":{\"@id\":\"https:\/\/buy-prescriptionz.com\/product\/buy-ritalin-online\/#primaryimage\"},\"image\":{\"@id\":\"https:\/\/buy-prescriptionz.com\/product\/buy-ritalin-online\/#primaryimage\"},\"thumbnailUrl\":\"https:\/\/buy-prescriptionz.com\/wp-content\/uploads\/2025\/09\/ritalin.jpg\",\"datePublished\":\"2025-09-16T08:56:10+00:00\",\"dateModified\":\"2025-09-25T12:45:43+00:00\",\"description\":\"Buy Ritalin Online, buy Ritalin (Methylphenidate) 10mg online without any prescription, If this is the question where to buy Ritalin online\",\"breadcrumb\":{\"@id\":\"https:\/\/buy-prescriptionz.com\/product\/buy-ritalin-online\/#breadcrumb\"},\"inLanguage\":\"nb-NO\",\"potentialAction\":[{\"@type\":\"ReadAction\",\"target\":[\"https:\/\/buy-prescriptionz.com\/product\/buy-ritalin-online\/\"]}]},{\"@type\":\"ImageObject\",\"inLanguage\":\"nb-NO\",\"@id\":\"https:\/\/buy-prescriptionz.com\/product\/buy-ritalin-online\/#primaryimage\",\"url\":\"https:\/\/buy-prescriptionz.com\/wp-content\/uploads\/2025\/09\/ritalin.jpg\",\"contentUrl\":\"https:\/\/buy-prescriptionz.com\/wp-content\/uploads\/2025\/09\/ritalin.jpg\",\"width\":400,\"height\":300},{\"@type\":\"BreadcrumbList\",\"@id\":\"https:\/\/buy-prescriptionz.com\/product\/buy-ritalin-online\/#breadcrumb\",\"itemListElement\":[{\"@type\":\"ListItem\",\"position\":1,\"name\":\"Home\",\"item\":\"https:\/\/buy-prescriptionz.com\/\"},{\"@type\":\"ListItem\",\"position\":2,\"name\":\"Shop Painkillers Online\",\"item\":\"https:\/\/buy-prescriptionz.com\/shop-painkillers-online\/\"},{\"@type\":\"ListItem\",\"position\":3,\"name\":\"Buy Ritalin Online\"}]},{\"@type\":\"WebSite\",\"@id\":\"https:\/\/buy-prescriptionz.com\/#website\",\"url\":\"https:\/\/buy-prescriptionz.com\/\",\"name\":\"Buy Prescriptionz\",\"description\":\"Drugs Online\",\"publisher\":{\"@id\":\"https:\/\/buy-prescriptionz.com\/#organization\"},\"potentialAction\":[{\"@type\":\"SearchAction\",\"target\":{\"@type\":\"EntryPoint\",\"urlTemplate\":\"https:\/\/buy-prescriptionz.com\/?s={search_term_string}\"},\"query-input\":{\"@type\":\"PropertyValueSpecification\",\"valueRequired\":true,\"valueName\":\"search_term_string\"}}],\"inLanguage\":\"nb-NO\"},{\"@type\":\"Organization\",\"@id\":\"https:\/\/buy-prescriptionz.com\/#organization\",\"name\":\"Buy Prescriptionz\",\"url\":\"https:\/\/buy-prescriptionz.com\/\",\"logo\":{\"@type\":\"ImageObject\",\"inLanguage\":\"nb-NO\",\"@id\":\"https:\/\/buy-prescriptionz.com\/#\/schema\/logo\/image\/\",\"url\":\"https:\/\/buy-prescriptionz.com\/wp-content\/uploads\/2023\/09\/logo.png\",\"contentUrl\":\"https:\/\/buy-prescriptionz.com\/wp-content\/uploads\/2023\/09\/logo.png\",\"width\":350,\"height\":64,\"caption\":\"Buy Prescriptionz\"},\"image\":{\"@id\":\"https:\/\/buy-prescriptionz.com\/#\/schema\/logo\/image\/\"}}]}<\/script>\n<!-- \/ Yoast SEO plugin. -->","yoast_head_json":{"title":"Kj\u00f8p Ritalin Online til salgs @ Beste pris - Bestill Ritalin 10mg Online","description":"Kj\u00f8p Ritalin Online, Bestill Ritalin (Methylfenidat) 10mg online uten resept, Hvis dette er sp\u00f8rsm\u00e5let hvor du kan kj\u00f8pe Ritalin online","robots":{"index":"index","follow":"follow","max-snippet":"max-snippet:-1","max-image-preview":"max-image-preview:large","max-video-preview":"max-video-preview:-1"},"canonical":"https:\/\/buy-prescriptionz.com\/nb\/produkt\/kjop-ritalin-pa-nett\/","og_locale":"nb_NO","og_type":"article","og_title":"Buy Ritalin Online for Sale @ Best Price - Buy Ritalin 10mg Online","og_description":"Buy Ritalin Online, buy Ritalin (Methylphenidate) 10mg online without any prescription, If this is the question where to buy Ritalin online","og_url":"https:\/\/buy-prescriptionz.com\/nb\/produkt\/kjop-ritalin-pa-nett\/","og_site_name":"Buy Prescriptionz","article_modified_time":"2025-09-25T12:45:43+00:00","og_image":[{"width":400,"height":300,"url":"https:\/\/buy-prescriptionz.com\/wp-content\/uploads\/2025\/09\/ritalin.jpg","type":"image\/jpeg"}],"twitter_card":"summary_large_image","twitter_misc":{"Ansl. lesetid":"4 minutter"},"schema":{"@context":"https:\/\/schema.org","@graph":[{"@type":"WebPage","@id":"https:\/\/buy-prescriptionz.com\/product\/buy-ritalin-online\/","url":"https:\/\/buy-prescriptionz.com\/product\/buy-ritalin-online\/","name":"Kj\u00f8p Ritalin Online til salgs @ Beste pris - Bestill Ritalin 10mg Online","isPartOf":{"@id":"https:\/\/buy-prescriptionz.com\/#website"},"primaryImageOfPage":{"@id":"https:\/\/buy-prescriptionz.com\/product\/buy-ritalin-online\/#primaryimage"},"image":{"@id":"https:\/\/buy-prescriptionz.com\/product\/buy-ritalin-online\/#primaryimage"},"thumbnailUrl":"https:\/\/buy-prescriptionz.com\/wp-content\/uploads\/2025\/09\/ritalin.jpg","datePublished":"2025-09-16T08:56:10+00:00","dateModified":"2025-09-25T12:45:43+00:00","description":"Kj\u00f8p Ritalin Online, Bestill Ritalin (Methylfenidat) 10mg online uten resept, Hvis dette er sp\u00f8rsm\u00e5let hvor du kan kj\u00f8pe Ritalin online","breadcrumb":{"@id":"https:\/\/buy-prescriptionz.com\/product\/buy-ritalin-online\/#breadcrumb"},"inLanguage":"nb-NO","potentialAction":[{"@type":"ReadAction","target":["https:\/\/buy-prescriptionz.com\/product\/buy-ritalin-online\/"]}]},{"@type":"ImageObject","inLanguage":"nb-NO","@id":"https:\/\/buy-prescriptionz.com\/product\/buy-ritalin-online\/#primaryimage","url":"https:\/\/buy-prescriptionz.com\/wp-content\/uploads\/2025\/09\/ritalin.jpg","contentUrl":"https:\/\/buy-prescriptionz.com\/wp-content\/uploads\/2025\/09\/ritalin.jpg","width":400,"height":300},{"@type":"BreadcrumbList","@id":"https:\/\/buy-prescriptionz.com\/product\/buy-ritalin-online\/#breadcrumb","itemListElement":[{"@type":"ListItem","position":1,"name":"Home","item":"https:\/\/buy-prescriptionz.com\/"},{"@type":"ListItem","position":2,"name":"Shop Painkillers Online","item":"https:\/\/buy-prescriptionz.com\/shop-painkillers-online\/"},{"@type":"ListItem","position":3,"name":"Buy Ritalin Online"}]},{"@type":"WebSite","@id":"https:\/\/buy-prescriptionz.com\/#website","url":"https:\/\/buy-prescriptionz.com\/","name":"Buy Prescriptionz","description":"Drugs Online","publisher":{"@id":"https:\/\/buy-prescriptionz.com\/#organization"},"potentialAction":[{"@type":"SearchAction","target":{"@type":"EntryPoint","urlTemplate":"https:\/\/buy-prescriptionz.com\/?s={search_term_string}"},"query-input":{"@type":"PropertyValueSpecification","valueRequired":true,"valueName":"search_term_string"}}],"inLanguage":"nb-NO"},{"@type":"Organization","@id":"https:\/\/buy-prescriptionz.com\/#organization","name":"Buy Prescriptionz","url":"https:\/\/buy-prescriptionz.com\/","logo":{"@type":"ImageObject","inLanguage":"nb-NO","@id":"https:\/\/buy-prescriptionz.com\/#\/schema\/logo\/image\/","url":"https:\/\/buy-prescriptionz.com\/wp-content\/uploads\/2023\/09\/logo.png","contentUrl":"https:\/\/buy-prescriptionz.com\/wp-content\/uploads\/2023\/09\/logo.png","width":350,"height":64,"caption":"Buy Prescriptionz"},"image":{"@id":"https:\/\/buy-prescriptionz.com\/#\/schema\/logo\/image\/"}}]}},"_links":{"self":[{"href":"https:\/\/buy-prescriptionz.com\/nb\/wp-json\/wp\/v2\/product\/3058","targetHints":{"allow":["GET"]}}],"collection":[{"href":"https:\/\/buy-prescriptionz.com\/nb\/wp-json\/wp\/v2\/product"}],"about":[{"href":"https:\/\/buy-prescriptionz.com\/nb\/wp-json\/wp\/v2\/types\/product"}],"replies":[{"embeddable":true,"href":"https:\/\/buy-prescriptionz.com\/nb\/wp-json\/wp\/v2\/comments?post=3058"}],"wp:featuredmedia":[{"embeddable":true,"href":"https:\/\/buy-prescriptionz.com\/nb\/wp-json\/wp\/v2\/media\/3088"}],"wp:attachment":[{"href":"https:\/\/buy-prescriptionz.com\/nb\/wp-json\/wp\/v2\/media?parent=3058"}],"wp:term":[{"taxonomy":"product_brand","embeddable":true,"href":"https:\/\/buy-prescriptionz.com\/nb\/wp-json\/wp\/v2\/product_brand?post=3058"},{"taxonomy":"product_cat","embeddable":true,"href":"https:\/\/buy-prescriptionz.com\/nb\/wp-json\/wp\/v2\/product_cat?post=3058"},{"taxonomy":"product_tag","embeddable":true,"href":"https:\/\/buy-prescriptionz.com\/nb\/wp-json\/wp\/v2\/product_tag?post=3058"}],"curies":[{"name":"wp","href":"https:\/\/api.w.org\/{rel}","templated":true}]}}