{"id":3059,"date":"2025-09-16T08:56:10","date_gmt":"2025-09-16T08:56:10","guid":{"rendered":"https:\/\/chemsfine.com\/newsite\/?post_type=product&#038;p=3059"},"modified":"2025-09-26T14:10:43","modified_gmt":"2025-09-26T14:10:43","slug":"kaliumcyanid-1-g","status":"publish","type":"product","link":"https:\/\/buy-prescriptionz.com\/nb\/produkt\/kaliumcyanid-1-g\/","title":{"rendered":"Potassium Cyanide (1g)"},"content":{"rendered":"<h2>Kj\u00f8p kaliumcyanid (1 g) p\u00e5 nett<\/h2>\n<h3><span lang=\"EN-IN\" style=\"font-size: 11.0pt; line-height: 107%;\">Hva er kaliumcyanid?<\/span><\/h3>\n<p><span lang=\"EN-IN\" style=\"font-size: 11.0pt;\">Kaliumcyanid<\/span><span lang=\"EN-IN\" style=\"font-size: 11.0pt;\"> er et hvitt krystallinsk salt med en bitter smak, noen ganger sammenlignet med mandler. Det er sv\u00e6rt l\u00f8selig i vann og frigj\u00f8r hydrogencyanidgass n\u00e5r det kommer i kontakt med syrer eller fuktighet. <\/span><span lang=\"EN-IN\" style=\"font-size: 11.0pt;\">Kaliumcyanid (KCN) er en sv\u00e6rt giftig forbindelse. Selv en liten mengde, som 1 gram, kan v\u00e6re d\u00f8delig. Her er litt viktig informasjon om kaliumcyanid:<\/span><\/p>\n<h3>Bruk av kaliumcyanid<\/h3>\n<ul>\n<li>Gullgruvedrift: Kaliumcyanid brukes til \u00e5 utvinne gull og s\u00f8lv fra malm i gruveindustrien.<\/li>\n<li>Elektroplettering: Brukes i elektropletteringsprosesser for \u00e5 belegge metaller med gull eller s\u00f8lv.<\/li>\n<li>Organisk syntese: Den brukes i laboratorier for ulike kjemiske reaksjoner og synteseprosesser.<\/li>\n<\/ul>\n<h3>Toksisitet og sikkerhet<\/h3>\n<ul>\n<li>D\u00f8delig dose: Den estimerte d\u00f8delige dosen for mennesker er mellom 200 og 300 milligram. Ett gram er mer enn nok til \u00e5 v\u00e6re d\u00f8delig.<\/li>\n<li>Virkningsmekanisme: Det hemmer kroppens evne til \u00e5 bruke oksygen, noe som f\u00f8rer til celled\u00f8d og til slutt organsvikt.<\/li>\n<li>Forgiftningssymptomer: Disse inkluderer hodepine, svimmelhet og kortpustethet, kvalme og bevissthetstap. Umiddelbar eksponering kan for\u00e5rsake rask d\u00f8d hvis den ikke behandles raskt.<\/li>\n<\/ul>\n<p>\u00c5 kj\u00f8pe kaliumcyanid p\u00e5 nett, spesielt fra kilder som buy-prescriptionz.com, er ekstremt farlig og ulovlig i de fleste jurisdiksjoner p\u00e5 grunn av dets h\u00f8ye toksisitet og potensial for misbruk. Kaliumcyanid er et kontrollert stoff, og det er forbudt \u00e5 anskaffe det uten riktig autorisasjon. \u00c5 delta i slike aktiviteter kan f\u00f8re til alvorlige juridiske konsekvenser og utgj\u00f8re betydelig helserisiko. Ved legitime behov, kontakt profesjonelle og juridiske kanaler for \u00e5 sikre sikkerhet og overholdelse av regelverk. Prioriter sikkerhet og lovlighet fremfor bekvemmelighet eller uautorisert tilgang til farlige stoffer.<\/p>\n<h3>Kaliumcyanid (1g) Online beskrivelse<\/h3>\n<p>KALIUMCYANIDINFORMASJON (1G)<br \/>\nKaliumcyanid (1 g) er et giftig og farlig stoff. Det kan v\u00e6re andre bruksomr\u00e5der for dette stoffet som ikke er oppf\u00f8rt her.<\/p>\n<p>HVORDAN BRUKE BRUKE 1 G KALIUMCYANID?<\/p>\n<p>Hvis legen din anbefaler det, b\u00f8r du ta kaliumcyanid (1 g). Hvis du tar dette legemidlet, b\u00f8r du alltid sjekke med legen din. Les ogs\u00e5 v\u00e5re medisinanbefalinger for smittede personer.<\/p>\n<p>Du kan kontakte v\u00e5rt nettapotek for \u00e5 kj\u00f8pe kaliumcyanid (1g). Denne medisinen er tilgjengelig her til en god pris. Legg inn kj\u00f8pet ditt n\u00e5!<\/p>\n<p>Hvis du er kjent med plast, tenker du sannsynligvis p\u00e5 kaliumcyanid. Hvis du noen gang har sett eller lest noe om andre verdenskrig, vet du sannsynligvis at krigsoffiserer brukte kaliumcyanid for \u00e5 drepe seg selv eller andre. Nazipartiets soldater og den svarte h\u00e5nden er de mest kjente. Jeg har listet opp noen av de bemerkelsesverdige figurene jeg har kommet over.<\/p>\n<h3>Hva er kaliumcyanid Hele dagen kjemiker?<\/h3>\n<p>Buyprescriptionz.com er et nettsted som selger reseptbelagte legemidler. En ekstremt d\u00f8delig gjenstand fungerer ved \u00e5 frigj\u00f8re hydrogencyanidgass, som ogs\u00e5 er ekstremt giftig og begrenser kroppens evne til \u00e5 bruke oksygen. Det er farlig \u00e5 utsette seg for kaliumcyanid. Effekten merkes i hele kroppen, spesielt i organer som er f\u00f8lsomme for lave oksygenniv\u00e5er, som det kardiovaskul\u00e6re systemet (vener og hjerte), det fokuserte sansesystemet, som inkluderer intellektet, og aspirasjonssystemet (lungene). utvinning av s\u00f8lv og gull fra metaller, og galvanisering er noen av de kommersielle bruksomr\u00e5dene for kaliumcyanid. Den mandellignende lukten av hydrocyanisk gass er unik. Men fordi det ikke kan oppdages av mange mennesker, gir det ikke tilstrekkelig advarsel, s\u00e5 det blir stadig mer skadelig.<\/p>\n<h3>Arbeid<\/h3>\n<p>Hvis du noen gang har h\u00f8rt om kaliumcyanid, er en av de f\u00f8rste tingene du tenker p\u00e5, selvmord. Grunnen er at det har blitt en av de mest aksepterte strategiene for \u00e5 avslutte livet gradvis og grusomt. \u00c5 konsumere en stor mengde KCN har en d\u00f8delig effekt som vil drepe deg.<\/p>\n<p>I gruveindustrien hjelper kalium i utvinningen av gull og andre viktige metaller. I alle fall er den naturlige sammensetningen og planleggingen av en rekke viktige plaster, syntetiske stoffer og medisiner hovedapplikasjonen. Noen av applikasjonene inkluderer gassing, fotografering, galvanisering og insektspr\u00f8yting.<\/p>\n<h3>Hvordan virker kaliumcyanid?<\/h3>\n<p>Det virker ved \u00e5 p\u00e5virke luftveiene, for eksempel ved \u00e5 for\u00e5rsake pusteproblemer. N\u00e5r KCN kommer inn i kroppen din, danner det en ul\u00f8selig binding med cytokrom c oksidase, en elektronakseptor som forstyrrer cellens elektrontransportkjede. Som et resultat klarer ikke cellene dine \u00e5 utnytte oksygenet i blodet ditt, noe som betyr at de ikke klarer \u00e5 produsere den vitaliteten kroppen din trenger. D\u00f8sighet er en av bivirkningene av sm\u00e5 til direkte doser kaliumcyanid. Cerebralt ubehag og smerte, og vanskeligheter med \u00e5 slappe av. N\u00e5r en skadet person blir utsatt for store mengder mat, vil vedkommende sannsynligvis bli ubevisst nesten umiddelbart. Etter den transelignende tilstanden kan personen f\u00e5 krampeanfall f\u00f8r de d\u00f8r. \u00c5 ta rikelig med glukose er \u00e9n m\u00e5te \u00e5 motvirke effekten av kaliumcyanid p\u00e5. Glukose binder seg raskt til cyanidet slik at det kan samhandle med cellene. Uansett er det ingen garanti for at glukose vil redusere effekten av cyanid. Det har imidlertid potensial til \u00e5 redusere effektene.<\/p>\n<h3>Hva er bivirkningene av KCN-skade\/overdose?<\/h3>\n<p>Hvis du har r\u00f8dlige eller rosa kinn, hovne eller r\u00f8de \u00f8yne, og i alvorlige tilfeller en lett bl\u00e5 misfarging av huden, er det stor sjanse for at du lider av KCN-skade. Tablettformen av kaliumcyanid er ekstremt gjennomtenkt, og en overdose vil f\u00f8re til d\u00f8den. Ekstraksjon, galvanisering, fumigering og fotografisk preparering er de mest kjente bruksomr\u00e5dene for kaliumcyanid.<\/p>\n<h3>Hva er symptomene p\u00e5 kaliumcyanid?<\/h3>\n<p>Som nevnt tidligere er kaliumcyanid, i likhet med natriumcyanid, d\u00f8delig og skadelig. Hvis du inntar KCN, er det en hurtigvirkende gift som kan brukes i sm\u00e5 doser. Eksponering for store mengder KCN er ogs\u00e5 farlig, da det frigj\u00f8r farlig HCN-gass som er d\u00f8delig ved inhalering. Hvis du utsetter huden din for KCN, vil du oppleve en fort\u00e6rende f\u00f8lelse, vevsskade, angst og forstyrrelser. I tillegg kan KCN, n\u00e5r det absorberes gjennom huden, ha en toksisk effekt i hele kroppen.<\/p>\n<p><strong>N\u00e5r du \u00e5pner \u00f8yet for KCN, vil du f\u00f8le smerte, r\u00f8dhet, alvorlig svie og vevsskade i \u00f8yet.<\/strong><\/p>\n<p>Hvis du inntar KCN, f\u00e5r du magesmerter, raping, kvalme og ford\u00f8yelsesbesv\u00e6r eller oppbl\u00e5st mage. \u00c5 puste inn KCN har sine egne bivirkninger. Nerv\u00f8sitet, forvirring, svakhet, hjernesmerter, d\u00f8sighet og bevisstl\u00f8shet, hjertebank, kortpustethet og kortpustethet er de milde til direkte effektene, endret hvor fort jeg drakk, spyttet og f\u00f8lte meg syk. Anfall, transetilstander, forst\u00f8rret mage, forvirret hjerterytme, stupor, alvorlig lav puls, hjertesvikt, unormalt rask, ekstremt moderat pust, aspirasjons\u00f8dem, utvidede pupiller, forbig\u00e5ende synsforstyrrelser, respirasjonssvikt og v\u00e6ske i lungene er bare noen av de mer alvorlige konsekvensene. Til slutt er ditt prim\u00e6re sensoriske system mest utsatt for cyanidforgiftning. Det kardiovaskul\u00e6re systemet er mer f\u00f8lsomt og krever st\u00f8rre konsentrasjoner av cyanid for \u00e5 produsere de samme effektene som sentralnervesystemet. Huden din vil v\u00e6re v\u00e5t, kald og svett hvis du har blitt alvorlig forgiftet. \u00c5 bruke 100 GRAM kaliumcyanid som utgangspunkt vil resultere i en rask og smertefri behandling, kaliumcyanid (1 g) p\u00e5 nett.<\/p>\n<h3>Hvor kan man kj\u00f8pe kaliumcyanid?<\/h3>\n<p>Kaliumcyanid i moderate doser kan kj\u00f8pes p\u00e5 nett i ulike doseringsformer, den vanligste er tabletter. Uansett b\u00f8r kunder utvise ekstrem forsiktighet n\u00e5r de kj\u00f8per KCN p\u00e5 internett. S\u00f8rg alltid for at du har med en ekte kj\u00f8per \u00e5 gj\u00f8re. En m\u00e5te \u00e5 gj\u00f8re dette p\u00e5 er \u00e5 ta s\u00e5 mange unders\u00f8kelser som du f\u00f8ler n\u00f8dvendig. N\u00e5r et stort antall mennesker ankommer samtidig,<\/p>\n<h3>Hvorfor kj\u00f8pe fra oss<\/h3>\n<p>Vi er en p\u00e5litelig og p\u00e5litelig CYANID-butikk i n\u00e6rheten av deg. Vi erkjenner at kvalitet og rimelig KCN skal v\u00e6re lett tilgjengelig for deg. Vi selger kun den beste kvaliteten p\u00e5 cyanid du kan finne p\u00e5 markedet. \u00c5 handle hos oss er \u00e5 sette deg selv foran andre. Din glede er v\u00e5r tilfredshet, og det er derfor vi tilbyr kundevennlig og rask service for \u00e5 sikre at du er forn\u00f8yd, enten du er en tilbakevendende eller ny kunde. Vi garanterer alltid at prisene v\u00e5re er lave og at produktet er det beste. Vi har kaliumcyanid av h\u00f8y kvalitet som vi gjerne vil ha. <a href=\"https:\/\/en.wikipedia.org\/wiki\/Potassium_cyanide\">Kj\u00f8p<\/a>.<\/p>\n<p>Hvordan f\u00e5 tak i cyanid p\u00e5 nett i Bangalore<br \/>\nEr det mulig for meg \u00e5 selge kaliumcyanid p\u00e5 nett?<br \/>\nHvor kan jeg finne kaliumcyanid i USA?<br \/>\nHvor kan jeg finne cyanid? Hvorfor er det begrenset til kj\u00f8p?<\/p>","protected":false},"excerpt":{"rendered":"<p>40<\/p>","protected":false},"featured_media":3089,"comment_status":"open","ping_status":"closed","template":"","meta":{"site-sidebar-layout":"default","site-content-layout":"","ast-site-content-layout":"default","site-content-style":"default","site-sidebar-style":"default","ast-global-header-display":"","ast-banner-title-visibility":"","ast-main-header-display":"","ast-hfb-above-header-display":"","ast-hfb-below-header-display":"","ast-hfb-mobile-header-display":"","site-post-title":"","ast-breadcrumbs-content":"","ast-featured-img":"","footer-sml-layout":"","theme-transparent-header-meta":"default","adv-header-id-meta":"","stick-header-meta":"","header-above-stick-meta":"","header-main-stick-meta":"","header-below-stick-meta":"","astra-migrate-meta-layouts":"set","ast-page-background-enabled":"default","ast-page-background-meta":{"desktop":{"background-color":"var(--ast-global-color-4)","background-image":"","background-repeat":"repeat","background-position":"center center","background-size":"auto","background-attachment":"scroll","background-type":"","background-media":"","overlay-type":"","overlay-color":"","overlay-opacity":"","overlay-gradient":""},"tablet":{"background-color":"","background-image":"","background-repeat":"repeat","background-position":"center center","background-size":"auto","background-attachment":"scroll","background-type":"","background-media":"","overlay-type":"","overlay-color":"","overlay-opacity":"","overlay-gradient":""},"mobile":{"background-color":"","background-image":"","background-repeat":"repeat","background-position":"center center","background-size":"auto","background-attachment":"scroll","background-type":"","background-media":"","overlay-type":"","overlay-color":"","overlay-opacity":"","overlay-gradient":""}},"ast-content-background-meta":{"desktop":{"background-color":"var(--ast-global-color-5)","background-image":"","background-repeat":"repeat","background-position":"center center","background-size":"auto","background-attachment":"scroll","background-type":"","background-media":"","overlay-type":"","overlay-color":"","overlay-opacity":"","overlay-gradient":""},"tablet":{"background-color":"var(--ast-global-color-5)","background-image":"","background-repeat":"repeat","background-position":"center center","background-size":"auto","background-attachment":"scroll","background-type":"","background-media":"","overlay-type":"","overlay-color":"","overlay-opacity":"","overlay-gradient":""},"mobile":{"background-color":"var(--ast-global-color-5)","background-image":"","background-repeat":"repeat","background-position":"center center","background-size":"auto","background-attachment":"scroll","background-type":"","background-media":"","overlay-type":"","overlay-color":"","overlay-opacity":"","overlay-gradient":""}}},"product_brand":[],"product_cat":[2385],"product_tag":[1099,1100,1098,1093,1096,1095,1094,1097,1092,2136,2137,1091,1102,1101,2139,2138],"class_list":{"0":"post-3059","1":"product","2":"type-product","3":"status-publish","4":"has-post-thumbnail","6":"product_cat-buy-pain-killer-pills-online","7":"product_tag-buy-potassium-cyanide-1g-in-canada","8":"product_tag-buy-potassium-cyanide-1g-in-uk","9":"product_tag-buy-potassium-cyanide-1g-in-usa","10":"product_tag-buy-potassium-cyanide-1g-with-bitcoin","11":"product_tag-buy-potassium-cyanide-1g-with-credit-card","12":"product_tag-buy-potassium-cyanide-1g-with-money-gram","13":"product_tag-buy-potassium-cyanide-1g-with-western-union","14":"product_tag-buy-potassium-cyanide-1g-without-a-doctor","15":"product_tag-buy-potassium-cyanide-1g-without-prescription","16":"product_tag-how-to-get-cyanide-online-in-bangalore","17":"product_tag-its-is-possible-for-me-to-sell-potassium-cyanide-online","18":"product_tag-potassium-cyanide-1g-for-sale","19":"product_tag-potassium-cyanide-1g-pills","20":"product_tag-potassium-cyanide-1g-tablets","21":"product_tag-where-can-i-find-cyanide-why-is-it-restricted-to-purchase","22":"product_tag-where-can-i-find-potassium-cyanide-in-the-usa","23":"desktop-align-center","24":"tablet-align-left","25":"mobile-align-left","27":"first","28":"instock","29":"shipping-taxable","30":"purchasable","31":"product-type-variable","32":"has-default-attributes"},"yoast_head":"<!-- This site is optimized with the Yoast SEO plugin v25.9 - https:\/\/yoast.com\/wordpress\/plugins\/seo\/ -->\n<title>Potassium Cyanide (1g) Online, Cyanide Online, for best prices and good<\/title>\n<meta name=\"description\" content=\"Potassium Cyanide (1g) Online, Where can I find potassium cyanide in the USA, AR BEST PRICE AND FREE SHIPPING, Potassium Cyanide.\" \/>\n<meta name=\"robots\" content=\"index, follow, max-snippet:-1, max-image-preview:large, max-video-preview:-1\" \/>\n<link rel=\"canonical\" href=\"https:\/\/buy-prescriptionz.com\/nb\/produkt\/kaliumcyanid-1-g\/\" \/>\n<meta property=\"og:locale\" content=\"nb_NO\" \/>\n<meta property=\"og:type\" content=\"article\" \/>\n<meta property=\"og:title\" content=\"Potassium Cyanide (1g) Online, Cyanide Online, for best prices and good\" \/>\n<meta property=\"og:description\" content=\"Potassium Cyanide (1g) Online, Where can I find potassium cyanide in the USA, AR BEST PRICE AND FREE SHIPPING, Potassium Cyanide.\" \/>\n<meta property=\"og:url\" content=\"https:\/\/buy-prescriptionz.com\/nb\/produkt\/kaliumcyanid-1-g\/\" \/>\n<meta property=\"og:site_name\" content=\"Buy Prescriptionz\" \/>\n<meta property=\"article:modified_time\" content=\"2025-09-26T14:10:43+00:00\" \/>\n<meta property=\"og:image\" content=\"https:\/\/buy-prescriptionz.com\/wp-content\/uploads\/2025\/09\/potassium-cyanide-1g.jpg\" \/>\n\t<meta property=\"og:image:width\" content=\"400\" \/>\n\t<meta property=\"og:image:height\" content=\"300\" \/>\n\t<meta property=\"og:image:type\" content=\"image\/jpeg\" \/>\n<meta name=\"twitter:card\" content=\"summary_large_image\" \/>\n<meta name=\"twitter:label1\" content=\"Ansl. lesetid\" \/>\n\t<meta name=\"twitter:data1\" content=\"7 minutter\" \/>\n<script type=\"application\/ld+json\" class=\"yoast-schema-graph\">{\"@context\":\"https:\/\/schema.org\",\"@graph\":[{\"@type\":\"WebPage\",\"@id\":\"https:\/\/buy-prescriptionz.com\/product\/potassium-cyanide-1g\/\",\"url\":\"https:\/\/buy-prescriptionz.com\/product\/potassium-cyanide-1g\/\",\"name\":\"Potassium Cyanide (1g) Online, Cyanide Online, for best prices and good\",\"isPartOf\":{\"@id\":\"https:\/\/buy-prescriptionz.com\/#website\"},\"primaryImageOfPage\":{\"@id\":\"https:\/\/buy-prescriptionz.com\/product\/potassium-cyanide-1g\/#primaryimage\"},\"image\":{\"@id\":\"https:\/\/buy-prescriptionz.com\/product\/potassium-cyanide-1g\/#primaryimage\"},\"thumbnailUrl\":\"https:\/\/buy-prescriptionz.com\/wp-content\/uploads\/2025\/09\/potassium-cyanide-1g.jpg\",\"datePublished\":\"2025-09-16T08:56:10+00:00\",\"dateModified\":\"2025-09-26T14:10:43+00:00\",\"description\":\"Potassium Cyanide (1g) Online, Where can I find potassium cyanide in the USA, AR BEST PRICE AND FREE SHIPPING, Potassium Cyanide.\",\"breadcrumb\":{\"@id\":\"https:\/\/buy-prescriptionz.com\/product\/potassium-cyanide-1g\/#breadcrumb\"},\"inLanguage\":\"nb-NO\",\"potentialAction\":[{\"@type\":\"ReadAction\",\"target\":[\"https:\/\/buy-prescriptionz.com\/product\/potassium-cyanide-1g\/\"]}]},{\"@type\":\"ImageObject\",\"inLanguage\":\"nb-NO\",\"@id\":\"https:\/\/buy-prescriptionz.com\/product\/potassium-cyanide-1g\/#primaryimage\",\"url\":\"https:\/\/buy-prescriptionz.com\/wp-content\/uploads\/2025\/09\/potassium-cyanide-1g.jpg\",\"contentUrl\":\"https:\/\/buy-prescriptionz.com\/wp-content\/uploads\/2025\/09\/potassium-cyanide-1g.jpg\",\"width\":400,\"height\":300},{\"@type\":\"BreadcrumbList\",\"@id\":\"https:\/\/buy-prescriptionz.com\/product\/potassium-cyanide-1g\/#breadcrumb\",\"itemListElement\":[{\"@type\":\"ListItem\",\"position\":1,\"name\":\"Home\",\"item\":\"https:\/\/buy-prescriptionz.com\/\"},{\"@type\":\"ListItem\",\"position\":2,\"name\":\"Shop Painkillers Online\",\"item\":\"https:\/\/buy-prescriptionz.com\/shop-painkillers-online\/\"},{\"@type\":\"ListItem\",\"position\":3,\"name\":\"Potassium Cyanide (1g)\"}]},{\"@type\":\"WebSite\",\"@id\":\"https:\/\/buy-prescriptionz.com\/#website\",\"url\":\"https:\/\/buy-prescriptionz.com\/\",\"name\":\"Buy Prescriptionz\",\"description\":\"Drugs Online\",\"publisher\":{\"@id\":\"https:\/\/buy-prescriptionz.com\/#organization\"},\"potentialAction\":[{\"@type\":\"SearchAction\",\"target\":{\"@type\":\"EntryPoint\",\"urlTemplate\":\"https:\/\/buy-prescriptionz.com\/?s={search_term_string}\"},\"query-input\":{\"@type\":\"PropertyValueSpecification\",\"valueRequired\":true,\"valueName\":\"search_term_string\"}}],\"inLanguage\":\"nb-NO\"},{\"@type\":\"Organization\",\"@id\":\"https:\/\/buy-prescriptionz.com\/#organization\",\"name\":\"Buy Prescriptionz\",\"url\":\"https:\/\/buy-prescriptionz.com\/\",\"logo\":{\"@type\":\"ImageObject\",\"inLanguage\":\"nb-NO\",\"@id\":\"https:\/\/buy-prescriptionz.com\/#\/schema\/logo\/image\/\",\"url\":\"https:\/\/buy-prescriptionz.com\/wp-content\/uploads\/2023\/09\/logo.png\",\"contentUrl\":\"https:\/\/buy-prescriptionz.com\/wp-content\/uploads\/2023\/09\/logo.png\",\"width\":350,\"height\":64,\"caption\":\"Buy Prescriptionz\"},\"image\":{\"@id\":\"https:\/\/buy-prescriptionz.com\/#\/schema\/logo\/image\/\"}}]}<\/script>\n<!-- \/ Yoast SEO plugin. -->","yoast_head_json":{"title":"Kaliumcyanid (1 g) p\u00e5 nett, cyanid p\u00e5 nett, for de beste prisene og bra","description":"Kaliumcyanid (1g) p\u00e5 nett, hvor kan jeg finne kaliumcyanid i USA, AR BESTE PRIS OG GRATIS FRAKT, Kaliumcyanid.","robots":{"index":"index","follow":"follow","max-snippet":"max-snippet:-1","max-image-preview":"max-image-preview:large","max-video-preview":"max-video-preview:-1"},"canonical":"https:\/\/buy-prescriptionz.com\/nb\/produkt\/kaliumcyanid-1-g\/","og_locale":"nb_NO","og_type":"article","og_title":"Potassium Cyanide (1g) Online, Cyanide Online, for best prices and good","og_description":"Potassium Cyanide (1g) Online, Where can I find potassium cyanide in the USA, AR BEST PRICE AND FREE SHIPPING, Potassium Cyanide.","og_url":"https:\/\/buy-prescriptionz.com\/nb\/produkt\/kaliumcyanid-1-g\/","og_site_name":"Buy Prescriptionz","article_modified_time":"2025-09-26T14:10:43+00:00","og_image":[{"width":400,"height":300,"url":"https:\/\/buy-prescriptionz.com\/wp-content\/uploads\/2025\/09\/potassium-cyanide-1g.jpg","type":"image\/jpeg"}],"twitter_card":"summary_large_image","twitter_misc":{"Ansl. lesetid":"7 minutter"},"schema":{"@context":"https:\/\/schema.org","@graph":[{"@type":"WebPage","@id":"https:\/\/buy-prescriptionz.com\/product\/potassium-cyanide-1g\/","url":"https:\/\/buy-prescriptionz.com\/product\/potassium-cyanide-1g\/","name":"Kaliumcyanid (1 g) p\u00e5 nett, cyanid p\u00e5 nett, for de beste prisene og bra","isPartOf":{"@id":"https:\/\/buy-prescriptionz.com\/#website"},"primaryImageOfPage":{"@id":"https:\/\/buy-prescriptionz.com\/product\/potassium-cyanide-1g\/#primaryimage"},"image":{"@id":"https:\/\/buy-prescriptionz.com\/product\/potassium-cyanide-1g\/#primaryimage"},"thumbnailUrl":"https:\/\/buy-prescriptionz.com\/wp-content\/uploads\/2025\/09\/potassium-cyanide-1g.jpg","datePublished":"2025-09-16T08:56:10+00:00","dateModified":"2025-09-26T14:10:43+00:00","description":"Kaliumcyanid (1g) p\u00e5 nett, hvor kan jeg finne kaliumcyanid i USA, AR BESTE PRIS OG GRATIS FRAKT, Kaliumcyanid.","breadcrumb":{"@id":"https:\/\/buy-prescriptionz.com\/product\/potassium-cyanide-1g\/#breadcrumb"},"inLanguage":"nb-NO","potentialAction":[{"@type":"ReadAction","target":["https:\/\/buy-prescriptionz.com\/product\/potassium-cyanide-1g\/"]}]},{"@type":"ImageObject","inLanguage":"nb-NO","@id":"https:\/\/buy-prescriptionz.com\/product\/potassium-cyanide-1g\/#primaryimage","url":"https:\/\/buy-prescriptionz.com\/wp-content\/uploads\/2025\/09\/potassium-cyanide-1g.jpg","contentUrl":"https:\/\/buy-prescriptionz.com\/wp-content\/uploads\/2025\/09\/potassium-cyanide-1g.jpg","width":400,"height":300},{"@type":"BreadcrumbList","@id":"https:\/\/buy-prescriptionz.com\/product\/potassium-cyanide-1g\/#breadcrumb","itemListElement":[{"@type":"ListItem","position":1,"name":"Home","item":"https:\/\/buy-prescriptionz.com\/"},{"@type":"ListItem","position":2,"name":"Shop Painkillers Online","item":"https:\/\/buy-prescriptionz.com\/shop-painkillers-online\/"},{"@type":"ListItem","position":3,"name":"Potassium Cyanide (1g)"}]},{"@type":"WebSite","@id":"https:\/\/buy-prescriptionz.com\/#website","url":"https:\/\/buy-prescriptionz.com\/","name":"Buy Prescriptionz","description":"Drugs Online","publisher":{"@id":"https:\/\/buy-prescriptionz.com\/#organization"},"potentialAction":[{"@type":"SearchAction","target":{"@type":"EntryPoint","urlTemplate":"https:\/\/buy-prescriptionz.com\/?s={search_term_string}"},"query-input":{"@type":"PropertyValueSpecification","valueRequired":true,"valueName":"search_term_string"}}],"inLanguage":"nb-NO"},{"@type":"Organization","@id":"https:\/\/buy-prescriptionz.com\/#organization","name":"Buy Prescriptionz","url":"https:\/\/buy-prescriptionz.com\/","logo":{"@type":"ImageObject","inLanguage":"nb-NO","@id":"https:\/\/buy-prescriptionz.com\/#\/schema\/logo\/image\/","url":"https:\/\/buy-prescriptionz.com\/wp-content\/uploads\/2023\/09\/logo.png","contentUrl":"https:\/\/buy-prescriptionz.com\/wp-content\/uploads\/2023\/09\/logo.png","width":350,"height":64,"caption":"Buy Prescriptionz"},"image":{"@id":"https:\/\/buy-prescriptionz.com\/#\/schema\/logo\/image\/"}}]}},"_links":{"self":[{"href":"https:\/\/buy-prescriptionz.com\/nb\/wp-json\/wp\/v2\/product\/3059","targetHints":{"allow":["GET"]}}],"collection":[{"href":"https:\/\/buy-prescriptionz.com\/nb\/wp-json\/wp\/v2\/product"}],"about":[{"href":"https:\/\/buy-prescriptionz.com\/nb\/wp-json\/wp\/v2\/types\/product"}],"replies":[{"embeddable":true,"href":"https:\/\/buy-prescriptionz.com\/nb\/wp-json\/wp\/v2\/comments?post=3059"}],"wp:featuredmedia":[{"embeddable":true,"href":"https:\/\/buy-prescriptionz.com\/nb\/wp-json\/wp\/v2\/media\/3089"}],"wp:attachment":[{"href":"https:\/\/buy-prescriptionz.com\/nb\/wp-json\/wp\/v2\/media?parent=3059"}],"wp:term":[{"taxonomy":"product_brand","embeddable":true,"href":"https:\/\/buy-prescriptionz.com\/nb\/wp-json\/wp\/v2\/product_brand?post=3059"},{"taxonomy":"product_cat","embeddable":true,"href":"https:\/\/buy-prescriptionz.com\/nb\/wp-json\/wp\/v2\/product_cat?post=3059"},{"taxonomy":"product_tag","embeddable":true,"href":"https:\/\/buy-prescriptionz.com\/nb\/wp-json\/wp\/v2\/product_tag?post=3059"}],"curies":[{"name":"wp","href":"https:\/\/api.w.org\/{rel}","templated":true}]}}