{"id":3062,"date":"2025-09-16T08:56:10","date_gmt":"2025-09-16T08:56:10","guid":{"rendered":"https:\/\/chemsfine.com\/newsite\/?post_type=product&#038;p=3062"},"modified":"2025-09-24T14:09:34","modified_gmt":"2025-09-24T14:09:34","slug":"kjop-oksykodon-apap-leger-tc-pa-nett","status":"publish","type":"product","link":"https:\/\/buy-prescriptionz.com\/nb\/produkt\/kjop-oksykodon-apap-leger-tc-pa-nett\/","title":{"rendered":"Buy Oxycodone &#8211; Apap (Physicians Tc.) Online"},"content":{"rendered":"<h2>Buy Oxycodone &#8211; Apap (Physicians Tc.) Online<\/h2>\n<h3><strong>Kj\u00f8p Oxycodone \u2013 Apap (Physicians Tc.) Online Oxycodone \u2013 plagemedisiner p\u00e5 mellomlang sikt \u2013 kj\u00f8p oksykodon p\u00e5 nettet<\/strong><\/h3>\n<p>Kj\u00f8p Oxycodone \u2013 Apap (Physicians Tc.) Online, Oxycodone er et semisyntetisk narkotikum orkestrert fra thebaine, et narkotisk alkaloid i den persiske valmuen og en av de mange alkaloidene som finnes i opiumsvalmuen.<\/p>\n<h3>Oksykodonhydroklorid.<\/h3>\n<p>Substance Names: Oxycodone hydrochloride;<\/p>\n<p>Oxycodone Hcl; 124-90-3; Oxycontin; CHEBI:7859;<\/p>\n<p>Dihydrone hydrochloride.<\/p>\n<p>Achizi\u021bionarea de Oxicodon\u0103 Online \u00een mod legal este posibil aici la Buyprescriptionz Opioid Online Store. Achizi\u021biona\u021bi Oxycodone Online de la Buyprescriptionz Opioid v\u00e2nz\u0103tor \u0219i m\u0103sur\u0103torile dvs. ar trebui s\u0103 fie echilibrate de gravitatea agoniei \u0219i de reac\u021bia pacientului. S-ar putea s\u0103 fie important s\u0103 dep\u0103\u0219i\u021bi periodic doza tipic\u0103 prescris\u0103 dedesubt.<\/p>\n<p>Det er \u00e5 kj\u00f8pe oksykodon p\u00e5 nett fra Buy-prescriptionz opioid nettbutikk. Dette er det beste stedet du kan kj\u00f8pe oksykodonpiller p\u00e5 nett og f\u00e5 det levert til deg innen et par timer. N\u00e5r du kj\u00f8per oksykodon p\u00e5 nett fra apoteket v\u00e5rt, er du ogs\u00e5 klar over at det f\u00f8lger med noen bivirkninger, for eksempel forf\u00f8lgelse.<\/p>\n<h3>Fordeler og bruk av oksykodon \u2013 APAP (Physicians Tc.)<\/h3>\n<h3>Smertebehandling<\/h3>\n<p>Oksykodon \u2013 APAP, ogs\u00e5 kjent som Percocet, er en kombinasjonsmedisin som brukes til \u00e5 lindre moderat til alvorlig smerte. Den inneholder to aktive ingredienser: oksykodon, et opioid smertestillende middel, og paracetamol (APAP), et ikke-opioid smertestillende middel. Sammen gir de effektiv smertelindring for ulike tilstander, inkludert postoperative smerter, skader og kroniske smertetilstander.<\/p>\n<h3>Effektiv smertelindring<\/h3>\n<p>Kombinasjonen av oksykodon og paracetamol i Physicians Tcs Oxycodone \u2013 APAP-formulering gir kraftig smertelindring. Oksykodon virker ved \u00e5 binde seg til opioidreseptorer i hjernen og ryggmargen, noe som reduserer smerteoppfatningen, mens paracetamol forsterker den smertestillende effekten og kan ogs\u00e5 bidra til \u00e5 redusere feber.<\/p>\n<h3>Hurtigvirkende lindring<\/h3>\n<p>Det beste oksykodonet \u2013 APAP er kjent for sin raske virkning, og gir rask smertelindring. Dette gj\u00f8r det egnet for behandling av akutte smerteepisoder eller gjennombruddssmerter hos pasienter som allerede tar langtidsvirkende opioidmedisiner.<\/p>\n<h3>Allsidighet i smertebehandling<\/h3>\n<p>Leger foreskriver ofte oksykodon \u2013 APAP for en rekke smertefulle tilstander, inkludert muskel- og skjelettsmerter, nevropatisk smerte, kreftsmerter og postoperative smerter. Allsidigheten gj\u00f8r det til et verdifullt alternativ for \u00e5 h\u00e5ndtere ulike typer smerter i ulike pasientpopulasjoner.<\/p>\n<h3>Forbedret livskvalitet<\/h3>\n<p>For personer som lider av sterke smerter, kan oksykodon-APAP forbedre livskvaliteten betydelig ved \u00e5 lindre ubehag og gj\u00f8re det lettere \u00e5 utf\u00f8re daglige aktiviteter. Ved \u00e5 gi effektiv smertelindring kan det forbedre generell velv\u00e6re og funksjonsevne.<\/p>\n<h3>Kombinasjonsterapi<\/h3>\n<p>Kombinasjonen av oksykodon og paracetamol i Physicians Tcs formulering gir synergistiske effekter, noe som muliggj\u00f8r lavere doser av hver medisin samtidig som optimal smertekontroll oppn\u00e5s. Dette minimerer risikoen for bivirkninger forbundet med h\u00f8ydose opioidbehandling samtidig som den terapeutiske fordelen maksimeres.<\/p>\n<h3>Administrert dosering<\/h3>\n<p>Oksykodon \u2013 APAP er tilgjengelig i forskjellige styrker, noe som muliggj\u00f8r skreddersydde doseringsregimer for \u00e5 m\u00f8te individuelle pasientbehov. Denne fleksibiliteten gj\u00f8r det mulig for helsepersonell \u00e5 justere doseringen basert p\u00e5 smertens alvorlighetsgrad og pasientens respons p\u00e5 behandlingen. Hvis du leter etter det beste apoteket for \u00e5 kj\u00f8pe oksykodon \u2013 APAP eller andre reseptbelagte medisiner, er buy-prescriptionz.com et utmerket valg. Med en forpliktelse til kvalitet, autentisitet og kundetilfredshet tilbyr buy-prescriptionz.com en s\u00f8ml\u00f8s og praktisk handleopplevelse.<\/p>\n<p>Oksykodon kan for\u00e5rsake symptomer. Informer legen din hvis noen av disse bivirkningene er alvorlige, eller ikke stopp:<\/p>\n<p>.dry mouth<\/p>\n<p>\u017ealude\u010dn\u00ed bolesti<\/p>\n<p>.sluggishness<\/p>\n<p>.proplachov\u00e1n\u00ed<\/p>\n<p>.durere cerebral\u0103<\/p>\n<p>.a lelki\u00e1llapot megv\u00e1ltozik<\/p>\n<p>Egyes t\u00fcnetek egyes esetekben kiv\u00e9telesen s\u00falyosak lehetnek. Ha ezen mell\u00e9khat\u00e1sok b\u00e1rmelyik\u00e9t, vagy a FONTOS<\/p>\n<p>zm\u011bny srde\u010dn\u00edho tepu<\/p>\n<p>.unsettling, hallucinations(seeing diminishes or hearing voice that does not exist), fever, perspiring, perplexity, quick heartbeat, shuddering, serious muscle or jerking, loss of coordination, sickness, retching or looseness of the bowels.<\/p>\n<p>.nausea, vomiting, loss of appetite, shortcoming, or unsteadiness<\/p>\n<p>.powerlessness to get or keep an erection<\/p>\n<p>.sporadic monthly cycle<\/p>\n<p>.diminished sexual want<\/p>\n<p>bolest na hrudi<\/p>\n<p>.kop\u0159ivka<\/p>\n<p>brn\u011bn\u00ed<\/p>\n<p>.vyr\u00e1\u017eka<\/p>\n<p>.swelling of the face, throat, tongue, lips, eyes, hands, feet, lower legs, or lower legs<\/p>\n<p>.suchost<\/p>\n<p>pot\u00ed\u017ee s d\u00fdch\u00e1n\u00edm nebo polyk\u00e1n\u00edm<\/p>\n<p>.seizures<\/p>\n<p>.outrageous laziness<\/p>\n<p>.lighteadedness when changing positions<\/p>\n<p>If you experience a genuine symptom, you or your primary care physician many send a report to the sustenance and medication organization&#8217;s (FDA) Med Watch Event Reporting program by telephone (1-800-332-1088).<\/p>\n<p><strong>Buy Oxycodone &#8211; Apap (Physicians Tc.) Online,Oxycodone may cause opposite reactions. Call your PCP if you have any unusual issues while you are taking this drug.<\/strong><\/p>\n<p>The maltreatment of the narcotics is a significant open security concern. Adolescents and youthful grown-ups most generally get these drugs from their prescriptions cupboards, where another relative has sored them.<\/p>\n<p>All narcotics ought to be put away in their unique bundling inside a bolted bureau, lockbox, or an area where others can only with significant effort get to them.<\/p>\n<p><strong>Cautiously note when and how much drug you take to monitor what amount is left.<\/strong><\/p>\n<p>If you imagine that somebody has taken your medication, contact the police promptly to record a report if important.<\/p>\n<p>Numerous people group have medication reclaim programs. Approach your family specialist for more data or visit the U.S sedate Enforcement Administration&#8217;s Office of Diversion Control to find out additional. You can likewise call your nearby waste management organization to inquire as to whether there is a reclaim program in your locale: oxycodone \u2013 torment prescriptions medium-term conveyance \u2013 purchase oxycodone on the web.<\/p>\n<p><strong>Oxycodone pill frequently accompanies guidelines for flushing unused medication to counteract unexpected use or unlawful maltreatment.<\/strong><\/p>\n<p>The FDA suggests continually flushing utilized, and extra agony fixes down the can. Indeed, even utilized fixes still have enough prescriptions in them to be hazardous or destructive to pets, kids, and others with low resistance for narcotics. To discard the torment fix, overlap it into equal parts so the sticky sides stick together, at that point flush it right away. Oxycodone \u2013 torment drugs medium-term conveyance \u2013 purchase Oxycodone on the web.<\/p>\n<p>On the off chance that your locale cautions against unused flushing meds down the can, make the accompanying strides<\/p>\n<p>.Expel individual information from the solution label and keep the prescription in its unique holder.<\/p>\n<p>.Add water to strong pills. Likewise include a nontoxic and unpalatable substance, for example, espresso beans or kitty litter to the holder.<\/p>\n<p>.Seal the holder with pipe tape and spot inside a second, plain compartment, at that point place in the rubbish.<\/p>\n<p>If you don&#8217;t know about how to discard the drug, ask your primary care physician.<\/p>","protected":false},"excerpt":{"rendered":"<p>Buy Oxycodone &#8211; Apap (Physicians Tc.) Online Buy Oxycodone &#8211; Apap (Physicians Tc.) Online Oxycodone \u2013 torment drugs medium-term conveyance \u2013 purchase oxycodone on the web Buy Oxycodone &#8211; Apap (Physicians Tc.) Online, Oxycodone is a semisynthetic narcotic orchestrated from thebaine, a narcotic alkaloid in the Persian poppy, and one of the numerous alkaloids found [&hellip;]<\/p>","protected":false},"featured_media":3092,"comment_status":"open","ping_status":"closed","template":"","meta":{"site-sidebar-layout":"default","site-content-layout":"","ast-site-content-layout":"default","site-content-style":"default","site-sidebar-style":"default","ast-global-header-display":"","ast-banner-title-visibility":"","ast-main-header-display":"","ast-hfb-above-header-display":"","ast-hfb-below-header-display":"","ast-hfb-mobile-header-display":"","site-post-title":"","ast-breadcrumbs-content":"","ast-featured-img":"","footer-sml-layout":"","theme-transparent-header-meta":"default","adv-header-id-meta":"","stick-header-meta":"","header-above-stick-meta":"","header-main-stick-meta":"","header-below-stick-meta":"","astra-migrate-meta-layouts":"set","ast-page-background-enabled":"default","ast-page-background-meta":{"desktop":{"background-color":"var(--ast-global-color-4)","background-image":"","background-repeat":"repeat","background-position":"center center","background-size":"auto","background-attachment":"scroll","background-type":"","background-media":"","overlay-type":"","overlay-color":"","overlay-opacity":"","overlay-gradient":""},"tablet":{"background-color":"","background-image":"","background-repeat":"repeat","background-position":"center center","background-size":"auto","background-attachment":"scroll","background-type":"","background-media":"","overlay-type":"","overlay-color":"","overlay-opacity":"","overlay-gradient":""},"mobile":{"background-color":"","background-image":"","background-repeat":"repeat","background-position":"center center","background-size":"auto","background-attachment":"scroll","background-type":"","background-media":"","overlay-type":"","overlay-color":"","overlay-opacity":"","overlay-gradient":""}},"ast-content-background-meta":{"desktop":{"background-color":"var(--ast-global-color-5)","background-image":"","background-repeat":"repeat","background-position":"center center","background-size":"auto","background-attachment":"scroll","background-type":"","background-media":"","overlay-type":"","overlay-color":"","overlay-opacity":"","overlay-gradient":""},"tablet":{"background-color":"var(--ast-global-color-5)","background-image":"","background-repeat":"repeat","background-position":"center center","background-size":"auto","background-attachment":"scroll","background-type":"","background-media":"","overlay-type":"","overlay-color":"","overlay-opacity":"","overlay-gradient":""},"mobile":{"background-color":"var(--ast-global-color-5)","background-image":"","background-repeat":"repeat","background-position":"center center","background-size":"auto","background-attachment":"scroll","background-type":"","background-media":"","overlay-type":"","overlay-color":"","overlay-opacity":"","overlay-gradient":""}}},"product_brand":[],"product_cat":[2385],"product_tag":[1135,1136,1134,1129,1132,1131,1130,1133,1128,1127,1138,1137],"class_list":{"0":"post-3062","1":"product","2":"type-product","3":"status-publish","4":"has-post-thumbnail","6":"product_cat-buy-pain-killer-pills-online","7":"product_tag-buy-oxycodone-apap-physicians-tc-in-canada","8":"product_tag-buy-oxycodone-apap-physicians-tc-in-uk","9":"product_tag-buy-oxycodone-apap-physicians-tc-in-usa","10":"product_tag-buy-oxycodone-apap-physicians-tc-with-bitcoin","11":"product_tag-buy-oxycodone-apap-physicians-tc-with-credit-card","12":"product_tag-buy-oxycodone-apap-physicians-tc-with-money-gram","13":"product_tag-buy-oxycodone-apap-physicians-tc-with-western-union","14":"product_tag-buy-oxycodone-apap-physicians-tc-without-a-doctor","15":"product_tag-buy-oxycodone-apap-physicians-tc-without-prescription","16":"product_tag-oxycodone-apap-physicians-tc-for-sale","17":"product_tag-oxycodone-apap-physicians-tc-pills","18":"product_tag-oxycodone-apap-physicians-tc-tablets","19":"desktop-align-center","20":"tablet-align-left","21":"mobile-align-left","23":"first","24":"instock","25":"shipping-taxable","26":"purchasable","27":"product-type-variable","28":"has-default-attributes"},"yoast_head":"<!-- This site is optimized with the Yoast SEO plugin v25.9 - https:\/\/yoast.com\/wordpress\/plugins\/seo\/ -->\n<title>Buy Oxycodone Apap (Wattson Labs) Online - Oxycodone Apap (Wattson Labs) for Sale<\/title>\n<meta name=\"description\" content=\"If you wish to buy Oxycodone online, our online Buy-Prescriptionz store can help. We have Oxycodone for sale at the best rates here. Place your order and grab the latest deals today!\" \/>\n<meta name=\"robots\" content=\"index, follow, max-snippet:-1, max-image-preview:large, max-video-preview:-1\" \/>\n<link rel=\"canonical\" href=\"https:\/\/buy-prescriptionz.com\/nb\/produkt\/kjop-oksykodon-apap-leger-tc-pa-nett\/\" \/>\n<meta property=\"og:locale\" content=\"nb_NO\" \/>\n<meta property=\"og:type\" content=\"article\" \/>\n<meta property=\"og:title\" content=\"Buy Oxycodone Apap (Wattson Labs) Online - Oxycodone Apap (Wattson Labs) for Sale\" \/>\n<meta property=\"og:description\" content=\"If you wish to buy Oxycodone online, our online Buy-Prescriptionz store can help. We have Oxycodone for sale at the best rates here. Place your order and grab the latest deals today!\" \/>\n<meta property=\"og:url\" content=\"https:\/\/buy-prescriptionz.com\/nb\/produkt\/kjop-oksykodon-apap-leger-tc-pa-nett\/\" \/>\n<meta property=\"og:site_name\" content=\"Buy Prescriptionz\" \/>\n<meta property=\"article:modified_time\" content=\"2025-09-24T14:09:34+00:00\" \/>\n<meta property=\"og:image\" content=\"https:\/\/buy-prescriptionz.com\/wp-content\/uploads\/2025\/09\/oxycodone-apap-physicians-tc-.jpg\" \/>\n\t<meta property=\"og:image:width\" content=\"400\" \/>\n\t<meta property=\"og:image:height\" content=\"300\" \/>\n\t<meta property=\"og:image:type\" content=\"image\/jpeg\" \/>\n<meta name=\"twitter:card\" content=\"summary_large_image\" \/>\n<meta name=\"twitter:label1\" content=\"Ansl. lesetid\" \/>\n\t<meta name=\"twitter:data1\" content=\"5 minutter\" \/>\n<script type=\"application\/ld+json\" class=\"yoast-schema-graph\">{\"@context\":\"https:\/\/schema.org\",\"@graph\":[{\"@type\":\"WebPage\",\"@id\":\"https:\/\/buy-prescriptionz.com\/product\/buy-oxycodone-apap-physicians-tc-online\/\",\"url\":\"https:\/\/buy-prescriptionz.com\/product\/buy-oxycodone-apap-physicians-tc-online\/\",\"name\":\"Buy Oxycodone Apap (Wattson Labs) Online - Oxycodone Apap (Wattson Labs) for Sale\",\"isPartOf\":{\"@id\":\"https:\/\/buy-prescriptionz.com\/#website\"},\"primaryImageOfPage\":{\"@id\":\"https:\/\/buy-prescriptionz.com\/product\/buy-oxycodone-apap-physicians-tc-online\/#primaryimage\"},\"image\":{\"@id\":\"https:\/\/buy-prescriptionz.com\/product\/buy-oxycodone-apap-physicians-tc-online\/#primaryimage\"},\"thumbnailUrl\":\"https:\/\/buy-prescriptionz.com\/wp-content\/uploads\/2025\/09\/oxycodone-apap-physicians-tc-.jpg\",\"datePublished\":\"2025-09-16T08:56:10+00:00\",\"dateModified\":\"2025-09-24T14:09:34+00:00\",\"description\":\"If you wish to buy Oxycodone online, our online Buy-Prescriptionz store can help. We have Oxycodone for sale at the best rates here. Place your order and grab the latest deals today!\",\"breadcrumb\":{\"@id\":\"https:\/\/buy-prescriptionz.com\/product\/buy-oxycodone-apap-physicians-tc-online\/#breadcrumb\"},\"inLanguage\":\"nb-NO\",\"potentialAction\":[{\"@type\":\"ReadAction\",\"target\":[\"https:\/\/buy-prescriptionz.com\/product\/buy-oxycodone-apap-physicians-tc-online\/\"]}]},{\"@type\":\"ImageObject\",\"inLanguage\":\"nb-NO\",\"@id\":\"https:\/\/buy-prescriptionz.com\/product\/buy-oxycodone-apap-physicians-tc-online\/#primaryimage\",\"url\":\"https:\/\/buy-prescriptionz.com\/wp-content\/uploads\/2025\/09\/oxycodone-apap-physicians-tc-.jpg\",\"contentUrl\":\"https:\/\/buy-prescriptionz.com\/wp-content\/uploads\/2025\/09\/oxycodone-apap-physicians-tc-.jpg\",\"width\":400,\"height\":300},{\"@type\":\"BreadcrumbList\",\"@id\":\"https:\/\/buy-prescriptionz.com\/product\/buy-oxycodone-apap-physicians-tc-online\/#breadcrumb\",\"itemListElement\":[{\"@type\":\"ListItem\",\"position\":1,\"name\":\"Home\",\"item\":\"https:\/\/buy-prescriptionz.com\/\"},{\"@type\":\"ListItem\",\"position\":2,\"name\":\"Shop Painkillers Online\",\"item\":\"https:\/\/buy-prescriptionz.com\/shop-painkillers-online\/\"},{\"@type\":\"ListItem\",\"position\":3,\"name\":\"Buy Oxycodone &#8211; Apap (Physicians Tc.) Online\"}]},{\"@type\":\"WebSite\",\"@id\":\"https:\/\/buy-prescriptionz.com\/#website\",\"url\":\"https:\/\/buy-prescriptionz.com\/\",\"name\":\"Buy Prescriptionz\",\"description\":\"Drugs Online\",\"publisher\":{\"@id\":\"https:\/\/buy-prescriptionz.com\/#organization\"},\"potentialAction\":[{\"@type\":\"SearchAction\",\"target\":{\"@type\":\"EntryPoint\",\"urlTemplate\":\"https:\/\/buy-prescriptionz.com\/?s={search_term_string}\"},\"query-input\":{\"@type\":\"PropertyValueSpecification\",\"valueRequired\":true,\"valueName\":\"search_term_string\"}}],\"inLanguage\":\"nb-NO\"},{\"@type\":\"Organization\",\"@id\":\"https:\/\/buy-prescriptionz.com\/#organization\",\"name\":\"Buy Prescriptionz\",\"url\":\"https:\/\/buy-prescriptionz.com\/\",\"logo\":{\"@type\":\"ImageObject\",\"inLanguage\":\"nb-NO\",\"@id\":\"https:\/\/buy-prescriptionz.com\/#\/schema\/logo\/image\/\",\"url\":\"https:\/\/buy-prescriptionz.com\/wp-content\/uploads\/2023\/09\/logo.png\",\"contentUrl\":\"https:\/\/buy-prescriptionz.com\/wp-content\/uploads\/2023\/09\/logo.png\",\"width\":350,\"height\":64,\"caption\":\"Buy Prescriptionz\"},\"image\":{\"@id\":\"https:\/\/buy-prescriptionz.com\/#\/schema\/logo\/image\/\"}}]}<\/script>\n<!-- \/ Yoast SEO plugin. -->","yoast_head_json":{"title":"Kj\u00f8p Oxycodone Apap (Wattson Labs) p\u00e5 nett - Oxycodone Apap (Wattson Labs) til salgs","description":"Hvis du \u00f8nsker \u00e5 kj\u00f8pe oksykodon p\u00e5 nett, kan v\u00e5r nettbutikk med reseptfrie kj\u00f8p hjelpe deg. Vi har oksykodon til salgs til de beste prisene her. Bestill og f\u00e5 de siste tilbudene i dag!","robots":{"index":"index","follow":"follow","max-snippet":"max-snippet:-1","max-image-preview":"max-image-preview:large","max-video-preview":"max-video-preview:-1"},"canonical":"https:\/\/buy-prescriptionz.com\/nb\/produkt\/kjop-oksykodon-apap-leger-tc-pa-nett\/","og_locale":"nb_NO","og_type":"article","og_title":"Buy Oxycodone Apap (Wattson Labs) Online - Oxycodone Apap (Wattson Labs) for Sale","og_description":"If you wish to buy Oxycodone online, our online Buy-Prescriptionz store can help. We have Oxycodone for sale at the best rates here. Place your order and grab the latest deals today!","og_url":"https:\/\/buy-prescriptionz.com\/nb\/produkt\/kjop-oksykodon-apap-leger-tc-pa-nett\/","og_site_name":"Buy Prescriptionz","article_modified_time":"2025-09-24T14:09:34+00:00","og_image":[{"width":400,"height":300,"url":"https:\/\/buy-prescriptionz.com\/wp-content\/uploads\/2025\/09\/oxycodone-apap-physicians-tc-.jpg","type":"image\/jpeg"}],"twitter_card":"summary_large_image","twitter_misc":{"Ansl. lesetid":"5 minutter"},"schema":{"@context":"https:\/\/schema.org","@graph":[{"@type":"WebPage","@id":"https:\/\/buy-prescriptionz.com\/product\/buy-oxycodone-apap-physicians-tc-online\/","url":"https:\/\/buy-prescriptionz.com\/product\/buy-oxycodone-apap-physicians-tc-online\/","name":"Kj\u00f8p Oxycodone Apap (Wattson Labs) p\u00e5 nett - Oxycodone Apap (Wattson Labs) til salgs","isPartOf":{"@id":"https:\/\/buy-prescriptionz.com\/#website"},"primaryImageOfPage":{"@id":"https:\/\/buy-prescriptionz.com\/product\/buy-oxycodone-apap-physicians-tc-online\/#primaryimage"},"image":{"@id":"https:\/\/buy-prescriptionz.com\/product\/buy-oxycodone-apap-physicians-tc-online\/#primaryimage"},"thumbnailUrl":"https:\/\/buy-prescriptionz.com\/wp-content\/uploads\/2025\/09\/oxycodone-apap-physicians-tc-.jpg","datePublished":"2025-09-16T08:56:10+00:00","dateModified":"2025-09-24T14:09:34+00:00","description":"Hvis du \u00f8nsker \u00e5 kj\u00f8pe oksykodon p\u00e5 nett, kan v\u00e5r nettbutikk med reseptfrie kj\u00f8p hjelpe deg. Vi har oksykodon til salgs til de beste prisene her. Bestill og f\u00e5 de siste tilbudene i dag!","breadcrumb":{"@id":"https:\/\/buy-prescriptionz.com\/product\/buy-oxycodone-apap-physicians-tc-online\/#breadcrumb"},"inLanguage":"nb-NO","potentialAction":[{"@type":"ReadAction","target":["https:\/\/buy-prescriptionz.com\/product\/buy-oxycodone-apap-physicians-tc-online\/"]}]},{"@type":"ImageObject","inLanguage":"nb-NO","@id":"https:\/\/buy-prescriptionz.com\/product\/buy-oxycodone-apap-physicians-tc-online\/#primaryimage","url":"https:\/\/buy-prescriptionz.com\/wp-content\/uploads\/2025\/09\/oxycodone-apap-physicians-tc-.jpg","contentUrl":"https:\/\/buy-prescriptionz.com\/wp-content\/uploads\/2025\/09\/oxycodone-apap-physicians-tc-.jpg","width":400,"height":300},{"@type":"BreadcrumbList","@id":"https:\/\/buy-prescriptionz.com\/product\/buy-oxycodone-apap-physicians-tc-online\/#breadcrumb","itemListElement":[{"@type":"ListItem","position":1,"name":"Home","item":"https:\/\/buy-prescriptionz.com\/"},{"@type":"ListItem","position":2,"name":"Shop Painkillers Online","item":"https:\/\/buy-prescriptionz.com\/shop-painkillers-online\/"},{"@type":"ListItem","position":3,"name":"Buy Oxycodone &#8211; Apap (Physicians Tc.) Online"}]},{"@type":"WebSite","@id":"https:\/\/buy-prescriptionz.com\/#website","url":"https:\/\/buy-prescriptionz.com\/","name":"Buy Prescriptionz","description":"Drugs Online","publisher":{"@id":"https:\/\/buy-prescriptionz.com\/#organization"},"potentialAction":[{"@type":"SearchAction","target":{"@type":"EntryPoint","urlTemplate":"https:\/\/buy-prescriptionz.com\/?s={search_term_string}"},"query-input":{"@type":"PropertyValueSpecification","valueRequired":true,"valueName":"search_term_string"}}],"inLanguage":"nb-NO"},{"@type":"Organization","@id":"https:\/\/buy-prescriptionz.com\/#organization","name":"Buy Prescriptionz","url":"https:\/\/buy-prescriptionz.com\/","logo":{"@type":"ImageObject","inLanguage":"nb-NO","@id":"https:\/\/buy-prescriptionz.com\/#\/schema\/logo\/image\/","url":"https:\/\/buy-prescriptionz.com\/wp-content\/uploads\/2023\/09\/logo.png","contentUrl":"https:\/\/buy-prescriptionz.com\/wp-content\/uploads\/2023\/09\/logo.png","width":350,"height":64,"caption":"Buy Prescriptionz"},"image":{"@id":"https:\/\/buy-prescriptionz.com\/#\/schema\/logo\/image\/"}}]}},"_links":{"self":[{"href":"https:\/\/buy-prescriptionz.com\/nb\/wp-json\/wp\/v2\/product\/3062","targetHints":{"allow":["GET"]}}],"collection":[{"href":"https:\/\/buy-prescriptionz.com\/nb\/wp-json\/wp\/v2\/product"}],"about":[{"href":"https:\/\/buy-prescriptionz.com\/nb\/wp-json\/wp\/v2\/types\/product"}],"replies":[{"embeddable":true,"href":"https:\/\/buy-prescriptionz.com\/nb\/wp-json\/wp\/v2\/comments?post=3062"}],"wp:featuredmedia":[{"embeddable":true,"href":"https:\/\/buy-prescriptionz.com\/nb\/wp-json\/wp\/v2\/media\/3092"}],"wp:attachment":[{"href":"https:\/\/buy-prescriptionz.com\/nb\/wp-json\/wp\/v2\/media?parent=3062"}],"wp:term":[{"taxonomy":"product_brand","embeddable":true,"href":"https:\/\/buy-prescriptionz.com\/nb\/wp-json\/wp\/v2\/product_brand?post=3062"},{"taxonomy":"product_cat","embeddable":true,"href":"https:\/\/buy-prescriptionz.com\/nb\/wp-json\/wp\/v2\/product_cat?post=3062"},{"taxonomy":"product_tag","embeddable":true,"href":"https:\/\/buy-prescriptionz.com\/nb\/wp-json\/wp\/v2\/product_tag?post=3062"}],"curies":[{"name":"wp","href":"https:\/\/api.w.org\/{rel}","templated":true}]}}