{"id":3065,"date":"2025-09-16T08:56:10","date_gmt":"2025-09-16T08:56:10","guid":{"rendered":"https:\/\/chemsfine.com\/newsite\/?post_type=product&#038;p=3065"},"modified":"2025-09-24T06:50:48","modified_gmt":"2025-09-24T06:50:48","slug":"kjop-nitrazepam-nipam-pa-nett","status":"publish","type":"product","link":"https:\/\/buy-prescriptionz.com\/nb\/produkt\/kjop-nitrazepam-nipam-pa-nett\/","title":{"rendered":"Buy Nitrazepam (Nipam) Online"},"content":{"rendered":"<h2>Buy Nitrazepam (Nipam) Online<\/h2>\n<h3>Buy Nitrazepam (Nipam) Online\u00a0General Information:<\/h3>\n<p>kj\u00f8p-nitrazepam-nipam-p\u00e5-nett, Nitrazepam er et beroligende legemiddel som brukes p\u00e5 kort sikt for \u00e5 hjelpe folk med \u00e5 sove. Det tilh\u00f8rer en gruppe legemidler som kalles benzodiazepiner. Det brukes hovedsakelig i tilfeller som er alvorlige, invalidiserende eller for\u00e5rsaker ekstrem ubehag.<\/p>\n<p>Legemiddelprisen p\u00e5 Kj\u00f8p Nitrazepam 5 mg er mye lavere enn utsalgsprisen. Be om resepter fra lege som krever lite eller ingen innsats fra lovlige og betrodde i USA. Nitrazepam kan for\u00e5rsake ust\u00f8het, latskap eller endringer i synet. Disse bivirkningene kan v\u00e6re verre hvis du tar det sammen med alkohol eller visse legemidler. Bruk Nitrazepam med forsiktighet. Ikke kj\u00f8r bil eller utf\u00f8r andre potensielt farlige oppgaver f\u00f8r du vet hvordan du reagerer p\u00e5 det. Fortsett \u00e5 bruke forsiktighet morgenen etter at du har tatt Nitrazepam. Ikke drikk alkohol eller bruk legemidler som kan for\u00e5rsake latskap (f.eks. beroligende midler, muskelavslappende midler) mens du bruker Nitrazepam; det kan \u00f8ke verdiskapningen deres. Sp\u00f8r farmas\u00f8yten din hvis du har sp\u00f8rsm\u00e5l om hvilke medisiner som kan for\u00e5rsake s\u00f8vnighet. Vanlige symptomer som for eksempel ubalanse, ust\u00f8het, koordinasjonsproblemer og hukommelsesproblemer oppst\u00e5r ofte innen 1 time etter at du har tatt Nitrazepam. S\u00f8rg for \u00e5 ta Nitrazepam rett f\u00f8r du legger deg eller etter at du allerede er i sengen. Dette vil redusere disse symptomene. Nitrazepam kan gj\u00f8re deg mer effektiv forbrent av solen. Hold avstand fra sol, sollys eller solarium til du vet hvordan du reagerer p\u00e5 Nitrazepam. Bruk solkrem eller bruk beskyttende kl\u00e6r hvis du skal v\u00e6re ute i mer enn en kort periode. Fortell legen din eller tannlegen at du tar Nitrazepam f\u00f8r du f\u00e5r medisinsk eller tannlegebehandling, akuttbehandling eller medisinsk behandling. Dette produktet kan inneholde tartrazinfarge. Dette kan for\u00e5rsake en negativ allergisk reaksjon hos noen pasienter. Hvis du noen gang har hatt en allergisk reaksjon p\u00e5 tartrazin, sp\u00f8r om produktet inneholder tartrazin. Ikke ta mer enn anbefalt dose eller bruk lenger enn anbefalt uten \u00e5 r\u00e5df\u00f8re deg med legen din. Du kan oppleve ubehag med \u00e5 sove i 1 til 2 dager etter at du slutter \u00e5 ta Nitrazepam. Hvis det fortsetter, kontakt fastlegen din.<\/p>\n<h3>Purchase Nitrazepam (Nipam) 5mg<\/h3>\n<p>Buy Nitrazepam (Nipam) Online, You can purchase Nitrazepam on the web (Nipam) 5mg solicitation here, we have excellent Nitrazepam (Mogadon) 5mg pills. purchase Nitrazepam (Nipam) 5mg Online without medicine.<\/p>\n<p><strong>Purchase Nitrazepam (Nipam) 5mg Online by Best Online Without Prescription Site.<\/strong><\/p>\n<p>Nitrazepam (Nipam) 5mg<\/p>\n<p>Top-notch Nitrazepam (Nipam) 5mg Pills<\/p>\n<p>Overall Delivery<\/p>\n<p>Prudent Packaging<\/p>\n<p>Live Support<\/p>\n<p>100% Satisfaction Guarantee<\/p>\n<p><strong>Purchase Nitrazepam on the web (Nipam) 5mg by Best Online Without Prescription Site.<\/strong><\/p>\n<p>WE OFFER OVERSEAS SERVICES SECURE SHIPPING AT YOUR DOOR!<\/p>\n<p>You Can Make Payment Via Credit and Debit Card.<\/p>\n<p>EMS\/USPS Express Discreet TrackAble Delivery overall Range.<\/p>\n<p>Nitrazepam (Nipam) 5mg is utilized for the administration of tension issue, the transient help of side effects of nervousness or uneasiness related to misery.buy-nitrazepam-nipam-online<\/p>\n<h3>Om Nipam 5 MG tablett<\/h3>\n<p>Nipam 5 MG-tabletten er en type hypnotisk benzodiazepam som brukes til \u00e5 behandle infantile spasmer og s\u00f8vnl\u00f8shet. Det anbefales sterkt at man ikke tar Nipam 5 MG-tabletten hvis man har KOLS, allergier, h\u00f8yt \u00f8yetrykk eller alvorlig leverskade. Dette legemidlet kan ogs\u00e5 hjelpe mot hum\u00f8rforstyrrelser, alkoholabstinenser, skjelettmuskelavslappende midler og lidelser som for\u00e5rsaker anfall.<br \/>\n<strong><br \/>\n<\/strong>Nipam 5 MG tablett gis fortsatt til gravide kvinner selv om det er en mulighet for at det kan skade det uf\u00f8dte barnet hvis det tas under graviditet. Dette er fordi de mulige fordelene klart oppveier risikoen.<\/p>\n<h3><strong>Hvordan b\u00f8r bel\u00f8pet tas?<\/strong><\/h3>\n<p>Hvis du glemmer \u00e5 ta Nipam 5 MG-tabletten din, b\u00f8r du gj\u00f8re det s\u00e5 snart du husker det. Hvis det nesten er tid for neste dose, m\u00e5 du ikke ta den du glemte. Ikke ta to doser samtidig for \u00e5 kompensere for den du glemte.<\/p>\n<p><strong>Finnes det noen instruksjoner for overdose?<\/strong><\/p>\n<p>Hvis du tror noen har tatt overdose, m\u00e5 du s\u00f8ke akuttmedisinsk hjelp eller ringe legen din. Informasjonen her kommer fra hvor mye salt som er i medisinen. Medisinen kan brukes og ha forskjellige resultater p\u00e5 forskjellige personer. F\u00f8r du tar denne medisinen, b\u00f8r du snakke med en psykiater.<\/p>\n<p><strong>Viktige ting om Nipam 5 MG tablett <\/strong><\/p>\n<p>Hvor lenge varer effekten?<\/p>\n<p>Vanligvis varer effekten av dette legemidlet mellom 6 og 8 timer.<\/p>\n<p>N\u00e5r starter kampen?<\/p>\n<p>Du vil kunne se at denne medisinen virker i l\u00f8pet av 30 til 60 minutter.<\/p>\n<p>Er det noen tegn p\u00e5 graviditet?<\/p>\n<p>Gravide kvinner b\u00f8r ikke ta dette legemidlet. Nipam 5 MG tablett trenger gjennom morkaken. Munnspalte har blitt rapportert, men nyere data st\u00f8tter ikke en sammenheng mellom narkotikabruk og munnspalte. Andre f\u00f8dselsskader som har blitt rapportert inkluderer lyskebrokk, hjertefeil, spina bifida, dysmorfe ansiktstrekk, skjelettdefekter og mange andre. Hypotoni og abstinenssymptomer har ogs\u00e5 blitt rapportert etter bruk n\u00e6r f\u00f8dselen.<\/p>\n<p>Blir det en vane?<\/p>\n<p>En tendens til \u00e5 danne vaner har blitt beskrevet.<\/p>\n<p>Finnes det noen tips om amming?<\/p>\n<p>Szoptat\u00f3 n\u0151k nem szedhetik ezt a gy\u00f3gyszert. Az 5 mg-os Nipam tabletta bejuthat az anyatejbe.<\/p>\n<p>Er det trygt n\u00e5r du drikker?<\/p>\n<p>Benzodiazepiner har v\u00e6rt knyttet til additiv tristhet i sentralnervesystemet; unng\u00e5 eller drikk mindre alkohol.<\/p>\n<p>Er det greit \u00e5 kj\u00f8re bil etter \u00e5 ha tatt denne medisinen?<\/p>\n<p>Denne medisinen har bivirkninger som kan f\u00f8re til at folk mister bevisstheten. Pasienten b\u00f8r derfor ikke kj\u00f8re bil hvis de f\u00f8ler seg d\u00e5rlig, som s\u00f8vnig, svimmel eller har problemer med \u00e5 se.<\/p>\n<p>Endrer dette hvor godt nyrene fungerer?<\/p>\n<p>Kan ikke dialyseres (0 % til 5 %); ekstra mengde er ikke n\u00f8dvendig.<\/p>\n<p>Endrer dette hvordan leveren fungerer?<\/p>\n<p>Ikke ta det hvis du har skrumplever eller alvorlig eller akutt leversykdom; reduser dosen med halvparten.<\/p>\n<p>Hvis du tror noen har tatt overdose, m\u00e5 du s\u00f8ke akuttmedisinsk hjelp eller ringe legen din. Informasjonen her kommer fra hvor mye salt som er i medisinen. Medisinen kan brukes og ha forskjellige resultater p\u00e5 forskjellige personer. F\u00f8r du tar denne medisinen, b\u00f8r du snakke med en psykiater.<\/p>\n<h3>How would we send bundles?<\/h3>\n<p>We pack the bundles cautiously with tungsten and carbon papers to avoid through traditions x-beam machines at airplane terminals. Bundles are flawlessly stuffed with blessing papers from outside.<\/p>\n<h3>How can it work?<\/h3>\n<p>Buy Nitrazepam (Nipam) Online,\u00a0 Nitrazepam has a place with a gathering of drugs called benzodiazepines. It follows up on receptors in the cerebrum (GABA receptors) causing the arrival of a compound called GABA (gamma amino butyric corrosive). GABA is a noteworthy inhibitory substance in the cerebrum associated with prompting lethargy and control of uneasiness and fits.<\/p>\n<p>Nitrazepam acts by expanding the movement of GABA, in this way, lessening the working of specific zones of the mind. This outcome in languor, a reduction in tension and unwinding of muscles.<\/p>\n<p>Il nitrazepam \u00e8 comunemente usato per trattare i disturbi del sonno. Riduce il tempo necessario per addormentarsi e i risvegli notturni, aumentando al contempo la durata complessiva del sonno. Poich\u00e9 il nitrazepam rimane attivo nell'organismo per lungo tempo, la stanchezza pu\u00f2 manifestarsi il giorno successivo. Acquista nitrazepam online.<\/p>\n<h3>Hvorfor brukes Nipam 5 MG tablett mot s\u00f8vnl\u00f8shet?<\/h3>\n<p>Hvis du tror noen har tatt overdose, m\u00e5 du s\u00f8ke akuttmedisinsk hjelp eller ringe legen din. Informasjonen her kommer fra hvor mye salt som er i medisinen. Medisinen kan brukes og ha forskjellige resultater p\u00e5 forskjellige personer. F\u00f8r du tar denne medisinen, b\u00f8r du snakke med en psykiater.<\/p>","protected":false},"excerpt":{"rendered":"<p>Buy Nitrazepam (Nipam) Online Buy Nitrazepam (Nipam) Online\u00a0General Information: buy-nitrazepam-nipam-online, Nitrazepam is a sedative medication which is used in the short-term to help people sleep. It belongs to a group of drugs called benzodiazepines. It is mostly used in cases which are severe, disabling or causing extreme distress The medicine cost on Buy Nitrazepam 5mg [&hellip;]<\/p>","protected":false},"featured_media":3095,"comment_status":"open","ping_status":"closed","template":"","meta":{"site-sidebar-layout":"default","site-content-layout":"","ast-site-content-layout":"default","site-content-style":"default","site-sidebar-style":"default","ast-global-header-display":"","ast-banner-title-visibility":"","ast-main-header-display":"","ast-hfb-above-header-display":"","ast-hfb-below-header-display":"","ast-hfb-mobile-header-display":"","site-post-title":"","ast-breadcrumbs-content":"","ast-featured-img":"","footer-sml-layout":"","theme-transparent-header-meta":"default","adv-header-id-meta":"","stick-header-meta":"","header-above-stick-meta":"","header-main-stick-meta":"","header-below-stick-meta":"","astra-migrate-meta-layouts":"set","ast-page-background-enabled":"default","ast-page-background-meta":{"desktop":{"background-color":"var(--ast-global-color-4)","background-image":"","background-repeat":"repeat","background-position":"center center","background-size":"auto","background-attachment":"scroll","background-type":"","background-media":"","overlay-type":"","overlay-color":"","overlay-opacity":"","overlay-gradient":""},"tablet":{"background-color":"","background-image":"","background-repeat":"repeat","background-position":"center center","background-size":"auto","background-attachment":"scroll","background-type":"","background-media":"","overlay-type":"","overlay-color":"","overlay-opacity":"","overlay-gradient":""},"mobile":{"background-color":"","background-image":"","background-repeat":"repeat","background-position":"center center","background-size":"auto","background-attachment":"scroll","background-type":"","background-media":"","overlay-type":"","overlay-color":"","overlay-opacity":"","overlay-gradient":""}},"ast-content-background-meta":{"desktop":{"background-color":"var(--ast-global-color-5)","background-image":"","background-repeat":"repeat","background-position":"center center","background-size":"auto","background-attachment":"scroll","background-type":"","background-media":"","overlay-type":"","overlay-color":"","overlay-opacity":"","overlay-gradient":""},"tablet":{"background-color":"var(--ast-global-color-5)","background-image":"","background-repeat":"repeat","background-position":"center center","background-size":"auto","background-attachment":"scroll","background-type":"","background-media":"","overlay-type":"","overlay-color":"","overlay-opacity":"","overlay-gradient":""},"mobile":{"background-color":"var(--ast-global-color-5)","background-image":"","background-repeat":"repeat","background-position":"center center","background-size":"auto","background-attachment":"scroll","background-type":"","background-media":"","overlay-type":"","overlay-color":"","overlay-opacity":"","overlay-gradient":""}}},"product_brand":[],"product_cat":[2385],"product_tag":[1087,1088,1086,1081,1084,1083,1082,1085,1080,1079,1090,1089],"class_list":{"0":"post-3065","1":"product","2":"type-product","3":"status-publish","4":"has-post-thumbnail","6":"product_cat-buy-pain-killer-pills-online","7":"product_tag-buy-nitrazeoam-nipam-in-canada","8":"product_tag-buy-nitrazeoam-nipam-in-uk","9":"product_tag-buy-nitrazeoam-nipam-in-usa","10":"product_tag-buy-nitrazeoam-nipam-with-bitcoin","11":"product_tag-buy-nitrazeoam-nipam-with-credit-card","12":"product_tag-buy-nitrazeoam-nipam-with-money-gram","13":"product_tag-buy-nitrazeoam-nipam-with-western-union","14":"product_tag-buy-nitrazeoam-nipam-without-a-doctor","15":"product_tag-buy-nitrazeoam-nipam-without-prescription","16":"product_tag-nitrazeoam-nipam-for-sale","17":"product_tag-nitrazeoam-nipam-pills","18":"product_tag-nitrazeoam-nipam-tablets","19":"desktop-align-center","20":"tablet-align-left","21":"mobile-align-left","23":"first","24":"instock","25":"shipping-taxable","26":"purchasable","27":"product-type-variable","28":"has-default-attributes"},"yoast_head":"<!-- This site is optimized with the Yoast SEO plugin v25.9 - https:\/\/yoast.com\/wordpress\/plugins\/seo\/ -->\n<title>Buy Nitrazepam (Nipam) Online - Sleeping Pills Vendor<\/title>\n<meta name=\"description\" content=\"Buy Nitrazepam (Nipam) Online, Nitrazepam-5-MG and there variants. Check for ... Nitrazepam 5 MG This composition has 44 Products ... NIPAM 5MG TAB\" \/>\n<meta name=\"robots\" content=\"index, follow, max-snippet:-1, max-image-preview:large, max-video-preview:-1\" \/>\n<link rel=\"canonical\" href=\"https:\/\/buy-prescriptionz.com\/nb\/produkt\/kjop-nitrazepam-nipam-pa-nett\/\" \/>\n<meta property=\"og:locale\" content=\"nb_NO\" \/>\n<meta property=\"og:type\" content=\"article\" \/>\n<meta property=\"og:title\" content=\"Buy Nitrazepam (Nipam) Online - Sleeping Pills Vendor\" \/>\n<meta property=\"og:description\" content=\"Buy Nitrazepam (Nipam) Online, Nitrazepam-5-MG and there variants. Check for ... Nitrazepam 5 MG This composition has 44 Products ... NIPAM 5MG TAB\" \/>\n<meta property=\"og:url\" content=\"https:\/\/buy-prescriptionz.com\/nb\/produkt\/kjop-nitrazepam-nipam-pa-nett\/\" \/>\n<meta property=\"og:site_name\" content=\"Buy Prescriptionz\" \/>\n<meta property=\"article:modified_time\" content=\"2025-09-24T06:50:48+00:00\" \/>\n<meta property=\"og:image\" content=\"https:\/\/buy-prescriptionz.com\/wp-content\/uploads\/2025\/09\/nitrazeoam-nipam.jpg\" \/>\n\t<meta property=\"og:image:width\" content=\"400\" \/>\n\t<meta property=\"og:image:height\" content=\"300\" \/>\n\t<meta property=\"og:image:type\" content=\"image\/jpeg\" \/>\n<meta name=\"twitter:card\" content=\"summary_large_image\" \/>\n<meta name=\"twitter:label1\" content=\"Ansl. lesetid\" \/>\n\t<meta name=\"twitter:data1\" content=\"6 minutter\" \/>\n<script type=\"application\/ld+json\" class=\"yoast-schema-graph\">{\"@context\":\"https:\/\/schema.org\",\"@graph\":[{\"@type\":\"WebPage\",\"@id\":\"https:\/\/buy-prescriptionz.com\/product\/buy-nitrazepam-nipam-online\/\",\"url\":\"https:\/\/buy-prescriptionz.com\/product\/buy-nitrazepam-nipam-online\/\",\"name\":\"Buy Nitrazepam (Nipam) Online - Sleeping Pills Vendor\",\"isPartOf\":{\"@id\":\"https:\/\/buy-prescriptionz.com\/#website\"},\"primaryImageOfPage\":{\"@id\":\"https:\/\/buy-prescriptionz.com\/product\/buy-nitrazepam-nipam-online\/#primaryimage\"},\"image\":{\"@id\":\"https:\/\/buy-prescriptionz.com\/product\/buy-nitrazepam-nipam-online\/#primaryimage\"},\"thumbnailUrl\":\"https:\/\/buy-prescriptionz.com\/wp-content\/uploads\/2025\/09\/nitrazeoam-nipam.jpg\",\"datePublished\":\"2025-09-16T08:56:10+00:00\",\"dateModified\":\"2025-09-24T06:50:48+00:00\",\"description\":\"Buy Nitrazepam (Nipam) Online, Nitrazepam-5-MG and there variants. Check for ... Nitrazepam 5 MG This composition has 44 Products ... NIPAM 5MG TAB\",\"breadcrumb\":{\"@id\":\"https:\/\/buy-prescriptionz.com\/product\/buy-nitrazepam-nipam-online\/#breadcrumb\"},\"inLanguage\":\"nb-NO\",\"potentialAction\":[{\"@type\":\"ReadAction\",\"target\":[\"https:\/\/buy-prescriptionz.com\/product\/buy-nitrazepam-nipam-online\/\"]}]},{\"@type\":\"ImageObject\",\"inLanguage\":\"nb-NO\",\"@id\":\"https:\/\/buy-prescriptionz.com\/product\/buy-nitrazepam-nipam-online\/#primaryimage\",\"url\":\"https:\/\/buy-prescriptionz.com\/wp-content\/uploads\/2025\/09\/nitrazeoam-nipam.jpg\",\"contentUrl\":\"https:\/\/buy-prescriptionz.com\/wp-content\/uploads\/2025\/09\/nitrazeoam-nipam.jpg\",\"width\":400,\"height\":300},{\"@type\":\"BreadcrumbList\",\"@id\":\"https:\/\/buy-prescriptionz.com\/product\/buy-nitrazepam-nipam-online\/#breadcrumb\",\"itemListElement\":[{\"@type\":\"ListItem\",\"position\":1,\"name\":\"Home\",\"item\":\"https:\/\/buy-prescriptionz.com\/\"},{\"@type\":\"ListItem\",\"position\":2,\"name\":\"Shop Painkillers Online\",\"item\":\"https:\/\/buy-prescriptionz.com\/shop-painkillers-online\/\"},{\"@type\":\"ListItem\",\"position\":3,\"name\":\"Buy Nitrazepam (Nipam) Online\"}]},{\"@type\":\"WebSite\",\"@id\":\"https:\/\/buy-prescriptionz.com\/#website\",\"url\":\"https:\/\/buy-prescriptionz.com\/\",\"name\":\"Buy Prescriptionz\",\"description\":\"Drugs Online\",\"publisher\":{\"@id\":\"https:\/\/buy-prescriptionz.com\/#organization\"},\"potentialAction\":[{\"@type\":\"SearchAction\",\"target\":{\"@type\":\"EntryPoint\",\"urlTemplate\":\"https:\/\/buy-prescriptionz.com\/?s={search_term_string}\"},\"query-input\":{\"@type\":\"PropertyValueSpecification\",\"valueRequired\":true,\"valueName\":\"search_term_string\"}}],\"inLanguage\":\"nb-NO\"},{\"@type\":\"Organization\",\"@id\":\"https:\/\/buy-prescriptionz.com\/#organization\",\"name\":\"Buy Prescriptionz\",\"url\":\"https:\/\/buy-prescriptionz.com\/\",\"logo\":{\"@type\":\"ImageObject\",\"inLanguage\":\"nb-NO\",\"@id\":\"https:\/\/buy-prescriptionz.com\/#\/schema\/logo\/image\/\",\"url\":\"https:\/\/buy-prescriptionz.com\/wp-content\/uploads\/2023\/09\/logo.png\",\"contentUrl\":\"https:\/\/buy-prescriptionz.com\/wp-content\/uploads\/2023\/09\/logo.png\",\"width\":350,\"height\":64,\"caption\":\"Buy Prescriptionz\"},\"image\":{\"@id\":\"https:\/\/buy-prescriptionz.com\/#\/schema\/logo\/image\/\"}}]}<\/script>\n<!-- \/ Yoast SEO plugin. -->","yoast_head_json":{"title":"Buy Nitrazepam (Nipam) Online - Sleeping Pills Vendor","description":"Buy Nitrazepam (Nipam) Online, Nitrazepam-5-MG and there variants. Check for ... Nitrazepam 5 MG This composition has 44 Products ... NIPAM 5MG TAB","robots":{"index":"index","follow":"follow","max-snippet":"max-snippet:-1","max-image-preview":"max-image-preview:large","max-video-preview":"max-video-preview:-1"},"canonical":"https:\/\/buy-prescriptionz.com\/nb\/produkt\/kjop-nitrazepam-nipam-pa-nett\/","og_locale":"nb_NO","og_type":"article","og_title":"Buy Nitrazepam (Nipam) Online - Sleeping Pills Vendor","og_description":"Buy Nitrazepam (Nipam) Online, Nitrazepam-5-MG and there variants. Check for ... Nitrazepam 5 MG This composition has 44 Products ... NIPAM 5MG TAB","og_url":"https:\/\/buy-prescriptionz.com\/nb\/produkt\/kjop-nitrazepam-nipam-pa-nett\/","og_site_name":"Buy Prescriptionz","article_modified_time":"2025-09-24T06:50:48+00:00","og_image":[{"width":400,"height":300,"url":"https:\/\/buy-prescriptionz.com\/wp-content\/uploads\/2025\/09\/nitrazeoam-nipam.jpg","type":"image\/jpeg"}],"twitter_card":"summary_large_image","twitter_misc":{"Ansl. lesetid":"6 minutter"},"schema":{"@context":"https:\/\/schema.org","@graph":[{"@type":"WebPage","@id":"https:\/\/buy-prescriptionz.com\/product\/buy-nitrazepam-nipam-online\/","url":"https:\/\/buy-prescriptionz.com\/product\/buy-nitrazepam-nipam-online\/","name":"Buy Nitrazepam (Nipam) Online - Sleeping Pills Vendor","isPartOf":{"@id":"https:\/\/buy-prescriptionz.com\/#website"},"primaryImageOfPage":{"@id":"https:\/\/buy-prescriptionz.com\/product\/buy-nitrazepam-nipam-online\/#primaryimage"},"image":{"@id":"https:\/\/buy-prescriptionz.com\/product\/buy-nitrazepam-nipam-online\/#primaryimage"},"thumbnailUrl":"https:\/\/buy-prescriptionz.com\/wp-content\/uploads\/2025\/09\/nitrazeoam-nipam.jpg","datePublished":"2025-09-16T08:56:10+00:00","dateModified":"2025-09-24T06:50:48+00:00","description":"Buy Nitrazepam (Nipam) Online, Nitrazepam-5-MG and there variants. Check for ... Nitrazepam 5 MG This composition has 44 Products ... NIPAM 5MG TAB","breadcrumb":{"@id":"https:\/\/buy-prescriptionz.com\/product\/buy-nitrazepam-nipam-online\/#breadcrumb"},"inLanguage":"nb-NO","potentialAction":[{"@type":"ReadAction","target":["https:\/\/buy-prescriptionz.com\/product\/buy-nitrazepam-nipam-online\/"]}]},{"@type":"ImageObject","inLanguage":"nb-NO","@id":"https:\/\/buy-prescriptionz.com\/product\/buy-nitrazepam-nipam-online\/#primaryimage","url":"https:\/\/buy-prescriptionz.com\/wp-content\/uploads\/2025\/09\/nitrazeoam-nipam.jpg","contentUrl":"https:\/\/buy-prescriptionz.com\/wp-content\/uploads\/2025\/09\/nitrazeoam-nipam.jpg","width":400,"height":300},{"@type":"BreadcrumbList","@id":"https:\/\/buy-prescriptionz.com\/product\/buy-nitrazepam-nipam-online\/#breadcrumb","itemListElement":[{"@type":"ListItem","position":1,"name":"Home","item":"https:\/\/buy-prescriptionz.com\/"},{"@type":"ListItem","position":2,"name":"Shop Painkillers Online","item":"https:\/\/buy-prescriptionz.com\/shop-painkillers-online\/"},{"@type":"ListItem","position":3,"name":"Buy Nitrazepam (Nipam) Online"}]},{"@type":"WebSite","@id":"https:\/\/buy-prescriptionz.com\/#website","url":"https:\/\/buy-prescriptionz.com\/","name":"Buy Prescriptionz","description":"Drugs Online","publisher":{"@id":"https:\/\/buy-prescriptionz.com\/#organization"},"potentialAction":[{"@type":"SearchAction","target":{"@type":"EntryPoint","urlTemplate":"https:\/\/buy-prescriptionz.com\/?s={search_term_string}"},"query-input":{"@type":"PropertyValueSpecification","valueRequired":true,"valueName":"search_term_string"}}],"inLanguage":"nb-NO"},{"@type":"Organization","@id":"https:\/\/buy-prescriptionz.com\/#organization","name":"Buy Prescriptionz","url":"https:\/\/buy-prescriptionz.com\/","logo":{"@type":"ImageObject","inLanguage":"nb-NO","@id":"https:\/\/buy-prescriptionz.com\/#\/schema\/logo\/image\/","url":"https:\/\/buy-prescriptionz.com\/wp-content\/uploads\/2023\/09\/logo.png","contentUrl":"https:\/\/buy-prescriptionz.com\/wp-content\/uploads\/2023\/09\/logo.png","width":350,"height":64,"caption":"Buy Prescriptionz"},"image":{"@id":"https:\/\/buy-prescriptionz.com\/#\/schema\/logo\/image\/"}}]}},"_links":{"self":[{"href":"https:\/\/buy-prescriptionz.com\/nb\/wp-json\/wp\/v2\/product\/3065","targetHints":{"allow":["GET"]}}],"collection":[{"href":"https:\/\/buy-prescriptionz.com\/nb\/wp-json\/wp\/v2\/product"}],"about":[{"href":"https:\/\/buy-prescriptionz.com\/nb\/wp-json\/wp\/v2\/types\/product"}],"replies":[{"embeddable":true,"href":"https:\/\/buy-prescriptionz.com\/nb\/wp-json\/wp\/v2\/comments?post=3065"}],"wp:featuredmedia":[{"embeddable":true,"href":"https:\/\/buy-prescriptionz.com\/nb\/wp-json\/wp\/v2\/media\/3095"}],"wp:attachment":[{"href":"https:\/\/buy-prescriptionz.com\/nb\/wp-json\/wp\/v2\/media?parent=3065"}],"wp:term":[{"taxonomy":"product_brand","embeddable":true,"href":"https:\/\/buy-prescriptionz.com\/nb\/wp-json\/wp\/v2\/product_brand?post=3065"},{"taxonomy":"product_cat","embeddable":true,"href":"https:\/\/buy-prescriptionz.com\/nb\/wp-json\/wp\/v2\/product_cat?post=3065"},{"taxonomy":"product_tag","embeddable":true,"href":"https:\/\/buy-prescriptionz.com\/nb\/wp-json\/wp\/v2\/product_tag?post=3065"}],"curies":[{"name":"wp","href":"https:\/\/api.w.org\/{rel}","templated":true}]}}