{"id":3067,"date":"2025-09-16T08:56:11","date_gmt":"2025-09-16T08:56:11","guid":{"rendered":"https:\/\/chemsfine.com\/newsite\/?post_type=product&#038;p=3067"},"modified":"2025-09-29T10:42:33","modified_gmt":"2025-09-29T10:42:33","slug":"kjop-lorazepam-ativan-pa-nett","status":"publish","type":"product","link":"https:\/\/buy-prescriptionz.com\/nb\/produkt\/kjop-lorazepam-ativan-pa-nett\/","title":{"rendered":"Kj\u00f8p Lorazepam (Ativan) p\u00e5 nett"},"content":{"rendered":"<h2>Kj\u00f8p Lorazepam (Ativan) p\u00e5 nett<\/h2>\n<p>Lorazepam tilh\u00f8rer en gruppe medisiner som kalles benzodiazepiner. Lorazepam kan brukes til forbig\u00e5ende lindring, som er for tegn p\u00e5 h\u00f8y spenning. Det hemmer forbindelsen mellom nervene i hjernen. Noen personer har opplevd en gradvis \u00f8kning i smerten, som varer i omtrent 30 minutter og oppst\u00e5r etter \u00e5 ha tatt medisinen Lorazepam. For forsinkede anfall kan injiserbar Lorazepam brukes som en underliggende behandling. Med medisinen Lorazepam kan treghet, angst og anfall raskt behandles. Denne medisinen er lett tilgjengelig for kj\u00f8p p\u00e5 nettet. Bivirkningen oppst\u00e5r ogs\u00e5 rett etter bruk; dette kan f\u00f8re til avslapning i helsetilstanden.<\/p>\n<h3>WHAT PRECAUTIONS SHOULD ONE TAKE WHILE TAKING LORAZEPAM?<\/h3>\n<p>Kj\u00f8p Lorazepam (Ativan) p\u00e5 nett, kj\u00f8p Lorazepam (Ativan) p\u00e5 nett. Hvis man opplever pusteproblemer, lunge- eller nyresvikt, hjertesykdom, s\u00f8vnl\u00f8shet eller impotens, kan Lorazepam for\u00e5rsake disse tilstandene. Kvinner som \u00f8nsker \u00e5 bli gravide eller er gravide b\u00f8r ikke ta denne tabletten, eller de b\u00f8r r\u00e5df\u00f8re seg med en helsepersonell f\u00f8r de tar Lorazepam.<\/p>\n<p>Reseptbelagt medisin Lorazepam Tablet brukes til \u00e5 behandle angstlidelser, inkludert panikkanfall, sosiale fobier, obsessiv-kompulsiv lidelse (OCD) og generalisert angstlidelse (kjennetegnet av overdreven bekymring eller rastl\u00f8shet). I tillegg brukes den til midlertidig \u00e5 lindre angstsymptomer.<\/p>\n<p>Angstsymptomer inkluderer beven, rask pust, \u00f8kt hjertefrekvens, kraftig svette, skjelving, svakhet og tap av fokus lindres ved \u00e5 ta ett milligram av den beste Lorazepam. Mat kan inntas sammen med eller uten mat. For \u00e5 hjelpe kroppen med \u00e5 opprettholde en jevn mengde medisin, ta den til samme tid hver dag. Siden denne medisinen har et betydelig potensial for vanedannelse, ta den i henhold til legens anbefalte dosering og varighet.<\/p>\n<h3>Vurder muligheten for at \u00c9N overdose ELLER GLIPPER AV \u00c5 TA LORAZEPAM.<\/h3>\n<p>Kj\u00f8p Lorazepam (Ativan) p\u00e5 nett. Hvis man glemmer \u00e5 ta doser av Lorazepam, kan man ta tabletten omtrent da, men man b\u00f8r ikke ta den doble dosen. Kj\u00f8p Lorazepam (Ativan) p\u00e5 nett hvis det er tid for neste dose. Lorazepam kan misbrukes, og det er derfor det er stor risiko for overdosering. Det er derfor man b\u00f8r s\u00f8ke akutthjelp umiddelbart.<\/p>\n<p><strong>FORDELER MED ATIVAN-TABLETTER VED BEHANDLING AV KORTVARIGE<\/strong><\/p>\n<p>F\u00f8lelsene av overdreven bekymring og angst som kan dukke opp i stressende situasjoner som et jobbintervju eller en test, reduseres ved \u00e5 ta den beste Lorazepam-tabletten. I tillegg kan det redusere agitasjon, tretthet, konsentrasjonsvansker og rastl\u00f8shet. Som et resultat vil du kunne utf\u00f8re dine daglige gj\u00f8rem\u00e5l mer uanstrengt og produktivt. Selv om du f\u00f8ler deg bra, fortsett \u00e5 ta denne medisinen. Plutselige stopp kan f\u00f8re til store problemer.<\/p>\n<p>Ved \u00e5 \u00f8ke mengden av kjemikaliet GABA i hjernen din, reduserer Lorazepam Tablet symptomene p\u00e5 en rekke angstlidelser, som generalisert angstlidelse og tvangslidelse. Dette stopper unormale angstsymptomer som tretthet, irritabilitet, rastl\u00f8shet, konsentrasjonsvansker og s\u00f8vnproblemer. Det roer deg ned og forbedrer probleml\u00f8sningsevnen din. Et balansert kosthold og trening kan bidra til \u00e5 l\u00f8fte hum\u00f8ret. Fortsett \u00e5 ta medisinen til legen din gir deg klarsignal.<\/p>\n<p><strong>BIVIRKNINGER AV TABLETTET UNDER BRUK<\/strong><\/p>\n<p>De fleste bivirkningene forsvinner n\u00e5r kroppen din venner seg til medisinen og ikke trenger medisinsk behandling. Kontakt legen din hvis de fortsetter eller hvis du har bekymringer om dem.<\/p>\n<p><strong>Vanlige bivirkninger av Lorazepam<\/strong><\/p>\n<p>Svimmelhet\/sedasjon<\/p>\n<p>Smerte\/Tretthet<\/p>\n<p>svekkede muskler\/f\u00f8lelse av s\u00f8vnighet<\/p>\n<p>Lorazepam, ofte kjent som Ativan, er en effektiv medisin for \u00e5 h\u00e5ndtere angst og andre relaterte tilstander. For de som trenger denne medisinen, kan du enkelt kj\u00f8pe Lorazepam p\u00e5 nett p\u00e5 det beste apoteket, Buy-prescriptionz.com. Denne p\u00e5litelige plattformen sikrer at du f\u00e5r medisinen du trenger raskt og sikkert.<\/p>","protected":false},"excerpt":{"rendered":"<p>Buy Lorazepam (Ativan) Online Lorazepam is from the class of meds which is called as benzodiazepines. Lorazepam can be utilized for transient alleviation, which is for the indications of a great deal of tension. It hinders the correspondence between the nerves of the cerebrum. A few people have encountered accommodating measure of progress in the [&hellip;]<\/p>","protected":false},"featured_media":3097,"comment_status":"open","ping_status":"closed","template":"","meta":{"site-sidebar-layout":"default","site-content-layout":"","ast-site-content-layout":"default","site-content-style":"default","site-sidebar-style":"default","ast-global-header-display":"","ast-banner-title-visibility":"","ast-main-header-display":"","ast-hfb-above-header-display":"","ast-hfb-below-header-display":"","ast-hfb-mobile-header-display":"","site-post-title":"","ast-breadcrumbs-content":"","ast-featured-img":"","footer-sml-layout":"","theme-transparent-header-meta":"default","adv-header-id-meta":"","stick-header-meta":"","header-above-stick-meta":"","header-main-stick-meta":"","header-below-stick-meta":"","astra-migrate-meta-layouts":"set","ast-page-background-enabled":"default","ast-page-background-meta":{"desktop":{"background-color":"var(--ast-global-color-4)","background-image":"","background-repeat":"repeat","background-position":"center center","background-size":"auto","background-attachment":"scroll","background-type":"","background-media":"","overlay-type":"","overlay-color":"","overlay-opacity":"","overlay-gradient":""},"tablet":{"background-color":"","background-image":"","background-repeat":"repeat","background-position":"center center","background-size":"auto","background-attachment":"scroll","background-type":"","background-media":"","overlay-type":"","overlay-color":"","overlay-opacity":"","overlay-gradient":""},"mobile":{"background-color":"","background-image":"","background-repeat":"repeat","background-position":"center center","background-size":"auto","background-attachment":"scroll","background-type":"","background-media":"","overlay-type":"","overlay-color":"","overlay-opacity":"","overlay-gradient":""}},"ast-content-background-meta":{"desktop":{"background-color":"var(--ast-global-color-5)","background-image":"","background-repeat":"repeat","background-position":"center center","background-size":"auto","background-attachment":"scroll","background-type":"","background-media":"","overlay-type":"","overlay-color":"","overlay-opacity":"","overlay-gradient":""},"tablet":{"background-color":"var(--ast-global-color-5)","background-image":"","background-repeat":"repeat","background-position":"center center","background-size":"auto","background-attachment":"scroll","background-type":"","background-media":"","overlay-type":"","overlay-color":"","overlay-opacity":"","overlay-gradient":""},"mobile":{"background-color":"var(--ast-global-color-5)","background-image":"","background-repeat":"repeat","background-position":"center center","background-size":"auto","background-attachment":"scroll","background-type":"","background-media":"","overlay-type":"","overlay-color":"","overlay-opacity":"","overlay-gradient":""}}},"product_brand":[],"product_cat":[2385],"product_tag":[1182,1183,1181,1176,1179,1178,1177,1180,1175,1174,1185,1184],"class_list":{"0":"post-3067","1":"product","2":"type-product","3":"status-publish","4":"has-post-thumbnail","6":"product_cat-buy-pain-killer-pills-online","7":"product_tag-buy-lorazepam-ativan-in-canada","8":"product_tag-buy-lorazepam-ativan-in-uk","9":"product_tag-buy-lorazepam-ativan-in-usa","10":"product_tag-buy-lorazepam-ativan-with-bitcoin","11":"product_tag-buy-lorazepam-ativan-with-credit-card","12":"product_tag-buy-lorazepam-ativan-with-money-gram","13":"product_tag-buy-lorazepam-ativan-with-western-union","14":"product_tag-buy-lorazepam-ativan-without-a-doctor","15":"product_tag-buy-lorazepam-ativan-without-prescription","16":"product_tag-lorazepam-ativan-for-sale","17":"product_tag-lorazepam-ativan-pills","18":"product_tag-lorazepam-ativan-tablets","19":"desktop-align-center","20":"tablet-align-left","21":"mobile-align-left","23":"first","24":"instock","25":"shipping-taxable","26":"purchasable","27":"product-type-variable","28":"has-default-attributes"},"yoast_head":"<!-- This site is optimized with the Yoast SEO plugin v25.9 - https:\/\/yoast.com\/wordpress\/plugins\/seo\/ -->\n<title>Buy Lorazepam (Ativan) Online - Buy Prescriptionz<\/title>\n<meta name=\"description\" content=\"Buy Lorazepam (Ativan) OnlineBuy Lorazepam (Ativan) Online at best price without doctor&#039;s prescription. Buy Lorazepam (Ativan) Online lorazepam-ativan\" \/>\n<meta name=\"robots\" content=\"index, follow, max-snippet:-1, max-image-preview:large, max-video-preview:-1\" \/>\n<link rel=\"canonical\" href=\"https:\/\/buy-prescriptionz.com\/nb\/produkt\/kjop-lorazepam-ativan-pa-nett\/\" \/>\n<meta property=\"og:locale\" content=\"nb_NO\" \/>\n<meta property=\"og:type\" content=\"article\" \/>\n<meta property=\"og:title\" content=\"Buy Lorazepam (Ativan) Online - Buy Prescriptionz\" \/>\n<meta property=\"og:description\" content=\"Buy Lorazepam (Ativan) OnlineBuy Lorazepam (Ativan) Online at best price without doctor&#039;s prescription. Buy Lorazepam (Ativan) Online lorazepam-ativan\" \/>\n<meta property=\"og:url\" content=\"https:\/\/buy-prescriptionz.com\/nb\/produkt\/kjop-lorazepam-ativan-pa-nett\/\" \/>\n<meta property=\"og:site_name\" content=\"Buy Prescriptionz\" \/>\n<meta property=\"article:modified_time\" content=\"2025-09-29T10:42:33+00:00\" \/>\n<meta property=\"og:image\" content=\"https:\/\/buy-prescriptionz.com\/wp-content\/uploads\/2025\/09\/lorazepam-ativan.jpg\" \/>\n\t<meta property=\"og:image:width\" content=\"400\" \/>\n\t<meta property=\"og:image:height\" content=\"300\" \/>\n\t<meta property=\"og:image:type\" content=\"image\/jpeg\" \/>\n<meta name=\"twitter:card\" content=\"summary_large_image\" \/>\n<meta name=\"twitter:label1\" content=\"Ansl. lesetid\" \/>\n\t<meta name=\"twitter:data1\" content=\"3 minutter\" \/>\n<script type=\"application\/ld+json\" class=\"yoast-schema-graph\">{\"@context\":\"https:\/\/schema.org\",\"@graph\":[{\"@type\":\"WebPage\",\"@id\":\"https:\/\/buy-prescriptionz.com\/product\/buy-lorazepam-ativan-online\/\",\"url\":\"https:\/\/buy-prescriptionz.com\/product\/buy-lorazepam-ativan-online\/\",\"name\":\"Buy Lorazepam (Ativan) Online - Buy Prescriptionz\",\"isPartOf\":{\"@id\":\"https:\/\/buy-prescriptionz.com\/#website\"},\"primaryImageOfPage\":{\"@id\":\"https:\/\/buy-prescriptionz.com\/product\/buy-lorazepam-ativan-online\/#primaryimage\"},\"image\":{\"@id\":\"https:\/\/buy-prescriptionz.com\/product\/buy-lorazepam-ativan-online\/#primaryimage\"},\"thumbnailUrl\":\"https:\/\/buy-prescriptionz.com\/wp-content\/uploads\/2025\/09\/lorazepam-ativan.jpg\",\"datePublished\":\"2025-09-16T08:56:11+00:00\",\"dateModified\":\"2025-09-29T10:42:33+00:00\",\"description\":\"Buy Lorazepam (Ativan) OnlineBuy Lorazepam (Ativan) Online at best price without doctor's prescription. Buy Lorazepam (Ativan) Online lorazepam-ativan\",\"breadcrumb\":{\"@id\":\"https:\/\/buy-prescriptionz.com\/product\/buy-lorazepam-ativan-online\/#breadcrumb\"},\"inLanguage\":\"nb-NO\",\"potentialAction\":[{\"@type\":\"ReadAction\",\"target\":[\"https:\/\/buy-prescriptionz.com\/product\/buy-lorazepam-ativan-online\/\"]}]},{\"@type\":\"ImageObject\",\"inLanguage\":\"nb-NO\",\"@id\":\"https:\/\/buy-prescriptionz.com\/product\/buy-lorazepam-ativan-online\/#primaryimage\",\"url\":\"https:\/\/buy-prescriptionz.com\/wp-content\/uploads\/2025\/09\/lorazepam-ativan.jpg\",\"contentUrl\":\"https:\/\/buy-prescriptionz.com\/wp-content\/uploads\/2025\/09\/lorazepam-ativan.jpg\",\"width\":400,\"height\":300},{\"@type\":\"BreadcrumbList\",\"@id\":\"https:\/\/buy-prescriptionz.com\/product\/buy-lorazepam-ativan-online\/#breadcrumb\",\"itemListElement\":[{\"@type\":\"ListItem\",\"position\":1,\"name\":\"Home\",\"item\":\"https:\/\/buy-prescriptionz.com\/\"},{\"@type\":\"ListItem\",\"position\":2,\"name\":\"Shop Painkillers Online\",\"item\":\"https:\/\/buy-prescriptionz.com\/shop-painkillers-online\/\"},{\"@type\":\"ListItem\",\"position\":3,\"name\":\"Buy Lorazepam (Ativan) Online\"}]},{\"@type\":\"WebSite\",\"@id\":\"https:\/\/buy-prescriptionz.com\/#website\",\"url\":\"https:\/\/buy-prescriptionz.com\/\",\"name\":\"Buy Prescriptionz\",\"description\":\"Drugs Online\",\"publisher\":{\"@id\":\"https:\/\/buy-prescriptionz.com\/#organization\"},\"potentialAction\":[{\"@type\":\"SearchAction\",\"target\":{\"@type\":\"EntryPoint\",\"urlTemplate\":\"https:\/\/buy-prescriptionz.com\/?s={search_term_string}\"},\"query-input\":{\"@type\":\"PropertyValueSpecification\",\"valueRequired\":true,\"valueName\":\"search_term_string\"}}],\"inLanguage\":\"nb-NO\"},{\"@type\":\"Organization\",\"@id\":\"https:\/\/buy-prescriptionz.com\/#organization\",\"name\":\"Buy Prescriptionz\",\"url\":\"https:\/\/buy-prescriptionz.com\/\",\"logo\":{\"@type\":\"ImageObject\",\"inLanguage\":\"nb-NO\",\"@id\":\"https:\/\/buy-prescriptionz.com\/#\/schema\/logo\/image\/\",\"url\":\"https:\/\/buy-prescriptionz.com\/wp-content\/uploads\/2023\/09\/logo.png\",\"contentUrl\":\"https:\/\/buy-prescriptionz.com\/wp-content\/uploads\/2023\/09\/logo.png\",\"width\":350,\"height\":64,\"caption\":\"Buy Prescriptionz\"},\"image\":{\"@id\":\"https:\/\/buy-prescriptionz.com\/#\/schema\/logo\/image\/\"}}]}<\/script>\n<!-- \/ Yoast SEO plugin. -->","yoast_head_json":{"title":"Kj\u00f8p Lorazepam (Ativan) p\u00e5 nett - Kj\u00f8p resepter","description":"Buy Lorazepam (Ativan) OnlineBuy Lorazepam (Ativan) Online at best price without doctor's prescription. Buy Lorazepam (Ativan) Online lorazepam-ativan","robots":{"index":"index","follow":"follow","max-snippet":"max-snippet:-1","max-image-preview":"max-image-preview:large","max-video-preview":"max-video-preview:-1"},"canonical":"https:\/\/buy-prescriptionz.com\/nb\/produkt\/kjop-lorazepam-ativan-pa-nett\/","og_locale":"nb_NO","og_type":"article","og_title":"Buy Lorazepam (Ativan) Online - Buy Prescriptionz","og_description":"Buy Lorazepam (Ativan) OnlineBuy Lorazepam (Ativan) Online at best price without doctor's prescription. Buy Lorazepam (Ativan) Online lorazepam-ativan","og_url":"https:\/\/buy-prescriptionz.com\/nb\/produkt\/kjop-lorazepam-ativan-pa-nett\/","og_site_name":"Buy Prescriptionz","article_modified_time":"2025-09-29T10:42:33+00:00","og_image":[{"width":400,"height":300,"url":"https:\/\/buy-prescriptionz.com\/wp-content\/uploads\/2025\/09\/lorazepam-ativan.jpg","type":"image\/jpeg"}],"twitter_card":"summary_large_image","twitter_misc":{"Ansl. lesetid":"3 minutter"},"schema":{"@context":"https:\/\/schema.org","@graph":[{"@type":"WebPage","@id":"https:\/\/buy-prescriptionz.com\/product\/buy-lorazepam-ativan-online\/","url":"https:\/\/buy-prescriptionz.com\/product\/buy-lorazepam-ativan-online\/","name":"Kj\u00f8p Lorazepam (Ativan) p\u00e5 nett - Kj\u00f8p resepter","isPartOf":{"@id":"https:\/\/buy-prescriptionz.com\/#website"},"primaryImageOfPage":{"@id":"https:\/\/buy-prescriptionz.com\/product\/buy-lorazepam-ativan-online\/#primaryimage"},"image":{"@id":"https:\/\/buy-prescriptionz.com\/product\/buy-lorazepam-ativan-online\/#primaryimage"},"thumbnailUrl":"https:\/\/buy-prescriptionz.com\/wp-content\/uploads\/2025\/09\/lorazepam-ativan.jpg","datePublished":"2025-09-16T08:56:11+00:00","dateModified":"2025-09-29T10:42:33+00:00","description":"Buy Lorazepam (Ativan) OnlineBuy Lorazepam (Ativan) Online at best price without doctor's prescription. Buy Lorazepam (Ativan) Online lorazepam-ativan","breadcrumb":{"@id":"https:\/\/buy-prescriptionz.com\/product\/buy-lorazepam-ativan-online\/#breadcrumb"},"inLanguage":"nb-NO","potentialAction":[{"@type":"ReadAction","target":["https:\/\/buy-prescriptionz.com\/product\/buy-lorazepam-ativan-online\/"]}]},{"@type":"ImageObject","inLanguage":"nb-NO","@id":"https:\/\/buy-prescriptionz.com\/product\/buy-lorazepam-ativan-online\/#primaryimage","url":"https:\/\/buy-prescriptionz.com\/wp-content\/uploads\/2025\/09\/lorazepam-ativan.jpg","contentUrl":"https:\/\/buy-prescriptionz.com\/wp-content\/uploads\/2025\/09\/lorazepam-ativan.jpg","width":400,"height":300},{"@type":"BreadcrumbList","@id":"https:\/\/buy-prescriptionz.com\/product\/buy-lorazepam-ativan-online\/#breadcrumb","itemListElement":[{"@type":"ListItem","position":1,"name":"Home","item":"https:\/\/buy-prescriptionz.com\/"},{"@type":"ListItem","position":2,"name":"Shop Painkillers Online","item":"https:\/\/buy-prescriptionz.com\/shop-painkillers-online\/"},{"@type":"ListItem","position":3,"name":"Buy Lorazepam (Ativan) Online"}]},{"@type":"WebSite","@id":"https:\/\/buy-prescriptionz.com\/#website","url":"https:\/\/buy-prescriptionz.com\/","name":"Buy Prescriptionz","description":"Drugs Online","publisher":{"@id":"https:\/\/buy-prescriptionz.com\/#organization"},"potentialAction":[{"@type":"SearchAction","target":{"@type":"EntryPoint","urlTemplate":"https:\/\/buy-prescriptionz.com\/?s={search_term_string}"},"query-input":{"@type":"PropertyValueSpecification","valueRequired":true,"valueName":"search_term_string"}}],"inLanguage":"nb-NO"},{"@type":"Organization","@id":"https:\/\/buy-prescriptionz.com\/#organization","name":"Buy Prescriptionz","url":"https:\/\/buy-prescriptionz.com\/","logo":{"@type":"ImageObject","inLanguage":"nb-NO","@id":"https:\/\/buy-prescriptionz.com\/#\/schema\/logo\/image\/","url":"https:\/\/buy-prescriptionz.com\/wp-content\/uploads\/2023\/09\/logo.png","contentUrl":"https:\/\/buy-prescriptionz.com\/wp-content\/uploads\/2023\/09\/logo.png","width":350,"height":64,"caption":"Buy Prescriptionz"},"image":{"@id":"https:\/\/buy-prescriptionz.com\/#\/schema\/logo\/image\/"}}]}},"_links":{"self":[{"href":"https:\/\/buy-prescriptionz.com\/nb\/wp-json\/wp\/v2\/product\/3067","targetHints":{"allow":["GET"]}}],"collection":[{"href":"https:\/\/buy-prescriptionz.com\/nb\/wp-json\/wp\/v2\/product"}],"about":[{"href":"https:\/\/buy-prescriptionz.com\/nb\/wp-json\/wp\/v2\/types\/product"}],"replies":[{"embeddable":true,"href":"https:\/\/buy-prescriptionz.com\/nb\/wp-json\/wp\/v2\/comments?post=3067"}],"wp:featuredmedia":[{"embeddable":true,"href":"https:\/\/buy-prescriptionz.com\/nb\/wp-json\/wp\/v2\/media\/3097"}],"wp:attachment":[{"href":"https:\/\/buy-prescriptionz.com\/nb\/wp-json\/wp\/v2\/media?parent=3067"}],"wp:term":[{"taxonomy":"product_brand","embeddable":true,"href":"https:\/\/buy-prescriptionz.com\/nb\/wp-json\/wp\/v2\/product_brand?post=3067"},{"taxonomy":"product_cat","embeddable":true,"href":"https:\/\/buy-prescriptionz.com\/nb\/wp-json\/wp\/v2\/product_cat?post=3067"},{"taxonomy":"product_tag","embeddable":true,"href":"https:\/\/buy-prescriptionz.com\/nb\/wp-json\/wp\/v2\/product_tag?post=3067"}],"curies":[{"name":"wp","href":"https:\/\/api.w.org\/{rel}","templated":true}]}}