{"id":3069,"date":"2025-09-16T08:56:11","date_gmt":"2025-09-16T08:56:11","guid":{"rendered":"https:\/\/chemsfine.com\/newsite\/?post_type=product&#038;p=3069"},"modified":"2025-09-22T05:22:06","modified_gmt":"2025-09-22T05:22:06","slug":"kjop-ketalar-injeksjon-pa-nett","status":"publish","type":"product","link":"https:\/\/buy-prescriptionz.com\/nb\/produkt\/kjop-ketalar-injeksjon-pa-nett\/","title":{"rendered":"Buy Ketalar Injection Online"},"content":{"rendered":"<h2>Buy Ketalar Injection Online<\/h2>\n<p>Kj\u00f8p Ketalar p\u00e5 nett uten resept p\u00e5 buy-prescriptionz.com. Ketalar injeksjon gir en plutselig rus som varer i omtrent en time. Den starter rundt 2 til 5 minutter etter at dosen er r\u00f8ykt eller svelget. Men ved injeksjon skjer det rundt 30 sekunder etter at injeksjonen har skjedd.<\/p>\n<p>Den f\u00f8rste f\u00f8lelsen av rusen brukeren f\u00e5r er en overveldende f\u00f8lelse av avslapning, noen ganger beskrevet som en summing i hele kroppen. Noen brukere f\u00f8ler at de svever, mens andre beskriver det til og med som \u00e5 v\u00e6re utenfor kroppen. Mange opplever hallusinasjoner som kan vare lenger enn de bed\u00f8vende effektene. Kj\u00f8p Ketalar p\u00e5 nett uten resept H\u00f8yere doser kan gi mer intense effekter, og brukere rapporterer fullstendig og total l\u00f8srivelse fra kroppen sin. Effektene ligner p\u00e5 de som beskrives av personer som har hatt n\u00e6r-d\u00f8den-opplevelser, og det beskrives som \u00e5 v\u00e6re i \u00abK-hullet\u00bb.<\/p>\n<h3>HVA KETALAR-INJEKSJON KAN GJ\u00d8RE FOR DEG<\/h3>\n<p>50 mg\/ml Ketalar Et generelt beroligende middel gis ved injeksjon. Dette legemidlet brukes av en spesialistlege kalt anestesilege for \u00e5 f\u00e5 folk til \u00e5 miste bevisstheten og f\u00f8lelsen midlertidig under store operasjoner p\u00e5 sykehus. Det er vanligvis veldig trygt, virker ganske raskt og lar behandlingen g\u00e5 uten \u00e5 for\u00e5rsake smerte eller stress.<\/p>\n<h3>HVORDAN BRUKE KETALAR-INJEKSJON<\/h3>\n<p>Den beste Ketalar-injeksjonen vil bli gitt til deg av legen din eller sykepleieren din. Vennligst ikke ta vare p\u00e5 deg selv.<\/p>\n<h3>HVORDAN INJEKSJONEN FUNGERER<\/h3>\n<p>50 mg\/ml Ketalar. En generell anestesi gis ved injeksjon. Den virker ved \u00e5 gj\u00f8re at du mister bevisstheten i en kort periode. Dette gj\u00f8r det mulig \u00e5 utf\u00f8re operasjoner uten smerte eller stress.<\/p>\n<h3>SIDE EFFECTS OF KETAMINE HYDROCHLORIDE INJECTION<\/h3>\n<p>The drug does, of course, have side effects, and these can be quite profound. Short-term side effects include bad hallucinations. As with all psychotropic drugs, the pleasantness of the hallucination depends on the user\u2019s state of mind, and if the user is seeking to escape unhappiness, the hallucinations are likely to be unpleasant. Buy Ketalar Online Without Prescription here at our online drugstore.<\/p>\n<p><strong>Naturally, the side effects of ketamine Hydrochloride Injection include:<\/strong><\/p>\n<p>Drowsiness.<br \/>\nIncreased heart rate.<br \/>\nElevated blood pressure.<br \/>\nLarge doses of ketamine can result in what some describe as the \u201cK-hole,\u201d which can include intense and unpleasant visual and auditory hallucinations coupled with marked derealization and a frightening detachment from reality.<\/p>\n<h3>Hvor mye Ketalar b\u00f8r jeg ta?<\/h3>\n<p>Den er laget av en svakt sur (pH 3,5\u20135,5) steril l\u00f8sning som kan injiseres intraven\u00f8st \u200b\u200beller intramuskul\u00e6rt. Den kommer i konsentrasjoner p\u00e5 10, 50 eller 100 mg ketaminbase per milliliter, og som konserveringsmiddel tilsettes ikke mer enn 0,1 mg\/ml fenerol (benzetoniumklorid). Saltklorid ble brukt til \u00e5 gj\u00f8re 10 mg\/ml v\u00e6sken isotonisk. Pasientene m\u00e5 overv\u00e5kes til bivirkningene forsvinner. Det er mulig at stoffet vil bli vanedannende.<\/p>\n<h3>Hvilke andre medisiner, stoffer eller kosttilskudd virker sammen med Ketalar?<\/h3>\n<p>Ketalar fungerer kanskje ikke like bra med barbiturater eller legemidler. Fortell legen din om alle legemidler og vitaminer du tar. Ketalar: Under graviditet og amming b\u00f8r ikke Ketalar injeksjonsv\u00e6ske brukes av gravide eller personer som er i f\u00f8dsel, og det er ikke testet p\u00e5 barn under 16 \u00e5r. For autentisk Ketalar injeksjon, bes\u00f8k det beste apoteket, Buy-Prescriptionz.com. De tilbyr medisiner av h\u00f8y kvalitet med rask levering og p\u00e5litelig service. Stol p\u00e5 Buy-Prescriptionz.com for dine medisinske behov og sikre deg en trygg og p\u00e5litelig kilde til Ketalar injeksjon.<\/p>","protected":false},"excerpt":{"rendered":"<p>Buy Ketalar Injection Online Buy Ketalar Online Without Prescription at buy-prescriptionz.com. Ketalar Injection produces an abrupt high that lasts for about an hour. It starts around 2 to 5 minutes after the dose has been smoked or swallowed. But with injection, it happens around 30 seconds after the injection has occurred. The first feeling of [&hellip;]<\/p>","protected":false},"featured_media":3099,"comment_status":"open","ping_status":"closed","template":"","meta":{"site-sidebar-layout":"default","site-content-layout":"","ast-site-content-layout":"default","site-content-style":"default","site-sidebar-style":"default","ast-global-header-display":"","ast-banner-title-visibility":"","ast-main-header-display":"","ast-hfb-above-header-display":"","ast-hfb-below-header-display":"","ast-hfb-mobile-header-display":"","site-post-title":"","ast-breadcrumbs-content":"","ast-featured-img":"","footer-sml-layout":"","theme-transparent-header-meta":"default","adv-header-id-meta":"","stick-header-meta":"","header-above-stick-meta":"","header-main-stick-meta":"","header-below-stick-meta":"","astra-migrate-meta-layouts":"set","ast-page-background-enabled":"default","ast-page-background-meta":{"desktop":{"background-color":"var(--ast-global-color-4)","background-image":"","background-repeat":"repeat","background-position":"center center","background-size":"auto","background-attachment":"scroll","background-type":"","background-media":"","overlay-type":"","overlay-color":"","overlay-opacity":"","overlay-gradient":""},"tablet":{"background-color":"","background-image":"","background-repeat":"repeat","background-position":"center center","background-size":"auto","background-attachment":"scroll","background-type":"","background-media":"","overlay-type":"","overlay-color":"","overlay-opacity":"","overlay-gradient":""},"mobile":{"background-color":"","background-image":"","background-repeat":"repeat","background-position":"center center","background-size":"auto","background-attachment":"scroll","background-type":"","background-media":"","overlay-type":"","overlay-color":"","overlay-opacity":"","overlay-gradient":""}},"ast-content-background-meta":{"desktop":{"background-color":"var(--ast-global-color-5)","background-image":"","background-repeat":"repeat","background-position":"center center","background-size":"auto","background-attachment":"scroll","background-type":"","background-media":"","overlay-type":"","overlay-color":"","overlay-opacity":"","overlay-gradient":""},"tablet":{"background-color":"var(--ast-global-color-5)","background-image":"","background-repeat":"repeat","background-position":"center center","background-size":"auto","background-attachment":"scroll","background-type":"","background-media":"","overlay-type":"","overlay-color":"","overlay-opacity":"","overlay-gradient":""},"mobile":{"background-color":"var(--ast-global-color-5)","background-image":"","background-repeat":"repeat","background-position":"center center","background-size":"auto","background-attachment":"scroll","background-type":"","background-media":"","overlay-type":"","overlay-color":"","overlay-opacity":"","overlay-gradient":""}}},"product_brand":[],"product_cat":[2385],"product_tag":[1063,1064,1062,1057,1060,1059,1058,1061,1056,1055,1066,1065],"class_list":{"0":"post-3069","1":"product","2":"type-product","3":"status-publish","4":"has-post-thumbnail","6":"product_cat-buy-pain-killer-pills-online","7":"product_tag-buy-ketalar-injection-in-canada","8":"product_tag-buy-ketalar-injection-in-uk","9":"product_tag-buy-ketalar-injection-in-usa","10":"product_tag-buy-ketalar-injection-with-bitcoin","11":"product_tag-buy-ketalar-injection-with-credit-card","12":"product_tag-buy-ketalar-injection-with-money-gram","13":"product_tag-buy-ketalar-injection-with-western-union","14":"product_tag-buy-ketalar-injection-without-a-doctor","15":"product_tag-buy-ketalar-injection-without-prescription","16":"product_tag-ketalar-injection-for-sale","17":"product_tag-ketalar-injection-pills","18":"product_tag-ketalar-injection-tablets","19":"desktop-align-center","20":"tablet-align-left","21":"mobile-align-left","23":"first","24":"instock","25":"shipping-taxable","26":"purchasable","27":"product-type-variable","28":"has-default-attributes"},"yoast_head":"<!-- This site is optimized with the Yoast SEO plugin v25.9 - https:\/\/yoast.com\/wordpress\/plugins\/seo\/ -->\n<title>Buy Ketalar Injection Online USA - Buy Ketalar Injection Online for Sale - Buy Prescriptionz<\/title>\n<meta name=\"description\" content=\"Buyprescriptionz.com is an online pharmacy store where you can Buy Ketalar Injection Online at best price without doctor&#039;s prescription. Buy Ketalar Injection Online Now with Free &amp; Secure Shipping!\" \/>\n<meta name=\"robots\" content=\"index, follow, max-snippet:-1, max-image-preview:large, max-video-preview:-1\" \/>\n<link rel=\"canonical\" href=\"https:\/\/buy-prescriptionz.com\/nb\/produkt\/kjop-ketalar-injeksjon-pa-nett\/\" \/>\n<meta property=\"og:locale\" content=\"nb_NO\" \/>\n<meta property=\"og:type\" content=\"article\" \/>\n<meta property=\"og:title\" content=\"Buy Ketalar Injection Online USA - Buy Ketalar Injection Online for Sale - Buy Prescriptionz\" \/>\n<meta property=\"og:description\" content=\"Buyprescriptionz.com is an online pharmacy store where you can Buy Ketalar Injection Online at best price without doctor&#039;s prescription. Buy Ketalar Injection Online Now with Free &amp; Secure Shipping!\" \/>\n<meta property=\"og:url\" content=\"https:\/\/buy-prescriptionz.com\/nb\/produkt\/kjop-ketalar-injeksjon-pa-nett\/\" \/>\n<meta property=\"og:site_name\" content=\"Buy Prescriptionz\" \/>\n<meta property=\"article:modified_time\" content=\"2025-09-22T05:22:06+00:00\" \/>\n<meta property=\"og:image\" content=\"https:\/\/buy-prescriptionz.com\/wp-content\/uploads\/2025\/09\/ketalar-injection.jpg\" \/>\n\t<meta property=\"og:image:width\" content=\"400\" \/>\n\t<meta property=\"og:image:height\" content=\"300\" \/>\n\t<meta property=\"og:image:type\" content=\"image\/jpeg\" \/>\n<meta name=\"twitter:card\" content=\"summary_large_image\" \/>\n<meta name=\"twitter:label1\" content=\"Ansl. lesetid\" \/>\n\t<meta name=\"twitter:data1\" content=\"3 minutter\" \/>\n<script type=\"application\/ld+json\" class=\"yoast-schema-graph\">{\"@context\":\"https:\/\/schema.org\",\"@graph\":[{\"@type\":\"WebPage\",\"@id\":\"https:\/\/buy-prescriptionz.com\/product\/buy-ketalar-injection-online\/\",\"url\":\"https:\/\/buy-prescriptionz.com\/product\/buy-ketalar-injection-online\/\",\"name\":\"Buy Ketalar Injection Online USA - Buy Ketalar Injection Online for Sale - Buy Prescriptionz\",\"isPartOf\":{\"@id\":\"https:\/\/buy-prescriptionz.com\/#website\"},\"primaryImageOfPage\":{\"@id\":\"https:\/\/buy-prescriptionz.com\/product\/buy-ketalar-injection-online\/#primaryimage\"},\"image\":{\"@id\":\"https:\/\/buy-prescriptionz.com\/product\/buy-ketalar-injection-online\/#primaryimage\"},\"thumbnailUrl\":\"https:\/\/buy-prescriptionz.com\/wp-content\/uploads\/2025\/09\/ketalar-injection.jpg\",\"datePublished\":\"2025-09-16T08:56:11+00:00\",\"dateModified\":\"2025-09-22T05:22:06+00:00\",\"description\":\"Buyprescriptionz.com is an online pharmacy store where you can Buy Ketalar Injection Online at best price without doctor's prescription. Buy Ketalar Injection Online Now with Free & Secure Shipping!\",\"breadcrumb\":{\"@id\":\"https:\/\/buy-prescriptionz.com\/product\/buy-ketalar-injection-online\/#breadcrumb\"},\"inLanguage\":\"nb-NO\",\"potentialAction\":[{\"@type\":\"ReadAction\",\"target\":[\"https:\/\/buy-prescriptionz.com\/product\/buy-ketalar-injection-online\/\"]}]},{\"@type\":\"ImageObject\",\"inLanguage\":\"nb-NO\",\"@id\":\"https:\/\/buy-prescriptionz.com\/product\/buy-ketalar-injection-online\/#primaryimage\",\"url\":\"https:\/\/buy-prescriptionz.com\/wp-content\/uploads\/2025\/09\/ketalar-injection.jpg\",\"contentUrl\":\"https:\/\/buy-prescriptionz.com\/wp-content\/uploads\/2025\/09\/ketalar-injection.jpg\",\"width\":400,\"height\":300},{\"@type\":\"BreadcrumbList\",\"@id\":\"https:\/\/buy-prescriptionz.com\/product\/buy-ketalar-injection-online\/#breadcrumb\",\"itemListElement\":[{\"@type\":\"ListItem\",\"position\":1,\"name\":\"Home\",\"item\":\"https:\/\/buy-prescriptionz.com\/\"},{\"@type\":\"ListItem\",\"position\":2,\"name\":\"Shop Painkillers Online\",\"item\":\"https:\/\/buy-prescriptionz.com\/shop-painkillers-online\/\"},{\"@type\":\"ListItem\",\"position\":3,\"name\":\"Buy Ketalar Injection Online\"}]},{\"@type\":\"WebSite\",\"@id\":\"https:\/\/buy-prescriptionz.com\/#website\",\"url\":\"https:\/\/buy-prescriptionz.com\/\",\"name\":\"Buy Prescriptionz\",\"description\":\"Drugs Online\",\"publisher\":{\"@id\":\"https:\/\/buy-prescriptionz.com\/#organization\"},\"potentialAction\":[{\"@type\":\"SearchAction\",\"target\":{\"@type\":\"EntryPoint\",\"urlTemplate\":\"https:\/\/buy-prescriptionz.com\/?s={search_term_string}\"},\"query-input\":{\"@type\":\"PropertyValueSpecification\",\"valueRequired\":true,\"valueName\":\"search_term_string\"}}],\"inLanguage\":\"nb-NO\"},{\"@type\":\"Organization\",\"@id\":\"https:\/\/buy-prescriptionz.com\/#organization\",\"name\":\"Buy Prescriptionz\",\"url\":\"https:\/\/buy-prescriptionz.com\/\",\"logo\":{\"@type\":\"ImageObject\",\"inLanguage\":\"nb-NO\",\"@id\":\"https:\/\/buy-prescriptionz.com\/#\/schema\/logo\/image\/\",\"url\":\"https:\/\/buy-prescriptionz.com\/wp-content\/uploads\/2023\/09\/logo.png\",\"contentUrl\":\"https:\/\/buy-prescriptionz.com\/wp-content\/uploads\/2023\/09\/logo.png\",\"width\":350,\"height\":64,\"caption\":\"Buy Prescriptionz\"},\"image\":{\"@id\":\"https:\/\/buy-prescriptionz.com\/#\/schema\/logo\/image\/\"}}]}<\/script>\n<!-- \/ Yoast SEO plugin. -->","yoast_head_json":{"title":"Kj\u00f8p Ketalar injeksjon p\u00e5 nett i USA - Kj\u00f8p Ketalar injeksjon p\u00e5 nett til salgs - Kj\u00f8p Prescriptionz","description":"Buyprescriptionz.com is an online pharmacy store where you can Buy Ketalar Injection Online at best price without doctor's prescription. Buy Ketalar Injection Online Now with Free & Secure Shipping!","robots":{"index":"index","follow":"follow","max-snippet":"max-snippet:-1","max-image-preview":"max-image-preview:large","max-video-preview":"max-video-preview:-1"},"canonical":"https:\/\/buy-prescriptionz.com\/nb\/produkt\/kjop-ketalar-injeksjon-pa-nett\/","og_locale":"nb_NO","og_type":"article","og_title":"Buy Ketalar Injection Online USA - Buy Ketalar Injection Online for Sale - Buy Prescriptionz","og_description":"Buyprescriptionz.com is an online pharmacy store where you can Buy Ketalar Injection Online at best price without doctor's prescription. Buy Ketalar Injection Online Now with Free & Secure Shipping!","og_url":"https:\/\/buy-prescriptionz.com\/nb\/produkt\/kjop-ketalar-injeksjon-pa-nett\/","og_site_name":"Buy Prescriptionz","article_modified_time":"2025-09-22T05:22:06+00:00","og_image":[{"width":400,"height":300,"url":"https:\/\/buy-prescriptionz.com\/wp-content\/uploads\/2025\/09\/ketalar-injection.jpg","type":"image\/jpeg"}],"twitter_card":"summary_large_image","twitter_misc":{"Ansl. lesetid":"3 minutter"},"schema":{"@context":"https:\/\/schema.org","@graph":[{"@type":"WebPage","@id":"https:\/\/buy-prescriptionz.com\/product\/buy-ketalar-injection-online\/","url":"https:\/\/buy-prescriptionz.com\/product\/buy-ketalar-injection-online\/","name":"Kj\u00f8p Ketalar injeksjon p\u00e5 nett i USA - Kj\u00f8p Ketalar injeksjon p\u00e5 nett til salgs - Kj\u00f8p Prescriptionz","isPartOf":{"@id":"https:\/\/buy-prescriptionz.com\/#website"},"primaryImageOfPage":{"@id":"https:\/\/buy-prescriptionz.com\/product\/buy-ketalar-injection-online\/#primaryimage"},"image":{"@id":"https:\/\/buy-prescriptionz.com\/product\/buy-ketalar-injection-online\/#primaryimage"},"thumbnailUrl":"https:\/\/buy-prescriptionz.com\/wp-content\/uploads\/2025\/09\/ketalar-injection.jpg","datePublished":"2025-09-16T08:56:11+00:00","dateModified":"2025-09-22T05:22:06+00:00","description":"Buyprescriptionz.com is an online pharmacy store where you can Buy Ketalar Injection Online at best price without doctor's prescription. Buy Ketalar Injection Online Now with Free & Secure Shipping!","breadcrumb":{"@id":"https:\/\/buy-prescriptionz.com\/product\/buy-ketalar-injection-online\/#breadcrumb"},"inLanguage":"nb-NO","potentialAction":[{"@type":"ReadAction","target":["https:\/\/buy-prescriptionz.com\/product\/buy-ketalar-injection-online\/"]}]},{"@type":"ImageObject","inLanguage":"nb-NO","@id":"https:\/\/buy-prescriptionz.com\/product\/buy-ketalar-injection-online\/#primaryimage","url":"https:\/\/buy-prescriptionz.com\/wp-content\/uploads\/2025\/09\/ketalar-injection.jpg","contentUrl":"https:\/\/buy-prescriptionz.com\/wp-content\/uploads\/2025\/09\/ketalar-injection.jpg","width":400,"height":300},{"@type":"BreadcrumbList","@id":"https:\/\/buy-prescriptionz.com\/product\/buy-ketalar-injection-online\/#breadcrumb","itemListElement":[{"@type":"ListItem","position":1,"name":"Home","item":"https:\/\/buy-prescriptionz.com\/"},{"@type":"ListItem","position":2,"name":"Shop Painkillers Online","item":"https:\/\/buy-prescriptionz.com\/shop-painkillers-online\/"},{"@type":"ListItem","position":3,"name":"Buy Ketalar Injection Online"}]},{"@type":"WebSite","@id":"https:\/\/buy-prescriptionz.com\/#website","url":"https:\/\/buy-prescriptionz.com\/","name":"Buy Prescriptionz","description":"Drugs Online","publisher":{"@id":"https:\/\/buy-prescriptionz.com\/#organization"},"potentialAction":[{"@type":"SearchAction","target":{"@type":"EntryPoint","urlTemplate":"https:\/\/buy-prescriptionz.com\/?s={search_term_string}"},"query-input":{"@type":"PropertyValueSpecification","valueRequired":true,"valueName":"search_term_string"}}],"inLanguage":"nb-NO"},{"@type":"Organization","@id":"https:\/\/buy-prescriptionz.com\/#organization","name":"Buy Prescriptionz","url":"https:\/\/buy-prescriptionz.com\/","logo":{"@type":"ImageObject","inLanguage":"nb-NO","@id":"https:\/\/buy-prescriptionz.com\/#\/schema\/logo\/image\/","url":"https:\/\/buy-prescriptionz.com\/wp-content\/uploads\/2023\/09\/logo.png","contentUrl":"https:\/\/buy-prescriptionz.com\/wp-content\/uploads\/2023\/09\/logo.png","width":350,"height":64,"caption":"Buy Prescriptionz"},"image":{"@id":"https:\/\/buy-prescriptionz.com\/#\/schema\/logo\/image\/"}}]}},"_links":{"self":[{"href":"https:\/\/buy-prescriptionz.com\/nb\/wp-json\/wp\/v2\/product\/3069","targetHints":{"allow":["GET"]}}],"collection":[{"href":"https:\/\/buy-prescriptionz.com\/nb\/wp-json\/wp\/v2\/product"}],"about":[{"href":"https:\/\/buy-prescriptionz.com\/nb\/wp-json\/wp\/v2\/types\/product"}],"replies":[{"embeddable":true,"href":"https:\/\/buy-prescriptionz.com\/nb\/wp-json\/wp\/v2\/comments?post=3069"}],"wp:featuredmedia":[{"embeddable":true,"href":"https:\/\/buy-prescriptionz.com\/nb\/wp-json\/wp\/v2\/media\/3099"}],"wp:attachment":[{"href":"https:\/\/buy-prescriptionz.com\/nb\/wp-json\/wp\/v2\/media?parent=3069"}],"wp:term":[{"taxonomy":"product_brand","embeddable":true,"href":"https:\/\/buy-prescriptionz.com\/nb\/wp-json\/wp\/v2\/product_brand?post=3069"},{"taxonomy":"product_cat","embeddable":true,"href":"https:\/\/buy-prescriptionz.com\/nb\/wp-json\/wp\/v2\/product_cat?post=3069"},{"taxonomy":"product_tag","embeddable":true,"href":"https:\/\/buy-prescriptionz.com\/nb\/wp-json\/wp\/v2\/product_tag?post=3069"}],"curies":[{"name":"wp","href":"https:\/\/api.w.org\/{rel}","templated":true}]}}