{"id":3071,"date":"2025-09-16T08:56:11","date_gmt":"2025-09-16T08:56:11","guid":{"rendered":"https:\/\/chemsfine.com\/newsite\/?post_type=product&#038;p=3071"},"modified":"2025-09-21T12:21:54","modified_gmt":"2025-09-21T12:21:54","slug":"kjop-fioricet-butalbitol-pa-nett","status":"publish","type":"product","link":"https:\/\/buy-prescriptionz.com\/nb\/produkt\/kjop-fioricet-butalbitol-pa-nett\/","title":{"rendered":"Buy Fioricet (Butalbitol) Online"},"content":{"rendered":"<h2>Kj\u00f8p Fioricet p\u00e5 nett<\/h2>\n<p>Kj\u00f8p Fioricet (Butalbitol) p\u00e5 nett. Pasienter som trenger resept p\u00e5 Fioricet har n\u00e5 muligheten til \u00e5 kj\u00f8pe Fioricet p\u00e5 nett med kredittkort i USA. Det er mye mer praktisk for pasienten \u00e5 kunne kj\u00f8pe Fioricet p\u00e5 nett. Pasienten trenger ikke en forh\u00e5ndsresept fra en lege for \u00e5 kunne bestille Fioricet p\u00e5 nett via nettapoteket. Nettapoteket er designet for \u00e5 tilby medisiner av topp kvalitet til pasienter til en rabattert pris uten bryderiet med et legekontor. Fioricet er bare ett av mange medisiner som ikke krever et legebes\u00f8k for \u00e5 f\u00e5 resept. Kj\u00f8p Fioricet (Butalbitol) p\u00e5 nett. Dette betyr at pasienten ikke engang trenger \u00e5 forlate huset for \u00e5 f\u00e5 medisinen de trenger.<\/p>\n<p>Fioricet er en kombinasjonsmedisin som inneholder koffein, paracetamol og butalbital. Det brukes oralt etter behov for \u00e5 lindre spenningshodepine, vanligvis hver 4. time. Siden det kan bli vanedannende og forverre hodepinen hvis det brukes for regelmessig, anbefales det imidlertid ikke som et f\u00f8rste alternativ. Den beste Fioricet kan ogs\u00e5 ha bivirkninger, inkludert svimmelhet og d\u00f8sighet. Det finnes medisiner og en oral sirup tilgjengelig for det.<\/p>\n<p>Butalbital, koffein og paracetamol er alle inkludert i Fioricet-piller. Paracetamol er et smertestillende og febernedsettende middel. Barbiturater er en klasse medisiner som inkluderer butalbital. Det lindrer muskelspasmer som for\u00e5rsaker spenningshodepine. Koffein er et sentralstimulerende middel. For \u00e5 \u00f8ke blodstr\u00f8mmen lindrer det muskelspasmer i blod\u00e5rene. Personer med stresshodepine (for\u00e5rsaket av stramme muskler) tar Fioricet.<\/p>\n<p>For at en pasient skal kunne kj\u00f8pe Fioricet p\u00e5 nett, m\u00e5 de fylle ut et sp\u00f8rreskjema. Sp\u00f8rreskjemaet vil stille flere medisinske og helserelaterte sp\u00f8rsm\u00e5l som m\u00e5 besvares. N\u00e5r pasienten har fylt ut sp\u00f8rreskjemaet, vil de kunne sende det inn til nettapoteket. Sp\u00f8rreskjemaet vil bli sendt til en av de mange autoriserte legene p\u00e5 nettapoteket. Den autoriserte legen vil gjennomg\u00e5 sp\u00f8rreskjemaet og bestemme om bestillingen vil bli godkjent eller ikke. Hvis bestillingen blir godkjent, vil pasienten kunne kj\u00f8pe Fioricet billig p\u00e5 nett. Legen vil sende Fioricet RX p\u00e5 nett til de autoriserte farmas\u00f8ytene, som deretter vil fylle ut bestillingen og sende den til adressen som pasienten har oppgitt. Kj\u00f8p Fioricet (Butalbitol) p\u00e5 nett. Medisinbestillinger sendes vanligvis ut med levering neste dag, slik at pasienten ikke trenger \u00e5 vente p\u00e5 medisinen de trenger.<\/p>\n<h3><strong>Buy Fioricet (Butalbitol) Online<\/strong><\/h3>\n<p>Fioricet er en kombinasjonsmedisin som inneholder koffein, paracetamol og butalbital. Det brukes oralt etter behov for \u00e5 lindre spenningshodepine, vanligvis hver 4. time. Siden det kan bli vanedannende og forverre hodepinen hvis det brukes for regelmessig, anbefales det imidlertid ikke som et f\u00f8rste alternativ. Den beste Fioricet kan ogs\u00e5 ha bivirkninger, inkludert svimmelhet og d\u00f8sighet. Det finnes medisiner og en oral sirup tilgjengelig for det.<\/p>\n<p>Butalbital, koffein og paracetamol er alle inkludert i Fioricet-piller. Paracetamol er et smertestillende og febernedsettende middel. Barbiturater er en klasse medisiner som inkluderer butalbital. Det lindrer muskelspasmer som for\u00e5rsaker spenningshodepine. Koffein er et sentralstimulerende middel. For \u00e5 \u00f8ke blodstr\u00f8mmen lindrer det muskelspasmer i blod\u00e5rene. Personer med stresshodepine (for\u00e5rsaket av stramme muskler) tar Fioricet.<\/p>\n<p>Advarsler<\/p>\n<p>Hvis du har porfyri, eller hvis du nylig har brukt alkohol, beroligende midler, tranquilizers eller andre narkotiske stoffer, b\u00f8r du ikke bruke Fioricet.<\/p>\n<p>Hvis du har tatt en MAO-hemmer i l\u00f8pet av de siste 14 dagene, m\u00e5 du ikke bruke Fioricet. Det kan v\u00e6re en risikabel medisininteraksjon. Isokarboksazid, linezolid, metylenbl\u00e5tt injeksjonsv\u00e6ske, fenelzin og tranylcypromin er eksempler p\u00e5 MAO-hemmere.<\/p>\n<p>Ikke ta mer Fioricet enn anbefalt. Overdoser med paracetamol kan skade leveren eller til og med f\u00f8re til d\u00f8d. Hvis du har noen av f\u00f8lgende symptomer: m\u00f8rk urin, leirfarget avf\u00f8ring, kvalme, ubehag i \u00f8vre del av magen, kl\u00f8e, manglende appetitt eller gulsott (gulfarging av hud eller \u00f8yne). Kontakt legen din bare \u00e9n gang. I sjeldne tilfeller kan paracetamol f\u00f8re til en alvorlig hudreaksjon. Hvis huden din blir r\u00f8d eller hvis du f\u00e5r et utslett som blir brennende og flassende, m\u00e5 du slutte \u00e5 ta Fioricet og kontakte legen din umiddelbart.<\/p>\n<p>Fioricet er en effektiv medisin for \u00e5 lindre spenningshodepine, som kombinerer paracetamol, butalbital og koffein for \u00e5 gi omfattende smertelindring og muskelavslapning. P\u00e5 grunn av potensielle bivirkninger og behovet for riktig dosering, b\u00f8r den brukes ansvarlig under tilsyn av helsepersonell. For trygg og p\u00e5litelig tilgang til Fioricet, b\u00f8r du vurdere \u00e5 kj\u00f8pe fra det beste apoteket. <a href=\"https:\/\/buy-prescriptionz.com\/nb\/\">buy-prescriptionz.com<\/a>F\u00f8lg alltid helsepersonellets veiledning og kontakt dem hvis du har sp\u00f8rsm\u00e5l eller bekymringer ang\u00e5ende bruken.<\/p>\n<h3>Advarsler<\/h3>\n<p>Hvis du har porfyri, eller hvis du nylig har brukt alkohol, beroligende midler, tranquilizers eller andre narkotiske stoffer, b\u00f8r du ikke bruke Fioricet.<\/p>\n<p>Hvis du har tatt en MAO-hemmer i l\u00f8pet av de siste 14 dagene, m\u00e5 du ikke bruke Fioricet. Det kan v\u00e6re en risikabel medisininteraksjon. Isokarboksazid, linezolid, metylenbl\u00e5tt injeksjonsv\u00e6ske, fenelzin og tranylcypromin er eksempler p\u00e5 MAO-hemmere.<\/p>\n<p>Ikke ta mer Fioricet enn anbefalt. Overdoser med paracetamol kan skade leveren eller til og med f\u00f8re til d\u00f8d. Hvis du har noen av f\u00f8lgende symptomer: m\u00f8rk urin, leirfarget avf\u00f8ring, kvalme, ubehag i \u00f8vre del av magen, kl\u00f8e, manglende appetitt eller gulsott (gulfarging av hud eller \u00f8yne). Kontakt legen din bare \u00e9n gang. I sjeldne tilfeller kan paracetamol f\u00f8re til en alvorlig hudreaksjon. Hvis huden din blir r\u00f8d eller hvis du f\u00e5r et utslett som blir brennende og flassende, m\u00e5 du slutte \u00e5 ta Fioricet og kontakte legen din umiddelbart.<\/p>\n<p>Fioricet er en effektiv medisin for \u00e5 lindre spenningshodepine, som kombinerer paracetamol, butalbital og koffein for \u00e5 gi omfattende smertelindring og muskelavslapning. P\u00e5 grunn av potensielle bivirkninger og behovet for riktig dosering, b\u00f8r den brukes ansvarlig under tilsyn av helsepersonell. For trygg og p\u00e5litelig tilgang til Fioricet, b\u00f8r du vurdere \u00e5 kj\u00f8pe fra det beste apoteket. <a href=\"https:\/\/buy-prescriptionz.com\/nb\/\">Buy-Prescriptionz.com<\/a>F\u00f8lg alltid helsepersonellets veiledning og kontakt dem hvis du har sp\u00f8rsm\u00e5l eller bekymringer ang\u00e5ende bruken.<\/p>","protected":false},"excerpt":{"rendered":"<p>Buy Fioricet Online Buy Fioricet (Butalbitol) Online, Patients who need a prescription for Fioricet now have the opportunity to buy fioricet online with credit card in USA. Being able to buy online Fioricet is much more convenient to the patient. The patient does not need a prior prescription for a physician to be able to [&hellip;]<\/p>","protected":false},"featured_media":3101,"comment_status":"open","ping_status":"closed","template":"","meta":{"site-sidebar-layout":"default","site-content-layout":"","ast-site-content-layout":"default","site-content-style":"default","site-sidebar-style":"default","ast-global-header-display":"","ast-banner-title-visibility":"","ast-main-header-display":"","ast-hfb-above-header-display":"","ast-hfb-below-header-display":"","ast-hfb-mobile-header-display":"","site-post-title":"","ast-breadcrumbs-content":"","ast-featured-img":"","footer-sml-layout":"","theme-transparent-header-meta":"default","adv-header-id-meta":"","stick-header-meta":"","header-above-stick-meta":"","header-main-stick-meta":"","header-below-stick-meta":"","astra-migrate-meta-layouts":"set","ast-page-background-enabled":"default","ast-page-background-meta":{"desktop":{"background-color":"var(--ast-global-color-4)","background-image":"","background-repeat":"repeat","background-position":"center center","background-size":"auto","background-attachment":"scroll","background-type":"","background-media":"","overlay-type":"","overlay-color":"","overlay-opacity":"","overlay-gradient":""},"tablet":{"background-color":"","background-image":"","background-repeat":"repeat","background-position":"center center","background-size":"auto","background-attachment":"scroll","background-type":"","background-media":"","overlay-type":"","overlay-color":"","overlay-opacity":"","overlay-gradient":""},"mobile":{"background-color":"","background-image":"","background-repeat":"repeat","background-position":"center center","background-size":"auto","background-attachment":"scroll","background-type":"","background-media":"","overlay-type":"","overlay-color":"","overlay-opacity":"","overlay-gradient":""}},"ast-content-background-meta":{"desktop":{"background-color":"var(--ast-global-color-5)","background-image":"","background-repeat":"repeat","background-position":"center center","background-size":"auto","background-attachment":"scroll","background-type":"","background-media":"","overlay-type":"","overlay-color":"","overlay-opacity":"","overlay-gradient":""},"tablet":{"background-color":"var(--ast-global-color-5)","background-image":"","background-repeat":"repeat","background-position":"center center","background-size":"auto","background-attachment":"scroll","background-type":"","background-media":"","overlay-type":"","overlay-color":"","overlay-opacity":"","overlay-gradient":""},"mobile":{"background-color":"var(--ast-global-color-5)","background-image":"","background-repeat":"repeat","background-position":"center center","background-size":"auto","background-attachment":"scroll","background-type":"","background-media":"","overlay-type":"","overlay-color":"","overlay-opacity":"","overlay-gradient":""}}},"product_brand":[],"product_cat":[2385],"product_tag":[1039,1040,1038,1033,1036,1035,1034,1037,1032,1031,1042,1041],"class_list":{"0":"post-3071","1":"product","2":"type-product","3":"status-publish","4":"has-post-thumbnail","6":"product_cat-buy-pain-killer-pills-online","7":"product_tag-buy-fioricet-butalbitol-in-canada","8":"product_tag-buy-fioricet-butalbitol-in-uk","9":"product_tag-buy-fioricet-butalbitol-in-usa","10":"product_tag-buy-fioricet-butalbitol-with-bitcoin","11":"product_tag-buy-fioricet-butalbitol-with-credit-card","12":"product_tag-buy-fioricet-butalbitol-with-money-gram","13":"product_tag-buy-fioricet-butalbitol-with-western-union","14":"product_tag-buy-fioricet-butalbitol-without-a-doctor","15":"product_tag-buy-fioricet-butalbitol-without-prescription","16":"product_tag-fioricet-butalbitol-for-sale","17":"product_tag-fioricet-butalbitol-pills","18":"product_tag-fioricet-butalbitol-tablets","19":"desktop-align-center","20":"tablet-align-left","21":"mobile-align-left","23":"first","24":"instock","25":"shipping-taxable","26":"purchasable","27":"product-type-variable","28":"has-default-attributes"},"yoast_head":"<!-- This site is optimized with the Yoast SEO plugin v25.9 - https:\/\/yoast.com\/wordpress\/plugins\/seo\/ -->\n<title>Buy Fioricet (Butalbitol) Online , Online USA - Fioricet for Sale<\/title>\n<meta name=\"description\" content=\"Buy Fioricet (Butalbitol) Online at best price without doctor&#039;s prescription. Buy Fioricet (Butalbitol) Online, buy-prescriptionz.com ,\" \/>\n<meta name=\"robots\" content=\"index, follow, max-snippet:-1, max-image-preview:large, max-video-preview:-1\" \/>\n<link rel=\"canonical\" href=\"https:\/\/buy-prescriptionz.com\/nb\/produkt\/kjop-fioricet-butalbitol-pa-nett\/\" \/>\n<meta property=\"og:locale\" content=\"nb_NO\" \/>\n<meta property=\"og:type\" content=\"article\" \/>\n<meta property=\"og:title\" content=\"Buy Fioricet (Butalbitol) Online , Online USA - Fioricet for Sale\" \/>\n<meta property=\"og:description\" content=\"Buy Fioricet (Butalbitol) Online at best price without doctor&#039;s prescription. Buy Fioricet (Butalbitol) Online, buy-prescriptionz.com ,\" \/>\n<meta property=\"og:url\" content=\"https:\/\/buy-prescriptionz.com\/nb\/produkt\/kjop-fioricet-butalbitol-pa-nett\/\" \/>\n<meta property=\"og:site_name\" content=\"Buy Prescriptionz\" \/>\n<meta property=\"article:modified_time\" content=\"2025-09-21T12:21:54+00:00\" \/>\n<meta property=\"og:image\" content=\"https:\/\/buy-prescriptionz.com\/wp-content\/uploads\/2025\/09\/fioricet-butalbitol.jpg\" \/>\n\t<meta property=\"og:image:width\" content=\"400\" \/>\n\t<meta property=\"og:image:height\" content=\"300\" \/>\n\t<meta property=\"og:image:type\" content=\"image\/jpeg\" \/>\n<meta name=\"twitter:card\" content=\"summary_large_image\" \/>\n<meta name=\"twitter:label1\" content=\"Ansl. lesetid\" \/>\n\t<meta name=\"twitter:data1\" content=\"5 minutter\" \/>\n<script type=\"application\/ld+json\" class=\"yoast-schema-graph\">{\"@context\":\"https:\/\/schema.org\",\"@graph\":[{\"@type\":\"WebPage\",\"@id\":\"https:\/\/buy-prescriptionz.com\/product\/buy-fioricet-butalbitol-online\/\",\"url\":\"https:\/\/buy-prescriptionz.com\/product\/buy-fioricet-butalbitol-online\/\",\"name\":\"Buy Fioricet (Butalbitol) Online , Online USA - Fioricet for Sale\",\"isPartOf\":{\"@id\":\"https:\/\/buy-prescriptionz.com\/#website\"},\"primaryImageOfPage\":{\"@id\":\"https:\/\/buy-prescriptionz.com\/product\/buy-fioricet-butalbitol-online\/#primaryimage\"},\"image\":{\"@id\":\"https:\/\/buy-prescriptionz.com\/product\/buy-fioricet-butalbitol-online\/#primaryimage\"},\"thumbnailUrl\":\"https:\/\/buy-prescriptionz.com\/wp-content\/uploads\/2025\/09\/fioricet-butalbitol.jpg\",\"datePublished\":\"2025-09-16T08:56:11+00:00\",\"dateModified\":\"2025-09-21T12:21:54+00:00\",\"description\":\"Buy Fioricet (Butalbitol) Online at best price without doctor's prescription. Buy Fioricet (Butalbitol) Online, buy-prescriptionz.com ,\",\"breadcrumb\":{\"@id\":\"https:\/\/buy-prescriptionz.com\/product\/buy-fioricet-butalbitol-online\/#breadcrumb\"},\"inLanguage\":\"nb-NO\",\"potentialAction\":[{\"@type\":\"ReadAction\",\"target\":[\"https:\/\/buy-prescriptionz.com\/product\/buy-fioricet-butalbitol-online\/\"]}]},{\"@type\":\"ImageObject\",\"inLanguage\":\"nb-NO\",\"@id\":\"https:\/\/buy-prescriptionz.com\/product\/buy-fioricet-butalbitol-online\/#primaryimage\",\"url\":\"https:\/\/buy-prescriptionz.com\/wp-content\/uploads\/2025\/09\/fioricet-butalbitol.jpg\",\"contentUrl\":\"https:\/\/buy-prescriptionz.com\/wp-content\/uploads\/2025\/09\/fioricet-butalbitol.jpg\",\"width\":400,\"height\":300},{\"@type\":\"BreadcrumbList\",\"@id\":\"https:\/\/buy-prescriptionz.com\/product\/buy-fioricet-butalbitol-online\/#breadcrumb\",\"itemListElement\":[{\"@type\":\"ListItem\",\"position\":1,\"name\":\"Home\",\"item\":\"https:\/\/buy-prescriptionz.com\/\"},{\"@type\":\"ListItem\",\"position\":2,\"name\":\"Shop Painkillers Online\",\"item\":\"https:\/\/buy-prescriptionz.com\/shop-painkillers-online\/\"},{\"@type\":\"ListItem\",\"position\":3,\"name\":\"Buy Fioricet (Butalbitol) Online\"}]},{\"@type\":\"WebSite\",\"@id\":\"https:\/\/buy-prescriptionz.com\/#website\",\"url\":\"https:\/\/buy-prescriptionz.com\/\",\"name\":\"Buy Prescriptionz\",\"description\":\"Drugs Online\",\"publisher\":{\"@id\":\"https:\/\/buy-prescriptionz.com\/#organization\"},\"potentialAction\":[{\"@type\":\"SearchAction\",\"target\":{\"@type\":\"EntryPoint\",\"urlTemplate\":\"https:\/\/buy-prescriptionz.com\/?s={search_term_string}\"},\"query-input\":{\"@type\":\"PropertyValueSpecification\",\"valueRequired\":true,\"valueName\":\"search_term_string\"}}],\"inLanguage\":\"nb-NO\"},{\"@type\":\"Organization\",\"@id\":\"https:\/\/buy-prescriptionz.com\/#organization\",\"name\":\"Buy Prescriptionz\",\"url\":\"https:\/\/buy-prescriptionz.com\/\",\"logo\":{\"@type\":\"ImageObject\",\"inLanguage\":\"nb-NO\",\"@id\":\"https:\/\/buy-prescriptionz.com\/#\/schema\/logo\/image\/\",\"url\":\"https:\/\/buy-prescriptionz.com\/wp-content\/uploads\/2023\/09\/logo.png\",\"contentUrl\":\"https:\/\/buy-prescriptionz.com\/wp-content\/uploads\/2023\/09\/logo.png\",\"width\":350,\"height\":64,\"caption\":\"Buy Prescriptionz\"},\"image\":{\"@id\":\"https:\/\/buy-prescriptionz.com\/#\/schema\/logo\/image\/\"}}]}<\/script>\n<!-- \/ Yoast SEO plugin. -->","yoast_head_json":{"title":"Kj\u00f8p Fioricet (Butalbitol) p\u00e5 nett, p\u00e5 nett i USA - Fioricet til salgs","description":"Buy Fioricet (Butalbitol) Online at best price without doctor's prescription. Buy Fioricet (Butalbitol) Online, buy-prescriptionz.com ,","robots":{"index":"index","follow":"follow","max-snippet":"max-snippet:-1","max-image-preview":"max-image-preview:large","max-video-preview":"max-video-preview:-1"},"canonical":"https:\/\/buy-prescriptionz.com\/nb\/produkt\/kjop-fioricet-butalbitol-pa-nett\/","og_locale":"nb_NO","og_type":"article","og_title":"Buy Fioricet (Butalbitol) Online , Online USA - Fioricet for Sale","og_description":"Buy Fioricet (Butalbitol) Online at best price without doctor's prescription. Buy Fioricet (Butalbitol) Online, buy-prescriptionz.com ,","og_url":"https:\/\/buy-prescriptionz.com\/nb\/produkt\/kjop-fioricet-butalbitol-pa-nett\/","og_site_name":"Buy Prescriptionz","article_modified_time":"2025-09-21T12:21:54+00:00","og_image":[{"width":400,"height":300,"url":"https:\/\/buy-prescriptionz.com\/wp-content\/uploads\/2025\/09\/fioricet-butalbitol.jpg","type":"image\/jpeg"}],"twitter_card":"summary_large_image","twitter_misc":{"Ansl. lesetid":"5 minutter"},"schema":{"@context":"https:\/\/schema.org","@graph":[{"@type":"WebPage","@id":"https:\/\/buy-prescriptionz.com\/product\/buy-fioricet-butalbitol-online\/","url":"https:\/\/buy-prescriptionz.com\/product\/buy-fioricet-butalbitol-online\/","name":"Kj\u00f8p Fioricet (Butalbitol) p\u00e5 nett, p\u00e5 nett i USA - Fioricet til salgs","isPartOf":{"@id":"https:\/\/buy-prescriptionz.com\/#website"},"primaryImageOfPage":{"@id":"https:\/\/buy-prescriptionz.com\/product\/buy-fioricet-butalbitol-online\/#primaryimage"},"image":{"@id":"https:\/\/buy-prescriptionz.com\/product\/buy-fioricet-butalbitol-online\/#primaryimage"},"thumbnailUrl":"https:\/\/buy-prescriptionz.com\/wp-content\/uploads\/2025\/09\/fioricet-butalbitol.jpg","datePublished":"2025-09-16T08:56:11+00:00","dateModified":"2025-09-21T12:21:54+00:00","description":"Buy Fioricet (Butalbitol) Online at best price without doctor's prescription. Buy Fioricet (Butalbitol) Online, buy-prescriptionz.com ,","breadcrumb":{"@id":"https:\/\/buy-prescriptionz.com\/product\/buy-fioricet-butalbitol-online\/#breadcrumb"},"inLanguage":"nb-NO","potentialAction":[{"@type":"ReadAction","target":["https:\/\/buy-prescriptionz.com\/product\/buy-fioricet-butalbitol-online\/"]}]},{"@type":"ImageObject","inLanguage":"nb-NO","@id":"https:\/\/buy-prescriptionz.com\/product\/buy-fioricet-butalbitol-online\/#primaryimage","url":"https:\/\/buy-prescriptionz.com\/wp-content\/uploads\/2025\/09\/fioricet-butalbitol.jpg","contentUrl":"https:\/\/buy-prescriptionz.com\/wp-content\/uploads\/2025\/09\/fioricet-butalbitol.jpg","width":400,"height":300},{"@type":"BreadcrumbList","@id":"https:\/\/buy-prescriptionz.com\/product\/buy-fioricet-butalbitol-online\/#breadcrumb","itemListElement":[{"@type":"ListItem","position":1,"name":"Home","item":"https:\/\/buy-prescriptionz.com\/"},{"@type":"ListItem","position":2,"name":"Shop Painkillers Online","item":"https:\/\/buy-prescriptionz.com\/shop-painkillers-online\/"},{"@type":"ListItem","position":3,"name":"Buy Fioricet (Butalbitol) Online"}]},{"@type":"WebSite","@id":"https:\/\/buy-prescriptionz.com\/#website","url":"https:\/\/buy-prescriptionz.com\/","name":"Buy Prescriptionz","description":"Drugs Online","publisher":{"@id":"https:\/\/buy-prescriptionz.com\/#organization"},"potentialAction":[{"@type":"SearchAction","target":{"@type":"EntryPoint","urlTemplate":"https:\/\/buy-prescriptionz.com\/?s={search_term_string}"},"query-input":{"@type":"PropertyValueSpecification","valueRequired":true,"valueName":"search_term_string"}}],"inLanguage":"nb-NO"},{"@type":"Organization","@id":"https:\/\/buy-prescriptionz.com\/#organization","name":"Buy Prescriptionz","url":"https:\/\/buy-prescriptionz.com\/","logo":{"@type":"ImageObject","inLanguage":"nb-NO","@id":"https:\/\/buy-prescriptionz.com\/#\/schema\/logo\/image\/","url":"https:\/\/buy-prescriptionz.com\/wp-content\/uploads\/2023\/09\/logo.png","contentUrl":"https:\/\/buy-prescriptionz.com\/wp-content\/uploads\/2023\/09\/logo.png","width":350,"height":64,"caption":"Buy Prescriptionz"},"image":{"@id":"https:\/\/buy-prescriptionz.com\/#\/schema\/logo\/image\/"}}]}},"_links":{"self":[{"href":"https:\/\/buy-prescriptionz.com\/nb\/wp-json\/wp\/v2\/product\/3071","targetHints":{"allow":["GET"]}}],"collection":[{"href":"https:\/\/buy-prescriptionz.com\/nb\/wp-json\/wp\/v2\/product"}],"about":[{"href":"https:\/\/buy-prescriptionz.com\/nb\/wp-json\/wp\/v2\/types\/product"}],"replies":[{"embeddable":true,"href":"https:\/\/buy-prescriptionz.com\/nb\/wp-json\/wp\/v2\/comments?post=3071"}],"wp:featuredmedia":[{"embeddable":true,"href":"https:\/\/buy-prescriptionz.com\/nb\/wp-json\/wp\/v2\/media\/3101"}],"wp:attachment":[{"href":"https:\/\/buy-prescriptionz.com\/nb\/wp-json\/wp\/v2\/media?parent=3071"}],"wp:term":[{"taxonomy":"product_brand","embeddable":true,"href":"https:\/\/buy-prescriptionz.com\/nb\/wp-json\/wp\/v2\/product_brand?post=3071"},{"taxonomy":"product_cat","embeddable":true,"href":"https:\/\/buy-prescriptionz.com\/nb\/wp-json\/wp\/v2\/product_cat?post=3071"},{"taxonomy":"product_tag","embeddable":true,"href":"https:\/\/buy-prescriptionz.com\/nb\/wp-json\/wp\/v2\/product_tag?post=3071"}],"curies":[{"name":"wp","href":"https:\/\/api.w.org\/{rel}","templated":true}]}}