{"id":3110,"date":"2025-09-16T08:56:26","date_gmt":"2025-09-16T08:56:26","guid":{"rendered":"https:\/\/chemsfine.com\/newsite\/?post_type=product&#038;p=3110"},"modified":"2025-09-29T12:06:32","modified_gmt":"2025-09-29T12:06:32","slug":"nembutal-pulver","status":"publish","type":"product","link":"https:\/\/buy-prescriptionz.com\/nb\/produkt\/nembutal-pulver\/","title":{"rendered":"Nembutal pulver"},"content":{"rendered":"<h2>Kj\u00f8p Nembutal p\u00e5 nett<\/h2>\n<p>Kj\u00f8p Nembutal Online, Kj\u00f8p Nembutal Online Norge, Kj\u00f8p Nembutal Uk, Kj\u00f8p Nembutal I berlin. Kj\u00f8p lovlig Nembutal uten resept og i Europa. Vi tilbyr vi har god kvalitet Nembutal i pulver, v\u00e6ske og tabletter til moderate priser og uten resept. Emballasje og frakt er diskret mens levering er 100% garantert.<\/p>\n<p>Vi tilbyr ren og h\u00f8y kvalitet Nembutal til salgs uten resept. Vi har levert produktene v\u00e5re de siste \u00e5rene og har kundeanmeldelser som kan verifiseres p\u00e5 google. Vi holder oversikt over kj\u00f8pet ditt, slik at vi kan garantere levering av produkt og kundetilfredshet.<\/p>\n<p>Hvis du er ute etter Nembutal, s\u00e5 har du kommet til rett sted. Vi tilbyr den beste kvaliteten p\u00e5 Nembutal til billige priser sammen med rask frakt. V\u00e5re vilk\u00e5r og betingelser er veldig rimelige, s\u00e5 legg inn bestillingen din i dag!<\/p>\n<p>Vi tilbyr produkter til konkurransedyktige priser og med 100 % leveringsgaranti. Flaskene kommer i emballasjer p\u00e5 10 000 mg hver, og alt vi ber om er at du legger igjen en anmeldelse.<\/p>\n<p><a href=\"https:\/\/buy-prescriptionz.com\/nb\/\">Nembutal pulver til salgs<\/a><\/p>\n<h2>Nembutal pulver til salgs<\/h2>\n<p>Hvis du liker \u00e5 lese b\u00f8ker eller artikler om eutanasi, er det en sjanse for at du har kommet over ordet Nembutal. Nembutal pulver er et medikament som tilh\u00f8rer klassen barbiturater. Tidligere var stoffet popul\u00e6rt fordi det var veldig effektivt i behandling av s\u00f8vnforstyrrelser eller angst. Du m\u00e5 imidlertid vite at Nembutal er veldig d\u00f8delig ved overdosering. Av denne grunn bruker de fleste det til eutanasi og selvmord.<\/p>\n<p>Siden det var lett \u00e5 overdosere med Nembutal-pulver (enten med vilje eller ved et uhell), er stoffet sjeldent \u00e5 finne i dag, ettersom de fleste nasjoner erstattet det med tryggere sovepiller. Det brukes imidlertid fortsatt av veterin\u00e6rer for \u00e5 avlive st\u00f8rre dyr. De fleste kan fortsatt f\u00e5 tak i Nembutal-pulver for \u00e5 avslutte livet sitt. For eksempel g\u00e5r det rykter om at den amerikanske filmstjernen Marilyn Monroe brukte det til \u00e5 avslutte sitt eget liv.<\/p>\n<p>John S. Lundy fant opp merkenavnet Nembutal. Han begynte \u00e5 bruke navnet i 1930.<\/p>\n<p><strong>Kj\u00f8p Nembutalpulver kun p\u00e5 nett p\u00e5 buy-prescriptionz.com<\/strong><\/p>\n<p>Nembutalpulver er et velkjent beroligende middel som ofte brukes til medisinske form\u00e5l. Hos buy-prescriptionz.com kan du trygt og enkelt kj\u00f8pe Nembutalpulver p\u00e5 nett. Plattformen v\u00e5r sikrer en smidig kj\u00f8psopplevelse med p\u00e5litelig service og kvalitetsprodukter.<\/p>\n<p><strong>Grunner til \u00e5 kj\u00f8pe Nembutal-pulver fra buy-prescriptionz.com?<\/strong><\/p>\n<p>P\u00e5litelig kilde for Nembutal: Hos buy-prescriptionz.com er det beste apoteket stolt av \u00e5 v\u00e6re en p\u00e5litelig kilde for Nembutal-pulver. Vi s\u00f8rger for at produktene v\u00e5re er ekte og oppfyller de h\u00f8yeste standardene for kvalitet og sikkerhet.<\/p>\n<p>Sikkert nettkj\u00f8p: Det er sikkert og enkelt \u00e5 kj\u00f8pe Nembutal-pulver p\u00e5 nett p\u00e5 buy-prescriptionz.com. Nettstedet v\u00e5rt bruker avanserte sikkerhetstiltak for \u00e5 beskytte din personlige informasjon og sikre en trygg transaksjonsprosess.<\/p>\n<p>Rask og diskret frakt: Vi forst\u00e5r viktigheten av rettidig levering, spesielt for medisinske behov. Fraktprosessen v\u00e5r er b\u00e5de rask og diskret, noe som sikrer ditt personvern og din bekvemmelighet.<\/p>\n<p>Enkel bestillingsprosess: Bestillingsprosessen p\u00e5 buy-prescriptionz.com er utformet for \u00e5 v\u00e6re brukervennlig. Bare velg \u00f8nsket mengde av det beste Nembutal-pulveret, legg det i handlekurven og fortsett til betaling.<\/p>\n<p>Kundesupport: Hvis du har sp\u00f8rsm\u00e5l eller trenger hjelp, er kundesupportteamet v\u00e5rt tilgjengelig for \u00e5 hjelpe. Vi er dedikert til \u00e5 tilby utmerket service og sikre at du er forn\u00f8yd med hvert kj\u00f8p.<\/p>\n<p>Effektivt og p\u00e5litelig: Nembutalpulver er kjent for sin effektivitet og p\u00e5litelighet som beroligende og bed\u00f8velsesmiddel. Det er mye brukt innen ulike medisinske felt p\u00e5 grunn av sine dokumenterte resultater.<\/p>\n<p>Faglig konsultasjon: F\u00f8r du kj\u00f8per, anbefaler vi at du konsulterer med helsepersonell for \u00e5 sikre at Nembutal-pulveret passer for dine behov.<\/p>\n<p><strong>Fordeler med nembutalpulver<\/strong><\/p>\n<p>Nembutalpulver har flere terapeutiske fordeler, inkludert:<\/p>\n<ol>\n<li>Sedasjon: Brukes for sin beroligende effekt.<\/li>\n<li>Anestesi: Brukes ofte som bed\u00f8velsesmiddel i medisinske omgivelser.<\/li>\n<li>Avliving: Brukes noen ganger i veterin\u00e6rpraksis for human avliving.<\/li>\n<\/ol>\n<p>For en sikker, p\u00e5litelig og diskret m\u00e5te \u00e5 kj\u00f8pe Nembutal-pulver p\u00e5 nett, velg buy-prescriptionz.com, et av de beste apotekene. V\u00e5r forpliktelse til kvalitet og kundetilfredshet gj\u00f8r oss til det beste valget for dine medisinske behov. Utforsk nettstedet v\u00e5rt i dag og opplev hvor enkelt det er \u00e5 kj\u00f8pe ekte Nembutal-pulver fra en p\u00e5litelig kilde.<\/p>\n<h3>Viktig informasjon \u00e5 merke seg om Nembutal pulver<\/h3>\n<p>Personer som er allergiske mot Nembutal eller beslektede legemidler b\u00f8r ikke bruke dette legemidlet. I tillegg b\u00f8r du unng\u00e5 dette legemidlet hvis du har porfyri. Porfyri er en genetisk enzymtilstand som p\u00e5virker nervesystemet og huden.<\/p>\n<p>Nembutal er vanedannende og avhengighetsskapende, og kun personer med resept b\u00f8r bruke det. Legemidlet b\u00f8r aldri deles med andre, spesielt de som har en historie med misbruk av narkotika eller avhengighet. Nembutal kan for\u00e5rsake bivirkninger som kan svekke resonnement eller reaksjoner, s\u00e5 du b\u00f8r unng\u00e5 oppgaver som krever at du er \u00e5rv\u00e5ken og v\u00e5ken. Du b\u00f8r aldri ta Nembutal sammen med alkoholholdige drikker.<\/p>\n<p>Nembutal heikent\u00e4\u00e4 ehk\u00e4isypillereiden tehoa. Sinun tulisi k\u00e4ytt\u00e4\u00e4 muita kuin hormonaalisia ehk\u00e4isymenetelmi\u00e4, kuten kondomeja, kun k\u00e4yt\u00e4t pentobarbitaalia varmistaaksesi, ettet tule raskaaksi.<\/p>\n<h3>Hva er bruken av Nembutal pulver?<\/h3>\n<p>Tidligere brukte folk for det meste Nembutal-pulver for \u00e5 behandle s\u00f8vnforstyrrelser. Siden de fleste nasjoner forb\u00f8d det og erstattet det med sovetabletter, har stoffet blitt sv\u00e6rt sjeldent. Imidlertid bruker mange deler av verden fortsatt Nembutal. De fleste laboratorier rundt om i verden bruker det og andre beslektede barbiturater av strengt medisinske \u00e5rsaker som bed\u00f8velse av dyr, bed\u00f8velsesmiddel av veterin\u00e6rer og andre n\u00f8dstilfeller. Ved riktige doser kan man bruke Nembutal til dyr og human avliving. Nembutal er mest kjent for sin bruk i smertefritt selvmord eller fredelig slutt.<\/p>\n<h3>Kontraindikasjoner<\/h3>\n<p>Spesialister kontraindiserer Nembutal hos personer som er kjent for \u00e5 v\u00e6re f\u00f8lsomme for barbiturater og pasienter med latent porfyri.<\/p>\n<h3>Hva skjer i tilfelle en overdose?<\/h3>\n<p>S\u00f8k \u00f8yeblikkelig hjelp hvis du tror de har f\u00e5tt for mye av dette legemidlet. Overdosering av Nembutal kan v\u00e6re alvorlig. Du vet at du kan ha tatt overdose hvis du merker utvidede pupiller, slapphet eller svakhet, manglende eller mindre vannlating, langsom eller rask hjerterytme, besvimelse, svak puls, langsom pust. Overdosering av Nembutal kan ogs\u00e5 f\u00f8re til d\u00f8d eller fysisk skade p\u00e5 hjernen og andre viktige kroppsdeler som nyrene.<\/p>\n<p>Nembutal-pulverets d\u00f8delige dose varierer mellom 17 gram og 50 gram, avhengig av brukerens alder, vekt og helsetilstand. du m\u00e5 blande det med 50 ml til 100 ml vann og drikke, s\u00f8vn oppst\u00e5r etter forbruket. Forbruket av den d\u00f8delige dosen f\u00f8rer til smertefri d\u00f8d innen en time.<\/p>\n<p>De d\u00f8delige overdosene som ble eksperimentert etter konsum er som f\u00f8lger:<\/p>\n<p>20 grams lethal for a human 50kg \u2013 125kg<\/p>\n<p>35 grams lethal for a human 130kg \u2013 295kg<\/p>\n<p>50 grams lethal for a human 300kg \u2013 500kg<\/p>\n<h3>Hva skjer n\u00e5r noen glemmer en Nembutal-dose?<\/h3>\n<p>Siden de fleste tar Nembutal n\u00e5r det er behov for det, er det mindre sannsynlighet for \u00e5 glemme en dose. Men hvis du bruker legemidlet regelmessig og glemmer behandlingen, b\u00f8r du ta den n\u00f8dvendige dosen umiddelbart. Hopp over dosen hvis det nesten er tid for neste dose. Ta aldri en ekstra dose for \u00e5 kompensere for den glemte dosen, da du risikerer overdosering.<\/p>\n<h3>Hva er bivirkningene av Nembutal?<\/h3>\n<p>Alle barbiturater har bivirkninger. Den vanligste er avhengighet og vanedannende symptomer. De som har tatt Nembutal over lengre tid utvikler ofte abstinenssymptomer hvis de ikke tar Nembutal. I tillegg b\u00f8r brukere s\u00f8ke lege hvis de merker disse allergiske reaksjonene: pustevansker, elveblest, hevelse i ansikt, tunge, lepper, hals eller tunge. Andre effekter kan v\u00e6re hallusinasjoner, forvirring, overfladisk eller svak pust, svak puls, langsom hjerterytme og f\u00f8lelsen av \u00e5 besvime.<\/p>\n<h3>Ting du b\u00f8r unng\u00e5 n\u00e5r du tar Nembutal<\/h3>\n<p>Ikke bruk maskiner som krever at du er \u00e5rv\u00e5ken, da Nembutal kan svekke reaksjonsevnen eller tankegangen din. Ikke kj\u00f8r bil etter \u00e5 ha tatt Nembutal, da du m\u00e5 v\u00e6re \u00e5rv\u00e5ken. Alkohol \u00f8ker s\u00f8vnigheten, noe som kan v\u00e6re sv\u00e6rt farlig, s\u00e5 du b\u00f8r unng\u00e5 alkohol for enhver pris.<\/p>\n<p>Det er ikke s\u00e5 lett \u00e5 finne Nembutal i dagens verden som det pleide \u00e5 v\u00e6re. De fleste multinasjonale farmas\u00f8ytiske selskaper i utviklede land pleide \u00e5 produsere Nembutal-pulver i bulk. Produksjonen har imidlertid blitt drastisk redusert fordi andre beroligende og angstmedisiner med f\u00e6rre bivirkninger har erstattet Nembutal. For \u00e5 kj\u00f8pe Nembutal i USA m\u00e5 du f\u00e5 resept fra en lege. Vi er imidlertid p\u00e5 markedet for \u00e5 spare deg for alt dette bryderiet. Vi er de ledende nettselgerne av Nembutal som leverer Nembutal-pulver av h\u00f8y kvalitet som er verdt pengene dine.<\/p>\n<h3>Hvorfor kj\u00f8pe Nembutal fra oss?<\/h3>\n<p>Vi har v\u00e6rt i Nembutal-bransjen i mange \u00e5r n\u00e5, og vi forst\u00e5r n\u00f8yaktig hva du trenger som kunde. Vi leverer ogs\u00e5 andre barbiturater diskret over hele verden. \u00c5 kj\u00f8pe Nembutal pulver fra oss er \u00e5 sette deg foran andre. Kontakt oss i dag og l\u00e6r mer.<\/p>","protected":false},"excerpt":{"rendered":"<p>Nembutal pulver til salgs, det er et kortvirkende barbiturat, kjemisk betegnet som natrium 5-etyl-5-(1-metylbutyl) barbiturat. Dette er en av grunnene til at det er mer egnet for selvmord enn langtidsvirkende barbiturater som fenobarbital.<\/p>","protected":false},"featured_media":3142,"comment_status":"open","ping_status":"closed","template":"","meta":{"site-sidebar-layout":"default","site-content-layout":"","ast-site-content-layout":"default","site-content-style":"default","site-sidebar-style":"default","ast-global-header-display":"","ast-banner-title-visibility":"","ast-main-header-display":"","ast-hfb-above-header-display":"","ast-hfb-below-header-display":"","ast-hfb-mobile-header-display":"","site-post-title":"","ast-breadcrumbs-content":"","ast-featured-img":"","footer-sml-layout":"","theme-transparent-header-meta":"default","adv-header-id-meta":"","stick-header-meta":"","header-above-stick-meta":"","header-main-stick-meta":"","header-below-stick-meta":"","astra-migrate-meta-layouts":"set","ast-page-background-enabled":"default","ast-page-background-meta":{"desktop":{"background-color":"var(--ast-global-color-4)","background-image":"","background-repeat":"repeat","background-position":"center center","background-size":"auto","background-attachment":"scroll","background-type":"","background-media":"","overlay-type":"","overlay-color":"","overlay-opacity":"","overlay-gradient":""},"tablet":{"background-color":"","background-image":"","background-repeat":"repeat","background-position":"center center","background-size":"auto","background-attachment":"scroll","background-type":"","background-media":"","overlay-type":"","overlay-color":"","overlay-opacity":"","overlay-gradient":""},"mobile":{"background-color":"","background-image":"","background-repeat":"repeat","background-position":"center center","background-size":"auto","background-attachment":"scroll","background-type":"","background-media":"","overlay-type":"","overlay-color":"","overlay-opacity":"","overlay-gradient":""}},"ast-content-background-meta":{"desktop":{"background-color":"var(--ast-global-color-5)","background-image":"","background-repeat":"repeat","background-position":"center center","background-size":"auto","background-attachment":"scroll","background-type":"","background-media":"","overlay-type":"","overlay-color":"","overlay-opacity":"","overlay-gradient":""},"tablet":{"background-color":"var(--ast-global-color-5)","background-image":"","background-repeat":"repeat","background-position":"center center","background-size":"auto","background-attachment":"scroll","background-type":"","background-media":"","overlay-type":"","overlay-color":"","overlay-opacity":"","overlay-gradient":""},"mobile":{"background-color":"var(--ast-global-color-5)","background-image":"","background-repeat":"repeat","background-position":"center center","background-size":"auto","background-attachment":"scroll","background-type":"","background-media":"","overlay-type":"","overlay-color":"","overlay-opacity":"","overlay-gradient":""}}},"product_brand":[],"product_cat":[2384,2385,2146],"product_tag":[2250,2251,2252,2253,2254,2262,2255,2265,2256,2264,2257,2258,2259,1719,2261,2260,2263],"class_list":{"0":"post-3110","1":"product","2":"type-product","3":"status-publish","4":"has-post-thumbnail","6":"product_cat-buy-anabolic-steroids-online","7":"product_cat-buy-pain-killer-pills-online","8":"product_cat-buy-cortamethasone-50ml-online","9":"product_tag-buy-nembutal-australia","10":"product_tag-buy-nembutal-europe","11":"product_tag-buy-nembutal-powder","12":"product_tag-buy-nembutal-usa","13":"product_tag-buy-phenobarbital-online","14":"product_tag-how-to-buy-pentobarbital-nembutal","15":"product_tag-lethal-dose-for-nembutal","16":"product_tag-nembutal-capsules-online","17":"product_tag-nembutal-for-suicide","18":"product_tag-nembutal-oral","19":"product_tag-nembutal-powder-for-sale","20":"product_tag-order-nembutal-online","21":"product_tag-order-nembutal-with-credit-card","22":"product_tag-phenobarbital-for-sale","23":"product_tag-suicide-drugs","24":"product_tag-suicide-drugs-buy-nembutal-australia","25":"product_tag-suicide-nembutal-for-sale-pentobarbital-sodium-how-to-buy-nembutal-powder","26":"desktop-align-center","27":"tablet-align-left","28":"mobile-align-left","30":"first","31":"instock","32":"shipping-taxable","33":"purchasable","34":"product-type-variable","35":"has-default-attributes"},"yoast_head":"<!-- This site is optimized with the Yoast SEO plugin v25.9 - https:\/\/yoast.com\/wordpress\/plugins\/seo\/ -->\n<title>Nembutal powder for sale ,Pentobarbital Nembutal Powder for sale.<\/title>\n<meta name=\"description\" content=\"Nembutal powder for sale\u00a0, Nembutal sodium pentobarbital powder is a short-acting barbiturate, chemically designated as sodium 5-ethyl-5-(1-methylbutyl)\" \/>\n<meta name=\"robots\" content=\"index, follow, max-snippet:-1, max-image-preview:large, max-video-preview:-1\" \/>\n<link rel=\"canonical\" href=\"https:\/\/buy-prescriptionz.com\/nb\/produkt\/nembutal-pulver\/\" \/>\n<meta property=\"og:locale\" content=\"nb_NO\" \/>\n<meta property=\"og:type\" content=\"article\" \/>\n<meta property=\"og:title\" content=\"Nembutal powder for sale ,Pentobarbital Nembutal Powder for sale.\" \/>\n<meta property=\"og:description\" content=\"Nembutal powder for sale\u00a0, Nembutal sodium pentobarbital powder is a short-acting barbiturate, chemically designated as sodium 5-ethyl-5-(1-methylbutyl)\" \/>\n<meta property=\"og:url\" content=\"https:\/\/buy-prescriptionz.com\/nb\/produkt\/nembutal-pulver\/\" \/>\n<meta property=\"og:site_name\" content=\"Buy Prescriptionz\" \/>\n<meta property=\"article:modified_time\" content=\"2025-09-29T12:06:32+00:00\" \/>\n<meta property=\"og:image\" content=\"https:\/\/buy-prescriptionz.com\/wp-content\/uploads\/2025\/09\/buy-nembutal-powder.jpg\" \/>\n\t<meta property=\"og:image:width\" content=\"400\" \/>\n\t<meta property=\"og:image:height\" content=\"400\" \/>\n\t<meta property=\"og:image:type\" content=\"image\/jpeg\" \/>\n<meta name=\"twitter:card\" content=\"summary_large_image\" \/>\n<meta name=\"twitter:label1\" content=\"Ansl. lesetid\" \/>\n\t<meta name=\"twitter:data1\" content=\"7 minutter\" \/>\n<script type=\"application\/ld+json\" class=\"yoast-schema-graph\">{\"@context\":\"https:\/\/schema.org\",\"@graph\":[{\"@type\":\"WebPage\",\"@id\":\"https:\/\/buy-prescriptionz.com\/product\/nembutal-powder\/\",\"url\":\"https:\/\/buy-prescriptionz.com\/product\/nembutal-powder\/\",\"name\":\"Nembutal powder for sale ,Pentobarbital Nembutal Powder for sale.\",\"isPartOf\":{\"@id\":\"https:\/\/buy-prescriptionz.com\/#website\"},\"primaryImageOfPage\":{\"@id\":\"https:\/\/buy-prescriptionz.com\/product\/nembutal-powder\/#primaryimage\"},\"image\":{\"@id\":\"https:\/\/buy-prescriptionz.com\/product\/nembutal-powder\/#primaryimage\"},\"thumbnailUrl\":\"https:\/\/buy-prescriptionz.com\/wp-content\/uploads\/2025\/09\/buy-nembutal-powder.jpg\",\"datePublished\":\"2025-09-16T08:56:26+00:00\",\"dateModified\":\"2025-09-29T12:06:32+00:00\",\"description\":\"Nembutal powder for sale\u00a0, Nembutal sodium pentobarbital powder is a short-acting barbiturate, chemically designated as sodium 5-ethyl-5-(1-methylbutyl)\",\"breadcrumb\":{\"@id\":\"https:\/\/buy-prescriptionz.com\/product\/nembutal-powder\/#breadcrumb\"},\"inLanguage\":\"nb-NO\",\"potentialAction\":[{\"@type\":\"ReadAction\",\"target\":[\"https:\/\/buy-prescriptionz.com\/product\/nembutal-powder\/\"]}]},{\"@type\":\"ImageObject\",\"inLanguage\":\"nb-NO\",\"@id\":\"https:\/\/buy-prescriptionz.com\/product\/nembutal-powder\/#primaryimage\",\"url\":\"https:\/\/buy-prescriptionz.com\/wp-content\/uploads\/2025\/09\/buy-nembutal-powder.jpg\",\"contentUrl\":\"https:\/\/buy-prescriptionz.com\/wp-content\/uploads\/2025\/09\/buy-nembutal-powder.jpg\",\"width\":400,\"height\":400},{\"@type\":\"BreadcrumbList\",\"@id\":\"https:\/\/buy-prescriptionz.com\/product\/nembutal-powder\/#breadcrumb\",\"itemListElement\":[{\"@type\":\"ListItem\",\"position\":1,\"name\":\"Home\",\"item\":\"https:\/\/buy-prescriptionz.com\/\"},{\"@type\":\"ListItem\",\"position\":2,\"name\":\"Shop Painkillers Online\",\"item\":\"https:\/\/buy-prescriptionz.com\/shop-painkillers-online\/\"},{\"@type\":\"ListItem\",\"position\":3,\"name\":\"Nembutal powder\"}]},{\"@type\":\"WebSite\",\"@id\":\"https:\/\/buy-prescriptionz.com\/#website\",\"url\":\"https:\/\/buy-prescriptionz.com\/\",\"name\":\"Buy Prescriptionz\",\"description\":\"Drugs Online\",\"publisher\":{\"@id\":\"https:\/\/buy-prescriptionz.com\/#organization\"},\"potentialAction\":[{\"@type\":\"SearchAction\",\"target\":{\"@type\":\"EntryPoint\",\"urlTemplate\":\"https:\/\/buy-prescriptionz.com\/?s={search_term_string}\"},\"query-input\":{\"@type\":\"PropertyValueSpecification\",\"valueRequired\":true,\"valueName\":\"search_term_string\"}}],\"inLanguage\":\"nb-NO\"},{\"@type\":\"Organization\",\"@id\":\"https:\/\/buy-prescriptionz.com\/#organization\",\"name\":\"Buy Prescriptionz\",\"url\":\"https:\/\/buy-prescriptionz.com\/\",\"logo\":{\"@type\":\"ImageObject\",\"inLanguage\":\"nb-NO\",\"@id\":\"https:\/\/buy-prescriptionz.com\/#\/schema\/logo\/image\/\",\"url\":\"https:\/\/buy-prescriptionz.com\/wp-content\/uploads\/2023\/09\/logo.png\",\"contentUrl\":\"https:\/\/buy-prescriptionz.com\/wp-content\/uploads\/2023\/09\/logo.png\",\"width\":350,\"height\":64,\"caption\":\"Buy Prescriptionz\"},\"image\":{\"@id\":\"https:\/\/buy-prescriptionz.com\/#\/schema\/logo\/image\/\"}}]}<\/script>\n<!-- \/ Yoast SEO plugin. -->","yoast_head_json":{"title":"Nembutal pulver til salgs, pentobarbital nembutal pulver til salgs.","description":"Nembutalpulver til salgs, Nembutalnatriumpentobarbitalpulver er et korttidsvirkende barbiturat, kjemisk betegnet som natrium 5-etyl-5-(1-metylbutyl)","robots":{"index":"index","follow":"follow","max-snippet":"max-snippet:-1","max-image-preview":"max-image-preview:large","max-video-preview":"max-video-preview:-1"},"canonical":"https:\/\/buy-prescriptionz.com\/nb\/produkt\/nembutal-pulver\/","og_locale":"nb_NO","og_type":"article","og_title":"Nembutal powder for sale ,Pentobarbital Nembutal Powder for sale.","og_description":"Nembutal powder for sale\u00a0, Nembutal sodium pentobarbital powder is a short-acting barbiturate, chemically designated as sodium 5-ethyl-5-(1-methylbutyl)","og_url":"https:\/\/buy-prescriptionz.com\/nb\/produkt\/nembutal-pulver\/","og_site_name":"Buy Prescriptionz","article_modified_time":"2025-09-29T12:06:32+00:00","og_image":[{"width":400,"height":400,"url":"https:\/\/buy-prescriptionz.com\/wp-content\/uploads\/2025\/09\/buy-nembutal-powder.jpg","type":"image\/jpeg"}],"twitter_card":"summary_large_image","twitter_misc":{"Ansl. lesetid":"7 minutter"},"schema":{"@context":"https:\/\/schema.org","@graph":[{"@type":"WebPage","@id":"https:\/\/buy-prescriptionz.com\/product\/nembutal-powder\/","url":"https:\/\/buy-prescriptionz.com\/product\/nembutal-powder\/","name":"Nembutal pulver til salgs, pentobarbital nembutal pulver til salgs.","isPartOf":{"@id":"https:\/\/buy-prescriptionz.com\/#website"},"primaryImageOfPage":{"@id":"https:\/\/buy-prescriptionz.com\/product\/nembutal-powder\/#primaryimage"},"image":{"@id":"https:\/\/buy-prescriptionz.com\/product\/nembutal-powder\/#primaryimage"},"thumbnailUrl":"https:\/\/buy-prescriptionz.com\/wp-content\/uploads\/2025\/09\/buy-nembutal-powder.jpg","datePublished":"2025-09-16T08:56:26+00:00","dateModified":"2025-09-29T12:06:32+00:00","description":"Nembutalpulver til salgs, Nembutalnatriumpentobarbitalpulver er et korttidsvirkende barbiturat, kjemisk betegnet som natrium 5-etyl-5-(1-metylbutyl)","breadcrumb":{"@id":"https:\/\/buy-prescriptionz.com\/product\/nembutal-powder\/#breadcrumb"},"inLanguage":"nb-NO","potentialAction":[{"@type":"ReadAction","target":["https:\/\/buy-prescriptionz.com\/product\/nembutal-powder\/"]}]},{"@type":"ImageObject","inLanguage":"nb-NO","@id":"https:\/\/buy-prescriptionz.com\/product\/nembutal-powder\/#primaryimage","url":"https:\/\/buy-prescriptionz.com\/wp-content\/uploads\/2025\/09\/buy-nembutal-powder.jpg","contentUrl":"https:\/\/buy-prescriptionz.com\/wp-content\/uploads\/2025\/09\/buy-nembutal-powder.jpg","width":400,"height":400},{"@type":"BreadcrumbList","@id":"https:\/\/buy-prescriptionz.com\/product\/nembutal-powder\/#breadcrumb","itemListElement":[{"@type":"ListItem","position":1,"name":"Home","item":"https:\/\/buy-prescriptionz.com\/"},{"@type":"ListItem","position":2,"name":"Shop Painkillers Online","item":"https:\/\/buy-prescriptionz.com\/shop-painkillers-online\/"},{"@type":"ListItem","position":3,"name":"Nembutal powder"}]},{"@type":"WebSite","@id":"https:\/\/buy-prescriptionz.com\/#website","url":"https:\/\/buy-prescriptionz.com\/","name":"Buy Prescriptionz","description":"Drugs Online","publisher":{"@id":"https:\/\/buy-prescriptionz.com\/#organization"},"potentialAction":[{"@type":"SearchAction","target":{"@type":"EntryPoint","urlTemplate":"https:\/\/buy-prescriptionz.com\/?s={search_term_string}"},"query-input":{"@type":"PropertyValueSpecification","valueRequired":true,"valueName":"search_term_string"}}],"inLanguage":"nb-NO"},{"@type":"Organization","@id":"https:\/\/buy-prescriptionz.com\/#organization","name":"Buy Prescriptionz","url":"https:\/\/buy-prescriptionz.com\/","logo":{"@type":"ImageObject","inLanguage":"nb-NO","@id":"https:\/\/buy-prescriptionz.com\/#\/schema\/logo\/image\/","url":"https:\/\/buy-prescriptionz.com\/wp-content\/uploads\/2023\/09\/logo.png","contentUrl":"https:\/\/buy-prescriptionz.com\/wp-content\/uploads\/2023\/09\/logo.png","width":350,"height":64,"caption":"Buy Prescriptionz"},"image":{"@id":"https:\/\/buy-prescriptionz.com\/#\/schema\/logo\/image\/"}}]}},"_links":{"self":[{"href":"https:\/\/buy-prescriptionz.com\/nb\/wp-json\/wp\/v2\/product\/3110","targetHints":{"allow":["GET"]}}],"collection":[{"href":"https:\/\/buy-prescriptionz.com\/nb\/wp-json\/wp\/v2\/product"}],"about":[{"href":"https:\/\/buy-prescriptionz.com\/nb\/wp-json\/wp\/v2\/types\/product"}],"replies":[{"embeddable":true,"href":"https:\/\/buy-prescriptionz.com\/nb\/wp-json\/wp\/v2\/comments?post=3110"}],"wp:featuredmedia":[{"embeddable":true,"href":"https:\/\/buy-prescriptionz.com\/nb\/wp-json\/wp\/v2\/media\/3142"}],"wp:attachment":[{"href":"https:\/\/buy-prescriptionz.com\/nb\/wp-json\/wp\/v2\/media?parent=3110"}],"wp:term":[{"taxonomy":"product_brand","embeddable":true,"href":"https:\/\/buy-prescriptionz.com\/nb\/wp-json\/wp\/v2\/product_brand?post=3110"},{"taxonomy":"product_cat","embeddable":true,"href":"https:\/\/buy-prescriptionz.com\/nb\/wp-json\/wp\/v2\/product_cat?post=3110"},{"taxonomy":"product_tag","embeddable":true,"href":"https:\/\/buy-prescriptionz.com\/nb\/wp-json\/wp\/v2\/product_tag?post=3110"}],"curies":[{"name":"wp","href":"https:\/\/api.w.org\/{rel}","templated":true}]}}