{"id":2992,"date":"2025-09-16T08:55:52","date_gmt":"2025-09-16T08:55:52","guid":{"rendered":"https:\/\/chemsfine.com\/newsite\/?post_type=product&#038;p=2992"},"modified":"2025-09-30T12:37:28","modified_gmt":"2025-09-30T12:37:28","slug":"koop-suboxone-online","status":"publish","type":"product","link":"https:\/\/buy-prescriptionz.com\/nl\/product\/koop-suboxone-online\/","title":{"rendered":"Koop Suboxone Online"},"content":{"rendered":"<h2>Suboxone online kopen<\/h2>\n<p>Buprenorfine\/naloxon, verkocht onder de merknaam Suboxone, is een geneesmiddel dat een mix is \u200b\u200bvan buprenorfine en naloxon. Suboxone is te koop voor de behandeling van drugsverslaving. Het vermindert de ontwenningsverschijnselen gedurende ongeveer 24 uur. Koop Suboxone voor gebruik in twee unieke structuren: onder de tong of in de wang.<\/p>\n<h3>Hoe Suboxone online te kopen op buy-prescriptionz.com<\/h3>\n<p>Suboxone online voor symptomen kan ademhalingsproblemen, vermoeidheid en een lage bloeddruk veroorzaken. De stof naloxon is een narcotische bestrijder die de werking van andere narcotica, waaronder buprenorfine, evenaart en blokkeert. Naloxon blijft behouden bij orale inname en wordt toegevoegd om de problemen te verminderen die mensen ervaren bij injecties met het medicijn. Buprenorfine\/naloxon is bedoeld voor de behandeling van narcotische aandoeningen. De resultaten op de lange termijn zijn over het algemeen beter bij het gebruik van buprenorfine\/naloxon dan bij het gebruik van narcotica in zijn geheel. Weet u waar u Suboxone online kunt kopen? De combinatie van beide medicijnen heeft de voorkeur boven buprenorfine alleen voor ondersteunende behandeling vanwege de naloxon in de definitie, die helpt bij het verlichten van misbruik, met name bij intraveneus gebruik.<\/p>\n<h3>Koop Suboxone voor een goedkope prijs van 8 mg, 4 mg of 2 mg<\/h3>\n<p>Koop Suboxone met discrete verpakking voor de behandeling van drugsverslaving en fungeert als een voorgeschreven eerstelijnsmedicijn volgens het Amerikaanse National Institute on Drug Abuse via een snelle en veilige verzendservice op buy-prescriptionz.com. Het medicijn is een krachtige onderhoudsbehandeling voor drugsverslaving en heeft over het algemeen een vergelijkbare effectiviteit als methadon, wat effectiever is dan andere middelentherapie\u00ebn.<\/p>\n<h3>Suboxone kopen zonder recept: medische toepassingen<\/h3>\n<p>Koop Suboxone zonder arts, omdat het gepaard gaat met meer risico's bij deze machteloze drugsverslaving. Bestel Suboxone online voor sociaal stabiele drugsgebruikers die geen recepten van een arts kunnen krijgen. Het is geschikt voor mensen met een andere aandoening die regelmatige controles vereist, met een snelle en veilige bezorgservice op buy-prescriptionz.com. Koop Suboxone online in plaats van methadon met een hoog risico op methadonsterfte, bijvoorbeeld ouderen, mensen die hoge doseringen benzodiazepinen of andere kalmerende middelen gebruiken, en mensen met een hoog risico op een vertraagd QT-interval.<\/p>\n<p>Voordat we ingaan op de voordelen van het online kopen van Suboxone, is het essentieel om te begrijpen wat Suboxone is en hoe het werkt. De beste Suboxone is een combinatiemedicijn dat buprenorfine en naloxon bevat. Buprenorfine is een parti\u00eble opio\u00efde-agonist, wat betekent dat het de opio\u00efde-receptoren in de hersenen activeert, maar in mindere mate dan volledige opio\u00efde-agonisten zoals hero\u00efne of morfine. Naloxon wordt toegevoegd om misbruik van het medicijn te voorkomen, omdat het de effecten van opio\u00efden kan blokkeren en ontwenningsverschijnselen kan veroorzaken bij onjuist gebruik. Suboxone wordt vaak gebruikt in programma's voor medicatieondersteunde behandeling (MAT) om mensen te helpen hun opio\u00efdengebruik te verminderen of te stoppen. Het kan helpen bij het beheersen van ontwenningsverschijnselen en hunkering, waardoor mensen zich kunnen concentreren op hun herstel zonder de intense fysiologische effecten van opio\u00efdontwenning.<\/p>\n<h3>Behandeling van opio\u00efdenverslaving<\/h3>\n<p>Een van de belangrijkste toepassingen van Suboxone is de behandeling van opio\u00efdenverslaving. Opio\u00efdenverslaving is een ernstig en wijdverbreid probleem dat verwoestende gevolgen kan hebben voor iemands gezondheid, relaties en algehele kwaliteit van leven. Suboxone werkt door ontwenningsverschijnselen en hunkering te verminderen, waardoor mensen gemakkelijker van hun verslaving af kunnen komen en zich kunnen richten op hun herstel.<\/p>\n<h3>Hoe helpt Suboxone?<\/h3>\n<p>Bij gebruik zoals voorgeschreven kan Suboxone mensen helpen om geleidelijk af te bouwen van opio\u00efden en nuchter te worden. Omdat buprenorfine een parti\u00eble agonist is, is de kans op misbruik en afhankelijkheid kleiner dan bij volledige opio\u00efdagonisten. Dit maakt het een veiliger alternatief voor mensen die worstelen met opio\u00efdenverslaving en mogelijk risico lopen op terugval.<\/p>\n<h2>Pijnmanagement<\/h2>\n<p>Naast de behandeling van opio\u00efdverslaving kan Suboxone ook worden gebruikt voor pijnbestrijding. Buprenorfine, het belangrijkste actieve ingredi\u00ebnt in Suboxone, is een krachtige pijnstiller die effectief kan zijn bij zowel acute als chronische pijn. Het wordt vaak gebruikt als alternatief voor traditionele opio\u00efden zoals morfine of oxycodon, met name voor mensen met een risico op verslaving of overdosis.<\/p>\n<h3>Voordelen van Suboxone voor pijnbestrijding<\/h3>\n<p>Een van de belangrijkste voordelen van het gebruik van Suboxone voor pijnbestrijding is het lagere risico op misbruik en afhankelijkheid. Omdat buprenorfine een parti\u00eble agonist is, heeft het een plafondeffect, wat betekent dat het innemen van meer van het medicijn niet tot een sterker effect zal leiden. Dit kan de kans op overdosering en andere ernstige bijwerkingen van traditionele opio\u00efden helpen verminderen.<\/p>\n<h3>Behandeling van dubbele diagnose<\/h3>\n<p>Suboxone wordt ook gebruikt in behandelprogramma's voor mensen met een dubbele diagnose die gelijktijdig een opio\u00efdverslaving en psychische stoornissen hebben. Veel mensen die worstelen met een verslaving hebben ook onderliggende psychische problemen, zoals depressie, angst of een bipolaire stoornis. Suboxone kan helpen hun stemming te stabiliseren en hun algehele geestelijke gezondheid te verbeteren, waardoor therapie en andere behandelingen gemakkelijker worden.<\/p>\n<h3>\u00a0Waarom kiezen voor buy-prescriptionz.com?<\/h3>\n<p>Voor wie overweegt om Suboxone online te kopen, is buy-prescriptionz.com een \u200b\u200bgerenommeerde en de beste apotheek. Met een gebruiksvriendelijke website, veilige betaalmogelijkheden en discrete verpakking, geeft buy-prescriptionz.com prioriteit aan klanttevredenheid en veiligheid. Door te kiezen voor buy-prescriptionz.com, krijgen mensen toegang tot hoogwaardige Suboxone tegen concurrerende prijzen. Het gemak van online bestellen, gecombineerd met de voordelen van privacy en kostenbesparing, maakt buy-prescriptionz.com een \u200b\u200buitstekende keuze voor wie Suboxone online zoekt.<\/p>","protected":false},"excerpt":{"rendered":"<p>Buy Suboxone online Buprenorphine\/naloxone, sold under the brand name Suboxone, is a medicine that is a blend of buprenorphine and naloxone. Suboxone for sale is to treat drug dependence disorder. It diminishes withdrawal side effects for around 24 hours. Buy Suboxone for use in two unique structures, under the tongue or in the cheek. How [&hellip;]<\/p>","protected":false},"featured_media":3022,"comment_status":"open","ping_status":"closed","template":"","meta":{"site-sidebar-layout":"default","site-content-layout":"","ast-site-content-layout":"default","site-content-style":"default","site-sidebar-style":"default","ast-global-header-display":"","ast-banner-title-visibility":"","ast-main-header-display":"","ast-hfb-above-header-display":"","ast-hfb-below-header-display":"","ast-hfb-mobile-header-display":"","site-post-title":"","ast-breadcrumbs-content":"","ast-featured-img":"","footer-sml-layout":"","theme-transparent-header-meta":"default","adv-header-id-meta":"","stick-header-meta":"","header-above-stick-meta":"","header-main-stick-meta":"","header-below-stick-meta":"","astra-migrate-meta-layouts":"set","ast-page-background-enabled":"default","ast-page-background-meta":{"desktop":{"background-color":"var(--ast-global-color-4)","background-image":"","background-repeat":"repeat","background-position":"center center","background-size":"auto","background-attachment":"scroll","background-type":"","background-media":"","overlay-type":"","overlay-color":"","overlay-opacity":"","overlay-gradient":""},"tablet":{"background-color":"","background-image":"","background-repeat":"repeat","background-position":"center center","background-size":"auto","background-attachment":"scroll","background-type":"","background-media":"","overlay-type":"","overlay-color":"","overlay-opacity":"","overlay-gradient":""},"mobile":{"background-color":"","background-image":"","background-repeat":"repeat","background-position":"center center","background-size":"auto","background-attachment":"scroll","background-type":"","background-media":"","overlay-type":"","overlay-color":"","overlay-opacity":"","overlay-gradient":""}},"ast-content-background-meta":{"desktop":{"background-color":"var(--ast-global-color-5)","background-image":"","background-repeat":"repeat","background-position":"center center","background-size":"auto","background-attachment":"scroll","background-type":"","background-media":"","overlay-type":"","overlay-color":"","overlay-opacity":"","overlay-gradient":""},"tablet":{"background-color":"var(--ast-global-color-5)","background-image":"","background-repeat":"repeat","background-position":"center center","background-size":"auto","background-attachment":"scroll","background-type":"","background-media":"","overlay-type":"","overlay-color":"","overlay-opacity":"","overlay-gradient":""},"mobile":{"background-color":"var(--ast-global-color-5)","background-image":"","background-repeat":"repeat","background-position":"center center","background-size":"auto","background-attachment":"scroll","background-type":"","background-media":"","overlay-type":"","overlay-color":"","overlay-opacity":"","overlay-gradient":""}}},"product_brand":[],"product_cat":[2382],"product_tag":[1581,1582,1580,1575,1578,1577,1576,1579,1574,1583,1573],"class_list":{"0":"post-2992","1":"product","2":"type-product","3":"status-publish","4":"has-post-thumbnail","6":"product_cat-buy-opioids-online","7":"product_tag-buy-suboxone-in-canada","8":"product_tag-buy-suboxone-in-uk","9":"product_tag-buy-suboxone-in-usa","10":"product_tag-buy-suboxone-with-bitcoin","11":"product_tag-buy-suboxone-with-credit-card","12":"product_tag-buy-suboxone-with-money-gram","13":"product_tag-buy-suboxone-with-western-union","14":"product_tag-buy-suboxone-without-a-doctor","15":"product_tag-buy-suboxone-without-prescription","16":"product_tag-suboxone","17":"product_tag-suboxone-for-sale","18":"desktop-align-center","19":"tablet-align-left","20":"mobile-align-left","22":"first","23":"instock","24":"shipping-taxable","25":"purchasable","26":"product-type-variable","27":"has-default-attributes"},"yoast_head":"<!-- This site is optimized with the Yoast SEO plugin v25.9 - https:\/\/yoast.com\/wordpress\/plugins\/seo\/ -->\n<title>Buy Suboxone Online USA - Buy Suboxone Online for Sale - Buy Prescriptionz<\/title>\n<meta name=\"description\" content=\"Buyprescriptionz.com is an online pharmacy store where you can Buy Suboxone Online at best price without doctor&#039;s prescription. Buy Suboxone Online Now with Free &amp; Secure Shipping!\" \/>\n<meta name=\"robots\" content=\"index, follow, max-snippet:-1, max-image-preview:large, max-video-preview:-1\" \/>\n<link rel=\"canonical\" href=\"https:\/\/buy-prescriptionz.com\/nl\/product\/koop-suboxone-online\/\" \/>\n<meta property=\"og:locale\" content=\"nl_NL\" \/>\n<meta property=\"og:type\" content=\"article\" \/>\n<meta property=\"og:title\" content=\"Buy Suboxone Online USA - Buy Suboxone Online for Sale - Buy Prescriptionz\" \/>\n<meta property=\"og:description\" content=\"Buyprescriptionz.com is an online pharmacy store where you can Buy Suboxone Online at best price without doctor&#039;s prescription. Buy Suboxone Online Now with Free &amp; Secure Shipping!\" \/>\n<meta property=\"og:url\" content=\"https:\/\/buy-prescriptionz.com\/nl\/product\/koop-suboxone-online\/\" \/>\n<meta property=\"og:site_name\" content=\"Buy Prescriptionz\" \/>\n<meta property=\"article:modified_time\" content=\"2025-09-30T12:37:28+00:00\" \/>\n<meta property=\"og:image\" content=\"https:\/\/buy-prescriptionz.com\/wp-content\/uploads\/2025\/09\/suboxone.jpg\" \/>\n\t<meta property=\"og:image:width\" content=\"400\" \/>\n\t<meta property=\"og:image:height\" content=\"300\" \/>\n\t<meta property=\"og:image:type\" content=\"image\/jpeg\" \/>\n<meta name=\"twitter:card\" content=\"summary_large_image\" \/>\n<meta name=\"twitter:label1\" content=\"Geschatte leestijd\" \/>\n\t<meta name=\"twitter:data1\" content=\"5 minuten\" \/>\n<script type=\"application\/ld+json\" class=\"yoast-schema-graph\">{\"@context\":\"https:\/\/schema.org\",\"@graph\":[{\"@type\":\"WebPage\",\"@id\":\"https:\/\/buy-prescriptionz.com\/product\/buy-suboxone-online\/\",\"url\":\"https:\/\/buy-prescriptionz.com\/product\/buy-suboxone-online\/\",\"name\":\"Buy Suboxone Online USA - Buy Suboxone Online for Sale - Buy Prescriptionz\",\"isPartOf\":{\"@id\":\"https:\/\/buy-prescriptionz.com\/#website\"},\"primaryImageOfPage\":{\"@id\":\"https:\/\/buy-prescriptionz.com\/product\/buy-suboxone-online\/#primaryimage\"},\"image\":{\"@id\":\"https:\/\/buy-prescriptionz.com\/product\/buy-suboxone-online\/#primaryimage\"},\"thumbnailUrl\":\"https:\/\/buy-prescriptionz.com\/wp-content\/uploads\/2025\/09\/suboxone.jpg\",\"datePublished\":\"2025-09-16T08:55:52+00:00\",\"dateModified\":\"2025-09-30T12:37:28+00:00\",\"description\":\"Buyprescriptionz.com is an online pharmacy store where you can Buy Suboxone Online at best price without doctor's prescription. Buy Suboxone Online Now with Free & Secure Shipping!\",\"breadcrumb\":{\"@id\":\"https:\/\/buy-prescriptionz.com\/product\/buy-suboxone-online\/#breadcrumb\"},\"inLanguage\":\"nl-NL\",\"potentialAction\":[{\"@type\":\"ReadAction\",\"target\":[\"https:\/\/buy-prescriptionz.com\/product\/buy-suboxone-online\/\"]}]},{\"@type\":\"ImageObject\",\"inLanguage\":\"nl-NL\",\"@id\":\"https:\/\/buy-prescriptionz.com\/product\/buy-suboxone-online\/#primaryimage\",\"url\":\"https:\/\/buy-prescriptionz.com\/wp-content\/uploads\/2025\/09\/suboxone.jpg\",\"contentUrl\":\"https:\/\/buy-prescriptionz.com\/wp-content\/uploads\/2025\/09\/suboxone.jpg\",\"width\":400,\"height\":300},{\"@type\":\"BreadcrumbList\",\"@id\":\"https:\/\/buy-prescriptionz.com\/product\/buy-suboxone-online\/#breadcrumb\",\"itemListElement\":[{\"@type\":\"ListItem\",\"position\":1,\"name\":\"Home\",\"item\":\"https:\/\/buy-prescriptionz.com\/\"},{\"@type\":\"ListItem\",\"position\":2,\"name\":\"Shop Painkillers Online\",\"item\":\"https:\/\/buy-prescriptionz.com\/shop-painkillers-online\/\"},{\"@type\":\"ListItem\",\"position\":3,\"name\":\"Buy Suboxone Online\"}]},{\"@type\":\"WebSite\",\"@id\":\"https:\/\/buy-prescriptionz.com\/#website\",\"url\":\"https:\/\/buy-prescriptionz.com\/\",\"name\":\"Buy Prescriptionz\",\"description\":\"Drugs Online\",\"publisher\":{\"@id\":\"https:\/\/buy-prescriptionz.com\/#organization\"},\"potentialAction\":[{\"@type\":\"SearchAction\",\"target\":{\"@type\":\"EntryPoint\",\"urlTemplate\":\"https:\/\/buy-prescriptionz.com\/?s={search_term_string}\"},\"query-input\":{\"@type\":\"PropertyValueSpecification\",\"valueRequired\":true,\"valueName\":\"search_term_string\"}}],\"inLanguage\":\"nl-NL\"},{\"@type\":\"Organization\",\"@id\":\"https:\/\/buy-prescriptionz.com\/#organization\",\"name\":\"Buy Prescriptionz\",\"url\":\"https:\/\/buy-prescriptionz.com\/\",\"logo\":{\"@type\":\"ImageObject\",\"inLanguage\":\"nl-NL\",\"@id\":\"https:\/\/buy-prescriptionz.com\/#\/schema\/logo\/image\/\",\"url\":\"https:\/\/buy-prescriptionz.com\/wp-content\/uploads\/2023\/09\/logo.png\",\"contentUrl\":\"https:\/\/buy-prescriptionz.com\/wp-content\/uploads\/2023\/09\/logo.png\",\"width\":350,\"height\":64,\"caption\":\"Buy Prescriptionz\"},\"image\":{\"@id\":\"https:\/\/buy-prescriptionz.com\/#\/schema\/logo\/image\/\"}}]}<\/script>\n<!-- \/ Yoast SEO plugin. -->","yoast_head_json":{"title":"Koop Suboxone online in de VS - Koop Suboxone online te koop - Koop op recept","description":"Buyprescriptionz.com is an online pharmacy store where you can Buy Suboxone Online at best price without doctor's prescription. Buy Suboxone Online Now with Free & Secure Shipping!","robots":{"index":"index","follow":"follow","max-snippet":"max-snippet:-1","max-image-preview":"max-image-preview:large","max-video-preview":"max-video-preview:-1"},"canonical":"https:\/\/buy-prescriptionz.com\/nl\/product\/koop-suboxone-online\/","og_locale":"nl_NL","og_type":"article","og_title":"Buy Suboxone Online USA - Buy Suboxone Online for Sale - Buy Prescriptionz","og_description":"Buyprescriptionz.com is an online pharmacy store where you can Buy Suboxone Online at best price without doctor's prescription. Buy Suboxone Online Now with Free & Secure Shipping!","og_url":"https:\/\/buy-prescriptionz.com\/nl\/product\/koop-suboxone-online\/","og_site_name":"Buy Prescriptionz","article_modified_time":"2025-09-30T12:37:28+00:00","og_image":[{"width":400,"height":300,"url":"https:\/\/buy-prescriptionz.com\/wp-content\/uploads\/2025\/09\/suboxone.jpg","type":"image\/jpeg"}],"twitter_card":"summary_large_image","twitter_misc":{"Geschatte leestijd":"5 minuten"},"schema":{"@context":"https:\/\/schema.org","@graph":[{"@type":"WebPage","@id":"https:\/\/buy-prescriptionz.com\/product\/buy-suboxone-online\/","url":"https:\/\/buy-prescriptionz.com\/product\/buy-suboxone-online\/","name":"Koop Suboxone online in de VS - Koop Suboxone online te koop - Koop op recept","isPartOf":{"@id":"https:\/\/buy-prescriptionz.com\/#website"},"primaryImageOfPage":{"@id":"https:\/\/buy-prescriptionz.com\/product\/buy-suboxone-online\/#primaryimage"},"image":{"@id":"https:\/\/buy-prescriptionz.com\/product\/buy-suboxone-online\/#primaryimage"},"thumbnailUrl":"https:\/\/buy-prescriptionz.com\/wp-content\/uploads\/2025\/09\/suboxone.jpg","datePublished":"2025-09-16T08:55:52+00:00","dateModified":"2025-09-30T12:37:28+00:00","description":"Buyprescriptionz.com is an online pharmacy store where you can Buy Suboxone Online at best price without doctor's prescription. Buy Suboxone Online Now with Free & Secure Shipping!","breadcrumb":{"@id":"https:\/\/buy-prescriptionz.com\/product\/buy-suboxone-online\/#breadcrumb"},"inLanguage":"nl-NL","potentialAction":[{"@type":"ReadAction","target":["https:\/\/buy-prescriptionz.com\/product\/buy-suboxone-online\/"]}]},{"@type":"ImageObject","inLanguage":"nl-NL","@id":"https:\/\/buy-prescriptionz.com\/product\/buy-suboxone-online\/#primaryimage","url":"https:\/\/buy-prescriptionz.com\/wp-content\/uploads\/2025\/09\/suboxone.jpg","contentUrl":"https:\/\/buy-prescriptionz.com\/wp-content\/uploads\/2025\/09\/suboxone.jpg","width":400,"height":300},{"@type":"BreadcrumbList","@id":"https:\/\/buy-prescriptionz.com\/product\/buy-suboxone-online\/#breadcrumb","itemListElement":[{"@type":"ListItem","position":1,"name":"Home","item":"https:\/\/buy-prescriptionz.com\/"},{"@type":"ListItem","position":2,"name":"Shop Painkillers Online","item":"https:\/\/buy-prescriptionz.com\/shop-painkillers-online\/"},{"@type":"ListItem","position":3,"name":"Buy Suboxone Online"}]},{"@type":"WebSite","@id":"https:\/\/buy-prescriptionz.com\/#website","url":"https:\/\/buy-prescriptionz.com\/","name":"Buy Prescriptionz","description":"Drugs Online","publisher":{"@id":"https:\/\/buy-prescriptionz.com\/#organization"},"potentialAction":[{"@type":"SearchAction","target":{"@type":"EntryPoint","urlTemplate":"https:\/\/buy-prescriptionz.com\/?s={search_term_string}"},"query-input":{"@type":"PropertyValueSpecification","valueRequired":true,"valueName":"search_term_string"}}],"inLanguage":"nl-NL"},{"@type":"Organization","@id":"https:\/\/buy-prescriptionz.com\/#organization","name":"Buy Prescriptionz","url":"https:\/\/buy-prescriptionz.com\/","logo":{"@type":"ImageObject","inLanguage":"nl-NL","@id":"https:\/\/buy-prescriptionz.com\/#\/schema\/logo\/image\/","url":"https:\/\/buy-prescriptionz.com\/wp-content\/uploads\/2023\/09\/logo.png","contentUrl":"https:\/\/buy-prescriptionz.com\/wp-content\/uploads\/2023\/09\/logo.png","width":350,"height":64,"caption":"Buy Prescriptionz"},"image":{"@id":"https:\/\/buy-prescriptionz.com\/#\/schema\/logo\/image\/"}}]}},"_links":{"self":[{"href":"https:\/\/buy-prescriptionz.com\/nl\/wp-json\/wp\/v2\/product\/2992","targetHints":{"allow":["GET"]}}],"collection":[{"href":"https:\/\/buy-prescriptionz.com\/nl\/wp-json\/wp\/v2\/product"}],"about":[{"href":"https:\/\/buy-prescriptionz.com\/nl\/wp-json\/wp\/v2\/types\/product"}],"replies":[{"embeddable":true,"href":"https:\/\/buy-prescriptionz.com\/nl\/wp-json\/wp\/v2\/comments?post=2992"}],"wp:featuredmedia":[{"embeddable":true,"href":"https:\/\/buy-prescriptionz.com\/nl\/wp-json\/wp\/v2\/media\/3022"}],"wp:attachment":[{"href":"https:\/\/buy-prescriptionz.com\/nl\/wp-json\/wp\/v2\/media?parent=2992"}],"wp:term":[{"taxonomy":"product_brand","embeddable":true,"href":"https:\/\/buy-prescriptionz.com\/nl\/wp-json\/wp\/v2\/product_brand?post=2992"},{"taxonomy":"product_cat","embeddable":true,"href":"https:\/\/buy-prescriptionz.com\/nl\/wp-json\/wp\/v2\/product_cat?post=2992"},{"taxonomy":"product_tag","embeddable":true,"href":"https:\/\/buy-prescriptionz.com\/nl\/wp-json\/wp\/v2\/product_tag?post=2992"}],"curies":[{"name":"wp","href":"https:\/\/api.w.org\/{rel}","templated":true}]}}