{"id":3050,"date":"2025-09-16T08:56:09","date_gmt":"2025-09-16T08:56:09","guid":{"rendered":"https:\/\/chemsfine.com\/newsite\/?post_type=product&#038;p=3050"},"modified":"2025-09-23T06:56:26","modified_gmt":"2025-09-23T06:56:26","slug":"methyltestosteron-online-kopen","status":"publish","type":"product","link":"https:\/\/buy-prescriptionz.com\/nl\/product\/methyltestosteron-online-kopen\/","title":{"rendered":"Methyltestosteron online kopen"},"content":{"rendered":"<h2>Methyltestosteron online kopen<\/h2>\n<h3>Koop Methyltestosteron 25 mg online bij buy-prescriptionz.com<\/h3>\n<p>Kopen <a href=\"https:\/\/buy-prescriptionz.com\/nl\/\">Methyltestosteron<\/a> stero\u00efde stof voor de behandeling van lage testosteronniveaus bij mannen en late puberteit bij jonge mannen. In lage doseringen als hormoonbehandeling voor de menopauze voor problemen als opvliegers, osteoporose en lage seksuele drift bij vrouwen, en voor de behandeling van borstproblemen bij vrouwen. Koop<br \/>\nMethyltestosteron 25 mg voor oraal gebruik.<\/p>\n<h3>Methyltestosteron 25 mg te koop voor vrouwen<\/h3>\n<p>Methyltestosteron 25 mg online voor de behandeling van late puberteit, hypogonadisme, cryptorchidisme, en erectiestoornissen bij mannen, en in lage doseringen voor de behandeling van bijwerkingen van de menopauze en voor osteoporose, opvliegers, en om drive en vitaliteit op te bouwen.<\/p>\n<p>Het is beschikbaar als een goedkeuring in lage doseringen in mengsel met veresterde oestrogenen voor de behandeling van matige tot extreme vasomotorische indicaties in verband met de menopauze bij vrouwen. Op buy-prescriptionz.com, zult u weten hoe te kopen Methyltestosterone 25 mg online met stap voor stap online ondersteuning.<\/p>\n<h3>Methyltestosteron online kopen<\/h3>\n<p>Methyltestosteron is een synthetische anabole stero\u00efde, afgeleid van testosteron. Het wordt voornamelijk gebruikt voor de behandeling van aandoeningen die worden veroorzaakt door een lage testosteronspiegel bij mannen, zoals hypogonadisme, vertraagde puberteit en impotentie. Het wordt ook voorgeschreven aan vrouwen voor de behandeling van borstkanker en bepaalde vormen van borstpijn. Methyltestosteron werkt het beste door de natuurlijke testosteronspiegel van het lichaam aan te vullen, waardoor de ontwikkeling en het behoud van mannelijke geslachtskenmerken worden bevorderd en diverse lichaamsfuncties worden ondersteund.<\/p>\n<h4>Voordelen van methyltestosteron<\/h4>\n<ol>\n<li>Behandeling van hypogonadisme: Methyltestosteron is effectief bij de behandeling van hypogonadisme bij mannen, een aandoening waarbij het lichaam niet genoeg testosteron aanmaakt. Deze behandeling helpt de normale testosteronspiegel te herstellen, wat de seksuele functie en het algehele welzijn verbetert.<\/li>\n<li>Vertraagde puberteit: Bij jongens die last hebben van een vertraagde puberteit, kan methyltestosteron de ontwikkeling van secundaire geslachtskenmerken stimuleren, zoals een toename van spiermassa, een diepere stem en de groei van gezichts- en lichaamshaar.<\/li>\n<li>Meer spiermassa en kracht: Methyltestosteron bevordert de eiwitsynthese, wat leidt tot meer spiermassa en kracht. Dit is vooral gunstig voor bodybuilders en atleten, maar het moet wel verantwoord worden gebruikt om misbruik te voorkomen.<\/li>\n<li>Behandeling van borstkanker: Bij vrouwen kan methyltestosteron worden gebruikt voor de behandeling van bepaalde soorten borstkanker. Het werkt door de oestrogeenproductie te verminderen en zo de groei van oestrogeenafhankelijke kankercellen te vertragen.<\/li>\n<li>Verbeterde botdichtheid: Door het verhogen van de testosteronspiegel helpt methyltestosteron de botdichtheid te verbeteren, waardoor het risico op osteoporose en fracturen afneemt, vooral bij mannen met een lage testosteronspiegel.<\/li>\n<\/ol>\n<h4>Bijwerkingen van methyltestosteron<\/h4>\n<ol>\n<li>Levertoxiciteit: Een van de belangrijkste risico's van methyltestosteron is levertoxiciteit. Dit kan leiden tot ernstige leverschade als het niet nauwlettend in de gaten wordt gehouden.<\/li>\n<li>Cardiovasculaire problemen: Methyltestosteron kan het risico op cardiovasculaire problemen, waaronder een hartaanval, beroerte en hoge bloeddruk, vergroten.<\/li>\n<li>Hormonale onevenwichtigheid: Bij mannen kan overmatig gebruik leiden tot hormonale onevenwichtigheden, waardoor aandoeningen als gynaecomastie (borstvergroting) en testiculaire atrofie (krimpen van de testikels) kunnen ontstaan.<\/li>\n<li>Stemmingswisselingen: Gebruikers kunnen last krijgen van stemmingswisselingen, agressie en andere psychologische effecten.<\/li>\n<li>Virilisatie bij vrouwen: Vrouwen die methyltestosteron gebruiken, kunnen last krijgen van virilisatie. Hierbij horen symptomen als een diepere stem, meer lichaamsbeharing en menstruatieonregelmatigheden.<\/li>\n<li>Andere bijwerkingen: Vaak voorkomende bijwerkingen zijn acne, haaruitval en veranderingen in libido.<\/li>\n<\/ol>\n<p>Gezien de krachtige effecten en mogelijke risico's dient methyltestosteron onder strikt medisch toezicht te worden gebruikt. Het is cruciaal om de voorgeschreven dosering te volgen en regelmatig medisch onderzoek te ondergaan om de impact op de gezondheid te monitoren.<\/p>\n<p>Voor meer informatie en om Methyltestosteron te kopen, bezoek de beste apotheek buy-prescriptionz.com.<\/p>\n<h3>Koop Methyltestosteron 25 mg met discrete verpakking<\/h3>\n<p>De beschikbare doseringen zijn 10 tot 50 mg\/dag bij mannen voor basisgebruik voor hypogonadisme en late puberteit en 2,5 mg\/dag bij vrouwen voor symptomen van de menopauze. Voor hogere doses van 50 tot 200 mg\/dag voor borstgerelateerde problemen kunt u een snelle en veilige verzendservice krijgen.<\/p>\n<h3>Koop Methyltestosteron 25 mg zonder voorschrift<\/h3>\n<p>Methyltestosteron wordt gebruikt door gewichtheffers. buy-prescriptionz.com is d\u00e9 plek om 25 mg methyltestosteron online te kopen. Als AAS is methyltestosteron een agonist van de androgeenreceptor, in vergelijking met androgenen zoals testosteron en dihydrotestosteron.<\/p>\n<p>Bestel Methyltestosteron 25 mg online als een substraat voor 5\u03b1-reductase als testosteron, zoals wordt versterkt in vermeende androgene weefsels zoals de huid, haarzakjes, en prostaat orgaan.<\/p>\n<p>Als zodanig, methyltestosteron heeft een matig lage verhouding van anabole tot androgene actie, met een evenwicht aan die van testosteron. Nu, kunt u kopen Methyltestosterone 25 mg zonder een arts op buy-prescriptionz.com met snelle en veilige bezorgservice.<\/p>\n<p>Kj\u00f8p Methyltestosterone 25 mg online for b\u00e5de menn og kvinner som er ute etter denne medisinen for \u00e5 kj\u00f8pe Methyltestosterone 25 mg til billig pris, s\u00e5 er buy-prescriptionz.com den nettportalen for all din n\u00f8dvendige kvalitet og kvantitet.<\/p>","protected":false},"excerpt":{"rendered":"<p>Buy Methyltestosterone Online Buy Methyltestosterone 25 mg online at buy-prescriptionz.com Buy Methyltestosterone Online, is an androgen and anabolic steroid substance for the treatment of low testosterone levels in men, and late puberty in young men. At low dosages as a menopausal hormone treatment for menopausal issues like hot flashes, osteoporosis, and low sexual drive in [&hellip;]<\/p>","protected":false},"featured_media":3080,"comment_status":"open","ping_status":"closed","template":"","meta":{"site-sidebar-layout":"default","site-content-layout":"","ast-site-content-layout":"default","site-content-style":"default","site-sidebar-style":"default","ast-global-header-display":"","ast-banner-title-visibility":"","ast-main-header-display":"","ast-hfb-above-header-display":"","ast-hfb-below-header-display":"","ast-hfb-mobile-header-display":"","site-post-title":"","ast-breadcrumbs-content":"","ast-featured-img":"","footer-sml-layout":"","theme-transparent-header-meta":"default","adv-header-id-meta":"","stick-header-meta":"","header-above-stick-meta":"","header-main-stick-meta":"","header-below-stick-meta":"","astra-migrate-meta-layouts":"set","ast-page-background-enabled":"default","ast-page-background-meta":{"desktop":{"background-color":"var(--ast-global-color-4)","background-image":"","background-repeat":"repeat","background-position":"center center","background-size":"auto","background-attachment":"scroll","background-type":"","background-media":"","overlay-type":"","overlay-color":"","overlay-opacity":"","overlay-gradient":""},"tablet":{"background-color":"","background-image":"","background-repeat":"repeat","background-position":"center center","background-size":"auto","background-attachment":"scroll","background-type":"","background-media":"","overlay-type":"","overlay-color":"","overlay-opacity":"","overlay-gradient":""},"mobile":{"background-color":"","background-image":"","background-repeat":"repeat","background-position":"center center","background-size":"auto","background-attachment":"scroll","background-type":"","background-media":"","overlay-type":"","overlay-color":"","overlay-opacity":"","overlay-gradient":""}},"ast-content-background-meta":{"desktop":{"background-color":"var(--ast-global-color-5)","background-image":"","background-repeat":"repeat","background-position":"center center","background-size":"auto","background-attachment":"scroll","background-type":"","background-media":"","overlay-type":"","overlay-color":"","overlay-opacity":"","overlay-gradient":""},"tablet":{"background-color":"var(--ast-global-color-5)","background-image":"","background-repeat":"repeat","background-position":"center center","background-size":"auto","background-attachment":"scroll","background-type":"","background-media":"","overlay-type":"","overlay-color":"","overlay-opacity":"","overlay-gradient":""},"mobile":{"background-color":"var(--ast-global-color-5)","background-image":"","background-repeat":"repeat","background-position":"center center","background-size":"auto","background-attachment":"scroll","background-type":"","background-media":"","overlay-type":"","overlay-color":"","overlay-opacity":"","overlay-gradient":""}}},"product_brand":[],"product_cat":[2384],"product_tag":[1194,1195,1193,1188,1191,1190,1189,1192,1187,1186,1197,1196],"class_list":{"0":"post-3050","1":"product","2":"type-product","3":"status-publish","4":"has-post-thumbnail","6":"product_cat-buy-anabolic-steroids-online","7":"product_tag-buy-methyltestosterone-in-canada","8":"product_tag-buy-methyltestosterone-in-uk","9":"product_tag-buy-methyltestosterone-in-usa","10":"product_tag-buy-methyltestosterone-with-bitcoin","11":"product_tag-buy-methyltestosterone-with-credit-card","12":"product_tag-buy-methyltestosterone-with-money-gram","13":"product_tag-buy-methyltestosterone-with-western-union","14":"product_tag-buy-methyltestosterone-without-a-doctor","15":"product_tag-buy-methyltestosterone-without-prescription","16":"product_tag-methyltestosterone-for-sale","17":"product_tag-methyltestosterone-pills","18":"product_tag-methyltestosterone-tablets","19":"desktop-align-center","20":"tablet-align-left","21":"mobile-align-left","23":"first","24":"instock","25":"shipping-taxable","26":"purchasable","27":"product-type-variable","28":"has-default-attributes"},"yoast_head":"<!-- This site is optimized with the Yoast SEO plugin v25.9 - https:\/\/yoast.com\/wordpress\/plugins\/seo\/ -->\n<title>Buy Methyltestosterone Online - Methyltestosterone for Sale<\/title>\n<meta name=\"description\" content=\"You can get Methyltestosterone for sale at our Buy-Prescriptionz store and get it at your doorstep without any hassle. We help you buy Methyltestosterone online. Order Now!\" \/>\n<meta name=\"robots\" content=\"index, follow, max-snippet:-1, max-image-preview:large, max-video-preview:-1\" \/>\n<link rel=\"canonical\" href=\"https:\/\/buy-prescriptionz.com\/nl\/product\/methyltestosteron-online-kopen\/\" \/>\n<meta property=\"og:locale\" content=\"nl_NL\" \/>\n<meta property=\"og:type\" content=\"article\" \/>\n<meta property=\"og:title\" content=\"Buy Methyltestosterone Online - Methyltestosterone for Sale\" \/>\n<meta property=\"og:description\" content=\"You can get Methyltestosterone for sale at our Buy-Prescriptionz store and get it at your doorstep without any hassle. We help you buy Methyltestosterone online. Order Now!\" \/>\n<meta property=\"og:url\" content=\"https:\/\/buy-prescriptionz.com\/nl\/product\/methyltestosteron-online-kopen\/\" \/>\n<meta property=\"og:site_name\" content=\"Buy Prescriptionz\" \/>\n<meta property=\"article:modified_time\" content=\"2025-09-23T06:56:26+00:00\" \/>\n<meta property=\"og:image\" content=\"https:\/\/buy-prescriptionz.com\/wp-content\/uploads\/2025\/09\/methyltestosterone.jpg\" \/>\n\t<meta property=\"og:image:width\" content=\"400\" \/>\n\t<meta property=\"og:image:height\" content=\"300\" \/>\n\t<meta property=\"og:image:type\" content=\"image\/jpeg\" \/>\n<meta name=\"twitter:card\" content=\"summary_large_image\" \/>\n<meta name=\"twitter:label1\" content=\"Geschatte leestijd\" \/>\n\t<meta name=\"twitter:data1\" content=\"4 minuten\" \/>\n<script type=\"application\/ld+json\" class=\"yoast-schema-graph\">{\"@context\":\"https:\/\/schema.org\",\"@graph\":[{\"@type\":\"WebPage\",\"@id\":\"https:\/\/buy-prescriptionz.com\/product\/buy-methyltestosterone-online\/\",\"url\":\"https:\/\/buy-prescriptionz.com\/product\/buy-methyltestosterone-online\/\",\"name\":\"Buy Methyltestosterone Online - Methyltestosterone for Sale\",\"isPartOf\":{\"@id\":\"https:\/\/buy-prescriptionz.com\/#website\"},\"primaryImageOfPage\":{\"@id\":\"https:\/\/buy-prescriptionz.com\/product\/buy-methyltestosterone-online\/#primaryimage\"},\"image\":{\"@id\":\"https:\/\/buy-prescriptionz.com\/product\/buy-methyltestosterone-online\/#primaryimage\"},\"thumbnailUrl\":\"https:\/\/buy-prescriptionz.com\/wp-content\/uploads\/2025\/09\/methyltestosterone.jpg\",\"datePublished\":\"2025-09-16T08:56:09+00:00\",\"dateModified\":\"2025-09-23T06:56:26+00:00\",\"description\":\"You can get Methyltestosterone for sale at our Buy-Prescriptionz store and get it at your doorstep without any hassle. We help you buy Methyltestosterone online. Order Now!\",\"breadcrumb\":{\"@id\":\"https:\/\/buy-prescriptionz.com\/product\/buy-methyltestosterone-online\/#breadcrumb\"},\"inLanguage\":\"nl-NL\",\"potentialAction\":[{\"@type\":\"ReadAction\",\"target\":[\"https:\/\/buy-prescriptionz.com\/product\/buy-methyltestosterone-online\/\"]}]},{\"@type\":\"ImageObject\",\"inLanguage\":\"nl-NL\",\"@id\":\"https:\/\/buy-prescriptionz.com\/product\/buy-methyltestosterone-online\/#primaryimage\",\"url\":\"https:\/\/buy-prescriptionz.com\/wp-content\/uploads\/2025\/09\/methyltestosterone.jpg\",\"contentUrl\":\"https:\/\/buy-prescriptionz.com\/wp-content\/uploads\/2025\/09\/methyltestosterone.jpg\",\"width\":400,\"height\":300},{\"@type\":\"BreadcrumbList\",\"@id\":\"https:\/\/buy-prescriptionz.com\/product\/buy-methyltestosterone-online\/#breadcrumb\",\"itemListElement\":[{\"@type\":\"ListItem\",\"position\":1,\"name\":\"Home\",\"item\":\"https:\/\/buy-prescriptionz.com\/\"},{\"@type\":\"ListItem\",\"position\":2,\"name\":\"Shop Painkillers Online\",\"item\":\"https:\/\/buy-prescriptionz.com\/shop-painkillers-online\/\"},{\"@type\":\"ListItem\",\"position\":3,\"name\":\"Buy Methyltestosterone Online\"}]},{\"@type\":\"WebSite\",\"@id\":\"https:\/\/buy-prescriptionz.com\/#website\",\"url\":\"https:\/\/buy-prescriptionz.com\/\",\"name\":\"Buy Prescriptionz\",\"description\":\"Drugs Online\",\"publisher\":{\"@id\":\"https:\/\/buy-prescriptionz.com\/#organization\"},\"potentialAction\":[{\"@type\":\"SearchAction\",\"target\":{\"@type\":\"EntryPoint\",\"urlTemplate\":\"https:\/\/buy-prescriptionz.com\/?s={search_term_string}\"},\"query-input\":{\"@type\":\"PropertyValueSpecification\",\"valueRequired\":true,\"valueName\":\"search_term_string\"}}],\"inLanguage\":\"nl-NL\"},{\"@type\":\"Organization\",\"@id\":\"https:\/\/buy-prescriptionz.com\/#organization\",\"name\":\"Buy Prescriptionz\",\"url\":\"https:\/\/buy-prescriptionz.com\/\",\"logo\":{\"@type\":\"ImageObject\",\"inLanguage\":\"nl-NL\",\"@id\":\"https:\/\/buy-prescriptionz.com\/#\/schema\/logo\/image\/\",\"url\":\"https:\/\/buy-prescriptionz.com\/wp-content\/uploads\/2023\/09\/logo.png\",\"contentUrl\":\"https:\/\/buy-prescriptionz.com\/wp-content\/uploads\/2023\/09\/logo.png\",\"width\":350,\"height\":64,\"caption\":\"Buy Prescriptionz\"},\"image\":{\"@id\":\"https:\/\/buy-prescriptionz.com\/#\/schema\/logo\/image\/\"}}]}<\/script>\n<!-- \/ Yoast SEO plugin. -->","yoast_head_json":{"title":"Methyltestosteron online kopen - Methyltestosteron te koop","description":"U kunt methyltestosteron kopen in onze Buy-Prescriptionz winkel en het zonder gedoe bij u thuis laten bezorgen. Wij helpen u bij het online kopen van methyltestosteron. Bestel nu!","robots":{"index":"index","follow":"follow","max-snippet":"max-snippet:-1","max-image-preview":"max-image-preview:large","max-video-preview":"max-video-preview:-1"},"canonical":"https:\/\/buy-prescriptionz.com\/nl\/product\/methyltestosteron-online-kopen\/","og_locale":"nl_NL","og_type":"article","og_title":"Buy Methyltestosterone Online - Methyltestosterone for Sale","og_description":"You can get Methyltestosterone for sale at our Buy-Prescriptionz store and get it at your doorstep without any hassle. We help you buy Methyltestosterone online. Order Now!","og_url":"https:\/\/buy-prescriptionz.com\/nl\/product\/methyltestosteron-online-kopen\/","og_site_name":"Buy Prescriptionz","article_modified_time":"2025-09-23T06:56:26+00:00","og_image":[{"width":400,"height":300,"url":"https:\/\/buy-prescriptionz.com\/wp-content\/uploads\/2025\/09\/methyltestosterone.jpg","type":"image\/jpeg"}],"twitter_card":"summary_large_image","twitter_misc":{"Geschatte leestijd":"4 minuten"},"schema":{"@context":"https:\/\/schema.org","@graph":[{"@type":"WebPage","@id":"https:\/\/buy-prescriptionz.com\/product\/buy-methyltestosterone-online\/","url":"https:\/\/buy-prescriptionz.com\/product\/buy-methyltestosterone-online\/","name":"Methyltestosteron online kopen - Methyltestosteron te koop","isPartOf":{"@id":"https:\/\/buy-prescriptionz.com\/#website"},"primaryImageOfPage":{"@id":"https:\/\/buy-prescriptionz.com\/product\/buy-methyltestosterone-online\/#primaryimage"},"image":{"@id":"https:\/\/buy-prescriptionz.com\/product\/buy-methyltestosterone-online\/#primaryimage"},"thumbnailUrl":"https:\/\/buy-prescriptionz.com\/wp-content\/uploads\/2025\/09\/methyltestosterone.jpg","datePublished":"2025-09-16T08:56:09+00:00","dateModified":"2025-09-23T06:56:26+00:00","description":"U kunt methyltestosteron kopen in onze Buy-Prescriptionz winkel en het zonder gedoe bij u thuis laten bezorgen. Wij helpen u bij het online kopen van methyltestosteron. Bestel nu!","breadcrumb":{"@id":"https:\/\/buy-prescriptionz.com\/product\/buy-methyltestosterone-online\/#breadcrumb"},"inLanguage":"nl-NL","potentialAction":[{"@type":"ReadAction","target":["https:\/\/buy-prescriptionz.com\/product\/buy-methyltestosterone-online\/"]}]},{"@type":"ImageObject","inLanguage":"nl-NL","@id":"https:\/\/buy-prescriptionz.com\/product\/buy-methyltestosterone-online\/#primaryimage","url":"https:\/\/buy-prescriptionz.com\/wp-content\/uploads\/2025\/09\/methyltestosterone.jpg","contentUrl":"https:\/\/buy-prescriptionz.com\/wp-content\/uploads\/2025\/09\/methyltestosterone.jpg","width":400,"height":300},{"@type":"BreadcrumbList","@id":"https:\/\/buy-prescriptionz.com\/product\/buy-methyltestosterone-online\/#breadcrumb","itemListElement":[{"@type":"ListItem","position":1,"name":"Home","item":"https:\/\/buy-prescriptionz.com\/"},{"@type":"ListItem","position":2,"name":"Shop Painkillers Online","item":"https:\/\/buy-prescriptionz.com\/shop-painkillers-online\/"},{"@type":"ListItem","position":3,"name":"Buy Methyltestosterone Online"}]},{"@type":"WebSite","@id":"https:\/\/buy-prescriptionz.com\/#website","url":"https:\/\/buy-prescriptionz.com\/","name":"Buy Prescriptionz","description":"Drugs Online","publisher":{"@id":"https:\/\/buy-prescriptionz.com\/#organization"},"potentialAction":[{"@type":"SearchAction","target":{"@type":"EntryPoint","urlTemplate":"https:\/\/buy-prescriptionz.com\/?s={search_term_string}"},"query-input":{"@type":"PropertyValueSpecification","valueRequired":true,"valueName":"search_term_string"}}],"inLanguage":"nl-NL"},{"@type":"Organization","@id":"https:\/\/buy-prescriptionz.com\/#organization","name":"Buy Prescriptionz","url":"https:\/\/buy-prescriptionz.com\/","logo":{"@type":"ImageObject","inLanguage":"nl-NL","@id":"https:\/\/buy-prescriptionz.com\/#\/schema\/logo\/image\/","url":"https:\/\/buy-prescriptionz.com\/wp-content\/uploads\/2023\/09\/logo.png","contentUrl":"https:\/\/buy-prescriptionz.com\/wp-content\/uploads\/2023\/09\/logo.png","width":350,"height":64,"caption":"Buy Prescriptionz"},"image":{"@id":"https:\/\/buy-prescriptionz.com\/#\/schema\/logo\/image\/"}}]}},"_links":{"self":[{"href":"https:\/\/buy-prescriptionz.com\/nl\/wp-json\/wp\/v2\/product\/3050","targetHints":{"allow":["GET"]}}],"collection":[{"href":"https:\/\/buy-prescriptionz.com\/nl\/wp-json\/wp\/v2\/product"}],"about":[{"href":"https:\/\/buy-prescriptionz.com\/nl\/wp-json\/wp\/v2\/types\/product"}],"replies":[{"embeddable":true,"href":"https:\/\/buy-prescriptionz.com\/nl\/wp-json\/wp\/v2\/comments?post=3050"}],"wp:featuredmedia":[{"embeddable":true,"href":"https:\/\/buy-prescriptionz.com\/nl\/wp-json\/wp\/v2\/media\/3080"}],"wp:attachment":[{"href":"https:\/\/buy-prescriptionz.com\/nl\/wp-json\/wp\/v2\/media?parent=3050"}],"wp:term":[{"taxonomy":"product_brand","embeddable":true,"href":"https:\/\/buy-prescriptionz.com\/nl\/wp-json\/wp\/v2\/product_brand?post=3050"},{"taxonomy":"product_cat","embeddable":true,"href":"https:\/\/buy-prescriptionz.com\/nl\/wp-json\/wp\/v2\/product_cat?post=3050"},{"taxonomy":"product_tag","embeddable":true,"href":"https:\/\/buy-prescriptionz.com\/nl\/wp-json\/wp\/v2\/product_tag?post=3050"}],"curies":[{"name":"wp","href":"https:\/\/api.w.org\/{rel}","templated":true}]}}