{"id":3053,"date":"2025-09-16T08:56:09","date_gmt":"2025-09-16T08:56:09","guid":{"rendered":"https:\/\/chemsfine.com\/newsite\/?post_type=product&#038;p=3053"},"modified":"2025-09-26T17:48:15","modified_gmt":"2025-09-26T17:48:15","slug":"vicoprofen-online-kopen","status":"publish","type":"product","link":"https:\/\/buy-prescriptionz.com\/nl\/product\/vicoprofen-online-kopen\/","title":{"rendered":"Koop Vicoprofen Online"},"content":{"rendered":"<h2>Koop Vicoprofen Online<\/h2>\n<h3>Buy Vicoprofen Online,What are hydrocodone and ibuprofen, and how can it work (system of activity)?<\/h3>\n<p>Buy Vicoprofen Online, it is a mix of a narcotic pain-relieving (hydrocodone bitartrate, an agony reliever identified with opiates) and a nonsteroidal mitigating drug (ibuprofen). The two meds are powerful for agony the board. It is evaluated that one tablet of Vicoprofen is as compelling as two tablets of Tylenol #3 (acetaminophen 300 mg in addition to codeine 30 mg). Vicoprofen was affirmed by the FDA in 1997.<\/p>\n<p>Vicoprofen wordt gebruikt bij matige tot ernstige pijn wanneer sterkere medicijnen nodig zijn. Het bevat hydrocodon, een sterkere opio\u00efde pijnstiller, en ibuprofen, een vrij verkrijgbare pijnstiller. Het is bedoeld om ernstige pijn te verlichten. De opio\u00efdeconcentratie van Vicoprofen moet echter met voorzichtigheid worden gebruikt onder toezicht van een arts om afhankelijkheid en bijwerkingen te voorkomen. Raadpleeg altijd uw arts om te controleren of het geschikt is voor uw pijnbestrijding. Koop alleen bij de beste apotheek: Buy-prescriptionz.com.<\/p>\n<p><strong>What brand names are accessible for hydrocodone and ibuprofen?<\/strong><\/p>\n<p>Vicoprofen, Reprexain, Xylon<\/p>\n<p><strong>Are hydrocodone and ibuprofen accessible as a nonexclusive medication?<\/strong><\/p>\n<p>Conventional AVAILABLE: Yes<\/p>\n<p><strong>Do I need a remedy for hydrocodone and ibuprofen?<\/strong><\/p>\n<p>Indeed<\/p>\n<p><strong>What are the utilizations for hydrocodone and ibuprofen?<\/strong><\/p>\n<p>Hydrocodone and ibuprofen (Vicoprofen) is a narcotic pain-relieving endorsed for the administration of moderate to extreme agony, utilized on a transient premise.<\/p>\n<h3>Buy vicoprofen online. <strong>What are the symptoms of hydrocodone and ibuprofen?<\/strong><\/h3>\n<p><strong>The most successive symptoms experienced with hydrocodone include:<\/strong><\/p>\n<p>dizziness,<\/p>\n<p>dazedness,<\/p>\n<p>sedation,<\/p>\n<p>sickness,<\/p>\n<p>dyspepsia (acid reflux),<\/p>\n<p>regurgitating,<\/p>\n<p>uneasiness,<\/p>\n<p>anxiety, and<\/p>\n<p>sluggishness (languor).<\/p>\n<h3>Vicoprofen Dosis<\/h3>\n<p>Vicoprofen is het beste middel tegen acute pijn. Over de dosering:<\/p>\n<p>Begin veilig: om afhankelijkheid en negatieve effecten te beperken, zal uw arts u de laagste effectieve dosering voorschrijven gedurende de kortst mogelijke periode.<\/p>\n<p>Gebruikelijke dosering: De gebruikelijke dosering voor pijnbestrijding is \u00e9\u00e9n tablet om de 4-6 uur. Overschrijd de dagelijkse limiet van uw arts niet, doorgaans 5 pillen.<br \/>\nDe duur is van belang: Vicoprofen wordt aanbevolen voor de behandeling van acute pijn en duurt doorgaans 10 dagen.<\/p>\n<p>Aanpassingen: Uw dosis kan worden aangepast afhankelijk van pijn, reactie op het medicijn en gezondheidsproblemen.<\/p>\n<p>Vicoprofen is een sterke pijnstiller en moet zorgvuldig worden gebruikt om de veiligheid en effectiviteit te maximaliseren. Open communicatie met uw arts over pijn en de reactie op de behandeling is essentieel.<\/p>\n<h3>Wat zijn de bijwerkingen van Vicoprofen?<\/h3>\n<p>Vicoprofen werkt goed, maar heeft bijwerkingen. Hieronder volgt een samenvatting van wat u kunt ervaren:<\/p>\n<p>U kunt last krijgen van maagklachten, misselijkheid of constipatie. Om maagpijn te verminderen, kunt u eten tijdens het gebruik.<\/p>\n<p>Vicoprofen kan slaperigheid of duizeligheid veroorzaken. Bestuur daarom geen voertuigen en gebruik geen zware machines totdat u weet welke effecten het op u heeft.<\/p>\n<p>Hoofdpijn en duizeligheid: Ironisch genoeg kan het hoofdpijn veroorzaken.<\/p>\n<p>Stemmingswisselingen of toegenomen angst? Het medicijn kan helpen.<\/p>\n<p>Omdat het hydrocodon bevat, kan het afhankelijkheid veroorzaken. Neem het serieus en volg het advies van uw arts op.<\/p>\n<p>Een simpele samenvatting. De bijwerkingen van Vicoprofen kunnen vari\u00ebren, dus als u zich zorgen maakt of zich vreemd voelt, neem dan contact op met uw arts.<\/p>\n<p><strong>Other significant symptoms incorporate obstruction and fit of the ureter, which can prompt trouble in peeing.<\/strong><\/p>\n<p>The most widely recognized reactions of ibuprofen include the gastrointestinal framework. It can cause ulcerations, stomach torment, cramping, sickness, gastritis, and even genuine gastrointestinal dying. Some of the time, stomach ulceration and draining can happen without stomach agony, and dark delay stools, shortcoming, and wooziness after standing might be the main indications of inner dying. Rash, kidney weakness, ringing in the ears (tinnitus), and dizziness can likewise happen.Buy Vicoprofen Online<\/p>\n<p>Hydrocodon kan de ademhaling belemmeren en wordt gebruikt bij pati\u00ebnten met een verhoogd risico op waakzaamheid, bij oudere, invalide pati\u00ebnten en bij pati\u00ebnten met een verleden met een maagzweer of een ernstige longaandoening. Hydrocodon kan het denkvermogen en de fysieke capaciteiten die nodig zijn voor het besturen van een voertuig of het bedienen van een apparaat, verstoren. Hydrocodon kan de neiging tot afhankelijkheid verminderen. Mentale en fysieke afhankelijkheid kan optreden, maar is onmogelijk wanneer het wordt gebruikt voor tijdelijke verlichting van pijn. Wat zijn de doseringen voor hydrocodon en ibuprofen?<\/p>\n<p>The typical portion of Vicoprofen is one tablet each 4 to 6 hours as required for agony. The maker prescribes a limit of 5 tablets for each day and a momentary span of treatment (under ten days).<\/p>\n<h3>QUESTION<\/h3>\n<p><strong>Restoratively, the expression &#8220;myalgia&#8221; alludes to what kind of agony?<\/strong><\/p>\n<p>See Answer<\/p>\n<p><strong>Which medications or enhancements associate with hydrocodone and ibuprofen?<\/strong><\/p>\n<p>Hydrocodone, as other opiate torment relievers, interfaces with prescriptions and medications that moderate the cerebrum&#8217;s procedures, for example, liquor, barbiturates, skeletal muscle relaxants including carisoprodol (Soma), cyclobenzaprine (Flexeril), and benzodiazepines (for instance, lorazepam [Ativan], and clonazepam [Klonopin]).<\/p>\n<p>Narcotics, for example, hydrocodone can slow entrail motility. At the point when joined with prescriptions that have anticholinergic action, this impact on the gut might be complemented, prompting stamped clogging. Such medications incorporate dicyclomine (Bentyl), a few antihistamines (for instance, carbinoxamine [Rondec], clemastine [Tavist], diphenhydramine [Benadryl], promethazine [Phenergan]); a few phenothiazines (for instance, thioridazine [Mellaril], triflupromazine [Stelazine]); some tricyclic antidepressants (for instance, amitriptyline [Elavil, Endep] amoxapine [Asendin], clomipramine [Anafranil], protriptyline [Vivactil]); clozapine (Clozaril), cyclobenzaprine (Flexeril), and disopyramide (Norpace). The utilization of antidiarrheals (for instance, diphenoxylate [Lomotil], loperamide [Imodium]) in people taking narcotic analgesics, for example, hydrocodone can prompt serious stoppage and perhaps more noteworthy sedation.<\/p>\n<p>Cimetidine (Tagamet), when utilized with sedative analgesics, for example, hydrocodone, can cause perplexity, bewilderment, seizures or respiratory wretchedness by expanding blood groupings of the sedative.<\/p>\n<p>Ibuprofen, which has blood diminishing (anticoagulant) properties, is utilized with alert in patients taking other blood diminishing anticoagulants, for example, warfarin (Coumadin), as a result of an expanded danger of dying. Simultaneous utilization of ibuprofen and clopidogrel (Plavix) can likewise prompt expanded danger of dying. Patients taking lithium (Eskalith, Lithobid) can create lethal blood lithium levels if ibuprofen is taken simultaneously. Ibuprofen may build methotrexate (Rheumatrex, Trexall) poisonous quality when utilized together.<\/p>\n<p>Are hydrocodone and ibuprofen safe to take in case I&#8217;m pregnant or breastfeeding?<\/p>\n<p>Hydrocodone and ibuprofen cross the placenta. Be that as it may, there isn&#8217;t sufficient data thought about the impacts of hydrocodone and ibuprofen on the hatchling. Doctors may utilize hydrocodone and ibuprofen if the advantages exceed potential dangers.<\/p>\n<p>It isn&#8217;t known whether hydrocodone is emitted in bosom milk.<\/p>\n<p>What else would it be a good idea for me to think about hydrocodone and ibuprofen?<\/p>\n<p>What arrangements of hydrocodone and ibuprofen are accessible?<\/p>\n<p>Tablets: hydrocodone bitartrate 7.5 mg and ibuprofen 200 mg.<\/p>\n<p>By what method would it be advisable for me to keep hydrocodone and ibuprofen put away?<\/p>\n<p>Tablets ought to be put away at room temperature between 15 C &#8211; 30 C (59 F &#8211; 86 F).<\/p>\n<p>Most recent Chronic Pain News<\/p>\n<p>Could CBD Treat Opioid Addiction?<\/p>\n<p>Less Pain, More Car Crashes: Legalized Marijuana<\/p>\n<p>Hypnotherapy, Alternative to Opioids for Pain?<\/p>\n<p>Researchers Spot Unexpected Player in Fibromyalgia<\/p>\n<p>1 of every 4 American Workers Struggles With Back Pain<\/p>\n<p>Need More News? Pursue Buyprescriptionz Newsletters!<\/p>\n<p>Day by day Health News<\/p>\n<p>Exercise Hunger-Cutting Effects<\/p>\n<p>Is Chlamydia Vaccine Effective?<\/p>\n<p>Long Workouts, Heart Problems<\/p>\n<p>Dentures During Surgery<\/p>\n<p>Basic Football Cause of Death<\/p>\n<p>XML More Health News \u00bb<\/p>\n<p>Drifting on Buyprescriptionz<\/p>\n<p>Dengue Fever<\/p>\n<p>Hepatitis A<\/p>\n<p>Ebola Virus<\/p>\n<p>Early Pregnancy Symptoms and Signs<\/p>\n<p>Hack<\/p>\n<p>Rundown<\/p>\n<p>Hydrocodone and ibuprofen (Vicoprofen) is a narcotic pain-relieving endorsed for the administration of moderate to serious torment, utilized on a transient premise. Survey symptoms, sedate communications, admonitions and insurances before taking any prescription.<\/p>","protected":false},"excerpt":{"rendered":"<p>Buy Vicoprofen Online Buy Vicoprofen Online,What are hydrocodone and ibuprofen, and how can it work (system of activity)? Buy Vicoprofen Online, it is a mix of a narcotic pain-relieving (hydrocodone bitartrate, an agony reliever identified with opiates) and a nonsteroidal mitigating drug (ibuprofen). The two meds are powerful for agony the board. It is evaluated [&hellip;]<\/p>","protected":false},"featured_media":3083,"comment_status":"open","ping_status":"closed","template":"","meta":{"site-sidebar-layout":"default","site-content-layout":"","ast-site-content-layout":"default","site-content-style":"default","site-sidebar-style":"default","ast-global-header-display":"","ast-banner-title-visibility":"","ast-main-header-display":"","ast-hfb-above-header-display":"","ast-hfb-below-header-display":"","ast-hfb-mobile-header-display":"","site-post-title":"","ast-breadcrumbs-content":"","ast-featured-img":"","footer-sml-layout":"","theme-transparent-header-meta":"default","adv-header-id-meta":"","stick-header-meta":"","header-above-stick-meta":"","header-main-stick-meta":"","header-below-stick-meta":"","astra-migrate-meta-layouts":"set","ast-page-background-enabled":"default","ast-page-background-meta":{"desktop":{"background-color":"var(--ast-global-color-4)","background-image":"","background-repeat":"repeat","background-position":"center center","background-size":"auto","background-attachment":"scroll","background-type":"","background-media":"","overlay-type":"","overlay-color":"","overlay-opacity":"","overlay-gradient":""},"tablet":{"background-color":"","background-image":"","background-repeat":"repeat","background-position":"center center","background-size":"auto","background-attachment":"scroll","background-type":"","background-media":"","overlay-type":"","overlay-color":"","overlay-opacity":"","overlay-gradient":""},"mobile":{"background-color":"","background-image":"","background-repeat":"repeat","background-position":"center center","background-size":"auto","background-attachment":"scroll","background-type":"","background-media":"","overlay-type":"","overlay-color":"","overlay-opacity":"","overlay-gradient":""}},"ast-content-background-meta":{"desktop":{"background-color":"var(--ast-global-color-5)","background-image":"","background-repeat":"repeat","background-position":"center center","background-size":"auto","background-attachment":"scroll","background-type":"","background-media":"","overlay-type":"","overlay-color":"","overlay-opacity":"","overlay-gradient":""},"tablet":{"background-color":"var(--ast-global-color-5)","background-image":"","background-repeat":"repeat","background-position":"center center","background-size":"auto","background-attachment":"scroll","background-type":"","background-media":"","overlay-type":"","overlay-color":"","overlay-opacity":"","overlay-gradient":""},"mobile":{"background-color":"var(--ast-global-color-5)","background-image":"","background-repeat":"repeat","background-position":"center center","background-size":"auto","background-attachment":"scroll","background-type":"","background-media":"","overlay-type":"","overlay-color":"","overlay-opacity":"","overlay-gradient":""}}},"product_brand":[],"product_cat":[2385],"product_tag":[1230,1231,1229,1224,1227,1226,1225,1228,1223,1222,1233,1232],"class_list":{"0":"post-3053","1":"product","2":"type-product","3":"status-publish","4":"has-post-thumbnail","6":"product_cat-buy-pain-killer-pills-online","7":"product_tag-buy-vicoprofen-in-canada","8":"product_tag-buy-vicoprofen-in-uk","9":"product_tag-buy-vicoprofen-in-usa","10":"product_tag-buy-vicoprofen-with-bitcoin","11":"product_tag-buy-vicoprofen-with-credit-card","12":"product_tag-buy-vicoprofen-with-money-gram","13":"product_tag-buy-vicoprofen-with-western-union","14":"product_tag-buy-vicoprofen-without-a-doctor","15":"product_tag-buy-vicoprofen-without-prescription","16":"product_tag-vicoprofen-for-sale","17":"product_tag-vicoprofen-pills","18":"product_tag-vicoprofen-tablets","19":"desktop-align-center","20":"tablet-align-left","21":"mobile-align-left","23":"first","24":"instock","25":"shipping-taxable","26":"purchasable","27":"product-type-variable","28":"has-default-attributes"},"yoast_head":"<!-- This site is optimized with the Yoast SEO plugin v25.9 - https:\/\/yoast.com\/wordpress\/plugins\/seo\/ -->\n<title>Buy Vicoprofen Online USA - Buy Vicoprofen Online for Sale -<\/title>\n<meta name=\"description\" content=\"Buy Vicoprofen Online, we are best sellers of this drug. we sell other drugs for pain and anxiety. we do discrete shipping and safe delBuy Vicoprofen Online\" \/>\n<meta name=\"robots\" content=\"index, follow, max-snippet:-1, max-image-preview:large, max-video-preview:-1\" \/>\n<link rel=\"canonical\" href=\"https:\/\/buy-prescriptionz.com\/nl\/product\/vicoprofen-online-kopen\/\" \/>\n<meta property=\"og:locale\" content=\"nl_NL\" \/>\n<meta property=\"og:type\" content=\"article\" \/>\n<meta property=\"og:title\" content=\"Buy Vicoprofen Online USA - Buy Vicoprofen Online for Sale -\" \/>\n<meta property=\"og:description\" content=\"Buy Vicoprofen Online, we are best sellers of this drug. we sell other drugs for pain and anxiety. we do discrete shipping and safe delBuy Vicoprofen Online\" \/>\n<meta property=\"og:url\" content=\"https:\/\/buy-prescriptionz.com\/nl\/product\/vicoprofen-online-kopen\/\" \/>\n<meta property=\"og:site_name\" content=\"Buy Prescriptionz\" \/>\n<meta property=\"article:modified_time\" content=\"2025-09-26T17:48:15+00:00\" \/>\n<meta property=\"og:image\" content=\"https:\/\/buy-prescriptionz.com\/wp-content\/uploads\/2025\/09\/vicoprofen.jpg\" \/>\n\t<meta property=\"og:image:width\" content=\"400\" \/>\n\t<meta property=\"og:image:height\" content=\"300\" \/>\n\t<meta property=\"og:image:type\" content=\"image\/jpeg\" \/>\n<meta name=\"twitter:card\" content=\"summary_large_image\" \/>\n<meta name=\"twitter:label1\" content=\"Geschatte leestijd\" \/>\n\t<meta name=\"twitter:data1\" content=\"6 minuten\" \/>\n<script type=\"application\/ld+json\" class=\"yoast-schema-graph\">{\"@context\":\"https:\/\/schema.org\",\"@graph\":[{\"@type\":\"WebPage\",\"@id\":\"https:\/\/buy-prescriptionz.com\/es\/producto\/comprar-vicoprofeno-en-linea\/\",\"url\":\"https:\/\/buy-prescriptionz.com\/es\/producto\/comprar-vicoprofeno-en-linea\/\",\"name\":\"Buy Vicoprofen Online USA - Buy Vicoprofen Online for Sale -\",\"isPartOf\":{\"@id\":\"https:\/\/buy-prescriptionz.com\/#website\"},\"primaryImageOfPage\":{\"@id\":\"https:\/\/buy-prescriptionz.com\/es\/producto\/comprar-vicoprofeno-en-linea\/#primaryimage\"},\"image\":{\"@id\":\"https:\/\/buy-prescriptionz.com\/es\/producto\/comprar-vicoprofeno-en-linea\/#primaryimage\"},\"thumbnailUrl\":\"https:\/\/buy-prescriptionz.com\/wp-content\/uploads\/2025\/09\/vicoprofen.jpg\",\"datePublished\":\"2025-09-16T08:56:09+00:00\",\"dateModified\":\"2025-09-26T17:48:15+00:00\",\"description\":\"Buy Vicoprofen Online, we are best sellers of this drug. we sell other drugs for pain and anxiety. we do discrete shipping and safe delBuy Vicoprofen Online\",\"breadcrumb\":{\"@id\":\"https:\/\/buy-prescriptionz.com\/es\/producto\/comprar-vicoprofeno-en-linea\/#breadcrumb\"},\"inLanguage\":\"nl-NL\",\"potentialAction\":[{\"@type\":\"ReadAction\",\"target\":[\"https:\/\/buy-prescriptionz.com\/es\/producto\/comprar-vicoprofeno-en-linea\/\"]}]},{\"@type\":\"ImageObject\",\"inLanguage\":\"nl-NL\",\"@id\":\"https:\/\/buy-prescriptionz.com\/es\/producto\/comprar-vicoprofeno-en-linea\/#primaryimage\",\"url\":\"https:\/\/buy-prescriptionz.com\/wp-content\/uploads\/2025\/09\/vicoprofen.jpg\",\"contentUrl\":\"https:\/\/buy-prescriptionz.com\/wp-content\/uploads\/2025\/09\/vicoprofen.jpg\",\"width\":400,\"height\":300},{\"@type\":\"BreadcrumbList\",\"@id\":\"https:\/\/buy-prescriptionz.com\/es\/producto\/comprar-vicoprofeno-en-linea\/#breadcrumb\",\"itemListElement\":[{\"@type\":\"ListItem\",\"position\":1,\"name\":\"Home\",\"item\":\"https:\/\/buy-prescriptionz.com\/\"},{\"@type\":\"ListItem\",\"position\":2,\"name\":\"Shop Painkillers Online\",\"item\":\"https:\/\/buy-prescriptionz.com\/shop-painkillers-online\/\"},{\"@type\":\"ListItem\",\"position\":3,\"name\":\"Buy Vicoprofen Online\"}]},{\"@type\":\"WebSite\",\"@id\":\"https:\/\/buy-prescriptionz.com\/#website\",\"url\":\"https:\/\/buy-prescriptionz.com\/\",\"name\":\"Buy Prescriptionz\",\"description\":\"Drugs Online\",\"publisher\":{\"@id\":\"https:\/\/buy-prescriptionz.com\/#organization\"},\"potentialAction\":[{\"@type\":\"SearchAction\",\"target\":{\"@type\":\"EntryPoint\",\"urlTemplate\":\"https:\/\/buy-prescriptionz.com\/?s={search_term_string}\"},\"query-input\":{\"@type\":\"PropertyValueSpecification\",\"valueRequired\":true,\"valueName\":\"search_term_string\"}}],\"inLanguage\":\"nl-NL\"},{\"@type\":\"Organization\",\"@id\":\"https:\/\/buy-prescriptionz.com\/#organization\",\"name\":\"Buy Prescriptionz\",\"url\":\"https:\/\/buy-prescriptionz.com\/\",\"logo\":{\"@type\":\"ImageObject\",\"inLanguage\":\"nl-NL\",\"@id\":\"https:\/\/buy-prescriptionz.com\/#\/schema\/logo\/image\/\",\"url\":\"https:\/\/buy-prescriptionz.com\/wp-content\/uploads\/2023\/09\/logo.png\",\"contentUrl\":\"https:\/\/buy-prescriptionz.com\/wp-content\/uploads\/2023\/09\/logo.png\",\"width\":350,\"height\":64,\"caption\":\"Buy Prescriptionz\"},\"image\":{\"@id\":\"https:\/\/buy-prescriptionz.com\/#\/schema\/logo\/image\/\"}}]}<\/script>\n<!-- \/ Yoast SEO plugin. -->","yoast_head_json":{"title":"Vicoprofen online kopen in de VS - Vicoprofen online kopen voor verkoop -","description":"Koop Vicoprofen online, wij zijn de bestseller van dit medicijn. Wij verkopen ook andere medicijnen tegen pijn en angst. Wij verzenden discreet en veilig. Koop Vicoprofen online","robots":{"index":"index","follow":"follow","max-snippet":"max-snippet:-1","max-image-preview":"max-image-preview:large","max-video-preview":"max-video-preview:-1"},"canonical":"https:\/\/buy-prescriptionz.com\/nl\/product\/vicoprofen-online-kopen\/","og_locale":"nl_NL","og_type":"article","og_title":"Buy Vicoprofen Online USA - Buy Vicoprofen Online for Sale -","og_description":"Buy Vicoprofen Online, we are best sellers of this drug. we sell other drugs for pain and anxiety. we do discrete shipping and safe delBuy Vicoprofen Online","og_url":"https:\/\/buy-prescriptionz.com\/nl\/product\/vicoprofen-online-kopen\/","og_site_name":"Buy Prescriptionz","article_modified_time":"2025-09-26T17:48:15+00:00","og_image":[{"width":400,"height":300,"url":"https:\/\/buy-prescriptionz.com\/wp-content\/uploads\/2025\/09\/vicoprofen.jpg","type":"image\/jpeg"}],"twitter_card":"summary_large_image","twitter_misc":{"Geschatte leestijd":"6 minuten"},"schema":{"@context":"https:\/\/schema.org","@graph":[{"@type":"WebPage","@id":"https:\/\/buy-prescriptionz.com\/es\/producto\/comprar-vicoprofeno-en-linea\/","url":"https:\/\/buy-prescriptionz.com\/es\/producto\/comprar-vicoprofeno-en-linea\/","name":"Vicoprofen online kopen in de VS - Vicoprofen online kopen voor verkoop -","isPartOf":{"@id":"https:\/\/buy-prescriptionz.com\/#website"},"primaryImageOfPage":{"@id":"https:\/\/buy-prescriptionz.com\/es\/producto\/comprar-vicoprofeno-en-linea\/#primaryimage"},"image":{"@id":"https:\/\/buy-prescriptionz.com\/es\/producto\/comprar-vicoprofeno-en-linea\/#primaryimage"},"thumbnailUrl":"https:\/\/buy-prescriptionz.com\/wp-content\/uploads\/2025\/09\/vicoprofen.jpg","datePublished":"2025-09-16T08:56:09+00:00","dateModified":"2025-09-26T17:48:15+00:00","description":"Koop Vicoprofen online, wij zijn de bestseller van dit medicijn. Wij verkopen ook andere medicijnen tegen pijn en angst. Wij verzenden discreet en veilig. Koop Vicoprofen online","breadcrumb":{"@id":"https:\/\/buy-prescriptionz.com\/es\/producto\/comprar-vicoprofeno-en-linea\/#breadcrumb"},"inLanguage":"nl-NL","potentialAction":[{"@type":"ReadAction","target":["https:\/\/buy-prescriptionz.com\/es\/producto\/comprar-vicoprofeno-en-linea\/"]}]},{"@type":"ImageObject","inLanguage":"nl-NL","@id":"https:\/\/buy-prescriptionz.com\/es\/producto\/comprar-vicoprofeno-en-linea\/#primaryimage","url":"https:\/\/buy-prescriptionz.com\/wp-content\/uploads\/2025\/09\/vicoprofen.jpg","contentUrl":"https:\/\/buy-prescriptionz.com\/wp-content\/uploads\/2025\/09\/vicoprofen.jpg","width":400,"height":300},{"@type":"BreadcrumbList","@id":"https:\/\/buy-prescriptionz.com\/es\/producto\/comprar-vicoprofeno-en-linea\/#breadcrumb","itemListElement":[{"@type":"ListItem","position":1,"name":"Home","item":"https:\/\/buy-prescriptionz.com\/"},{"@type":"ListItem","position":2,"name":"Shop Painkillers Online","item":"https:\/\/buy-prescriptionz.com\/shop-painkillers-online\/"},{"@type":"ListItem","position":3,"name":"Buy Vicoprofen Online"}]},{"@type":"WebSite","@id":"https:\/\/buy-prescriptionz.com\/#website","url":"https:\/\/buy-prescriptionz.com\/","name":"Buy Prescriptionz","description":"Drugs Online","publisher":{"@id":"https:\/\/buy-prescriptionz.com\/#organization"},"potentialAction":[{"@type":"SearchAction","target":{"@type":"EntryPoint","urlTemplate":"https:\/\/buy-prescriptionz.com\/?s={search_term_string}"},"query-input":{"@type":"PropertyValueSpecification","valueRequired":true,"valueName":"search_term_string"}}],"inLanguage":"nl-NL"},{"@type":"Organization","@id":"https:\/\/buy-prescriptionz.com\/#organization","name":"Buy Prescriptionz","url":"https:\/\/buy-prescriptionz.com\/","logo":{"@type":"ImageObject","inLanguage":"nl-NL","@id":"https:\/\/buy-prescriptionz.com\/#\/schema\/logo\/image\/","url":"https:\/\/buy-prescriptionz.com\/wp-content\/uploads\/2023\/09\/logo.png","contentUrl":"https:\/\/buy-prescriptionz.com\/wp-content\/uploads\/2023\/09\/logo.png","width":350,"height":64,"caption":"Buy Prescriptionz"},"image":{"@id":"https:\/\/buy-prescriptionz.com\/#\/schema\/logo\/image\/"}}]}},"_links":{"self":[{"href":"https:\/\/buy-prescriptionz.com\/nl\/wp-json\/wp\/v2\/product\/3053","targetHints":{"allow":["GET"]}}],"collection":[{"href":"https:\/\/buy-prescriptionz.com\/nl\/wp-json\/wp\/v2\/product"}],"about":[{"href":"https:\/\/buy-prescriptionz.com\/nl\/wp-json\/wp\/v2\/types\/product"}],"replies":[{"embeddable":true,"href":"https:\/\/buy-prescriptionz.com\/nl\/wp-json\/wp\/v2\/comments?post=3053"}],"wp:featuredmedia":[{"embeddable":true,"href":"https:\/\/buy-prescriptionz.com\/nl\/wp-json\/wp\/v2\/media\/3083"}],"wp:attachment":[{"href":"https:\/\/buy-prescriptionz.com\/nl\/wp-json\/wp\/v2\/media?parent=3053"}],"wp:term":[{"taxonomy":"product_brand","embeddable":true,"href":"https:\/\/buy-prescriptionz.com\/nl\/wp-json\/wp\/v2\/product_brand?post=3053"},{"taxonomy":"product_cat","embeddable":true,"href":"https:\/\/buy-prescriptionz.com\/nl\/wp-json\/wp\/v2\/product_cat?post=3053"},{"taxonomy":"product_tag","embeddable":true,"href":"https:\/\/buy-prescriptionz.com\/nl\/wp-json\/wp\/v2\/product_tag?post=3053"}],"curies":[{"name":"wp","href":"https:\/\/api.w.org\/{rel}","templated":true}]}}