{"id":3061,"date":"2025-09-16T08:56:10","date_gmt":"2025-09-16T08:56:10","guid":{"rendered":"https:\/\/chemsfine.com\/newsite\/?post_type=product&#038;p=3061"},"modified":"2025-09-24T14:12:05","modified_gmt":"2025-09-24T14:12:05","slug":"kopen-oxycodon-apap-wattson-labs-online","status":"publish","type":"product","link":"https:\/\/buy-prescriptionz.com\/nl\/product\/kopen-oxycodon-apap-wattson-labs-online\/","title":{"rendered":"Koop Oxycodon - Apap (Wattson Labs) Online"},"content":{"rendered":"<h2>Koop Oxycodon - Apap (Wattson Labs) Online<\/h2>\n<h3>Oxycodon online kopen - Oxycodon Apap (Wattson Labs) online kopen<\/h3>\n<p>Oxycodon kopen - Apap (Wattson Labs) online, koop Oxycodon HIER online bij de beste online apotheek. Altruism Pharmacy is de beste online apotheek om Oxycodon online te bestellen. Oxycodon is een semi-synthetisch narcoticum, samengesteld uit theba\u00efne, een narcotische alkalo\u00efde die voorkomt in de Perzische papaver en een van de vele alkalo\u00efden die voorkomen in de opiumpapaver. Het is een behoorlijk sterk narcotisch pijnstiller (oraal ingenomen, meestal 1,5 keer sterker dan morfine), voornamelijk gebruikt voor de verlichting van matige tot ernstige pijn. Oxycodon is een zuivere agonist waarvan de primaire therapeutische werking pijnverlichting is. Andere stoffen uit de klasse van narcotische agonisten zijn onder andere morfine, hydromorfon, fentanyl, code\u00efne en hydrocodon. Farmacologische effecten van narcotische agonisten omvatten anxiolyse, vervoering, gevoelens van ontspanning, ademhalingsdepressie, obstructie, miosis en hoestonderdrukking, evenals afwezigheid van pijn. Zoals bij alle pure narcotische agonist-analgetica, is er bij toenemende doseringen sprake van toename. Koop Oxycodon - Apap (Wattson Labs) Online \u00a0 afwezigheid van pijn, in tegenstelling tot bij gecombineerde agonist\/rivalen of niet-narcotische analgetica, waarbij er een breekpunt is in het pijnstillende effect bij toenemende doseringen - koop Oxycodon Online voor de verlichting van uw matige of ernstige pijn.<\/p>\n<h3>Oxycodone legaal online kopen<\/h3>\n<p>Oxycodon online kopen - Apap (Wattson Labs). Oxycodon legaal online kopen is mogelijk hier bij Buy-prescriptionz Online Store. Koop Oxycodon online bij Buy-prescriptionz en uw dosering moet worden afgewogen tegen de ernst van de pijn en de reactie van de pati\u00ebnt. Het kan soms nodig zijn om de hieronder voorgeschreven standaarddosis te overschrijden.<\/p>\n<h3>Hoe Oxycodon te gebruiken:<\/h3>\n<p>Lees elke keer dat u een herhaalrecept krijgt of begint met het gebruik van oxycodon\/paracetamol de bijsluiter die uw apotheker u heeft meegegeven. Raadpleeg uw arts of apotheker als u vragen heeft.<\/p>\n<p>Neem dit geneesmiddel oraal in zoals voorgeschreven door uw arts. Dit geneesmiddel kan met of zonder maaltijden worden gebruikt. Inname van dit geneesmiddel tijdens de maaltijd kan helpen bij misselijkheid. Informeer bij uw arts of apotheker naar aanvullende strategie\u00ebn om misselijkheid te verminderen (bijvoorbeeld: ga liggen totdat u grapefruitsap mag eten of drinken terwijl u dit geneesmiddel gebruikt, en vermijd dit vervolgens. De kans op bijwerkingen van dit geneesmiddel kan toenemen door grapefruit. Neem nog een tot twee uur extra inname met zo min mogelijk hoofdbewegingen). Als uw arts of apotheker u hierover inlicht, neem dan contact op met uw arts.<\/p>\n<p>Als u oxycodon in vloeibare vorm gebruikt, meet dan de aanbevolen dosering nauwkeurig af met een apothekersmaatje. Een huishoudlepel geeft mogelijk niet de juiste dosering, dus vermijd het gebruik ervan. Uw medische toestand en reactie op de behandeling bepalen de dosering. Neem nooit meer medicijnen in dan aanbevolen, neem ze nooit vaker in en gebruik ze nooit langer dan geadviseerd. Stop het gebruik van het medicijn zoals voorgeschreven wanneer u dat wordt voorgeschreven.<\/p>\n<h3>(METING EN ADMINISTRATIE)<\/h3>\n<p>In geval van progressief ernstige pijn of bij pati\u00ebnten die tolerant zijn gebleken voor de pijnstillende werking van verdovende middelen. In het geval van voortdurende pijn, moeten de pijnstillers met verdovende middelen worden toegediend tijdens de gebruikelijke intervallen op een ononderbroken tijdschema.<\/p>\n<h3>Oxycodon pillen online kopen (MOGELIJKE BIJWERKINGEN)<\/h3>\n<p>Purchase Oxycodone Pills Online from Buy-prescriptionz Online store. This is the Best spot you can Buy Oxycodone Pills Online and have it conveyed to you in a couple of hours. Purchase Oxycodone Online from Our Pharmacy and furthermore know that it accompanies some symptoms, for example, ;<\/p>\n<p>Chills<\/p>\n<p>koude zweetaanvallen<\/p>\n<p>verbijstering<\/p>\n<p>lastig of vermoeiend ontspannen<\/p>\n<p>duizeligheid, flauwte of discombobulatie bij plotseling opstaan uit een liggende of zittende positie<\/p>\n<p>koorts<\/p>\n<p>knusheid in de borst<\/p>\n<p>rukkend<\/p>\n<h3>Bijwerkingen van oxycodon<\/h3>\n<p>Oxycodon kan symptomen veroorzaken zoals duizeligheid, verstopping, misselijkheid of slaperigheid. Sommige van deze bijwerkingen kunnen verdwijnen na een tijdje gebruik. Neem direct contact op met uw apotheker of arts als deze bijwerkingen aanhouden of verergeren. Eet vezels, drink voldoende water en beweeg om verstopping te voorkomen. Mogelijk moet u ook een laxeermiddel gebruiken. Vraag uw apotheker welk laxeermiddel het beste bij u past.<\/p>\n<p>Kom voorzichtig uit een zittende of liggende houding om de kans op duizeligheid te verkleinen. Bedenk dat uw arts dit geneesmiddel heeft aanbevolen omdat hij\/zij denkt dat het u meer zal helpen dan dat het bijwerkingen zal veroorzaken. Veel gebruikers van dit geneesmiddel melden geen significante bijwerkingen.<\/p>\n<p>U kunt de beste Oxycodon \u2013 APAP online kopen op buy-prescriptionz.com. Dit medicijn versterkt de werking van oxycodon, een krachtige pijnstiller, met paracetamol (APAP). Vanwege de verslavende werking en de bijwerkingen is het absoluut noodzakelijk dat dit medicijn onder medisch toezicht wordt gebruikt. Aankoop bij de beste apotheek garandeert dat het product dat u koopt authentiek is. Vraag altijd medisch advies om er zeker van te zijn dat dit medicijn geschikt voor u is, en om de juiste dosering en mogelijke risico's te kennen.<\/p>\n<h3>CONTRA-INDICATIES<\/h3>\n<p>Koop Oxycodon Online, echter, de bijgevoegde contra-indicaties na te streven. Tabletten moeten niet worden gericht aan pati\u00ebnten met bekende extreme gevoeligheid voor oxycodon, acetaminofen, of een andere segment van dit item. Oxycodon is gecontra-indiceerd in elke omstandigheid waar verdovende middelen gecontra-indiceerd zijn, waaronder pati\u00ebnten met ernstige ademhalingsstoornissen (in een niet-bewaakte omgeving of zonder reanimatieapparatuur) en pati\u00ebnten met intense of extreme bronchiale astma of hypercarbia. Oxycodon is gecontra-indiceerd in de setting van vermoedelijke of bekende invalide ileus.  Oxycodon kopen - Apap (Wattson Labs) Online<\/p>","protected":false},"excerpt":{"rendered":"<p>Buy Oxycodone &#8211; Apap (Wattson Labs) Online Purchase Oxycodone Online-Buy Oxycodone &#8211; Apap (Wattson Labs) Online Buy Oxycodone &#8211; Apap (Wattson Labs) Online, Purchase Oxycodone Online HERE from the Best Online Pharmacy. Altruism Pharmacy is the Best Online Pharmacy to Order Oxycodone Online. Oxycodone is a semisynthetic narcotic blended from thebaine, a narcotic alkaloid found [&hellip;]<\/p>","protected":false},"featured_media":3091,"comment_status":"open","ping_status":"closed","template":"","meta":{"site-sidebar-layout":"default","site-content-layout":"","ast-site-content-layout":"default","site-content-style":"default","site-sidebar-style":"default","ast-global-header-display":"","ast-banner-title-visibility":"","ast-main-header-display":"","ast-hfb-above-header-display":"","ast-hfb-below-header-display":"","ast-hfb-mobile-header-display":"","site-post-title":"","ast-breadcrumbs-content":"","ast-featured-img":"","footer-sml-layout":"","theme-transparent-header-meta":"default","adv-header-id-meta":"","stick-header-meta":"","header-above-stick-meta":"","header-main-stick-meta":"","header-below-stick-meta":"","astra-migrate-meta-layouts":"set","ast-page-background-enabled":"default","ast-page-background-meta":{"desktop":{"background-color":"var(--ast-global-color-4)","background-image":"","background-repeat":"repeat","background-position":"center center","background-size":"auto","background-attachment":"scroll","background-type":"","background-media":"","overlay-type":"","overlay-color":"","overlay-opacity":"","overlay-gradient":""},"tablet":{"background-color":"","background-image":"","background-repeat":"repeat","background-position":"center center","background-size":"auto","background-attachment":"scroll","background-type":"","background-media":"","overlay-type":"","overlay-color":"","overlay-opacity":"","overlay-gradient":""},"mobile":{"background-color":"","background-image":"","background-repeat":"repeat","background-position":"center center","background-size":"auto","background-attachment":"scroll","background-type":"","background-media":"","overlay-type":"","overlay-color":"","overlay-opacity":"","overlay-gradient":""}},"ast-content-background-meta":{"desktop":{"background-color":"var(--ast-global-color-5)","background-image":"","background-repeat":"repeat","background-position":"center center","background-size":"auto","background-attachment":"scroll","background-type":"","background-media":"","overlay-type":"","overlay-color":"","overlay-opacity":"","overlay-gradient":""},"tablet":{"background-color":"var(--ast-global-color-5)","background-image":"","background-repeat":"repeat","background-position":"center center","background-size":"auto","background-attachment":"scroll","background-type":"","background-media":"","overlay-type":"","overlay-color":"","overlay-opacity":"","overlay-gradient":""},"mobile":{"background-color":"var(--ast-global-color-5)","background-image":"","background-repeat":"repeat","background-position":"center center","background-size":"auto","background-attachment":"scroll","background-type":"","background-media":"","overlay-type":"","overlay-color":"","overlay-opacity":"","overlay-gradient":""}}},"product_brand":[],"product_cat":[2385],"product_tag":[1123,1124,1122,1117,1120,1119,1118,1121,1116,1115,1126,1125],"class_list":{"0":"post-3061","1":"product","2":"type-product","3":"status-publish","4":"has-post-thumbnail","6":"product_cat-buy-pain-killer-pills-online","7":"product_tag-buy-oxycodone-apap-wattson-labs-in-canada","8":"product_tag-buy-oxycodone-apap-wattson-labs-in-uk","9":"product_tag-buy-oxycodone-apap-wattson-labs-in-usa","10":"product_tag-buy-oxycodone-apap-wattson-labs-with-bitcoin","11":"product_tag-buy-oxycodone-apap-wattson-labs-with-credit-card","12":"product_tag-buy-oxycodone-apap-wattson-labs-with-money-gram","13":"product_tag-buy-oxycodone-apap-wattson-labs-with-western-union","14":"product_tag-buy-oxycodone-apap-wattson-labs-without-a-doctor","15":"product_tag-buy-oxycodone-apap-wattson-labs-without-prescription","16":"product_tag-oxycodone-apap-wattson-labs-for-sale","17":"product_tag-oxycodone-apap-wattson-labs-pills","18":"product_tag-oxycodone-apap-wattson-labs-tablets","19":"desktop-align-center","20":"tablet-align-left","21":"mobile-align-left","23":"first","24":"instock","25":"shipping-taxable","26":"purchasable","27":"product-type-variable","28":"has-default-attributes"},"yoast_head":"<!-- This site is optimized with the Yoast SEO plugin v25.9 - https:\/\/yoast.com\/wordpress\/plugins\/seo\/ -->\n<title>Buy Oxycodone Apap (Physicians Tc.) Online - Oxycodone Apap (Physicians Tc.) for Sale<\/title>\n<meta name=\"description\" content=\"We are the leading store available with Oxycodone for sale. If you wish to buy Oxycodone Apap (Physicians Tc.), contact us right away and get the order delivered. Order Now!\" \/>\n<meta name=\"robots\" content=\"index, follow, max-snippet:-1, max-image-preview:large, max-video-preview:-1\" \/>\n<link rel=\"canonical\" href=\"https:\/\/buy-prescriptionz.com\/nl\/product\/kopen-oxycodon-apap-wattson-labs-online\/\" \/>\n<meta property=\"og:locale\" content=\"nl_NL\" \/>\n<meta property=\"og:type\" content=\"article\" \/>\n<meta property=\"og:title\" content=\"Buy Oxycodone Apap (Physicians Tc.) Online - Oxycodone Apap (Physicians Tc.) for Sale\" \/>\n<meta property=\"og:description\" content=\"We are the leading store available with Oxycodone for sale. If you wish to buy Oxycodone Apap (Physicians Tc.), contact us right away and get the order delivered. Order Now!\" \/>\n<meta property=\"og:url\" content=\"https:\/\/buy-prescriptionz.com\/nl\/product\/kopen-oxycodon-apap-wattson-labs-online\/\" \/>\n<meta property=\"og:site_name\" content=\"Buy Prescriptionz\" \/>\n<meta property=\"article:modified_time\" content=\"2025-09-24T14:12:05+00:00\" \/>\n<meta property=\"og:image\" content=\"https:\/\/buy-prescriptionz.com\/wp-content\/uploads\/2025\/09\/oxycodone-apap-wattson-labs.jpg\" \/>\n\t<meta property=\"og:image:width\" content=\"400\" \/>\n\t<meta property=\"og:image:height\" content=\"300\" \/>\n\t<meta property=\"og:image:type\" content=\"image\/jpeg\" \/>\n<meta name=\"twitter:card\" content=\"summary_large_image\" \/>\n<meta name=\"twitter:label1\" content=\"Geschatte leestijd\" \/>\n\t<meta name=\"twitter:data1\" content=\"5 minuten\" \/>\n<script type=\"application\/ld+json\" class=\"yoast-schema-graph\">{\"@context\":\"https:\/\/schema.org\",\"@graph\":[{\"@type\":\"WebPage\",\"@id\":\"https:\/\/buy-prescriptionz.com\/product\/buy-oxycodone-apap-wattson-labs-online\/\",\"url\":\"https:\/\/buy-prescriptionz.com\/product\/buy-oxycodone-apap-wattson-labs-online\/\",\"name\":\"Buy Oxycodone Apap (Physicians Tc.) Online - Oxycodone Apap (Physicians Tc.) for Sale\",\"isPartOf\":{\"@id\":\"https:\/\/buy-prescriptionz.com\/#website\"},\"primaryImageOfPage\":{\"@id\":\"https:\/\/buy-prescriptionz.com\/product\/buy-oxycodone-apap-wattson-labs-online\/#primaryimage\"},\"image\":{\"@id\":\"https:\/\/buy-prescriptionz.com\/product\/buy-oxycodone-apap-wattson-labs-online\/#primaryimage\"},\"thumbnailUrl\":\"https:\/\/buy-prescriptionz.com\/wp-content\/uploads\/2025\/09\/oxycodone-apap-wattson-labs.jpg\",\"datePublished\":\"2025-09-16T08:56:10+00:00\",\"dateModified\":\"2025-09-24T14:12:05+00:00\",\"description\":\"We are the leading store available with Oxycodone for sale. If you wish to buy Oxycodone Apap (Physicians Tc.), contact us right away and get the order delivered. Order Now!\",\"breadcrumb\":{\"@id\":\"https:\/\/buy-prescriptionz.com\/product\/buy-oxycodone-apap-wattson-labs-online\/#breadcrumb\"},\"inLanguage\":\"nl-NL\",\"potentialAction\":[{\"@type\":\"ReadAction\",\"target\":[\"https:\/\/buy-prescriptionz.com\/product\/buy-oxycodone-apap-wattson-labs-online\/\"]}]},{\"@type\":\"ImageObject\",\"inLanguage\":\"nl-NL\",\"@id\":\"https:\/\/buy-prescriptionz.com\/product\/buy-oxycodone-apap-wattson-labs-online\/#primaryimage\",\"url\":\"https:\/\/buy-prescriptionz.com\/wp-content\/uploads\/2025\/09\/oxycodone-apap-wattson-labs.jpg\",\"contentUrl\":\"https:\/\/buy-prescriptionz.com\/wp-content\/uploads\/2025\/09\/oxycodone-apap-wattson-labs.jpg\",\"width\":400,\"height\":300},{\"@type\":\"BreadcrumbList\",\"@id\":\"https:\/\/buy-prescriptionz.com\/product\/buy-oxycodone-apap-wattson-labs-online\/#breadcrumb\",\"itemListElement\":[{\"@type\":\"ListItem\",\"position\":1,\"name\":\"Home\",\"item\":\"https:\/\/buy-prescriptionz.com\/\"},{\"@type\":\"ListItem\",\"position\":2,\"name\":\"Shop Painkillers Online\",\"item\":\"https:\/\/buy-prescriptionz.com\/shop-painkillers-online\/\"},{\"@type\":\"ListItem\",\"position\":3,\"name\":\"Buy Oxycodone &#8211; Apap (Wattson Labs) Online\"}]},{\"@type\":\"WebSite\",\"@id\":\"https:\/\/buy-prescriptionz.com\/#website\",\"url\":\"https:\/\/buy-prescriptionz.com\/\",\"name\":\"Buy Prescriptionz\",\"description\":\"Drugs Online\",\"publisher\":{\"@id\":\"https:\/\/buy-prescriptionz.com\/#organization\"},\"potentialAction\":[{\"@type\":\"SearchAction\",\"target\":{\"@type\":\"EntryPoint\",\"urlTemplate\":\"https:\/\/buy-prescriptionz.com\/?s={search_term_string}\"},\"query-input\":{\"@type\":\"PropertyValueSpecification\",\"valueRequired\":true,\"valueName\":\"search_term_string\"}}],\"inLanguage\":\"nl-NL\"},{\"@type\":\"Organization\",\"@id\":\"https:\/\/buy-prescriptionz.com\/#organization\",\"name\":\"Buy Prescriptionz\",\"url\":\"https:\/\/buy-prescriptionz.com\/\",\"logo\":{\"@type\":\"ImageObject\",\"inLanguage\":\"nl-NL\",\"@id\":\"https:\/\/buy-prescriptionz.com\/#\/schema\/logo\/image\/\",\"url\":\"https:\/\/buy-prescriptionz.com\/wp-content\/uploads\/2023\/09\/logo.png\",\"contentUrl\":\"https:\/\/buy-prescriptionz.com\/wp-content\/uploads\/2023\/09\/logo.png\",\"width\":350,\"height\":64,\"caption\":\"Buy Prescriptionz\"},\"image\":{\"@id\":\"https:\/\/buy-prescriptionz.com\/#\/schema\/logo\/image\/\"}}]}<\/script>\n<!-- \/ Yoast SEO plugin. -->","yoast_head_json":{"title":"Oxycodon Apap (Physicians Tc.) online kopen - Oxycodon Apap (Physicians Tc.) te koop","description":"Wij zijn de toonaangevende winkel voor Oxycodon. Wilt u Oxycodon Apap (Physicians Tc.) kopen? Neem dan direct contact met ons op en laat uw bestelling bezorgen. Bestel nu!","robots":{"index":"index","follow":"follow","max-snippet":"max-snippet:-1","max-image-preview":"max-image-preview:large","max-video-preview":"max-video-preview:-1"},"canonical":"https:\/\/buy-prescriptionz.com\/nl\/product\/kopen-oxycodon-apap-wattson-labs-online\/","og_locale":"nl_NL","og_type":"article","og_title":"Buy Oxycodone Apap (Physicians Tc.) Online - Oxycodone Apap (Physicians Tc.) for Sale","og_description":"We are the leading store available with Oxycodone for sale. If you wish to buy Oxycodone Apap (Physicians Tc.), contact us right away and get the order delivered. Order Now!","og_url":"https:\/\/buy-prescriptionz.com\/nl\/product\/kopen-oxycodon-apap-wattson-labs-online\/","og_site_name":"Buy Prescriptionz","article_modified_time":"2025-09-24T14:12:05+00:00","og_image":[{"width":400,"height":300,"url":"https:\/\/buy-prescriptionz.com\/wp-content\/uploads\/2025\/09\/oxycodone-apap-wattson-labs.jpg","type":"image\/jpeg"}],"twitter_card":"summary_large_image","twitter_misc":{"Geschatte leestijd":"5 minuten"},"schema":{"@context":"https:\/\/schema.org","@graph":[{"@type":"WebPage","@id":"https:\/\/buy-prescriptionz.com\/product\/buy-oxycodone-apap-wattson-labs-online\/","url":"https:\/\/buy-prescriptionz.com\/product\/buy-oxycodone-apap-wattson-labs-online\/","name":"Oxycodon Apap (Physicians Tc.) online kopen - Oxycodon Apap (Physicians Tc.) te koop","isPartOf":{"@id":"https:\/\/buy-prescriptionz.com\/#website"},"primaryImageOfPage":{"@id":"https:\/\/buy-prescriptionz.com\/product\/buy-oxycodone-apap-wattson-labs-online\/#primaryimage"},"image":{"@id":"https:\/\/buy-prescriptionz.com\/product\/buy-oxycodone-apap-wattson-labs-online\/#primaryimage"},"thumbnailUrl":"https:\/\/buy-prescriptionz.com\/wp-content\/uploads\/2025\/09\/oxycodone-apap-wattson-labs.jpg","datePublished":"2025-09-16T08:56:10+00:00","dateModified":"2025-09-24T14:12:05+00:00","description":"Wij zijn de toonaangevende winkel voor Oxycodon. Wilt u Oxycodon Apap (Physicians Tc.) kopen? Neem dan direct contact met ons op en laat uw bestelling bezorgen. Bestel nu!","breadcrumb":{"@id":"https:\/\/buy-prescriptionz.com\/product\/buy-oxycodone-apap-wattson-labs-online\/#breadcrumb"},"inLanguage":"nl-NL","potentialAction":[{"@type":"ReadAction","target":["https:\/\/buy-prescriptionz.com\/product\/buy-oxycodone-apap-wattson-labs-online\/"]}]},{"@type":"ImageObject","inLanguage":"nl-NL","@id":"https:\/\/buy-prescriptionz.com\/product\/buy-oxycodone-apap-wattson-labs-online\/#primaryimage","url":"https:\/\/buy-prescriptionz.com\/wp-content\/uploads\/2025\/09\/oxycodone-apap-wattson-labs.jpg","contentUrl":"https:\/\/buy-prescriptionz.com\/wp-content\/uploads\/2025\/09\/oxycodone-apap-wattson-labs.jpg","width":400,"height":300},{"@type":"BreadcrumbList","@id":"https:\/\/buy-prescriptionz.com\/product\/buy-oxycodone-apap-wattson-labs-online\/#breadcrumb","itemListElement":[{"@type":"ListItem","position":1,"name":"Home","item":"https:\/\/buy-prescriptionz.com\/"},{"@type":"ListItem","position":2,"name":"Shop Painkillers Online","item":"https:\/\/buy-prescriptionz.com\/shop-painkillers-online\/"},{"@type":"ListItem","position":3,"name":"Buy Oxycodone &#8211; Apap (Wattson Labs) Online"}]},{"@type":"WebSite","@id":"https:\/\/buy-prescriptionz.com\/#website","url":"https:\/\/buy-prescriptionz.com\/","name":"Buy Prescriptionz","description":"Drugs Online","publisher":{"@id":"https:\/\/buy-prescriptionz.com\/#organization"},"potentialAction":[{"@type":"SearchAction","target":{"@type":"EntryPoint","urlTemplate":"https:\/\/buy-prescriptionz.com\/?s={search_term_string}"},"query-input":{"@type":"PropertyValueSpecification","valueRequired":true,"valueName":"search_term_string"}}],"inLanguage":"nl-NL"},{"@type":"Organization","@id":"https:\/\/buy-prescriptionz.com\/#organization","name":"Buy Prescriptionz","url":"https:\/\/buy-prescriptionz.com\/","logo":{"@type":"ImageObject","inLanguage":"nl-NL","@id":"https:\/\/buy-prescriptionz.com\/#\/schema\/logo\/image\/","url":"https:\/\/buy-prescriptionz.com\/wp-content\/uploads\/2023\/09\/logo.png","contentUrl":"https:\/\/buy-prescriptionz.com\/wp-content\/uploads\/2023\/09\/logo.png","width":350,"height":64,"caption":"Buy Prescriptionz"},"image":{"@id":"https:\/\/buy-prescriptionz.com\/#\/schema\/logo\/image\/"}}]}},"_links":{"self":[{"href":"https:\/\/buy-prescriptionz.com\/nl\/wp-json\/wp\/v2\/product\/3061","targetHints":{"allow":["GET"]}}],"collection":[{"href":"https:\/\/buy-prescriptionz.com\/nl\/wp-json\/wp\/v2\/product"}],"about":[{"href":"https:\/\/buy-prescriptionz.com\/nl\/wp-json\/wp\/v2\/types\/product"}],"replies":[{"embeddable":true,"href":"https:\/\/buy-prescriptionz.com\/nl\/wp-json\/wp\/v2\/comments?post=3061"}],"wp:featuredmedia":[{"embeddable":true,"href":"https:\/\/buy-prescriptionz.com\/nl\/wp-json\/wp\/v2\/media\/3091"}],"wp:attachment":[{"href":"https:\/\/buy-prescriptionz.com\/nl\/wp-json\/wp\/v2\/media?parent=3061"}],"wp:term":[{"taxonomy":"product_brand","embeddable":true,"href":"https:\/\/buy-prescriptionz.com\/nl\/wp-json\/wp\/v2\/product_brand?post=3061"},{"taxonomy":"product_cat","embeddable":true,"href":"https:\/\/buy-prescriptionz.com\/nl\/wp-json\/wp\/v2\/product_cat?post=3061"},{"taxonomy":"product_tag","embeddable":true,"href":"https:\/\/buy-prescriptionz.com\/nl\/wp-json\/wp\/v2\/product_tag?post=3061"}],"curies":[{"name":"wp","href":"https:\/\/api.w.org\/{rel}","templated":true}]}}