{"id":3071,"date":"2025-09-16T08:56:11","date_gmt":"2025-09-16T08:56:11","guid":{"rendered":"https:\/\/chemsfine.com\/newsite\/?post_type=product&#038;p=3071"},"modified":"2025-09-21T12:21:54","modified_gmt":"2025-09-21T12:21:54","slug":"fioricet-butalbitol-online-kopen","status":"publish","type":"product","link":"https:\/\/buy-prescriptionz.com\/nl\/product\/fioricet-butalbitol-online-kopen\/","title":{"rendered":"Koop Fioricet (Butalbitol) Online"},"content":{"rendered":"<h2>Koop Fioricet Online<\/h2>\n<p>Koop Fioricet (Butalbitol) Online, Pati\u00ebnten die een voorschrift voor Fioricet nodig hebben hebben nu de mogelijkheid om Fioricet online te kopen met credit card in de USA. In staat zijn om online te kopen Fioricet is veel handiger voor de pati\u00ebnt. De pati\u00ebnt heeft geen voorafgaand recept van een arts nodig om fioricet online via de online apotheek te kunnen bestellen. De online apotheek is ontworpen om medicijnen van topkwaliteit tegen een gereduceerd tarief aan de pati\u00ebnten te verstrekken zonder de rompslomp van een dokterspraktijk. Fioricet is slechts \u00e9\u00e9n van de vele medicijnen waarvoor geen doktersbezoek nodig is om een recept te krijgen. Koop Fioricet (Butalbitol) Online, Dit betekent dat de pati\u00ebnt hoeft niet eens hun huis te verlaten om het geneesmiddel dat ze nodig hebben te krijgen.<\/p>\n<p>Fioricet is een combinatiemedicijn met cafe\u00efne, paracetamol en butalbital. Het wordt oraal ingenomen om spanningshoofdpijn te verlichten, meestal om de 4 uur. Omdat het echter verslavend kan worden en de hoofdpijn kan verergeren bij te regelmatig gebruik, wordt het niet aanbevolen als eerste alternatief. De beste Fioricet kan ook bijwerkingen hebben, zoals duizeligheid en slaperigheid. Er zijn medicijnen en een orale siroop voor beschikbaar.<\/p>\n<p>Butalbital, cafe\u00efne en paracetamol zitten allemaal in Fioricet-pillen. Paracetamol is een pijnstiller en koortsverlagend middel. Barbituraten zijn een klasse medicijnen waartoe butalbital behoort. Het verlicht spierspasmen die spanningshoofdpijn veroorzaken. Cafe\u00efne stimuleert het centrale zenuwstelsel. Om de bloedstroom te verbeteren, verlicht het spierspasmen in de bloedvaten. Mensen met stresshoofdpijn (veroorzaakt door gespannen spieren) gebruiken Fioricet.<\/p>\n<p>Om Fioricet online te bestellen, moet een pati\u00ebnt een vragenlijst invullen. Deze vragenlijst bevat verschillende medische en gezondheidsgerelateerde vragen. Nadat de pati\u00ebnt de vragenlijst heeft ingevuld, kan deze worden ingediend bij de online apotheek. De vragenlijst wordt ingediend bij een van de vele erkende artsen van de online apotheek. De erkende arts beoordeelt de vragenlijst en beslist of de bestelling al dan niet wordt goedgekeurd. Als de bestelling wordt goedgekeurd, kan de pati\u00ebnt Fioricet online kopen. De arts stuurt het recept voor Fioricet online naar de erkende apothekers, die de bestelling vervolgens verwerken en naar het door de pati\u00ebnt opgegeven adres sturen. Koop Fioricet (Butalbitol) online. Medicijnbestellingen worden meestal de volgende dag verzonden, zodat de pati\u00ebnt niet hoeft te wachten op het medicijn dat hij of zij nodig heeft.<\/p>\n<h3><strong>Koop Fioricet (Butalbitol) Online<\/strong><\/h3>\n<p>Fioricet is een combinatiemedicijn met cafe\u00efne, paracetamol en butalbital. Het wordt oraal ingenomen om spanningshoofdpijn te verlichten, meestal om de 4 uur. Omdat het echter verslavend kan worden en de hoofdpijn kan verergeren bij te regelmatig gebruik, wordt het niet aanbevolen als eerste alternatief. De beste Fioricet kan ook bijwerkingen hebben, zoals duizeligheid en slaperigheid. Er zijn medicijnen en een orale siroop voor beschikbaar.<\/p>\n<p>Butalbital, cafe\u00efne en paracetamol zitten allemaal in Fioricet-pillen. Paracetamol is een pijnstiller en koortsverlagend middel. Barbituraten zijn een klasse medicijnen waartoe butalbital behoort. Het verlicht spierspasmen die spanningshoofdpijn veroorzaken. Cafe\u00efne stimuleert het centrale zenuwstelsel. Om de bloedstroom te verbeteren, verlicht het spierspasmen in de bloedvaten. Mensen met stresshoofdpijn (veroorzaakt door gespannen spieren) gebruiken Fioricet.<\/p>\n<p>Waarschuwingen<\/p>\n<p>Als u porfyrie heeft of als u onlangs alcohol, kalmeringsmiddelen, tranquillizers of andere verdovende middelen heeft gebruikt, mag u Fioricet niet gebruiken.<\/p>\n<p>Als u de afgelopen 14 dagen een MAO-remmer heeft gebruikt, mag u Fioricet niet gebruiken. Er kan een risicovolle geneesmiddelinteractie optreden. Isocarboxazide, linezolid, methyleenblauwinjectie, fenelzine en tranylcypromine zijn voorbeelden van MAO-remmers.<\/p>\n<p>Neem niet meer Fioricet in dan wordt geadviseerd. Een overdosis paracetamol kan uw lever beschadigen of zelfs de dood tot gevolg hebben. Als u een van de volgende symptomen heeft: donkere urine, kleikleurige ontlasting, misselijkheid, ongemak in de bovenbuik, jeuk, gebrek aan eetlust of geelzucht (vergeling van de huid of ogen). Neem dan zo snel mogelijk contact op met uw arts. In zeldzame gevallen kan paracetamol een ernstige huidreactie veroorzaken. Als uw huid rood wordt of als u een branderige en schilferende huiduitslag krijgt, stop dan met het gebruik van Fioricet en neem onmiddellijk contact op met uw arts.<\/p>\n<p>Fioricet is een effectief medicijn voor de verlichting van spanningshoofdpijn. Het combineert paracetamol, butalbital en cafe\u00efne voor volledige pijnverlichting en spierontspanning. Vanwege de mogelijke bijwerkingen en de noodzaak van een juiste dosering, dient het verantwoord te worden gebruikt onder toezicht van een zorgverlener. Voor een veilige en betrouwbare toegang tot Fioricet kunt u overwegen om het te kopen bij de beste apotheek. <a href=\"https:\/\/buy-prescriptionz.com\/nl\/\">buy-prescriptionz.com<\/a>Volg altijd de instructies van uw zorgverlener en raadpleeg hem of haar als u vragen of opmerkingen heeft over het gebruik ervan.<\/p>\n<h3>Waarschuwingen<\/h3>\n<p>Als u porfyrie heeft of als u onlangs alcohol, kalmeringsmiddelen, tranquillizers of andere verdovende middelen heeft gebruikt, mag u Fioricet niet gebruiken.<\/p>\n<p>Als u de afgelopen 14 dagen een MAO-remmer heeft gebruikt, mag u Fioricet niet gebruiken. Er kan een risicovolle geneesmiddelinteractie optreden. Isocarboxazide, linezolid, methyleenblauwinjectie, fenelzine en tranylcypromine zijn voorbeelden van MAO-remmers.<\/p>\n<p>Neem niet meer Fioricet in dan wordt geadviseerd. Een overdosis paracetamol kan uw lever beschadigen of zelfs de dood tot gevolg hebben. Als u een van de volgende symptomen heeft: donkere urine, kleikleurige ontlasting, misselijkheid, ongemak in de bovenbuik, jeuk, gebrek aan eetlust of geelzucht (vergeling van de huid of ogen). Neem dan zo snel mogelijk contact op met uw arts. In zeldzame gevallen kan paracetamol een ernstige huidreactie veroorzaken. Als uw huid rood wordt of als u een branderige en schilferende huiduitslag krijgt, stop dan met het gebruik van Fioricet en neem onmiddellijk contact op met uw arts.<\/p>\n<p>Fioricet is een effectief medicijn voor de verlichting van spanningshoofdpijn. Het combineert paracetamol, butalbital en cafe\u00efne voor volledige pijnverlichting en spierontspanning. Vanwege de mogelijke bijwerkingen en de noodzaak van een juiste dosering, dient het verantwoord te worden gebruikt onder toezicht van een zorgverlener. Voor een veilige en betrouwbare toegang tot Fioricet kunt u overwegen om het te kopen bij de beste apotheek. <a href=\"https:\/\/buy-prescriptionz.com\/nl\/\">Buy-Prescriptionz.com<\/a>Volg altijd de instructies van uw zorgverlener en raadpleeg hem of haar als u vragen of opmerkingen heeft over het gebruik ervan.<\/p>","protected":false},"excerpt":{"rendered":"<p>Buy Fioricet Online Buy Fioricet (Butalbitol) Online, Patients who need a prescription for Fioricet now have the opportunity to buy fioricet online with credit card in USA. Being able to buy online Fioricet is much more convenient to the patient. The patient does not need a prior prescription for a physician to be able to [&hellip;]<\/p>","protected":false},"featured_media":3101,"comment_status":"open","ping_status":"closed","template":"","meta":{"site-sidebar-layout":"default","site-content-layout":"","ast-site-content-layout":"default","site-content-style":"default","site-sidebar-style":"default","ast-global-header-display":"","ast-banner-title-visibility":"","ast-main-header-display":"","ast-hfb-above-header-display":"","ast-hfb-below-header-display":"","ast-hfb-mobile-header-display":"","site-post-title":"","ast-breadcrumbs-content":"","ast-featured-img":"","footer-sml-layout":"","theme-transparent-header-meta":"default","adv-header-id-meta":"","stick-header-meta":"","header-above-stick-meta":"","header-main-stick-meta":"","header-below-stick-meta":"","astra-migrate-meta-layouts":"set","ast-page-background-enabled":"default","ast-page-background-meta":{"desktop":{"background-color":"var(--ast-global-color-4)","background-image":"","background-repeat":"repeat","background-position":"center center","background-size":"auto","background-attachment":"scroll","background-type":"","background-media":"","overlay-type":"","overlay-color":"","overlay-opacity":"","overlay-gradient":""},"tablet":{"background-color":"","background-image":"","background-repeat":"repeat","background-position":"center center","background-size":"auto","background-attachment":"scroll","background-type":"","background-media":"","overlay-type":"","overlay-color":"","overlay-opacity":"","overlay-gradient":""},"mobile":{"background-color":"","background-image":"","background-repeat":"repeat","background-position":"center center","background-size":"auto","background-attachment":"scroll","background-type":"","background-media":"","overlay-type":"","overlay-color":"","overlay-opacity":"","overlay-gradient":""}},"ast-content-background-meta":{"desktop":{"background-color":"var(--ast-global-color-5)","background-image":"","background-repeat":"repeat","background-position":"center center","background-size":"auto","background-attachment":"scroll","background-type":"","background-media":"","overlay-type":"","overlay-color":"","overlay-opacity":"","overlay-gradient":""},"tablet":{"background-color":"var(--ast-global-color-5)","background-image":"","background-repeat":"repeat","background-position":"center center","background-size":"auto","background-attachment":"scroll","background-type":"","background-media":"","overlay-type":"","overlay-color":"","overlay-opacity":"","overlay-gradient":""},"mobile":{"background-color":"var(--ast-global-color-5)","background-image":"","background-repeat":"repeat","background-position":"center center","background-size":"auto","background-attachment":"scroll","background-type":"","background-media":"","overlay-type":"","overlay-color":"","overlay-opacity":"","overlay-gradient":""}}},"product_brand":[],"product_cat":[2385],"product_tag":[1039,1040,1038,1033,1036,1035,1034,1037,1032,1031,1042,1041],"class_list":{"0":"post-3071","1":"product","2":"type-product","3":"status-publish","4":"has-post-thumbnail","6":"product_cat-buy-pain-killer-pills-online","7":"product_tag-buy-fioricet-butalbitol-in-canada","8":"product_tag-buy-fioricet-butalbitol-in-uk","9":"product_tag-buy-fioricet-butalbitol-in-usa","10":"product_tag-buy-fioricet-butalbitol-with-bitcoin","11":"product_tag-buy-fioricet-butalbitol-with-credit-card","12":"product_tag-buy-fioricet-butalbitol-with-money-gram","13":"product_tag-buy-fioricet-butalbitol-with-western-union","14":"product_tag-buy-fioricet-butalbitol-without-a-doctor","15":"product_tag-buy-fioricet-butalbitol-without-prescription","16":"product_tag-fioricet-butalbitol-for-sale","17":"product_tag-fioricet-butalbitol-pills","18":"product_tag-fioricet-butalbitol-tablets","19":"desktop-align-center","20":"tablet-align-left","21":"mobile-align-left","23":"first","24":"instock","25":"shipping-taxable","26":"purchasable","27":"product-type-variable","28":"has-default-attributes"},"yoast_head":"<!-- This site is optimized with the Yoast SEO plugin v25.9 - https:\/\/yoast.com\/wordpress\/plugins\/seo\/ -->\n<title>Buy Fioricet (Butalbitol) Online , Online USA - Fioricet for Sale<\/title>\n<meta name=\"description\" content=\"Buy Fioricet (Butalbitol) Online at best price without doctor&#039;s prescription. Buy Fioricet (Butalbitol) Online, buy-prescriptionz.com ,\" \/>\n<meta name=\"robots\" content=\"index, follow, max-snippet:-1, max-image-preview:large, max-video-preview:-1\" \/>\n<link rel=\"canonical\" href=\"https:\/\/buy-prescriptionz.com\/nl\/product\/fioricet-butalbitol-online-kopen\/\" \/>\n<meta property=\"og:locale\" content=\"nl_NL\" \/>\n<meta property=\"og:type\" content=\"article\" \/>\n<meta property=\"og:title\" content=\"Buy Fioricet (Butalbitol) Online , Online USA - Fioricet for Sale\" \/>\n<meta property=\"og:description\" content=\"Buy Fioricet (Butalbitol) Online at best price without doctor&#039;s prescription. Buy Fioricet (Butalbitol) Online, buy-prescriptionz.com ,\" \/>\n<meta property=\"og:url\" content=\"https:\/\/buy-prescriptionz.com\/nl\/product\/fioricet-butalbitol-online-kopen\/\" \/>\n<meta property=\"og:site_name\" content=\"Buy Prescriptionz\" \/>\n<meta property=\"article:modified_time\" content=\"2025-09-21T12:21:54+00:00\" \/>\n<meta property=\"og:image\" content=\"https:\/\/buy-prescriptionz.com\/wp-content\/uploads\/2025\/09\/fioricet-butalbitol.jpg\" \/>\n\t<meta property=\"og:image:width\" content=\"400\" \/>\n\t<meta property=\"og:image:height\" content=\"300\" \/>\n\t<meta property=\"og:image:type\" content=\"image\/jpeg\" \/>\n<meta name=\"twitter:card\" content=\"summary_large_image\" \/>\n<meta name=\"twitter:label1\" content=\"Geschatte leestijd\" \/>\n\t<meta name=\"twitter:data1\" content=\"5 minuten\" \/>\n<script type=\"application\/ld+json\" class=\"yoast-schema-graph\">{\"@context\":\"https:\/\/schema.org\",\"@graph\":[{\"@type\":\"WebPage\",\"@id\":\"https:\/\/buy-prescriptionz.com\/product\/buy-fioricet-butalbitol-online\/\",\"url\":\"https:\/\/buy-prescriptionz.com\/product\/buy-fioricet-butalbitol-online\/\",\"name\":\"Buy Fioricet (Butalbitol) Online , Online USA - Fioricet for Sale\",\"isPartOf\":{\"@id\":\"https:\/\/buy-prescriptionz.com\/#website\"},\"primaryImageOfPage\":{\"@id\":\"https:\/\/buy-prescriptionz.com\/product\/buy-fioricet-butalbitol-online\/#primaryimage\"},\"image\":{\"@id\":\"https:\/\/buy-prescriptionz.com\/product\/buy-fioricet-butalbitol-online\/#primaryimage\"},\"thumbnailUrl\":\"https:\/\/buy-prescriptionz.com\/wp-content\/uploads\/2025\/09\/fioricet-butalbitol.jpg\",\"datePublished\":\"2025-09-16T08:56:11+00:00\",\"dateModified\":\"2025-09-21T12:21:54+00:00\",\"description\":\"Buy Fioricet (Butalbitol) Online at best price without doctor's prescription. Buy Fioricet (Butalbitol) Online, buy-prescriptionz.com ,\",\"breadcrumb\":{\"@id\":\"https:\/\/buy-prescriptionz.com\/product\/buy-fioricet-butalbitol-online\/#breadcrumb\"},\"inLanguage\":\"nl-NL\",\"potentialAction\":[{\"@type\":\"ReadAction\",\"target\":[\"https:\/\/buy-prescriptionz.com\/product\/buy-fioricet-butalbitol-online\/\"]}]},{\"@type\":\"ImageObject\",\"inLanguage\":\"nl-NL\",\"@id\":\"https:\/\/buy-prescriptionz.com\/product\/buy-fioricet-butalbitol-online\/#primaryimage\",\"url\":\"https:\/\/buy-prescriptionz.com\/wp-content\/uploads\/2025\/09\/fioricet-butalbitol.jpg\",\"contentUrl\":\"https:\/\/buy-prescriptionz.com\/wp-content\/uploads\/2025\/09\/fioricet-butalbitol.jpg\",\"width\":400,\"height\":300},{\"@type\":\"BreadcrumbList\",\"@id\":\"https:\/\/buy-prescriptionz.com\/product\/buy-fioricet-butalbitol-online\/#breadcrumb\",\"itemListElement\":[{\"@type\":\"ListItem\",\"position\":1,\"name\":\"Home\",\"item\":\"https:\/\/buy-prescriptionz.com\/\"},{\"@type\":\"ListItem\",\"position\":2,\"name\":\"Shop Painkillers Online\",\"item\":\"https:\/\/buy-prescriptionz.com\/shop-painkillers-online\/\"},{\"@type\":\"ListItem\",\"position\":3,\"name\":\"Buy Fioricet (Butalbitol) Online\"}]},{\"@type\":\"WebSite\",\"@id\":\"https:\/\/buy-prescriptionz.com\/#website\",\"url\":\"https:\/\/buy-prescriptionz.com\/\",\"name\":\"Buy Prescriptionz\",\"description\":\"Drugs Online\",\"publisher\":{\"@id\":\"https:\/\/buy-prescriptionz.com\/#organization\"},\"potentialAction\":[{\"@type\":\"SearchAction\",\"target\":{\"@type\":\"EntryPoint\",\"urlTemplate\":\"https:\/\/buy-prescriptionz.com\/?s={search_term_string}\"},\"query-input\":{\"@type\":\"PropertyValueSpecification\",\"valueRequired\":true,\"valueName\":\"search_term_string\"}}],\"inLanguage\":\"nl-NL\"},{\"@type\":\"Organization\",\"@id\":\"https:\/\/buy-prescriptionz.com\/#organization\",\"name\":\"Buy Prescriptionz\",\"url\":\"https:\/\/buy-prescriptionz.com\/\",\"logo\":{\"@type\":\"ImageObject\",\"inLanguage\":\"nl-NL\",\"@id\":\"https:\/\/buy-prescriptionz.com\/#\/schema\/logo\/image\/\",\"url\":\"https:\/\/buy-prescriptionz.com\/wp-content\/uploads\/2023\/09\/logo.png\",\"contentUrl\":\"https:\/\/buy-prescriptionz.com\/wp-content\/uploads\/2023\/09\/logo.png\",\"width\":350,\"height\":64,\"caption\":\"Buy Prescriptionz\"},\"image\":{\"@id\":\"https:\/\/buy-prescriptionz.com\/#\/schema\/logo\/image\/\"}}]}<\/script>\n<!-- \/ Yoast SEO plugin. -->","yoast_head_json":{"title":"Fioricet (Butalbitol) Online kopen , Online Verenigde Staten - Fioricet te koop","description":"Buy Fioricet (Butalbitol) Online at best price without doctor's prescription. Buy Fioricet (Butalbitol) Online, buy-prescriptionz.com ,","robots":{"index":"index","follow":"follow","max-snippet":"max-snippet:-1","max-image-preview":"max-image-preview:large","max-video-preview":"max-video-preview:-1"},"canonical":"https:\/\/buy-prescriptionz.com\/nl\/product\/fioricet-butalbitol-online-kopen\/","og_locale":"nl_NL","og_type":"article","og_title":"Buy Fioricet (Butalbitol) Online , Online USA - Fioricet for Sale","og_description":"Buy Fioricet (Butalbitol) Online at best price without doctor's prescription. Buy Fioricet (Butalbitol) Online, buy-prescriptionz.com ,","og_url":"https:\/\/buy-prescriptionz.com\/nl\/product\/fioricet-butalbitol-online-kopen\/","og_site_name":"Buy Prescriptionz","article_modified_time":"2025-09-21T12:21:54+00:00","og_image":[{"width":400,"height":300,"url":"https:\/\/buy-prescriptionz.com\/wp-content\/uploads\/2025\/09\/fioricet-butalbitol.jpg","type":"image\/jpeg"}],"twitter_card":"summary_large_image","twitter_misc":{"Geschatte leestijd":"5 minuten"},"schema":{"@context":"https:\/\/schema.org","@graph":[{"@type":"WebPage","@id":"https:\/\/buy-prescriptionz.com\/product\/buy-fioricet-butalbitol-online\/","url":"https:\/\/buy-prescriptionz.com\/product\/buy-fioricet-butalbitol-online\/","name":"Fioricet (Butalbitol) Online kopen , Online Verenigde Staten - Fioricet te koop","isPartOf":{"@id":"https:\/\/buy-prescriptionz.com\/#website"},"primaryImageOfPage":{"@id":"https:\/\/buy-prescriptionz.com\/product\/buy-fioricet-butalbitol-online\/#primaryimage"},"image":{"@id":"https:\/\/buy-prescriptionz.com\/product\/buy-fioricet-butalbitol-online\/#primaryimage"},"thumbnailUrl":"https:\/\/buy-prescriptionz.com\/wp-content\/uploads\/2025\/09\/fioricet-butalbitol.jpg","datePublished":"2025-09-16T08:56:11+00:00","dateModified":"2025-09-21T12:21:54+00:00","description":"Buy Fioricet (Butalbitol) Online at best price without doctor's prescription. Buy Fioricet (Butalbitol) Online, buy-prescriptionz.com ,","breadcrumb":{"@id":"https:\/\/buy-prescriptionz.com\/product\/buy-fioricet-butalbitol-online\/#breadcrumb"},"inLanguage":"nl-NL","potentialAction":[{"@type":"ReadAction","target":["https:\/\/buy-prescriptionz.com\/product\/buy-fioricet-butalbitol-online\/"]}]},{"@type":"ImageObject","inLanguage":"nl-NL","@id":"https:\/\/buy-prescriptionz.com\/product\/buy-fioricet-butalbitol-online\/#primaryimage","url":"https:\/\/buy-prescriptionz.com\/wp-content\/uploads\/2025\/09\/fioricet-butalbitol.jpg","contentUrl":"https:\/\/buy-prescriptionz.com\/wp-content\/uploads\/2025\/09\/fioricet-butalbitol.jpg","width":400,"height":300},{"@type":"BreadcrumbList","@id":"https:\/\/buy-prescriptionz.com\/product\/buy-fioricet-butalbitol-online\/#breadcrumb","itemListElement":[{"@type":"ListItem","position":1,"name":"Home","item":"https:\/\/buy-prescriptionz.com\/"},{"@type":"ListItem","position":2,"name":"Shop Painkillers Online","item":"https:\/\/buy-prescriptionz.com\/shop-painkillers-online\/"},{"@type":"ListItem","position":3,"name":"Buy Fioricet (Butalbitol) Online"}]},{"@type":"WebSite","@id":"https:\/\/buy-prescriptionz.com\/#website","url":"https:\/\/buy-prescriptionz.com\/","name":"Buy Prescriptionz","description":"Drugs Online","publisher":{"@id":"https:\/\/buy-prescriptionz.com\/#organization"},"potentialAction":[{"@type":"SearchAction","target":{"@type":"EntryPoint","urlTemplate":"https:\/\/buy-prescriptionz.com\/?s={search_term_string}"},"query-input":{"@type":"PropertyValueSpecification","valueRequired":true,"valueName":"search_term_string"}}],"inLanguage":"nl-NL"},{"@type":"Organization","@id":"https:\/\/buy-prescriptionz.com\/#organization","name":"Buy Prescriptionz","url":"https:\/\/buy-prescriptionz.com\/","logo":{"@type":"ImageObject","inLanguage":"nl-NL","@id":"https:\/\/buy-prescriptionz.com\/#\/schema\/logo\/image\/","url":"https:\/\/buy-prescriptionz.com\/wp-content\/uploads\/2023\/09\/logo.png","contentUrl":"https:\/\/buy-prescriptionz.com\/wp-content\/uploads\/2023\/09\/logo.png","width":350,"height":64,"caption":"Buy Prescriptionz"},"image":{"@id":"https:\/\/buy-prescriptionz.com\/#\/schema\/logo\/image\/"}}]}},"_links":{"self":[{"href":"https:\/\/buy-prescriptionz.com\/nl\/wp-json\/wp\/v2\/product\/3071","targetHints":{"allow":["GET"]}}],"collection":[{"href":"https:\/\/buy-prescriptionz.com\/nl\/wp-json\/wp\/v2\/product"}],"about":[{"href":"https:\/\/buy-prescriptionz.com\/nl\/wp-json\/wp\/v2\/types\/product"}],"replies":[{"embeddable":true,"href":"https:\/\/buy-prescriptionz.com\/nl\/wp-json\/wp\/v2\/comments?post=3071"}],"wp:featuredmedia":[{"embeddable":true,"href":"https:\/\/buy-prescriptionz.com\/nl\/wp-json\/wp\/v2\/media\/3101"}],"wp:attachment":[{"href":"https:\/\/buy-prescriptionz.com\/nl\/wp-json\/wp\/v2\/media?parent=3071"}],"wp:term":[{"taxonomy":"product_brand","embeddable":true,"href":"https:\/\/buy-prescriptionz.com\/nl\/wp-json\/wp\/v2\/product_brand?post=3071"},{"taxonomy":"product_cat","embeddable":true,"href":"https:\/\/buy-prescriptionz.com\/nl\/wp-json\/wp\/v2\/product_cat?post=3071"},{"taxonomy":"product_tag","embeddable":true,"href":"https:\/\/buy-prescriptionz.com\/nl\/wp-json\/wp\/v2\/product_tag?post=3071"}],"curies":[{"name":"wp","href":"https:\/\/api.w.org\/{rel}","templated":true}]}}