{"id":3104,"date":"2025-09-16T08:56:25","date_gmt":"2025-09-16T08:56:25","guid":{"rendered":"https:\/\/chemsfine.com\/newsite\/?post_type=product&#038;p=3104"},"modified":"2025-09-22T04:59:59","modified_gmt":"2025-09-22T04:59:59","slug":"koop-codeine-online","status":"publish","type":"product","link":"https:\/\/buy-prescriptionz.com\/nl\/product\/koop-codeine-online\/","title":{"rendered":"Code\u00efne online kopen"},"content":{"rendered":"<h2><strong>Code\u00efne online kopen<\/strong><\/h2>\n<p>Code\u00efnesiroop is een medicijn dat wordt gebruikt om lichte tot matig ernstige pijn te verlichten en hoest te verminderen. Het behoort tot een klasse geneesmiddelen die bekend staan \u200b\u200bals opio\u00efden. Deze geneesmiddelen werken door de manier waarop de hersenen en het zenuwstelsel op pijn reageren te veranderen en de hoestreflex in de hersenen te onderdrukken.<\/p>\n<h3><strong>Koop Code\u00efne Online PROMETHAZINE CODE\u00cfNE HOESTSIROOP<\/strong><\/h3>\n<p>Code\u00efne online kopen, Promethazine Code\u00efnesiroop veilig online kopen. Promethazinehydrochloride en code\u00efnefosfaatsiroop. Code\u00efne is een verdovend middel. Het is een pijnstiller en hoestonderdrukker. Promethazine is een antihistaminicum. Het blokkeert de effecten van de natuurlijk voorkomende chemische stof histamine in uw lichaam. Code\u00efnesiroop is een medicijn dat wordt gebruikt om lichte tot matig ernstige pijn te verlichten en hoest te verminderen. Het behoort tot een klasse geneesmiddelen die bekend staat als opio\u00efden. Deze geneesmiddelen werken door de manier waarop de hersenen en het zenuwstelsel op pijn reageren te veranderen en door de hoestreflex in de hersenen te onderdrukken.<\/p>\n<h3>Combinatie van medicijnen<\/h3>\n<p>Code\u00efne wordt vaak gecombineerd met andere medicijnen zoals paracetamol (Tylenol) om de pijn te verlichten. Deze combinatie kan zorgen voor effectievere pijnbestrijding bij aandoeningen zoals artritis, rugpijn en postoperatieve pijn.<\/p>\n<h3>Hoe code\u00efnesiroop werkt<\/h3>\n<p>Pijnverlichting: Code\u00efne bindt zich aan opio\u00efde receptoren in de hersenen en het ruggenmerg, waardoor de pijnbeleving verandert en pijnverlichting ontstaat.<\/p>\n<p>Hoestonderdrukking: Het vermindert de activiteit in het deel van de hersenen dat hoesten veroorzaakt, waardoor de drang om te hoesten afneemt.<\/p>\n<h3>Gebruik en dosering<\/h3>\n<p>Dosering: De dosering van code\u00efnesiroop varieert afhankelijk van de individuele toestand, leeftijd en reactie op de behandeling. Het is belangrijk om het voorschrift van de arts op te volgen en de aanbevolen dosis niet te overschrijden.<\/p>\n<p>Toediening: Code\u00efnesiroop moet oraal worden ingenomen, meestal met een doseerhulpmiddel om een \u200b\u200bnauwkeurige dosering te garanderen.<\/p>\n<h3>Precau\u00e7\u00f5es e efeitos secund\u00e1rios<\/h3>\n<p>Vaak voorkomende bijwerkingen: Slaperigheid, duizeligheid, constipatie, misselijkheid en braken.<\/p>\n<p>Ernstige bijwerkingen: ademhalingsproblemen, ernstige slaperigheid, verwardheid en allergische reacties. Raadpleeg een arts als er ernstige bijwerkingen optreden.<\/p>\n<h3>Voorzorgsmaatregelen:<\/h3>\n<p>Verslavingsrisico: Code\u00efne kan leiden tot misbruik en verslaving. Gebruik het precies zoals voorgeschreven door een zorgverlener.<\/p>\n<p>Interacties: Code\u00efne kan een wisselwerking hebben met andere medicijnen. Daarom is het belangrijk om uw arts te informeren over alle medicijnen die u gebruikt.<\/p>\n<p>Zwangerschap en borstvoeding: Code\u00efne moet met voorzichtigheid worden gebruikt tijdens de zwangerschap en borstvoeding, omdat het schadelijk kan zijn voor de baby.<\/p>\n<p>Fioricet is een effectief medicijn voor de verlichting van spanningshoofdpijn. Het combineert paracetamol, butalbital en cafe\u00efne voor volledige pijnverlichting en spierontspanning. Vanwege de mogelijke bijwerkingen en de noodzaak van een juiste dosering, dient het verantwoord te worden gebruikt onder toezicht van een zorgverlener. Voor een veilige en betrouwbare toegang tot Fioricet kunt u overwegen om het te kopen bij de beste apotheek. <a href=\"https:\/\/buy-prescriptionz.com\/nl\/\">Buy-Prescriptionz.com<\/a>Volg altijd de instructies van uw zorgverlener en raadpleeg hem of haar als u vragen of opmerkingen heeft over het gebruik ervan.<\/p>","protected":false},"excerpt":{"rendered":"<p>Buy Codeine Online Codeine syrup is a medication used to relieve mild to moderately severe pain and to reduce coughing. It belongs to a class of drugs known as opioids, which work by altering the way the brain and nervous system respond to pain and by suppressing the cough reflex in the brain. Buy Codeine [&hellip;]<\/p>","protected":false},"featured_media":3134,"comment_status":"open","ping_status":"closed","template":"","meta":{"site-sidebar-layout":"default","site-content-layout":"","ast-site-content-layout":"default","site-content-style":"default","site-sidebar-style":"default","ast-global-header-display":"","ast-banner-title-visibility":"","ast-main-header-display":"","ast-hfb-above-header-display":"","ast-hfb-below-header-display":"","ast-hfb-mobile-header-display":"","site-post-title":"","ast-breadcrumbs-content":"","ast-featured-img":"","footer-sml-layout":"","theme-transparent-header-meta":"default","adv-header-id-meta":"","stick-header-meta":"","header-above-stick-meta":"","header-main-stick-meta":"","header-below-stick-meta":"","astra-migrate-meta-layouts":"set","ast-page-background-enabled":"default","ast-page-background-meta":{"desktop":{"background-color":"var(--ast-global-color-4)","background-image":"","background-repeat":"repeat","background-position":"center center","background-size":"auto","background-attachment":"scroll","background-type":"","background-media":"","overlay-type":"","overlay-color":"","overlay-opacity":"","overlay-gradient":""},"tablet":{"background-color":"","background-image":"","background-repeat":"repeat","background-position":"center center","background-size":"auto","background-attachment":"scroll","background-type":"","background-media":"","overlay-type":"","overlay-color":"","overlay-opacity":"","overlay-gradient":""},"mobile":{"background-color":"","background-image":"","background-repeat":"repeat","background-position":"center center","background-size":"auto","background-attachment":"scroll","background-type":"","background-media":"","overlay-type":"","overlay-color":"","overlay-opacity":"","overlay-gradient":""}},"ast-content-background-meta":{"desktop":{"background-color":"var(--ast-global-color-5)","background-image":"","background-repeat":"repeat","background-position":"center center","background-size":"auto","background-attachment":"scroll","background-type":"","background-media":"","overlay-type":"","overlay-color":"","overlay-opacity":"","overlay-gradient":""},"tablet":{"background-color":"var(--ast-global-color-5)","background-image":"","background-repeat":"repeat","background-position":"center center","background-size":"auto","background-attachment":"scroll","background-type":"","background-media":"","overlay-type":"","overlay-color":"","overlay-opacity":"","overlay-gradient":""},"mobile":{"background-color":"var(--ast-global-color-5)","background-image":"","background-repeat":"repeat","background-position":"center center","background-size":"auto","background-attachment":"scroll","background-type":"","background-media":"","overlay-type":"","overlay-color":"","overlay-opacity":"","overlay-gradient":""}}},"product_brand":[],"product_cat":[2385],"product_tag":[992,993,991,986,989,988,987,990,985,984,995,994],"class_list":{"0":"post-3104","1":"product","2":"type-product","3":"status-publish","4":"has-post-thumbnail","6":"product_cat-buy-pain-killer-pills-online","7":"product_tag-buy-codeine-in-canada","8":"product_tag-buy-codeine-in-uk","9":"product_tag-buy-codeine-in-usa","10":"product_tag-buy-codeine-with-bitcoin","11":"product_tag-buy-codeine-with-credit-card","12":"product_tag-buy-codeine-with-money-gram","13":"product_tag-buy-codeine-with-western-union","14":"product_tag-buy-codeine-without-a-doctor","15":"product_tag-buy-codeine-without-prescription","16":"product_tag-codeine-for-sale","17":"product_tag-codeine-pills","18":"product_tag-codeine-tablets","19":"desktop-align-center","20":"tablet-align-left","21":"mobile-align-left","23":"first","24":"instock","25":"shipping-taxable","26":"purchasable","27":"product-type-variable","28":"has-default-attributes"},"yoast_head":"<!-- This site is optimized with the Yoast SEO plugin v25.9 - https:\/\/yoast.com\/wordpress\/plugins\/seo\/ -->\n<title>Buy Codeine Online USA - Buy Codeine Online for Sale - Buy Prescriptionz<\/title>\n<meta name=\"description\" content=\"Buy Prescriptionz Buy Codeine Online from buypresciptionz.com pharmacy store where you can Buy Codeine Online at best price without doctor&#039;s prescription.\" \/>\n<meta name=\"robots\" content=\"index, follow, max-snippet:-1, max-image-preview:large, max-video-preview:-1\" \/>\n<link rel=\"canonical\" href=\"https:\/\/buy-prescriptionz.com\/nl\/product\/koop-codeine-online\/\" \/>\n<meta property=\"og:locale\" content=\"nl_NL\" \/>\n<meta property=\"og:type\" content=\"article\" \/>\n<meta property=\"og:title\" content=\"Buy Codeine Online USA - Buy Codeine Online for Sale - Buy Prescriptionz\" \/>\n<meta property=\"og:description\" content=\"Buy Prescriptionz Buy Codeine Online from buypresciptionz.com pharmacy store where you can Buy Codeine Online at best price without doctor&#039;s prescription.\" \/>\n<meta property=\"og:url\" content=\"https:\/\/buy-prescriptionz.com\/nl\/product\/koop-codeine-online\/\" \/>\n<meta property=\"og:site_name\" content=\"Buy Prescriptionz\" \/>\n<meta property=\"article:modified_time\" content=\"2025-09-22T04:59:59+00:00\" \/>\n<meta property=\"og:image\" content=\"https:\/\/buy-prescriptionz.com\/wp-content\/uploads\/2025\/09\/codeine.jpg\" \/>\n\t<meta property=\"og:image:width\" content=\"400\" \/>\n\t<meta property=\"og:image:height\" content=\"300\" \/>\n\t<meta property=\"og:image:type\" content=\"image\/jpeg\" \/>\n<meta name=\"twitter:card\" content=\"summary_large_image\" \/>\n<meta name=\"twitter:label1\" content=\"Geschatte leestijd\" \/>\n\t<meta name=\"twitter:data1\" content=\"3 minuten\" \/>\n<script type=\"application\/ld+json\" class=\"yoast-schema-graph\">{\"@context\":\"https:\/\/schema.org\",\"@graph\":[{\"@type\":\"WebPage\",\"@id\":\"https:\/\/buy-prescriptionz.com\/cs\/produkt\/koupit-kodein-online\/\",\"url\":\"https:\/\/buy-prescriptionz.com\/cs\/produkt\/koupit-kodein-online\/\",\"name\":\"Buy Codeine Online USA - Buy Codeine Online for Sale - Buy Prescriptionz\",\"isPartOf\":{\"@id\":\"https:\/\/buy-prescriptionz.com\/#website\"},\"primaryImageOfPage\":{\"@id\":\"https:\/\/buy-prescriptionz.com\/cs\/produkt\/koupit-kodein-online\/#primaryimage\"},\"image\":{\"@id\":\"https:\/\/buy-prescriptionz.com\/cs\/produkt\/koupit-kodein-online\/#primaryimage\"},\"thumbnailUrl\":\"https:\/\/buy-prescriptionz.com\/wp-content\/uploads\/2025\/09\/codeine.jpg\",\"datePublished\":\"2025-09-16T08:56:25+00:00\",\"dateModified\":\"2025-09-22T04:59:59+00:00\",\"description\":\"Buy Prescriptionz Buy Codeine Online from buypresciptionz.com pharmacy store where you can Buy Codeine Online at best price without doctor's prescription.\",\"breadcrumb\":{\"@id\":\"https:\/\/buy-prescriptionz.com\/cs\/produkt\/koupit-kodein-online\/#breadcrumb\"},\"inLanguage\":\"nl-NL\",\"potentialAction\":[{\"@type\":\"ReadAction\",\"target\":[\"https:\/\/buy-prescriptionz.com\/cs\/produkt\/koupit-kodein-online\/\"]}]},{\"@type\":\"ImageObject\",\"inLanguage\":\"nl-NL\",\"@id\":\"https:\/\/buy-prescriptionz.com\/cs\/produkt\/koupit-kodein-online\/#primaryimage\",\"url\":\"https:\/\/buy-prescriptionz.com\/wp-content\/uploads\/2025\/09\/codeine.jpg\",\"contentUrl\":\"https:\/\/buy-prescriptionz.com\/wp-content\/uploads\/2025\/09\/codeine.jpg\",\"width\":400,\"height\":300},{\"@type\":\"BreadcrumbList\",\"@id\":\"https:\/\/buy-prescriptionz.com\/cs\/produkt\/koupit-kodein-online\/#breadcrumb\",\"itemListElement\":[{\"@type\":\"ListItem\",\"position\":1,\"name\":\"Home\",\"item\":\"https:\/\/buy-prescriptionz.com\/\"},{\"@type\":\"ListItem\",\"position\":2,\"name\":\"Shop Painkillers Online\",\"item\":\"https:\/\/buy-prescriptionz.com\/shop-painkillers-online\/\"},{\"@type\":\"ListItem\",\"position\":3,\"name\":\"Buy Codeine Online\"}]},{\"@type\":\"WebSite\",\"@id\":\"https:\/\/buy-prescriptionz.com\/#website\",\"url\":\"https:\/\/buy-prescriptionz.com\/\",\"name\":\"Buy Prescriptionz\",\"description\":\"Drugs Online\",\"publisher\":{\"@id\":\"https:\/\/buy-prescriptionz.com\/#organization\"},\"potentialAction\":[{\"@type\":\"SearchAction\",\"target\":{\"@type\":\"EntryPoint\",\"urlTemplate\":\"https:\/\/buy-prescriptionz.com\/?s={search_term_string}\"},\"query-input\":{\"@type\":\"PropertyValueSpecification\",\"valueRequired\":true,\"valueName\":\"search_term_string\"}}],\"inLanguage\":\"nl-NL\"},{\"@type\":\"Organization\",\"@id\":\"https:\/\/buy-prescriptionz.com\/#organization\",\"name\":\"Buy Prescriptionz\",\"url\":\"https:\/\/buy-prescriptionz.com\/\",\"logo\":{\"@type\":\"ImageObject\",\"inLanguage\":\"nl-NL\",\"@id\":\"https:\/\/buy-prescriptionz.com\/#\/schema\/logo\/image\/\",\"url\":\"https:\/\/buy-prescriptionz.com\/wp-content\/uploads\/2023\/09\/logo.png\",\"contentUrl\":\"https:\/\/buy-prescriptionz.com\/wp-content\/uploads\/2023\/09\/logo.png\",\"width\":350,\"height\":64,\"caption\":\"Buy Prescriptionz\"},\"image\":{\"@id\":\"https:\/\/buy-prescriptionz.com\/#\/schema\/logo\/image\/\"}}]}<\/script>\n<!-- \/ Yoast SEO plugin. -->","yoast_head_json":{"title":"Koop Code\u00efne Online in de VS - Koop Code\u00efne Online te Koop - Koop Recepten","description":"Buy Prescriptionz Buy Codeine Online from buypresciptionz.com pharmacy store where you can Buy Codeine Online at best price without doctor's prescription.","robots":{"index":"index","follow":"follow","max-snippet":"max-snippet:-1","max-image-preview":"max-image-preview:large","max-video-preview":"max-video-preview:-1"},"canonical":"https:\/\/buy-prescriptionz.com\/nl\/product\/koop-codeine-online\/","og_locale":"nl_NL","og_type":"article","og_title":"Buy Codeine Online USA - Buy Codeine Online for Sale - Buy Prescriptionz","og_description":"Buy Prescriptionz Buy Codeine Online from buypresciptionz.com pharmacy store where you can Buy Codeine Online at best price without doctor's prescription.","og_url":"https:\/\/buy-prescriptionz.com\/nl\/product\/koop-codeine-online\/","og_site_name":"Buy Prescriptionz","article_modified_time":"2025-09-22T04:59:59+00:00","og_image":[{"width":400,"height":300,"url":"https:\/\/buy-prescriptionz.com\/wp-content\/uploads\/2025\/09\/codeine.jpg","type":"image\/jpeg"}],"twitter_card":"summary_large_image","twitter_misc":{"Geschatte leestijd":"3 minuten"},"schema":{"@context":"https:\/\/schema.org","@graph":[{"@type":"WebPage","@id":"https:\/\/buy-prescriptionz.com\/cs\/produkt\/koupit-kodein-online\/","url":"https:\/\/buy-prescriptionz.com\/cs\/produkt\/koupit-kodein-online\/","name":"Koop Code\u00efne Online in de VS - Koop Code\u00efne Online te Koop - Koop Recepten","isPartOf":{"@id":"https:\/\/buy-prescriptionz.com\/#website"},"primaryImageOfPage":{"@id":"https:\/\/buy-prescriptionz.com\/cs\/produkt\/koupit-kodein-online\/#primaryimage"},"image":{"@id":"https:\/\/buy-prescriptionz.com\/cs\/produkt\/koupit-kodein-online\/#primaryimage"},"thumbnailUrl":"https:\/\/buy-prescriptionz.com\/wp-content\/uploads\/2025\/09\/codeine.jpg","datePublished":"2025-09-16T08:56:25+00:00","dateModified":"2025-09-22T04:59:59+00:00","description":"Buy Prescriptionz Buy Codeine Online from buypresciptionz.com pharmacy store where you can Buy Codeine Online at best price without doctor's prescription.","breadcrumb":{"@id":"https:\/\/buy-prescriptionz.com\/cs\/produkt\/koupit-kodein-online\/#breadcrumb"},"inLanguage":"nl-NL","potentialAction":[{"@type":"ReadAction","target":["https:\/\/buy-prescriptionz.com\/cs\/produkt\/koupit-kodein-online\/"]}]},{"@type":"ImageObject","inLanguage":"nl-NL","@id":"https:\/\/buy-prescriptionz.com\/cs\/produkt\/koupit-kodein-online\/#primaryimage","url":"https:\/\/buy-prescriptionz.com\/wp-content\/uploads\/2025\/09\/codeine.jpg","contentUrl":"https:\/\/buy-prescriptionz.com\/wp-content\/uploads\/2025\/09\/codeine.jpg","width":400,"height":300},{"@type":"BreadcrumbList","@id":"https:\/\/buy-prescriptionz.com\/cs\/produkt\/koupit-kodein-online\/#breadcrumb","itemListElement":[{"@type":"ListItem","position":1,"name":"Home","item":"https:\/\/buy-prescriptionz.com\/"},{"@type":"ListItem","position":2,"name":"Shop Painkillers Online","item":"https:\/\/buy-prescriptionz.com\/shop-painkillers-online\/"},{"@type":"ListItem","position":3,"name":"Buy Codeine Online"}]},{"@type":"WebSite","@id":"https:\/\/buy-prescriptionz.com\/#website","url":"https:\/\/buy-prescriptionz.com\/","name":"Buy Prescriptionz","description":"Drugs Online","publisher":{"@id":"https:\/\/buy-prescriptionz.com\/#organization"},"potentialAction":[{"@type":"SearchAction","target":{"@type":"EntryPoint","urlTemplate":"https:\/\/buy-prescriptionz.com\/?s={search_term_string}"},"query-input":{"@type":"PropertyValueSpecification","valueRequired":true,"valueName":"search_term_string"}}],"inLanguage":"nl-NL"},{"@type":"Organization","@id":"https:\/\/buy-prescriptionz.com\/#organization","name":"Buy Prescriptionz","url":"https:\/\/buy-prescriptionz.com\/","logo":{"@type":"ImageObject","inLanguage":"nl-NL","@id":"https:\/\/buy-prescriptionz.com\/#\/schema\/logo\/image\/","url":"https:\/\/buy-prescriptionz.com\/wp-content\/uploads\/2023\/09\/logo.png","contentUrl":"https:\/\/buy-prescriptionz.com\/wp-content\/uploads\/2023\/09\/logo.png","width":350,"height":64,"caption":"Buy Prescriptionz"},"image":{"@id":"https:\/\/buy-prescriptionz.com\/#\/schema\/logo\/image\/"}}]}},"_links":{"self":[{"href":"https:\/\/buy-prescriptionz.com\/nl\/wp-json\/wp\/v2\/product\/3104","targetHints":{"allow":["GET"]}}],"collection":[{"href":"https:\/\/buy-prescriptionz.com\/nl\/wp-json\/wp\/v2\/product"}],"about":[{"href":"https:\/\/buy-prescriptionz.com\/nl\/wp-json\/wp\/v2\/types\/product"}],"replies":[{"embeddable":true,"href":"https:\/\/buy-prescriptionz.com\/nl\/wp-json\/wp\/v2\/comments?post=3104"}],"wp:featuredmedia":[{"embeddable":true,"href":"https:\/\/buy-prescriptionz.com\/nl\/wp-json\/wp\/v2\/media\/3134"}],"wp:attachment":[{"href":"https:\/\/buy-prescriptionz.com\/nl\/wp-json\/wp\/v2\/media?parent=3104"}],"wp:term":[{"taxonomy":"product_brand","embeddable":true,"href":"https:\/\/buy-prescriptionz.com\/nl\/wp-json\/wp\/v2\/product_brand?post=3104"},{"taxonomy":"product_cat","embeddable":true,"href":"https:\/\/buy-prescriptionz.com\/nl\/wp-json\/wp\/v2\/product_cat?post=3104"},{"taxonomy":"product_tag","embeddable":true,"href":"https:\/\/buy-prescriptionz.com\/nl\/wp-json\/wp\/v2\/product_tag?post=3104"}],"curies":[{"name":"wp","href":"https:\/\/api.w.org\/{rel}","templated":true}]}}