{"id":976,"date":"2019-05-08T05:42:12","date_gmt":"2019-05-08T05:42:12","guid":{"rendered":"https:\/\/buyprescriptionz.com\/?page_id=976"},"modified":"2019-05-08T05:42:12","modified_gmt":"2019-05-08T05:42:12","slug":"actavis-promethazine","status":"publish","type":"page","link":"https:\/\/buy-prescriptionz.com\/pt_pt\/actavis-promethazine\/","title":{"rendered":"Actavis Promethazine"},"content":{"rendered":"<p style=\"text-align: justify;\"><strong>Comprar Actavis Promethazine online\u00a0<\/strong>as<strong>\u00a0<\/strong>Promethazina com Codeine, a bebida p\u00farpura<\/p>\n<p style=\"text-align: justify;\">Promethazina \u00e9 um anti-histam\u00ednico original obtido. \u00c9 utilizado para tratar hipersensibilidades, problemas de repouso, e n\u00e1useas. Pode ser para acalmar indiv\u00edduos que estejam perturbados ou ansiosos. \u00c9 acess\u00edvel pela boca como um xarope, como um suposit\u00f3rio rectal, ou por infus\u00e3o num m\u00fasculo. Agora,\u00a0<strong>comprar Actavis Promethazine a um pre\u00e7o barato\u00a0<\/strong>para entregar em 2-4 dias em sua casa.<\/p>\n<h3 style=\"text-align: justify;\">Conhe\u00e7a a Hist\u00f3ria para comprar Actavis Promethazine<\/h3>\n<p style=\"text-align: justify;\">A prometazina foi produzida na d\u00e9cada de 1940 por um grupo de pesquisadores dos laborat\u00f3rios Rh\u00f4ne-Poulenc. \u00c9 um medicamento convencional e est\u00e1 dispon\u00edvel sob muitas marcas em todo o mundo. Em Buyprescriptionz.com, estamos trazendo de volta a mistura favorita ao mercado a pre\u00e7os acess\u00edveis, e voc\u00ea pode\u00a0<strong>encomendar Actavis Promethazine online.<\/strong><\/p>\n<p style=\"text-align: justify;\">A code\u00edna \u00e9 um sedativo usado para tratar a dor e a diarreia. \u00c9 normalmente usado para obter al\u00edvio suave da dor intensa. Com paracetamol (acetaminofeno) ou um medicamento n\u00e3o ester\u00f3ide atenuante, aumenta sua utiliza\u00e7\u00e3o para experi\u00eancias emocionais em jovens ou adultos \u2014 Actavis<strong>\u00a0Prometazina a venda\u00a0<\/strong>em Buyprescriptionz.com a pre\u00e7os inacredit\u00e1veis \u200b\u200be a granel<\/p>\n<h3 style=\"text-align: justify;\">Fornecedor leg\u00edtimo de\u00a0actavis prometazina on-line<\/h3>\n<p style=\"text-align: justify;\">Buyprescriptionz.com fornece a bebida roxa ou o Actavis Prometazina com code\u00edna em todo o mundo em 5 ml cada frasco. Voc\u00ea pode\u00a0<strong>comprar Actavis Prometazina sem um m\u00e9dico\u00a0<\/strong>em Buyprescriptionz Online-Apotheke.<\/p>\n<p style=\"text-align: justify;\">os ingredientes em\u00a0<strong>comprar\u00a0<\/strong>de\u00a0<strong>Actavis Prometazina on-line:<\/strong><\/p>\n<ul style=\"text-align: justify;\">\n<li>Cloridrato de Prometazina: 6,25 mg<\/li>\n<li>Fosfato de code\u00edna: 10 mg<\/li>\n<li>\u00c1lcool: 7 por cento<\/li>\n<li>Validade: 2 anos<\/li>\n<li>Disponibilidade: 1622-62-44 8 on\u00e7as (US$ 150), 16 on\u00e7as (US$ 220) e 32 on\u00e7as (US$ 330)<\/li>\n<\/ul>\n<p style=\"text-align: justify;\"><strong>Como comprar Actavis Prometazina online\u00a0<\/strong>e\u00a0<strong>onde comprar online\u00a0<\/strong>a pre\u00e7os razo\u00e1veis, isso deve estar acontecendo em sua mente enquanto l\u00ea esta p\u00e1gina. Bem, temos a disponibilidade de sua bebida roxa favorita com\u00a0<strong>servi\u00e7o de transporte r\u00e1pido e seguro\u00a0<\/strong>isso tamb\u00e9m \u00e9 sobre\u00a0<strong>comprando com embalagem discreta.<\/strong><\/p>\n<p style=\"text-align: justify;\">n\u00f3s temos o\u00a0<strong>servi\u00e7o de entrega r\u00e1pido e seguro\u00a0<\/strong>atrav\u00e9s da UPS, Express Delivery, FedEx e EMS.\u00a0<strong>Compre sem receita\u00a0<\/strong>the<strong>\u00a0<\/strong>cloridrato de prometazina forte que \u00e9 branco a amarelo desmaiado, para todos os efeitos, p\u00f3 cristalino sem cheiro misturado com code\u00edna. Mantemos a oxida\u00e7\u00e3o moderada. Seu sal cloridrato \u00e9 solvente em \u00e1gua e, at\u00e9 certo ponto, sol\u00favel em licor.<\/p>","protected":false},"excerpt":{"rendered":"<p>Buy Actavis Promethazine online\u00a0as\u00a0Promethazine with Codeine, the purple drink Promethazine is an original antihistamine obtained. It is in use to treat hypersensitivities, trouble resting, and nausea. It might be for quieting individuals who are upset or anxious. It is accessible by mouth as a syrup, as a rectal suppository, or by infusion into a muscle. [&hellip;]<\/p>","protected":false},"author":1,"featured_media":0,"parent":0,"menu_order":0,"comment_status":"open","ping_status":"open","template":"","meta":{"site-sidebar-layout":"default","site-content-layout":"","ast-site-content-layout":"default","site-content-style":"default","site-sidebar-style":"default","ast-global-header-display":"","ast-banner-title-visibility":"","ast-main-header-display":"","ast-hfb-above-header-display":"","ast-hfb-below-header-display":"","ast-hfb-mobile-header-display":"","site-post-title":"","ast-breadcrumbs-content":"","ast-featured-img":"","footer-sml-layout":"","theme-transparent-header-meta":"","adv-header-id-meta":"","stick-header-meta":"","header-above-stick-meta":"","header-main-stick-meta":"","header-below-stick-meta":"","astra-migrate-meta-layouts":"default","ast-page-background-enabled":"default","ast-page-background-meta":{"desktop":{"background-color":"var(--ast-global-color-4)","background-image":"","background-repeat":"repeat","background-position":"center center","background-size":"auto","background-attachment":"scroll","background-type":"","background-media":"","overlay-type":"","overlay-color":"","overlay-opacity":"","overlay-gradient":""},"tablet":{"background-color":"","background-image":"","background-repeat":"repeat","background-position":"center center","background-size":"auto","background-attachment":"scroll","background-type":"","background-media":"","overlay-type":"","overlay-color":"","overlay-opacity":"","overlay-gradient":""},"mobile":{"background-color":"","background-image":"","background-repeat":"repeat","background-position":"center center","background-size":"auto","background-attachment":"scroll","background-type":"","background-media":"","overlay-type":"","overlay-color":"","overlay-opacity":"","overlay-gradient":""}},"ast-content-background-meta":{"desktop":{"background-color":"var(--ast-global-color-5)","background-image":"","background-repeat":"repeat","background-position":"center center","background-size":"auto","background-attachment":"scroll","background-type":"","background-media":"","overlay-type":"","overlay-color":"","overlay-opacity":"","overlay-gradient":""},"tablet":{"background-color":"var(--ast-global-color-5)","background-image":"","background-repeat":"repeat","background-position":"center center","background-size":"auto","background-attachment":"scroll","background-type":"","background-media":"","overlay-type":"","overlay-color":"","overlay-opacity":"","overlay-gradient":""},"mobile":{"background-color":"var(--ast-global-color-5)","background-image":"","background-repeat":"repeat","background-position":"center center","background-size":"auto","background-attachment":"scroll","background-type":"","background-media":"","overlay-type":"","overlay-color":"","overlay-opacity":"","overlay-gradient":""}},"footnotes":""},"class_list":["post-976","page","type-page","status-publish","hentry"],"yoast_head":"<!-- This site is optimized with the Yoast SEO plugin v25.9 - https:\/\/yoast.com\/wordpress\/plugins\/seo\/ -->\n<title>Actavis Promethazine - Buy Prescriptionz<\/title>\n<meta name=\"robots\" content=\"index, follow, max-snippet:-1, max-image-preview:large, max-video-preview:-1\" \/>\n<link rel=\"canonical\" href=\"https:\/\/buy-prescriptionz.com\/pt_pt\/actavis-promethazine\/\" \/>\n<meta property=\"og:locale\" content=\"pt_PT\" \/>\n<meta property=\"og:type\" content=\"article\" \/>\n<meta property=\"og:title\" content=\"Actavis Promethazine - Buy Prescriptionz\" \/>\n<meta property=\"og:description\" content=\"Buy Actavis Promethazine online\u00a0as\u00a0Promethazine with Codeine, the purple drink Promethazine is an original antihistamine obtained. It is in use to treat hypersensitivities, trouble resting, and nausea. It might be for quieting individuals who are upset or anxious. It is accessible by mouth as a syrup, as a rectal suppository, or by infusion into a muscle. [&hellip;]\" \/>\n<meta property=\"og:url\" content=\"https:\/\/buy-prescriptionz.com\/pt_pt\/actavis-promethazine\/\" \/>\n<meta property=\"og:site_name\" content=\"Buy Prescriptionz\" \/>\n<meta name=\"twitter:card\" content=\"summary_large_image\" \/>\n<meta name=\"twitter:label1\" content=\"Tempo estimado de leitura\" \/>\n\t<meta name=\"twitter:data1\" content=\"2 minutos\" \/>\n<script type=\"application\/ld+json\" class=\"yoast-schema-graph\">{\"@context\":\"https:\/\/schema.org\",\"@graph\":[{\"@type\":\"WebPage\",\"@id\":\"https:\/\/buy-prescriptionz.com\/actavis-promethazine\/\",\"url\":\"https:\/\/buy-prescriptionz.com\/actavis-promethazine\/\",\"name\":\"Actavis Promethazine - Buy Prescriptionz\",\"isPartOf\":{\"@id\":\"https:\/\/buy-prescriptionz.com\/#website\"},\"datePublished\":\"2019-05-08T05:42:12+00:00\",\"breadcrumb\":{\"@id\":\"https:\/\/buy-prescriptionz.com\/actavis-promethazine\/#breadcrumb\"},\"inLanguage\":\"pt-PT\",\"potentialAction\":[{\"@type\":\"ReadAction\",\"target\":[\"https:\/\/buy-prescriptionz.com\/actavis-promethazine\/\"]}]},{\"@type\":\"BreadcrumbList\",\"@id\":\"https:\/\/buy-prescriptionz.com\/actavis-promethazine\/#breadcrumb\",\"itemListElement\":[{\"@type\":\"ListItem\",\"position\":1,\"name\":\"Home\",\"item\":\"https:\/\/buy-prescriptionz.com\/\"},{\"@type\":\"ListItem\",\"position\":2,\"name\":\"Actavis Promethazine\"}]},{\"@type\":\"WebSite\",\"@id\":\"https:\/\/buy-prescriptionz.com\/#website\",\"url\":\"https:\/\/buy-prescriptionz.com\/\",\"name\":\"Buy Prescriptionz\",\"description\":\"Drugs Online\",\"publisher\":{\"@id\":\"https:\/\/buy-prescriptionz.com\/#organization\"},\"potentialAction\":[{\"@type\":\"SearchAction\",\"target\":{\"@type\":\"EntryPoint\",\"urlTemplate\":\"https:\/\/buy-prescriptionz.com\/?s={search_term_string}\"},\"query-input\":{\"@type\":\"PropertyValueSpecification\",\"valueRequired\":true,\"valueName\":\"search_term_string\"}}],\"inLanguage\":\"pt-PT\"},{\"@type\":\"Organization\",\"@id\":\"https:\/\/buy-prescriptionz.com\/#organization\",\"name\":\"Buy Prescriptionz\",\"url\":\"https:\/\/buy-prescriptionz.com\/\",\"logo\":{\"@type\":\"ImageObject\",\"inLanguage\":\"pt-PT\",\"@id\":\"https:\/\/buy-prescriptionz.com\/#\/schema\/logo\/image\/\",\"url\":\"https:\/\/buy-prescriptionz.com\/wp-content\/uploads\/2023\/09\/logo.png\",\"contentUrl\":\"https:\/\/buy-prescriptionz.com\/wp-content\/uploads\/2023\/09\/logo.png\",\"width\":350,\"height\":64,\"caption\":\"Buy Prescriptionz\"},\"image\":{\"@id\":\"https:\/\/buy-prescriptionz.com\/#\/schema\/logo\/image\/\"}}]}<\/script>\n<!-- \/ Yoast SEO plugin. -->","yoast_head_json":{"title":"Actavis Promethazine - Buy Prescriptionz","robots":{"index":"index","follow":"follow","max-snippet":"max-snippet:-1","max-image-preview":"max-image-preview:large","max-video-preview":"max-video-preview:-1"},"canonical":"https:\/\/buy-prescriptionz.com\/pt_pt\/actavis-promethazine\/","og_locale":"pt_PT","og_type":"article","og_title":"Actavis Promethazine - Buy Prescriptionz","og_description":"Buy Actavis Promethazine online\u00a0as\u00a0Promethazine with Codeine, the purple drink Promethazine is an original antihistamine obtained. It is in use to treat hypersensitivities, trouble resting, and nausea. It might be for quieting individuals who are upset or anxious. It is accessible by mouth as a syrup, as a rectal suppository, or by infusion into a muscle. [&hellip;]","og_url":"https:\/\/buy-prescriptionz.com\/pt_pt\/actavis-promethazine\/","og_site_name":"Buy Prescriptionz","twitter_card":"summary_large_image","twitter_misc":{"Tempo estimado de leitura":"2 minutos"},"schema":{"@context":"https:\/\/schema.org","@graph":[{"@type":"WebPage","@id":"https:\/\/buy-prescriptionz.com\/actavis-promethazine\/","url":"https:\/\/buy-prescriptionz.com\/actavis-promethazine\/","name":"Actavis Promethazine - Buy Prescriptionz","isPartOf":{"@id":"https:\/\/buy-prescriptionz.com\/#website"},"datePublished":"2019-05-08T05:42:12+00:00","breadcrumb":{"@id":"https:\/\/buy-prescriptionz.com\/actavis-promethazine\/#breadcrumb"},"inLanguage":"pt-PT","potentialAction":[{"@type":"ReadAction","target":["https:\/\/buy-prescriptionz.com\/actavis-promethazine\/"]}]},{"@type":"BreadcrumbList","@id":"https:\/\/buy-prescriptionz.com\/actavis-promethazine\/#breadcrumb","itemListElement":[{"@type":"ListItem","position":1,"name":"Home","item":"https:\/\/buy-prescriptionz.com\/"},{"@type":"ListItem","position":2,"name":"Actavis Promethazine"}]},{"@type":"WebSite","@id":"https:\/\/buy-prescriptionz.com\/#website","url":"https:\/\/buy-prescriptionz.com\/","name":"Buy Prescriptionz","description":"Drogas Online","publisher":{"@id":"https:\/\/buy-prescriptionz.com\/#organization"},"potentialAction":[{"@type":"SearchAction","target":{"@type":"EntryPoint","urlTemplate":"https:\/\/buy-prescriptionz.com\/?s={search_term_string}"},"query-input":{"@type":"PropertyValueSpecification","valueRequired":true,"valueName":"search_term_string"}}],"inLanguage":"pt-PT"},{"@type":"Organization","@id":"https:\/\/buy-prescriptionz.com\/#organization","name":"Buy Prescriptionz","url":"https:\/\/buy-prescriptionz.com\/","logo":{"@type":"ImageObject","inLanguage":"pt-PT","@id":"https:\/\/buy-prescriptionz.com\/#\/schema\/logo\/image\/","url":"https:\/\/buy-prescriptionz.com\/wp-content\/uploads\/2023\/09\/logo.png","contentUrl":"https:\/\/buy-prescriptionz.com\/wp-content\/uploads\/2023\/09\/logo.png","width":350,"height":64,"caption":"Buy Prescriptionz"},"image":{"@id":"https:\/\/buy-prescriptionz.com\/#\/schema\/logo\/image\/"}}]}},"_links":{"self":[{"href":"https:\/\/buy-prescriptionz.com\/pt_pt\/wp-json\/wp\/v2\/pages\/976","targetHints":{"allow":["GET"]}}],"collection":[{"href":"https:\/\/buy-prescriptionz.com\/pt_pt\/wp-json\/wp\/v2\/pages"}],"about":[{"href":"https:\/\/buy-prescriptionz.com\/pt_pt\/wp-json\/wp\/v2\/types\/page"}],"author":[{"embeddable":true,"href":"https:\/\/buy-prescriptionz.com\/pt_pt\/wp-json\/wp\/v2\/users\/1"}],"replies":[{"embeddable":true,"href":"https:\/\/buy-prescriptionz.com\/pt_pt\/wp-json\/wp\/v2\/comments?post=976"}],"version-history":[{"count":0,"href":"https:\/\/buy-prescriptionz.com\/pt_pt\/wp-json\/wp\/v2\/pages\/976\/revisions"}],"wp:attachment":[{"href":"https:\/\/buy-prescriptionz.com\/pt_pt\/wp-json\/wp\/v2\/media?parent=976"}],"curies":[{"name":"wp","href":"https:\/\/api.w.org\/{rel}","templated":true}]}}