{"id":988,"date":"2019-05-08T05:55:38","date_gmt":"2019-05-08T05:55:38","guid":{"rendered":"https:\/\/buyprescriptionz.com\/?page_id=988"},"modified":"2019-10-08T10:25:46","modified_gmt":"2019-10-08T10:25:46","slug":"shipping-policy","status":"publish","type":"page","link":"https:\/\/buy-prescriptionz.com\/pt_pt\/shipping-policy\/","title":{"rendered":"Pol\u00edtica de Envio"},"content":{"rendered":"<h1>Compre Analg\u00e9sicos Online<\/h1>\n<p style=\"text-align: justify;\">A Buyprescriptionz Pharmacy oferece servi\u00e7o de correio expresso de correio a\u00e9reo, DHL, USPS, servi\u00e7o de remessa EMS e FedEx para seu pedido on-line com servi\u00e7o de entrega r\u00e1pido e seguro.<\/p>\n<p style=\"text-align: justify;\">Atualmente, oferecemos dois m\u00e9todos de envio diferentes, que s\u00e3o a Entrega Expressa e a Entrega Regular para sua compra online.<\/p>\n<p style=\"text-align: justify;\">Na entrega expressa, o pacote est\u00e1 dentro das limita\u00e7\u00f5es para ser enviado em 24 horas nos EUA somente ap\u00f3s o pagamento ser confirmado e estar no slot de entrega caro.<\/p>\n<p style=\"text-align: justify;\">Na Entrega Regular, o pacote \u00e9 entregue em um prazo padr\u00e3o e \u00e9 barato para seus pedidos.<\/p>\n<p style=\"text-align: justify;\">Garantimos que, por USPS e Fedex, o prazo de entrega \u00e9 de 1 a 3 dias para os EUA, de 3 a 5 dias para o Reino Unido e de 4 a 7 dias para outros locais do mundo.<\/p>\n<h3 style=\"text-align: justify;\">Status de entrega e atrasos<\/h3>\n<p style=\"text-align: justify;\">A Farm\u00e1cia Buyprescriptionz garante que muitos fatores podem influenciar a entrega do seu pedido. Alguns fatores s\u00e3o feriados nacionais ou internacionais, alf\u00e2ndega e problemas t\u00e9cnicos do servi\u00e7o postal. Estamos sempre rastreando seu pedido.<\/p>\n<h3 style=\"text-align: justify;\">Status de apreens\u00f5es e reenvio<\/h3>\n<p style=\"text-align: justify;\">Atualmente, temos uma alta taxa de entregas bem-sucedidas, que \u00e9 de 98%. E os dois por cento restantes s\u00e3o para imprevistos, como a deten\u00e7\u00e3o do pacote pela alf\u00e2ndega, e isso raramente acontece. Se o seu pedido for apreendido de alguma forma durante o processo de entrega, reenviaremos seu pedido completo ap\u00f3s a confirma\u00e7\u00e3o da apreens\u00e3o.<\/p>\n<p style=\"text-align: justify;\">O cliente tem a responsabilidade em tais casos de nos enviar os documentos originais digitalizados da apreens\u00e3o recebida. A Buyprescriptionz precisaria da c\u00f3pia digitalizada da licen\u00e7a de importa\u00e7\u00e3o em nome do cliente para que possamos liberar o pacote apreendido da alf\u00e2ndega.<\/p>\n<h3 style=\"text-align: justify;\">Itens danificados em tr\u00e2nsito<\/h3>\n<p style=\"text-align: justify;\">Essa situa\u00e7\u00e3o \u00e9 rara para n\u00f3s porque temos um m\u00e9todo de embalagem discreto e exclusivo, que \u00e9 tratado com seguran\u00e7a por meio de processos de envio. No caso, voc\u00ea recebe o pedido danificado e pode entrar em contato conosco.<\/p>\n<h3 style=\"text-align: justify;\">Isen\u00e7\u00e3o de responsabilidade<\/h3>\n<p style=\"text-align: justify;\">Hiermit m\u00f6chten wir Sie dar\u00fcber informieren, dass Buyprescriptionz Online Pharmacy keine der Produkte bef\u00fcrwortet, besitzt, f\u00f6rdert oder versucht, eines der Produkte zu erhalten, und nicht f\u00fcr die Handlungen unserer Kunden haftbar ist. Die auf dieser Website angebotenen Beschreibungen und Meinungen sind nicht medizinisch empfohlen und haben spekulativen und subjektiven Wert.<\/p>","protected":false},"excerpt":{"rendered":"<p>Buy Painkillers Online Buyprescriptionz Pharmacy offers Airmail Express Mailing Service, DHL, USPS, EMS Shipping Service and FedEx for your online order with fast and secure delivery service. Presently, we are offering two different shipping methods, and that\u2019s Express Delivery and Regular Delivery for your purchase online. In Express Delivery, the package is in limitations to [&hellip;]<\/p>","protected":false},"author":1,"featured_media":0,"parent":0,"menu_order":0,"comment_status":"open","ping_status":"open","template":"","meta":{"site-sidebar-layout":"default","site-content-layout":"","ast-site-content-layout":"default","site-content-style":"default","site-sidebar-style":"default","ast-global-header-display":"","ast-banner-title-visibility":"","ast-main-header-display":"","ast-hfb-above-header-display":"","ast-hfb-below-header-display":"","ast-hfb-mobile-header-display":"","site-post-title":"","ast-breadcrumbs-content":"","ast-featured-img":"","footer-sml-layout":"","theme-transparent-header-meta":"","adv-header-id-meta":"","stick-header-meta":"","header-above-stick-meta":"","header-main-stick-meta":"","header-below-stick-meta":"","astra-migrate-meta-layouts":"default","ast-page-background-enabled":"default","ast-page-background-meta":{"desktop":{"background-color":"var(--ast-global-color-4)","background-image":"","background-repeat":"repeat","background-position":"center center","background-size":"auto","background-attachment":"scroll","background-type":"","background-media":"","overlay-type":"","overlay-color":"","overlay-opacity":"","overlay-gradient":""},"tablet":{"background-color":"","background-image":"","background-repeat":"repeat","background-position":"center center","background-size":"auto","background-attachment":"scroll","background-type":"","background-media":"","overlay-type":"","overlay-color":"","overlay-opacity":"","overlay-gradient":""},"mobile":{"background-color":"","background-image":"","background-repeat":"repeat","background-position":"center center","background-size":"auto","background-attachment":"scroll","background-type":"","background-media":"","overlay-type":"","overlay-color":"","overlay-opacity":"","overlay-gradient":""}},"ast-content-background-meta":{"desktop":{"background-color":"var(--ast-global-color-5)","background-image":"","background-repeat":"repeat","background-position":"center center","background-size":"auto","background-attachment":"scroll","background-type":"","background-media":"","overlay-type":"","overlay-color":"","overlay-opacity":"","overlay-gradient":""},"tablet":{"background-color":"var(--ast-global-color-5)","background-image":"","background-repeat":"repeat","background-position":"center center","background-size":"auto","background-attachment":"scroll","background-type":"","background-media":"","overlay-type":"","overlay-color":"","overlay-opacity":"","overlay-gradient":""},"mobile":{"background-color":"var(--ast-global-color-5)","background-image":"","background-repeat":"repeat","background-position":"center center","background-size":"auto","background-attachment":"scroll","background-type":"","background-media":"","overlay-type":"","overlay-color":"","overlay-opacity":"","overlay-gradient":""}},"footnotes":""},"class_list":["post-988","page","type-page","status-publish","hentry"],"yoast_head":"<!-- This site is optimized with the Yoast SEO plugin v25.9 - https:\/\/yoast.com\/wordpress\/plugins\/seo\/ -->\n<title>Shipping Policy - Buy Prescriptionz<\/title>\n<meta name=\"robots\" content=\"index, follow, max-snippet:-1, max-image-preview:large, max-video-preview:-1\" \/>\n<link rel=\"canonical\" href=\"https:\/\/buy-prescriptionz.com\/pt_pt\/shipping-policy\/\" \/>\n<meta property=\"og:locale\" content=\"pt_PT\" \/>\n<meta property=\"og:type\" content=\"article\" \/>\n<meta property=\"og:title\" content=\"Shipping Policy - Buy Prescriptionz\" \/>\n<meta property=\"og:description\" content=\"Buy Painkillers Online Buyprescriptionz Pharmacy offers Airmail Express Mailing Service, DHL, USPS, EMS Shipping Service and FedEx for your online order with fast and secure delivery service. Presently, we are offering two different shipping methods, and that\u2019s Express Delivery and Regular Delivery for your purchase online. In Express Delivery, the package is in limitations to [&hellip;]\" \/>\n<meta property=\"og:url\" content=\"https:\/\/buy-prescriptionz.com\/pt_pt\/shipping-policy\/\" \/>\n<meta property=\"og:site_name\" content=\"Buy Prescriptionz\" \/>\n<meta property=\"article:modified_time\" content=\"2019-10-08T10:25:46+00:00\" \/>\n<meta name=\"twitter:card\" content=\"summary_large_image\" \/>\n<meta name=\"twitter:label1\" content=\"Tempo estimado de leitura\" \/>\n\t<meta name=\"twitter:data1\" content=\"2 minutos\" \/>\n<script type=\"application\/ld+json\" class=\"yoast-schema-graph\">{\"@context\":\"https:\/\/schema.org\",\"@graph\":[{\"@type\":\"WebPage\",\"@id\":\"https:\/\/buy-prescriptionz.com\/shipping-policy\/\",\"url\":\"https:\/\/buy-prescriptionz.com\/shipping-policy\/\",\"name\":\"Shipping Policy - Buy Prescriptionz\",\"isPartOf\":{\"@id\":\"https:\/\/buy-prescriptionz.com\/#website\"},\"datePublished\":\"2019-05-08T05:55:38+00:00\",\"dateModified\":\"2019-10-08T10:25:46+00:00\",\"breadcrumb\":{\"@id\":\"https:\/\/buy-prescriptionz.com\/shipping-policy\/#breadcrumb\"},\"inLanguage\":\"pt-PT\",\"potentialAction\":[{\"@type\":\"ReadAction\",\"target\":[\"https:\/\/buy-prescriptionz.com\/shipping-policy\/\"]}]},{\"@type\":\"BreadcrumbList\",\"@id\":\"https:\/\/buy-prescriptionz.com\/shipping-policy\/#breadcrumb\",\"itemListElement\":[{\"@type\":\"ListItem\",\"position\":1,\"name\":\"Home\",\"item\":\"https:\/\/buy-prescriptionz.com\/\"},{\"@type\":\"ListItem\",\"position\":2,\"name\":\"Shipping Policy\"}]},{\"@type\":\"WebSite\",\"@id\":\"https:\/\/buy-prescriptionz.com\/#website\",\"url\":\"https:\/\/buy-prescriptionz.com\/\",\"name\":\"Buy Prescriptionz\",\"description\":\"Drugs Online\",\"publisher\":{\"@id\":\"https:\/\/buy-prescriptionz.com\/#organization\"},\"potentialAction\":[{\"@type\":\"SearchAction\",\"target\":{\"@type\":\"EntryPoint\",\"urlTemplate\":\"https:\/\/buy-prescriptionz.com\/?s={search_term_string}\"},\"query-input\":{\"@type\":\"PropertyValueSpecification\",\"valueRequired\":true,\"valueName\":\"search_term_string\"}}],\"inLanguage\":\"pt-PT\"},{\"@type\":\"Organization\",\"@id\":\"https:\/\/buy-prescriptionz.com\/#organization\",\"name\":\"Buy Prescriptionz\",\"url\":\"https:\/\/buy-prescriptionz.com\/\",\"logo\":{\"@type\":\"ImageObject\",\"inLanguage\":\"pt-PT\",\"@id\":\"https:\/\/buy-prescriptionz.com\/#\/schema\/logo\/image\/\",\"url\":\"https:\/\/buy-prescriptionz.com\/wp-content\/uploads\/2023\/09\/logo.png\",\"contentUrl\":\"https:\/\/buy-prescriptionz.com\/wp-content\/uploads\/2023\/09\/logo.png\",\"width\":350,\"height\":64,\"caption\":\"Buy Prescriptionz\"},\"image\":{\"@id\":\"https:\/\/buy-prescriptionz.com\/#\/schema\/logo\/image\/\"}}]}<\/script>\n<!-- \/ Yoast SEO plugin. -->","yoast_head_json":{"title":"Shipping Policy - Buy Prescriptionz","robots":{"index":"index","follow":"follow","max-snippet":"max-snippet:-1","max-image-preview":"max-image-preview:large","max-video-preview":"max-video-preview:-1"},"canonical":"https:\/\/buy-prescriptionz.com\/pt_pt\/shipping-policy\/","og_locale":"pt_PT","og_type":"article","og_title":"Shipping Policy - Buy Prescriptionz","og_description":"Buy Painkillers Online Buyprescriptionz Pharmacy offers Airmail Express Mailing Service, DHL, USPS, EMS Shipping Service and FedEx for your online order with fast and secure delivery service. Presently, we are offering two different shipping methods, and that\u2019s Express Delivery and Regular Delivery for your purchase online. In Express Delivery, the package is in limitations to [&hellip;]","og_url":"https:\/\/buy-prescriptionz.com\/pt_pt\/shipping-policy\/","og_site_name":"Buy Prescriptionz","article_modified_time":"2019-10-08T10:25:46+00:00","twitter_card":"summary_large_image","twitter_misc":{"Tempo estimado de leitura":"2 minutos"},"schema":{"@context":"https:\/\/schema.org","@graph":[{"@type":"WebPage","@id":"https:\/\/buy-prescriptionz.com\/shipping-policy\/","url":"https:\/\/buy-prescriptionz.com\/shipping-policy\/","name":"Shipping Policy - Buy Prescriptionz","isPartOf":{"@id":"https:\/\/buy-prescriptionz.com\/#website"},"datePublished":"2019-05-08T05:55:38+00:00","dateModified":"2019-10-08T10:25:46+00:00","breadcrumb":{"@id":"https:\/\/buy-prescriptionz.com\/shipping-policy\/#breadcrumb"},"inLanguage":"pt-PT","potentialAction":[{"@type":"ReadAction","target":["https:\/\/buy-prescriptionz.com\/shipping-policy\/"]}]},{"@type":"BreadcrumbList","@id":"https:\/\/buy-prescriptionz.com\/shipping-policy\/#breadcrumb","itemListElement":[{"@type":"ListItem","position":1,"name":"Home","item":"https:\/\/buy-prescriptionz.com\/"},{"@type":"ListItem","position":2,"name":"Shipping Policy"}]},{"@type":"WebSite","@id":"https:\/\/buy-prescriptionz.com\/#website","url":"https:\/\/buy-prescriptionz.com\/","name":"Buy Prescriptionz","description":"Drogas Online","publisher":{"@id":"https:\/\/buy-prescriptionz.com\/#organization"},"potentialAction":[{"@type":"SearchAction","target":{"@type":"EntryPoint","urlTemplate":"https:\/\/buy-prescriptionz.com\/?s={search_term_string}"},"query-input":{"@type":"PropertyValueSpecification","valueRequired":true,"valueName":"search_term_string"}}],"inLanguage":"pt-PT"},{"@type":"Organization","@id":"https:\/\/buy-prescriptionz.com\/#organization","name":"Buy Prescriptionz","url":"https:\/\/buy-prescriptionz.com\/","logo":{"@type":"ImageObject","inLanguage":"pt-PT","@id":"https:\/\/buy-prescriptionz.com\/#\/schema\/logo\/image\/","url":"https:\/\/buy-prescriptionz.com\/wp-content\/uploads\/2023\/09\/logo.png","contentUrl":"https:\/\/buy-prescriptionz.com\/wp-content\/uploads\/2023\/09\/logo.png","width":350,"height":64,"caption":"Buy Prescriptionz"},"image":{"@id":"https:\/\/buy-prescriptionz.com\/#\/schema\/logo\/image\/"}}]}},"_links":{"self":[{"href":"https:\/\/buy-prescriptionz.com\/pt_pt\/wp-json\/wp\/v2\/pages\/988","targetHints":{"allow":["GET"]}}],"collection":[{"href":"https:\/\/buy-prescriptionz.com\/pt_pt\/wp-json\/wp\/v2\/pages"}],"about":[{"href":"https:\/\/buy-prescriptionz.com\/pt_pt\/wp-json\/wp\/v2\/types\/page"}],"author":[{"embeddable":true,"href":"https:\/\/buy-prescriptionz.com\/pt_pt\/wp-json\/wp\/v2\/users\/1"}],"replies":[{"embeddable":true,"href":"https:\/\/buy-prescriptionz.com\/pt_pt\/wp-json\/wp\/v2\/comments?post=988"}],"version-history":[{"count":0,"href":"https:\/\/buy-prescriptionz.com\/pt_pt\/wp-json\/wp\/v2\/pages\/988\/revisions"}],"wp:attachment":[{"href":"https:\/\/buy-prescriptionz.com\/pt_pt\/wp-json\/wp\/v2\/media?parent=988"}],"curies":[{"name":"wp","href":"https:\/\/api.w.org\/{rel}","templated":true}]}}