{"id":2933,"date":"2025-09-16T08:55:28","date_gmt":"2025-09-16T08:55:28","guid":{"rendered":"https:\/\/chemsfine.com\/newsite\/?post_type=product&#038;p=2933"},"modified":"2025-09-22T05:15:15","modified_gmt":"2025-09-22T05:15:15","slug":"comprar-hidromorfona-online","status":"publish","type":"product","link":"https:\/\/buy-prescriptionz.com\/pt_pt\/produto\/comprar-hidromorfona-online\/","title":{"rendered":"Comprar Hydromorphone Online"},"content":{"rendered":"<h1>Comprar Dilaudid Online \u2013 Comprar Hidromorfona Online<\/h1>\n<p>Comprar Hidromorfona Online. A marca mais famosa de hidromorfona, este medicamento pode ser encontrado em comprimidos ou l\u00edquido. Tal como outros opi\u00f3ides prescritos, o Dilaudid \u00e9 uma subst\u00e2ncia de Classe II devido ao seu elevado potencial de depend\u00eancia. Este potente analg\u00e9sico foi desenvolvido para tratar dores intensas, muitas vezes cr\u00f3nicas, que n\u00e3o podiam ser tratadas com outros opi\u00f3ides.<\/p>\n<p><a href=\"https:\/\/buy-prescriptionz.com\/pt_pt\/produto\/anabolizantes-esteroides-2\/\">Hydromorphone<\/a>, tamb\u00e9m conhecido como di-hidromorfinona, e vendido sob a marca Dilaudid, entre outros, \u00e9 um analg\u00e9sico de a\u00e7\u00e3o central da classe dos opi\u00f3ides. \u00c9 feito de morfina. Comparativamente, a hidromorfona est\u00e1 para a morfina como a hidrocodona est\u00e1 para a code\u00edna \u2013 \u00e9 uma cetona hidrogenada da mesma. Em termos m\u00e9dicos, \u00e9 um analg\u00e9sico opi\u00f3ide e, em termos legais, um narc\u00f3tico. A hidromorfona \u00e9 comummente utilizada no ambiente hospitalar, principalmente por via intravenosa (IV), porque a sua biodisponibilidade \u00e9 muito baixa por via oral, retal e intranasal. A administra\u00e7\u00e3o sublingual (debaixo da l\u00edngua) \u00e9 geralmente superior \u00e0 degluti\u00e7\u00e3o em termos de biodisponibilidade e efeitos; no entanto, a hidromorfona \u00e9 amarga e hidr\u00f3fila como a maioria dos opi\u00e1ceos, n\u00e3o lipof\u00edlica, pelo que \u00e9 absorvida de forma pobre e lenta atrav\u00e9s das membranas bucais.<\/p>\n<p>A hidromorfona \u00e9 muito mais sol\u00favel em \u00e1gua do que a morfina e, por isso, a hidromorfona<a href=\"https:\/\/de.wikipedia.org\/w\/index.php?sort=relevance&amp;search=Herb&amp;title=Spezial%3ASuche&amp;profile=advanced&amp;fulltext=1&amp;advancedSearch-current=%7B%7D&amp;ns0=1\"> solutions<\/a> pode ser produzido para libertar o f\u00e1rmaco num volume menor de \u00e1gua. O sal cloridrato \u00e9 sol\u00favel em tr\u00eas partes de \u00e1gua, enquanto um grama de cloridrato de morfina se dissolve em 16 ml de \u00e1gua; para todos os fins comuns, o p\u00f3 puro para uso hospitalar pode ser utilizado para produzir solu\u00e7\u00f5es de concentra\u00e7\u00e3o praticamente arbitr\u00e1ria. Quando o p\u00f3 aparece nas ruas, este volume muito pequeno de p\u00f3 necess\u00e1rio para uma dose significa que as overdoses s\u00e3o prov\u00e1veis \u200b\u200bpara aqueles que o confundem com hero\u00edna ou outros narc\u00f3ticos em p\u00f3, especialmente aqueles que foram cortados (dilu\u00eddos) antes do consumo. Comprar Dilaudid Online<\/p>\n<h1>Desbloquear os benef\u00edcios do uso de hidromorfona<\/h1>\n<p>No mundo do tratamento da dor, a hidromorfona destaca-se como um poderoso opi\u00f3ide que oferece al\u00edvio para quem sofre de dores intensas. Desde a utiliza\u00e7\u00e3o at\u00e9 \u00e0 dosagem recomendada, aqui est\u00e1 um guia completo com tudo o que precisa de saber sobre a hidromorfona.<\/p>\n<h2>Compreender a hidromorfona<\/h2>\n<p>A hidromorfona, tamb\u00e9m conhecida como Dilaudid, \u00e9 um potente analg\u00e9sico opi\u00f3ide utilizado para tratar dores moderadas a intensas. Atua ligando-se aos recetores opi\u00f3ides do c\u00e9rebro e do sistema nervoso, que bloqueiam a sensa\u00e7\u00e3o de dor. Este medicamento \u00e9 normalmente prescrito a doentes que necessitam de al\u00edvio da dor 24 horas por dia.<\/p>\n<h3>Benef\u00edcios da Hidromorfona<\/h3>\n<ol>\n<li>Al\u00edvio eficaz da dor: A melhor hidromorfona \u00e9 conhecida pelas suas propriedades de al\u00edvio r\u00e1pido da dor, o que a torna altamente eficaz para indiv\u00edduos que sofrem de dor intensa.<\/li>\n<li>Melhor qualidade de vida: ao controlar a dor de forma eficaz, a hidromorfona pode ajudar os indiv\u00edduos a retomar o controlo das suas vidas e a realizar atividades di\u00e1rias com facilidade.<\/li>\n<li>Redu\u00e7\u00e3o da ansiedade: As pessoas que sofrem de dor cr\u00f3nica apresentam frequentemente n\u00edveis elevados de stress e ansiedade. A hidromorfona pode ajudar a aliviar estes sintomas, promovendo uma sensa\u00e7\u00e3o de calma e relaxamento.<\/li>\n<li>Melhoria do Sono: A dor pode afetar significativamente a capacidade de dormir. Ao aliviar a dor, a Hidromorfona pode ajudar os indiv\u00edduos a obter um sono de melhor qualidade, levando a um bem-estar geral melhorado.<\/li>\n<\/ol>\n<h2>Usos da hidromorfona<\/h2>\n<p>A hidromorfona est\u00e1 dispon\u00edvel em diversas formas, incluindo comprimidos, c\u00e1psulas e solu\u00e7\u00f5es orais. A dosagem deste medicamento \u00e9 determinada com base na condi\u00e7\u00e3o m\u00e9dica do indiv\u00edduo, na resposta ao tratamento e noutros medicamentos que esteja a tomar. \u00c9 fundamental seguir cuidadosamente as instru\u00e7\u00f5es do seu m\u00e9dico para garantir uma utiliza\u00e7\u00e3o segura e eficaz da hidromorfona.<\/p>\n<h3>Dose recomendada<\/h3>\n<p>A dose inicial t\u00edpica de Hidromorfona para adultos \u00e9 de 2 mg a 4 mg a cada 4 a 6 horas, conforme necess\u00e1rio para o al\u00edvio da dor. No entanto, a dose pode variar consoante a intensidade da dor e a toler\u00e2ncia individual aos opi\u00f3ides. \u00c9 essencial consultar o seu m\u00e9dico para determinar a dosagem correta para a sua condi\u00e7\u00e3o espec\u00edfica.<\/p>\n<p>A hidromorfona \u00e9 um medicamento valioso para pessoas que sofrem de dores intensas. As suas propriedades de a\u00e7\u00e3o r\u00e1pida, juntamente com a sua capacidade de melhorar a qualidade de vida e promover o relaxamento, fazem dela uma escolha popular entre os profissionais de sa\u00fade. Lembre-se de seguir sempre as recomenda\u00e7\u00f5es do seu m\u00e9dico ao utilizar hidromorfona para garantir um controlo seguro e eficaz da dor. Para aceder a este medicamento, visite a melhor farm\u00e1cia buy-prescriptionz.com\/ para uma experi\u00eancia de compra conveniente e sem complica\u00e7\u00f5es. N\u00e3o deixe que a dor controle a sua vida \u2013 tome as medidas necess\u00e1rias para a gerir eficazmente com a hidromorfona. Descubra hoje mesmo os benef\u00edcios da hidromorfona e experimente um al\u00edvio como nunca antes!<\/p>","protected":false},"excerpt":{"rendered":"<p>O Hydromorphone, tamb\u00e9m conhecido como dihidromorfinona, e vendido sob a marca Dilaudid, entre outros, \u00e9 um medicamento para dor de ac\u00e7\u00e3o central da classe dos opi\u00e1ceos. \u00c9 feito a partir de morfina.<\/p>","protected":false},"featured_media":2963,"comment_status":"open","ping_status":"closed","template":"","meta":{"site-sidebar-layout":"default","site-content-layout":"","ast-site-content-layout":"default","site-content-style":"default","site-sidebar-style":"default","ast-global-header-display":"","ast-banner-title-visibility":"","ast-main-header-display":"","ast-hfb-above-header-display":"","ast-hfb-below-header-display":"","ast-hfb-mobile-header-display":"","site-post-title":"","ast-breadcrumbs-content":"","ast-featured-img":"","footer-sml-layout":"","theme-transparent-header-meta":"default","adv-header-id-meta":"","stick-header-meta":"","header-above-stick-meta":"","header-main-stick-meta":"","header-below-stick-meta":"","astra-migrate-meta-layouts":"set","ast-page-background-enabled":"default","ast-page-background-meta":{"desktop":{"background-color":"var(--ast-global-color-4)","background-image":"","background-repeat":"repeat","background-position":"center center","background-size":"auto","background-attachment":"scroll","background-type":"","background-media":"","overlay-type":"","overlay-color":"","overlay-opacity":"","overlay-gradient":""},"tablet":{"background-color":"","background-image":"","background-repeat":"repeat","background-position":"center center","background-size":"auto","background-attachment":"scroll","background-type":"","background-media":"","overlay-type":"","overlay-color":"","overlay-opacity":"","overlay-gradient":""},"mobile":{"background-color":"","background-image":"","background-repeat":"repeat","background-position":"center center","background-size":"auto","background-attachment":"scroll","background-type":"","background-media":"","overlay-type":"","overlay-color":"","overlay-opacity":"","overlay-gradient":""}},"ast-content-background-meta":{"desktop":{"background-color":"var(--ast-global-color-5)","background-image":"","background-repeat":"repeat","background-position":"center center","background-size":"auto","background-attachment":"scroll","background-type":"","background-media":"","overlay-type":"","overlay-color":"","overlay-opacity":"","overlay-gradient":""},"tablet":{"background-color":"var(--ast-global-color-5)","background-image":"","background-repeat":"repeat","background-position":"center center","background-size":"auto","background-attachment":"scroll","background-type":"","background-media":"","overlay-type":"","overlay-color":"","overlay-opacity":"","overlay-gradient":""},"mobile":{"background-color":"var(--ast-global-color-5)","background-image":"","background-repeat":"repeat","background-position":"center center","background-size":"auto","background-attachment":"scroll","background-type":"","background-media":"","overlay-type":"","overlay-color":"","overlay-opacity":"","overlay-gradient":""}}},"product_brand":[],"product_cat":[15],"product_tag":[2024,2025,2023,2018,2021,2020,2019,2022,2017,2026,2016],"class_list":{"0":"post-2933","1":"product","2":"type-product","3":"status-publish","4":"has-post-thumbnail","6":"product_cat-buy-prescription-drugs","7":"product_tag-buy-hydromorphone-in-canada","8":"product_tag-buy-hydromorphone-in-uk","9":"product_tag-buy-hydromorphone-in-usa","10":"product_tag-buy-hydromorphone-with-bitcoin","11":"product_tag-buy-hydromorphone-with-credit-card","12":"product_tag-buy-hydromorphone-with-money-gram","13":"product_tag-buy-hydromorphone-with-western-union","14":"product_tag-buy-hydromorphone-without-a-doctor","15":"product_tag-buy-hydromorphone-without-prescription","16":"product_tag-hydromorphone","17":"product_tag-hydromorphone-for-sale","18":"desktop-align-center","19":"tablet-align-left","20":"mobile-align-left","22":"first","23":"instock","24":"shipping-taxable","25":"purchasable","26":"product-type-variable","27":"has-default-attributes"},"yoast_head":"<!-- This site is optimized with the Yoast SEO plugin v25.9 - https:\/\/yoast.com\/wordpress\/plugins\/seo\/ -->\n<title>Buy Hydromorphone Online | order hydromorphone online<\/title>\n<meta name=\"description\" content=\"Buy Hydromorphone Online \u2013 Buy Hydromorphone Online. The most famous brand name for hydromorphone, this medication can either be in tablet or liquid.\" \/>\n<meta name=\"robots\" content=\"index, follow, max-snippet:-1, max-image-preview:large, max-video-preview:-1\" \/>\n<link rel=\"canonical\" href=\"https:\/\/buy-prescriptionz.com\/pt_pt\/produto\/comprar-hidromorfona-online\/\" \/>\n<meta property=\"og:locale\" content=\"pt_PT\" \/>\n<meta property=\"og:type\" content=\"article\" \/>\n<meta property=\"og:title\" content=\"Buy Hydromorphone Online | order hydromorphone online\" \/>\n<meta property=\"og:description\" content=\"Buy Hydromorphone Online \u2013 Buy Hydromorphone Online. The most famous brand name for hydromorphone, this medication can either be in tablet or liquid.\" \/>\n<meta property=\"og:url\" content=\"https:\/\/buy-prescriptionz.com\/pt_pt\/produto\/comprar-hidromorfona-online\/\" \/>\n<meta property=\"og:site_name\" content=\"Buy Prescriptionz\" \/>\n<meta property=\"article:modified_time\" content=\"2025-09-22T05:15:15+00:00\" \/>\n<meta property=\"og:image\" content=\"https:\/\/buy-prescriptionz.com\/wp-content\/uploads\/2025\/09\/Hydromorphone.png\" \/>\n\t<meta property=\"og:image:width\" content=\"960\" \/>\n\t<meta property=\"og:image:height\" content=\"1200\" \/>\n\t<meta property=\"og:image:type\" content=\"image\/png\" \/>\n<meta name=\"twitter:card\" content=\"summary_large_image\" \/>\n<meta name=\"twitter:label1\" content=\"Tempo estimado de leitura\" \/>\n\t<meta name=\"twitter:data1\" content=\"4 minutos\" \/>\n<script type=\"application\/ld+json\" class=\"yoast-schema-graph\">{\"@context\":\"https:\/\/schema.org\",\"@graph\":[{\"@type\":\"WebPage\",\"@id\":\"https:\/\/buy-prescriptionz.com\/product\/buy-hydromorphone-online\/\",\"url\":\"https:\/\/buy-prescriptionz.com\/product\/buy-hydromorphone-online\/\",\"name\":\"Buy Hydromorphone Online | order hydromorphone online\",\"isPartOf\":{\"@id\":\"https:\/\/buy-prescriptionz.com\/#website\"},\"primaryImageOfPage\":{\"@id\":\"https:\/\/buy-prescriptionz.com\/product\/buy-hydromorphone-online\/#primaryimage\"},\"image\":{\"@id\":\"https:\/\/buy-prescriptionz.com\/product\/buy-hydromorphone-online\/#primaryimage\"},\"thumbnailUrl\":\"https:\/\/buy-prescriptionz.com\/wp-content\/uploads\/2025\/09\/Hydromorphone.png\",\"datePublished\":\"2025-09-16T08:55:28+00:00\",\"dateModified\":\"2025-09-22T05:15:15+00:00\",\"description\":\"Buy Hydromorphone Online \u2013 Buy Hydromorphone Online. The most famous brand name for hydromorphone, this medication can either be in tablet or liquid.\",\"breadcrumb\":{\"@id\":\"https:\/\/buy-prescriptionz.com\/product\/buy-hydromorphone-online\/#breadcrumb\"},\"inLanguage\":\"pt-PT\",\"potentialAction\":[{\"@type\":\"ReadAction\",\"target\":[\"https:\/\/buy-prescriptionz.com\/product\/buy-hydromorphone-online\/\"]}]},{\"@type\":\"ImageObject\",\"inLanguage\":\"pt-PT\",\"@id\":\"https:\/\/buy-prescriptionz.com\/product\/buy-hydromorphone-online\/#primaryimage\",\"url\":\"https:\/\/buy-prescriptionz.com\/wp-content\/uploads\/2025\/09\/Hydromorphone.png\",\"contentUrl\":\"https:\/\/buy-prescriptionz.com\/wp-content\/uploads\/2025\/09\/Hydromorphone.png\",\"width\":960,\"height\":1200},{\"@type\":\"BreadcrumbList\",\"@id\":\"https:\/\/buy-prescriptionz.com\/product\/buy-hydromorphone-online\/#breadcrumb\",\"itemListElement\":[{\"@type\":\"ListItem\",\"position\":1,\"name\":\"Home\",\"item\":\"https:\/\/buy-prescriptionz.com\/\"},{\"@type\":\"ListItem\",\"position\":2,\"name\":\"Shop Painkillers Online\",\"item\":\"https:\/\/buy-prescriptionz.com\/shop-painkillers-online\/\"},{\"@type\":\"ListItem\",\"position\":3,\"name\":\"Buy Hydromorphone Online\"}]},{\"@type\":\"WebSite\",\"@id\":\"https:\/\/buy-prescriptionz.com\/#website\",\"url\":\"https:\/\/buy-prescriptionz.com\/\",\"name\":\"Buy Prescriptionz\",\"description\":\"Drugs Online\",\"publisher\":{\"@id\":\"https:\/\/buy-prescriptionz.com\/#organization\"},\"potentialAction\":[{\"@type\":\"SearchAction\",\"target\":{\"@type\":\"EntryPoint\",\"urlTemplate\":\"https:\/\/buy-prescriptionz.com\/?s={search_term_string}\"},\"query-input\":{\"@type\":\"PropertyValueSpecification\",\"valueRequired\":true,\"valueName\":\"search_term_string\"}}],\"inLanguage\":\"pt-PT\"},{\"@type\":\"Organization\",\"@id\":\"https:\/\/buy-prescriptionz.com\/#organization\",\"name\":\"Buy Prescriptionz\",\"url\":\"https:\/\/buy-prescriptionz.com\/\",\"logo\":{\"@type\":\"ImageObject\",\"inLanguage\":\"pt-PT\",\"@id\":\"https:\/\/buy-prescriptionz.com\/#\/schema\/logo\/image\/\",\"url\":\"https:\/\/buy-prescriptionz.com\/wp-content\/uploads\/2023\/09\/logo.png\",\"contentUrl\":\"https:\/\/buy-prescriptionz.com\/wp-content\/uploads\/2023\/09\/logo.png\",\"width\":350,\"height\":64,\"caption\":\"Buy Prescriptionz\"},\"image\":{\"@id\":\"https:\/\/buy-prescriptionz.com\/#\/schema\/logo\/image\/\"}}]}<\/script>\n<!-- \/ Yoast SEO plugin. -->","yoast_head_json":{"title":"Comprar Hidromorfona Online | encomendar hidromorfona online","description":"Comprar Hidromorfona Online \u2013 Comprar Hidromorfona Online. A marca mais famosa de hidromorfona, este medicamento pode ser encontrado em comprimidos ou l\u00edquido.","robots":{"index":"index","follow":"follow","max-snippet":"max-snippet:-1","max-image-preview":"max-image-preview:large","max-video-preview":"max-video-preview:-1"},"canonical":"https:\/\/buy-prescriptionz.com\/pt_pt\/produto\/comprar-hidromorfona-online\/","og_locale":"pt_PT","og_type":"article","og_title":"Buy Hydromorphone Online | order hydromorphone online","og_description":"Buy Hydromorphone Online \u2013 Buy Hydromorphone Online. The most famous brand name for hydromorphone, this medication can either be in tablet or liquid.","og_url":"https:\/\/buy-prescriptionz.com\/pt_pt\/produto\/comprar-hidromorfona-online\/","og_site_name":"Buy Prescriptionz","article_modified_time":"2025-09-22T05:15:15+00:00","og_image":[{"width":960,"height":1200,"url":"https:\/\/buy-prescriptionz.com\/wp-content\/uploads\/2025\/09\/Hydromorphone.png","type":"image\/png"}],"twitter_card":"summary_large_image","twitter_misc":{"Tempo estimado de leitura":"4 minutos"},"schema":{"@context":"https:\/\/schema.org","@graph":[{"@type":"WebPage","@id":"https:\/\/buy-prescriptionz.com\/product\/buy-hydromorphone-online\/","url":"https:\/\/buy-prescriptionz.com\/product\/buy-hydromorphone-online\/","name":"Comprar Hidromorfona Online | encomendar hidromorfona online","isPartOf":{"@id":"https:\/\/buy-prescriptionz.com\/#website"},"primaryImageOfPage":{"@id":"https:\/\/buy-prescriptionz.com\/product\/buy-hydromorphone-online\/#primaryimage"},"image":{"@id":"https:\/\/buy-prescriptionz.com\/product\/buy-hydromorphone-online\/#primaryimage"},"thumbnailUrl":"https:\/\/buy-prescriptionz.com\/wp-content\/uploads\/2025\/09\/Hydromorphone.png","datePublished":"2025-09-16T08:55:28+00:00","dateModified":"2025-09-22T05:15:15+00:00","description":"Comprar Hidromorfona Online \u2013 Comprar Hidromorfona Online. A marca mais famosa de hidromorfona, este medicamento pode ser encontrado em comprimidos ou l\u00edquido.","breadcrumb":{"@id":"https:\/\/buy-prescriptionz.com\/product\/buy-hydromorphone-online\/#breadcrumb"},"inLanguage":"pt-PT","potentialAction":[{"@type":"ReadAction","target":["https:\/\/buy-prescriptionz.com\/product\/buy-hydromorphone-online\/"]}]},{"@type":"ImageObject","inLanguage":"pt-PT","@id":"https:\/\/buy-prescriptionz.com\/product\/buy-hydromorphone-online\/#primaryimage","url":"https:\/\/buy-prescriptionz.com\/wp-content\/uploads\/2025\/09\/Hydromorphone.png","contentUrl":"https:\/\/buy-prescriptionz.com\/wp-content\/uploads\/2025\/09\/Hydromorphone.png","width":960,"height":1200},{"@type":"BreadcrumbList","@id":"https:\/\/buy-prescriptionz.com\/product\/buy-hydromorphone-online\/#breadcrumb","itemListElement":[{"@type":"ListItem","position":1,"name":"Home","item":"https:\/\/buy-prescriptionz.com\/"},{"@type":"ListItem","position":2,"name":"Shop Painkillers Online","item":"https:\/\/buy-prescriptionz.com\/shop-painkillers-online\/"},{"@type":"ListItem","position":3,"name":"Buy Hydromorphone Online"}]},{"@type":"WebSite","@id":"https:\/\/buy-prescriptionz.com\/#website","url":"https:\/\/buy-prescriptionz.com\/","name":"Buy Prescriptionz","description":"Drogas Online","publisher":{"@id":"https:\/\/buy-prescriptionz.com\/#organization"},"potentialAction":[{"@type":"SearchAction","target":{"@type":"EntryPoint","urlTemplate":"https:\/\/buy-prescriptionz.com\/?s={search_term_string}"},"query-input":{"@type":"PropertyValueSpecification","valueRequired":true,"valueName":"search_term_string"}}],"inLanguage":"pt-PT"},{"@type":"Organization","@id":"https:\/\/buy-prescriptionz.com\/#organization","name":"Buy Prescriptionz","url":"https:\/\/buy-prescriptionz.com\/","logo":{"@type":"ImageObject","inLanguage":"pt-PT","@id":"https:\/\/buy-prescriptionz.com\/#\/schema\/logo\/image\/","url":"https:\/\/buy-prescriptionz.com\/wp-content\/uploads\/2023\/09\/logo.png","contentUrl":"https:\/\/buy-prescriptionz.com\/wp-content\/uploads\/2023\/09\/logo.png","width":350,"height":64,"caption":"Buy Prescriptionz"},"image":{"@id":"https:\/\/buy-prescriptionz.com\/#\/schema\/logo\/image\/"}}]}},"_links":{"self":[{"href":"https:\/\/buy-prescriptionz.com\/pt_pt\/wp-json\/wp\/v2\/product\/2933","targetHints":{"allow":["GET"]}}],"collection":[{"href":"https:\/\/buy-prescriptionz.com\/pt_pt\/wp-json\/wp\/v2\/product"}],"about":[{"href":"https:\/\/buy-prescriptionz.com\/pt_pt\/wp-json\/wp\/v2\/types\/product"}],"replies":[{"embeddable":true,"href":"https:\/\/buy-prescriptionz.com\/pt_pt\/wp-json\/wp\/v2\/comments?post=2933"}],"wp:featuredmedia":[{"embeddable":true,"href":"https:\/\/buy-prescriptionz.com\/pt_pt\/wp-json\/wp\/v2\/media\/2963"}],"wp:attachment":[{"href":"https:\/\/buy-prescriptionz.com\/pt_pt\/wp-json\/wp\/v2\/media?parent=2933"}],"wp:term":[{"taxonomy":"product_brand","embeddable":true,"href":"https:\/\/buy-prescriptionz.com\/pt_pt\/wp-json\/wp\/v2\/product_brand?post=2933"},{"taxonomy":"product_cat","embeddable":true,"href":"https:\/\/buy-prescriptionz.com\/pt_pt\/wp-json\/wp\/v2\/product_cat?post=2933"},{"taxonomy":"product_tag","embeddable":true,"href":"https:\/\/buy-prescriptionz.com\/pt_pt\/wp-json\/wp\/v2\/product_tag?post=2933"}],"curies":[{"name":"wp","href":"https:\/\/api.w.org\/{rel}","templated":true}]}}