{"id":2935,"date":"2025-09-16T08:55:28","date_gmt":"2025-09-16T08:55:28","guid":{"rendered":"https:\/\/chemsfine.com\/newsite\/?post_type=product&#038;p=2935"},"modified":"2025-09-19T13:30:58","modified_gmt":"2025-09-19T13:30:58","slug":"comprar-comprimidos-de-mdma-120-mg","status":"publish","type":"product","link":"https:\/\/buy-prescriptionz.com\/pt_pt\/produto\/comprar-comprimidos-de-mdma-120-mg\/","title":{"rendered":"Comprar 120 mg de MDMA Pills"},"content":{"rendered":"<h1>Comprar 120 mg de MDMA Pills<\/h1>\n<p>Comprar 120 mg <a href=\"https:\/\/buy-prescriptionz.com\/pt_pt\/produto\/cialis\/\">MDMA<\/a> Comprimidos\u00a0 MDMA 3,4-Metilenodioximetanfetamina (MDMA, \"Ecstasy\") \u00e9 uma droga psicad\u00e9lica potente que induz euforia e hipersociabilidade em humanos, bem como hiperatividade e ansiedade em roedores. Comprar Comprimidos de MDMA de 120 mg Online O peixe-zebra adulto (Danio rerio) tornou-se uma esp\u00e9cie amplamente utilizada na investiga\u00e7\u00e3o neurocomportamental. Aqui, explor\u00e1mos os efeitos de uma vasta gama (0,25\u2013120 mg\/L) de doses agudas de MDMA no comportamento do peixe-zebra no novo teste em tanque. Enquanto o MDMA foi inativo em doses mais baixas (0,25\u201310 mg\/L), doses mais elevadas reduziram a nata\u00e7\u00e3o de fundo e a imobilidade (40\u2013120 mg\/L) e prejudicaram a habitua\u00e7\u00e3o intra-sess\u00e3o (10\u2013120 mg\/L). O MDMA tamb\u00e9m elevou a express\u00e3o cerebral de c-fos, confirmando coletivamente a utilidade dos modelos de peixe-zebra para o rastreio de compostos alucinog\u00e9nios. Comprar Comprimidos de MDMA de 120 mg Online<br \/>\nA 3,4-metilenodioximetanfetamina (MDMA, \"Ecstasy\") \u00e9 uma droga recreativa popular que modula as monoaminas cerebrais inibindo a sua recapta\u00e7\u00e3o (White et al., 1996; Kalant, 2001; de la Torre et al., 2004; Nagai et al., 2007; Doly et al., 2009) e degrada\u00e7\u00e3o (Leonardi &amp; Azmitia, 1994). O sistema serotonin\u00e9rgico parece ser o principal alvo da a\u00e7\u00e3o do MDMA, embora a dopamina tamb\u00e9m desempenhe um papel importante (Benturquia et al., 2008; NIDA, 2010; Stove et al., 2010).<\/p>\n<p>Comprar MDMA Crystal Oline ,MDMA Crystals \u00e9 uma droga que actua como estimulante e psicad\u00e9lico, produzindo um efeito energizante, bem como distor\u00e7\u00f5es no tempo e percep\u00e7\u00e3o e maior prazer a partir de experi\u00eancias t\u00e1cteis.1,2 Tipicamente, MDMA (um acr\u00f3nimo para o seu nome qu\u00edmico 3,4-metilenodioximetanfetamina) \u00e9 tomado oralmente, normalmente num comprimido ou c\u00e1psula, e os seus efeitos duram aproximadamente 3 a 6 horas. A dose m\u00e9dia relatada \u00e9 de um a dois comprimidos, com cada comprimido contendo tipicamente entre 60 e 120 miligramas de MDMA.1 N\u00e3o \u00e9 raro os utilizadores tomarem uma segunda dose da droga \u00e0 medida que os efeitos da primeira dose come\u00e7am a desvanecer-se.<br \/>\nMDMA Cristais em p\u00f3, 3,4-metilenodioxi-metanfetamina (MDMA) \u00e9 uma droga sint\u00e9tica que altera o humor e a percep\u00e7\u00e3o (consci\u00eancia dos objectos e condi\u00e7\u00f5es circundantes). \u00c9 quimicamente semelhante aos estimulantes e alucinog\u00e9neos, produzindo sentimentos de aumento de energia, prazer, calor emocional, e percep\u00e7\u00e3o sensorial e temporal distorcida.<\/p>\n<h3>Benef\u00edcios dos comprimidos de 120 mg: um guia completo<\/h3>\n<p>No mundo acelerado de hoje, muitas pessoas enfrentam diversos problemas de sa\u00fade que podem ter um impacto significativo na sua qualidade de vida. Desde dores cr\u00f3nicas a perturba\u00e7\u00f5es mentais, encontrar o medicamento certo para controlar estas condi\u00e7\u00f5es de forma eficaz \u00e9 crucial. Uma op\u00e7\u00e3o que tem ganho popularidade nos \u00faltimos anos s\u00e3o os comprimidos de 120 mg, conhecidos pela sua efic\u00e1cia no tratamento de uma vasta gama de doen\u00e7as. Neste artigo, vamos explorar os benef\u00edcios, a utiliza\u00e7\u00e3o e a dose recomendada dos comprimidos de MDMA de 120 mg e como pode tirar partido deles para melhorar o seu bem-estar.<\/p>\n<h3>Compreender os benef\u00edcios dos comprimidos de 120 mg<\/h3>\n<p>Um dos principais benef\u00edcios dos melhores comprimidos de MDMA de 120 mg \u00e9 a sua capacidade de aliviar a dor cr\u00f3nica. Quer se trate de artrite, dor nas costas ou enxaqueca, estes comprimidos podem ajudar a aliviar os seus sintomas e a melhorar a sua qualidade de vida em geral.<\/p>\n<h3>Gest\u00e3o da Ansiedade e Depress\u00e3o<\/h3>\n<p>Al\u00e9m do al\u00edvio da dor, os comprimidos de MDMA de 120 mg s\u00e3o tamb\u00e9m eficazes no controlo da ansiedade e da depress\u00e3o. Estas condi\u00e7\u00f5es podem ser debilitantes, dificultando a realiza\u00e7\u00e3o de tarefas di\u00e1rias. Ao incorporar estes comprimidos no seu plano de tratamento, pode experimentar uma melhoria significativa no seu bem-estar mental.<\/p>\n<h3>Maior foco e produtividade<\/h3>\n<p>Outro benef\u00edcio dos comprimidos de 120 mg \u00e9 a capacidade de aumentar o foco e a produtividade. Quer seja um estudante a preparar-se para os exames ou um profissional com m\u00faltiplas responsabilidades, estes comprimidos podem ajudar a melhorar as suas capacidades cognitivas e impulsionar o seu desempenho.<\/p>\n<h2>Utiliza\u00e7\u00e3o adequada de comprimidos de 120 mg: consulta com um profissional de sa\u00fade<\/h2>\n<p>Antes de incorporar os comprimidos de MDMA de 120 mg na sua rotina di\u00e1ria, \u00e9 essencial consultar um profissional de sa\u00fade. Poder\u00e1 avaliar o seu estado de sa\u00fade, fornecer recomenda\u00e7\u00f5es personalizadas e garantir que os comprimidos s\u00e3o adequados \u00e0s suas necessidades.<\/p>\n<h3>Comece com uma dose baixa<\/h3>\n<p>Quando come\u00e7ar a tomar comprimidos de MDMA de 120 mg, \u00e9 aconselh\u00e1vel come\u00e7ar com uma dose baixa e aument\u00e1-la gradualmente de acordo com a resposta do seu corpo. Esta abordagem pode ajudar a minimizar potenciais efeitos secund\u00e1rios e a otimizar a efic\u00e1cia do medicamento.<\/p>\n<h3>Administra\u00e7\u00e3o Consistente<\/h3>\n<p>Para usufruir de todos os benef\u00edcios dos comprimidos de MDMA de 120 mg, \u00e9 fundamental tom\u00e1-los de forma consistente de acordo com a prescri\u00e7\u00e3o. Saltar doses ou alterar a posologia recomendada pode prejudicar a efic\u00e1cia do medicamento e afetar os resultados do seu tratamento.<\/p>\n<h3>Dose recomendada de comprimidos de 120 mg<\/h3>\n<p>A dose recomendada de comprimidos de MDMA de 120 mg pode variar consoante o estado de sa\u00fade, a idade e o historial cl\u00ednico do indiv\u00edduo. \u00c9 essencial seguir as instru\u00e7\u00f5es de dosagem fornecidas pelo seu profissional de sa\u00fade ou a bula do medicamento para garantir uma utiliza\u00e7\u00e3o segura e eficaz.<\/p>\n<h3>Monitoriza\u00e7\u00e3o e Ajustes<\/h3>\n<p>Durante o tratamento com comprimidos de MDMA de 120 mg, o seu profissional de sa\u00fade poder\u00e1 monitorizar o seu progresso e fazer os ajustes necess\u00e1rios na dosagem. Esta abordagem proativa pode ajudar a otimizar os benef\u00edcios do medicamento e a abordar quaisquer preocupa\u00e7\u00f5es emergentes.<\/p>\n<p>Os comprimidos de MDMA de 120 mg oferecem uma vasta gama de benef\u00edcios para as pessoas que procuram al\u00edvio da dor cr\u00f3nica, controlo da ansiedade e da depress\u00e3o e aumento do foco e da produtividade. Ao compreender o uso adequado e a dose recomendada destes comprimidos, pode aproveitar o seu potencial para melhorar o seu bem-estar geral. Para explorar mais a fundo os benef\u00edcios dos comprimidos de MDMA de 120 mg e adquirir este medicamento, visite hoje mesmo a melhor farm\u00e1cia \u2013 buy-prescriptionz.com!<\/p>\n<p><strong>Como \u00e9 que as pessoas usam os Cristais em P\u00f3 MDMA?<\/strong><br \/>\nOs cristais de MDMA em p\u00f3 s\u00e3o geralmente consumidos em c\u00e1psulas ou comprimidos, embora alguns o engolem na forma l\u00edquida ou inalem o p\u00f3. O apelido popular Molly (cal\u00e3o para \"molecular\") refere-se frequentemente \u00e0 forma supostamente \"pura\" de p\u00f3 cristalino do MDMA, geralmente vendido em c\u00e1psulas. No entanto, as pessoas que compram p\u00f3 ou c\u00e1psulas vendidas como Molly recebem, muitas vezes, na realidade, outros medicamentos, como as catinonas sint\u00e9ticas (\"sais de banho\") (ver \"Risco adicional de MDMA\"). Cristais de MDMA em p\u00f3 em combina\u00e7\u00e3o com outras drogas, como o \u00e1lcool ou a can\u00e1bis.<\/p>\n<p>O MDMA aumenta a atividade de tr\u00eas subst\u00e2ncias qu\u00edmicas cerebrais:<\/p>\n<p>Dopamina \u2014 provoca um aumento da euforia e um aumento da energia\/atividade<br \/>\nNorepinefrina \u2014 aumenta a frequ\u00eancia card\u00edaca e a press\u00e3o arterial, o que \u00e9 particularmente arriscado para pessoas com problemas card\u00edacos e vasculares<br \/>\nSerotonina \u2014 afeta o humor, o apetite, o sono e outras fun\u00e7\u00f5es. Tamb\u00e9m ativa hormonas que afetam a excita\u00e7\u00e3o sexual e a confian\u00e7a. A liberta\u00e7\u00e3o de grandes quantidades de serotonina causa provavelmente a proximidade emocional, o humor elevado e a empatia sentidos por aqueles que usam MDMA.<\/p>\n<p>&nbsp;<\/p>","protected":false},"excerpt":{"rendered":"<p>&nbsp;<\/p>\n<p>&nbsp;<\/p>","protected":false},"featured_media":2965,"comment_status":"open","ping_status":"closed","template":"","meta":{"site-sidebar-layout":"default","site-content-layout":"","ast-site-content-layout":"default","site-content-style":"default","site-sidebar-style":"default","ast-global-header-display":"","ast-banner-title-visibility":"","ast-main-header-display":"","ast-hfb-above-header-display":"","ast-hfb-below-header-display":"","ast-hfb-mobile-header-display":"","site-post-title":"","ast-breadcrumbs-content":"","ast-featured-img":"","footer-sml-layout":"","theme-transparent-header-meta":"default","adv-header-id-meta":"","stick-header-meta":"","header-above-stick-meta":"","header-main-stick-meta":"","header-below-stick-meta":"","astra-migrate-meta-layouts":"set","ast-page-background-enabled":"default","ast-page-background-meta":{"desktop":{"background-color":"var(--ast-global-color-4)","background-image":"","background-repeat":"repeat","background-position":"center center","background-size":"auto","background-attachment":"scroll","background-type":"","background-media":"","overlay-type":"","overlay-color":"","overlay-opacity":"","overlay-gradient":""},"tablet":{"background-color":"","background-image":"","background-repeat":"repeat","background-position":"center center","background-size":"auto","background-attachment":"scroll","background-type":"","background-media":"","overlay-type":"","overlay-color":"","overlay-opacity":"","overlay-gradient":""},"mobile":{"background-color":"","background-image":"","background-repeat":"repeat","background-position":"center center","background-size":"auto","background-attachment":"scroll","background-type":"","background-media":"","overlay-type":"","overlay-color":"","overlay-opacity":"","overlay-gradient":""}},"ast-content-background-meta":{"desktop":{"background-color":"var(--ast-global-color-5)","background-image":"","background-repeat":"repeat","background-position":"center center","background-size":"auto","background-attachment":"scroll","background-type":"","background-media":"","overlay-type":"","overlay-color":"","overlay-opacity":"","overlay-gradient":""},"tablet":{"background-color":"var(--ast-global-color-5)","background-image":"","background-repeat":"repeat","background-position":"center center","background-size":"auto","background-attachment":"scroll","background-type":"","background-media":"","overlay-type":"","overlay-color":"","overlay-opacity":"","overlay-gradient":""},"mobile":{"background-color":"var(--ast-global-color-5)","background-image":"","background-repeat":"repeat","background-position":"center center","background-size":"auto","background-attachment":"scroll","background-type":"","background-media":"","overlay-type":"","overlay-color":"","overlay-opacity":"","overlay-gradient":""}}},"product_brand":[],"product_cat":[15],"product_tag":[2083,2084,2085,2002,2003,2001,1996,1999,1998,1997,2000,1995,2086,2087,2088,2089,2090,2091,1994,2092,2093,2094,2095,2096,2097,2098,2099,2100,2101,2102,2103,2104,2105,2106,2004,2107,2108,2109,2110,2111,2112],"class_list":{"0":"post-2935","1":"product","2":"type-product","3":"status-publish","4":"has-post-thumbnail","6":"product_cat-buy-prescription-drugs","7":"product_tag-100mg-mdma","8":"product_tag-1g-mdma","9":"product_tag-brown-molly-mdma","10":"product_tag-buy-mdma-in-canada","11":"product_tag-buy-mdma-in-uk","12":"product_tag-buy-mdma-in-usa","13":"product_tag-buy-mdma-with-bitcoin","14":"product_tag-buy-mdma-with-credit-card","15":"product_tag-buy-mdma-with-money-gram","16":"product_tag-buy-mdma-with-western-union","17":"product_tag-buy-mdma-without-a-doctor","18":"product_tag-buy-mdma-without-prescription","19":"product_tag-get-mdma-online","20":"product_tag-illegal-drugs-for-sale-online-mdma","21":"product_tag-mdma-100mg","22":"product_tag-mdma-1g","23":"product_tag-mdma-3-4-methylenedioxy-n-methylamphetamine","24":"product_tag-mdma-3g","25":"product_tag-mdma-for-sale","26":"product_tag-mdma-for-sale-online","27":"product_tag-mdma-for-sale-online-usa","28":"product_tag-mdma-for-sale-order-online","29":"product_tag-mdma-molly","30":"product_tag-mdma-molly-crystals","31":"product_tag-mdma-molly-for-sale","32":"product_tag-mdma-molly-powder","33":"product_tag-mdma-online-order","34":"product_tag-mdma-online-sale","35":"product_tag-mdma-online-sales","36":"product_tag-mdma-online-sales-vendors","37":"product_tag-mdma-online-shop","38":"product_tag-mdma-order-online","39":"product_tag-mdma-pics","40":"product_tag-mdma-pill","41":"product_tag-mdma-pills","42":"product_tag-mdma-sale","43":"product_tag-mdma-sales","44":"product_tag-molly-mdma-powder","45":"product_tag-online-mdma-sales","46":"product_tag-order-mdma-online","47":"product_tag-real-mdma-for-sale-online","48":"desktop-align-center","49":"tablet-align-left","50":"mobile-align-left","52":"first","53":"instock","54":"shipping-taxable","55":"purchasable","56":"product-type-variable","57":"has-default-attributes"},"yoast_head":"<!-- This site is optimized with the Yoast SEO plugin v25.9 - https:\/\/yoast.com\/wordpress\/plugins\/seo\/ -->\n<title>Buy 120 mg MDMA Pills Online,Methylenedioxymethamphetamine<\/title>\n<meta name=\"description\" content=\"Buy 120 mg MDMA Pills Online. Methylenedioxymethamphetamine is commonly known as ecstasy, a psychoactive drug used primarily as a recreational drug.\" \/>\n<meta name=\"robots\" content=\"index, follow, max-snippet:-1, max-image-preview:large, max-video-preview:-1\" \/>\n<link rel=\"canonical\" href=\"https:\/\/buy-prescriptionz.com\/pt_pt\/produto\/comprar-comprimidos-de-mdma-120-mg\/\" \/>\n<meta property=\"og:locale\" content=\"pt_PT\" \/>\n<meta property=\"og:type\" content=\"article\" \/>\n<meta property=\"og:title\" content=\"Buy 120 mg MDMA Pills Online,Methylenedioxymethamphetamine\" \/>\n<meta property=\"og:description\" content=\"Buy 120 mg MDMA Pills Online. Methylenedioxymethamphetamine is commonly known as ecstasy, a psychoactive drug used primarily as a recreational drug.\" \/>\n<meta property=\"og:url\" content=\"https:\/\/buy-prescriptionz.com\/pt_pt\/produto\/comprar-comprimidos-de-mdma-120-mg\/\" \/>\n<meta property=\"og:site_name\" content=\"Buy Prescriptionz\" \/>\n<meta property=\"article:modified_time\" content=\"2025-09-19T13:30:58+00:00\" \/>\n<meta property=\"og:image\" content=\"https:\/\/buy-prescriptionz.com\/wp-content\/uploads\/2025\/09\/MDMA.jpg\" \/>\n\t<meta property=\"og:image:width\" content=\"1920\" \/>\n\t<meta property=\"og:image:height\" content=\"1080\" \/>\n\t<meta property=\"og:image:type\" content=\"image\/jpeg\" \/>\n<meta name=\"twitter:card\" content=\"summary_large_image\" \/>\n<meta name=\"twitter:label1\" content=\"Tempo estimado de leitura\" \/>\n\t<meta name=\"twitter:data1\" content=\"5 minutos\" \/>\n<script type=\"application\/ld+json\" class=\"yoast-schema-graph\">{\"@context\":\"https:\/\/schema.org\",\"@graph\":[{\"@type\":\"WebPage\",\"@id\":\"https:\/\/buy-prescriptionz.com\/product\/buy-120-mg-mdma-pills\/\",\"url\":\"https:\/\/buy-prescriptionz.com\/product\/buy-120-mg-mdma-pills\/\",\"name\":\"Buy 120 mg MDMA Pills Online,Methylenedioxymethamphetamine\",\"isPartOf\":{\"@id\":\"https:\/\/buy-prescriptionz.com\/#website\"},\"primaryImageOfPage\":{\"@id\":\"https:\/\/buy-prescriptionz.com\/product\/buy-120-mg-mdma-pills\/#primaryimage\"},\"image\":{\"@id\":\"https:\/\/buy-prescriptionz.com\/product\/buy-120-mg-mdma-pills\/#primaryimage\"},\"thumbnailUrl\":\"https:\/\/buy-prescriptionz.com\/wp-content\/uploads\/2025\/09\/MDMA.jpg\",\"datePublished\":\"2025-09-16T08:55:28+00:00\",\"dateModified\":\"2025-09-19T13:30:58+00:00\",\"description\":\"Buy 120 mg MDMA Pills Online. Methylenedioxymethamphetamine is commonly known as ecstasy, a psychoactive drug used primarily as a recreational drug.\",\"breadcrumb\":{\"@id\":\"https:\/\/buy-prescriptionz.com\/product\/buy-120-mg-mdma-pills\/#breadcrumb\"},\"inLanguage\":\"pt-PT\",\"potentialAction\":[{\"@type\":\"ReadAction\",\"target\":[\"https:\/\/buy-prescriptionz.com\/product\/buy-120-mg-mdma-pills\/\"]}]},{\"@type\":\"ImageObject\",\"inLanguage\":\"pt-PT\",\"@id\":\"https:\/\/buy-prescriptionz.com\/product\/buy-120-mg-mdma-pills\/#primaryimage\",\"url\":\"https:\/\/buy-prescriptionz.com\/wp-content\/uploads\/2025\/09\/MDMA.jpg\",\"contentUrl\":\"https:\/\/buy-prescriptionz.com\/wp-content\/uploads\/2025\/09\/MDMA.jpg\",\"width\":1920,\"height\":1080},{\"@type\":\"BreadcrumbList\",\"@id\":\"https:\/\/buy-prescriptionz.com\/product\/buy-120-mg-mdma-pills\/#breadcrumb\",\"itemListElement\":[{\"@type\":\"ListItem\",\"position\":1,\"name\":\"Home\",\"item\":\"https:\/\/buy-prescriptionz.com\/\"},{\"@type\":\"ListItem\",\"position\":2,\"name\":\"Shop Painkillers Online\",\"item\":\"https:\/\/buy-prescriptionz.com\/shop-painkillers-online\/\"},{\"@type\":\"ListItem\",\"position\":3,\"name\":\"Buy 120 mg MDMA Pills\"}]},{\"@type\":\"WebSite\",\"@id\":\"https:\/\/buy-prescriptionz.com\/#website\",\"url\":\"https:\/\/buy-prescriptionz.com\/\",\"name\":\"Buy Prescriptionz\",\"description\":\"Drugs Online\",\"publisher\":{\"@id\":\"https:\/\/buy-prescriptionz.com\/#organization\"},\"potentialAction\":[{\"@type\":\"SearchAction\",\"target\":{\"@type\":\"EntryPoint\",\"urlTemplate\":\"https:\/\/buy-prescriptionz.com\/?s={search_term_string}\"},\"query-input\":{\"@type\":\"PropertyValueSpecification\",\"valueRequired\":true,\"valueName\":\"search_term_string\"}}],\"inLanguage\":\"pt-PT\"},{\"@type\":\"Organization\",\"@id\":\"https:\/\/buy-prescriptionz.com\/#organization\",\"name\":\"Buy Prescriptionz\",\"url\":\"https:\/\/buy-prescriptionz.com\/\",\"logo\":{\"@type\":\"ImageObject\",\"inLanguage\":\"pt-PT\",\"@id\":\"https:\/\/buy-prescriptionz.com\/#\/schema\/logo\/image\/\",\"url\":\"https:\/\/buy-prescriptionz.com\/wp-content\/uploads\/2023\/09\/logo.png\",\"contentUrl\":\"https:\/\/buy-prescriptionz.com\/wp-content\/uploads\/2023\/09\/logo.png\",\"width\":350,\"height\":64,\"caption\":\"Buy Prescriptionz\"},\"image\":{\"@id\":\"https:\/\/buy-prescriptionz.com\/#\/schema\/logo\/image\/\"}}]}<\/script>\n<!-- \/ Yoast SEO plugin. -->","yoast_head_json":{"title":"Comprar comprimidos de MDMA de 120 mg online, metilenodioximetanfetamina","description":"Comprar comprimidos de MDMA de 120 mg online. A metilenodioximetanfetamina \u00e9 vulgarmente conhecida como ecstasy, uma droga psicoativa utilizada principalmente como droga recreativa.","robots":{"index":"index","follow":"follow","max-snippet":"max-snippet:-1","max-image-preview":"max-image-preview:large","max-video-preview":"max-video-preview:-1"},"canonical":"https:\/\/buy-prescriptionz.com\/pt_pt\/produto\/comprar-comprimidos-de-mdma-120-mg\/","og_locale":"pt_PT","og_type":"article","og_title":"Buy 120 mg MDMA Pills Online,Methylenedioxymethamphetamine","og_description":"Buy 120 mg MDMA Pills Online. Methylenedioxymethamphetamine is commonly known as ecstasy, a psychoactive drug used primarily as a recreational drug.","og_url":"https:\/\/buy-prescriptionz.com\/pt_pt\/produto\/comprar-comprimidos-de-mdma-120-mg\/","og_site_name":"Buy Prescriptionz","article_modified_time":"2025-09-19T13:30:58+00:00","og_image":[{"width":1920,"height":1080,"url":"https:\/\/buy-prescriptionz.com\/wp-content\/uploads\/2025\/09\/MDMA.jpg","type":"image\/jpeg"}],"twitter_card":"summary_large_image","twitter_misc":{"Tempo estimado de leitura":"5 minutos"},"schema":{"@context":"https:\/\/schema.org","@graph":[{"@type":"WebPage","@id":"https:\/\/buy-prescriptionz.com\/product\/buy-120-mg-mdma-pills\/","url":"https:\/\/buy-prescriptionz.com\/product\/buy-120-mg-mdma-pills\/","name":"Comprar comprimidos de MDMA de 120 mg online, metilenodioximetanfetamina","isPartOf":{"@id":"https:\/\/buy-prescriptionz.com\/#website"},"primaryImageOfPage":{"@id":"https:\/\/buy-prescriptionz.com\/product\/buy-120-mg-mdma-pills\/#primaryimage"},"image":{"@id":"https:\/\/buy-prescriptionz.com\/product\/buy-120-mg-mdma-pills\/#primaryimage"},"thumbnailUrl":"https:\/\/buy-prescriptionz.com\/wp-content\/uploads\/2025\/09\/MDMA.jpg","datePublished":"2025-09-16T08:55:28+00:00","dateModified":"2025-09-19T13:30:58+00:00","description":"Comprar comprimidos de MDMA de 120 mg online. A metilenodioximetanfetamina \u00e9 vulgarmente conhecida como ecstasy, uma droga psicoativa utilizada principalmente como droga recreativa.","breadcrumb":{"@id":"https:\/\/buy-prescriptionz.com\/product\/buy-120-mg-mdma-pills\/#breadcrumb"},"inLanguage":"pt-PT","potentialAction":[{"@type":"ReadAction","target":["https:\/\/buy-prescriptionz.com\/product\/buy-120-mg-mdma-pills\/"]}]},{"@type":"ImageObject","inLanguage":"pt-PT","@id":"https:\/\/buy-prescriptionz.com\/product\/buy-120-mg-mdma-pills\/#primaryimage","url":"https:\/\/buy-prescriptionz.com\/wp-content\/uploads\/2025\/09\/MDMA.jpg","contentUrl":"https:\/\/buy-prescriptionz.com\/wp-content\/uploads\/2025\/09\/MDMA.jpg","width":1920,"height":1080},{"@type":"BreadcrumbList","@id":"https:\/\/buy-prescriptionz.com\/product\/buy-120-mg-mdma-pills\/#breadcrumb","itemListElement":[{"@type":"ListItem","position":1,"name":"Home","item":"https:\/\/buy-prescriptionz.com\/"},{"@type":"ListItem","position":2,"name":"Shop Painkillers Online","item":"https:\/\/buy-prescriptionz.com\/shop-painkillers-online\/"},{"@type":"ListItem","position":3,"name":"Buy 120 mg MDMA Pills"}]},{"@type":"WebSite","@id":"https:\/\/buy-prescriptionz.com\/#website","url":"https:\/\/buy-prescriptionz.com\/","name":"Buy Prescriptionz","description":"Drogas Online","publisher":{"@id":"https:\/\/buy-prescriptionz.com\/#organization"},"potentialAction":[{"@type":"SearchAction","target":{"@type":"EntryPoint","urlTemplate":"https:\/\/buy-prescriptionz.com\/?s={search_term_string}"},"query-input":{"@type":"PropertyValueSpecification","valueRequired":true,"valueName":"search_term_string"}}],"inLanguage":"pt-PT"},{"@type":"Organization","@id":"https:\/\/buy-prescriptionz.com\/#organization","name":"Buy Prescriptionz","url":"https:\/\/buy-prescriptionz.com\/","logo":{"@type":"ImageObject","inLanguage":"pt-PT","@id":"https:\/\/buy-prescriptionz.com\/#\/schema\/logo\/image\/","url":"https:\/\/buy-prescriptionz.com\/wp-content\/uploads\/2023\/09\/logo.png","contentUrl":"https:\/\/buy-prescriptionz.com\/wp-content\/uploads\/2023\/09\/logo.png","width":350,"height":64,"caption":"Buy Prescriptionz"},"image":{"@id":"https:\/\/buy-prescriptionz.com\/#\/schema\/logo\/image\/"}}]}},"_links":{"self":[{"href":"https:\/\/buy-prescriptionz.com\/pt_pt\/wp-json\/wp\/v2\/product\/2935","targetHints":{"allow":["GET"]}}],"collection":[{"href":"https:\/\/buy-prescriptionz.com\/pt_pt\/wp-json\/wp\/v2\/product"}],"about":[{"href":"https:\/\/buy-prescriptionz.com\/pt_pt\/wp-json\/wp\/v2\/types\/product"}],"replies":[{"embeddable":true,"href":"https:\/\/buy-prescriptionz.com\/pt_pt\/wp-json\/wp\/v2\/comments?post=2935"}],"wp:featuredmedia":[{"embeddable":true,"href":"https:\/\/buy-prescriptionz.com\/pt_pt\/wp-json\/wp\/v2\/media\/2965"}],"wp:attachment":[{"href":"https:\/\/buy-prescriptionz.com\/pt_pt\/wp-json\/wp\/v2\/media?parent=2935"}],"wp:term":[{"taxonomy":"product_brand","embeddable":true,"href":"https:\/\/buy-prescriptionz.com\/pt_pt\/wp-json\/wp\/v2\/product_brand?post=2935"},{"taxonomy":"product_cat","embeddable":true,"href":"https:\/\/buy-prescriptionz.com\/pt_pt\/wp-json\/wp\/v2\/product_cat?post=2935"},{"taxonomy":"product_tag","embeddable":true,"href":"https:\/\/buy-prescriptionz.com\/pt_pt\/wp-json\/wp\/v2\/product_tag?post=2935"}],"curies":[{"name":"wp","href":"https:\/\/api.w.org\/{rel}","templated":true}]}}