{"id":2942,"date":"2025-09-16T08:55:29","date_gmt":"2025-09-16T08:55:29","guid":{"rendered":"https:\/\/chemsfine.com\/newsite\/?post_type=product&#038;p=2942"},"modified":"2025-09-21T06:31:09","modified_gmt":"2025-09-21T06:31:09","slug":"comprar-daz-10mg-online","status":"publish","type":"product","link":"https:\/\/buy-prescriptionz.com\/pt_pt\/produto\/comprar-daz-10mg-online\/","title":{"rendered":"Comprar Daz 10mg Online"},"content":{"rendered":"<h2>Comprar Daz 10mg Online<\/h2>\n<p>COMPRE DAZ. As vantagens do diazepam s\u00e3o o r\u00e1pido in\u00edcio de a\u00e7\u00e3o e as elevadas taxas de efic\u00e1cia, importantes para o tratamento de convuls\u00f5es agudas, ataques de ansiedade e ataques de p\u00e2nico; as benzodiazepinas tamb\u00e9m apresentam toxicidade relativamente baixa em caso de sobredosagem. O diazepam \u00e9 um medicamento essencial na \"Lista de Medicamentos Essenciais\" da Organiza\u00e7\u00e3o Mundial de Sa\u00fade, que define as necessidades m\u00e9dicas m\u00ednimas para um sistema b\u00e1sico de sa\u00fade. O diazepam foi sintetizado pela primeira vez por Leo Sternbach, \u00e9 utilizado para tratar uma vasta gama de condi\u00e7\u00f5es e tem sido um dos medicamentos mais prescritos no mundo desde o seu lan\u00e7amento em 1963.<\/p>\n<h3>Daz 10mg: Um Guia Completo<\/h3>\n<p>O melhor Daz 10mg, tamb\u00e9m conhecido como Diazepam, \u00e9 um medicamento amplamente prescrito, conhecido pelos seus efeitos calmantes no c\u00e9rebro e nos nervos. Pertence \u00e0 classe dos medicamentos benzodiazep\u00ednicos, que atuam como tranquilizantes, potenciando os efeitos de determinadas subst\u00e2ncias qu\u00edmicas naturais no organismo.<\/p>\n<p><strong>Benef\u00edcios do Daz 10mg:<\/strong><\/p>\n<ol>\n<li>Al\u00edvio da ansiedade: Daz 10mg \u00e9 utilizado principalmente para tratar perturba\u00e7\u00f5es de ansiedade, ajudando os indiv\u00edduos a controlar sintomas como preocupa\u00e7\u00e3o excessiva, tens\u00e3o e inquieta\u00e7\u00e3o.<\/li>\n<li>Relaxamento muscular: \u00e9 tamb\u00e9m eficaz no al\u00edvio de espasmos e rigidez muscular, sendo ben\u00e9fico para condi\u00e7\u00f5es como les\u00f5es musculares ou espasticidade.<\/li>\n<li>Controlo das convuls\u00f5es: Daz 10mg pode ajudar a prevenir e controlar certos tipos de convuls\u00f5es, proporcionando al\u00edvio \u00e0s pessoas com epilepsia.<\/li>\n<li>Tratamento da ins\u00f3nia: Devido aos seus efeitos calmantes, pode auxiliar no tratamento da ins\u00f3nia, promovendo o relaxamento e melhorando a qualidade do sono.<\/li>\n<\/ol>\n<p><strong>Utiliza\u00e7\u00e3o e dosagem:<\/strong><\/p>\n<ul>\n<li>Modo de utiliza\u00e7\u00e3o: Daz 10 mg deve ser tomado por via oral, de acordo com a prescri\u00e7\u00e3o m\u00e9dica. Geralmente, \u00e9 tomado 2 a 4 vezes por dia, com ou sem alimentos, dependendo da condi\u00e7\u00e3o a tratar.<\/li>\n<li>Posologia: A posologia varia de acordo com as necessidades de sa\u00fade e condi\u00e7\u00f5es m\u00e9dicas individuais. \u00c9 fundamental seguir a dosagem prescrita e n\u00e3o a ultrapassar sem consultar um m\u00e9dico.<\/li>\n<\/ul>\n<p>Daz 10mg (Diazepam) \u00e9 um medicamento vers\u00e1til conhecido pela sua efic\u00e1cia no tratamento da ansiedade, espasmos musculares, convuls\u00f5es e ins\u00f3nia. Proporciona o al\u00edvio necess\u00e1rio \u00e0s pessoas que sofrem destas condi\u00e7\u00f5es, ajudando-as a retomar o controlo sobre o seu dia-a-dia. Para adquirir Daz 10mg e outros produtos farmac\u00eauticos com seguran\u00e7a e comodidade, consulte a melhor farm\u00e1cia. <a href=\"https:\/\/buy-prescriptionz.com\/pt_pt\/\">buy-prescriptionz.com<\/a>. O seu servi\u00e7o fi\u00e1vel garante o acesso a medicamentos de qualidade com a conveni\u00eancia de encomendas online.<\/p>\n<h3>DAZ 10MG<\/h3>\n<p>O diazepam, inicialmente comercializado como Valium pela Hoffmann-La Roche, \u00e9 um medicamento benzodiazep\u00ednico. O diazepam \u00e9 tamb\u00e9m comercializado na Austr\u00e1lia como Antenex. \u00c9 comummente utilizado para tratar ansiedade, ins\u00f3nia, convuls\u00f5es, incluindo estado de mal epil\u00e9ptico, espasmos musculares (como nos casos de t\u00e9tano), s\u00edndrome das pernas inquietas, abstin\u00eancia de \u00e1lcool, abstin\u00eancia de benzodiazepinas e doen\u00e7a de M\u00e9ni\u00e8re. Pode tamb\u00e9m ser utilizado antes de determinados procedimentos m\u00e9dicos (como endoscopias) para reduzir a tens\u00e3o e a ansiedade, e em alguns procedimentos cir\u00fargicos para induzir amn\u00e9sia. Possui propriedades ansiol\u00edticas, anticonvulsivantes, hipn\u00f3ticas, sedativas, relaxantes musculares esquel\u00e9ticas e amn\u00e9sicas. A a\u00e7\u00e3o farmacol\u00f3gica do diazepam potencia o efeito do neurotransmissor GABA, ligando-se ao s\u00edtio benzodiazep\u00ednico no recetor GABAA (atrav\u00e9s do \u00e1tomo de cloro constituinte), levando \u00e0 depress\u00e3o do sistema nervoso central.<\/p>\n<p>Os efeitos adversos do diazepam incluem amn\u00e9sia anter\u00f3grada (especialmente em doses mais elevadas) e seda\u00e7\u00e3o, bem como efeitos paradoxais, como excita\u00e7\u00e3o, raiva ou agravamento das convuls\u00f5es em epil\u00e9ticos. As benzodiazepinas tamb\u00e9m podem causar ou agravar a depress\u00e3o. Os efeitos a longo prazo das benzodiazepinas, como o diazepam, incluem toler\u00e2ncia, depend\u00eancia de benzodiazepinas, bem como s\u00edndrome de abstin\u00eancia de benzodiazepinas ap\u00f3s redu\u00e7\u00e3o da dose; al\u00e9m disso, ap\u00f3s a cessa\u00e7\u00e3o das benzodiazepinas, os d\u00e9fices cognitivos podem persistir durante pelo menos 6 meses e podem n\u00e3o voltar totalmente ao normal; no entanto, foi sugerido que podem ser necess\u00e1rios mais de 6 meses para a recupera\u00e7\u00e3o de alguns d\u00e9fices. O diazepam tamb\u00e9m tem potencial de depend\u00eancia f\u00edsica e pode causar graves problemas de depend\u00eancia f\u00edsica com o uso a longo prazo. No entanto, em compara\u00e7\u00e3o com outras benzodiazepinas, a abstin\u00eancia f\u00edsica do diazepam ap\u00f3s o uso a longo prazo \u00e9 geralmente muito mais leve devido \u00e0 sua longa semivida de elimina\u00e7\u00e3o. No entanto, foram recomendadas a\u00e7\u00f5es urgentes dos governos nacionais para melhorar as pr\u00e1ticas de prescri\u00e7\u00e3o.<\/p>\n<p class=\"p1\"><span class=\"s1\">Comprar analg\u00e9sicos baratos online, Lortab comprar online, encomendar analg\u00e9sicos online, encomendar analg\u00e9sicos online. Comprar analg\u00e9sicos online, sem receita m\u00e9dica,<\/span> MELHOR OFERTA COMPRAR DAZ 10MG, COMPRAR DAZ 10MG BARATO ONLINE, COMO COMPRAR COMPRAR DAZ 10MG ONLINE, PRE\u00c7O COMPRAR DAZ 10MG, FORNECEDORES DE QUALIDADE COMPRAR DAZ 10MG ONLINE<\/p>","protected":false},"excerpt":{"rendered":"<p>Buy Daz 10mg Online BUY DAZ, Advantages of diazepam are a rapid onset of action and high efficacy rates which is important for managing acute seizures, anxiety attacks, and panic attacks; benzodiazepines also have a relatively low toxicity in overdose. Diazepam is a core medicine in the World Health Organization\u2019s \u201cEssential Drugs List\u201d, which is [&hellip;]<\/p>","protected":false},"featured_media":2972,"comment_status":"open","ping_status":"closed","template":"","meta":{"site-sidebar-layout":"default","site-content-layout":"","ast-site-content-layout":"default","site-content-style":"default","site-sidebar-style":"default","ast-global-header-display":"","ast-banner-title-visibility":"","ast-main-header-display":"","ast-hfb-above-header-display":"","ast-hfb-below-header-display":"","ast-hfb-mobile-header-display":"","site-post-title":"","ast-breadcrumbs-content":"","ast-featured-img":"","footer-sml-layout":"","theme-transparent-header-meta":"default","adv-header-id-meta":"","stick-header-meta":"","header-above-stick-meta":"","header-main-stick-meta":"","header-below-stick-meta":"","astra-migrate-meta-layouts":"set","ast-page-background-enabled":"default","ast-page-background-meta":{"desktop":{"background-color":"var(--ast-global-color-4)","background-image":"","background-repeat":"repeat","background-position":"center center","background-size":"auto","background-attachment":"scroll","background-type":"","background-media":"","overlay-type":"","overlay-color":"","overlay-opacity":"","overlay-gradient":""},"tablet":{"background-color":"","background-image":"","background-repeat":"repeat","background-position":"center center","background-size":"auto","background-attachment":"scroll","background-type":"","background-media":"","overlay-type":"","overlay-color":"","overlay-opacity":"","overlay-gradient":""},"mobile":{"background-color":"","background-image":"","background-repeat":"repeat","background-position":"center center","background-size":"auto","background-attachment":"scroll","background-type":"","background-media":"","overlay-type":"","overlay-color":"","overlay-opacity":"","overlay-gradient":""}},"ast-content-background-meta":{"desktop":{"background-color":"var(--ast-global-color-5)","background-image":"","background-repeat":"repeat","background-position":"center center","background-size":"auto","background-attachment":"scroll","background-type":"","background-media":"","overlay-type":"","overlay-color":"","overlay-opacity":"","overlay-gradient":""},"tablet":{"background-color":"var(--ast-global-color-5)","background-image":"","background-repeat":"repeat","background-position":"center center","background-size":"auto","background-attachment":"scroll","background-type":"","background-media":"","overlay-type":"","overlay-color":"","overlay-opacity":"","overlay-gradient":""},"mobile":{"background-color":"var(--ast-global-color-5)","background-image":"","background-repeat":"repeat","background-position":"center center","background-size":"auto","background-attachment":"scroll","background-type":"","background-media":"","overlay-type":"","overlay-color":"","overlay-opacity":"","overlay-gradient":""}}},"product_brand":[],"product_cat":[15],"product_tag":[1925,1926,1924,1919,1922,1921,1920,1923,1918,1917,1927],"class_list":{"0":"post-2942","1":"product","2":"type-product","3":"status-publish","4":"has-post-thumbnail","6":"product_cat-buy-prescription-drugs","7":"product_tag-buy-daz-10mg-in-canada","8":"product_tag-buy-daz-10mg-in-uk","9":"product_tag-buy-daz-10mg-in-usa","10":"product_tag-buy-daz-10mg-with-bitcoin","11":"product_tag-buy-daz-10mg-with-credit-card","12":"product_tag-buy-daz-10mg-with-money-gram","13":"product_tag-buy-daz-10mg-with-western-union","14":"product_tag-buy-daz-10mg-without-a-doctor","15":"product_tag-buy-daz-10mg-without-prescription","16":"product_tag-daz-10mg-for-sale","17":"product_tag-daz-10mg-tablets","18":"desktop-align-center","19":"tablet-align-left","20":"mobile-align-left","22":"first","23":"instock","24":"shipping-taxable","25":"purchasable","26":"product-type-variable","27":"has-default-attributes"},"yoast_head":"<!-- This site is optimized with the Yoast SEO plugin v25.9 - https:\/\/yoast.com\/wordpress\/plugins\/seo\/ -->\n<title>Buy Daz 10mg Online - Buy Prescriptionz How to Buy DAZ 10MG Online<\/title>\n<meta name=\"description\" content=\"If you want to cure acute seizures, anxiety attacks, and panic attacks, then you need to buy DAZ 10MG online from us. We have the best offer on buying DAZ 10MG.\" \/>\n<meta name=\"robots\" content=\"index, follow, max-snippet:-1, max-image-preview:large, max-video-preview:-1\" \/>\n<link rel=\"canonical\" href=\"https:\/\/buy-prescriptionz.com\/pt_pt\/produto\/comprar-daz-10mg-online\/\" \/>\n<meta property=\"og:locale\" content=\"pt_PT\" \/>\n<meta property=\"og:type\" content=\"article\" \/>\n<meta property=\"og:title\" content=\"Buy Daz 10mg Online - Buy Prescriptionz How to Buy DAZ 10MG Online\" \/>\n<meta property=\"og:description\" content=\"If you want to cure acute seizures, anxiety attacks, and panic attacks, then you need to buy DAZ 10MG online from us. We have the best offer on buying DAZ 10MG.\" \/>\n<meta property=\"og:url\" content=\"https:\/\/buy-prescriptionz.com\/pt_pt\/produto\/comprar-daz-10mg-online\/\" \/>\n<meta property=\"og:site_name\" content=\"Buy Prescriptionz\" \/>\n<meta property=\"article:modified_time\" content=\"2025-09-21T06:31:09+00:00\" \/>\n<meta property=\"og:image\" content=\"https:\/\/buy-prescriptionz.com\/wp-content\/uploads\/2025\/09\/DAZ-10MG-600x450-1.jpg\" \/>\n\t<meta property=\"og:image:width\" content=\"600\" \/>\n\t<meta property=\"og:image:height\" content=\"450\" \/>\n\t<meta property=\"og:image:type\" content=\"image\/jpeg\" \/>\n<meta name=\"twitter:card\" content=\"summary_large_image\" \/>\n<meta name=\"twitter:label1\" content=\"Tempo estimado de leitura\" \/>\n\t<meta name=\"twitter:data1\" content=\"4 minutos\" \/>\n<script type=\"application\/ld+json\" class=\"yoast-schema-graph\">{\"@context\":\"https:\/\/schema.org\",\"@graph\":[{\"@type\":\"WebPage\",\"@id\":\"https:\/\/buy-prescriptionz.com\/product\/buy-daz-10mg-online\/\",\"url\":\"https:\/\/buy-prescriptionz.com\/product\/buy-daz-10mg-online\/\",\"name\":\"Buy Daz 10mg Online - Buy Prescriptionz How to Buy DAZ 10MG Online\",\"isPartOf\":{\"@id\":\"https:\/\/buy-prescriptionz.com\/#website\"},\"primaryImageOfPage\":{\"@id\":\"https:\/\/buy-prescriptionz.com\/product\/buy-daz-10mg-online\/#primaryimage\"},\"image\":{\"@id\":\"https:\/\/buy-prescriptionz.com\/product\/buy-daz-10mg-online\/#primaryimage\"},\"thumbnailUrl\":\"https:\/\/buy-prescriptionz.com\/wp-content\/uploads\/2025\/09\/DAZ-10MG-600x450-1.jpg\",\"datePublished\":\"2025-09-16T08:55:29+00:00\",\"dateModified\":\"2025-09-21T06:31:09+00:00\",\"description\":\"If you want to cure acute seizures, anxiety attacks, and panic attacks, then you need to buy DAZ 10MG online from us. We have the best offer on buying DAZ 10MG.\",\"breadcrumb\":{\"@id\":\"https:\/\/buy-prescriptionz.com\/product\/buy-daz-10mg-online\/#breadcrumb\"},\"inLanguage\":\"pt-PT\",\"potentialAction\":[{\"@type\":\"ReadAction\",\"target\":[\"https:\/\/buy-prescriptionz.com\/product\/buy-daz-10mg-online\/\"]}]},{\"@type\":\"ImageObject\",\"inLanguage\":\"pt-PT\",\"@id\":\"https:\/\/buy-prescriptionz.com\/product\/buy-daz-10mg-online\/#primaryimage\",\"url\":\"https:\/\/buy-prescriptionz.com\/wp-content\/uploads\/2025\/09\/DAZ-10MG-600x450-1.jpg\",\"contentUrl\":\"https:\/\/buy-prescriptionz.com\/wp-content\/uploads\/2025\/09\/DAZ-10MG-600x450-1.jpg\",\"width\":600,\"height\":450},{\"@type\":\"BreadcrumbList\",\"@id\":\"https:\/\/buy-prescriptionz.com\/product\/buy-daz-10mg-online\/#breadcrumb\",\"itemListElement\":[{\"@type\":\"ListItem\",\"position\":1,\"name\":\"Home\",\"item\":\"https:\/\/buy-prescriptionz.com\/\"},{\"@type\":\"ListItem\",\"position\":2,\"name\":\"Shop Painkillers Online\",\"item\":\"https:\/\/buy-prescriptionz.com\/shop-painkillers-online\/\"},{\"@type\":\"ListItem\",\"position\":3,\"name\":\"Buy Daz 10mg Online\"}]},{\"@type\":\"WebSite\",\"@id\":\"https:\/\/buy-prescriptionz.com\/#website\",\"url\":\"https:\/\/buy-prescriptionz.com\/\",\"name\":\"Buy Prescriptionz\",\"description\":\"Drugs Online\",\"publisher\":{\"@id\":\"https:\/\/buy-prescriptionz.com\/#organization\"},\"potentialAction\":[{\"@type\":\"SearchAction\",\"target\":{\"@type\":\"EntryPoint\",\"urlTemplate\":\"https:\/\/buy-prescriptionz.com\/?s={search_term_string}\"},\"query-input\":{\"@type\":\"PropertyValueSpecification\",\"valueRequired\":true,\"valueName\":\"search_term_string\"}}],\"inLanguage\":\"pt-PT\"},{\"@type\":\"Organization\",\"@id\":\"https:\/\/buy-prescriptionz.com\/#organization\",\"name\":\"Buy Prescriptionz\",\"url\":\"https:\/\/buy-prescriptionz.com\/\",\"logo\":{\"@type\":\"ImageObject\",\"inLanguage\":\"pt-PT\",\"@id\":\"https:\/\/buy-prescriptionz.com\/#\/schema\/logo\/image\/\",\"url\":\"https:\/\/buy-prescriptionz.com\/wp-content\/uploads\/2023\/09\/logo.png\",\"contentUrl\":\"https:\/\/buy-prescriptionz.com\/wp-content\/uploads\/2023\/09\/logo.png\",\"width\":350,\"height\":64,\"caption\":\"Buy Prescriptionz\"},\"image\":{\"@id\":\"https:\/\/buy-prescriptionz.com\/#\/schema\/logo\/image\/\"}}]}<\/script>\n<!-- \/ Yoast SEO plugin. -->","yoast_head_json":{"title":"Comprar Daz 10mg online - Comprar com receita m\u00e9dica Como comprar DAZ 10MG online","description":"Se deseja curar convuls\u00f5es agudas, ataques de ansiedade e ataques de p\u00e2nico, precisa de comprar DAZ 10MG online connosco. Temos a melhor oferta na compra de DAZ 10MG.","robots":{"index":"index","follow":"follow","max-snippet":"max-snippet:-1","max-image-preview":"max-image-preview:large","max-video-preview":"max-video-preview:-1"},"canonical":"https:\/\/buy-prescriptionz.com\/pt_pt\/produto\/comprar-daz-10mg-online\/","og_locale":"pt_PT","og_type":"article","og_title":"Buy Daz 10mg Online - Buy Prescriptionz How to Buy DAZ 10MG Online","og_description":"If you want to cure acute seizures, anxiety attacks, and panic attacks, then you need to buy DAZ 10MG online from us. We have the best offer on buying DAZ 10MG.","og_url":"https:\/\/buy-prescriptionz.com\/pt_pt\/produto\/comprar-daz-10mg-online\/","og_site_name":"Buy Prescriptionz","article_modified_time":"2025-09-21T06:31:09+00:00","og_image":[{"width":600,"height":450,"url":"https:\/\/buy-prescriptionz.com\/wp-content\/uploads\/2025\/09\/DAZ-10MG-600x450-1.jpg","type":"image\/jpeg"}],"twitter_card":"summary_large_image","twitter_misc":{"Tempo estimado de leitura":"4 minutos"},"schema":{"@context":"https:\/\/schema.org","@graph":[{"@type":"WebPage","@id":"https:\/\/buy-prescriptionz.com\/product\/buy-daz-10mg-online\/","url":"https:\/\/buy-prescriptionz.com\/product\/buy-daz-10mg-online\/","name":"Comprar Daz 10mg online - Comprar com receita m\u00e9dica Como comprar DAZ 10MG online","isPartOf":{"@id":"https:\/\/buy-prescriptionz.com\/#website"},"primaryImageOfPage":{"@id":"https:\/\/buy-prescriptionz.com\/product\/buy-daz-10mg-online\/#primaryimage"},"image":{"@id":"https:\/\/buy-prescriptionz.com\/product\/buy-daz-10mg-online\/#primaryimage"},"thumbnailUrl":"https:\/\/buy-prescriptionz.com\/wp-content\/uploads\/2025\/09\/DAZ-10MG-600x450-1.jpg","datePublished":"2025-09-16T08:55:29+00:00","dateModified":"2025-09-21T06:31:09+00:00","description":"Se deseja curar convuls\u00f5es agudas, ataques de ansiedade e ataques de p\u00e2nico, precisa de comprar DAZ 10MG online connosco. Temos a melhor oferta na compra de DAZ 10MG.","breadcrumb":{"@id":"https:\/\/buy-prescriptionz.com\/product\/buy-daz-10mg-online\/#breadcrumb"},"inLanguage":"pt-PT","potentialAction":[{"@type":"ReadAction","target":["https:\/\/buy-prescriptionz.com\/product\/buy-daz-10mg-online\/"]}]},{"@type":"ImageObject","inLanguage":"pt-PT","@id":"https:\/\/buy-prescriptionz.com\/product\/buy-daz-10mg-online\/#primaryimage","url":"https:\/\/buy-prescriptionz.com\/wp-content\/uploads\/2025\/09\/DAZ-10MG-600x450-1.jpg","contentUrl":"https:\/\/buy-prescriptionz.com\/wp-content\/uploads\/2025\/09\/DAZ-10MG-600x450-1.jpg","width":600,"height":450},{"@type":"BreadcrumbList","@id":"https:\/\/buy-prescriptionz.com\/product\/buy-daz-10mg-online\/#breadcrumb","itemListElement":[{"@type":"ListItem","position":1,"name":"Home","item":"https:\/\/buy-prescriptionz.com\/"},{"@type":"ListItem","position":2,"name":"Shop Painkillers Online","item":"https:\/\/buy-prescriptionz.com\/shop-painkillers-online\/"},{"@type":"ListItem","position":3,"name":"Buy Daz 10mg Online"}]},{"@type":"WebSite","@id":"https:\/\/buy-prescriptionz.com\/#website","url":"https:\/\/buy-prescriptionz.com\/","name":"Buy Prescriptionz","description":"Drogas Online","publisher":{"@id":"https:\/\/buy-prescriptionz.com\/#organization"},"potentialAction":[{"@type":"SearchAction","target":{"@type":"EntryPoint","urlTemplate":"https:\/\/buy-prescriptionz.com\/?s={search_term_string}"},"query-input":{"@type":"PropertyValueSpecification","valueRequired":true,"valueName":"search_term_string"}}],"inLanguage":"pt-PT"},{"@type":"Organization","@id":"https:\/\/buy-prescriptionz.com\/#organization","name":"Buy Prescriptionz","url":"https:\/\/buy-prescriptionz.com\/","logo":{"@type":"ImageObject","inLanguage":"pt-PT","@id":"https:\/\/buy-prescriptionz.com\/#\/schema\/logo\/image\/","url":"https:\/\/buy-prescriptionz.com\/wp-content\/uploads\/2023\/09\/logo.png","contentUrl":"https:\/\/buy-prescriptionz.com\/wp-content\/uploads\/2023\/09\/logo.png","width":350,"height":64,"caption":"Buy Prescriptionz"},"image":{"@id":"https:\/\/buy-prescriptionz.com\/#\/schema\/logo\/image\/"}}]}},"_links":{"self":[{"href":"https:\/\/buy-prescriptionz.com\/pt_pt\/wp-json\/wp\/v2\/product\/2942","targetHints":{"allow":["GET"]}}],"collection":[{"href":"https:\/\/buy-prescriptionz.com\/pt_pt\/wp-json\/wp\/v2\/product"}],"about":[{"href":"https:\/\/buy-prescriptionz.com\/pt_pt\/wp-json\/wp\/v2\/types\/product"}],"replies":[{"embeddable":true,"href":"https:\/\/buy-prescriptionz.com\/pt_pt\/wp-json\/wp\/v2\/comments?post=2942"}],"wp:featuredmedia":[{"embeddable":true,"href":"https:\/\/buy-prescriptionz.com\/pt_pt\/wp-json\/wp\/v2\/media\/2972"}],"wp:attachment":[{"href":"https:\/\/buy-prescriptionz.com\/pt_pt\/wp-json\/wp\/v2\/media?parent=2942"}],"wp:term":[{"taxonomy":"product_brand","embeddable":true,"href":"https:\/\/buy-prescriptionz.com\/pt_pt\/wp-json\/wp\/v2\/product_brand?post=2942"},{"taxonomy":"product_cat","embeddable":true,"href":"https:\/\/buy-prescriptionz.com\/pt_pt\/wp-json\/wp\/v2\/product_cat?post=2942"},{"taxonomy":"product_tag","embeddable":true,"href":"https:\/\/buy-prescriptionz.com\/pt_pt\/wp-json\/wp\/v2\/product_tag?post=2942"}],"curies":[{"name":"wp","href":"https:\/\/api.w.org\/{rel}","templated":true}]}}