{"id":2943,"date":"2025-09-16T08:55:29","date_gmt":"2025-09-16T08:55:29","guid":{"rendered":"https:\/\/chemsfine.com\/newsite\/?post_type=product&#038;p=2943"},"modified":"2025-09-23T14:06:48","modified_gmt":"2025-09-23T14:06:48","slug":"comprar-comprimidos-de-nembutal-online","status":"publish","type":"product","link":"https:\/\/buy-prescriptionz.com\/pt_pt\/produto\/comprar-comprimidos-de-nembutal-online\/","title":{"rendered":"Comprar Nembutal Pills Online"},"content":{"rendered":"<h2>COMPRAR COMPRIMIDOS NEMBUTAL<\/h2>\n<p>BUY NEMBUTAL PILLS BUY NEMBUTAL PILLS; Nembutal Sodium Solution (pentobarbital sodium injection) \u00e9 uma solu\u00e7\u00e3o est\u00e9ril para inje\u00e7\u00e3o intravenosa ou intramuscular. Cada mL cont\u00e9m pentobarbital de s\u00f3dio 50 mg, num ve\u00edculo de propilenoglicol, 40%, \u00e1lcool, 10% e \u00e1gua para injec\u00e7\u00e3o, at\u00e9 ao volume. O pH \u00e9 ajustado para aproximadamente 9,5 com \u00e1cido clor\u00eddrico e\/ou s\u00f3dio ...<\/p>\n<p>O sal de s\u00f3dio apresenta-se como um p\u00f3 branco, ligeiramente amargo, livremente sol\u00favel em \u00e1gua e \u00e1lcool, mas praticamente insol\u00favel em benzeno e \u00e9ter. Os barbit\u00faricos s\u00e3o capazes de produzir todos os n\u00edveis de altera\u00e7\u00e3o do humor no SNC, desde a excita\u00e7\u00e3o \u00e0 seda\u00e7\u00e3o ligeira, hipnose e coma profundo. A sobredosagem pode causar a morte. Em doses terap\u00eauticas suficientemente elevadas, os barbit\u00faricos induzem anestesia. Os barbit\u00faricos deprimem o c\u00f3rtex sensorial, diminuem a atividade motora, alteram a fun\u00e7\u00e3o cerebelosa e produzem sonol\u00eancia, seda\u00e7\u00e3o e hipnose.<\/p>\n<p>O sono induzido por barbit\u00faricos difere do sono fisiol\u00f3gico. Estudos laboratoriais do sono demonstraram que os barbit\u00faricos reduzem o tempo passado na fase de movimento r\u00e1pido dos olhos (REM) ou na fase de sonho. Al\u00e9m disso, os est\u00e1dios III e IV do sono s\u00e3o reduzidos. Ap\u00f3s a interrup\u00e7\u00e3o abrupta do uso regular de barbit\u00faricos, os doentes podem apresentar um aumento acentuado de sonhos, pesadelos e\/ou ins\u00f3nia. Assim sendo, a suspens\u00e3o de uma \u00fanica dose terap\u00eautica durante 5 ou 6 dias tem sido recomendada para diminuir o rebound do sono REM e os dist\u00farbios do sono que contribuem para a s\u00edndrome de abstin\u00eancia medicamentosa (por exemplo, reduzir a dose de 3 para 2 doses por dia durante 1 semana).<\/p>\n<p class=\"p1\"><span class=\"s1\">Comprar analg\u00e9sicos baratos online, Lortab comprar online, encomendar analg\u00e9sicos online, encomendar analg\u00e9sicos online. Comprar analg\u00e9sicos online, sem receita m\u00e9dica,\u00a0<\/span>Os barbit\u00faricos s\u00e3o depressores n\u00e3o seletivos do sistema nervoso central, utilizados principalmente como hipn\u00f3ticos sedativos e tamb\u00e9m como anticonvulsivantes em doses sub-hipn\u00f3ticas. Os barbit\u00faricos e os seus sais de s\u00f3dio est\u00e3o sujeitos ao controlo da Lei Federal sobre Subst\u00e2ncias Controladas (consulte a sec\u00e7\u00e3o \"Abuso e Depend\u00eancia de Drogas\"). Os sais de s\u00f3dio de amobarbital, pentobarbital, fenobarbital e secobarbital est\u00e3o dispon\u00edveis como solu\u00e7\u00f5es parenterais est\u00e9reis. Os barbit\u00faricos s\u00e3o derivados de pirimidina substitu\u00eddos, cuja estrutura b\u00e1sica comum a estes f\u00e1rmacos \u00e9 o \u00e1cido barbit\u00farico, uma subst\u00e2ncia sem atividade no sistema nervoso central (SNC). A atividade no SNC \u00e9 obtida pela substitui\u00e7\u00e3o de grupos alquila, alquenila ou arila no anel pirim\u00eddico.<\/p>\n<h3>P\u00edlulas Nembutal<\/h3>\n<p>O nembutal, tamb\u00e9m conhecido por pentobarbital, \u00e9 um medicamento utilizado para diversos fins, incluindo seda\u00e7\u00e3o e tratamento de convuls\u00f5es. Veja aqui uma an\u00e1lise detalhada dos seus benef\u00edcios, utiliza\u00e7\u00e3o e dosagens:<\/p>\n<h3>Benef\u00edcios das p\u00edlulas Nembutal<\/h3>\n<ul>\n<li>Propriedades sedativas: induz sonol\u00eancia e relaxamento, sendo \u00fatil no tratamento de ins\u00f3nias ou ansiedade antes de cirurgias.<\/li>\n<li>Efeitos anticonvulsivantes: O nembutal ajuda a controlar as convuls\u00f5es em condi\u00e7\u00f5es como a epilepsia.<\/li>\n<li>Eutan\u00e1sia: Por vezes utilizada em pr\u00e1ticas veterin\u00e1rias para a eutan\u00e1sia humana.<\/li>\n<\/ul>\n<h3>Uso de comprimidos Nembutal<\/h3>\n<ul>\n<li>Ins\u00f3nia e ansiedade: Administra\u00e7\u00e3o oral antes de deitar para seda\u00e7\u00e3o.<\/li>\n<li>Controlo das convuls\u00f5es: uso intravenoso para in\u00edcio r\u00e1pido e controlo eficaz das convuls\u00f5es.<\/li>\n<li>Eutan\u00e1sia: Administrada sob rigorosa supervis\u00e3o m\u00e9dica para a eutan\u00e1sia humana.<\/li>\n<\/ul>\n<h3>Diretrizes de dosagem<\/h3>\n<ul>\n<li>Ins\u00f3nia: Normalmente 50-100 mg tomados por via oral ao deitar.<\/li>\n<li>Convuls\u00f5es: As doses intravenosas variam entre 100 a 200 mg, ajustadas com base na resposta.<\/li>\n<li>Eutan\u00e1sia: Administrada em doses mais elevadas sob rigorosa orienta\u00e7\u00e3o m\u00e9dica.<\/li>\n<\/ul>\n<p>Os comprimidos de Nembutal s\u00e3o valiosos pelas suas propriedades sedativas, anticonvulsivantes e eutan\u00e1sicas. Proporcionam al\u00edvio para a ins\u00f3nia, ansiedade, convuls\u00f5es e oferecem uma op\u00e7\u00e3o tranquila para o fim da vida dos animais de estima\u00e7\u00e3o. Para um acesso fi\u00e1vel ao Nembutal e a outras necessidades farmac\u00eauticas, aceda \u00e0 melhor farm\u00e1cia online. <a href=\"http:\/\/buy-prescriptionz.com\/pt_pt\/\">buy-prescriptionz.com<\/a>.<\/p>\n<h3>PARA ONDE:<\/h3>\n<ul class=\"tagchecklist\" role=\"list\">\n<li><button id=\"product_tag-check-num-0\" class=\"ntdelbutton\" type=\"button\"><span class=\"screen-reader-text\">Remove term: best quality Nembutal pills online<\/span><\/button>\u00a0comprimidos Nembutal de melhor qualidade online<\/li>\n<li><button id=\"product_tag-check-num-1\" class=\"ntdelbutton\" type=\"button\"><span class=\"screen-reader-text\">Remove term: Buy Nembutal pills online<\/span><\/button>\u00a0Comprar comprimidos Nembutal online<\/li>\n<li><button id=\"product_tag-check-num-2\" class=\"ntdelbutton\" type=\"button\"><span class=\"screen-reader-text\">Remove term: cheap Nembutal pills online<\/span><\/button>\u00a0comprimidos Nembutal baratos online<\/li>\n<li><button id=\"product_tag-check-num-3\" class=\"ntdelbutton\" type=\"button\"><span class=\"screen-reader-text\">Remove term: free shipping Nembutal pills online<\/span><\/button>\u00a0envio gr\u00e1tis comprimidos Nembutal online<\/li>\n<li><button id=\"product_tag-check-num-4\" class=\"ntdelbutton\" type=\"button\"><span class=\"screen-reader-text\">Remove term: genuine supplies Nembutal pills online<\/span><\/button>\u00a0fornecimentos genu\u00ednos comprimidos Nembutal online<\/li>\n<li><button id=\"product_tag-check-num-5\" class=\"ntdelbutton\" type=\"button\"><span class=\"screen-reader-text\">Remove term: how to buy Nembutal pills online<\/span><\/button>\u00a0como comprar comprimidos Nembutal online<\/li>\n<li><button id=\"product_tag-check-num-6\" class=\"ntdelbutton\" type=\"button\"><span class=\"screen-reader-text\">Remove term: purchase Nembutal pills online<\/span><\/button>\u00a0comprar comprimidos Nembutal online<\/li>\n<li><button id=\"product_tag-check-num-7\" class=\"ntdelbutton\" type=\"button\"><span class=\"screen-reader-text\">Remove term: reliable Nembutal pills online<\/span><\/button>\u00a0comprimidos Nembutal fi\u00e1veis \u200b\u200b\u200b\u200b\u200b\u200bonline<\/li>\n<li><button id=\"product_tag-check-num-8\" class=\"ntdelbutton\" type=\"button\"><span class=\"screen-reader-text\">Remove term: where to buy Nembutal pills online<\/span><\/button>\u00a0onde comprar comprimidos de Nembutal online<\/li>\n<li><button id=\"product_tag-check-num-9\" class=\"ntdelbutton\" type=\"button\"><span class=\"screen-reader-text\">Remove term: wholesale price Nembutal pills online<\/span><\/button>\u00a0pre\u00e7o de atacado comprimidos Nembutal<\/li>\n<\/ul>","protected":false},"excerpt":{"rendered":"<p>BUY NEMBUTAL PILLS BUY NEMBUTAL PILLS; Nembutal Sodium Solution (pentobarbital sodium injection) is a sterile solution for intravenous or intramuscular injection. Each mL contains pentobarbital sodium 50 mg, in a vehicle of propylene glycol, 40%, alcohol, 10% and water for injection, to volume. The pH is adjusted to approximately 9.5 with hydrochloric acid and\/or sodium [&hellip;]<\/p>","protected":false},"featured_media":2973,"comment_status":"open","ping_status":"closed","template":"","meta":{"site-sidebar-layout":"default","site-content-layout":"","ast-site-content-layout":"default","site-content-style":"default","site-sidebar-style":"default","ast-global-header-display":"","ast-banner-title-visibility":"","ast-main-header-display":"","ast-hfb-above-header-display":"","ast-hfb-below-header-display":"","ast-hfb-mobile-header-display":"","site-post-title":"","ast-breadcrumbs-content":"","ast-featured-img":"","footer-sml-layout":"","theme-transparent-header-meta":"default","adv-header-id-meta":"","stick-header-meta":"","header-above-stick-meta":"","header-main-stick-meta":"","header-below-stick-meta":"","astra-migrate-meta-layouts":"set","ast-page-background-enabled":"default","ast-page-background-meta":{"desktop":{"background-color":"var(--ast-global-color-4)","background-image":"","background-repeat":"repeat","background-position":"center center","background-size":"auto","background-attachment":"scroll","background-type":"","background-media":"","overlay-type":"","overlay-color":"","overlay-opacity":"","overlay-gradient":""},"tablet":{"background-color":"","background-image":"","background-repeat":"repeat","background-position":"center center","background-size":"auto","background-attachment":"scroll","background-type":"","background-media":"","overlay-type":"","overlay-color":"","overlay-opacity":"","overlay-gradient":""},"mobile":{"background-color":"","background-image":"","background-repeat":"repeat","background-position":"center center","background-size":"auto","background-attachment":"scroll","background-type":"","background-media":"","overlay-type":"","overlay-color":"","overlay-opacity":"","overlay-gradient":""}},"ast-content-background-meta":{"desktop":{"background-color":"var(--ast-global-color-5)","background-image":"","background-repeat":"repeat","background-position":"center center","background-size":"auto","background-attachment":"scroll","background-type":"","background-media":"","overlay-type":"","overlay-color":"","overlay-opacity":"","overlay-gradient":""},"tablet":{"background-color":"var(--ast-global-color-5)","background-image":"","background-repeat":"repeat","background-position":"center center","background-size":"auto","background-attachment":"scroll","background-type":"","background-media":"","overlay-type":"","overlay-color":"","overlay-opacity":"","overlay-gradient":""},"mobile":{"background-color":"var(--ast-global-color-5)","background-image":"","background-repeat":"repeat","background-position":"center center","background-size":"auto","background-attachment":"scroll","background-type":"","background-media":"","overlay-type":"","overlay-color":"","overlay-opacity":"","overlay-gradient":""}}},"product_brand":[],"product_cat":[15],"product_tag":[1914,1915,1913,1908,1911,1910,1909,1912,1907,1916,1906],"class_list":{"0":"post-2943","1":"product","2":"type-product","3":"status-publish","4":"has-post-thumbnail","6":"product_cat-buy-prescription-drugs","7":"product_tag-buy-nembutal-pills-in-canada","8":"product_tag-buy-nembutal-pills-in-uk","9":"product_tag-buy-nembutal-pills-in-usa","10":"product_tag-buy-nembutal-pills-with-bitcoin","11":"product_tag-buy-nembutal-pills-with-credit-card","12":"product_tag-buy-nembutal-pills-with-money-gram","13":"product_tag-buy-nembutal-pills-with-western-union","14":"product_tag-buy-nembutal-pills-without-a-doctor","15":"product_tag-buy-nembutal-pills-without-prescription","16":"product_tag-nembutal-pills","17":"product_tag-nembutal-pills-for-sale","18":"desktop-align-center","19":"tablet-align-left","20":"mobile-align-left","22":"first","23":"instock","24":"shipping-taxable","25":"purchasable","26":"product-type-variable","27":"has-default-attributes"},"yoast_head":"<!-- This site is optimized with the Yoast SEO plugin v25.9 - https:\/\/yoast.com\/wordpress\/plugins\/seo\/ -->\n<title>Buy Nembutal Pills Online - BUY NEMBUTAL PILLS ONLINE NOW<\/title>\n<meta name=\"description\" content=\"Purchase Nembutal pills online from us. We provide Nembutal pills at wholesale price, and also we offer free shipping when you order Nembutal pills online.\" \/>\n<meta name=\"robots\" content=\"index, follow, max-snippet:-1, max-image-preview:large, max-video-preview:-1\" \/>\n<link rel=\"canonical\" href=\"https:\/\/buy-prescriptionz.com\/pt_pt\/produto\/comprar-comprimidos-de-nembutal-online\/\" \/>\n<meta property=\"og:locale\" content=\"pt_PT\" \/>\n<meta property=\"og:type\" content=\"article\" \/>\n<meta property=\"og:title\" content=\"Buy Nembutal Pills Online - BUY NEMBUTAL PILLS ONLINE NOW\" \/>\n<meta property=\"og:description\" content=\"Purchase Nembutal pills online from us. We provide Nembutal pills at wholesale price, and also we offer free shipping when you order Nembutal pills online.\" \/>\n<meta property=\"og:url\" content=\"https:\/\/buy-prescriptionz.com\/pt_pt\/produto\/comprar-comprimidos-de-nembutal-online\/\" \/>\n<meta property=\"og:site_name\" content=\"Buy Prescriptionz\" \/>\n<meta property=\"article:modified_time\" content=\"2025-09-23T14:06:48+00:00\" \/>\n<meta property=\"og:image\" content=\"https:\/\/buy-prescriptionz.com\/wp-content\/uploads\/2025\/09\/Buy-Nembutal-pills-online.jpeg\" \/>\n\t<meta property=\"og:image:width\" content=\"600\" \/>\n\t<meta property=\"og:image:height\" content=\"400\" \/>\n\t<meta property=\"og:image:type\" content=\"image\/jpeg\" \/>\n<meta name=\"twitter:card\" content=\"summary_large_image\" \/>\n<meta name=\"twitter:label1\" content=\"Tempo estimado de leitura\" \/>\n\t<meta name=\"twitter:data1\" content=\"4 minutos\" \/>\n<script type=\"application\/ld+json\" class=\"yoast-schema-graph\">{\"@context\":\"https:\/\/schema.org\",\"@graph\":[{\"@type\":\"WebPage\",\"@id\":\"https:\/\/buy-prescriptionz.com\/product\/buy-nembutal-pills-online\/\",\"url\":\"https:\/\/buy-prescriptionz.com\/product\/buy-nembutal-pills-online\/\",\"name\":\"Buy Nembutal Pills Online - BUY NEMBUTAL PILLS ONLINE NOW\",\"isPartOf\":{\"@id\":\"https:\/\/buy-prescriptionz.com\/#website\"},\"primaryImageOfPage\":{\"@id\":\"https:\/\/buy-prescriptionz.com\/product\/buy-nembutal-pills-online\/#primaryimage\"},\"image\":{\"@id\":\"https:\/\/buy-prescriptionz.com\/product\/buy-nembutal-pills-online\/#primaryimage\"},\"thumbnailUrl\":\"https:\/\/buy-prescriptionz.com\/wp-content\/uploads\/2025\/09\/Buy-Nembutal-pills-online.jpeg\",\"datePublished\":\"2025-09-16T08:55:29+00:00\",\"dateModified\":\"2025-09-23T14:06:48+00:00\",\"description\":\"Purchase Nembutal pills online from us. We provide Nembutal pills at wholesale price, and also we offer free shipping when you order Nembutal pills online.\",\"breadcrumb\":{\"@id\":\"https:\/\/buy-prescriptionz.com\/product\/buy-nembutal-pills-online\/#breadcrumb\"},\"inLanguage\":\"pt-PT\",\"potentialAction\":[{\"@type\":\"ReadAction\",\"target\":[\"https:\/\/buy-prescriptionz.com\/product\/buy-nembutal-pills-online\/\"]}]},{\"@type\":\"ImageObject\",\"inLanguage\":\"pt-PT\",\"@id\":\"https:\/\/buy-prescriptionz.com\/product\/buy-nembutal-pills-online\/#primaryimage\",\"url\":\"https:\/\/buy-prescriptionz.com\/wp-content\/uploads\/2025\/09\/Buy-Nembutal-pills-online.jpeg\",\"contentUrl\":\"https:\/\/buy-prescriptionz.com\/wp-content\/uploads\/2025\/09\/Buy-Nembutal-pills-online.jpeg\",\"width\":600,\"height\":400},{\"@type\":\"BreadcrumbList\",\"@id\":\"https:\/\/buy-prescriptionz.com\/product\/buy-nembutal-pills-online\/#breadcrumb\",\"itemListElement\":[{\"@type\":\"ListItem\",\"position\":1,\"name\":\"Home\",\"item\":\"https:\/\/buy-prescriptionz.com\/\"},{\"@type\":\"ListItem\",\"position\":2,\"name\":\"Shop Painkillers Online\",\"item\":\"https:\/\/buy-prescriptionz.com\/shop-painkillers-online\/\"},{\"@type\":\"ListItem\",\"position\":3,\"name\":\"Buy Nembutal Pills Online\"}]},{\"@type\":\"WebSite\",\"@id\":\"https:\/\/buy-prescriptionz.com\/#website\",\"url\":\"https:\/\/buy-prescriptionz.com\/\",\"name\":\"Buy Prescriptionz\",\"description\":\"Drugs Online\",\"publisher\":{\"@id\":\"https:\/\/buy-prescriptionz.com\/#organization\"},\"potentialAction\":[{\"@type\":\"SearchAction\",\"target\":{\"@type\":\"EntryPoint\",\"urlTemplate\":\"https:\/\/buy-prescriptionz.com\/?s={search_term_string}\"},\"query-input\":{\"@type\":\"PropertyValueSpecification\",\"valueRequired\":true,\"valueName\":\"search_term_string\"}}],\"inLanguage\":\"pt-PT\"},{\"@type\":\"Organization\",\"@id\":\"https:\/\/buy-prescriptionz.com\/#organization\",\"name\":\"Buy Prescriptionz\",\"url\":\"https:\/\/buy-prescriptionz.com\/\",\"logo\":{\"@type\":\"ImageObject\",\"inLanguage\":\"pt-PT\",\"@id\":\"https:\/\/buy-prescriptionz.com\/#\/schema\/logo\/image\/\",\"url\":\"https:\/\/buy-prescriptionz.com\/wp-content\/uploads\/2023\/09\/logo.png\",\"contentUrl\":\"https:\/\/buy-prescriptionz.com\/wp-content\/uploads\/2023\/09\/logo.png\",\"width\":350,\"height\":64,\"caption\":\"Buy Prescriptionz\"},\"image\":{\"@id\":\"https:\/\/buy-prescriptionz.com\/#\/schema\/logo\/image\/\"}}]}<\/script>\n<!-- \/ Yoast SEO plugin. -->","yoast_head_json":{"title":"Comprar comprimidos de Nembutal online - COMPRE COMPRIMIDOS DE NEMBUTAL ONLINE AGORA","description":"Compre Nembutal online connosco. Oferecemos Nembutal a pre\u00e7o de venda por grosso e tamb\u00e9m oferecemos envios gratuitos para encomendas online.","robots":{"index":"index","follow":"follow","max-snippet":"max-snippet:-1","max-image-preview":"max-image-preview:large","max-video-preview":"max-video-preview:-1"},"canonical":"https:\/\/buy-prescriptionz.com\/pt_pt\/produto\/comprar-comprimidos-de-nembutal-online\/","og_locale":"pt_PT","og_type":"article","og_title":"Buy Nembutal Pills Online - BUY NEMBUTAL PILLS ONLINE NOW","og_description":"Purchase Nembutal pills online from us. We provide Nembutal pills at wholesale price, and also we offer free shipping when you order Nembutal pills online.","og_url":"https:\/\/buy-prescriptionz.com\/pt_pt\/produto\/comprar-comprimidos-de-nembutal-online\/","og_site_name":"Buy Prescriptionz","article_modified_time":"2025-09-23T14:06:48+00:00","og_image":[{"width":600,"height":400,"url":"https:\/\/buy-prescriptionz.com\/wp-content\/uploads\/2025\/09\/Buy-Nembutal-pills-online.jpeg","type":"image\/jpeg"}],"twitter_card":"summary_large_image","twitter_misc":{"Tempo estimado de leitura":"4 minutos"},"schema":{"@context":"https:\/\/schema.org","@graph":[{"@type":"WebPage","@id":"https:\/\/buy-prescriptionz.com\/product\/buy-nembutal-pills-online\/","url":"https:\/\/buy-prescriptionz.com\/product\/buy-nembutal-pills-online\/","name":"Comprar comprimidos de Nembutal online - COMPRE COMPRIMIDOS DE NEMBUTAL ONLINE AGORA","isPartOf":{"@id":"https:\/\/buy-prescriptionz.com\/#website"},"primaryImageOfPage":{"@id":"https:\/\/buy-prescriptionz.com\/product\/buy-nembutal-pills-online\/#primaryimage"},"image":{"@id":"https:\/\/buy-prescriptionz.com\/product\/buy-nembutal-pills-online\/#primaryimage"},"thumbnailUrl":"https:\/\/buy-prescriptionz.com\/wp-content\/uploads\/2025\/09\/Buy-Nembutal-pills-online.jpeg","datePublished":"2025-09-16T08:55:29+00:00","dateModified":"2025-09-23T14:06:48+00:00","description":"Compre Nembutal online connosco. Oferecemos Nembutal a pre\u00e7o de venda por grosso e tamb\u00e9m oferecemos envios gratuitos para encomendas online.","breadcrumb":{"@id":"https:\/\/buy-prescriptionz.com\/product\/buy-nembutal-pills-online\/#breadcrumb"},"inLanguage":"pt-PT","potentialAction":[{"@type":"ReadAction","target":["https:\/\/buy-prescriptionz.com\/product\/buy-nembutal-pills-online\/"]}]},{"@type":"ImageObject","inLanguage":"pt-PT","@id":"https:\/\/buy-prescriptionz.com\/product\/buy-nembutal-pills-online\/#primaryimage","url":"https:\/\/buy-prescriptionz.com\/wp-content\/uploads\/2025\/09\/Buy-Nembutal-pills-online.jpeg","contentUrl":"https:\/\/buy-prescriptionz.com\/wp-content\/uploads\/2025\/09\/Buy-Nembutal-pills-online.jpeg","width":600,"height":400},{"@type":"BreadcrumbList","@id":"https:\/\/buy-prescriptionz.com\/product\/buy-nembutal-pills-online\/#breadcrumb","itemListElement":[{"@type":"ListItem","position":1,"name":"Home","item":"https:\/\/buy-prescriptionz.com\/"},{"@type":"ListItem","position":2,"name":"Shop Painkillers Online","item":"https:\/\/buy-prescriptionz.com\/shop-painkillers-online\/"},{"@type":"ListItem","position":3,"name":"Buy Nembutal Pills Online"}]},{"@type":"WebSite","@id":"https:\/\/buy-prescriptionz.com\/#website","url":"https:\/\/buy-prescriptionz.com\/","name":"Buy Prescriptionz","description":"Drogas Online","publisher":{"@id":"https:\/\/buy-prescriptionz.com\/#organization"},"potentialAction":[{"@type":"SearchAction","target":{"@type":"EntryPoint","urlTemplate":"https:\/\/buy-prescriptionz.com\/?s={search_term_string}"},"query-input":{"@type":"PropertyValueSpecification","valueRequired":true,"valueName":"search_term_string"}}],"inLanguage":"pt-PT"},{"@type":"Organization","@id":"https:\/\/buy-prescriptionz.com\/#organization","name":"Buy Prescriptionz","url":"https:\/\/buy-prescriptionz.com\/","logo":{"@type":"ImageObject","inLanguage":"pt-PT","@id":"https:\/\/buy-prescriptionz.com\/#\/schema\/logo\/image\/","url":"https:\/\/buy-prescriptionz.com\/wp-content\/uploads\/2023\/09\/logo.png","contentUrl":"https:\/\/buy-prescriptionz.com\/wp-content\/uploads\/2023\/09\/logo.png","width":350,"height":64,"caption":"Buy Prescriptionz"},"image":{"@id":"https:\/\/buy-prescriptionz.com\/#\/schema\/logo\/image\/"}}]}},"_links":{"self":[{"href":"https:\/\/buy-prescriptionz.com\/pt_pt\/wp-json\/wp\/v2\/product\/2943","targetHints":{"allow":["GET"]}}],"collection":[{"href":"https:\/\/buy-prescriptionz.com\/pt_pt\/wp-json\/wp\/v2\/product"}],"about":[{"href":"https:\/\/buy-prescriptionz.com\/pt_pt\/wp-json\/wp\/v2\/types\/product"}],"replies":[{"embeddable":true,"href":"https:\/\/buy-prescriptionz.com\/pt_pt\/wp-json\/wp\/v2\/comments?post=2943"}],"wp:featuredmedia":[{"embeddable":true,"href":"https:\/\/buy-prescriptionz.com\/pt_pt\/wp-json\/wp\/v2\/media\/2973"}],"wp:attachment":[{"href":"https:\/\/buy-prescriptionz.com\/pt_pt\/wp-json\/wp\/v2\/media?parent=2943"}],"wp:term":[{"taxonomy":"product_brand","embeddable":true,"href":"https:\/\/buy-prescriptionz.com\/pt_pt\/wp-json\/wp\/v2\/product_brand?post=2943"},{"taxonomy":"product_cat","embeddable":true,"href":"https:\/\/buy-prescriptionz.com\/pt_pt\/wp-json\/wp\/v2\/product_cat?post=2943"},{"taxonomy":"product_tag","embeddable":true,"href":"https:\/\/buy-prescriptionz.com\/pt_pt\/wp-json\/wp\/v2\/product_tag?post=2943"}],"curies":[{"name":"wp","href":"https:\/\/api.w.org\/{rel}","templated":true}]}}