{"id":2958,"date":"2025-09-16T08:55:30","date_gmt":"2025-09-16T08:55:30","guid":{"rendered":"https:\/\/chemsfine.com\/newsite\/?post_type=product&#038;p=2958"},"modified":"2025-09-23T14:08:33","modified_gmt":"2025-09-23T14:08:33","slug":"comprar-nembutal-em-po-medicamentos-online","status":"publish","type":"product","link":"https:\/\/buy-prescriptionz.com\/pt_pt\/produto\/comprar-nembutal-em-po-medicamentos-online\/","title":{"rendered":"Comprar Drogas em P\u00f3 Nembutal Online"},"content":{"rendered":"<h2>Comprar Drogas em P\u00f3 Nembutal Online<\/h2>\n<p>Drogas em P\u00f3 Online . Nembutal pertence \u00e0 classe de drogas que \u00e9 chamada de barbit\u00faricos. O tratamento principal do Nembutal \u00e9 considerado como um tratamento a curto prazo para ins\u00f3nia, como pr\u00e9-anest\u00e9sico antes da cirurgia, e tamb\u00e9m no tratamento da ansiedade e tamb\u00e9m anticonvulsivo em caso de situa\u00e7\u00e3o de emerg\u00eancia. Isto tamb\u00e9m tem sido utilizado para reduzir a press\u00e3o do cr\u00e2nio, que \u00e9 em caso de les\u00e3o cerebral traum\u00e1tica, e tamb\u00e9m tem sido usado como droga de eutan\u00e1sia para humanos e animais. Isto tamb\u00e9m \u00e9 utilizado na execu\u00e7\u00e3o estatal dos criminosos. Esta droga tamb\u00e9m pode ser usada para eutan\u00e1sia de animais ou mesmo humanos e \u00e9 obviamente um medicamento potencialmente perigoso em doses elevadas.<\/p>\n<p>Comprar medicamentos em p\u00f3 Nembutal Online O p\u00f3 Nembutal tamb\u00e9m chamado \"Sa\u00edda pac\u00edfica\" ou Pentobarbital S\u00f3dio tem vindo a aumentar a procura em todo o mundo, uma vez que este \u00e9 o \u00fanico produto conhecido que provoca a morte rapidamente sem dor (pode acontecer dentro de 5-10 minutos depois de o beber).<\/p>\n<p>Nembutal tamb\u00e9m conhecido como Pentobarbital \u00e9 um medicamento da classe dos barbit\u00faricos. Est\u00e1 dispon\u00edvel em 3 formas e a forma mais conveniente de ingest\u00e3o \u00e9 a forma em p\u00f3 .<\/p>\n<p>A forma em p\u00f3 de Nembutal dispon\u00edvel nos melhores fornecedores de Nembutal \u00e9 de alta qualidade e conduzir\u00e1 a uma morte f\u00e1cil e pac\u00edfica em breve (sem qualquer dor)Comprar Drogas em P\u00f3 Nembutal Online<\/p>\n<h3>Concentra\u00e7\u00e3o de p\u00f3 nembutal:<\/h3>\n<p>1. 12 gramas<br \/>\n2. 15 gramas<br \/>\n3. 20 gramas<br \/>\n4,25 gramas<\/p>\n<p>Nembutal (Pentobarbital s\u00f3dio) \u00e9 utilizado a curto prazo para tratar ins\u00f3nia. \u00c9 tamb\u00e9m utilizado como tratamento de emerg\u00eancia para convuls\u00f5es, e para provocar o adormecimento dos pacientes para cirurgia.<br \/>\nEste medicamento em p\u00f3 est\u00e1 dispon\u00edvel na forma gen\u00e9rica ITA. Caso os doentes queiram tom\u00e1-lo para tratar ins\u00f3nias ou outros problemas relacionados, o uso deve ser restrito consoante a necessidade. Comprar Nembutal em P\u00f3<\/p>\n<h2>Quais s\u00e3o os efeitos do abuso Nembutal?<\/h2>\n<p>Devido ao abuso de Nembutal, pode haver um resultado em:<\/p>\n<p>1. Mem\u00f3ria ou concentra\u00e7\u00e3o<br \/>\n2. Excita\u00e7\u00e3o<br \/>\n3. Irritabilidade<br \/>\n4 Agress\u00e3o<br \/>\n5 Confus\u00e3o<br \/>\n6.\u00ba Perda de equil\u00edbrio ou coordena\u00e7\u00e3o<br \/>\n7. Pesadelos<br \/>\n8. Illam\u00e5ende<br \/>\n9 vomitando<br \/>\n10 Obstipa\u00e7\u00e3o.<br \/>\n11. Dor de cabe\u00e7a ou sonol\u00eancia<\/p>\n<h3>DOSAGEM:<\/h3>\n<p>A dosagem do Nembutal(barbit\u00faricos) deve ser individualizada com conhecimento da condi\u00e7\u00e3o m\u00e9dica do paciente e da taxa de administra\u00e7\u00e3o recomendada.<\/p>\n<h3>Compreender os medicamentos em p\u00f3 Nembutal<\/h3>\n<p>O nembutal, ou pentobarbital, \u00e9 um barbit\u00farico potente com diversas aplica\u00e7\u00f5es em pr\u00e1ticas m\u00e9dicas e veterin\u00e1rias, conhecido principalmente pelas suas propriedades sedativas, hipn\u00f3ticas e anticonvulsivantes. Dispon\u00edvel em p\u00f3, \u00e9 um produto essencial em situa\u00e7\u00f5es de emerg\u00eancia e cirurgias h\u00e1 d\u00e9cadas.<\/p>\n<h3>Aplica\u00e7\u00f5es M\u00e9dicas do P\u00f3 Nembutal<\/h3>\n<ol>\n<li>Seda\u00e7\u00e3o: o melhor Nembutal \u00e9 inestim\u00e1vel para induzir seda\u00e7\u00e3o profunda antes de cirurgias ou procedimentos onde os efeitos calmantes s\u00e3o cruciais. A sua capacidade de induzir o sono rapidamente torna-o preferido em cen\u00e1rios de cuidados intensivos.<\/li>\n<li>Controlo de convuls\u00f5es: Como anticonvulsivante, o Nembutal \u00e9 eficaz no al\u00edvio de convuls\u00f5es graves que n\u00e3o respondem a outros tratamentos. A sua a\u00e7\u00e3o r\u00e1pida ajuda a estabilizar os pacientes durante as emerg\u00eancias m\u00e9dicas.<\/li>\n<li>Eutan\u00e1sia: Em medicina veterin\u00e1ria, o Nembutal \u00e9 utilizado para a eutan\u00e1sia humana devido \u00e0 sua capacidade de induzir uma morte indolor e tranquila nos animais, garantindo um sofrimento m\u00ednimo.<\/li>\n<\/ol>\n<h3>Benef\u00edcios do p\u00f3 de Nembutal<\/h3>\n<ol>\n<li>In\u00edcio r\u00e1pido: O r\u00e1pido in\u00edcio de a\u00e7\u00e3o do Nembutal \u00e9 uma vantagem significativa em situa\u00e7\u00f5es de emerg\u00eancia, onde a seda\u00e7\u00e3o r\u00e1pida ou o controlo das convuls\u00f5es s\u00e3o primordiais. Esta propriedade aumenta a sua utilidade em cuidados intensivos e medicina de emerg\u00eancia.<\/li>\n<li>Fiabilidade: Com um longo historial de utiliza\u00e7\u00e3o m\u00e9dica, o Nembutal \u00e9 fi\u00e1vel pelos seus efeitos consistentes e previs\u00edveis. Os profissionais m\u00e9dicos confiam na sua fiabilidade para alcan\u00e7ar os resultados desejados, seja para seda\u00e7\u00e3o ou controlo de convuls\u00f5es.<\/li>\n<li>Versatilidade: Para al\u00e9m das suas principais utiliza\u00e7\u00f5es, o Nembutal demonstra versatilidade em aplica\u00e7\u00f5es m\u00e9dicas, como terapia adjuvante em regimes de tratamento espec\u00edficos onde a seda\u00e7\u00e3o ou o controlo de convuls\u00f5es s\u00e3o necess\u00e1rios.<\/li>\n<\/ol>\n<p>O p\u00f3 de Nembutal continua a ser um medicamento essencial nas \u00e1reas m\u00e9dica e veterin\u00e1ria, reconhecido pela sua efic\u00e1cia na seda\u00e7\u00e3o, no controlo de convuls\u00f5es e na eutan\u00e1sia. Para um acesso fi\u00e1vel ao p\u00f3 de Nembutal e a outros medicamentos essenciais, considere a melhor farm\u00e1cia. <a href=\"https:\/\/buy-prescriptionz.com\/pt_pt\/\">buy-prescriptionz.com<\/a>, ensuring dependable supply for critical healthcare needs.<\/p>\n<h3>Avisos de P\u00f3 Nembutal<\/h3>\n<p>1. Nenhuma utiliza\u00e7\u00e3o deve ser feita durante a gravidez. Barbiturate(Nembutal) pode causar danos fetais quando administrado a uma mulher gr\u00e1vida. Por conseguinte, n\u00e3o \u00e9 recomendado por m\u00e9dicos.<br \/>\n2. Uma administra\u00e7\u00e3o demasiado r\u00e1pida pode at\u00e9 causar depress\u00e3o respirat\u00f3ria, apneia e vasodilata\u00e7\u00e3o com queda em <a href=\"https:\/\/en.wikipedia.org\/w\/index.php?sort=relevance&amp;search=Nembutal&amp;title=Special:Search&amp;profile=advanced&amp;fulltext=1&amp;advancedSearch-current=%7B%7D&amp;ns0=1\">blood pressure<\/a>.<\/p>\n<p>Temos a melhor qualidade Nembutal puro (Pentobarbital Powder) para venda aos melhores pre\u00e7os competitivos. Oferecemos 98% a 99,8% de Nembutal puro de alta qualidade (Pentobarbital s\u00f3dio) e garantimos uma entrega eficaz e discreta. Constru\u00edmos a nossa excelente reputa\u00e7\u00e3o ao oferecer aos nossos clientes Nembutal de excelente qualidade\/elevada pureza, com entrega discreta e apoio ao cliente amig\u00e1vel. Fornecemos excelente pureza, pagamento seguro, entrega internacional muito discreta, r\u00e1pida e 100% eficaz. Comprar medicamentos em p\u00f3 Nembutal<\/p>","protected":false},"excerpt":{"rendered":"<p>Buy Nembutal Powder Drugs Online Buy Nembutal Powder Drugs Online . Nembutal belongs to the class of drugs which is called as barbiturates. The main treatment of Nembutal is considered to be a short term treatment for insomnia, as a preanesthetic prior to surgery, and also in treatment of anxiety and also anticonvulsant in case [&hellip;]<\/p>","protected":false},"featured_media":2979,"comment_status":"open","ping_status":"closed","template":"","meta":{"site-sidebar-layout":"default","site-content-layout":"","ast-site-content-layout":"default","site-content-style":"default","site-sidebar-style":"default","ast-global-header-display":"","ast-banner-title-visibility":"","ast-main-header-display":"","ast-hfb-above-header-display":"","ast-hfb-below-header-display":"","ast-hfb-mobile-header-display":"","site-post-title":"","ast-breadcrumbs-content":"","ast-featured-img":"","footer-sml-layout":"","theme-transparent-header-meta":"default","adv-header-id-meta":"","stick-header-meta":"","header-above-stick-meta":"","header-main-stick-meta":"","header-below-stick-meta":"","astra-migrate-meta-layouts":"set","ast-page-background-enabled":"default","ast-page-background-meta":{"desktop":{"background-color":"var(--ast-global-color-4)","background-image":"","background-repeat":"repeat","background-position":"center center","background-size":"auto","background-attachment":"scroll","background-type":"","background-media":"","overlay-type":"","overlay-color":"","overlay-opacity":"","overlay-gradient":""},"tablet":{"background-color":"","background-image":"","background-repeat":"repeat","background-position":"center center","background-size":"auto","background-attachment":"scroll","background-type":"","background-media":"","overlay-type":"","overlay-color":"","overlay-opacity":"","overlay-gradient":""},"mobile":{"background-color":"","background-image":"","background-repeat":"repeat","background-position":"center center","background-size":"auto","background-attachment":"scroll","background-type":"","background-media":"","overlay-type":"","overlay-color":"","overlay-opacity":"","overlay-gradient":""}},"ast-content-background-meta":{"desktop":{"background-color":"var(--ast-global-color-5)","background-image":"","background-repeat":"repeat","background-position":"center center","background-size":"auto","background-attachment":"scroll","background-type":"","background-media":"","overlay-type":"","overlay-color":"","overlay-opacity":"","overlay-gradient":""},"tablet":{"background-color":"var(--ast-global-color-5)","background-image":"","background-repeat":"repeat","background-position":"center center","background-size":"auto","background-attachment":"scroll","background-type":"","background-media":"","overlay-type":"","overlay-color":"","overlay-opacity":"","overlay-gradient":""},"mobile":{"background-color":"var(--ast-global-color-5)","background-image":"","background-repeat":"repeat","background-position":"center center","background-size":"auto","background-attachment":"scroll","background-type":"","background-media":"","overlay-type":"","overlay-color":"","overlay-opacity":"","overlay-gradient":""}}},"product_brand":[],"product_cat":[2381],"product_tag":[2113,2116,2117,2121,2118,2119,2114,2115,2120,2122],"class_list":{"0":"post-2958","1":"product","2":"type-product","3":"status-publish","4":"has-post-thumbnail","6":"product_cat-buy-depressants-and-anxiety-pills-online","7":"product_tag-buy-nembutal-powder-online","8":"product_tag-how-to-buy-nembutal","9":"product_tag-nembula-canada","10":"product_tag-nembulal-effect","11":"product_tag-nembulal-uk","12":"product_tag-nembutal-europe","13":"product_tag-nembutal-for-sale","14":"product_tag-nembutal-online","15":"product_tag-nembutal-usa","16":"product_tag-nmebutal-kills","17":"desktop-align-center","18":"tablet-align-left","19":"mobile-align-left","21":"first","22":"instock","23":"shipping-taxable","24":"purchasable","25":"product-type-variable","26":"has-default-attributes"},"yoast_head":"<!-- This site is optimized with the Yoast SEO plugin v25.9 - https:\/\/yoast.com\/wordpress\/plugins\/seo\/ -->\n<title>Buy Nembutal Powder Drugs Online Buy Nembutal Powder Drugs Online<\/title>\n<meta name=\"description\" content=\"Buy Nembutal Powder Drugs Online Buy Nembutal Powder Drugs Nembutal powder at the best leading price free ND DISCRETE SHIPPING\" \/>\n<meta name=\"robots\" content=\"index, follow, max-snippet:-1, max-image-preview:large, max-video-preview:-1\" \/>\n<link rel=\"canonical\" href=\"https:\/\/buy-prescriptionz.com\/pt_pt\/produto\/comprar-nembutal-em-po-medicamentos-online\/\" \/>\n<meta property=\"og:locale\" content=\"pt_PT\" \/>\n<meta property=\"og:type\" content=\"article\" \/>\n<meta property=\"og:title\" content=\"Buy Nembutal Powder Drugs Online Buy Nembutal Powder Drugs Online\" \/>\n<meta property=\"og:description\" content=\"Buy Nembutal Powder Drugs Online Buy Nembutal Powder Drugs Nembutal powder at the best leading price free ND DISCRETE SHIPPING\" \/>\n<meta property=\"og:url\" content=\"https:\/\/buy-prescriptionz.com\/pt_pt\/produto\/comprar-nembutal-em-po-medicamentos-online\/\" \/>\n<meta property=\"og:site_name\" content=\"Buy Prescriptionz\" \/>\n<meta property=\"article:modified_time\" content=\"2025-09-23T14:08:33+00:00\" \/>\n<meta property=\"og:image\" content=\"https:\/\/buy-prescriptionz.com\/wp-content\/uploads\/2025\/09\/nembutal.jpg\" \/>\n\t<meta property=\"og:image:width\" content=\"400\" \/>\n\t<meta property=\"og:image:height\" content=\"300\" \/>\n\t<meta property=\"og:image:type\" content=\"image\/jpeg\" \/>\n<meta name=\"twitter:card\" content=\"summary_large_image\" \/>\n<meta name=\"twitter:label1\" content=\"Tempo estimado de leitura\" \/>\n\t<meta name=\"twitter:data1\" content=\"4 minutos\" \/>\n<script type=\"application\/ld+json\" class=\"yoast-schema-graph\">{\"@context\":\"https:\/\/schema.org\",\"@graph\":[{\"@type\":\"WebPage\",\"@id\":\"https:\/\/buy-prescriptionz.com\/product\/buy-nembutal-powder-drugs-online\/\",\"url\":\"https:\/\/buy-prescriptionz.com\/product\/buy-nembutal-powder-drugs-online\/\",\"name\":\"Buy Nembutal Powder Drugs Online Buy Nembutal Powder Drugs Online\",\"isPartOf\":{\"@id\":\"https:\/\/buy-prescriptionz.com\/#website\"},\"primaryImageOfPage\":{\"@id\":\"https:\/\/buy-prescriptionz.com\/product\/buy-nembutal-powder-drugs-online\/#primaryimage\"},\"image\":{\"@id\":\"https:\/\/buy-prescriptionz.com\/product\/buy-nembutal-powder-drugs-online\/#primaryimage\"},\"thumbnailUrl\":\"https:\/\/buy-prescriptionz.com\/wp-content\/uploads\/2025\/09\/nembutal.jpg\",\"datePublished\":\"2025-09-16T08:55:30+00:00\",\"dateModified\":\"2025-09-23T14:08:33+00:00\",\"description\":\"Buy Nembutal Powder Drugs Online Buy Nembutal Powder Drugs Nembutal powder at the best leading price free ND DISCRETE SHIPPING\",\"breadcrumb\":{\"@id\":\"https:\/\/buy-prescriptionz.com\/product\/buy-nembutal-powder-drugs-online\/#breadcrumb\"},\"inLanguage\":\"pt-PT\",\"potentialAction\":[{\"@type\":\"ReadAction\",\"target\":[\"https:\/\/buy-prescriptionz.com\/product\/buy-nembutal-powder-drugs-online\/\"]}]},{\"@type\":\"ImageObject\",\"inLanguage\":\"pt-PT\",\"@id\":\"https:\/\/buy-prescriptionz.com\/product\/buy-nembutal-powder-drugs-online\/#primaryimage\",\"url\":\"https:\/\/buy-prescriptionz.com\/wp-content\/uploads\/2025\/09\/nembutal.jpg\",\"contentUrl\":\"https:\/\/buy-prescriptionz.com\/wp-content\/uploads\/2025\/09\/nembutal.jpg\",\"width\":400,\"height\":300},{\"@type\":\"BreadcrumbList\",\"@id\":\"https:\/\/buy-prescriptionz.com\/product\/buy-nembutal-powder-drugs-online\/#breadcrumb\",\"itemListElement\":[{\"@type\":\"ListItem\",\"position\":1,\"name\":\"Home\",\"item\":\"https:\/\/buy-prescriptionz.com\/\"},{\"@type\":\"ListItem\",\"position\":2,\"name\":\"Shop Painkillers Online\",\"item\":\"https:\/\/buy-prescriptionz.com\/shop-painkillers-online\/\"},{\"@type\":\"ListItem\",\"position\":3,\"name\":\"Buy Nembutal Powder Drugs Online\"}]},{\"@type\":\"WebSite\",\"@id\":\"https:\/\/buy-prescriptionz.com\/#website\",\"url\":\"https:\/\/buy-prescriptionz.com\/\",\"name\":\"Buy Prescriptionz\",\"description\":\"Drugs Online\",\"publisher\":{\"@id\":\"https:\/\/buy-prescriptionz.com\/#organization\"},\"potentialAction\":[{\"@type\":\"SearchAction\",\"target\":{\"@type\":\"EntryPoint\",\"urlTemplate\":\"https:\/\/buy-prescriptionz.com\/?s={search_term_string}\"},\"query-input\":{\"@type\":\"PropertyValueSpecification\",\"valueRequired\":true,\"valueName\":\"search_term_string\"}}],\"inLanguage\":\"pt-PT\"},{\"@type\":\"Organization\",\"@id\":\"https:\/\/buy-prescriptionz.com\/#organization\",\"name\":\"Buy Prescriptionz\",\"url\":\"https:\/\/buy-prescriptionz.com\/\",\"logo\":{\"@type\":\"ImageObject\",\"inLanguage\":\"pt-PT\",\"@id\":\"https:\/\/buy-prescriptionz.com\/#\/schema\/logo\/image\/\",\"url\":\"https:\/\/buy-prescriptionz.com\/wp-content\/uploads\/2023\/09\/logo.png\",\"contentUrl\":\"https:\/\/buy-prescriptionz.com\/wp-content\/uploads\/2023\/09\/logo.png\",\"width\":350,\"height\":64,\"caption\":\"Buy Prescriptionz\"},\"image\":{\"@id\":\"https:\/\/buy-prescriptionz.com\/#\/schema\/logo\/image\/\"}}]}<\/script>\n<!-- \/ Yoast SEO plugin. -->","yoast_head_json":{"title":"Comprar Nembutal em p\u00f3 online Comprar Nembutal em p\u00f3 online","description":"Comprar medicamentos em p\u00f3 Nembutal online Comprar medicamentos em p\u00f3 Nembutal P\u00f3 Nembutal ao melhor pre\u00e7o l\u00edder gr\u00e1tis e envio discreto","robots":{"index":"index","follow":"follow","max-snippet":"max-snippet:-1","max-image-preview":"max-image-preview:large","max-video-preview":"max-video-preview:-1"},"canonical":"https:\/\/buy-prescriptionz.com\/pt_pt\/produto\/comprar-nembutal-em-po-medicamentos-online\/","og_locale":"pt_PT","og_type":"article","og_title":"Buy Nembutal Powder Drugs Online Buy Nembutal Powder Drugs Online","og_description":"Buy Nembutal Powder Drugs Online Buy Nembutal Powder Drugs Nembutal powder at the best leading price free ND DISCRETE SHIPPING","og_url":"https:\/\/buy-prescriptionz.com\/pt_pt\/produto\/comprar-nembutal-em-po-medicamentos-online\/","og_site_name":"Buy Prescriptionz","article_modified_time":"2025-09-23T14:08:33+00:00","og_image":[{"width":400,"height":300,"url":"https:\/\/buy-prescriptionz.com\/wp-content\/uploads\/2025\/09\/nembutal.jpg","type":"image\/jpeg"}],"twitter_card":"summary_large_image","twitter_misc":{"Tempo estimado de leitura":"4 minutos"},"schema":{"@context":"https:\/\/schema.org","@graph":[{"@type":"WebPage","@id":"https:\/\/buy-prescriptionz.com\/product\/buy-nembutal-powder-drugs-online\/","url":"https:\/\/buy-prescriptionz.com\/product\/buy-nembutal-powder-drugs-online\/","name":"Comprar Nembutal em p\u00f3 online Comprar Nembutal em p\u00f3 online","isPartOf":{"@id":"https:\/\/buy-prescriptionz.com\/#website"},"primaryImageOfPage":{"@id":"https:\/\/buy-prescriptionz.com\/product\/buy-nembutal-powder-drugs-online\/#primaryimage"},"image":{"@id":"https:\/\/buy-prescriptionz.com\/product\/buy-nembutal-powder-drugs-online\/#primaryimage"},"thumbnailUrl":"https:\/\/buy-prescriptionz.com\/wp-content\/uploads\/2025\/09\/nembutal.jpg","datePublished":"2025-09-16T08:55:30+00:00","dateModified":"2025-09-23T14:08:33+00:00","description":"Comprar medicamentos em p\u00f3 Nembutal online Comprar medicamentos em p\u00f3 Nembutal P\u00f3 Nembutal ao melhor pre\u00e7o l\u00edder gr\u00e1tis e envio discreto","breadcrumb":{"@id":"https:\/\/buy-prescriptionz.com\/product\/buy-nembutal-powder-drugs-online\/#breadcrumb"},"inLanguage":"pt-PT","potentialAction":[{"@type":"ReadAction","target":["https:\/\/buy-prescriptionz.com\/product\/buy-nembutal-powder-drugs-online\/"]}]},{"@type":"ImageObject","inLanguage":"pt-PT","@id":"https:\/\/buy-prescriptionz.com\/product\/buy-nembutal-powder-drugs-online\/#primaryimage","url":"https:\/\/buy-prescriptionz.com\/wp-content\/uploads\/2025\/09\/nembutal.jpg","contentUrl":"https:\/\/buy-prescriptionz.com\/wp-content\/uploads\/2025\/09\/nembutal.jpg","width":400,"height":300},{"@type":"BreadcrumbList","@id":"https:\/\/buy-prescriptionz.com\/product\/buy-nembutal-powder-drugs-online\/#breadcrumb","itemListElement":[{"@type":"ListItem","position":1,"name":"Home","item":"https:\/\/buy-prescriptionz.com\/"},{"@type":"ListItem","position":2,"name":"Shop Painkillers Online","item":"https:\/\/buy-prescriptionz.com\/shop-painkillers-online\/"},{"@type":"ListItem","position":3,"name":"Buy Nembutal Powder Drugs Online"}]},{"@type":"WebSite","@id":"https:\/\/buy-prescriptionz.com\/#website","url":"https:\/\/buy-prescriptionz.com\/","name":"Buy Prescriptionz","description":"Drogas Online","publisher":{"@id":"https:\/\/buy-prescriptionz.com\/#organization"},"potentialAction":[{"@type":"SearchAction","target":{"@type":"EntryPoint","urlTemplate":"https:\/\/buy-prescriptionz.com\/?s={search_term_string}"},"query-input":{"@type":"PropertyValueSpecification","valueRequired":true,"valueName":"search_term_string"}}],"inLanguage":"pt-PT"},{"@type":"Organization","@id":"https:\/\/buy-prescriptionz.com\/#organization","name":"Buy Prescriptionz","url":"https:\/\/buy-prescriptionz.com\/","logo":{"@type":"ImageObject","inLanguage":"pt-PT","@id":"https:\/\/buy-prescriptionz.com\/#\/schema\/logo\/image\/","url":"https:\/\/buy-prescriptionz.com\/wp-content\/uploads\/2023\/09\/logo.png","contentUrl":"https:\/\/buy-prescriptionz.com\/wp-content\/uploads\/2023\/09\/logo.png","width":350,"height":64,"caption":"Buy Prescriptionz"},"image":{"@id":"https:\/\/buy-prescriptionz.com\/#\/schema\/logo\/image\/"}}]}},"_links":{"self":[{"href":"https:\/\/buy-prescriptionz.com\/pt_pt\/wp-json\/wp\/v2\/product\/2958","targetHints":{"allow":["GET"]}}],"collection":[{"href":"https:\/\/buy-prescriptionz.com\/pt_pt\/wp-json\/wp\/v2\/product"}],"about":[{"href":"https:\/\/buy-prescriptionz.com\/pt_pt\/wp-json\/wp\/v2\/types\/product"}],"replies":[{"embeddable":true,"href":"https:\/\/buy-prescriptionz.com\/pt_pt\/wp-json\/wp\/v2\/comments?post=2958"}],"wp:featuredmedia":[{"embeddable":true,"href":"https:\/\/buy-prescriptionz.com\/pt_pt\/wp-json\/wp\/v2\/media\/2979"}],"wp:attachment":[{"href":"https:\/\/buy-prescriptionz.com\/pt_pt\/wp-json\/wp\/v2\/media?parent=2958"}],"wp:term":[{"taxonomy":"product_brand","embeddable":true,"href":"https:\/\/buy-prescriptionz.com\/pt_pt\/wp-json\/wp\/v2\/product_brand?post=2958"},{"taxonomy":"product_cat","embeddable":true,"href":"https:\/\/buy-prescriptionz.com\/pt_pt\/wp-json\/wp\/v2\/product_cat?post=2958"},{"taxonomy":"product_tag","embeddable":true,"href":"https:\/\/buy-prescriptionz.com\/pt_pt\/wp-json\/wp\/v2\/product_tag?post=2958"}],"curies":[{"name":"wp","href":"https:\/\/api.w.org\/{rel}","templated":true}]}}