{"id":2959,"date":"2025-09-16T08:55:30","date_gmt":"2025-09-16T08:55:30","guid":{"rendered":"https:\/\/chemsfine.com\/newsite\/?post_type=product&#038;p=2959"},"modified":"2025-09-26T11:58:39","modified_gmt":"2025-09-26T11:58:39","slug":"midazolam","status":"publish","type":"product","link":"https:\/\/buy-prescriptionz.com\/pt_pt\/produto\/midazolam\/","title":{"rendered":"Midazolam"},"content":{"rendered":"<h2>COMPRAR MIDAZOLAM ONLINE<\/h2>\n<p>BUY MIDAZOLAM ONLINE Como comprar Midazolam, diz-se que Midazolam \u00e9 um medicamento de ac\u00e7\u00e3o curta, que tem propriedades hipn\u00f3ticas-sedativas e amn\u00e9sticas e ansiol\u00edticas. Pode ser utilizado na cirurgia card\u00edaca, na odontologia e tamb\u00e9m em procedimentos endosc\u00f3picos, que \u00e9 como medicamento pr\u00e9-anest\u00e9sico. \u00c9 tamb\u00e9m um coadjuvante da anestesia local. A estabilidade cardiorrespirat\u00f3ria e a curta ...<\/p>\n<h3>QUAIS AS PRECAU\u00c7\u00d5ES DO MIDAZOLAM?<\/h3>\n<p>Se algu\u00e9m consumir bebidas alco\u00f3licas ou \u00e1lcool com o medicamento, isso ser\u00e1 um convite a muitas tonturas e sonol\u00eancia. Isto n\u00e3o \u00e9 bom para a sa\u00fade. Os medicamentos que provavelmente interagem com o Midazolam incluem sedativos, depressores do SNC, medicamentos para dormir, tranquilizantes, relaxantes musculares e narc\u00f3ticos. Quaisquer condi\u00e7\u00f5es pr\u00e9vias de sa\u00fade, como problemas card\u00edacos e dist\u00farbios hemorr\u00e1gicos, devem ser comunicadas ao m\u00e9dico. Como comprar Midazolam<\/p>\n<p><strong>Efeitos secund\u00e1rios do Midazolam<\/strong><\/p>\n<p>1. Agita\u00e7\u00e3o<br \/>\n2.As altera\u00e7\u00f5es de humor<br \/>\n3. Press\u00e3o arterial baixa<br \/>\n4. Movimentos descontrolados<br \/>\n5. Convuls\u00f5es<br \/>\n6. Respira\u00e7\u00e3o superficial<br \/>\n7. Tontura intensa<br \/>\n8. Incha\u00e7o<br \/>\n9. Broncospasmo<br \/>\n10. Dificuldade em respirar<\/p>\n<h3>E SE ALGU\u00c9M N\u00c3O PERCEBER A SOBREDOSE DE MIDAZOLAM?<\/h3>\n<p>Se se esquecer de tomar uma sobredosagem de Midazolam apenas uma vez, n\u00e3o \u00e9 um grande problema, pois pode tom\u00e1-lo imediatamente, mas se for a altura de tomar a dose seguinte, deve tomar apenas uma dose. Uma sobredosagem de Midazolam pode causar a morte. Deve contactar imediatamente a emerg\u00eancia para obter ajuda ou chamar um profissional de sa\u00fade. O melhor Midazolam \u00e9 uma benzodiazepina, o que significa que \u00e9 um medicamento utilizado principalmente para relaxar e acalmar as pessoas. \u00c9 frequentemente administrado antes de tratamentos m\u00e9dicos para ajudar as pessoas a relaxar, acalmar e adormecer. Existem diferentes tipos de midazolam, como comprimidos, xaropes e tratamentos l\u00edquidos, pelo que pode ser utilizado para diversos fins m\u00e9dicos.<\/p>\n<p><strong>Como Funciona o Midazolam<\/strong><br \/>\nO \u00e1cido gama-aminobut\u00edrico (GABA), uma subst\u00e2ncia qu\u00edmica que abranda a atividade cerebral, atua melhor quando combinado com o midazolam. Esta a\u00e7\u00e3o ajuda a acalmar o sistema nervoso, a reduzir o stress e a deixar as pessoas sonolentas ou sedadas. A sua curta meia-vida e o r\u00e1pido in\u00edcio de a\u00e7\u00e3o tornam-no perfeito para ambientes m\u00e9dicos que precisam de sedar pessoas com rapidez e seguran\u00e7a. Benef\u00edcios do Midazolam Pr\u00e9-procedimento<\/p>\n<p>Seda\u00e7\u00e3o: Os doentes s\u00e3o geralmente colocados a dormir com midazolam antes dos tratamentos ou exames m\u00e9dicos para garantir que se mant\u00eam calmos e relaxados.<\/p>\n<p>Al\u00edvio da ansiedade: o medicamento funciona bem para controlar epis\u00f3dios graves de ansiedade e alivia rapidamente os sinais de ansiedade severa.<\/p>\n<p>Controlo de convuls\u00f5es: O midazolam pode ser utilizado para interromper convuls\u00f5es em caso de emerg\u00eancia, o que o torna uma ferramenta \u00fatil para pessoas com epilepsia, tanto no hospital como em casa.<\/p>\n<p>Embora o Midazolam funcione muito bem, s\u00f3 deve ser utilizado sob orienta\u00e7\u00e3o m\u00e9dica, pois pode causar efeitos secund\u00e1rios como sonol\u00eancia, tonturas e respira\u00e7\u00e3o lenta. O uso prolongado pode causar depend\u00eancia, pelo que \u00e9 muito importante seguir a dose e o per\u00edodo de utiliza\u00e7\u00e3o indicados pelo seu m\u00e9dico. O Midazolam \u00e9 um medicamento forte e flex\u00edvel, muito importante para reduzir as convuls\u00f5es, manter o sono e controlar o nervosismo. Visite uma das melhores farm\u00e1cias buy-prescriptionz.com para saber mais sobre o Midazolam e outros medicamentos sujeitos a receita m\u00e9dica. T\u00eam muitos artigos que podem ajudar na sua sa\u00fade e bem-estar.<\/p>\n<h3>ONDE PODE COMPRAR MIDAZOLAM ONLINE?<\/h3>\n<p>O midazolam pode ser adquirido online em buy-prescriptionz.com, onde fornecem o medicamento ao melhor pre\u00e7o. midazolam comprimido comprar online, comprar midazolam reino unido,<\/p>","protected":false},"excerpt":{"rendered":"<p>BUY MIDAZOLAM ONLINE How to buy Midazolam, Midazolam is said to be a short-acting drug, which has hypnotic-sedative and has amnestic and anxiolytic properties. This can be used in cardiac surgery, dentistry, and also in endoscopic procedures, which is as pre-anesthetic medication. This is also an adjunct to local anesthesia. The cardiorespiratory stability and short [&hellip;]<\/p>","protected":false},"featured_media":2980,"comment_status":"open","ping_status":"closed","template":"","meta":{"site-sidebar-layout":"default","site-content-layout":"","ast-site-content-layout":"default","site-content-style":"default","site-sidebar-style":"default","ast-global-header-display":"","ast-banner-title-visibility":"","ast-main-header-display":"","ast-hfb-above-header-display":"","ast-hfb-below-header-display":"","ast-hfb-mobile-header-display":"","site-post-title":"","ast-breadcrumbs-content":"","ast-featured-img":"","footer-sml-layout":"","theme-transparent-header-meta":"default","adv-header-id-meta":"","stick-header-meta":"","header-above-stick-meta":"","header-main-stick-meta":"","header-below-stick-meta":"","astra-migrate-meta-layouts":"set","ast-page-background-enabled":"default","ast-page-background-meta":{"desktop":{"background-color":"var(--ast-global-color-4)","background-image":"","background-repeat":"repeat","background-position":"center center","background-size":"auto","background-attachment":"scroll","background-type":"","background-media":"","overlay-type":"","overlay-color":"","overlay-opacity":"","overlay-gradient":""},"tablet":{"background-color":"","background-image":"","background-repeat":"repeat","background-position":"center center","background-size":"auto","background-attachment":"scroll","background-type":"","background-media":"","overlay-type":"","overlay-color":"","overlay-opacity":"","overlay-gradient":""},"mobile":{"background-color":"","background-image":"","background-repeat":"repeat","background-position":"center center","background-size":"auto","background-attachment":"scroll","background-type":"","background-media":"","overlay-type":"","overlay-color":"","overlay-opacity":"","overlay-gradient":""}},"ast-content-background-meta":{"desktop":{"background-color":"var(--ast-global-color-5)","background-image":"","background-repeat":"repeat","background-position":"center center","background-size":"auto","background-attachment":"scroll","background-type":"","background-media":"","overlay-type":"","overlay-color":"","overlay-opacity":"","overlay-gradient":""},"tablet":{"background-color":"var(--ast-global-color-5)","background-image":"","background-repeat":"repeat","background-position":"center center","background-size":"auto","background-attachment":"scroll","background-type":"","background-media":"","overlay-type":"","overlay-color":"","overlay-opacity":"","overlay-gradient":""},"mobile":{"background-color":"var(--ast-global-color-5)","background-image":"","background-repeat":"repeat","background-position":"center center","background-size":"auto","background-attachment":"scroll","background-type":"","background-media":"","overlay-type":"","overlay-color":"","overlay-opacity":"","overlay-gradient":""}}},"product_brand":[],"product_cat":[2381],"product_tag":[2317,2322,2321,2316,2254,2318,2319,2323,2315,2320],"class_list":{"0":"post-2959","1":"product","2":"type-product","3":"status-publish","4":"has-post-thumbnail","6":"product_cat-buy-depressants-and-anxiety-pills-online","7":"product_tag-buy-evekeo-online","8":"product_tag-buy-midazolam-ampoules-online","9":"product_tag-buy-midazolam-online","10":"product_tag-buy-midazolam-uk","11":"product_tag-buy-phenobarbital-online","12":"product_tag-buy-sodium-oxybate-online","13":"product_tag-midazolam-manufacturer","14":"product_tag-midazolam-price","15":"product_tag-midazolam-tablet-buy-online","16":"product_tag-midazolam-vial","17":"desktop-align-center","18":"tablet-align-left","19":"mobile-align-left","21":"first","22":"instock","23":"shipping-taxable","24":"purchasable","25":"product-type-variable","26":"has-default-attributes"},"yoast_head":"<!-- This site is optimized with the Yoast SEO plugin v25.9 - https:\/\/yoast.com\/wordpress\/plugins\/seo\/ -->\n<title>Buy Midazolam Online - Midazolam for Sale - Order Midazolam<\/title>\n<meta name=\"description\" content=\"Our online Buy-Prescriptionz store has the best quality midazolan for sale. If you want to buy midazolam online, then we can help you from all ends. Order today!\" \/>\n<meta name=\"robots\" content=\"index, follow, max-snippet:-1, max-image-preview:large, max-video-preview:-1\" \/>\n<link rel=\"canonical\" href=\"https:\/\/buy-prescriptionz.com\/pt_pt\/produto\/midazolam\/\" \/>\n<meta property=\"og:locale\" content=\"pt_PT\" \/>\n<meta property=\"og:type\" content=\"article\" \/>\n<meta property=\"og:title\" content=\"Buy Midazolam Online - Midazolam for Sale - Order Midazolam\" \/>\n<meta property=\"og:description\" content=\"Our online Buy-Prescriptionz store has the best quality midazolan for sale. If you want to buy midazolam online, then we can help you from all ends. Order today!\" \/>\n<meta property=\"og:url\" content=\"https:\/\/buy-prescriptionz.com\/pt_pt\/produto\/midazolam\/\" \/>\n<meta property=\"og:site_name\" content=\"Buy Prescriptionz\" \/>\n<meta property=\"article:modified_time\" content=\"2025-09-26T11:58:39+00:00\" \/>\n<meta property=\"og:image\" content=\"https:\/\/buy-prescriptionz.com\/wp-content\/uploads\/2025\/09\/midazolam.jpg\" \/>\n\t<meta property=\"og:image:width\" content=\"400\" \/>\n\t<meta property=\"og:image:height\" content=\"300\" \/>\n\t<meta property=\"og:image:type\" content=\"image\/jpeg\" \/>\n<meta name=\"twitter:card\" content=\"summary_large_image\" \/>\n<meta name=\"twitter:label1\" content=\"Tempo estimado de leitura\" \/>\n\t<meta name=\"twitter:data1\" content=\"3 minutos\" \/>\n<script type=\"application\/ld+json\" class=\"yoast-schema-graph\">{\"@context\":\"https:\/\/schema.org\",\"@graph\":[{\"@type\":\"WebPage\",\"@id\":\"https:\/\/buy-prescriptionz.com\/product\/midazolam\/\",\"url\":\"https:\/\/buy-prescriptionz.com\/product\/midazolam\/\",\"name\":\"Buy Midazolam Online - Midazolam for Sale - Order Midazolam\",\"isPartOf\":{\"@id\":\"https:\/\/buy-prescriptionz.com\/#website\"},\"primaryImageOfPage\":{\"@id\":\"https:\/\/buy-prescriptionz.com\/product\/midazolam\/#primaryimage\"},\"image\":{\"@id\":\"https:\/\/buy-prescriptionz.com\/product\/midazolam\/#primaryimage\"},\"thumbnailUrl\":\"https:\/\/buy-prescriptionz.com\/wp-content\/uploads\/2025\/09\/midazolam.jpg\",\"datePublished\":\"2025-09-16T08:55:30+00:00\",\"dateModified\":\"2025-09-26T11:58:39+00:00\",\"description\":\"Our online Buy-Prescriptionz store has the best quality midazolan for sale. If you want to buy midazolam online, then we can help you from all ends. Order today!\",\"breadcrumb\":{\"@id\":\"https:\/\/buy-prescriptionz.com\/product\/midazolam\/#breadcrumb\"},\"inLanguage\":\"pt-PT\",\"potentialAction\":[{\"@type\":\"ReadAction\",\"target\":[\"https:\/\/buy-prescriptionz.com\/product\/midazolam\/\"]}]},{\"@type\":\"ImageObject\",\"inLanguage\":\"pt-PT\",\"@id\":\"https:\/\/buy-prescriptionz.com\/product\/midazolam\/#primaryimage\",\"url\":\"https:\/\/buy-prescriptionz.com\/wp-content\/uploads\/2025\/09\/midazolam.jpg\",\"contentUrl\":\"https:\/\/buy-prescriptionz.com\/wp-content\/uploads\/2025\/09\/midazolam.jpg\",\"width\":400,\"height\":300},{\"@type\":\"BreadcrumbList\",\"@id\":\"https:\/\/buy-prescriptionz.com\/product\/midazolam\/#breadcrumb\",\"itemListElement\":[{\"@type\":\"ListItem\",\"position\":1,\"name\":\"Home\",\"item\":\"https:\/\/buy-prescriptionz.com\/\"},{\"@type\":\"ListItem\",\"position\":2,\"name\":\"Shop Painkillers Online\",\"item\":\"https:\/\/buy-prescriptionz.com\/shop-painkillers-online\/\"},{\"@type\":\"ListItem\",\"position\":3,\"name\":\"Midazolam\"}]},{\"@type\":\"WebSite\",\"@id\":\"https:\/\/buy-prescriptionz.com\/#website\",\"url\":\"https:\/\/buy-prescriptionz.com\/\",\"name\":\"Buy Prescriptionz\",\"description\":\"Drugs Online\",\"publisher\":{\"@id\":\"https:\/\/buy-prescriptionz.com\/#organization\"},\"potentialAction\":[{\"@type\":\"SearchAction\",\"target\":{\"@type\":\"EntryPoint\",\"urlTemplate\":\"https:\/\/buy-prescriptionz.com\/?s={search_term_string}\"},\"query-input\":{\"@type\":\"PropertyValueSpecification\",\"valueRequired\":true,\"valueName\":\"search_term_string\"}}],\"inLanguage\":\"pt-PT\"},{\"@type\":\"Organization\",\"@id\":\"https:\/\/buy-prescriptionz.com\/#organization\",\"name\":\"Buy Prescriptionz\",\"url\":\"https:\/\/buy-prescriptionz.com\/\",\"logo\":{\"@type\":\"ImageObject\",\"inLanguage\":\"pt-PT\",\"@id\":\"https:\/\/buy-prescriptionz.com\/#\/schema\/logo\/image\/\",\"url\":\"https:\/\/buy-prescriptionz.com\/wp-content\/uploads\/2023\/09\/logo.png\",\"contentUrl\":\"https:\/\/buy-prescriptionz.com\/wp-content\/uploads\/2023\/09\/logo.png\",\"width\":350,\"height\":64,\"caption\":\"Buy Prescriptionz\"},\"image\":{\"@id\":\"https:\/\/buy-prescriptionz.com\/#\/schema\/logo\/image\/\"}}]}<\/script>\n<!-- \/ Yoast SEO plugin. -->","yoast_head_json":{"title":"Comprar Midazolam Online - Midazolam em Promo\u00e7\u00e3o - Encomendar Midazolam","description":"A nossa loja online Buy-Prescriptionz oferece o Flexeril da melhor qualidade. Se pretende comprar Flexeril online, podemos ajudar em todos os aspetos. Encomende hoje mesmo!","robots":{"index":"index","follow":"follow","max-snippet":"max-snippet:-1","max-image-preview":"max-image-preview:large","max-video-preview":"max-video-preview:-1"},"canonical":"https:\/\/buy-prescriptionz.com\/pt_pt\/produto\/midazolam\/","og_locale":"pt_PT","og_type":"article","og_title":"Buy Midazolam Online - Midazolam for Sale - Order Midazolam","og_description":"Our online Buy-Prescriptionz store has the best quality midazolan for sale. If you want to buy midazolam online, then we can help you from all ends. Order today!","og_url":"https:\/\/buy-prescriptionz.com\/pt_pt\/produto\/midazolam\/","og_site_name":"Buy Prescriptionz","article_modified_time":"2025-09-26T11:58:39+00:00","og_image":[{"width":400,"height":300,"url":"https:\/\/buy-prescriptionz.com\/wp-content\/uploads\/2025\/09\/midazolam.jpg","type":"image\/jpeg"}],"twitter_card":"summary_large_image","twitter_misc":{"Tempo estimado de leitura":"3 minutos"},"schema":{"@context":"https:\/\/schema.org","@graph":[{"@type":"WebPage","@id":"https:\/\/buy-prescriptionz.com\/product\/midazolam\/","url":"https:\/\/buy-prescriptionz.com\/product\/midazolam\/","name":"Comprar Midazolam Online - Midazolam em Promo\u00e7\u00e3o - Encomendar Midazolam","isPartOf":{"@id":"https:\/\/buy-prescriptionz.com\/#website"},"primaryImageOfPage":{"@id":"https:\/\/buy-prescriptionz.com\/product\/midazolam\/#primaryimage"},"image":{"@id":"https:\/\/buy-prescriptionz.com\/product\/midazolam\/#primaryimage"},"thumbnailUrl":"https:\/\/buy-prescriptionz.com\/wp-content\/uploads\/2025\/09\/midazolam.jpg","datePublished":"2025-09-16T08:55:30+00:00","dateModified":"2025-09-26T11:58:39+00:00","description":"A nossa loja online Buy-Prescriptionz oferece o Flexeril da melhor qualidade. Se pretende comprar Flexeril online, podemos ajudar em todos os aspetos. Encomende hoje mesmo!","breadcrumb":{"@id":"https:\/\/buy-prescriptionz.com\/product\/midazolam\/#breadcrumb"},"inLanguage":"pt-PT","potentialAction":[{"@type":"ReadAction","target":["https:\/\/buy-prescriptionz.com\/product\/midazolam\/"]}]},{"@type":"ImageObject","inLanguage":"pt-PT","@id":"https:\/\/buy-prescriptionz.com\/product\/midazolam\/#primaryimage","url":"https:\/\/buy-prescriptionz.com\/wp-content\/uploads\/2025\/09\/midazolam.jpg","contentUrl":"https:\/\/buy-prescriptionz.com\/wp-content\/uploads\/2025\/09\/midazolam.jpg","width":400,"height":300},{"@type":"BreadcrumbList","@id":"https:\/\/buy-prescriptionz.com\/product\/midazolam\/#breadcrumb","itemListElement":[{"@type":"ListItem","position":1,"name":"Home","item":"https:\/\/buy-prescriptionz.com\/"},{"@type":"ListItem","position":2,"name":"Shop Painkillers Online","item":"https:\/\/buy-prescriptionz.com\/shop-painkillers-online\/"},{"@type":"ListItem","position":3,"name":"Midazolam"}]},{"@type":"WebSite","@id":"https:\/\/buy-prescriptionz.com\/#website","url":"https:\/\/buy-prescriptionz.com\/","name":"Buy Prescriptionz","description":"Drogas Online","publisher":{"@id":"https:\/\/buy-prescriptionz.com\/#organization"},"potentialAction":[{"@type":"SearchAction","target":{"@type":"EntryPoint","urlTemplate":"https:\/\/buy-prescriptionz.com\/?s={search_term_string}"},"query-input":{"@type":"PropertyValueSpecification","valueRequired":true,"valueName":"search_term_string"}}],"inLanguage":"pt-PT"},{"@type":"Organization","@id":"https:\/\/buy-prescriptionz.com\/#organization","name":"Buy Prescriptionz","url":"https:\/\/buy-prescriptionz.com\/","logo":{"@type":"ImageObject","inLanguage":"pt-PT","@id":"https:\/\/buy-prescriptionz.com\/#\/schema\/logo\/image\/","url":"https:\/\/buy-prescriptionz.com\/wp-content\/uploads\/2023\/09\/logo.png","contentUrl":"https:\/\/buy-prescriptionz.com\/wp-content\/uploads\/2023\/09\/logo.png","width":350,"height":64,"caption":"Buy Prescriptionz"},"image":{"@id":"https:\/\/buy-prescriptionz.com\/#\/schema\/logo\/image\/"}}]}},"_links":{"self":[{"href":"https:\/\/buy-prescriptionz.com\/pt_pt\/wp-json\/wp\/v2\/product\/2959","targetHints":{"allow":["GET"]}}],"collection":[{"href":"https:\/\/buy-prescriptionz.com\/pt_pt\/wp-json\/wp\/v2\/product"}],"about":[{"href":"https:\/\/buy-prescriptionz.com\/pt_pt\/wp-json\/wp\/v2\/types\/product"}],"replies":[{"embeddable":true,"href":"https:\/\/buy-prescriptionz.com\/pt_pt\/wp-json\/wp\/v2\/comments?post=2959"}],"wp:featuredmedia":[{"embeddable":true,"href":"https:\/\/buy-prescriptionz.com\/pt_pt\/wp-json\/wp\/v2\/media\/2980"}],"wp:attachment":[{"href":"https:\/\/buy-prescriptionz.com\/pt_pt\/wp-json\/wp\/v2\/media?parent=2959"}],"wp:term":[{"taxonomy":"product_brand","embeddable":true,"href":"https:\/\/buy-prescriptionz.com\/pt_pt\/wp-json\/wp\/v2\/product_brand?post=2959"},{"taxonomy":"product_cat","embeddable":true,"href":"https:\/\/buy-prescriptionz.com\/pt_pt\/wp-json\/wp\/v2\/product_cat?post=2959"},{"taxonomy":"product_tag","embeddable":true,"href":"https:\/\/buy-prescriptionz.com\/pt_pt\/wp-json\/wp\/v2\/product_tag?post=2959"}],"curies":[{"name":"wp","href":"https:\/\/api.w.org\/{rel}","templated":true}]}}