{"id":2983,"date":"2025-09-16T08:55:51","date_gmt":"2025-09-16T08:55:51","guid":{"rendered":"https:\/\/chemsfine.com\/newsite\/?post_type=product&#038;p=2983"},"modified":"2025-09-24T06:26:41","modified_gmt":"2025-09-24T06:26:41","slug":"comprar-nirvana-online","status":"publish","type":"product","link":"https:\/\/buy-prescriptionz.com\/pt_pt\/produto\/comprar-nirvana-online\/","title":{"rendered":"Comprar Niravam (nyravam) online"},"content":{"rendered":"<h2>Comprar Niravam (nyravam) online<\/h2>\n<p>Comprar Niravam (gen\u00e9rico). Utilizado para tratar perturba\u00e7\u00f5es de p\u00e2nico e ansiedade, o Niravam permite manter a calma e a compostura. Comprar Niravam online sem receita m\u00e9dica e deixar o medicamento atuar no seu c\u00e9rebro e nervos para aliviar os sintomas dos ataques mencionados.<\/p>\n<p><strong>Uses\u00a0<\/strong>\u2013 Treats panic disorders<\/p>\n<p><strong>Side effects\u00a0<\/strong>\u2013 Dizziness, increased saliva production Buy Niravam (Generic)<\/p>\n<p>Se precisar de medicamentos, tamb\u00e9m pode procurar Niravam online. N\u00e3o tome este medicamento com uma refei\u00e7\u00e3o rica em gordura, pois resultaria numa absor\u00e7\u00e3o lenta do medicamento. Compre Niravam e encontre Niravam \u00e0 venda para ter acesso ao mesmo por pre\u00e7os mais baixos. Niravam \u00e9 um medicamento oral de r\u00e1pida dissolu\u00e7\u00e3o utilizado para tratar perturba\u00e7\u00f5es de ansiedade e de p\u00e2nico. Cont\u00e9m alprazolam, um tipo de benzodiazepina que atua potenciando os efeitos de uma subst\u00e2ncia qu\u00edmica natural do organismo, chamada \u00e1cido gama-aminobut\u00edrico (GABA). Ajuda a acalmar o sistema nervoso e a aliviar os sintomas de ansiedade.<\/p>\n<h3>Como funciona o Niravam<\/h3>\n<p>O melhor Niravam \u00e9 \u00fanico porque se dissolve rapidamente na l\u00edngua, facilitando a degluti\u00e7\u00e3o de comprimidos para quem tem dificuldade. Uma vez dissolvido, o medicamento \u00e9 rapidamente absorvido pela corrente sangu\u00ednea, proporcionando um al\u00edvio r\u00e1pido da ansiedade e dos ataques de p\u00e2nico. Esta a\u00e7\u00e3o r\u00e1pida \u00e9 particularmente ben\u00e9fica durante epis\u00f3dios agudos de ansiedade.<\/p>\n<h3>Benef\u00edcios do Niravam<\/h3>\n<ol>\n<li>Al\u00edvio r\u00e1pido: a f\u00f3rmula de dissolu\u00e7\u00e3o r\u00e1pida do Niravam oferece um al\u00edvio quase imediato da ansiedade e dos ataques de p\u00e2nico, o que \u00e9 crucial durante epis\u00f3dios graves.<\/li>\n<li>Administra\u00e7\u00e3o conveniente: a facilidade de utiliza\u00e7\u00e3o sem necessidade de \u00e1gua faz do Niravam uma op\u00e7\u00e3o conveniente para aqueles que necessitam de um al\u00edvio r\u00e1pido da ansiedade em qualquer lugar.<\/li>\n<li>Tratamento eficaz: O alprazolam, o ingrediente ativo do Niravam, est\u00e1 bem documentado pela sua efic\u00e1cia no tratamento da perturba\u00e7\u00e3o de ansiedade generalizada (TAG) e da perturba\u00e7\u00e3o de p\u00e2nico, ajudando a reduzir os sintomas e a melhorar a qualidade de vida.<\/li>\n<\/ol>\n<h3>Considera\u00e7\u00f5es e efeitos secund\u00e1rios<\/h3>\n<p>Embora o Niravam seja eficaz, \u00e9 importante utiliz\u00e1-lo de acordo com a prescri\u00e7\u00e3o de um profissional de sa\u00fade. Os potenciais efeitos secund\u00e1rios incluem sonol\u00eancia, tonturas e depend\u00eancia com o uso prolongado. \u00c9 fundamental seguir as instru\u00e7\u00f5es do seu m\u00e9dico para minimizar os riscos e maximizar os benef\u00edcios. O Niravam oferece uma solu\u00e7\u00e3o conveniente e eficaz para quem sofre de ansiedade e perturba\u00e7\u00f5es de p\u00e2nico, proporcionando um al\u00edvio r\u00e1pido quando mais necess\u00e1rio. Para mais informa\u00e7\u00f5es sobre o Niravam e outros medicamentos sujeitos a receita m\u00e9dica, consulte a melhor farm\u00e1cia. <a href=\"https:\/\/buy-prescriptionz.com\/pt_pt\/\">buy-prescriptionz.com<\/a>Oferecem uma variedade de produtos para apoiar a sua sa\u00fade e bem-estar.<\/p>","protected":false},"excerpt":{"rendered":"<p>Buy Niravam Online Buy Niravam (Generic) ,Used to treat panic disorders as well as anxiety, Niravam lets you stay calm and composed. Buy Niravam online without prescription and let the drug act on your brain and nerve so as to relieve you from the symptoms of mentioned attacks. Uses\u00a0\u2013 Treats panic disorders Side effects\u00a0\u2013 Dizziness, [&hellip;]<\/p>","protected":false},"featured_media":3013,"comment_status":"open","ping_status":"closed","template":"","meta":{"site-sidebar-layout":"default","site-content-layout":"","ast-site-content-layout":"default","site-content-style":"default","site-sidebar-style":"default","ast-global-header-display":"","ast-banner-title-visibility":"","ast-main-header-display":"","ast-hfb-above-header-display":"","ast-hfb-below-header-display":"","ast-hfb-mobile-header-display":"","site-post-title":"","ast-breadcrumbs-content":"","ast-featured-img":"","footer-sml-layout":"","theme-transparent-header-meta":"default","adv-header-id-meta":"","stick-header-meta":"","header-above-stick-meta":"","header-main-stick-meta":"","header-below-stick-meta":"","astra-migrate-meta-layouts":"set","ast-page-background-enabled":"default","ast-page-background-meta":{"desktop":{"background-color":"var(--ast-global-color-4)","background-image":"","background-repeat":"repeat","background-position":"center center","background-size":"auto","background-attachment":"scroll","background-type":"","background-media":"","overlay-type":"","overlay-color":"","overlay-opacity":"","overlay-gradient":""},"tablet":{"background-color":"","background-image":"","background-repeat":"repeat","background-position":"center center","background-size":"auto","background-attachment":"scroll","background-type":"","background-media":"","overlay-type":"","overlay-color":"","overlay-opacity":"","overlay-gradient":""},"mobile":{"background-color":"","background-image":"","background-repeat":"repeat","background-position":"center center","background-size":"auto","background-attachment":"scroll","background-type":"","background-media":"","overlay-type":"","overlay-color":"","overlay-opacity":"","overlay-gradient":""}},"ast-content-background-meta":{"desktop":{"background-color":"var(--ast-global-color-5)","background-image":"","background-repeat":"repeat","background-position":"center center","background-size":"auto","background-attachment":"scroll","background-type":"","background-media":"","overlay-type":"","overlay-color":"","overlay-opacity":"","overlay-gradient":""},"tablet":{"background-color":"var(--ast-global-color-5)","background-image":"","background-repeat":"repeat","background-position":"center center","background-size":"auto","background-attachment":"scroll","background-type":"","background-media":"","overlay-type":"","overlay-color":"","overlay-opacity":"","overlay-gradient":""},"mobile":{"background-color":"var(--ast-global-color-5)","background-image":"","background-repeat":"repeat","background-position":"center center","background-size":"auto","background-attachment":"scroll","background-type":"","background-media":"","overlay-type":"","overlay-color":"","overlay-opacity":"","overlay-gradient":""}}},"product_brand":[],"product_cat":[2381],"product_tag":[1836,1837,1835,1830,1833,1832,1831,1834,1829,1828,1838],"class_list":{"0":"post-2983","1":"product","2":"type-product","3":"status-publish","4":"has-post-thumbnail","6":"product_cat-buy-depressants-and-anxiety-pills-online","7":"product_tag-buy-niravam-in-canada","8":"product_tag-buy-niravam-in-uk","9":"product_tag-buy-niravam-in-usa","10":"product_tag-buy-niravam-with-bitcoin","11":"product_tag-buy-niravam-with-credit-card","12":"product_tag-buy-niravam-with-money-gram","13":"product_tag-buy-niravam-with-western-union","14":"product_tag-buy-niravam-without-a-doctor","15":"product_tag-buy-niravam-without-prescription","16":"product_tag-niravam-for-sale","17":"product_tag-niravam-tablets","18":"desktop-align-center","19":"tablet-align-left","20":"mobile-align-left","22":"first","23":"instock","24":"shipping-taxable","25":"purchasable","26":"product-type-variable","27":"has-default-attributes"},"yoast_head":"<!-- This site is optimized with the Yoast SEO plugin v25.9 - https:\/\/yoast.com\/wordpress\/plugins\/seo\/ -->\n<title>Buy Niravam (Generic) | Best Online Prices &amp; Good Deals<\/title>\n<meta name=\"description\" content=\"Buy Niravam (Generic) , niravam for sale online. Where to order niravam where to buy no prescription meds.Niravam 2mg (Alprazolam) tablets online\" \/>\n<meta name=\"robots\" content=\"index, follow, max-snippet:-1, max-image-preview:large, max-video-preview:-1\" \/>\n<link rel=\"canonical\" href=\"https:\/\/buy-prescriptionz.com\/pt_pt\/produto\/comprar-nirvana-online\/\" \/>\n<meta property=\"og:locale\" content=\"pt_PT\" \/>\n<meta property=\"og:type\" content=\"article\" \/>\n<meta property=\"og:title\" content=\"Buy Niravam (Generic) | Best Online Prices &amp; Good Deals\" \/>\n<meta property=\"og:description\" content=\"Buy Niravam (Generic) , niravam for sale online. Where to order niravam where to buy no prescription meds.Niravam 2mg (Alprazolam) tablets online\" \/>\n<meta property=\"og:url\" content=\"https:\/\/buy-prescriptionz.com\/pt_pt\/produto\/comprar-nirvana-online\/\" \/>\n<meta property=\"og:site_name\" content=\"Buy Prescriptionz\" \/>\n<meta property=\"article:modified_time\" content=\"2025-09-24T06:26:41+00:00\" \/>\n<meta property=\"og:image\" content=\"https:\/\/buy-prescriptionz.com\/wp-content\/uploads\/2025\/09\/niravam.jpg\" \/>\n\t<meta property=\"og:image:width\" content=\"400\" \/>\n\t<meta property=\"og:image:height\" content=\"300\" \/>\n\t<meta property=\"og:image:type\" content=\"image\/jpeg\" \/>\n<meta name=\"twitter:card\" content=\"summary_large_image\" \/>\n<meta name=\"twitter:label1\" content=\"Tempo estimado de leitura\" \/>\n\t<meta name=\"twitter:data1\" content=\"2 minutos\" \/>\n<script type=\"application\/ld+json\" class=\"yoast-schema-graph\">{\"@context\":\"https:\/\/schema.org\",\"@graph\":[{\"@type\":\"WebPage\",\"@id\":\"https:\/\/buy-prescriptionz.com\/product\/buy-niravam-online\/\",\"url\":\"https:\/\/buy-prescriptionz.com\/product\/buy-niravam-online\/\",\"name\":\"Buy Niravam (Generic) | Best Online Prices & Good Deals\",\"isPartOf\":{\"@id\":\"https:\/\/buy-prescriptionz.com\/#website\"},\"primaryImageOfPage\":{\"@id\":\"https:\/\/buy-prescriptionz.com\/product\/buy-niravam-online\/#primaryimage\"},\"image\":{\"@id\":\"https:\/\/buy-prescriptionz.com\/product\/buy-niravam-online\/#primaryimage\"},\"thumbnailUrl\":\"https:\/\/buy-prescriptionz.com\/wp-content\/uploads\/2025\/09\/niravam.jpg\",\"datePublished\":\"2025-09-16T08:55:51+00:00\",\"dateModified\":\"2025-09-24T06:26:41+00:00\",\"description\":\"Buy Niravam (Generic) , niravam for sale online. Where to order niravam where to buy no prescription meds.Niravam 2mg (Alprazolam) tablets online\",\"breadcrumb\":{\"@id\":\"https:\/\/buy-prescriptionz.com\/product\/buy-niravam-online\/#breadcrumb\"},\"inLanguage\":\"pt-PT\",\"potentialAction\":[{\"@type\":\"ReadAction\",\"target\":[\"https:\/\/buy-prescriptionz.com\/product\/buy-niravam-online\/\"]}]},{\"@type\":\"ImageObject\",\"inLanguage\":\"pt-PT\",\"@id\":\"https:\/\/buy-prescriptionz.com\/product\/buy-niravam-online\/#primaryimage\",\"url\":\"https:\/\/buy-prescriptionz.com\/wp-content\/uploads\/2025\/09\/niravam.jpg\",\"contentUrl\":\"https:\/\/buy-prescriptionz.com\/wp-content\/uploads\/2025\/09\/niravam.jpg\",\"width\":400,\"height\":300},{\"@type\":\"BreadcrumbList\",\"@id\":\"https:\/\/buy-prescriptionz.com\/product\/buy-niravam-online\/#breadcrumb\",\"itemListElement\":[{\"@type\":\"ListItem\",\"position\":1,\"name\":\"Home\",\"item\":\"https:\/\/buy-prescriptionz.com\/\"},{\"@type\":\"ListItem\",\"position\":2,\"name\":\"Shop Painkillers Online\",\"item\":\"https:\/\/buy-prescriptionz.com\/shop-painkillers-online\/\"},{\"@type\":\"ListItem\",\"position\":3,\"name\":\"Buy Niravam Online\"}]},{\"@type\":\"WebSite\",\"@id\":\"https:\/\/buy-prescriptionz.com\/#website\",\"url\":\"https:\/\/buy-prescriptionz.com\/\",\"name\":\"Buy Prescriptionz\",\"description\":\"Drugs Online\",\"publisher\":{\"@id\":\"https:\/\/buy-prescriptionz.com\/#organization\"},\"potentialAction\":[{\"@type\":\"SearchAction\",\"target\":{\"@type\":\"EntryPoint\",\"urlTemplate\":\"https:\/\/buy-prescriptionz.com\/?s={search_term_string}\"},\"query-input\":{\"@type\":\"PropertyValueSpecification\",\"valueRequired\":true,\"valueName\":\"search_term_string\"}}],\"inLanguage\":\"pt-PT\"},{\"@type\":\"Organization\",\"@id\":\"https:\/\/buy-prescriptionz.com\/#organization\",\"name\":\"Buy Prescriptionz\",\"url\":\"https:\/\/buy-prescriptionz.com\/\",\"logo\":{\"@type\":\"ImageObject\",\"inLanguage\":\"pt-PT\",\"@id\":\"https:\/\/buy-prescriptionz.com\/#\/schema\/logo\/image\/\",\"url\":\"https:\/\/buy-prescriptionz.com\/wp-content\/uploads\/2023\/09\/logo.png\",\"contentUrl\":\"https:\/\/buy-prescriptionz.com\/wp-content\/uploads\/2023\/09\/logo.png\",\"width\":350,\"height\":64,\"caption\":\"Buy Prescriptionz\"},\"image\":{\"@id\":\"https:\/\/buy-prescriptionz.com\/#\/schema\/logo\/image\/\"}}]}<\/script>\n<!-- \/ Yoast SEO plugin. -->","yoast_head_json":{"title":"Buy Niravam (Generic) | Best Online Prices & Good Deals","description":"Buy Niravam (Generic) , niravam for sale online. Where to order niravam where to buy no prescription meds.Niravam 2mg (Alprazolam) tablets online","robots":{"index":"index","follow":"follow","max-snippet":"max-snippet:-1","max-image-preview":"max-image-preview:large","max-video-preview":"max-video-preview:-1"},"canonical":"https:\/\/buy-prescriptionz.com\/pt_pt\/produto\/comprar-nirvana-online\/","og_locale":"pt_PT","og_type":"article","og_title":"Buy Niravam (Generic) | Best Online Prices & Good Deals","og_description":"Buy Niravam (Generic) , niravam for sale online. Where to order niravam where to buy no prescription meds.Niravam 2mg (Alprazolam) tablets online","og_url":"https:\/\/buy-prescriptionz.com\/pt_pt\/produto\/comprar-nirvana-online\/","og_site_name":"Buy Prescriptionz","article_modified_time":"2025-09-24T06:26:41+00:00","og_image":[{"width":400,"height":300,"url":"https:\/\/buy-prescriptionz.com\/wp-content\/uploads\/2025\/09\/niravam.jpg","type":"image\/jpeg"}],"twitter_card":"summary_large_image","twitter_misc":{"Tempo estimado de leitura":"2 minutos"},"schema":{"@context":"https:\/\/schema.org","@graph":[{"@type":"WebPage","@id":"https:\/\/buy-prescriptionz.com\/product\/buy-niravam-online\/","url":"https:\/\/buy-prescriptionz.com\/product\/buy-niravam-online\/","name":"Buy Niravam (Generic) | Best Online Prices & Good Deals","isPartOf":{"@id":"https:\/\/buy-prescriptionz.com\/#website"},"primaryImageOfPage":{"@id":"https:\/\/buy-prescriptionz.com\/product\/buy-niravam-online\/#primaryimage"},"image":{"@id":"https:\/\/buy-prescriptionz.com\/product\/buy-niravam-online\/#primaryimage"},"thumbnailUrl":"https:\/\/buy-prescriptionz.com\/wp-content\/uploads\/2025\/09\/niravam.jpg","datePublished":"2025-09-16T08:55:51+00:00","dateModified":"2025-09-24T06:26:41+00:00","description":"Buy Niravam (Generic) , niravam for sale online. Where to order niravam where to buy no prescription meds.Niravam 2mg (Alprazolam) tablets online","breadcrumb":{"@id":"https:\/\/buy-prescriptionz.com\/product\/buy-niravam-online\/#breadcrumb"},"inLanguage":"pt-PT","potentialAction":[{"@type":"ReadAction","target":["https:\/\/buy-prescriptionz.com\/product\/buy-niravam-online\/"]}]},{"@type":"ImageObject","inLanguage":"pt-PT","@id":"https:\/\/buy-prescriptionz.com\/product\/buy-niravam-online\/#primaryimage","url":"https:\/\/buy-prescriptionz.com\/wp-content\/uploads\/2025\/09\/niravam.jpg","contentUrl":"https:\/\/buy-prescriptionz.com\/wp-content\/uploads\/2025\/09\/niravam.jpg","width":400,"height":300},{"@type":"BreadcrumbList","@id":"https:\/\/buy-prescriptionz.com\/product\/buy-niravam-online\/#breadcrumb","itemListElement":[{"@type":"ListItem","position":1,"name":"Home","item":"https:\/\/buy-prescriptionz.com\/"},{"@type":"ListItem","position":2,"name":"Shop Painkillers Online","item":"https:\/\/buy-prescriptionz.com\/shop-painkillers-online\/"},{"@type":"ListItem","position":3,"name":"Buy Niravam Online"}]},{"@type":"WebSite","@id":"https:\/\/buy-prescriptionz.com\/#website","url":"https:\/\/buy-prescriptionz.com\/","name":"Buy Prescriptionz","description":"Drogas Online","publisher":{"@id":"https:\/\/buy-prescriptionz.com\/#organization"},"potentialAction":[{"@type":"SearchAction","target":{"@type":"EntryPoint","urlTemplate":"https:\/\/buy-prescriptionz.com\/?s={search_term_string}"},"query-input":{"@type":"PropertyValueSpecification","valueRequired":true,"valueName":"search_term_string"}}],"inLanguage":"pt-PT"},{"@type":"Organization","@id":"https:\/\/buy-prescriptionz.com\/#organization","name":"Buy Prescriptionz","url":"https:\/\/buy-prescriptionz.com\/","logo":{"@type":"ImageObject","inLanguage":"pt-PT","@id":"https:\/\/buy-prescriptionz.com\/#\/schema\/logo\/image\/","url":"https:\/\/buy-prescriptionz.com\/wp-content\/uploads\/2023\/09\/logo.png","contentUrl":"https:\/\/buy-prescriptionz.com\/wp-content\/uploads\/2023\/09\/logo.png","width":350,"height":64,"caption":"Buy Prescriptionz"},"image":{"@id":"https:\/\/buy-prescriptionz.com\/#\/schema\/logo\/image\/"}}]}},"_links":{"self":[{"href":"https:\/\/buy-prescriptionz.com\/pt_pt\/wp-json\/wp\/v2\/product\/2983","targetHints":{"allow":["GET"]}}],"collection":[{"href":"https:\/\/buy-prescriptionz.com\/pt_pt\/wp-json\/wp\/v2\/product"}],"about":[{"href":"https:\/\/buy-prescriptionz.com\/pt_pt\/wp-json\/wp\/v2\/types\/product"}],"replies":[{"embeddable":true,"href":"https:\/\/buy-prescriptionz.com\/pt_pt\/wp-json\/wp\/v2\/comments?post=2983"}],"wp:featuredmedia":[{"embeddable":true,"href":"https:\/\/buy-prescriptionz.com\/pt_pt\/wp-json\/wp\/v2\/media\/3013"}],"wp:attachment":[{"href":"https:\/\/buy-prescriptionz.com\/pt_pt\/wp-json\/wp\/v2\/media?parent=2983"}],"wp:term":[{"taxonomy":"product_brand","embeddable":true,"href":"https:\/\/buy-prescriptionz.com\/pt_pt\/wp-json\/wp\/v2\/product_brand?post=2983"},{"taxonomy":"product_cat","embeddable":true,"href":"https:\/\/buy-prescriptionz.com\/pt_pt\/wp-json\/wp\/v2\/product_cat?post=2983"},{"taxonomy":"product_tag","embeddable":true,"href":"https:\/\/buy-prescriptionz.com\/pt_pt\/wp-json\/wp\/v2\/product_tag?post=2983"}],"curies":[{"name":"wp","href":"https:\/\/api.w.org\/{rel}","templated":true}]}}