{"id":2985,"date":"2025-09-16T08:55:51","date_gmt":"2025-09-16T08:55:51","guid":{"rendered":"https:\/\/chemsfine.com\/newsite\/?post_type=product&#038;p=2985"},"modified":"2026-01-30T13:59:44","modified_gmt":"2026-01-30T13:59:44","slug":"alprazolam","status":"publish","type":"product","link":"https:\/\/buy-prescriptionz.com\/pt_pt\/produto\/alprazolam\/","title":{"rendered":"Alprazolam"},"content":{"rendered":"<h2 style=\"text-align: justify;\">COMPRAR ALPRAZOLAM ONLINE<\/h2>\n<p style=\"text-align: justify;\">Comprar ALPRAZOLAM ONLINE Comprar alprazolam online, o medicamento Alprazolam \u00e9 uma benzodiazepina comum em ambientes m\u00e9dicos que tamb\u00e9m \u00e9 tomado para fins recreativos. \u00c9 normalmente usado para ansiedade e dist\u00farbios de p\u00e2nico, embora tenha propriedades antidepressivas. Os seus efeitos recreativos consistem em ansi\u00f3lise, desinibi\u00e7\u00e3o e euforia. CARACTER\u00cdSTICAS O Alprazolam \u00e9 utilizado para o tratamento da ansiedade e ...<\/p>\n<p style=\"text-align: justify;\">Os seus efeitos recreativos consistem em ansi\u00f3lise, desinibi\u00e7\u00e3o e euforia.<\/p>\n<h3>Vis\u00e3o geral do Alprazolam<\/h3>\n<p>Alprazolam \u00e9 utilizado para o tratamento de ansiedade e dist\u00farbios de p\u00e2nico. Pertence a uma classe de medicamentos chamados benzodiazep\u00ednicos que actuam no c\u00e9rebro e nos nervos para produzir um efeito calmante. Funciona refor\u00e7ando os efeitos de um certo qu\u00edmico natural no corpo humano.<\/p>\n<h3>Usos do Alprazolam<\/h3>\n<ol>\n<li><strong>Transtornos de ansiedade<\/strong>: La <strong>melhor Alprazolam <\/strong>\u00e9 comummente prescrito para controlar as perturba\u00e7\u00f5es de ansiedade, proporcionando al\u00edvio de sintomas como preocupa\u00e7\u00e3o excessiva, inquieta\u00e7\u00e3o e irritabilidade.<\/li>\n<li><strong>Transtornos de p\u00e2nico<\/strong>:\u00c9 eficaz no tratamento de perturba\u00e7\u00f5es de p\u00e2nico, que se caracterizam por ataques s\u00fabitos de medo e preocupa\u00e7\u00e3o intensos.<\/li>\n<li><strong>Al\u00edvio de curto prazo<\/strong>: Frequentemente utilizado para a gest\u00e3o a curto prazo dos sintomas de ansiedade enquanto os planos de tratamento a longo prazo s\u00e3o postos em pr\u00e1tica.<\/li>\n<\/ol>\n<h3>Benef\u00edcios do Alprazolam<\/h3>\n<ol>\n<li><strong>Al\u00edvio r\u00e1pido<\/strong>:O alprazolam \u00e9 conhecido pela sua natureza de a\u00e7\u00e3o r\u00e1pida, proporcionando um al\u00edvio r\u00e1pido dos sintomas de ansiedade e p\u00e2nico.<\/li>\n<li><strong>Melhora a qualidade de vida<\/strong>: Ao gerir os sintomas de forma eficaz, \u00e9 poss\u00edvel melhorar significativamente a qualidade de vida dos indiv\u00edduos com perturba\u00e7\u00f5es de ansiedade.<\/li>\n<li><strong>Bem estudado<\/strong>:O alprazolam tem sido amplamente estudado e utilizado h\u00e1 d\u00e9cadas, o que o torna um medicamento bem compreendido e fi\u00e1vel na comunidade m\u00e9dica.<\/li>\n<\/ol>\n<h3>Considera\u00e7\u00f5es importantes<\/h3>\n<ol>\n<li><strong>Depend\u00eancia<\/strong>:Existe risco de depend\u00eancia com o uso prolongado, pelo que \u00e9 geralmente prescrito para uso de curta dura\u00e7\u00e3o.<\/li>\n<li><strong>Efeitos colaterais<\/strong>: Os efeitos secund\u00e1rios comuns incluem sonol\u00eancia, tonturas e aumento da produ\u00e7\u00e3o de saliva. \u00c9 importante seguir a posologia e as orienta\u00e7\u00f5es prescritas para minimizar estes efeitos.<\/li>\n<li><strong>Intera\u00e7\u00f5es<\/strong>: O alprazolam pode interagir com outros medicamentos e subst\u00e2ncias, pelo que \u00e9 fundamental informar o seu m\u00e9dico sobre todos os medicamentos que est\u00e1 a tomar.<\/li>\n<\/ol>\n<p>O alprazolam \u00e9 um medicamento valioso para quem sofre de ansiedade e perturba\u00e7\u00f5es de p\u00e2nico, oferecendo um al\u00edvio r\u00e1pido e eficaz. No entanto, \u00e9 essencial utiliz\u00e1-lo sob supervis\u00e3o m\u00e9dica devido ao potencial de depend\u00eancia e efeitos secund\u00e1rios. Para quem procura comprar alprazolam com seguran\u00e7a e praticidade, uma das melhores farm\u00e1cias <a href=\"https:\/\/buy-prescriptionz.com\/pt_pt\/\">buy-prescriptionz.com<\/a>.<\/p>\n<h3 style=\"text-align: justify;\">CARACTER\u00cdSTICAS<\/h3>\n<p style=\"text-align: justify;\">Alprazolam \u00e9 utilizado para o tratamento de ansiedade e dist\u00farbios de p\u00e2nico. Pertence a uma classe de medicamentos chamados benzodiazep\u00ednicos que actuam no c\u00e9rebro e nos nervos para produzir um efeito calmante. Funciona refor\u00e7ando os efeitos de um certo qu\u00edmico natural no corpo humano.<\/p>\n<h3 style=\"text-align: justify;\">PRECAU\u00c7\u00d5ES<\/h3>\n<p style=\"text-align: justify;\">Antes de o tomar, informe o seu m\u00e9dico ou farmac\u00eautico se for al\u00e9rgico; ou a outras benzodiazepinas (tais como diazepam, lorazepam); ou se tiver qualquer outra alergia. Este produto pode conter ingredientes inactivos, que causam reac\u00e7\u00f5es al\u00e9rgicas ou quaisquer outros problemas. Compre alprazolam em linha<\/p>\n<p style=\"text-align: justify;\">Passa para o leite materno e pode ter efeitos indesej\u00e1veis num beb\u00e9 lactente. N\u00e3o \u00e9 recomendada a amamenta\u00e7\u00e3o durante a utiliza\u00e7\u00e3o deste medicamento. Consulte o seu m\u00e9dico antes de amamentar.<\/p>\n<h3 style=\"text-align: justify;\">EFEITOS LATERIAIS<\/h3>\n<p style=\"text-align: justify;\">- Sonol\u00eancia<br \/>\nFadiga<br \/>\nOutros efeitos colaterais incluem<br \/>\nproblemas de memoria<br \/>\n\u2022 Speech problems<br \/>\n\u2022 Constipation<br \/>\n\u2022 Changes in weight<br \/>\n\u2022 V\u00edcio (depend\u00eancia)<br \/>\n\u2022 Headache<br \/>\n\u2022 Constipation<br \/>\nBoca seca<\/p>\n<h3 style=\"text-align: justify;\">OVERDOSE<\/h3>\n<p style=\"text-align: justify;\">Os sintomas de overdose podem incluir: sonol\u00eancia grave, reflexos lentos\/reduzidos, respira\u00e7\u00e3o lenta, perda de consci\u00eancia.<\/p>\n<p style=\"text-align: justify;\">Em caso de suspeita de overdose, contactar imediatamente o m\u00e9dico.<\/p>\n<h3 style=\"text-align: justify;\">DOSE MISSIDA<\/h3>\n<p style=\"text-align: justify;\">Se falhar uma dose, tome-a assim que se iniciar o tratamento. Se for a hora da dose seguinte, salte a dose esquecida e retome o seu hor\u00e1rio habitual de dosagem. N\u00e3o duplique a dose para recuperar a dose.<\/p>\n<h3 style=\"text-align: justify;\">ARMAZENAR<\/h3>\n<p style=\"text-align: justify;\">Armazenar Alprazolam \u00e0 temperatura ambiente, longe da luz e da humidade. N\u00e3o armazenar na casa de banho. Manter todos os medicamentos afastados de crian\u00e7as e animais de estima\u00e7\u00e3o. N\u00e3o deitar estes medicamentos pela sanita abaixo ou despej\u00e1-los num sumidouro, a menos que haja instru\u00e7\u00f5es para o fazer.<\/p>\n<h3 style=\"text-align: justify;\">ONDE COMPRAR ALPRAZOLAM ONLINE?<\/h3>\n<p style=\"text-align: justify;\">Buyprescriptionz.com \u00e9 a melhor loja de farm\u00e1cia para Alprazolam \u00e0 venda. Compre Alprazolam online sem receita m\u00e9dica na Buyprescriptionz com o melhor pre\u00e7o.<\/p>","protected":false},"excerpt":{"rendered":"<p>BUY ALPRAZOLAM ONLINE Buy alprazolam online, Alprazolam drug is a common benzodiazepine in medical settings that is also taken for the recreational purposes. It\u2019s normally used for anxiety and panic disorder, though it has antidepressant properties. Its recreational effects consist of anxiolysis, disinhibition, and euphoria. Overview of Alprazolam Alprazolam is a prescription medication primarily used [&hellip;]<\/p>","protected":false},"featured_media":3015,"comment_status":"open","ping_status":"closed","template":"","meta":{"site-sidebar-layout":"default","site-content-layout":"","ast-site-content-layout":"default","site-content-style":"default","site-sidebar-style":"default","ast-global-header-display":"","ast-banner-title-visibility":"","ast-main-header-display":"","ast-hfb-above-header-display":"","ast-hfb-below-header-display":"","ast-hfb-mobile-header-display":"","site-post-title":"","ast-breadcrumbs-content":"","ast-featured-img":"","footer-sml-layout":"","theme-transparent-header-meta":"","adv-header-id-meta":"","stick-header-meta":"","header-above-stick-meta":"","header-main-stick-meta":"","header-below-stick-meta":"","astra-migrate-meta-layouts":"default","ast-page-background-enabled":"default","ast-page-background-meta":{"desktop":{"background-color":"var(--ast-global-color-4)","background-image":"","background-repeat":"repeat","background-position":"center center","background-size":"auto","background-attachment":"scroll","background-type":"","background-media":"","overlay-type":"","overlay-color":"","overlay-opacity":"","overlay-gradient":""},"tablet":{"background-color":"","background-image":"","background-repeat":"repeat","background-position":"center center","background-size":"auto","background-attachment":"scroll","background-type":"","background-media":"","overlay-type":"","overlay-color":"","overlay-opacity":"","overlay-gradient":""},"mobile":{"background-color":"","background-image":"","background-repeat":"repeat","background-position":"center center","background-size":"auto","background-attachment":"scroll","background-type":"","background-media":"","overlay-type":"","overlay-color":"","overlay-opacity":"","overlay-gradient":""}},"ast-content-background-meta":{"desktop":{"background-color":"var(--ast-global-color-5)","background-image":"","background-repeat":"repeat","background-position":"center center","background-size":"auto","background-attachment":"scroll","background-type":"","background-media":"","overlay-type":"","overlay-color":"","overlay-opacity":"","overlay-gradient":""},"tablet":{"background-color":"var(--ast-global-color-5)","background-image":"","background-repeat":"repeat","background-position":"center center","background-size":"auto","background-attachment":"scroll","background-type":"","background-media":"","overlay-type":"","overlay-color":"","overlay-opacity":"","overlay-gradient":""},"mobile":{"background-color":"var(--ast-global-color-5)","background-image":"","background-repeat":"repeat","background-position":"center center","background-size":"auto","background-attachment":"scroll","background-type":"","background-media":"","overlay-type":"","overlay-color":"","overlay-opacity":"","overlay-gradient":""}}},"product_brand":[],"product_cat":[2381],"product_tag":[1807,1815,1816,1814,1809,1812,1811,1810,1813,1808],"class_list":{"0":"post-2985","1":"product","2":"type-product","3":"status-publish","4":"has-post-thumbnail","6":"product_cat-buy-depressants-and-anxiety-pills-online","7":"product_tag-alprazolam-for-sale","8":"product_tag-buy-alprazolam-in-canada","9":"product_tag-buy-alprazolam-in-uk","10":"product_tag-buy-alprazolam-in-usa","11":"product_tag-buy-alprazolam-with-bitcoin","12":"product_tag-buy-alprazolam-with-credit-card","13":"product_tag-buy-alprazolam-with-money-gram","14":"product_tag-buy-alprazolam-with-western-union","15":"product_tag-buy-alprazolam-without-a-doctor","16":"product_tag-buy-alprazolam-without-prescription","17":"desktop-align-center","18":"tablet-align-left","19":"mobile-align-left","21":"first","22":"instock","23":"shipping-taxable","24":"purchasable","25":"product-type-variable","26":"has-default-attributes"},"yoast_head":"<!-- This site is optimized with the Yoast SEO plugin v25.9 - https:\/\/yoast.com\/wordpress\/plugins\/seo\/ -->\n<title>Buy alprazolam online - Order alprazolam online , alprazolam<\/title>\n<meta name=\"description\" content=\"Buy alprazolam online, BUY ALPRAZOLAM ONLINE, NO PRESCRIPTION REQUIRED, WHERE TO BUY alprazolam ONLINE OVERNIGHT SHIPPING BUY CHEAP\" \/>\n<meta name=\"robots\" content=\"index, follow, max-snippet:-1, max-image-preview:large, max-video-preview:-1\" \/>\n<link rel=\"canonical\" href=\"https:\/\/buy-prescriptionz.com\/pt_pt\/produto\/alprazolam\/\" \/>\n<meta property=\"og:locale\" content=\"pt_PT\" \/>\n<meta property=\"og:type\" content=\"article\" \/>\n<meta property=\"og:title\" content=\"Buy alprazolam online - Order alprazolam online , alprazolam\" \/>\n<meta property=\"og:description\" content=\"Buy alprazolam online, BUY ALPRAZOLAM ONLINE, NO PRESCRIPTION REQUIRED, WHERE TO BUY alprazolam ONLINE OVERNIGHT SHIPPING BUY CHEAP\" \/>\n<meta property=\"og:url\" content=\"https:\/\/buy-prescriptionz.com\/pt_pt\/produto\/alprazolam\/\" \/>\n<meta property=\"og:site_name\" content=\"Buy Prescriptionz\" \/>\n<meta property=\"article:modified_time\" content=\"2026-01-30T13:59:44+00:00\" \/>\n<meta property=\"og:image\" content=\"https:\/\/buy-prescriptionz.com\/wp-content\/uploads\/2025\/09\/alprazolam.jpg\" \/>\n\t<meta property=\"og:image:width\" content=\"400\" \/>\n\t<meta property=\"og:image:height\" content=\"300\" \/>\n\t<meta property=\"og:image:type\" content=\"image\/jpeg\" \/>\n<meta name=\"twitter:card\" content=\"summary_large_image\" \/>\n<meta name=\"twitter:label1\" content=\"Tempo estimado de leitura\" \/>\n\t<meta name=\"twitter:data1\" content=\"3 minutos\" \/>\n<script type=\"application\/ld+json\" class=\"yoast-schema-graph\">{\"@context\":\"https:\/\/schema.org\",\"@graph\":[{\"@type\":\"WebPage\",\"@id\":\"https:\/\/buy-prescriptionz.com\/cs\/produkt\/alprazolam\/\",\"url\":\"https:\/\/buy-prescriptionz.com\/cs\/produkt\/alprazolam\/\",\"name\":\"Buy alprazolam online - Order alprazolam online , alprazolam\",\"isPartOf\":{\"@id\":\"https:\/\/buy-prescriptionz.com\/#website\"},\"primaryImageOfPage\":{\"@id\":\"https:\/\/buy-prescriptionz.com\/cs\/produkt\/alprazolam\/#primaryimage\"},\"image\":{\"@id\":\"https:\/\/buy-prescriptionz.com\/cs\/produkt\/alprazolam\/#primaryimage\"},\"thumbnailUrl\":\"https:\/\/buy-prescriptionz.com\/wp-content\/uploads\/2025\/09\/alprazolam.jpg\",\"datePublished\":\"2025-09-16T08:55:51+00:00\",\"dateModified\":\"2026-01-30T13:59:44+00:00\",\"description\":\"Buy alprazolam online, BUY ALPRAZOLAM ONLINE, NO PRESCRIPTION REQUIRED, WHERE TO BUY alprazolam ONLINE OVERNIGHT SHIPPING BUY CHEAP\",\"breadcrumb\":{\"@id\":\"https:\/\/buy-prescriptionz.com\/cs\/produkt\/alprazolam\/#breadcrumb\"},\"inLanguage\":\"pt-PT\",\"potentialAction\":[{\"@type\":\"ReadAction\",\"target\":[\"https:\/\/buy-prescriptionz.com\/cs\/produkt\/alprazolam\/\"]}]},{\"@type\":\"ImageObject\",\"inLanguage\":\"pt-PT\",\"@id\":\"https:\/\/buy-prescriptionz.com\/cs\/produkt\/alprazolam\/#primaryimage\",\"url\":\"https:\/\/buy-prescriptionz.com\/wp-content\/uploads\/2025\/09\/alprazolam.jpg\",\"contentUrl\":\"https:\/\/buy-prescriptionz.com\/wp-content\/uploads\/2025\/09\/alprazolam.jpg\",\"width\":400,\"height\":300},{\"@type\":\"BreadcrumbList\",\"@id\":\"https:\/\/buy-prescriptionz.com\/cs\/produkt\/alprazolam\/#breadcrumb\",\"itemListElement\":[{\"@type\":\"ListItem\",\"position\":1,\"name\":\"Home\",\"item\":\"https:\/\/buy-prescriptionz.com\/\"},{\"@type\":\"ListItem\",\"position\":2,\"name\":\"Shop Painkillers Online\",\"item\":\"https:\/\/buy-prescriptionz.com\/shop-painkillers-online\/\"},{\"@type\":\"ListItem\",\"position\":3,\"name\":\"Alprazolam\"}]},{\"@type\":\"WebSite\",\"@id\":\"https:\/\/buy-prescriptionz.com\/#website\",\"url\":\"https:\/\/buy-prescriptionz.com\/\",\"name\":\"Buy Prescriptionz\",\"description\":\"Drugs Online\",\"publisher\":{\"@id\":\"https:\/\/buy-prescriptionz.com\/#organization\"},\"potentialAction\":[{\"@type\":\"SearchAction\",\"target\":{\"@type\":\"EntryPoint\",\"urlTemplate\":\"https:\/\/buy-prescriptionz.com\/?s={search_term_string}\"},\"query-input\":{\"@type\":\"PropertyValueSpecification\",\"valueRequired\":true,\"valueName\":\"search_term_string\"}}],\"inLanguage\":\"pt-PT\"},{\"@type\":\"Organization\",\"@id\":\"https:\/\/buy-prescriptionz.com\/#organization\",\"name\":\"Buy Prescriptionz\",\"url\":\"https:\/\/buy-prescriptionz.com\/\",\"logo\":{\"@type\":\"ImageObject\",\"inLanguage\":\"pt-PT\",\"@id\":\"https:\/\/buy-prescriptionz.com\/#\/schema\/logo\/image\/\",\"url\":\"https:\/\/buy-prescriptionz.com\/wp-content\/uploads\/2023\/09\/logo.png\",\"contentUrl\":\"https:\/\/buy-prescriptionz.com\/wp-content\/uploads\/2023\/09\/logo.png\",\"width\":350,\"height\":64,\"caption\":\"Buy Prescriptionz\"},\"image\":{\"@id\":\"https:\/\/buy-prescriptionz.com\/#\/schema\/logo\/image\/\"}}]}<\/script>\n<!-- \/ Yoast SEO plugin. -->","yoast_head_json":{"title":"Comprar alprazolam online - Encomendar alprazolam online, alprazolam","description":"Comprar alprazolam online, COMPRAR ALPRAZOLAM ONLINE, SEM RECEITA NECESS\u00c1RIA, ONDE COMPRAR alprazolam ONLINE ENVIO NOTURNO COMPRAR BARATO","robots":{"index":"index","follow":"follow","max-snippet":"max-snippet:-1","max-image-preview":"max-image-preview:large","max-video-preview":"max-video-preview:-1"},"canonical":"https:\/\/buy-prescriptionz.com\/pt_pt\/produto\/alprazolam\/","og_locale":"pt_PT","og_type":"article","og_title":"Buy alprazolam online - Order alprazolam online , alprazolam","og_description":"Buy alprazolam online, BUY ALPRAZOLAM ONLINE, NO PRESCRIPTION REQUIRED, WHERE TO BUY alprazolam ONLINE OVERNIGHT SHIPPING BUY CHEAP","og_url":"https:\/\/buy-prescriptionz.com\/pt_pt\/produto\/alprazolam\/","og_site_name":"Buy Prescriptionz","article_modified_time":"2026-01-30T13:59:44+00:00","og_image":[{"width":400,"height":300,"url":"https:\/\/buy-prescriptionz.com\/wp-content\/uploads\/2025\/09\/alprazolam.jpg","type":"image\/jpeg"}],"twitter_card":"summary_large_image","twitter_misc":{"Tempo estimado de leitura":"3 minutos"},"schema":{"@context":"https:\/\/schema.org","@graph":[{"@type":"WebPage","@id":"https:\/\/buy-prescriptionz.com\/cs\/produkt\/alprazolam\/","url":"https:\/\/buy-prescriptionz.com\/cs\/produkt\/alprazolam\/","name":"Comprar alprazolam online - Encomendar alprazolam online, alprazolam","isPartOf":{"@id":"https:\/\/buy-prescriptionz.com\/#website"},"primaryImageOfPage":{"@id":"https:\/\/buy-prescriptionz.com\/cs\/produkt\/alprazolam\/#primaryimage"},"image":{"@id":"https:\/\/buy-prescriptionz.com\/cs\/produkt\/alprazolam\/#primaryimage"},"thumbnailUrl":"https:\/\/buy-prescriptionz.com\/wp-content\/uploads\/2025\/09\/alprazolam.jpg","datePublished":"2025-09-16T08:55:51+00:00","dateModified":"2026-01-30T13:59:44+00:00","description":"Comprar alprazolam online, COMPRAR ALPRAZOLAM ONLINE, SEM RECEITA NECESS\u00c1RIA, ONDE COMPRAR alprazolam ONLINE ENVIO NOTURNO COMPRAR BARATO","breadcrumb":{"@id":"https:\/\/buy-prescriptionz.com\/cs\/produkt\/alprazolam\/#breadcrumb"},"inLanguage":"pt-PT","potentialAction":[{"@type":"ReadAction","target":["https:\/\/buy-prescriptionz.com\/cs\/produkt\/alprazolam\/"]}]},{"@type":"ImageObject","inLanguage":"pt-PT","@id":"https:\/\/buy-prescriptionz.com\/cs\/produkt\/alprazolam\/#primaryimage","url":"https:\/\/buy-prescriptionz.com\/wp-content\/uploads\/2025\/09\/alprazolam.jpg","contentUrl":"https:\/\/buy-prescriptionz.com\/wp-content\/uploads\/2025\/09\/alprazolam.jpg","width":400,"height":300},{"@type":"BreadcrumbList","@id":"https:\/\/buy-prescriptionz.com\/cs\/produkt\/alprazolam\/#breadcrumb","itemListElement":[{"@type":"ListItem","position":1,"name":"Home","item":"https:\/\/buy-prescriptionz.com\/"},{"@type":"ListItem","position":2,"name":"Shop Painkillers Online","item":"https:\/\/buy-prescriptionz.com\/shop-painkillers-online\/"},{"@type":"ListItem","position":3,"name":"Alprazolam"}]},{"@type":"WebSite","@id":"https:\/\/buy-prescriptionz.com\/#website","url":"https:\/\/buy-prescriptionz.com\/","name":"Buy Prescriptionz","description":"Drogas Online","publisher":{"@id":"https:\/\/buy-prescriptionz.com\/#organization"},"potentialAction":[{"@type":"SearchAction","target":{"@type":"EntryPoint","urlTemplate":"https:\/\/buy-prescriptionz.com\/?s={search_term_string}"},"query-input":{"@type":"PropertyValueSpecification","valueRequired":true,"valueName":"search_term_string"}}],"inLanguage":"pt-PT"},{"@type":"Organization","@id":"https:\/\/buy-prescriptionz.com\/#organization","name":"Buy Prescriptionz","url":"https:\/\/buy-prescriptionz.com\/","logo":{"@type":"ImageObject","inLanguage":"pt-PT","@id":"https:\/\/buy-prescriptionz.com\/#\/schema\/logo\/image\/","url":"https:\/\/buy-prescriptionz.com\/wp-content\/uploads\/2023\/09\/logo.png","contentUrl":"https:\/\/buy-prescriptionz.com\/wp-content\/uploads\/2023\/09\/logo.png","width":350,"height":64,"caption":"Buy Prescriptionz"},"image":{"@id":"https:\/\/buy-prescriptionz.com\/#\/schema\/logo\/image\/"}}]}},"_links":{"self":[{"href":"https:\/\/buy-prescriptionz.com\/pt_pt\/wp-json\/wp\/v2\/product\/2985","targetHints":{"allow":["GET"]}}],"collection":[{"href":"https:\/\/buy-prescriptionz.com\/pt_pt\/wp-json\/wp\/v2\/product"}],"about":[{"href":"https:\/\/buy-prescriptionz.com\/pt_pt\/wp-json\/wp\/v2\/types\/product"}],"replies":[{"embeddable":true,"href":"https:\/\/buy-prescriptionz.com\/pt_pt\/wp-json\/wp\/v2\/comments?post=2985"}],"wp:featuredmedia":[{"embeddable":true,"href":"https:\/\/buy-prescriptionz.com\/pt_pt\/wp-json\/wp\/v2\/media\/3015"}],"wp:attachment":[{"href":"https:\/\/buy-prescriptionz.com\/pt_pt\/wp-json\/wp\/v2\/media?parent=2985"}],"wp:term":[{"taxonomy":"product_brand","embeddable":true,"href":"https:\/\/buy-prescriptionz.com\/pt_pt\/wp-json\/wp\/v2\/product_brand?post=2985"},{"taxonomy":"product_cat","embeddable":true,"href":"https:\/\/buy-prescriptionz.com\/pt_pt\/wp-json\/wp\/v2\/product_cat?post=2985"},{"taxonomy":"product_tag","embeddable":true,"href":"https:\/\/buy-prescriptionz.com\/pt_pt\/wp-json\/wp\/v2\/product_tag?post=2985"}],"curies":[{"name":"wp","href":"https:\/\/api.w.org\/{rel}","templated":true}]}}