{"id":2992,"date":"2025-09-16T08:55:52","date_gmt":"2025-09-16T08:55:52","guid":{"rendered":"https:\/\/chemsfine.com\/newsite\/?post_type=product&#038;p=2992"},"modified":"2025-09-30T12:37:28","modified_gmt":"2025-09-30T12:37:28","slug":"comprar-suboxone-online","status":"publish","type":"product","link":"https:\/\/buy-prescriptionz.com\/pt_pt\/produto\/comprar-suboxone-online\/","title":{"rendered":"Comprar Suboxone Online"},"content":{"rendered":"<h2>Comprar Suboxone online<\/h2>\n<p>A buprenorfina\/naloxona, vendida sob a marca Suboxone, \u00e9 um medicamento que consiste numa mistura de buprenorfina e naloxona. O Suboxone \u00e0 venda \u00e9 para tratar o transtorno de depend\u00eancia de drogas. Diminui os efeitos secund\u00e1rios da abstin\u00eancia por cerca de 24 horas. Compre Suboxone para utiliza\u00e7\u00e3o em duas formula\u00e7\u00f5es exclusivas: debaixo da l\u00edngua ou na bochecha.<\/p>\n<h3>Como comprar Suboxone online em buy-prescriptionz.com<\/h3>\n<p>A utiliza\u00e7\u00e3o de Suboxone online para tratar os sintomas pode incluir problemas respirat\u00f3rios, cansa\u00e7o e press\u00e3o arterial baixa. O composto naloxona \u00e9 um narc\u00f3tico que rivaliza e bloqueia o efeito de outros narc\u00f3ticos, incluindo a buprenorfina. A naloxona \u00e9 retida quando administrada por via oral e \u00e9 adicionada para diminuir os riscos de abuso da droga por via injet\u00e1vel. A buprenorfina\/naloxona \u00e9 utilizada para o tratamento de perturba\u00e7\u00f5es relacionadas com o uso de narc\u00f3ticos. Os resultados a longo prazo s\u00e3o geralmente melhores com o uso de buprenorfina\/naloxona do que com o uso combinado de narc\u00f3ticos. Acha que onde comprar Suboxone online? A combina\u00e7\u00e3o dos dois medicamentos \u00e9 preferida \u00e0 buprenorfina isolada para tratamento de suporte devido \u00e0 naloxona na defini\u00e7\u00e3o, que ajuda a aliviar o abuso, especialmente contra o uso intravenoso.<\/p>\n<h3>Comprar Suboxone a um pre\u00e7o barato de 8 mg, 4 mg ou 2 mg<\/h3>\n<p>Compre Suboxone com embalagem discreta para tratar a depend\u00eancia de narc\u00f3ticos e atue como um medicamento de primeira linha prescrito, conforme indicado pelo Instituto Nacional de Abuso de Drogas dos EUA, com servi\u00e7o de entrega r\u00e1pida e segura em buy-prescriptionz.com. O medicamento \u00e9 um tratamento de manuten\u00e7\u00e3o eficaz para a depend\u00eancia de drogas e tem uma efic\u00e1cia geralmente compar\u00e1vel \u00e0 da metadona, que \u00e9 mais eficaz do que outros tratamentos \u00e0 base de subst\u00e2ncias.<\/p>\n<h3>Comprar Suboxone sem receita m\u00e9dica: Usos m\u00e9dicos<\/h3>\n<p>Comprar Suboxone sem m\u00e9dico, pois, consequentemente, traz mais riscos nesta fraca depend\u00eancia qu\u00edmica. Comprar Suboxone online para pacientes com narc\u00f3ticos socialmente est\u00e1veis \u200b\u200bque n\u00e3o conseguem recuperar as prescri\u00e7\u00f5es de uma rotina di\u00e1ria. \u00c9 indicado para aqueles que possam ter outra condi\u00e7\u00e3o que exija consultas m\u00e9dicas b\u00e1sicas, com um servi\u00e7o de entrega r\u00e1pido e seguro em buy-prescriptionz.com. Comprar Suboxone online em vez de metadona com alto risco de letalidade por metadona, por exemplo, idosos, aqueles que tomam doses elevadas de benzodiazepinas ou outros medicamentos calmantes e aqueles com alto risco de atraso no intervalo QT.<\/p>\n<p>Antes de nos aprofundarmos nos benef\u00edcios de comprar Suboxone online, \u00e9 essencial compreender o que \u00e9 o Suboxone e como funciona. O melhor Suboxone \u00e9 um medicamento combinado contendo buprenorfina e naloxona. A buprenorfina \u00e9 um agonista opi\u00f3ide parcial, o que significa que ativa os recetores opi\u00f3ides no c\u00e9rebro, mas em menor medida do que os agonistas opi\u00f3ides totais, como a hero\u00edna ou a morfina. A naloxona \u00e9 adicionada para impedir o uso indevido do medicamento, uma vez que pode bloquear os efeitos dos opi\u00f3ides e precipitar os sintomas de abstin\u00eancia se tomado de forma inadequada. O Suboxone \u00e9 normalmente utilizado em programas de tratamento assistido por medicamentos (MAT) para ajudar os indiv\u00edduos a reduzir ou interromper o uso de opi\u00f3ides. Pode ajudar a controlar os sintomas de abstin\u00eancia e os desejos, permitindo que os indiv\u00edduos se concentrem na sua recupera\u00e7\u00e3o sem os intensos efeitos fisiol\u00f3gicos da abstin\u00eancia de opi\u00f3ides.<\/p>\n<h3>Tratamento da depend\u00eancia de opi\u00f3ides<\/h3>\n<p>Um dos principais usos do Suboxone \u00e9 no tratamento da depend\u00eancia de opi\u00f3ides. A depend\u00eancia de opi\u00f3ides \u00e9 um problema s\u00e9rio e generalizado que pode ter efeitos devastadores na sa\u00fade, nos relacionamentos e na qualidade de vida geral de uma pessoa. O Suboxone atua reduzindo os sintomas de abstin\u00eancia e a vontade de consumir, facilitando a supera\u00e7\u00e3o da adi\u00e7\u00e3o e o foco na recupera\u00e7\u00e3o.<\/p>\n<h3>Como \u00e9 que o Suboxone ajuda?<\/h3>\n<p>Quando tomado de acordo com a prescri\u00e7\u00e3o, o Suboxone pode ajudar os indiv\u00edduos a reduzir gradualmente o uso de opi\u00f3ides e a alcan\u00e7ar a sobriedade. Como a buprenorfina \u00e9 um agonista parcial, apresenta um menor potencial de abuso e depend\u00eancia em compara\u00e7\u00e3o com os agonistas opi\u00f3ides totais. Isto torna-a uma alternativa mais segura para indiv\u00edduos que lutam contra o v\u00edcio em opi\u00f3ides e podem estar em risco de reca\u00edda.<\/p>\n<h2>Gest\u00e3o da dor<\/h2>\n<p>Al\u00e9m de tratar a depend\u00eancia de opi\u00f3ides, o Suboxone tamb\u00e9m pode ser utilizado para o controlo da dor. A buprenorfina, o principal ingrediente ativo do Suboxone, \u00e9 um analg\u00e9sico potente que pode ser eficaz tanto para dores agudas como cr\u00f3nicas. \u00c9 frequentemente utilizado como alternativa aos opi\u00f3ides tradicionais, como a morfina ou a oxicodona, especialmente para indiv\u00edduos em risco de depend\u00eancia ou overdose.<\/p>\n<h3>Benef\u00edcios do Suboxone para o controlo da dor<\/h3>\n<p>Um dos principais benef\u00edcios da utiliza\u00e7\u00e3o de Suboxone para o controlo da dor \u00e9 o menor risco de abuso e depend\u00eancia. Como a buprenorfina \u00e9 um agonista parcial, tem um efeito teto, o que significa que a toma de uma dose mais elevada do medicamento n\u00e3o resultar\u00e1 num efeito maior. Isto pode ajudar a reduzir a probabilidade de sobredosagem e outros efeitos secund\u00e1rios graves associados aos opi\u00f3ides tradicionais.<\/p>\n<h3>Tratamento de Diagn\u00f3stico Duplo<\/h3>\n<p>O Suboxone \u00e9 tamb\u00e9m utilizado em programas de tratamento de diagn\u00f3stico duplo para indiv\u00edduos com depend\u00eancia de opi\u00f3ides e perturba\u00e7\u00f5es mentais concomitantes. Muitas pessoas que lutam contra o v\u00edcio tamb\u00e9m apresentam problemas de sa\u00fade mental subjacentes, como depress\u00e3o, ansiedade ou doen\u00e7a bipolar. O Suboxone pode ajudar a estabilizar o humor e a melhorar a sa\u00fade mental em geral, facilitando o envolvimento em terapia e outros tratamentos.<\/p>\n<h3>\u00a0Porqu\u00ea escolher buy-prescriptionz.com?<\/h3>\n<p>Para quem est\u00e1 a pensar comprar Suboxone online, a buy-prescriptionz.com \u00e9 uma farm\u00e1cia de confian\u00e7a e a melhor. Com um website intuitivo, op\u00e7\u00f5es de pagamento seguras e embalagens discretas, a buy-prescriptionz.com d\u00e1 prioridade \u00e0 satisfa\u00e7\u00e3o e seguran\u00e7a do cliente. Ao escolher a buy-prescriptionz.com, as pessoas podem aceder a Suboxone de alta qualidade a pre\u00e7os competitivos. A comodidade de encomendar online, aliada aos benef\u00edcios de privacidade e poupan\u00e7a, faz da buy-prescriptionz.com a melhor op\u00e7\u00e3o para quem procura Suboxone online.<\/p>","protected":false},"excerpt":{"rendered":"<p>Buy Suboxone online Buprenorphine\/naloxone, sold under the brand name Suboxone, is a medicine that is a blend of buprenorphine and naloxone. Suboxone for sale is to treat drug dependence disorder. It diminishes withdrawal side effects for around 24 hours. Buy Suboxone for use in two unique structures, under the tongue or in the cheek. How [&hellip;]<\/p>","protected":false},"featured_media":3022,"comment_status":"open","ping_status":"closed","template":"","meta":{"site-sidebar-layout":"default","site-content-layout":"","ast-site-content-layout":"default","site-content-style":"default","site-sidebar-style":"default","ast-global-header-display":"","ast-banner-title-visibility":"","ast-main-header-display":"","ast-hfb-above-header-display":"","ast-hfb-below-header-display":"","ast-hfb-mobile-header-display":"","site-post-title":"","ast-breadcrumbs-content":"","ast-featured-img":"","footer-sml-layout":"","theme-transparent-header-meta":"default","adv-header-id-meta":"","stick-header-meta":"","header-above-stick-meta":"","header-main-stick-meta":"","header-below-stick-meta":"","astra-migrate-meta-layouts":"set","ast-page-background-enabled":"default","ast-page-background-meta":{"desktop":{"background-color":"var(--ast-global-color-4)","background-image":"","background-repeat":"repeat","background-position":"center center","background-size":"auto","background-attachment":"scroll","background-type":"","background-media":"","overlay-type":"","overlay-color":"","overlay-opacity":"","overlay-gradient":""},"tablet":{"background-color":"","background-image":"","background-repeat":"repeat","background-position":"center center","background-size":"auto","background-attachment":"scroll","background-type":"","background-media":"","overlay-type":"","overlay-color":"","overlay-opacity":"","overlay-gradient":""},"mobile":{"background-color":"","background-image":"","background-repeat":"repeat","background-position":"center center","background-size":"auto","background-attachment":"scroll","background-type":"","background-media":"","overlay-type":"","overlay-color":"","overlay-opacity":"","overlay-gradient":""}},"ast-content-background-meta":{"desktop":{"background-color":"var(--ast-global-color-5)","background-image":"","background-repeat":"repeat","background-position":"center center","background-size":"auto","background-attachment":"scroll","background-type":"","background-media":"","overlay-type":"","overlay-color":"","overlay-opacity":"","overlay-gradient":""},"tablet":{"background-color":"var(--ast-global-color-5)","background-image":"","background-repeat":"repeat","background-position":"center center","background-size":"auto","background-attachment":"scroll","background-type":"","background-media":"","overlay-type":"","overlay-color":"","overlay-opacity":"","overlay-gradient":""},"mobile":{"background-color":"var(--ast-global-color-5)","background-image":"","background-repeat":"repeat","background-position":"center center","background-size":"auto","background-attachment":"scroll","background-type":"","background-media":"","overlay-type":"","overlay-color":"","overlay-opacity":"","overlay-gradient":""}}},"product_brand":[],"product_cat":[2382],"product_tag":[1581,1582,1580,1575,1578,1577,1576,1579,1574,1583,1573],"class_list":{"0":"post-2992","1":"product","2":"type-product","3":"status-publish","4":"has-post-thumbnail","6":"product_cat-buy-opioids-online","7":"product_tag-buy-suboxone-in-canada","8":"product_tag-buy-suboxone-in-uk","9":"product_tag-buy-suboxone-in-usa","10":"product_tag-buy-suboxone-with-bitcoin","11":"product_tag-buy-suboxone-with-credit-card","12":"product_tag-buy-suboxone-with-money-gram","13":"product_tag-buy-suboxone-with-western-union","14":"product_tag-buy-suboxone-without-a-doctor","15":"product_tag-buy-suboxone-without-prescription","16":"product_tag-suboxone","17":"product_tag-suboxone-for-sale","18":"desktop-align-center","19":"tablet-align-left","20":"mobile-align-left","22":"first","23":"instock","24":"shipping-taxable","25":"purchasable","26":"product-type-variable","27":"has-default-attributes"},"yoast_head":"<!-- This site is optimized with the Yoast SEO plugin v25.9 - https:\/\/yoast.com\/wordpress\/plugins\/seo\/ -->\n<title>Buy Suboxone Online USA - Buy Suboxone Online for Sale - Buy Prescriptionz<\/title>\n<meta name=\"description\" content=\"Buyprescriptionz.com is an online pharmacy store where you can Buy Suboxone Online at best price without doctor&#039;s prescription. Buy Suboxone Online Now with Free &amp; Secure Shipping!\" \/>\n<meta name=\"robots\" content=\"index, follow, max-snippet:-1, max-image-preview:large, max-video-preview:-1\" \/>\n<link rel=\"canonical\" href=\"https:\/\/buy-prescriptionz.com\/pt_pt\/produto\/comprar-suboxone-online\/\" \/>\n<meta property=\"og:locale\" content=\"pt_PT\" \/>\n<meta property=\"og:type\" content=\"article\" \/>\n<meta property=\"og:title\" content=\"Buy Suboxone Online USA - Buy Suboxone Online for Sale - Buy Prescriptionz\" \/>\n<meta property=\"og:description\" content=\"Buyprescriptionz.com is an online pharmacy store where you can Buy Suboxone Online at best price without doctor&#039;s prescription. Buy Suboxone Online Now with Free &amp; Secure Shipping!\" \/>\n<meta property=\"og:url\" content=\"https:\/\/buy-prescriptionz.com\/pt_pt\/produto\/comprar-suboxone-online\/\" \/>\n<meta property=\"og:site_name\" content=\"Buy Prescriptionz\" \/>\n<meta property=\"article:modified_time\" content=\"2025-09-30T12:37:28+00:00\" \/>\n<meta property=\"og:image\" content=\"https:\/\/buy-prescriptionz.com\/wp-content\/uploads\/2025\/09\/suboxone.jpg\" \/>\n\t<meta property=\"og:image:width\" content=\"400\" \/>\n\t<meta property=\"og:image:height\" content=\"300\" \/>\n\t<meta property=\"og:image:type\" content=\"image\/jpeg\" \/>\n<meta name=\"twitter:card\" content=\"summary_large_image\" \/>\n<meta name=\"twitter:label1\" content=\"Tempo estimado de leitura\" \/>\n\t<meta name=\"twitter:data1\" content=\"5 minutos\" \/>\n<script type=\"application\/ld+json\" class=\"yoast-schema-graph\">{\"@context\":\"https:\/\/schema.org\",\"@graph\":[{\"@type\":\"WebPage\",\"@id\":\"https:\/\/buy-prescriptionz.com\/product\/buy-suboxone-online\/\",\"url\":\"https:\/\/buy-prescriptionz.com\/product\/buy-suboxone-online\/\",\"name\":\"Buy Suboxone Online USA - Buy Suboxone Online for Sale - Buy Prescriptionz\",\"isPartOf\":{\"@id\":\"https:\/\/buy-prescriptionz.com\/#website\"},\"primaryImageOfPage\":{\"@id\":\"https:\/\/buy-prescriptionz.com\/product\/buy-suboxone-online\/#primaryimage\"},\"image\":{\"@id\":\"https:\/\/buy-prescriptionz.com\/product\/buy-suboxone-online\/#primaryimage\"},\"thumbnailUrl\":\"https:\/\/buy-prescriptionz.com\/wp-content\/uploads\/2025\/09\/suboxone.jpg\",\"datePublished\":\"2025-09-16T08:55:52+00:00\",\"dateModified\":\"2025-09-30T12:37:28+00:00\",\"description\":\"Buyprescriptionz.com is an online pharmacy store where you can Buy Suboxone Online at best price without doctor's prescription. Buy Suboxone Online Now with Free & Secure Shipping!\",\"breadcrumb\":{\"@id\":\"https:\/\/buy-prescriptionz.com\/product\/buy-suboxone-online\/#breadcrumb\"},\"inLanguage\":\"pt-PT\",\"potentialAction\":[{\"@type\":\"ReadAction\",\"target\":[\"https:\/\/buy-prescriptionz.com\/product\/buy-suboxone-online\/\"]}]},{\"@type\":\"ImageObject\",\"inLanguage\":\"pt-PT\",\"@id\":\"https:\/\/buy-prescriptionz.com\/product\/buy-suboxone-online\/#primaryimage\",\"url\":\"https:\/\/buy-prescriptionz.com\/wp-content\/uploads\/2025\/09\/suboxone.jpg\",\"contentUrl\":\"https:\/\/buy-prescriptionz.com\/wp-content\/uploads\/2025\/09\/suboxone.jpg\",\"width\":400,\"height\":300},{\"@type\":\"BreadcrumbList\",\"@id\":\"https:\/\/buy-prescriptionz.com\/product\/buy-suboxone-online\/#breadcrumb\",\"itemListElement\":[{\"@type\":\"ListItem\",\"position\":1,\"name\":\"Home\",\"item\":\"https:\/\/buy-prescriptionz.com\/\"},{\"@type\":\"ListItem\",\"position\":2,\"name\":\"Shop Painkillers Online\",\"item\":\"https:\/\/buy-prescriptionz.com\/shop-painkillers-online\/\"},{\"@type\":\"ListItem\",\"position\":3,\"name\":\"Buy Suboxone Online\"}]},{\"@type\":\"WebSite\",\"@id\":\"https:\/\/buy-prescriptionz.com\/#website\",\"url\":\"https:\/\/buy-prescriptionz.com\/\",\"name\":\"Buy Prescriptionz\",\"description\":\"Drugs Online\",\"publisher\":{\"@id\":\"https:\/\/buy-prescriptionz.com\/#organization\"},\"potentialAction\":[{\"@type\":\"SearchAction\",\"target\":{\"@type\":\"EntryPoint\",\"urlTemplate\":\"https:\/\/buy-prescriptionz.com\/?s={search_term_string}\"},\"query-input\":{\"@type\":\"PropertyValueSpecification\",\"valueRequired\":true,\"valueName\":\"search_term_string\"}}],\"inLanguage\":\"pt-PT\"},{\"@type\":\"Organization\",\"@id\":\"https:\/\/buy-prescriptionz.com\/#organization\",\"name\":\"Buy Prescriptionz\",\"url\":\"https:\/\/buy-prescriptionz.com\/\",\"logo\":{\"@type\":\"ImageObject\",\"inLanguage\":\"pt-PT\",\"@id\":\"https:\/\/buy-prescriptionz.com\/#\/schema\/logo\/image\/\",\"url\":\"https:\/\/buy-prescriptionz.com\/wp-content\/uploads\/2023\/09\/logo.png\",\"contentUrl\":\"https:\/\/buy-prescriptionz.com\/wp-content\/uploads\/2023\/09\/logo.png\",\"width\":350,\"height\":64,\"caption\":\"Buy Prescriptionz\"},\"image\":{\"@id\":\"https:\/\/buy-prescriptionz.com\/#\/schema\/logo\/image\/\"}}]}<\/script>\n<!-- \/ Yoast SEO plugin. -->","yoast_head_json":{"title":"Comprar Suboxone online nos EUA - Comprar Suboxone online para venda - Comprar com receita m\u00e9dica","description":"Buyprescriptionz.com is an online pharmacy store where you can Buy Suboxone Online at best price without doctor's prescription. Buy Suboxone Online Now with Free & Secure Shipping!","robots":{"index":"index","follow":"follow","max-snippet":"max-snippet:-1","max-image-preview":"max-image-preview:large","max-video-preview":"max-video-preview:-1"},"canonical":"https:\/\/buy-prescriptionz.com\/pt_pt\/produto\/comprar-suboxone-online\/","og_locale":"pt_PT","og_type":"article","og_title":"Buy Suboxone Online USA - Buy Suboxone Online for Sale - Buy Prescriptionz","og_description":"Buyprescriptionz.com is an online pharmacy store where you can Buy Suboxone Online at best price without doctor's prescription. Buy Suboxone Online Now with Free & Secure Shipping!","og_url":"https:\/\/buy-prescriptionz.com\/pt_pt\/produto\/comprar-suboxone-online\/","og_site_name":"Buy Prescriptionz","article_modified_time":"2025-09-30T12:37:28+00:00","og_image":[{"width":400,"height":300,"url":"https:\/\/buy-prescriptionz.com\/wp-content\/uploads\/2025\/09\/suboxone.jpg","type":"image\/jpeg"}],"twitter_card":"summary_large_image","twitter_misc":{"Tempo estimado de leitura":"5 minutos"},"schema":{"@context":"https:\/\/schema.org","@graph":[{"@type":"WebPage","@id":"https:\/\/buy-prescriptionz.com\/product\/buy-suboxone-online\/","url":"https:\/\/buy-prescriptionz.com\/product\/buy-suboxone-online\/","name":"Comprar Suboxone online nos EUA - Comprar Suboxone online para venda - Comprar com receita m\u00e9dica","isPartOf":{"@id":"https:\/\/buy-prescriptionz.com\/#website"},"primaryImageOfPage":{"@id":"https:\/\/buy-prescriptionz.com\/product\/buy-suboxone-online\/#primaryimage"},"image":{"@id":"https:\/\/buy-prescriptionz.com\/product\/buy-suboxone-online\/#primaryimage"},"thumbnailUrl":"https:\/\/buy-prescriptionz.com\/wp-content\/uploads\/2025\/09\/suboxone.jpg","datePublished":"2025-09-16T08:55:52+00:00","dateModified":"2025-09-30T12:37:28+00:00","description":"Buyprescriptionz.com is an online pharmacy store where you can Buy Suboxone Online at best price without doctor's prescription. Buy Suboxone Online Now with Free & Secure Shipping!","breadcrumb":{"@id":"https:\/\/buy-prescriptionz.com\/product\/buy-suboxone-online\/#breadcrumb"},"inLanguage":"pt-PT","potentialAction":[{"@type":"ReadAction","target":["https:\/\/buy-prescriptionz.com\/product\/buy-suboxone-online\/"]}]},{"@type":"ImageObject","inLanguage":"pt-PT","@id":"https:\/\/buy-prescriptionz.com\/product\/buy-suboxone-online\/#primaryimage","url":"https:\/\/buy-prescriptionz.com\/wp-content\/uploads\/2025\/09\/suboxone.jpg","contentUrl":"https:\/\/buy-prescriptionz.com\/wp-content\/uploads\/2025\/09\/suboxone.jpg","width":400,"height":300},{"@type":"BreadcrumbList","@id":"https:\/\/buy-prescriptionz.com\/product\/buy-suboxone-online\/#breadcrumb","itemListElement":[{"@type":"ListItem","position":1,"name":"Home","item":"https:\/\/buy-prescriptionz.com\/"},{"@type":"ListItem","position":2,"name":"Shop Painkillers Online","item":"https:\/\/buy-prescriptionz.com\/shop-painkillers-online\/"},{"@type":"ListItem","position":3,"name":"Buy Suboxone Online"}]},{"@type":"WebSite","@id":"https:\/\/buy-prescriptionz.com\/#website","url":"https:\/\/buy-prescriptionz.com\/","name":"Buy Prescriptionz","description":"Drogas Online","publisher":{"@id":"https:\/\/buy-prescriptionz.com\/#organization"},"potentialAction":[{"@type":"SearchAction","target":{"@type":"EntryPoint","urlTemplate":"https:\/\/buy-prescriptionz.com\/?s={search_term_string}"},"query-input":{"@type":"PropertyValueSpecification","valueRequired":true,"valueName":"search_term_string"}}],"inLanguage":"pt-PT"},{"@type":"Organization","@id":"https:\/\/buy-prescriptionz.com\/#organization","name":"Buy Prescriptionz","url":"https:\/\/buy-prescriptionz.com\/","logo":{"@type":"ImageObject","inLanguage":"pt-PT","@id":"https:\/\/buy-prescriptionz.com\/#\/schema\/logo\/image\/","url":"https:\/\/buy-prescriptionz.com\/wp-content\/uploads\/2023\/09\/logo.png","contentUrl":"https:\/\/buy-prescriptionz.com\/wp-content\/uploads\/2023\/09\/logo.png","width":350,"height":64,"caption":"Buy Prescriptionz"},"image":{"@id":"https:\/\/buy-prescriptionz.com\/#\/schema\/logo\/image\/"}}]}},"_links":{"self":[{"href":"https:\/\/buy-prescriptionz.com\/pt_pt\/wp-json\/wp\/v2\/product\/2992","targetHints":{"allow":["GET"]}}],"collection":[{"href":"https:\/\/buy-prescriptionz.com\/pt_pt\/wp-json\/wp\/v2\/product"}],"about":[{"href":"https:\/\/buy-prescriptionz.com\/pt_pt\/wp-json\/wp\/v2\/types\/product"}],"replies":[{"embeddable":true,"href":"https:\/\/buy-prescriptionz.com\/pt_pt\/wp-json\/wp\/v2\/comments?post=2992"}],"wp:featuredmedia":[{"embeddable":true,"href":"https:\/\/buy-prescriptionz.com\/pt_pt\/wp-json\/wp\/v2\/media\/3022"}],"wp:attachment":[{"href":"https:\/\/buy-prescriptionz.com\/pt_pt\/wp-json\/wp\/v2\/media?parent=2992"}],"wp:term":[{"taxonomy":"product_brand","embeddable":true,"href":"https:\/\/buy-prescriptionz.com\/pt_pt\/wp-json\/wp\/v2\/product_brand?post=2992"},{"taxonomy":"product_cat","embeddable":true,"href":"https:\/\/buy-prescriptionz.com\/pt_pt\/wp-json\/wp\/v2\/product_cat?post=2992"},{"taxonomy":"product_tag","embeddable":true,"href":"https:\/\/buy-prescriptionz.com\/pt_pt\/wp-json\/wp\/v2\/product_tag?post=2992"}],"curies":[{"name":"wp","href":"https:\/\/api.w.org\/{rel}","templated":true}]}}