{"id":2993,"date":"2025-09-16T08:55:52","date_gmt":"2025-09-16T08:55:52","guid":{"rendered":"https:\/\/chemsfine.com\/newsite\/?post_type=product&#038;p=2993"},"modified":"2025-09-27T12:06:59","modified_gmt":"2025-09-27T12:06:59","slug":"comprar-subutex-online","status":"publish","type":"product","link":"https:\/\/buy-prescriptionz.com\/pt_pt\/produto\/comprar-subutex-online\/","title":{"rendered":"Comprar Subutex Online"},"content":{"rendered":"<h2>Comprar Subutex Online<\/h2>\n<p>Comprar Subutex online. A buprenorfina, vendida sob a marca Subutex, \u00e9 um narc\u00f3tico utilizado para tratar a toxicodepend\u00eancia e dores intensas. Compre Subutex para uso sublingual, por infus\u00e3o, como solu\u00e7\u00e3o para a pele ou como implante. Para compuls\u00f5es por drogas, o Subutex \u00e0 venda em buy-prescriptionz.com pode ser iniciado regularmente quando os sintomas de abstin\u00eancia j\u00e1 come\u00e7aram e durante os dois primeiros dias de tratamento, sob a supervis\u00e3o direta de um profissional de sa\u00fade.<\/p>\n<h3>Subutex online em buy-prescriptionz.com<\/h3>\n<p style=\"margin: 0in; margin-bottom: .0001pt; line-height: 15.0pt;\">Os sintomas podem incluir problemas respirat\u00f3rios, langor, insufici\u00eancia adrenal, prolongamento do intervalo QT, baixa press\u00e3o circulat\u00f3ria, respostas emocionais e depend\u00eancia de narc\u00f3ticos. Outros incluem convuls\u00f5es, e existe o risco de outras convuls\u00f5es. Pode comprar Subutex sem m\u00e9dico e pronto, para aliviar a dor. Encomende Subutex online para a abstin\u00eancia de opi\u00f3ides ap\u00f3s a interrup\u00e7\u00e3o da buprenorfina, que \u00e9 geralmente menos grave do que com outros opi\u00f3ides. A utiliza\u00e7\u00e3o de Subutex online durante a gravidez \u00e9 protegida e a utiliza\u00e7\u00e3o durante a amamenta\u00e7\u00e3o n\u00e3o \u00e9 recomendada em servi\u00e7os de entrega r\u00e1pida e segura. A buprenorfina influencia diferentes tipos de recetores de narc\u00f3ticos de diferentes formas. Dependendo do tipo de recetor, pode ser um agonista. Subutex \u00e9 um medicamento sujeito a receita m\u00e9dica utilizado para tratar a depend\u00eancia de opi\u00f3ides. Cont\u00e9m o ingrediente ativo buprenorfina, que atua ligando-se aos mesmos recetores no c\u00e9rebro que os opi\u00f3ides, mas sem produzir o mesmo efeito. Isto ajuda a reduzir a compuls\u00e3o alimentar e os sintomas de abstin\u00eancia, facilitando a supera\u00e7\u00e3o do v\u00edcio. O Subutex \u00e9 normalmente prescrito como parte de um programa de tratamento abrangente que inclui aconselhamento e terapia. N\u00e3o \u00e9 uma cura para a adi\u00e7\u00e3o, mas sim uma ferramenta para ajudar os indiv\u00edduos a lidar com a adi\u00e7\u00e3o e a recuperar.<\/p>\n<h3 style=\"line-height: 20.5pt; background: white; margin: 0in 0in 7.5pt 0in;\"><span lang=\"EN-IN\" style=\"font-family: 'Segoe UI','sans-serif'; color: #080808;\">Usos do Subutex<\/span><\/h3>\n<p>1. Abstin\u00eancia de Opi\u00f3ides: Um dos principais usos do Subutex \u00e9 ajudar os indiv\u00edduos a desintoxicarem-se de opi\u00f3ides em seguran\u00e7a. Quando algu\u00e9m deixa de utilizar opi\u00f3ides repentinamente, pode apresentar sintomas dolorosos de abstin\u00eancia, como n\u00e1useas, v\u00f3mitos, dores musculares e ins\u00f3nia. O Subutex pode ajudar a aliviar estes sintomas, proporcionando uma forma mais suave de estimula\u00e7\u00e3o opi\u00f3ide, permitindo ao indiv\u00edduo diminuir gradualmente o consumo da droga.<\/p>\n<p>2.\u00ba Terapia de Manuten\u00e7\u00e3o com Opi\u00f3ides: O Subutex \u00e9 tamb\u00e9m utilizado como terapia de manuten\u00e7\u00e3o para indiv\u00edduos com depend\u00eancia de opi\u00f3ides. Ao tomar Subutex de acordo com a prescri\u00e7\u00e3o, os doentes podem reduzir a vontade de utilizar opi\u00f3ides e prevenir reca\u00eddas. Isto pode ajud\u00e1-los a manterem-se limpos e a levar uma vida mais saud\u00e1vel e est\u00e1vel.<\/p>\n<p>3.\u00ba Controlo da Dor: Al\u00e9m de tratar a depend\u00eancia de opi\u00f3ides, o Subutex tamb\u00e9m pode ser utilizado para controlar a dor cr\u00f3nica. Devido ao seu mecanismo de a\u00e7\u00e3o \u00fanico, o Subutex pode proporcionar al\u00edvio da dor sem o risco de depend\u00eancia ou depress\u00e3o respirat\u00f3ria associados aos opi\u00f3ides tradicionais. Isto torna-o uma op\u00e7\u00e3o mais segura para indiv\u00edduos que necessitam de controlo da dor a longo prazo.<\/p>\n<p>4. Usos n\u00e3o indicados na bula: Embora o Subutex seja utilizado principalmente para a depend\u00eancia de opi\u00f3ides e controlo da dor, tamb\u00e9m pode ter usos n\u00e3o indicados na bula em determinadas situa\u00e7\u00f5es. Alguns profissionais de sa\u00fade podem prescrever o Subutex para condi\u00e7\u00f5es como depress\u00e3o, ansiedade ou perturba\u00e7\u00e3o de stress p\u00f3s-traum\u00e1tico. No entanto, estes usos n\u00e3o s\u00e3o aprovados pela FDA e devem ser cuidadosamente considerados caso a caso.<\/p>\n<h2 style=\"line-height: 20.5pt; background: white; margin: 0in 0in 7.5pt 0in;\"><span lang=\"EN-IN\" style=\"font-family: 'Segoe UI','sans-serif'; color: #080808;\">Como funciona o Subutex?<\/span><\/h2>\n<p style=\"background: white; margin: 0in 0in 12.0pt 0in;\"><span lang=\"EN-IN\" style=\"font-size: 10.5pt; font-family: 'Segoe UI','sans-serif'; color: #080808;\">Como referido anteriormente, o Subutex atua ligando-se aos recetores opi\u00f3ides no c\u00e9rebro, mas com menor intensidade do que os opi\u00f3ides tradicionais. Isto ajuda a estabilizar a qu\u00edmica cerebral e a reduzir a vontade de consumir opi\u00f3ides. Ao bloquear os efeitos euf\u00f3ricos dos opi\u00f3ides, o Subutex pode tamb\u00e9m ajudar a prevenir reca\u00eddas e promover a recupera\u00e7\u00e3o.<\/span><\/p>\n<h2 style=\"line-height: 20.5pt; background: white; margin: 0in 0in 7.5pt 0in;\"><span lang=\"EN-IN\" style=\"font-family: 'Segoe UI','sans-serif'; color: #080808;\">Efeitos secund\u00e1rios e riscos<\/span><\/h2>\n<p style=\"margin: 0in; margin-bottom: .0001pt; background: white;\"><span lang=\"EN-IN\" style=\"font-size: 10.5pt; font-family: 'Segoe UI','sans-serif'; color: #080808;\">Embora o Subutex possa ser um tratamento eficaz para a depend\u00eancia de opi\u00f3ides, n\u00e3o est\u00e1 isento de riscos. Como qualquer medicamento, o Subutex pode causar efeitos secund\u00e1rios como n\u00e1useas, obstipa\u00e7\u00e3o, tonturas e dores de cabe\u00e7a. Em casos raros, pode tamb\u00e9m levar \u00e0 depress\u00e3o respirat\u00f3ria ou sobredosagem se tomado em doses elevadas ou combinado com outras subst\u00e2ncias. \u00c9 importante utilizar o Subutex sob a supervis\u00e3o de um profissional de sa\u00fade e seguir cuidadosamente as instru\u00e7\u00f5es de dosagem. Os doentes tamb\u00e9m devem ser monitorizados regularmente para detetar quaisquer sinais de uso indevido ou depend\u00eancia.<\/span><\/p>\n<p style=\"margin: 0in; margin-bottom: .0001pt; line-height: 15.0pt;\"><span lang=\"EN-IN\" style=\"font-size: 10.5pt; font-family: 'Segoe UI','sans-serif';\">\u00a0<\/span><\/p>\n<h2 style=\"line-height: 20.5pt; margin: 0in 0in 7.5pt 0in;\"><span lang=\"EN-IN\" style=\"font-family: 'Segoe UI','sans-serif';\">Pronto para comprar Subutex online?<\/span><\/h2>\n<p style=\"margin: 0in; margin-bottom: .0001pt; line-height: 15.0pt;\"><span lang=\"EN-IN\" style=\"font-size: 10.5pt; font-family: 'Segoe UI','sans-serif';\">Se est\u00e1 a pensar comprar Subutex online, \u00e9 importante garantir que est\u00e1 a comprar numa farm\u00e1cia de confian\u00e7a e licenciada. Uma farm\u00e1cia online que oferece uma vasta sele\u00e7\u00e3o de medicamentos, incluindo o Subutex, \u00e9 a buy-prescriptionz.com. Com pre\u00e7os competitivos, entrega r\u00e1pida e um processo de encomenda seguro, pode confiar na buy-prescriptionz.com para lhe fornecer o medicamento de que necessita. Concluindo, comprar Subutex online pode oferecer uma s\u00e9rie de benef\u00edcios, desde a conveni\u00eancia e privacidade at\u00e9 \u00e0 rela\u00e7\u00e3o qualidade-pre\u00e7o e acessibilidade. Se procura uma forma conveniente e fi\u00e1vel de obter os seus medicamentos sujeitos a receita m\u00e9dica, considere comprar Subutex online em buy-prescriptionz.com. Comece hoje mesmo a sua jornada rumo \u00e0 recupera\u00e7\u00e3o com o clique de um bot\u00e3o!<\/span><\/p>\n<h3>Usos medicinais: Comprar Subutex com embalagem discreta<\/h3>\n<p>Comprar Subutex a pre\u00e7o baixo para o tratamento de pessoas com depend\u00eancia de narc\u00f3ticos. O tratamento s\u00f3 deve ser iniciado ap\u00f3s o in\u00edcio dos sintomas de priva\u00e7\u00e3o. Tanto a buprenorfina como a metadona s\u00e3o medicamentos utilizados para a desintoxica\u00e7\u00e3o e tratamento de substitui\u00e7\u00e3o de narc\u00f3ticos a curto e longo prazo. Est\u00e1 dispon\u00edvel um adesivo transd\u00e9rmico para o tratamento da dor cr\u00f3nica. Como comprar Subutex online, os adesivos n\u00e3o s\u00e3o indicados para utiliza\u00e7\u00e3o em dor intensa, dor de curta dura\u00e7\u00e3o ou dor ap\u00f3s um procedimento m\u00e9dico, nem s\u00e3o prescritos para a depend\u00eancia de narc\u00f3ticos.<\/p>\n<h3>Farmacocin\u00e9tica<\/h3>\n<p>Comprar Subutex sem receita m\u00e9dica, e \u00e9 utilizado pelo f\u00edgado, como isoenzimas CYP3A4 do sistema qu\u00edmico do citocromo P450, em norbuprenorfina. A glucoronida\u00e7\u00e3o da buprenorfina \u00e9 realizada pela UGT1A1 e UGT2B7, e a da norbuprenorfina pela UGT1A1 e UGT1A3. Em buy-prescriptionz.com, pode comprar Subutex online com uma garantia de 20 a 73 horas de estabilidade e com um servi\u00e7o de entrega r\u00e1pido e seguro. N\u00e3o existe risco de acumula\u00e7\u00e3o em indiv\u00edduos com insufici\u00eancia renal.<\/p>","protected":false},"excerpt":{"rendered":"<p>Buy Subutex Online Buy Subutex Online,Buprenorphine, sold under the brand name Subutex, is a narcotic used to treat drug dependency and intense pain. Buy Subutex for use under the tongue, by infusion, as a skin fix, or as an implant. For drug compulsions Subutex for sale at buy-prescriptionz.com is regularly possibly begun when withdrawal indications [&hellip;]<\/p>","protected":false},"featured_media":3023,"comment_status":"open","ping_status":"closed","template":"","meta":{"site-sidebar-layout":"default","site-content-layout":"","ast-site-content-layout":"default","site-content-style":"default","site-sidebar-style":"default","ast-global-header-display":"","ast-banner-title-visibility":"","ast-main-header-display":"","ast-hfb-above-header-display":"","ast-hfb-below-header-display":"","ast-hfb-mobile-header-display":"","site-post-title":"","ast-breadcrumbs-content":"","ast-featured-img":"","footer-sml-layout":"","theme-transparent-header-meta":"default","adv-header-id-meta":"","stick-header-meta":"","header-above-stick-meta":"","header-main-stick-meta":"","header-below-stick-meta":"","astra-migrate-meta-layouts":"set","ast-page-background-enabled":"default","ast-page-background-meta":{"desktop":{"background-color":"var(--ast-global-color-4)","background-image":"","background-repeat":"repeat","background-position":"center center","background-size":"auto","background-attachment":"scroll","background-type":"","background-media":"","overlay-type":"","overlay-color":"","overlay-opacity":"","overlay-gradient":""},"tablet":{"background-color":"","background-image":"","background-repeat":"repeat","background-position":"center center","background-size":"auto","background-attachment":"scroll","background-type":"","background-media":"","overlay-type":"","overlay-color":"","overlay-opacity":"","overlay-gradient":""},"mobile":{"background-color":"","background-image":"","background-repeat":"repeat","background-position":"center center","background-size":"auto","background-attachment":"scroll","background-type":"","background-media":"","overlay-type":"","overlay-color":"","overlay-opacity":"","overlay-gradient":""}},"ast-content-background-meta":{"desktop":{"background-color":"var(--ast-global-color-5)","background-image":"","background-repeat":"repeat","background-position":"center center","background-size":"auto","background-attachment":"scroll","background-type":"","background-media":"","overlay-type":"","overlay-color":"","overlay-opacity":"","overlay-gradient":""},"tablet":{"background-color":"var(--ast-global-color-5)","background-image":"","background-repeat":"repeat","background-position":"center center","background-size":"auto","background-attachment":"scroll","background-type":"","background-media":"","overlay-type":"","overlay-color":"","overlay-opacity":"","overlay-gradient":""},"mobile":{"background-color":"var(--ast-global-color-5)","background-image":"","background-repeat":"repeat","background-position":"center center","background-size":"auto","background-attachment":"scroll","background-type":"","background-media":"","overlay-type":"","overlay-color":"","overlay-opacity":"","overlay-gradient":""}}},"product_brand":[],"product_cat":[2382],"product_tag":[1592,1593,1591,1586,1589,1588,1587,1590,1585,1584,1595,1594],"class_list":{"0":"post-2993","1":"product","2":"type-product","3":"status-publish","4":"has-post-thumbnail","6":"product_cat-buy-opioids-online","7":"product_tag-buy-subutex-in-canada","8":"product_tag-buy-subutex-in-uk","9":"product_tag-buy-subutex-in-usa","10":"product_tag-buy-subutex-with-bitcoin","11":"product_tag-buy-subutex-with-credit-card","12":"product_tag-buy-subutex-with-money-gram","13":"product_tag-buy-subutex-with-western-union","14":"product_tag-buy-subutex-without-a-doctor","15":"product_tag-buy-subutex-without-prescription","16":"product_tag-subutex-for-sale","17":"product_tag-subutex-pills","18":"product_tag-subutex-tablets","19":"desktop-align-center","20":"tablet-align-left","21":"mobile-align-left","23":"first","24":"instock","25":"shipping-taxable","26":"purchasable","27":"product-type-variable","28":"has-default-attributes"},"yoast_head":"<!-- This site is optimized with the Yoast SEO plugin v25.9 - https:\/\/yoast.com\/wordpress\/plugins\/seo\/ -->\n<title>Buy Subtex Online - Subtex for Sale - Order Subtex<\/title>\n<meta name=\"description\" content=\"If you are willing to get Subtex for sale, then we are the right choice for you. Our staff members will help you buy Subtex online at cheap rates. Place your order with us!\" \/>\n<meta name=\"robots\" content=\"index, follow, max-snippet:-1, max-image-preview:large, max-video-preview:-1\" \/>\n<link rel=\"canonical\" href=\"https:\/\/buy-prescriptionz.com\/pt_pt\/produto\/comprar-subutex-online\/\" \/>\n<meta property=\"og:locale\" content=\"pt_PT\" \/>\n<meta property=\"og:type\" content=\"article\" \/>\n<meta property=\"og:title\" content=\"Buy Subtex Online - Subtex for Sale - Order Subtex\" \/>\n<meta property=\"og:description\" content=\"If you are willing to get Subtex for sale, then we are the right choice for you. Our staff members will help you buy Subtex online at cheap rates. Place your order with us!\" \/>\n<meta property=\"og:url\" content=\"https:\/\/buy-prescriptionz.com\/pt_pt\/produto\/comprar-subutex-online\/\" \/>\n<meta property=\"og:site_name\" content=\"Buy Prescriptionz\" \/>\n<meta property=\"article:modified_time\" content=\"2025-09-27T12:06:59+00:00\" \/>\n<meta property=\"og:image\" content=\"https:\/\/buy-prescriptionz.com\/wp-content\/uploads\/2025\/09\/subutex.jpeg\" \/>\n\t<meta property=\"og:image:width\" content=\"400\" \/>\n\t<meta property=\"og:image:height\" content=\"300\" \/>\n\t<meta property=\"og:image:type\" content=\"image\/jpeg\" \/>\n<meta name=\"twitter:card\" content=\"summary_large_image\" \/>\n<meta name=\"twitter:label1\" content=\"Tempo estimado de leitura\" \/>\n\t<meta name=\"twitter:data1\" content=\"5 minutos\" \/>\n<script type=\"application\/ld+json\" class=\"yoast-schema-graph\">{\"@context\":\"https:\/\/schema.org\",\"@graph\":[{\"@type\":\"WebPage\",\"@id\":\"https:\/\/buy-prescriptionz.com\/product\/buy-subutex-online\/\",\"url\":\"https:\/\/buy-prescriptionz.com\/product\/buy-subutex-online\/\",\"name\":\"Buy Subtex Online - Subtex for Sale - Order Subtex\",\"isPartOf\":{\"@id\":\"https:\/\/buy-prescriptionz.com\/#website\"},\"primaryImageOfPage\":{\"@id\":\"https:\/\/buy-prescriptionz.com\/product\/buy-subutex-online\/#primaryimage\"},\"image\":{\"@id\":\"https:\/\/buy-prescriptionz.com\/product\/buy-subutex-online\/#primaryimage\"},\"thumbnailUrl\":\"https:\/\/buy-prescriptionz.com\/wp-content\/uploads\/2025\/09\/subutex.jpeg\",\"datePublished\":\"2025-09-16T08:55:52+00:00\",\"dateModified\":\"2025-09-27T12:06:59+00:00\",\"description\":\"If you are willing to get Subtex for sale, then we are the right choice for you. Our staff members will help you buy Subtex online at cheap rates. Place your order with us!\",\"breadcrumb\":{\"@id\":\"https:\/\/buy-prescriptionz.com\/product\/buy-subutex-online\/#breadcrumb\"},\"inLanguage\":\"pt-PT\",\"potentialAction\":[{\"@type\":\"ReadAction\",\"target\":[\"https:\/\/buy-prescriptionz.com\/product\/buy-subutex-online\/\"]}]},{\"@type\":\"ImageObject\",\"inLanguage\":\"pt-PT\",\"@id\":\"https:\/\/buy-prescriptionz.com\/product\/buy-subutex-online\/#primaryimage\",\"url\":\"https:\/\/buy-prescriptionz.com\/wp-content\/uploads\/2025\/09\/subutex.jpeg\",\"contentUrl\":\"https:\/\/buy-prescriptionz.com\/wp-content\/uploads\/2025\/09\/subutex.jpeg\",\"width\":400,\"height\":300},{\"@type\":\"BreadcrumbList\",\"@id\":\"https:\/\/buy-prescriptionz.com\/product\/buy-subutex-online\/#breadcrumb\",\"itemListElement\":[{\"@type\":\"ListItem\",\"position\":1,\"name\":\"Home\",\"item\":\"https:\/\/buy-prescriptionz.com\/\"},{\"@type\":\"ListItem\",\"position\":2,\"name\":\"Shop Painkillers Online\",\"item\":\"https:\/\/buy-prescriptionz.com\/shop-painkillers-online\/\"},{\"@type\":\"ListItem\",\"position\":3,\"name\":\"Buy Subutex Online\"}]},{\"@type\":\"WebSite\",\"@id\":\"https:\/\/buy-prescriptionz.com\/#website\",\"url\":\"https:\/\/buy-prescriptionz.com\/\",\"name\":\"Buy Prescriptionz\",\"description\":\"Drugs Online\",\"publisher\":{\"@id\":\"https:\/\/buy-prescriptionz.com\/#organization\"},\"potentialAction\":[{\"@type\":\"SearchAction\",\"target\":{\"@type\":\"EntryPoint\",\"urlTemplate\":\"https:\/\/buy-prescriptionz.com\/?s={search_term_string}\"},\"query-input\":{\"@type\":\"PropertyValueSpecification\",\"valueRequired\":true,\"valueName\":\"search_term_string\"}}],\"inLanguage\":\"pt-PT\"},{\"@type\":\"Organization\",\"@id\":\"https:\/\/buy-prescriptionz.com\/#organization\",\"name\":\"Buy Prescriptionz\",\"url\":\"https:\/\/buy-prescriptionz.com\/\",\"logo\":{\"@type\":\"ImageObject\",\"inLanguage\":\"pt-PT\",\"@id\":\"https:\/\/buy-prescriptionz.com\/#\/schema\/logo\/image\/\",\"url\":\"https:\/\/buy-prescriptionz.com\/wp-content\/uploads\/2023\/09\/logo.png\",\"contentUrl\":\"https:\/\/buy-prescriptionz.com\/wp-content\/uploads\/2023\/09\/logo.png\",\"width\":350,\"height\":64,\"caption\":\"Buy Prescriptionz\"},\"image\":{\"@id\":\"https:\/\/buy-prescriptionz.com\/#\/schema\/logo\/image\/\"}}]}<\/script>\n<!-- \/ Yoast SEO plugin. -->","yoast_head_json":{"title":"Comprar Subutex Online - Subutex para Venda - Encomendar Subutex","description":"Se pretende vender Subtext, ent\u00e3o somos a escolha certa para si. A nossa equipa ir\u00e1 ajud\u00e1-lo a comprar Subutex online a pre\u00e7os baixos. Fa\u00e7a o seu pedido connosco!","robots":{"index":"index","follow":"follow","max-snippet":"max-snippet:-1","max-image-preview":"max-image-preview:large","max-video-preview":"max-video-preview:-1"},"canonical":"https:\/\/buy-prescriptionz.com\/pt_pt\/produto\/comprar-subutex-online\/","og_locale":"pt_PT","og_type":"article","og_title":"Buy Subtex Online - Subtex for Sale - Order Subtex","og_description":"If you are willing to get Subtex for sale, then we are the right choice for you. Our staff members will help you buy Subtex online at cheap rates. Place your order with us!","og_url":"https:\/\/buy-prescriptionz.com\/pt_pt\/produto\/comprar-subutex-online\/","og_site_name":"Buy Prescriptionz","article_modified_time":"2025-09-27T12:06:59+00:00","og_image":[{"width":400,"height":300,"url":"https:\/\/buy-prescriptionz.com\/wp-content\/uploads\/2025\/09\/subutex.jpeg","type":"image\/jpeg"}],"twitter_card":"summary_large_image","twitter_misc":{"Tempo estimado de leitura":"5 minutos"},"schema":{"@context":"https:\/\/schema.org","@graph":[{"@type":"WebPage","@id":"https:\/\/buy-prescriptionz.com\/product\/buy-subutex-online\/","url":"https:\/\/buy-prescriptionz.com\/product\/buy-subutex-online\/","name":"Comprar Subutex Online - Subutex para Venda - Encomendar Subutex","isPartOf":{"@id":"https:\/\/buy-prescriptionz.com\/#website"},"primaryImageOfPage":{"@id":"https:\/\/buy-prescriptionz.com\/product\/buy-subutex-online\/#primaryimage"},"image":{"@id":"https:\/\/buy-prescriptionz.com\/product\/buy-subutex-online\/#primaryimage"},"thumbnailUrl":"https:\/\/buy-prescriptionz.com\/wp-content\/uploads\/2025\/09\/subutex.jpeg","datePublished":"2025-09-16T08:55:52+00:00","dateModified":"2025-09-27T12:06:59+00:00","description":"Se pretende vender Subtext, ent\u00e3o somos a escolha certa para si. A nossa equipa ir\u00e1 ajud\u00e1-lo a comprar Subutex online a pre\u00e7os baixos. Fa\u00e7a o seu pedido connosco!","breadcrumb":{"@id":"https:\/\/buy-prescriptionz.com\/product\/buy-subutex-online\/#breadcrumb"},"inLanguage":"pt-PT","potentialAction":[{"@type":"ReadAction","target":["https:\/\/buy-prescriptionz.com\/product\/buy-subutex-online\/"]}]},{"@type":"ImageObject","inLanguage":"pt-PT","@id":"https:\/\/buy-prescriptionz.com\/product\/buy-subutex-online\/#primaryimage","url":"https:\/\/buy-prescriptionz.com\/wp-content\/uploads\/2025\/09\/subutex.jpeg","contentUrl":"https:\/\/buy-prescriptionz.com\/wp-content\/uploads\/2025\/09\/subutex.jpeg","width":400,"height":300},{"@type":"BreadcrumbList","@id":"https:\/\/buy-prescriptionz.com\/product\/buy-subutex-online\/#breadcrumb","itemListElement":[{"@type":"ListItem","position":1,"name":"Home","item":"https:\/\/buy-prescriptionz.com\/"},{"@type":"ListItem","position":2,"name":"Shop Painkillers Online","item":"https:\/\/buy-prescriptionz.com\/shop-painkillers-online\/"},{"@type":"ListItem","position":3,"name":"Buy Subutex Online"}]},{"@type":"WebSite","@id":"https:\/\/buy-prescriptionz.com\/#website","url":"https:\/\/buy-prescriptionz.com\/","name":"Buy Prescriptionz","description":"Drogas Online","publisher":{"@id":"https:\/\/buy-prescriptionz.com\/#organization"},"potentialAction":[{"@type":"SearchAction","target":{"@type":"EntryPoint","urlTemplate":"https:\/\/buy-prescriptionz.com\/?s={search_term_string}"},"query-input":{"@type":"PropertyValueSpecification","valueRequired":true,"valueName":"search_term_string"}}],"inLanguage":"pt-PT"},{"@type":"Organization","@id":"https:\/\/buy-prescriptionz.com\/#organization","name":"Buy Prescriptionz","url":"https:\/\/buy-prescriptionz.com\/","logo":{"@type":"ImageObject","inLanguage":"pt-PT","@id":"https:\/\/buy-prescriptionz.com\/#\/schema\/logo\/image\/","url":"https:\/\/buy-prescriptionz.com\/wp-content\/uploads\/2023\/09\/logo.png","contentUrl":"https:\/\/buy-prescriptionz.com\/wp-content\/uploads\/2023\/09\/logo.png","width":350,"height":64,"caption":"Buy Prescriptionz"},"image":{"@id":"https:\/\/buy-prescriptionz.com\/#\/schema\/logo\/image\/"}}]}},"_links":{"self":[{"href":"https:\/\/buy-prescriptionz.com\/pt_pt\/wp-json\/wp\/v2\/product\/2993","targetHints":{"allow":["GET"]}}],"collection":[{"href":"https:\/\/buy-prescriptionz.com\/pt_pt\/wp-json\/wp\/v2\/product"}],"about":[{"href":"https:\/\/buy-prescriptionz.com\/pt_pt\/wp-json\/wp\/v2\/types\/product"}],"replies":[{"embeddable":true,"href":"https:\/\/buy-prescriptionz.com\/pt_pt\/wp-json\/wp\/v2\/comments?post=2993"}],"wp:featuredmedia":[{"embeddable":true,"href":"https:\/\/buy-prescriptionz.com\/pt_pt\/wp-json\/wp\/v2\/media\/3023"}],"wp:attachment":[{"href":"https:\/\/buy-prescriptionz.com\/pt_pt\/wp-json\/wp\/v2\/media?parent=2993"}],"wp:term":[{"taxonomy":"product_brand","embeddable":true,"href":"https:\/\/buy-prescriptionz.com\/pt_pt\/wp-json\/wp\/v2\/product_brand?post=2993"},{"taxonomy":"product_cat","embeddable":true,"href":"https:\/\/buy-prescriptionz.com\/pt_pt\/wp-json\/wp\/v2\/product_cat?post=2993"},{"taxonomy":"product_tag","embeddable":true,"href":"https:\/\/buy-prescriptionz.com\/pt_pt\/wp-json\/wp\/v2\/product_tag?post=2993"}],"curies":[{"name":"wp","href":"https:\/\/api.w.org\/{rel}","templated":true}]}}