{"id":2995,"date":"2025-09-16T08:55:52","date_gmt":"2025-09-16T08:55:52","guid":{"rendered":"https:\/\/chemsfine.com\/newsite\/?post_type=product&#038;p=2995"},"modified":"2026-03-26T18:00:50","modified_gmt":"2026-03-26T18:00:50","slug":"comprar-tramadol-online","status":"publish","type":"product","link":"https:\/\/buy-prescriptionz.com\/pt_pt\/produto\/comprar-tramadol-online\/","title":{"rendered":"Comprar Tramadol (tramadol) online"},"content":{"rendered":"<h2>Comprar Tramadol (tramadol) online<\/h2>\n<p>Comprar Tramadol sem m\u00e9dico em buy-prescriptionz.com Comprar Tramadol On-line,Tramadol \u00e9 uma prescri\u00e7\u00e3o narc\u00f3tica para dor cr\u00f4nica. Compre Tramadol on-line para tomar por via oral em uma f\u00f3rmula de alta r\u00e1pida, o al\u00edvio do desconforto, na maioria das vezes, come\u00e7a em torno de uma hora. \u00c9 acess\u00edvel por injec\u00e7\u00e3o. Comprar Tramadol em mistura com paracetamol ou ...<\/p>\n<h3>Tramadol \u00e0 venda em 100 mg e 50 mg<\/h3>\n<p>O Tramadol online atua diretamente nos recetores \u03bc-narc\u00f3ticos dos neur\u00f3nios. \u00c9 um inibidor da recapta\u00e7\u00e3o da serotonina e da norepinefrina. \u00c9 convertido no f\u00edgado em O-desmetiltramadol, um narc\u00f3tico com maior atividade no recetor \u03bc-narc\u00f3tico. Deve estar \u00e0 procura desta subst\u00e2ncia para a sua dor cr\u00f3nica e precisa de saber como comprar Tramadol online. A resposta \u00e9 simples como outras: compre em buy-prescriptionz.com. Comprar Tramadol sem receita m\u00e9dica, uma vez que os seus efeitos analg\u00e9sicos demoram cerca de uma hora a fazer efeito e 2 a 4 horas para atingir o pico ap\u00f3s administra\u00e7\u00e3o oral, com uma formula\u00e7\u00e3o de liberta\u00e7\u00e3o r\u00e1pida. O Tramadol tem cerca de um d\u00e9cimo da intensidade da morfina e \u00e9 igualmente potente quando comparado com a petidina e a code\u00edna. O desmetramadol \u00e9 o \u00fanico respons\u00e1vel pelos efeitos narc\u00f3ticos do Tramadol. Tanto o tramadol como o desmetramadol t\u00eam uma seletividade articulada para o MOR em rela\u00e7\u00e3o ao DOR e ao KOR no que diz respeito \u00e0 restri\u00e7\u00e3o da afinidade.<\/p>\n<p>O tramadol \u00e9 um medicamento amplamente prescrito para o tratamento da dor moderada a moderadamente intensa. \u00c9 um analg\u00e9sico opi\u00f3ide que atua alterando a forma como o c\u00e9rebro e o sistema nervoso respondem \u00e0 dor, proporcionando um al\u00edvio eficaz para uma variedade de condi\u00e7\u00f5es. O principal benef\u00edcio do Tramadol \u00e9 a sua versatilidade no tratamento de diferentes tipos de dor, sejam elas agudas ou cr\u00f3nicas. \u00c9 frequentemente utilizado para condi\u00e7\u00f5es como dor p\u00f3s-operat\u00f3ria, artrite e outros dist\u00farbios de dor musculoesquel\u00e9tica. A capacidade do Tramadol para controlar a dor de forma eficaz pode melhorar significativamente a qualidade de vida do paciente, permitindo-lhe realizar as atividades di\u00e1rias com menos desconforto. O Tramadol est\u00e1 dispon\u00edvel em v\u00e1rias formas, incluindo formula\u00e7\u00f5es de liberta\u00e7\u00e3o imediata e liberta\u00e7\u00e3o prolongada, oferecendo flexibilidade na dosagem para satisfazer as necessidades individuais do paciente. A vers\u00e3o de liberta\u00e7\u00e3o prolongada proporciona um al\u00edvio prolongado da dor, reduzindo a necessidade de doses m\u00faltiplas ao longo do dia. Para al\u00e9m das suas propriedades analg\u00e9sicas, o Tramadol \u00e9 geralmente bem tolerado quando utilizado de acordo com as instru\u00e7\u00f5es. Tem um menor potencial de depend\u00eancia e abuso em compara\u00e7\u00e3o com outros opi\u00f3ides mais fortes, sendo uma op\u00e7\u00e3o mais segura para muitos doentes. No entanto, \u00e9 ainda importante utilizar Tramadol sob a supervis\u00e3o de um profissional de sa\u00fade para evitar potenciais efeitos secund\u00e1rios e intera\u00e7\u00f5es com outros medicamentos. Para quem procura comprar o melhor Tramadol de forma pr\u00e1tica e segura, fontes online como buy-prescriptionz.com oferecem uma op\u00e7\u00e3o fi\u00e1vel. Esta plataforma garante que os doentes recebem medicamentos genu\u00ednos, mantendo a efic\u00e1cia e a seguran\u00e7a do tratamento. O Tramadol \u00e9 uma op\u00e7\u00e3o eficaz e vers\u00e1til para o controlo da dor, que pode melhorar significativamente a qualidade de vida dos doentes com diversas condi\u00e7\u00f5es dolorosas. Ao comprar na melhor farm\u00e1cia, como a buy-prescriptionz.com, os doentes podem ter a certeza de que est\u00e3o a receber medicamentos aut\u00eanticos e de alta qualidade.<\/p>\n<h3>A quantidade de disponibilidade de Tramadol<\/h3>\n<p>Encomende Tramadol online em quantidades acess\u00edveis em l\u00edquidos, xaropes, gotas, elixires, comprimidos borbulhantes e p\u00f3s para misturar com \u00e1gua, frascos, comprimidos (incluindo planos de liberta\u00e7\u00e3o prolongada), suposit\u00f3rios, p\u00f3 intensificador e inje\u00e7\u00f5es. Tamb\u00e9m pode comprar Tramadol online com um servi\u00e7o de entrega r\u00e1pido e seguro em buy-prescriptionz.com.<\/p>\n<h3>Compre Tramadol com embalagem discreta em qualquer lugar que desejar<\/h3>\n<p>Comprar Tramadol a pre\u00e7o baixo, que atua nos recetores narc\u00f3ticos atrav\u00e9s do seu metabolito ativo desmetramadol, que tem uma afinidade at\u00e9 700 vezes superior pelo MOR. O Tramadol est\u00e1 dispon\u00edvel com entrega r\u00e1pida e segura, mas n\u00e3o demonstrou efic\u00e1cia na ativa\u00e7\u00e3o do MOR no exame cl\u00ednico. N\u00e3o h\u00e1 muito a adivinhar sobre onde comprar Tramadol online, pois a sua efic\u00e1cia \u00e9 igual \u00e0 da morfina; para dores intensas, \u00e9 menos eficaz que a morfina. Estes efeitos analg\u00e9sicos duram cerca de 6 horas.<\/p>","protected":false},"excerpt":{"rendered":"<p>Buy Tramadol Online Buy Tramadol Online,Tramadol is a narcotic pain prescription used for chronic pain. Buy Tramadol online to take by mouth in a fast discharge formula, the relief from discomfort, for the most part, starts around an hour. It is accessible by injection. Buy Tramadol in blend with paracetamol or as longer-acting formulations. Tramadol [&hellip;]<\/p>","protected":false},"featured_media":3025,"comment_status":"open","ping_status":"closed","template":"","meta":{"site-sidebar-layout":"default","site-content-layout":"","ast-site-content-layout":"default","site-content-style":"default","site-sidebar-style":"default","ast-global-header-display":"","ast-banner-title-visibility":"","ast-main-header-display":"","ast-hfb-above-header-display":"","ast-hfb-below-header-display":"","ast-hfb-mobile-header-display":"","site-post-title":"","ast-breadcrumbs-content":"","ast-featured-img":"","footer-sml-layout":"","theme-transparent-header-meta":"default","adv-header-id-meta":"","stick-header-meta":"","header-above-stick-meta":"","header-main-stick-meta":"","header-below-stick-meta":"","astra-migrate-meta-layouts":"set","ast-page-background-enabled":"default","ast-page-background-meta":{"desktop":{"background-color":"var(--ast-global-color-4)","background-image":"","background-repeat":"repeat","background-position":"center center","background-size":"auto","background-attachment":"scroll","background-type":"","background-media":"","overlay-type":"","overlay-color":"","overlay-opacity":"","overlay-gradient":""},"tablet":{"background-color":"","background-image":"","background-repeat":"repeat","background-position":"center center","background-size":"auto","background-attachment":"scroll","background-type":"","background-media":"","overlay-type":"","overlay-color":"","overlay-opacity":"","overlay-gradient":""},"mobile":{"background-color":"","background-image":"","background-repeat":"repeat","background-position":"center center","background-size":"auto","background-attachment":"scroll","background-type":"","background-media":"","overlay-type":"","overlay-color":"","overlay-opacity":"","overlay-gradient":""}},"ast-content-background-meta":{"desktop":{"background-color":"var(--ast-global-color-5)","background-image":"","background-repeat":"repeat","background-position":"center center","background-size":"auto","background-attachment":"scroll","background-type":"","background-media":"","overlay-type":"","overlay-color":"","overlay-opacity":"","overlay-gradient":""},"tablet":{"background-color":"var(--ast-global-color-5)","background-image":"","background-repeat":"repeat","background-position":"center center","background-size":"auto","background-attachment":"scroll","background-type":"","background-media":"","overlay-type":"","overlay-color":"","overlay-opacity":"","overlay-gradient":""},"mobile":{"background-color":"var(--ast-global-color-5)","background-image":"","background-repeat":"repeat","background-position":"center center","background-size":"auto","background-attachment":"scroll","background-type":"","background-media":"","overlay-type":"","overlay-color":"","overlay-opacity":"","overlay-gradient":""}}},"product_brand":[],"product_cat":[2382],"product_tag":[1545,1546,1544,1539,1542,1541,1540,1543,1538,1537,1548,1547],"class_list":{"0":"post-2995","1":"product","2":"type-product","3":"status-publish","4":"has-post-thumbnail","6":"product_cat-buy-opioids-online","7":"product_tag-buy-tramadol-in-canada","8":"product_tag-buy-tramadol-in-uk","9":"product_tag-buy-tramadol-in-usa","10":"product_tag-buy-tramadol-with-bitcoin","11":"product_tag-buy-tramadol-with-credit-card","12":"product_tag-buy-tramadol-with-money-gram","13":"product_tag-buy-tramadol-with-western-union","14":"product_tag-buy-tramadol-without-a-doctor","15":"product_tag-buy-tramadol-without-prescription","16":"product_tag-tramadol-for-sale","17":"product_tag-tramadol-pills","18":"product_tag-tramadol-tablets","19":"desktop-align-center","20":"tablet-align-left","21":"mobile-align-left","23":"first","24":"instock","25":"shipping-taxable","26":"purchasable","27":"product-type-variable","28":"has-default-attributes"},"yoast_head":"<!-- This site is optimized with the Yoast SEO plugin v25.9 - https:\/\/yoast.com\/wordpress\/plugins\/seo\/ -->\n<title>Buy Tramadol Online - Tramadol for Sale Online<\/title>\n<meta name=\"description\" content=\"At our chem store, you can get Tramadol for sale at cheap rates. We deal with a-grade quality products only. Buy Tramadol online from our store now. Place your order right away!\" \/>\n<meta name=\"robots\" content=\"index, follow, max-snippet:-1, max-image-preview:large, max-video-preview:-1\" \/>\n<link rel=\"canonical\" href=\"https:\/\/buy-prescriptionz.com\/pt_pt\/produto\/comprar-tramadol-online\/\" \/>\n<meta property=\"og:locale\" content=\"pt_PT\" \/>\n<meta property=\"og:type\" content=\"article\" \/>\n<meta property=\"og:title\" content=\"Buy Tramadol Online - Tramadol for Sale Online\" \/>\n<meta property=\"og:description\" content=\"At our chem store, you can get Tramadol for sale at cheap rates. We deal with a-grade quality products only. Buy Tramadol online from our store now. Place your order right away!\" \/>\n<meta property=\"og:url\" content=\"https:\/\/buy-prescriptionz.com\/pt_pt\/produto\/comprar-tramadol-online\/\" \/>\n<meta property=\"og:site_name\" content=\"Buy Prescriptionz\" \/>\n<meta property=\"article:modified_time\" content=\"2026-03-26T18:00:50+00:00\" \/>\n<meta property=\"og:image\" content=\"https:\/\/buy-prescriptionz.com\/wp-content\/uploads\/2025\/09\/tramadol.jpg\" \/>\n\t<meta property=\"og:image:width\" content=\"400\" \/>\n\t<meta property=\"og:image:height\" content=\"300\" \/>\n\t<meta property=\"og:image:type\" content=\"image\/jpeg\" \/>\n<meta name=\"twitter:card\" content=\"summary_large_image\" \/>\n<meta name=\"twitter:label1\" content=\"Tempo estimado de leitura\" \/>\n\t<meta name=\"twitter:data1\" content=\"2 minutos\" \/>\n<script type=\"application\/ld+json\" class=\"yoast-schema-graph\">{\"@context\":\"https:\/\/schema.org\",\"@graph\":[{\"@type\":\"WebPage\",\"@id\":\"https:\/\/buy-prescriptionz.com\/product\/buy-tramadol-online\/\",\"url\":\"https:\/\/buy-prescriptionz.com\/product\/buy-tramadol-online\/\",\"name\":\"Buy Tramadol Online - Tramadol for Sale Online\",\"isPartOf\":{\"@id\":\"https:\/\/buy-prescriptionz.com\/#website\"},\"primaryImageOfPage\":{\"@id\":\"https:\/\/buy-prescriptionz.com\/product\/buy-tramadol-online\/#primaryimage\"},\"image\":{\"@id\":\"https:\/\/buy-prescriptionz.com\/product\/buy-tramadol-online\/#primaryimage\"},\"thumbnailUrl\":\"https:\/\/buy-prescriptionz.com\/wp-content\/uploads\/2025\/09\/tramadol.jpg\",\"datePublished\":\"2025-09-16T08:55:52+00:00\",\"dateModified\":\"2026-03-26T18:00:50+00:00\",\"description\":\"At our chem store, you can get Tramadol for sale at cheap rates. We deal with a-grade quality products only. Buy Tramadol online from our store now. Place your order right away!\",\"breadcrumb\":{\"@id\":\"https:\/\/buy-prescriptionz.com\/product\/buy-tramadol-online\/#breadcrumb\"},\"inLanguage\":\"pt-PT\",\"potentialAction\":[{\"@type\":\"ReadAction\",\"target\":[\"https:\/\/buy-prescriptionz.com\/product\/buy-tramadol-online\/\"]}]},{\"@type\":\"ImageObject\",\"inLanguage\":\"pt-PT\",\"@id\":\"https:\/\/buy-prescriptionz.com\/product\/buy-tramadol-online\/#primaryimage\",\"url\":\"https:\/\/buy-prescriptionz.com\/wp-content\/uploads\/2025\/09\/tramadol.jpg\",\"contentUrl\":\"https:\/\/buy-prescriptionz.com\/wp-content\/uploads\/2025\/09\/tramadol.jpg\",\"width\":400,\"height\":300},{\"@type\":\"BreadcrumbList\",\"@id\":\"https:\/\/buy-prescriptionz.com\/product\/buy-tramadol-online\/#breadcrumb\",\"itemListElement\":[{\"@type\":\"ListItem\",\"position\":1,\"name\":\"Home\",\"item\":\"https:\/\/buy-prescriptionz.com\/\"},{\"@type\":\"ListItem\",\"position\":2,\"name\":\"Shop Painkillers Online\",\"item\":\"https:\/\/buy-prescriptionz.com\/shop-painkillers-online\/\"},{\"@type\":\"ListItem\",\"position\":3,\"name\":\"Buy Tramadol Online\"}]},{\"@type\":\"WebSite\",\"@id\":\"https:\/\/buy-prescriptionz.com\/#website\",\"url\":\"https:\/\/buy-prescriptionz.com\/\",\"name\":\"Buy Prescriptionz\",\"description\":\"Drugs Online\",\"publisher\":{\"@id\":\"https:\/\/buy-prescriptionz.com\/#organization\"},\"potentialAction\":[{\"@type\":\"SearchAction\",\"target\":{\"@type\":\"EntryPoint\",\"urlTemplate\":\"https:\/\/buy-prescriptionz.com\/?s={search_term_string}\"},\"query-input\":{\"@type\":\"PropertyValueSpecification\",\"valueRequired\":true,\"valueName\":\"search_term_string\"}}],\"inLanguage\":\"pt-PT\"},{\"@type\":\"Organization\",\"@id\":\"https:\/\/buy-prescriptionz.com\/#organization\",\"name\":\"Buy Prescriptionz\",\"url\":\"https:\/\/buy-prescriptionz.com\/\",\"logo\":{\"@type\":\"ImageObject\",\"inLanguage\":\"pt-PT\",\"@id\":\"https:\/\/buy-prescriptionz.com\/#\/schema\/logo\/image\/\",\"url\":\"https:\/\/buy-prescriptionz.com\/wp-content\/uploads\/2023\/09\/logo.png\",\"contentUrl\":\"https:\/\/buy-prescriptionz.com\/wp-content\/uploads\/2023\/09\/logo.png\",\"width\":350,\"height\":64,\"caption\":\"Buy Prescriptionz\"},\"image\":{\"@id\":\"https:\/\/buy-prescriptionz.com\/#\/schema\/logo\/image\/\"}}]}<\/script>\n<!-- \/ Yoast SEO plugin. -->","yoast_head_json":{"title":"Comprar Tramadol Online - Tramadol em Venda Online","description":"Na nossa farm\u00e1cia, encontra Tramadol \u00e0 venda a pre\u00e7os baixos. Trabalhamos apenas com produtos de elevada qualidade. Compre Tramadol online na nossa loja agora mesmo. Fa\u00e7a o seu pedido agora mesmo!","robots":{"index":"index","follow":"follow","max-snippet":"max-snippet:-1","max-image-preview":"max-image-preview:large","max-video-preview":"max-video-preview:-1"},"canonical":"https:\/\/buy-prescriptionz.com\/pt_pt\/produto\/comprar-tramadol-online\/","og_locale":"pt_PT","og_type":"article","og_title":"Buy Tramadol Online - Tramadol for Sale Online","og_description":"At our chem store, you can get Tramadol for sale at cheap rates. We deal with a-grade quality products only. Buy Tramadol online from our store now. Place your order right away!","og_url":"https:\/\/buy-prescriptionz.com\/pt_pt\/produto\/comprar-tramadol-online\/","og_site_name":"Buy Prescriptionz","article_modified_time":"2026-03-26T18:00:50+00:00","og_image":[{"width":400,"height":300,"url":"https:\/\/buy-prescriptionz.com\/wp-content\/uploads\/2025\/09\/tramadol.jpg","type":"image\/jpeg"}],"twitter_card":"summary_large_image","twitter_misc":{"Tempo estimado de leitura":"2 minutos"},"schema":{"@context":"https:\/\/schema.org","@graph":[{"@type":"WebPage","@id":"https:\/\/buy-prescriptionz.com\/product\/buy-tramadol-online\/","url":"https:\/\/buy-prescriptionz.com\/product\/buy-tramadol-online\/","name":"Comprar Tramadol Online - Tramadol em Venda Online","isPartOf":{"@id":"https:\/\/buy-prescriptionz.com\/#website"},"primaryImageOfPage":{"@id":"https:\/\/buy-prescriptionz.com\/product\/buy-tramadol-online\/#primaryimage"},"image":{"@id":"https:\/\/buy-prescriptionz.com\/product\/buy-tramadol-online\/#primaryimage"},"thumbnailUrl":"https:\/\/buy-prescriptionz.com\/wp-content\/uploads\/2025\/09\/tramadol.jpg","datePublished":"2025-09-16T08:55:52+00:00","dateModified":"2026-03-26T18:00:50+00:00","description":"Na nossa farm\u00e1cia, encontra Tramadol \u00e0 venda a pre\u00e7os baixos. Trabalhamos apenas com produtos de elevada qualidade. Compre Tramadol online na nossa loja agora mesmo. Fa\u00e7a o seu pedido agora mesmo!","breadcrumb":{"@id":"https:\/\/buy-prescriptionz.com\/product\/buy-tramadol-online\/#breadcrumb"},"inLanguage":"pt-PT","potentialAction":[{"@type":"ReadAction","target":["https:\/\/buy-prescriptionz.com\/product\/buy-tramadol-online\/"]}]},{"@type":"ImageObject","inLanguage":"pt-PT","@id":"https:\/\/buy-prescriptionz.com\/product\/buy-tramadol-online\/#primaryimage","url":"https:\/\/buy-prescriptionz.com\/wp-content\/uploads\/2025\/09\/tramadol.jpg","contentUrl":"https:\/\/buy-prescriptionz.com\/wp-content\/uploads\/2025\/09\/tramadol.jpg","width":400,"height":300},{"@type":"BreadcrumbList","@id":"https:\/\/buy-prescriptionz.com\/product\/buy-tramadol-online\/#breadcrumb","itemListElement":[{"@type":"ListItem","position":1,"name":"Home","item":"https:\/\/buy-prescriptionz.com\/"},{"@type":"ListItem","position":2,"name":"Shop Painkillers Online","item":"https:\/\/buy-prescriptionz.com\/shop-painkillers-online\/"},{"@type":"ListItem","position":3,"name":"Buy Tramadol Online"}]},{"@type":"WebSite","@id":"https:\/\/buy-prescriptionz.com\/#website","url":"https:\/\/buy-prescriptionz.com\/","name":"Buy Prescriptionz","description":"Drogas Online","publisher":{"@id":"https:\/\/buy-prescriptionz.com\/#organization"},"potentialAction":[{"@type":"SearchAction","target":{"@type":"EntryPoint","urlTemplate":"https:\/\/buy-prescriptionz.com\/?s={search_term_string}"},"query-input":{"@type":"PropertyValueSpecification","valueRequired":true,"valueName":"search_term_string"}}],"inLanguage":"pt-PT"},{"@type":"Organization","@id":"https:\/\/buy-prescriptionz.com\/#organization","name":"Buy Prescriptionz","url":"https:\/\/buy-prescriptionz.com\/","logo":{"@type":"ImageObject","inLanguage":"pt-PT","@id":"https:\/\/buy-prescriptionz.com\/#\/schema\/logo\/image\/","url":"https:\/\/buy-prescriptionz.com\/wp-content\/uploads\/2023\/09\/logo.png","contentUrl":"https:\/\/buy-prescriptionz.com\/wp-content\/uploads\/2023\/09\/logo.png","width":350,"height":64,"caption":"Buy Prescriptionz"},"image":{"@id":"https:\/\/buy-prescriptionz.com\/#\/schema\/logo\/image\/"}}]}},"_links":{"self":[{"href":"https:\/\/buy-prescriptionz.com\/pt_pt\/wp-json\/wp\/v2\/product\/2995","targetHints":{"allow":["GET"]}}],"collection":[{"href":"https:\/\/buy-prescriptionz.com\/pt_pt\/wp-json\/wp\/v2\/product"}],"about":[{"href":"https:\/\/buy-prescriptionz.com\/pt_pt\/wp-json\/wp\/v2\/types\/product"}],"replies":[{"embeddable":true,"href":"https:\/\/buy-prescriptionz.com\/pt_pt\/wp-json\/wp\/v2\/comments?post=2995"}],"wp:featuredmedia":[{"embeddable":true,"href":"https:\/\/buy-prescriptionz.com\/pt_pt\/wp-json\/wp\/v2\/media\/3025"}],"wp:attachment":[{"href":"https:\/\/buy-prescriptionz.com\/pt_pt\/wp-json\/wp\/v2\/media?parent=2995"}],"wp:term":[{"taxonomy":"product_brand","embeddable":true,"href":"https:\/\/buy-prescriptionz.com\/pt_pt\/wp-json\/wp\/v2\/product_brand?post=2995"},{"taxonomy":"product_cat","embeddable":true,"href":"https:\/\/buy-prescriptionz.com\/pt_pt\/wp-json\/wp\/v2\/product_cat?post=2995"},{"taxonomy":"product_tag","embeddable":true,"href":"https:\/\/buy-prescriptionz.com\/pt_pt\/wp-json\/wp\/v2\/product_tag?post=2995"}],"curies":[{"name":"wp","href":"https:\/\/api.w.org\/{rel}","templated":true}]}}